{"id":188850,"date":"2021-05-20T13:00:53","date_gmt":"2021-05-20T11:00:53","guid":{"rendered":"https:\/\/insektenliebe.com\/shop\/produkt\/hobby-terra-fix-easy\/"},"modified":"2026-03-05T18:10:27","modified_gmt":"2026-03-05T17:10:27","slug":"hobby-terra-fix-easy","status":"publish","type":"product","link":"https:\/\/insektenliebe.com\/it\/shop\/prodotto\/hobby-terra-fix-easy\/","title":{"rendered":"Hobby Terra Fix &amp; Easy"},"content":{"rendered":"<h3><span class=\"s1\" style=\"color: #99cc33;\">Hobby Terra Fix &amp; Easy - Il terrario flessibile per terrari moderni<\/span><\/h3>\n<p class=\"p1\"><span class=\"s1\">Il <\/span><span class=\"s2\">Terrario<strong>Hobby Terra Fix &amp; Easy<\/strong> <\/span><span class=\"s1\">  \u00e8 una soluzione ben studiata per conservare insetti, invertebrati e piccoli anfibi. Unisce un design moderno a una pratica funzionalit\u00e0. Per questo \u00e8 adatto sia ai principianti che ai terrari pi\u00f9 esperti.  <\/span><\/p>\n<p class=\"p1\"><span class=\"s1\">Grazie al suo aspetto senza tempo, il terrario si integra armoniosamente in qualsiasi spazio abitativo. Allo stesso tempo, pu\u00f2 essere integrato perfettamente in   <\/span><span class=\"s2\">Sistemi di scaffali o terrari<\/span><span class=\"s1\">  integrare. In questo modo si creano paesaggi di terrari chiaramente organizzati con diverse vasche. <\/span><\/p>\n<p class=\"p1\"><span class=\"s1\">Una caratteristica speciale sono i <\/span><span class=\"s2\">vetri laterali e posteriori oscurati di nero<\/span><span class=\"s1\">. In questo modo gli animali si sentono pi\u00f9 sicuri. Allo stesso tempo, l&#8217;ambiente pi\u00f9 buio riduce lo stress, poich\u00e9 i residenti si sentono meno osservati. <\/span><\/p>\n<p class=\"p1\"><span class=\"s1\">Il design ben studiato rende anche molto pi\u00f9 facile la manutenzione del terrario. Il  <\/span><span class=\"s2\">Pratiche porte a battente nella parte anteriore<\/span><span class=\"s1\">  permettono di accedere rapidamente all&#8217;interno. A seconda del modello, il terrario ha una o due porte. <\/span><\/p>\n<p class=\"p1\"><span class=\"s1\">Un <\/span><span class=\"s2\">serratura speciale integrata<\/span><span class=\"s1\">  garantisce inoltre che i tuoi animali rimangano al sicuro nel terrario. Questo \u00e8 un importante fattore di sicurezza, soprattutto per le specie particolarmente attive. <\/span><\/p>\n<p class=\"p1\"><span class=\"s1\">Il <\/span><span class=\"s2\">pavimento impermeabile<\/span><span class=\"s1\">  apre molte possibilit\u00e0 di design. Questo rende il terrario adatto anche ad animali che amano l&#8217;umidit\u00e0 come   <\/span><span class=\"s2\">Rane dal dardo avvelenato o rospi dal ventre di fuoco<\/span><span class=\"s1\">. La piscina rimane sigillata in modo affidabile anche in presenza di umidit\u00e0 elevata.<\/span><\/p>\n<p class=\"p1\"><span class=\"s1\">Particolarmente pratica \u00e8 la <\/span><span class=\"s2\">piastra di base rialzata<\/span><span class=\"s1\">. Permette di posizionare un tappetino riscaldante in modo sicuro sotto il terrario. In questo modo \u00e8 possibile regolare la temperatura senza influenzare l&#8217;interno. <\/span><\/p>\n<p class=\"p1\"><span class=\"s1\">Con un possibile substrato <\/span><span class=\"s2\">altezza del substrato fino a 8 cm<\/span><span class=\"s1\">  Anche le specie che si spostano si sentono a casa. In questo modo \u00e8 facile creare strati di terreno quasi naturali. <\/span><\/p>\n<p class=\"p1\"><span class=\"s1\">Anche la ventilazione \u00e8 stata risolta in modo intelligente. A seconda del modello, le parti dei finestrini laterali possono essere realizzate in vetro o in   <\/span><span class=\"s2\">Griglia di ventilazione in acciaio inox<\/span><span class=\"s1\">  sono costituiti da. In questo modo la circolazione dell&#8217;aria si adatta in modo ottimale alle esigenze degli animali ospitati. <\/span><\/p>\n<p class=\"p1\"><span class=\"s1\">Il coperchio contiene una <\/span><span class=\"s2\">rete metallica permeabile ai raggi UV<\/span><span class=\"s1\">che consente un&#8217;eccellente ventilazione. Allo stesso tempo, i raggi UV possono entrare facilmente nel terrario. Di conseguenza, gli animali beneficiano di un&#8217;illuminazione naturale.  <\/span><\/p>\n<p class=\"p1\"><span class=\"s1\">Il <\/span><span class=\"s2\">completamente rimovibile<\/span><span class=\"s1\">  Inoltre, la pulizia e l&#8217;allestimento del terrario sono molto pi\u00f9 semplici. Inoltre, le uscite per i cavi richiudibili consentono di far passare i cavi, i sensori o i tubi per l&#8217;irrigazione in modo ordinato e pulito. <\/span><\/p>\n<p class=\"p1\"><span class=\"s1\">Con la sua combinazione di <\/span><span class=\"s2\">sicurezza, funzionalit\u00e0 e design moderno<\/span><span class=\"s1\"> il terrario <strong>Hobby Terra Fix &amp; Easy<\/strong> \u00e8 un&#8217;ottima base per l&#8217;allevamento di terrari adatti alle diverse specie.<\/span><\/p>\n<p><iframe loading=\"lazy\" title=\"Terra Fix &amp; Easy\" width=\"500\" height=\"281\" src=\"https:\/\/www.youtube.com\/embed\/BT7OIj6QfiI?feature=oembed\" frameborder=\"0\" allow=\"accelerometer; autoplay; clipboard-write; encrypted-media; gyroscope; picture-in-picture; web-share\" referrerpolicy=\"strict-origin-when-cross-origin\" allowfullscreen><\/iframe><\/p>\n","protected":false},"excerpt":{"rendered":"<p>Hobby Terra Fix &amp; Easy - Il terrario flessibile per terrari moderni Il TerrarioHobby Terra Fix &amp; Easy \u00e8 una soluzione ben studiata per conservare insetti, invertebrati e piccoli anfibi. Unisce un design moderno a una pratica funzionalit\u00e0. Per questo \u00e8 adatto sia ai principianti che ai terrari pi\u00f9 esperti. Grazie al suo aspetto senza [&hellip;]<\/p>\n","protected":false},"featured_media":188853,"template":"","meta":{"_acf_changed":false},"product-supplier":[2555],"product_brand":[2739],"product_cat":[2760],"product_tag":[],"lce-checkout-addons":[],"class_list":{"0":"post-188850","1":"product","2":"type-product","3":"status-publish","4":"has-post-thumbnail","6":"product_brand-hobby-terraristica","7":"product_cat-terrari-e-contenitori","8":"product_shipping_class-equipment-shipping","10":"first","11":"instock","12":"sale","13":"taxable","14":"shipping-taxable","15":"purchasable","16":"product-type-variable","17":"has-default-attributes"},"acf":[],"yoast_head":"<!-- This site is optimized with the Yoast SEO plugin v27.3 - https:\/\/yoast.com\/product\/yoast-seo-wordpress\/ -->\n<title>Hobby Terra Fix &amp; Easy - Insektenliebe<\/title>\n<meta name=\"description\" content=\"Acquista il terrario Hobby Terra Fix &amp; Easy a prezzi accessibili direttamente online. Il terrario perfettamente costruito da assemblare.\" \/>\n<meta name=\"robots\" content=\"index, follow, max-snippet:-1, max-image-preview:large, max-video-preview:-1\" \/>\n<link rel=\"canonical\" href=\"https:\/\/insektenliebe.com\/it\/shop\/prodotto\/hobby-terra-fix-easy\/\" \/>\n<meta property=\"og:locale\" content=\"it_IT\" \/>\n<meta property=\"og:type\" content=\"article\" \/>\n<meta property=\"og:title\" content=\"Hobby Terra Fix &amp; Easy - Insektenliebe\" \/>\n<meta property=\"og:description\" content=\"Acquista il terrario Hobby Terra Fix &amp; Easy a prezzi accessibili direttamente online. Il terrario perfettamente costruito da assemblare.\" \/>\n<meta property=\"og:url\" content=\"https:\/\/insektenliebe.com\/it\/shop\/prodotto\/hobby-terra-fix-easy\/\" \/>\n<meta property=\"og:site_name\" content=\"Insektenliebe\" \/>\n<meta property=\"article:modified_time\" content=\"2026-03-05T17:10:27+00:00\" \/>\n<meta property=\"og:image\" content=\"https:\/\/insektenliebe.com\/wp-content\/uploads\/2025\/05\/Hobby-Terra-Fix-Easy-Einrichtung-2.jpg\" \/>\n\t<meta property=\"og:image:width\" content=\"820\" \/>\n\t<meta property=\"og:image:height\" content=\"820\" \/>\n\t<meta property=\"og:image:type\" content=\"image\/jpeg\" \/>\n<meta name=\"twitter:card\" content=\"summary_large_image\" \/>\n<meta name=\"twitter:label1\" content=\"Tempo di lettura stimato\" \/>\n\t<meta name=\"twitter:data1\" content=\"2 minuto\" \/>\n<script type=\"application\/ld+json\" class=\"yoast-schema-graph\">{\"@context\":\"https:\\\/\\\/schema.org\",\"@graph\":[{\"@type\":\"WebPage\",\"@id\":\"https:\\\/\\\/insektenliebe.com\\\/it\\\/shop\\\/prodotto\\\/hobby-terra-fix-easy\\\/\",\"url\":\"https:\\\/\\\/insektenliebe.com\\\/it\\\/shop\\\/prodotto\\\/hobby-terra-fix-easy\\\/\",\"name\":\"Hobby Terra Fix &amp; Easy - Insektenliebe\",\"isPartOf\":{\"@id\":\"https:\\\/\\\/insektenliebe.com\\\/it\\\/#website\"},\"primaryImageOfPage\":{\"@id\":\"https:\\\/\\\/insektenliebe.com\\\/it\\\/shop\\\/prodotto\\\/hobby-terra-fix-easy\\\/#primaryimage\"},\"image\":{\"@id\":\"https:\\\/\\\/insektenliebe.com\\\/it\\\/shop\\\/prodotto\\\/hobby-terra-fix-easy\\\/#primaryimage\"},\"thumbnailUrl\":\"https:\\\/\\\/insektenliebe.com\\\/wp-content\\\/uploads\\\/2025\\\/05\\\/Hobby-Terra-Fix-Easy-Einrichtung-2.jpg\",\"datePublished\":\"2021-05-20T11:00:53+00:00\",\"dateModified\":\"2026-03-05T17:10:27+00:00\",\"description\":\"Acquista il terrario Hobby Terra Fix & Easy a prezzi accessibili direttamente online. Il terrario perfettamente costruito da assemblare.\",\"breadcrumb\":{\"@id\":\"https:\\\/\\\/insektenliebe.com\\\/it\\\/shop\\\/prodotto\\\/hobby-terra-fix-easy\\\/#breadcrumb\"},\"inLanguage\":\"it-IT\",\"potentialAction\":[{\"@type\":\"ReadAction\",\"target\":[\"https:\\\/\\\/insektenliebe.com\\\/it\\\/shop\\\/prodotto\\\/hobby-terra-fix-easy\\\/\"]}]},{\"@type\":\"ImageObject\",\"inLanguage\":\"it-IT\",\"@id\":\"https:\\\/\\\/insektenliebe.com\\\/it\\\/shop\\\/prodotto\\\/hobby-terra-fix-easy\\\/#primaryimage\",\"url\":\"https:\\\/\\\/insektenliebe.com\\\/wp-content\\\/uploads\\\/2025\\\/05\\\/Hobby-Terra-Fix-Easy-Einrichtung-2.jpg\",\"contentUrl\":\"https:\\\/\\\/insektenliebe.com\\\/wp-content\\\/uploads\\\/2025\\\/05\\\/Hobby-Terra-Fix-Easy-Einrichtung-2.jpg\",\"width\":820,\"height\":820,\"caption\":\"Hobby-Terra-Fix-Easy-Equipment-1\"},{\"@type\":\"BreadcrumbList\",\"@id\":\"https:\\\/\\\/insektenliebe.com\\\/it\\\/shop\\\/prodotto\\\/hobby-terra-fix-easy\\\/#breadcrumb\",\"itemListElement\":[{\"@type\":\"ListItem\",\"position\":1,\"name\":\"Startseite\",\"item\":\"https:\\\/\\\/insektenliebe.com\\\/it\\\/\"},{\"@type\":\"ListItem\",\"position\":2,\"name\":\"Negozio\",\"item\":\"https:\\\/\\\/insektenliebe.com\\\/it\\\/negozio\\\/\"},{\"@type\":\"ListItem\",\"position\":3,\"name\":\"Hobby Terra Fix &amp; Easy\"}]},{\"@type\":\"WebSite\",\"@id\":\"https:\\\/\\\/insektenliebe.com\\\/it\\\/#website\",\"url\":\"https:\\\/\\\/insektenliebe.com\\\/it\\\/\",\"name\":\"Insektenliebe\",\"description\":\"Dein Zuhause f\u00fcr die kleinen Lebewesen\",\"publisher\":{\"@id\":\"https:\\\/\\\/insektenliebe.com\\\/it\\\/#organization\"},\"potentialAction\":[{\"@type\":\"SearchAction\",\"target\":{\"@type\":\"EntryPoint\",\"urlTemplate\":\"https:\\\/\\\/insektenliebe.com\\\/it\\\/?s={search_term_string}\"},\"query-input\":{\"@type\":\"PropertyValueSpecification\",\"valueRequired\":true,\"valueName\":\"search_term_string\"}}],\"inLanguage\":\"it-IT\"},{\"@type\":\"Organization\",\"@id\":\"https:\\\/\\\/insektenliebe.com\\\/it\\\/#organization\",\"name\":\"Insektenliebe\",\"url\":\"https:\\\/\\\/insektenliebe.com\\\/it\\\/\",\"logo\":{\"@type\":\"ImageObject\",\"inLanguage\":\"it-IT\",\"@id\":\"https:\\\/\\\/insektenliebe.com\\\/it\\\/#\\\/schema\\\/logo\\\/image\\\/\",\"url\":\"https:\\\/\\\/insektenliebe.com\\\/wp-content\\\/uploads\\\/2025\\\/03\\\/logo-white.png\",\"contentUrl\":\"https:\\\/\\\/insektenliebe.com\\\/wp-content\\\/uploads\\\/2025\\\/03\\\/logo-white.png\",\"width\":288,\"height\":188,\"caption\":\"Insektenliebe\"},\"image\":{\"@id\":\"https:\\\/\\\/insektenliebe.com\\\/it\\\/#\\\/schema\\\/logo\\\/image\\\/\"}}]}<\/script>\n<!-- \/ Yoast SEO plugin. -->","yoast_head_json":{"title":"Hobby Terra Fix &amp; Easy - Insektenliebe","description":"Acquista il terrario Hobby Terra Fix & Easy a prezzi accessibili direttamente online. Il terrario perfettamente costruito da assemblare.","robots":{"index":"index","follow":"follow","max-snippet":"max-snippet:-1","max-image-preview":"max-image-preview:large","max-video-preview":"max-video-preview:-1"},"canonical":"https:\/\/insektenliebe.com\/it\/shop\/prodotto\/hobby-terra-fix-easy\/","og_locale":"it_IT","og_type":"article","og_title":"Hobby Terra Fix &amp; Easy - Insektenliebe","og_description":"Acquista il terrario Hobby Terra Fix & Easy a prezzi accessibili direttamente online. Il terrario perfettamente costruito da assemblare.","og_url":"https:\/\/insektenliebe.com\/it\/shop\/prodotto\/hobby-terra-fix-easy\/","og_site_name":"Insektenliebe","article_modified_time":"2026-03-05T17:10:27+00:00","og_image":[{"width":820,"height":820,"url":"https:\/\/insektenliebe.com\/wp-content\/uploads\/2025\/05\/Hobby-Terra-Fix-Easy-Einrichtung-2.jpg","type":"image\/jpeg"}],"twitter_card":"summary_large_image","twitter_misc":{"Tempo di lettura stimato":"2 minuto"},"schema":{"@context":"https:\/\/schema.org","@graph":[{"@type":"WebPage","@id":"https:\/\/insektenliebe.com\/it\/shop\/prodotto\/hobby-terra-fix-easy\/","url":"https:\/\/insektenliebe.com\/it\/shop\/prodotto\/hobby-terra-fix-easy\/","name":"Hobby Terra Fix &amp; Easy - Insektenliebe","isPartOf":{"@id":"https:\/\/insektenliebe.com\/it\/#website"},"primaryImageOfPage":{"@id":"https:\/\/insektenliebe.com\/it\/shop\/prodotto\/hobby-terra-fix-easy\/#primaryimage"},"image":{"@id":"https:\/\/insektenliebe.com\/it\/shop\/prodotto\/hobby-terra-fix-easy\/#primaryimage"},"thumbnailUrl":"https:\/\/insektenliebe.com\/wp-content\/uploads\/2025\/05\/Hobby-Terra-Fix-Easy-Einrichtung-2.jpg","datePublished":"2021-05-20T11:00:53+00:00","dateModified":"2026-03-05T17:10:27+00:00","description":"Acquista il terrario Hobby Terra Fix & Easy a prezzi accessibili direttamente online. Il terrario perfettamente costruito da assemblare.","breadcrumb":{"@id":"https:\/\/insektenliebe.com\/it\/shop\/prodotto\/hobby-terra-fix-easy\/#breadcrumb"},"inLanguage":"it-IT","potentialAction":[{"@type":"ReadAction","target":["https:\/\/insektenliebe.com\/it\/shop\/prodotto\/hobby-terra-fix-easy\/"]}]},{"@type":"ImageObject","inLanguage":"it-IT","@id":"https:\/\/insektenliebe.com\/it\/shop\/prodotto\/hobby-terra-fix-easy\/#primaryimage","url":"https:\/\/insektenliebe.com\/wp-content\/uploads\/2025\/05\/Hobby-Terra-Fix-Easy-Einrichtung-2.jpg","contentUrl":"https:\/\/insektenliebe.com\/wp-content\/uploads\/2025\/05\/Hobby-Terra-Fix-Easy-Einrichtung-2.jpg","width":820,"height":820,"caption":"Hobby-Terra-Fix-Easy-Equipment-1"},{"@type":"BreadcrumbList","@id":"https:\/\/insektenliebe.com\/it\/shop\/prodotto\/hobby-terra-fix-easy\/#breadcrumb","itemListElement":[{"@type":"ListItem","position":1,"name":"Startseite","item":"https:\/\/insektenliebe.com\/it\/"},{"@type":"ListItem","position":2,"name":"Negozio","item":"https:\/\/insektenliebe.com\/it\/negozio\/"},{"@type":"ListItem","position":3,"name":"Hobby Terra Fix &amp; Easy"}]},{"@type":"WebSite","@id":"https:\/\/insektenliebe.com\/it\/#website","url":"https:\/\/insektenliebe.com\/it\/","name":"Insektenliebe","description":"Dein Zuhause f\u00fcr die kleinen Lebewesen","publisher":{"@id":"https:\/\/insektenliebe.com\/it\/#organization"},"potentialAction":[{"@type":"SearchAction","target":{"@type":"EntryPoint","urlTemplate":"https:\/\/insektenliebe.com\/it\/?s={search_term_string}"},"query-input":{"@type":"PropertyValueSpecification","valueRequired":true,"valueName":"search_term_string"}}],"inLanguage":"it-IT"},{"@type":"Organization","@id":"https:\/\/insektenliebe.com\/it\/#organization","name":"Insektenliebe","url":"https:\/\/insektenliebe.com\/it\/","logo":{"@type":"ImageObject","inLanguage":"it-IT","@id":"https:\/\/insektenliebe.com\/it\/#\/schema\/logo\/image\/","url":"https:\/\/insektenliebe.com\/wp-content\/uploads\/2025\/03\/logo-white.png","contentUrl":"https:\/\/insektenliebe.com\/wp-content\/uploads\/2025\/03\/logo-white.png","width":288,"height":188,"caption":"Insektenliebe"},"image":{"@id":"https:\/\/insektenliebe.com\/it\/#\/schema\/logo\/image\/"}}]}},"_links":{"self":[{"href":"https:\/\/insektenliebe.com\/it\/wp-json\/wp\/v2\/product\/188850","targetHints":{"allow":["GET"]}}],"collection":[{"href":"https:\/\/insektenliebe.com\/it\/wp-json\/wp\/v2\/product"}],"about":[{"href":"https:\/\/insektenliebe.com\/it\/wp-json\/wp\/v2\/types\/product"}],"wp:featuredmedia":[{"embeddable":true,"href":"https:\/\/insektenliebe.com\/it\/wp-json\/wp\/v2\/media\/188853"}],"wp:attachment":[{"href":"https:\/\/insektenliebe.com\/it\/wp-json\/wp\/v2\/media?parent=188850"}],"wp:term":[{"taxonomy":"product-supplier","embeddable":true,"href":"https:\/\/insektenliebe.com\/it\/wp-json\/wp\/v2\/product-supplier?post=188850"},{"taxonomy":"product_brand","embeddable":true,"href":"https:\/\/insektenliebe.com\/it\/wp-json\/wp\/v2\/product_brand?post=188850"},{"taxonomy":"product_cat","embeddable":true,"href":"https:\/\/insektenliebe.com\/it\/wp-json\/wp\/v2\/product_cat?post=188850"},{"taxonomy":"product_tag","embeddable":true,"href":"https:\/\/insektenliebe.com\/it\/wp-json\/wp\/v2\/product_tag?post=188850"},{"taxonomy":"lce-checkout-addons","embeddable":true,"href":"https:\/\/insektenliebe.com\/it\/wp-json\/wp\/v2\/lce-checkout-addons?post=188850"}],"curies":[{"name":"wp","href":"https:\/\/api.w.org\/{rel}","templated":true}]}}