{"id":188849,"date":"2021-01-22T10:11:58","date_gmt":"2021-01-22T08:11:58","guid":{"rendered":"https:\/\/insektenliebe.com\/shop\/produkt\/insetto-fantasma-australiano-extatosoma-tiaratum\/"},"modified":"2021-01-22T10:11:58","modified_gmt":"2021-01-22T09:11:58","slug":"insetto-fantasma-australiano-extatosoma-tiaratum","status":"publish","type":"product","link":"https:\/\/insektenliebe.com\/it\/shop\/prodotto\/insetto-fantasma-australiano-extatosoma-tiaratum\/","title":{"rendered":"Insetto fantasma australiano \"Extatosoma tiaratum"},"content":{"rendered":"<h3><span style=\"color: #99cc33\">Breve descrizione:<\/span><\/h3>\n<p class=\"p2\">L&#8217;Extatosoma tiaratum \u00e8 stata una delle prime specie di fasmide ad entrare nell&#8217;hobby del terrario. \u00c8 stato tenuto e allevato con successo a partire dagli anni &#8217;60. L&#8217;insetto fantasma australiano \u00e8 classificato con il numero 9 del PSG ed \u00e8 originario dell&#8217;Australia orientale. Qui si trova principalmente nel Queensland. Nel suo habitat nativo, abita le regioni arbustive e i cespugli nelle aree boschive con popolamenti di eucalipto. Quando sono completamente cresciute, le femmine raggiungono una lunghezza di 14 cm, mentre i maschi restano ben al di sotto, con un massimo di 10 cm. Dalla schiusa alla muta degli adulti passano circa 6 mesi. Dopodich\u00e9, le femmine hanno un&#8217;aspettativa di vita fino a un anno, i maschi di 3-6 mesi.       <\/p>\n<p class=\"p2\">L&#8217;insetto fantasma australiano assomiglia molto a una foglia appassita, il che lo aiuta a mimetizzarsi dai predatori. Ha un corpo allungato e sottile, la cui colorazione varia notevolmente a causa delle diverse influenze ambientali. Da adulto, l&#8217;Extatosoma tiaratum pu\u00f2 essere di colore giallo, brunastro o addirittura verde. Le ninfe, invece, sono sempre di colore nero. Hanno piccole spine sugli arti. Gli animali hanno la capacit\u00e0 di cambiare colore nel corso della loro vita. I maschi di Extatosoma tiaratum hanno ali completamente sviluppate, mentre le femmine hanno solo ali tozze con cui non possono volare. A differenza dei maschi, le femmine hanno spine disposte a coppie sul dorso e il loro corpo \u00e8 pi\u00f9 massiccio. Entrambi i sessi portano l&#8217;addome a forma di scorpione sul corpo. Dopo l&#8217;ultima muta, per\u00f2, questo viene impedito dalle ali dei maschi.         <\/p>\n<p class=\"p2\">Un terrario per un gruppo di Extatosoma tiaratum dovrebbe avere una superficie di base di almeno 30&#215;30 cm e un&#8217;altezza di 60 cm, poich\u00e9 gli animali hanno bisogno di molto spazio per fare la muta. Come tutti i terrari per fasmidi, il terrario deve essere ben ventilato. In linea di massima, si pu\u00f2 fare a meno dell&#8217;illuminazione, ma \u00e8 necessario dare agli animali un ritmo giorno-notte. Il substrato pu\u00f2 essere costituito da humus forestale. Sono importanti anche i rami per arrampicarsi che possono sopportare il corpo relativamente pesante degli animali. La temperatura della vasca dovrebbe essere di 20-26\u00b0C e l&#8217;umidit\u00e0 del 40-60%. I terrori fantasma australiani devono essere spruzzati solo di rado e bisogna fare attenzione a non spruzzare direttamente l&#8217;animale. Le piante di rosa come la mora o il lampone sono particolarmente adatte come cibo, ma anche le foglie di nocciolo, quercia o edera vengono mangiate. Poich\u00e9 gli animali hanno un elevato ricambio di cibo, \u00e8 necessario assicurarsi che siano sempre disponibili quantit\u00e0 sufficienti. Gli Extatosoma tiaratum possono essere tenuti in gruppo grazie al loro comportamento pacifico. Anche pi\u00f9 maschi in una vasca non rappresentano un problema. \u00c8 possibile anche la socializzazione con altri animali. Dopo la muta degli adulti, le femmine iniziano a deporre le uova. Nel farlo, lanciano le uova in tutto il terrario. Gli animali possono riprodursi sia per via sessuale che per via paragenetica. Quando le uova vengono incubate a temperatura ambiente, i primi piccoli si schiudono dopo circa 6 mesi.               <\/p>\n","protected":false},"excerpt":{"rendered":"<p>Il sempreverde!<\/p>\n","protected":false},"featured_media":188851,"template":"","meta":{"_acf_changed":false},"product-supplier":[],"product_brand":[],"product_cat":[2829],"product_tag":[],"lce-checkout-addons":[2746],"class_list":{"0":"post-188849","1":"product","2":"type-product","3":"status-publish","4":"has-post-thumbnail","6":"product_cat-altri-invertebrati","7":"product_shipping_class-spedizione-di-animali","8":"pa_kontinent-australia","9":"lce-checkout-addons-imballaggio-invernale","11":"first","12":"outofstock","13":"taxable","14":"shipping-taxable","15":"purchasable","16":"product-type-simple"},"acf":[],"yoast_head":"<!-- This site is optimized with the Yoast SEO plugin v27.3 - https:\/\/yoast.com\/product\/yoast-seo-wordpress\/ -->\n<title>Insetto fantasma australiano &quot;Extatosoma tiaratum - Insektenliebe<\/title>\n<meta name=\"description\" content=\"Acquista direttamente online i fasmidi australiani a basso costo. Fasmidi belli e facili da tenere direttamente dall&#039;allevatore.\" \/>\n<meta name=\"robots\" content=\"index, follow, max-snippet:-1, max-image-preview:large, max-video-preview:-1\" \/>\n<link rel=\"canonical\" href=\"https:\/\/insektenliebe.com\/it\/shop\/prodotto\/insetto-fantasma-australiano-extatosoma-tiaratum\/\" \/>\n<meta property=\"og:locale\" content=\"it_IT\" \/>\n<meta property=\"og:type\" content=\"article\" \/>\n<meta property=\"og:title\" content=\"Insetto fantasma australiano &quot;Extatosoma tiaratum - Insektenliebe\" \/>\n<meta property=\"og:description\" content=\"Acquista direttamente online i fasmidi australiani a basso costo. Fasmidi belli e facili da tenere direttamente dall&#039;allevatore.\" \/>\n<meta property=\"og:url\" content=\"https:\/\/insektenliebe.com\/it\/shop\/prodotto\/insetto-fantasma-australiano-extatosoma-tiaratum\/\" \/>\n<meta property=\"og:site_name\" content=\"Insektenliebe\" \/>\n<meta property=\"article:modified_time\" content=\"2021-01-22T09:11:58+00:00\" \/>\n<meta property=\"og:image\" content=\"https:\/\/insektenliebe.com\/wp-content\/uploads\/2025\/05\/Australische-Gespenstschrecke-_Extatosoma-tiaratum_-2.jpg\" \/>\n\t<meta property=\"og:image:width\" content=\"820\" \/>\n\t<meta property=\"og:image:height\" content=\"820\" \/>\n\t<meta property=\"og:image:type\" content=\"image\/jpeg\" \/>\n<meta name=\"twitter:card\" content=\"summary_large_image\" \/>\n<meta name=\"twitter:label1\" content=\"Tempo di lettura stimato\" \/>\n\t<meta name=\"twitter:data1\" content=\"2 minuto\" \/>\n<script type=\"application\/ld+json\" class=\"yoast-schema-graph\">{\"@context\":\"https:\\\/\\\/schema.org\",\"@graph\":[{\"@type\":\"WebPage\",\"@id\":\"https:\\\/\\\/insektenliebe.com\\\/it\\\/shop\\\/prodotto\\\/insetto-fantasma-australiano-extatosoma-tiaratum\\\/\",\"url\":\"https:\\\/\\\/insektenliebe.com\\\/it\\\/shop\\\/prodotto\\\/insetto-fantasma-australiano-extatosoma-tiaratum\\\/\",\"name\":\"Insetto fantasma australiano \\\"Extatosoma tiaratum - Insektenliebe\",\"isPartOf\":{\"@id\":\"https:\\\/\\\/insektenliebe.com\\\/it\\\/#website\"},\"primaryImageOfPage\":{\"@id\":\"https:\\\/\\\/insektenliebe.com\\\/it\\\/shop\\\/prodotto\\\/insetto-fantasma-australiano-extatosoma-tiaratum\\\/#primaryimage\"},\"image\":{\"@id\":\"https:\\\/\\\/insektenliebe.com\\\/it\\\/shop\\\/prodotto\\\/insetto-fantasma-australiano-extatosoma-tiaratum\\\/#primaryimage\"},\"thumbnailUrl\":\"https:\\\/\\\/insektenliebe.com\\\/wp-content\\\/uploads\\\/2025\\\/05\\\/Australische-Gespenstschrecke-_Extatosoma-tiaratum_-2.jpg\",\"datePublished\":\"2021-01-22T08:11:58+00:00\",\"dateModified\":\"2021-01-22T09:11:58+00:00\",\"description\":\"Acquista direttamente online i fasmidi australiani a basso costo. Fasmidi belli e facili da tenere direttamente dall'allevatore.\",\"breadcrumb\":{\"@id\":\"https:\\\/\\\/insektenliebe.com\\\/it\\\/shop\\\/prodotto\\\/insetto-fantasma-australiano-extatosoma-tiaratum\\\/#breadcrumb\"},\"inLanguage\":\"it-IT\",\"potentialAction\":[{\"@type\":\"ReadAction\",\"target\":[\"https:\\\/\\\/insektenliebe.com\\\/it\\\/shop\\\/prodotto\\\/insetto-fantasma-australiano-extatosoma-tiaratum\\\/\"]}]},{\"@type\":\"ImageObject\",\"inLanguage\":\"it-IT\",\"@id\":\"https:\\\/\\\/insektenliebe.com\\\/it\\\/shop\\\/prodotto\\\/insetto-fantasma-australiano-extatosoma-tiaratum\\\/#primaryimage\",\"url\":\"https:\\\/\\\/insektenliebe.com\\\/wp-content\\\/uploads\\\/2025\\\/05\\\/Australische-Gespenstschrecke-_Extatosoma-tiaratum_-2.jpg\",\"contentUrl\":\"https:\\\/\\\/insektenliebe.com\\\/wp-content\\\/uploads\\\/2025\\\/05\\\/Australische-Gespenstschrecke-_Extatosoma-tiaratum_-2.jpg\",\"width\":820,\"height\":820,\"caption\":\"Australian-spooky-cricket-_Extatosoma-tiaratum_-2.jpg\"},{\"@type\":\"BreadcrumbList\",\"@id\":\"https:\\\/\\\/insektenliebe.com\\\/it\\\/shop\\\/prodotto\\\/insetto-fantasma-australiano-extatosoma-tiaratum\\\/#breadcrumb\",\"itemListElement\":[{\"@type\":\"ListItem\",\"position\":1,\"name\":\"Startseite\",\"item\":\"https:\\\/\\\/insektenliebe.com\\\/it\\\/\"},{\"@type\":\"ListItem\",\"position\":2,\"name\":\"Negozio\",\"item\":\"https:\\\/\\\/insektenliebe.com\\\/it\\\/negozio\\\/\"},{\"@type\":\"ListItem\",\"position\":3,\"name\":\"Insetto fantasma australiano &#8220;Extatosoma tiaratum\"}]},{\"@type\":\"WebSite\",\"@id\":\"https:\\\/\\\/insektenliebe.com\\\/it\\\/#website\",\"url\":\"https:\\\/\\\/insektenliebe.com\\\/it\\\/\",\"name\":\"Insektenliebe\",\"description\":\"Dein Zuhause f\u00fcr die kleinen Lebewesen\",\"publisher\":{\"@id\":\"https:\\\/\\\/insektenliebe.com\\\/it\\\/#organization\"},\"potentialAction\":[{\"@type\":\"SearchAction\",\"target\":{\"@type\":\"EntryPoint\",\"urlTemplate\":\"https:\\\/\\\/insektenliebe.com\\\/it\\\/?s={search_term_string}\"},\"query-input\":{\"@type\":\"PropertyValueSpecification\",\"valueRequired\":true,\"valueName\":\"search_term_string\"}}],\"inLanguage\":\"it-IT\"},{\"@type\":\"Organization\",\"@id\":\"https:\\\/\\\/insektenliebe.com\\\/it\\\/#organization\",\"name\":\"Insektenliebe\",\"url\":\"https:\\\/\\\/insektenliebe.com\\\/it\\\/\",\"logo\":{\"@type\":\"ImageObject\",\"inLanguage\":\"it-IT\",\"@id\":\"https:\\\/\\\/insektenliebe.com\\\/it\\\/#\\\/schema\\\/logo\\\/image\\\/\",\"url\":\"https:\\\/\\\/insektenliebe.com\\\/wp-content\\\/uploads\\\/2025\\\/03\\\/logo-white.png\",\"contentUrl\":\"https:\\\/\\\/insektenliebe.com\\\/wp-content\\\/uploads\\\/2025\\\/03\\\/logo-white.png\",\"width\":288,\"height\":188,\"caption\":\"Insektenliebe\"},\"image\":{\"@id\":\"https:\\\/\\\/insektenliebe.com\\\/it\\\/#\\\/schema\\\/logo\\\/image\\\/\"}}]}<\/script>\n<!-- \/ Yoast SEO plugin. -->","yoast_head_json":{"title":"Insetto fantasma australiano \"Extatosoma tiaratum - Insektenliebe","description":"Acquista direttamente online i fasmidi australiani a basso costo. Fasmidi belli e facili da tenere direttamente dall'allevatore.","robots":{"index":"index","follow":"follow","max-snippet":"max-snippet:-1","max-image-preview":"max-image-preview:large","max-video-preview":"max-video-preview:-1"},"canonical":"https:\/\/insektenliebe.com\/it\/shop\/prodotto\/insetto-fantasma-australiano-extatosoma-tiaratum\/","og_locale":"it_IT","og_type":"article","og_title":"Insetto fantasma australiano \"Extatosoma tiaratum - Insektenliebe","og_description":"Acquista direttamente online i fasmidi australiani a basso costo. Fasmidi belli e facili da tenere direttamente dall'allevatore.","og_url":"https:\/\/insektenliebe.com\/it\/shop\/prodotto\/insetto-fantasma-australiano-extatosoma-tiaratum\/","og_site_name":"Insektenliebe","article_modified_time":"2021-01-22T09:11:58+00:00","og_image":[{"width":820,"height":820,"url":"https:\/\/insektenliebe.com\/wp-content\/uploads\/2025\/05\/Australische-Gespenstschrecke-_Extatosoma-tiaratum_-2.jpg","type":"image\/jpeg"}],"twitter_card":"summary_large_image","twitter_misc":{"Tempo di lettura stimato":"2 minuto"},"schema":{"@context":"https:\/\/schema.org","@graph":[{"@type":"WebPage","@id":"https:\/\/insektenliebe.com\/it\/shop\/prodotto\/insetto-fantasma-australiano-extatosoma-tiaratum\/","url":"https:\/\/insektenliebe.com\/it\/shop\/prodotto\/insetto-fantasma-australiano-extatosoma-tiaratum\/","name":"Insetto fantasma australiano \"Extatosoma tiaratum - Insektenliebe","isPartOf":{"@id":"https:\/\/insektenliebe.com\/it\/#website"},"primaryImageOfPage":{"@id":"https:\/\/insektenliebe.com\/it\/shop\/prodotto\/insetto-fantasma-australiano-extatosoma-tiaratum\/#primaryimage"},"image":{"@id":"https:\/\/insektenliebe.com\/it\/shop\/prodotto\/insetto-fantasma-australiano-extatosoma-tiaratum\/#primaryimage"},"thumbnailUrl":"https:\/\/insektenliebe.com\/wp-content\/uploads\/2025\/05\/Australische-Gespenstschrecke-_Extatosoma-tiaratum_-2.jpg","datePublished":"2021-01-22T08:11:58+00:00","dateModified":"2021-01-22T09:11:58+00:00","description":"Acquista direttamente online i fasmidi australiani a basso costo. Fasmidi belli e facili da tenere direttamente dall'allevatore.","breadcrumb":{"@id":"https:\/\/insektenliebe.com\/it\/shop\/prodotto\/insetto-fantasma-australiano-extatosoma-tiaratum\/#breadcrumb"},"inLanguage":"it-IT","potentialAction":[{"@type":"ReadAction","target":["https:\/\/insektenliebe.com\/it\/shop\/prodotto\/insetto-fantasma-australiano-extatosoma-tiaratum\/"]}]},{"@type":"ImageObject","inLanguage":"it-IT","@id":"https:\/\/insektenliebe.com\/it\/shop\/prodotto\/insetto-fantasma-australiano-extatosoma-tiaratum\/#primaryimage","url":"https:\/\/insektenliebe.com\/wp-content\/uploads\/2025\/05\/Australische-Gespenstschrecke-_Extatosoma-tiaratum_-2.jpg","contentUrl":"https:\/\/insektenliebe.com\/wp-content\/uploads\/2025\/05\/Australische-Gespenstschrecke-_Extatosoma-tiaratum_-2.jpg","width":820,"height":820,"caption":"Australian-spooky-cricket-_Extatosoma-tiaratum_-2.jpg"},{"@type":"BreadcrumbList","@id":"https:\/\/insektenliebe.com\/it\/shop\/prodotto\/insetto-fantasma-australiano-extatosoma-tiaratum\/#breadcrumb","itemListElement":[{"@type":"ListItem","position":1,"name":"Startseite","item":"https:\/\/insektenliebe.com\/it\/"},{"@type":"ListItem","position":2,"name":"Negozio","item":"https:\/\/insektenliebe.com\/it\/negozio\/"},{"@type":"ListItem","position":3,"name":"Insetto fantasma australiano &#8220;Extatosoma tiaratum"}]},{"@type":"WebSite","@id":"https:\/\/insektenliebe.com\/it\/#website","url":"https:\/\/insektenliebe.com\/it\/","name":"Insektenliebe","description":"Dein Zuhause f\u00fcr die kleinen Lebewesen","publisher":{"@id":"https:\/\/insektenliebe.com\/it\/#organization"},"potentialAction":[{"@type":"SearchAction","target":{"@type":"EntryPoint","urlTemplate":"https:\/\/insektenliebe.com\/it\/?s={search_term_string}"},"query-input":{"@type":"PropertyValueSpecification","valueRequired":true,"valueName":"search_term_string"}}],"inLanguage":"it-IT"},{"@type":"Organization","@id":"https:\/\/insektenliebe.com\/it\/#organization","name":"Insektenliebe","url":"https:\/\/insektenliebe.com\/it\/","logo":{"@type":"ImageObject","inLanguage":"it-IT","@id":"https:\/\/insektenliebe.com\/it\/#\/schema\/logo\/image\/","url":"https:\/\/insektenliebe.com\/wp-content\/uploads\/2025\/03\/logo-white.png","contentUrl":"https:\/\/insektenliebe.com\/wp-content\/uploads\/2025\/03\/logo-white.png","width":288,"height":188,"caption":"Insektenliebe"},"image":{"@id":"https:\/\/insektenliebe.com\/it\/#\/schema\/logo\/image\/"}}]}},"_links":{"self":[{"href":"https:\/\/insektenliebe.com\/it\/wp-json\/wp\/v2\/product\/188849","targetHints":{"allow":["GET"]}}],"collection":[{"href":"https:\/\/insektenliebe.com\/it\/wp-json\/wp\/v2\/product"}],"about":[{"href":"https:\/\/insektenliebe.com\/it\/wp-json\/wp\/v2\/types\/product"}],"wp:featuredmedia":[{"embeddable":true,"href":"https:\/\/insektenliebe.com\/it\/wp-json\/wp\/v2\/media\/188851"}],"wp:attachment":[{"href":"https:\/\/insektenliebe.com\/it\/wp-json\/wp\/v2\/media?parent=188849"}],"wp:term":[{"taxonomy":"product-supplier","embeddable":true,"href":"https:\/\/insektenliebe.com\/it\/wp-json\/wp\/v2\/product-supplier?post=188849"},{"taxonomy":"product_brand","embeddable":true,"href":"https:\/\/insektenliebe.com\/it\/wp-json\/wp\/v2\/product_brand?post=188849"},{"taxonomy":"product_cat","embeddable":true,"href":"https:\/\/insektenliebe.com\/it\/wp-json\/wp\/v2\/product_cat?post=188849"},{"taxonomy":"product_tag","embeddable":true,"href":"https:\/\/insektenliebe.com\/it\/wp-json\/wp\/v2\/product_tag?post=188849"},{"taxonomy":"lce-checkout-addons","embeddable":true,"href":"https:\/\/insektenliebe.com\/it\/wp-json\/wp\/v2\/lce-checkout-addons?post=188849"}],"curies":[{"name":"wp","href":"https:\/\/api.w.org\/{rel}","templated":true}]}}