{"id":188843,"date":"2021-06-23T18:07:45","date_gmt":"2021-06-23T16:07:44","guid":{"rendered":"https:\/\/insektenliebe.com\/shop\/produkt\/scorpione-maurus-palmatus\/"},"modified":"2021-06-23T18:07:45","modified_gmt":"2021-06-23T16:07:45","slug":"scorpione-maurus-palmatus","status":"publish","type":"product","link":"https:\/\/insektenliebe.com\/it\/shop\/prodotto\/scorpione-maurus-palmatus\/","title":{"rendered":"Scorpione maurus palmatus"},"content":{"rendered":"<h3 style=\"text-align: left\"><span style=\"color: #99cc33\">Breve descrizione:<\/span><\/h3>\n<p class=\"p1\" style=\"text-align: left\">Il fascino di osservare uno scorpione del deserto \u00e8 grande. Questi animali gialli e relativamente piccoli catturano immediatamente l&#8217;attenzione. Tuttavia, spesso sono anche estremamente velenosi. Questo non \u00e8 il caso dello <span class=\"hiddenSpellError\">Scorpio <\/span><span class=\"hiddenSpellError\">maurus <\/span><span class=\"hiddenSpellError\">palmatus<\/span>. La puntura \u00e8 paragonabile a quella di un&#8217;ape e quindi relativamente innocua.    <\/p>\n<p style=\"text-align: left\">Lo <span class=\"hiddenSpellError\">Scorpio<\/span> <span class=\"hiddenSpellError\">maurus<\/span> \u00e8 una specie di scorpione pi\u00f9 diffusa che si trova dal Nord Africa all&#8217;India. La sottospecie <span class=\"hiddenSpellError\">Scorpio <\/span><span class=\"hiddenSpellError\">maurus <\/span><span class=\"hiddenSpellError\">palmatus<\/span> si trova in Algeria, Egitto, Libia, Sudan, Israele e Giordania. In Israele viene anche chiamato \"scorpione d&#8217;oro\" per via del suo colore.  <\/p>\n<p style=\"text-align: left\">Lo <span class=\"hiddenSpellError\">Scorpione<\/span> <span class=\"hiddenSpellError\">maurus<\/span> <span class=\"hiddenSpellError\">palmatus<\/span> \u00e8 notturno e pu\u00f2 essere visto spesso a caccia di prede o mentre scava. Ama costruire un nascondiglio in cui rimanere durante il giorno per evitare l&#8217;intenso calore del deserto. Non bisogna quindi esagerare con la temperatura nel terrario. 30 \u00b0C durante il giorno e una temperatura inferiore a quella ambiente durante la notte sono perfettamente sufficienti. Manteniamo un angolo del terrario leggermente umido. \u00c8 meglio scegliere l&#8217;angolo del terrario pi\u00f9 vicino al nascondiglio.     <\/p>\n<p style=\"text-align: left\">Un terrario di 20x20x30 cm \u00e8 sufficiente per tenerli singolarmente. Lo <span class=\"hiddenSpellError\">Scorpio<\/span> <span class=\"hiddenSpellError\">maurus<\/span> <span class=\"hiddenSpellError\">palmatus<\/span> pu\u00f2 essere tenuto anche in gruppo, in misura limitata. Il terrario non dovrebbe essere pi\u00f9 piccolo di 60x40x40 cm. Tuttavia, \u00e8 necessario tenere sotto controllo gli animali, soprattutto all&#8217;inizio, e separarli nuovamente se necessario. Come substrato si pu\u00f2 utilizzare una miscela di sabbia e argilla. Offriamo ai nostri animali anche della roccia lavica grigia. Prendiamo due pietre e costruiamo una sorta di nascondiglio in pietra, che viene accettato molto bene. \u00c8 necessario offrire sempre una ciotola con acqua o acqua gel. Come cibo utilizziamo <span class=\"hiddenSpellError\">scarafaggi al cioccolato<\/span> e <span class=\"hiddenSpellError\">scarafaggi della foresta<\/span> argentina.       <\/p>\n<p style=\"text-align: left\">Se lo <span class=\"hiddenSpellError\">Scorpio<\/span> <span class=\"hiddenSpellError\">maurus<\/span> <span class=\"hiddenSpellError\">palmatus<\/span> si accoppia con successo, si aspettano fino a 12 piccoli. Questi rimangono sul dorso della madre fino alla seconda o terza muta. A quel punto dovrebbero essere separati e tenuti in gruppo o singolarmente.  <\/p>\n<p>&nbsp;<\/p>\n<p><img decoding=\"async\" src=\"https:\/\/insektenliebe.com\/wp-content\/uploads\/2021\/06\/Scorpio-maurus-im-Versteck-1.jpg\" alt=\"Scorpione maurus palmatus in un nascondiglio\"><\/p>\n","protected":false},"excerpt":{"rendered":"<p>Breve descrizione: Il fascino di osservare uno scorpione del deserto \u00e8 grande. Questi animali gialli e relativamente piccoli catturano immediatamente l&#8217;attenzione. Tuttavia, spesso sono anche estremamente velenosi. Questo non \u00e8 il caso dello Scorpio maurus palmatus. La puntura \u00e8 paragonabile a quella di un&#8217;ape e quindi relativamente innocua. Lo Scorpio maurus \u00e8 una specie di [&hellip;]<\/p>\n","protected":false},"featured_media":188845,"template":"","meta":{"_acf_changed":false},"product-supplier":[],"product_brand":[],"product_cat":[3116],"product_tag":[],"lce-checkout-addons":[2746],"class_list":{"0":"post-188843","1":"product","2":"type-product","3":"status-publish","4":"has-post-thumbnail","6":"product_cat-scorpioni","7":"product_shipping_class-spedizione-di-animali","8":"pa_herkunft-egitto","9":"pa_kontinent-africa","10":"pa_kontinent-asia","11":"lce-checkout-addons-imballaggio-invernale","13":"first","14":"outofstock","15":"taxable","16":"shipping-taxable","17":"purchasable","18":"product-type-simple"},"acf":[],"yoast_head":"<!-- This site is optimized with the Yoast SEO plugin v27.3 - https:\/\/yoast.com\/product\/yoast-seo-wordpress\/ -->\n<title>Scorpione maurus palmatus - Insektenliebe<\/title>\n<meta name=\"description\" content=\"Acquista a buon mercato lo Scorpio maurus palmatus direttamente online. Una specie innocua e imponente che puoi acquistare qui direttamente dall&#039;allevatore.\" \/>\n<meta name=\"robots\" content=\"index, follow, max-snippet:-1, max-image-preview:large, max-video-preview:-1\" \/>\n<link rel=\"canonical\" href=\"https:\/\/insektenliebe.com\/it\/shop\/prodotto\/scorpione-maurus-palmatus\/\" \/>\n<meta property=\"og:locale\" content=\"it_IT\" \/>\n<meta property=\"og:type\" content=\"article\" \/>\n<meta property=\"og:title\" content=\"Scorpione maurus palmatus - Insektenliebe\" \/>\n<meta property=\"og:description\" content=\"Acquista a buon mercato lo Scorpio maurus palmatus direttamente online. Una specie innocua e imponente che puoi acquistare qui direttamente dall&#039;allevatore.\" \/>\n<meta property=\"og:url\" content=\"https:\/\/insektenliebe.com\/it\/shop\/prodotto\/scorpione-maurus-palmatus\/\" \/>\n<meta property=\"og:site_name\" content=\"Insektenliebe\" \/>\n<meta property=\"article:modified_time\" content=\"2021-06-23T16:07:45+00:00\" \/>\n<meta property=\"og:image\" content=\"https:\/\/insektenliebe.com\/wp-content\/uploads\/2025\/05\/Scorpio-maurus-2.jpg\" \/>\n\t<meta property=\"og:image:width\" content=\"820\" \/>\n\t<meta property=\"og:image:height\" content=\"820\" \/>\n\t<meta property=\"og:image:type\" content=\"image\/jpeg\" \/>\n<meta name=\"twitter:card\" content=\"summary_large_image\" \/>\n<meta name=\"twitter:label1\" content=\"Tempo di lettura stimato\" \/>\n\t<meta name=\"twitter:data1\" content=\"2 minuto\" \/>\n<script type=\"application\/ld+json\" class=\"yoast-schema-graph\">{\"@context\":\"https:\\\/\\\/schema.org\",\"@graph\":[{\"@type\":\"WebPage\",\"@id\":\"https:\\\/\\\/insektenliebe.com\\\/it\\\/shop\\\/prodotto\\\/scorpione-maurus-palmatus\\\/\",\"url\":\"https:\\\/\\\/insektenliebe.com\\\/it\\\/shop\\\/prodotto\\\/scorpione-maurus-palmatus\\\/\",\"name\":\"Scorpione maurus palmatus - Insektenliebe\",\"isPartOf\":{\"@id\":\"https:\\\/\\\/insektenliebe.com\\\/it\\\/#website\"},\"primaryImageOfPage\":{\"@id\":\"https:\\\/\\\/insektenliebe.com\\\/it\\\/shop\\\/prodotto\\\/scorpione-maurus-palmatus\\\/#primaryimage\"},\"image\":{\"@id\":\"https:\\\/\\\/insektenliebe.com\\\/it\\\/shop\\\/prodotto\\\/scorpione-maurus-palmatus\\\/#primaryimage\"},\"thumbnailUrl\":\"https:\\\/\\\/insektenliebe.com\\\/wp-content\\\/uploads\\\/2025\\\/05\\\/Scorpio-maurus-2.jpg\",\"datePublished\":\"2021-06-23T16:07:44+00:00\",\"dateModified\":\"2021-06-23T16:07:45+00:00\",\"description\":\"Acquista a buon mercato lo Scorpio maurus palmatus direttamente online. Una specie innocua e imponente che puoi acquistare qui direttamente dall'allevatore.\",\"breadcrumb\":{\"@id\":\"https:\\\/\\\/insektenliebe.com\\\/it\\\/shop\\\/prodotto\\\/scorpione-maurus-palmatus\\\/#breadcrumb\"},\"inLanguage\":\"it-IT\",\"potentialAction\":[{\"@type\":\"ReadAction\",\"target\":[\"https:\\\/\\\/insektenliebe.com\\\/it\\\/shop\\\/prodotto\\\/scorpione-maurus-palmatus\\\/\"]}]},{\"@type\":\"ImageObject\",\"inLanguage\":\"it-IT\",\"@id\":\"https:\\\/\\\/insektenliebe.com\\\/it\\\/shop\\\/prodotto\\\/scorpione-maurus-palmatus\\\/#primaryimage\",\"url\":\"https:\\\/\\\/insektenliebe.com\\\/wp-content\\\/uploads\\\/2025\\\/05\\\/Scorpio-maurus-2.jpg\",\"contentUrl\":\"https:\\\/\\\/insektenliebe.com\\\/wp-content\\\/uploads\\\/2025\\\/05\\\/Scorpio-maurus-2.jpg\",\"width\":820,\"height\":820,\"caption\":\"Scorpione-mauro-2.jpg\"},{\"@type\":\"BreadcrumbList\",\"@id\":\"https:\\\/\\\/insektenliebe.com\\\/it\\\/shop\\\/prodotto\\\/scorpione-maurus-palmatus\\\/#breadcrumb\",\"itemListElement\":[{\"@type\":\"ListItem\",\"position\":1,\"name\":\"Startseite\",\"item\":\"https:\\\/\\\/insektenliebe.com\\\/it\\\/\"},{\"@type\":\"ListItem\",\"position\":2,\"name\":\"Negozio\",\"item\":\"https:\\\/\\\/insektenliebe.com\\\/it\\\/negozio\\\/\"},{\"@type\":\"ListItem\",\"position\":3,\"name\":\"Scorpione maurus palmatus\"}]},{\"@type\":\"WebSite\",\"@id\":\"https:\\\/\\\/insektenliebe.com\\\/it\\\/#website\",\"url\":\"https:\\\/\\\/insektenliebe.com\\\/it\\\/\",\"name\":\"Insektenliebe\",\"description\":\"Dein Zuhause f\u00fcr die kleinen Lebewesen\",\"publisher\":{\"@id\":\"https:\\\/\\\/insektenliebe.com\\\/it\\\/#organization\"},\"potentialAction\":[{\"@type\":\"SearchAction\",\"target\":{\"@type\":\"EntryPoint\",\"urlTemplate\":\"https:\\\/\\\/insektenliebe.com\\\/it\\\/?s={search_term_string}\"},\"query-input\":{\"@type\":\"PropertyValueSpecification\",\"valueRequired\":true,\"valueName\":\"search_term_string\"}}],\"inLanguage\":\"it-IT\"},{\"@type\":\"Organization\",\"@id\":\"https:\\\/\\\/insektenliebe.com\\\/it\\\/#organization\",\"name\":\"Insektenliebe\",\"url\":\"https:\\\/\\\/insektenliebe.com\\\/it\\\/\",\"logo\":{\"@type\":\"ImageObject\",\"inLanguage\":\"it-IT\",\"@id\":\"https:\\\/\\\/insektenliebe.com\\\/it\\\/#\\\/schema\\\/logo\\\/image\\\/\",\"url\":\"https:\\\/\\\/insektenliebe.com\\\/wp-content\\\/uploads\\\/2025\\\/03\\\/logo-white.png\",\"contentUrl\":\"https:\\\/\\\/insektenliebe.com\\\/wp-content\\\/uploads\\\/2025\\\/03\\\/logo-white.png\",\"width\":288,\"height\":188,\"caption\":\"Insektenliebe\"},\"image\":{\"@id\":\"https:\\\/\\\/insektenliebe.com\\\/it\\\/#\\\/schema\\\/logo\\\/image\\\/\"}}]}<\/script>\n<!-- \/ Yoast SEO plugin. -->","yoast_head_json":{"title":"Scorpione maurus palmatus - Insektenliebe","description":"Acquista a buon mercato lo Scorpio maurus palmatus direttamente online. Una specie innocua e imponente che puoi acquistare qui direttamente dall'allevatore.","robots":{"index":"index","follow":"follow","max-snippet":"max-snippet:-1","max-image-preview":"max-image-preview:large","max-video-preview":"max-video-preview:-1"},"canonical":"https:\/\/insektenliebe.com\/it\/shop\/prodotto\/scorpione-maurus-palmatus\/","og_locale":"it_IT","og_type":"article","og_title":"Scorpione maurus palmatus - Insektenliebe","og_description":"Acquista a buon mercato lo Scorpio maurus palmatus direttamente online. Una specie innocua e imponente che puoi acquistare qui direttamente dall'allevatore.","og_url":"https:\/\/insektenliebe.com\/it\/shop\/prodotto\/scorpione-maurus-palmatus\/","og_site_name":"Insektenliebe","article_modified_time":"2021-06-23T16:07:45+00:00","og_image":[{"width":820,"height":820,"url":"https:\/\/insektenliebe.com\/wp-content\/uploads\/2025\/05\/Scorpio-maurus-2.jpg","type":"image\/jpeg"}],"twitter_card":"summary_large_image","twitter_misc":{"Tempo di lettura stimato":"2 minuto"},"schema":{"@context":"https:\/\/schema.org","@graph":[{"@type":"WebPage","@id":"https:\/\/insektenliebe.com\/it\/shop\/prodotto\/scorpione-maurus-palmatus\/","url":"https:\/\/insektenliebe.com\/it\/shop\/prodotto\/scorpione-maurus-palmatus\/","name":"Scorpione maurus palmatus - Insektenliebe","isPartOf":{"@id":"https:\/\/insektenliebe.com\/it\/#website"},"primaryImageOfPage":{"@id":"https:\/\/insektenliebe.com\/it\/shop\/prodotto\/scorpione-maurus-palmatus\/#primaryimage"},"image":{"@id":"https:\/\/insektenliebe.com\/it\/shop\/prodotto\/scorpione-maurus-palmatus\/#primaryimage"},"thumbnailUrl":"https:\/\/insektenliebe.com\/wp-content\/uploads\/2025\/05\/Scorpio-maurus-2.jpg","datePublished":"2021-06-23T16:07:44+00:00","dateModified":"2021-06-23T16:07:45+00:00","description":"Acquista a buon mercato lo Scorpio maurus palmatus direttamente online. Una specie innocua e imponente che puoi acquistare qui direttamente dall'allevatore.","breadcrumb":{"@id":"https:\/\/insektenliebe.com\/it\/shop\/prodotto\/scorpione-maurus-palmatus\/#breadcrumb"},"inLanguage":"it-IT","potentialAction":[{"@type":"ReadAction","target":["https:\/\/insektenliebe.com\/it\/shop\/prodotto\/scorpione-maurus-palmatus\/"]}]},{"@type":"ImageObject","inLanguage":"it-IT","@id":"https:\/\/insektenliebe.com\/it\/shop\/prodotto\/scorpione-maurus-palmatus\/#primaryimage","url":"https:\/\/insektenliebe.com\/wp-content\/uploads\/2025\/05\/Scorpio-maurus-2.jpg","contentUrl":"https:\/\/insektenliebe.com\/wp-content\/uploads\/2025\/05\/Scorpio-maurus-2.jpg","width":820,"height":820,"caption":"Scorpione-mauro-2.jpg"},{"@type":"BreadcrumbList","@id":"https:\/\/insektenliebe.com\/it\/shop\/prodotto\/scorpione-maurus-palmatus\/#breadcrumb","itemListElement":[{"@type":"ListItem","position":1,"name":"Startseite","item":"https:\/\/insektenliebe.com\/it\/"},{"@type":"ListItem","position":2,"name":"Negozio","item":"https:\/\/insektenliebe.com\/it\/negozio\/"},{"@type":"ListItem","position":3,"name":"Scorpione maurus palmatus"}]},{"@type":"WebSite","@id":"https:\/\/insektenliebe.com\/it\/#website","url":"https:\/\/insektenliebe.com\/it\/","name":"Insektenliebe","description":"Dein Zuhause f\u00fcr die kleinen Lebewesen","publisher":{"@id":"https:\/\/insektenliebe.com\/it\/#organization"},"potentialAction":[{"@type":"SearchAction","target":{"@type":"EntryPoint","urlTemplate":"https:\/\/insektenliebe.com\/it\/?s={search_term_string}"},"query-input":{"@type":"PropertyValueSpecification","valueRequired":true,"valueName":"search_term_string"}}],"inLanguage":"it-IT"},{"@type":"Organization","@id":"https:\/\/insektenliebe.com\/it\/#organization","name":"Insektenliebe","url":"https:\/\/insektenliebe.com\/it\/","logo":{"@type":"ImageObject","inLanguage":"it-IT","@id":"https:\/\/insektenliebe.com\/it\/#\/schema\/logo\/image\/","url":"https:\/\/insektenliebe.com\/wp-content\/uploads\/2025\/03\/logo-white.png","contentUrl":"https:\/\/insektenliebe.com\/wp-content\/uploads\/2025\/03\/logo-white.png","width":288,"height":188,"caption":"Insektenliebe"},"image":{"@id":"https:\/\/insektenliebe.com\/it\/#\/schema\/logo\/image\/"}}]}},"_links":{"self":[{"href":"https:\/\/insektenliebe.com\/it\/wp-json\/wp\/v2\/product\/188843","targetHints":{"allow":["GET"]}}],"collection":[{"href":"https:\/\/insektenliebe.com\/it\/wp-json\/wp\/v2\/product"}],"about":[{"href":"https:\/\/insektenliebe.com\/it\/wp-json\/wp\/v2\/types\/product"}],"wp:featuredmedia":[{"embeddable":true,"href":"https:\/\/insektenliebe.com\/it\/wp-json\/wp\/v2\/media\/188845"}],"wp:attachment":[{"href":"https:\/\/insektenliebe.com\/it\/wp-json\/wp\/v2\/media?parent=188843"}],"wp:term":[{"taxonomy":"product-supplier","embeddable":true,"href":"https:\/\/insektenliebe.com\/it\/wp-json\/wp\/v2\/product-supplier?post=188843"},{"taxonomy":"product_brand","embeddable":true,"href":"https:\/\/insektenliebe.com\/it\/wp-json\/wp\/v2\/product_brand?post=188843"},{"taxonomy":"product_cat","embeddable":true,"href":"https:\/\/insektenliebe.com\/it\/wp-json\/wp\/v2\/product_cat?post=188843"},{"taxonomy":"product_tag","embeddable":true,"href":"https:\/\/insektenliebe.com\/it\/wp-json\/wp\/v2\/product_tag?post=188843"},{"taxonomy":"lce-checkout-addons","embeddable":true,"href":"https:\/\/insektenliebe.com\/it\/wp-json\/wp\/v2\/lce-checkout-addons?post=188843"}],"curies":[{"name":"wp","href":"https:\/\/api.w.org\/{rel}","templated":true}]}}