{"id":188842,"date":"2021-02-25T13:25:30","date_gmt":"2021-02-25T11:25:30","guid":{"rendered":"https:\/\/insektenliebe.com\/shop\/produkt\/scolopendra-dehaani-gamba-rossa\/"},"modified":"2021-02-25T13:25:30","modified_gmt":"2021-02-25T12:25:30","slug":"scolopendra-dehaani-gamba-rossa","status":"publish","type":"product","link":"https:\/\/insektenliebe.com\/it\/shop\/prodotto\/scolopendra-dehaani-gamba-rossa\/","title":{"rendered":"Scolopendra dehaani \"Gamba Rossa"},"content":{"rendered":"<h3><span style=\"color: #99cc33\">Breve descrizione:<\/span><\/h3>\n<p class=\"p1\">Gli animali hanno il corpo di colore marrone scuro, mentre il colore delle zampe pu\u00f2 variare dal giallo al rosso, a seconda dell&#8217;area di provenienza. Le <span class=\"hiddenSpellError\">Scolopendra<\/span> <span class=\"hiddenSpellError\">dehaani<\/span> \"Red Leg\" hanno un colore rosso continuo delle zampe, che crea un contrasto brillante con il colore del corpo.<\/p>\n<p>Questi  <span class=\"hiddenSpellError\">Specie di Skolopender<\/span>  \u00e8 piuttosto agile e ama esplorare l&#8217;ambiente circostante. Sono cacciatori e iniettano il loro veleno negli animali che considerano cibo o aggressori. Si consiglia di fare attenzione quando si maneggiano le <span class=\"hiddenSpellError\">scolopendre<\/span>, poich\u00e9 il loro veleno pu\u00f2 essere pericoloso anche per gli esseri umani. Tuttavia, un morso non \u00e8 pericoloso per la vita di un adulto sano, ma provoca un dolore molto forte. Per questo motivo si consiglia di utilizzare una scatola sufficientemente alta, con un&#8217;altezza minima di 30 cm e un coperchio a tenuta stagna.     <\/p>\n<p>L&#8217;umidit\u00e0 dovrebbe essere intorno al 70-80%. Tuttavia, bisogna fare attenzione che il substrato non sia bagnato, poich\u00e9 gli animali tendono a sviluppare muffe se tenuti troppo umidi. Le foglie di mandorlo marino come strato superiore hanno un effetto inibitore dei funghi e devono quindi essere distribuite generosamente.  <\/p>\n<p>Gli <span class=\"hiddenSpellError\">Scolopendra<\/span> <span class=\"hiddenSpellError\">dehaani<\/span> \"Gamba rossa\" non sono molto esigenti in fatto di cibo e riescono a sopportare anche animali pi\u00f9 grandi di loro. Insetti come grilli, cavallette o scarafaggi si sono dimostrati efficaci nell&#8217;allevamento. Gli animali non mangiati dovrebbero essere rimossi dopo un giorno, poich\u00e9 le <span class=\"hiddenSpellError\">scolopendre<\/span> sono indifese anche durante la <span class=\"hiddenSpellError\">fase di muta<\/span>.  <\/p>\n<p>Chiunque stia pensando di acquistare una <span class=\"hiddenSpellError\">Scolopendra<\/span> <span class=\"hiddenSpellError\">dehaani<\/span> \"Red Leg\" deve sapere che si tratta di un animale velenoso e che deve essere maneggiato con molta attenzione. In cambio, per\u00f2, si ottiene un animale preistorico dall&#8217;aspetto bizzarro e dal comportamento assolutamente affascinante. <\/p>\n<p><strong>Dimensioni attuali: min 16 cm<\/strong><\/p>\n<div><\/div>\n","protected":false},"excerpt":{"rendered":"<p>Scolopendre dall&#8217;aspetto scurrile con le zampe rosse!<\/p>\n","protected":false},"featured_media":188844,"template":"","meta":{"_acf_changed":false},"product-supplier":[],"product_brand":[],"product_cat":[2829],"product_tag":[],"lce-checkout-addons":[2746],"class_list":{"0":"post-188842","1":"product","2":"type-product","3":"status-publish","4":"has-post-thumbnail","6":"product_cat-altri-invertebrati","7":"product_shipping_class-spedizione-di-animali","8":"pa_herkunft-vietnam","9":"pa_kontinent-asia","10":"lce-checkout-addons-imballaggio-invernale","12":"first","13":"outofstock","14":"taxable","15":"shipping-taxable","16":"purchasable","17":"product-type-simple"},"acf":[],"yoast_head":"<!-- This site is optimized with the Yoast SEO Premium plugin v26.8 (Yoast SEO v27.3) - https:\/\/yoast.com\/product\/yoast-seo-premium-wordpress\/ -->\n<title>Scolopendra dehaani &quot;Gamba Rossa - Insektenliebe<\/title>\n<meta name=\"description\" content=\"Acquista a buon mercato Scolopendra dehaani &quot;Red Leg&quot; direttamente online. Scolopendra gigante dal Vietnam offerta qui nel negozio online.\" \/>\n<meta name=\"robots\" content=\"index, follow, max-snippet:-1, max-image-preview:large, max-video-preview:-1\" \/>\n<link rel=\"canonical\" href=\"https:\/\/insektenliebe.com\/it\/shop\/prodotto\/scolopendra-dehaani-gamba-rossa\/\" \/>\n<meta property=\"og:locale\" content=\"it_IT\" \/>\n<meta property=\"og:type\" content=\"article\" \/>\n<meta property=\"og:title\" content=\"Scolopendra dehaani &quot;Gamba Rossa\" \/>\n<meta property=\"og:description\" content=\"Acquista a buon mercato Scolopendra dehaani &quot;Red Leg&quot; direttamente online. Scolopendra gigante dal Vietnam offerta qui nel negozio online.\" \/>\n<meta property=\"og:url\" content=\"https:\/\/insektenliebe.com\/it\/shop\/prodotto\/scolopendra-dehaani-gamba-rossa\/\" \/>\n<meta property=\"og:site_name\" content=\"Insektenliebe\" \/>\n<meta property=\"article:modified_time\" content=\"2021-02-25T12:25:30+00:00\" \/>\n<meta property=\"og:image\" content=\"https:\/\/insektenliebe.com\/wp-content\/uploads\/2025\/05\/Scolopendra-dehaani-_Red-Leg_-2.jpg\" \/>\n\t<meta property=\"og:image:width\" content=\"820\" \/>\n\t<meta property=\"og:image:height\" content=\"820\" \/>\n\t<meta property=\"og:image:type\" content=\"image\/jpeg\" \/>\n<meta name=\"twitter:card\" content=\"summary_large_image\" \/>\n<meta name=\"twitter:label1\" content=\"Prezzo\" \/>\n\t<meta name=\"twitter:data1\" content=\"36,00&nbsp;&euro; IVA incl., + spese di sped.\" \/>\n\t<meta name=\"twitter:label2\" content=\"Disponibilit\u00e0\" \/>\n\t<meta name=\"twitter:data2\" content=\"Esaurito\" \/>\n<script type=\"application\/ld+json\" class=\"yoast-schema-graph\">{\"@context\":\"https:\\\/\\\/schema.org\",\"@graph\":[{\"@type\":\"WebPage\",\"@id\":\"https:\\\/\\\/insektenliebe.com\\\/it\\\/shop\\\/prodotto\\\/scolopendra-dehaani-gamba-rossa\\\/\",\"url\":\"https:\\\/\\\/insektenliebe.com\\\/it\\\/shop\\\/prodotto\\\/scolopendra-dehaani-gamba-rossa\\\/\",\"name\":\"Scolopendra dehaani \\\"Gamba Rossa - Insektenliebe\",\"isPartOf\":{\"@id\":\"https:\\\/\\\/insektenliebe.com\\\/it\\\/#website\"},\"primaryImageOfPage\":{\"@id\":\"https:\\\/\\\/insektenliebe.com\\\/it\\\/shop\\\/prodotto\\\/scolopendra-dehaani-gamba-rossa\\\/#primaryimage\"},\"image\":{\"@id\":\"https:\\\/\\\/insektenliebe.com\\\/it\\\/shop\\\/prodotto\\\/scolopendra-dehaani-gamba-rossa\\\/#primaryimage\"},\"thumbnailUrl\":\"https:\\\/\\\/insektenliebe.com\\\/wp-content\\\/uploads\\\/2025\\\/05\\\/Scolopendra-dehaani-_Red-Leg_-2.jpg\",\"datePublished\":\"2021-02-25T11:25:30+00:00\",\"dateModified\":\"2021-02-25T12:25:30+00:00\",\"description\":\"Acquista a buon mercato Scolopendra dehaani \\\"Red Leg\\\" direttamente online. Scolopendra gigante dal Vietnam offerta qui nel negozio online.\",\"breadcrumb\":{\"@id\":\"https:\\\/\\\/insektenliebe.com\\\/it\\\/shop\\\/prodotto\\\/scolopendra-dehaani-gamba-rossa\\\/#breadcrumb\"},\"inLanguage\":\"it-IT\",\"potentialAction\":[{\"@type\":\"ReadAction\",\"target\":[\"https:\\\/\\\/insektenliebe.com\\\/it\\\/shop\\\/prodotto\\\/scolopendra-dehaani-gamba-rossa\\\/\"]}]},{\"@type\":\"ImageObject\",\"inLanguage\":\"it-IT\",\"@id\":\"https:\\\/\\\/insektenliebe.com\\\/it\\\/shop\\\/prodotto\\\/scolopendra-dehaani-gamba-rossa\\\/#primaryimage\",\"url\":\"https:\\\/\\\/insektenliebe.com\\\/wp-content\\\/uploads\\\/2025\\\/05\\\/Scolopendra-dehaani-_Red-Leg_-2.jpg\",\"contentUrl\":\"https:\\\/\\\/insektenliebe.com\\\/wp-content\\\/uploads\\\/2025\\\/05\\\/Scolopendra-dehaani-_Red-Leg_-2.jpg\",\"width\":820,\"height\":820,\"caption\":\"Scolopendra-dehaani-_Red-Leg_-2.jpg\"},{\"@type\":\"BreadcrumbList\",\"@id\":\"https:\\\/\\\/insektenliebe.com\\\/it\\\/shop\\\/prodotto\\\/scolopendra-dehaani-gamba-rossa\\\/#breadcrumb\",\"itemListElement\":[{\"@type\":\"ListItem\",\"position\":1,\"name\":\"Startseite\",\"item\":\"https:\\\/\\\/insektenliebe.com\\\/it\\\/\"},{\"@type\":\"ListItem\",\"position\":2,\"name\":\"Negozio\",\"item\":\"https:\\\/\\\/insektenliebe.com\\\/it\\\/negozio\\\/\"},{\"@type\":\"ListItem\",\"position\":3,\"name\":\"Scolopendra dehaani &#8220;Gamba Rossa\"}]},{\"@type\":\"WebSite\",\"@id\":\"https:\\\/\\\/insektenliebe.com\\\/it\\\/#website\",\"url\":\"https:\\\/\\\/insektenliebe.com\\\/it\\\/\",\"name\":\"Insektenliebe\",\"description\":\"Dein Zuhause f\u00fcr die kleinen Lebewesen\",\"publisher\":{\"@id\":\"https:\\\/\\\/insektenliebe.com\\\/it\\\/#organization\"},\"potentialAction\":[{\"@type\":\"SearchAction\",\"target\":{\"@type\":\"EntryPoint\",\"urlTemplate\":\"https:\\\/\\\/insektenliebe.com\\\/it\\\/?s={search_term_string}\"},\"query-input\":{\"@type\":\"PropertyValueSpecification\",\"valueRequired\":true,\"valueName\":\"search_term_string\"}}],\"inLanguage\":\"it-IT\"},{\"@type\":\"Organization\",\"@id\":\"https:\\\/\\\/insektenliebe.com\\\/it\\\/#organization\",\"name\":\"Insektenliebe\",\"url\":\"https:\\\/\\\/insektenliebe.com\\\/it\\\/\",\"logo\":{\"@type\":\"ImageObject\",\"inLanguage\":\"it-IT\",\"@id\":\"https:\\\/\\\/insektenliebe.com\\\/it\\\/#\\\/schema\\\/logo\\\/image\\\/\",\"url\":\"https:\\\/\\\/insektenliebe.com\\\/wp-content\\\/uploads\\\/2025\\\/03\\\/logo-white.png\",\"contentUrl\":\"https:\\\/\\\/insektenliebe.com\\\/wp-content\\\/uploads\\\/2025\\\/03\\\/logo-white.png\",\"width\":288,\"height\":188,\"caption\":\"Insektenliebe\"},\"image\":{\"@id\":\"https:\\\/\\\/insektenliebe.com\\\/it\\\/#\\\/schema\\\/logo\\\/image\\\/\"}}]}<\/script>\n<meta property=\"product:price:amount\" content=\"36.00\" \/>\n<meta property=\"product:price:currency\" content=\"EUR\" \/>\n<meta property=\"og:availability\" content=\"out of stock\" \/>\n<meta property=\"product:availability\" content=\"out of stock\" \/>\n<meta property=\"product:retailer_item_id\" content=\"264\" \/>\n<meta property=\"product:condition\" content=\"new\" \/>\n<!-- \/ Yoast SEO Premium plugin. -->","yoast_head_json":{"title":"Scolopendra dehaani \"Gamba Rossa - Insektenliebe","description":"Acquista a buon mercato Scolopendra dehaani \"Red Leg\" direttamente online. Scolopendra gigante dal Vietnam offerta qui nel negozio online.","robots":{"index":"index","follow":"follow","max-snippet":"max-snippet:-1","max-image-preview":"max-image-preview:large","max-video-preview":"max-video-preview:-1"},"canonical":"https:\/\/insektenliebe.com\/it\/shop\/prodotto\/scolopendra-dehaani-gamba-rossa\/","og_locale":"it_IT","og_type":"article","og_title":"Scolopendra dehaani \"Gamba Rossa","og_description":"Acquista a buon mercato Scolopendra dehaani \"Red Leg\" direttamente online. Scolopendra gigante dal Vietnam offerta qui nel negozio online.","og_url":"https:\/\/insektenliebe.com\/it\/shop\/prodotto\/scolopendra-dehaani-gamba-rossa\/","og_site_name":"Insektenliebe","article_modified_time":"2021-02-25T12:25:30+00:00","og_image":[{"width":820,"height":820,"url":"https:\/\/insektenliebe.com\/wp-content\/uploads\/2025\/05\/Scolopendra-dehaani-_Red-Leg_-2.jpg","type":"image\/jpeg"}],"twitter_card":"summary_large_image","twitter_misc":{"Prezzo":"36,00&nbsp;&euro; IVA incl., + spese di sped.","Disponibilit\u00e0":"Esaurito"},"schema":{"@context":"https:\/\/schema.org","@graph":[{"@type":"WebPage","@id":"https:\/\/insektenliebe.com\/it\/shop\/prodotto\/scolopendra-dehaani-gamba-rossa\/","url":"https:\/\/insektenliebe.com\/it\/shop\/prodotto\/scolopendra-dehaani-gamba-rossa\/","name":"Scolopendra dehaani \"Gamba Rossa - Insektenliebe","isPartOf":{"@id":"https:\/\/insektenliebe.com\/it\/#website"},"primaryImageOfPage":{"@id":"https:\/\/insektenliebe.com\/it\/shop\/prodotto\/scolopendra-dehaani-gamba-rossa\/#primaryimage"},"image":{"@id":"https:\/\/insektenliebe.com\/it\/shop\/prodotto\/scolopendra-dehaani-gamba-rossa\/#primaryimage"},"thumbnailUrl":"https:\/\/insektenliebe.com\/wp-content\/uploads\/2025\/05\/Scolopendra-dehaani-_Red-Leg_-2.jpg","datePublished":"2021-02-25T11:25:30+00:00","dateModified":"2021-02-25T12:25:30+00:00","description":"Acquista a buon mercato Scolopendra dehaani \"Red Leg\" direttamente online. Scolopendra gigante dal Vietnam offerta qui nel negozio online.","breadcrumb":{"@id":"https:\/\/insektenliebe.com\/it\/shop\/prodotto\/scolopendra-dehaani-gamba-rossa\/#breadcrumb"},"inLanguage":"it-IT","potentialAction":[{"@type":"ReadAction","target":["https:\/\/insektenliebe.com\/it\/shop\/prodotto\/scolopendra-dehaani-gamba-rossa\/"]}]},{"@type":"ImageObject","inLanguage":"it-IT","@id":"https:\/\/insektenliebe.com\/it\/shop\/prodotto\/scolopendra-dehaani-gamba-rossa\/#primaryimage","url":"https:\/\/insektenliebe.com\/wp-content\/uploads\/2025\/05\/Scolopendra-dehaani-_Red-Leg_-2.jpg","contentUrl":"https:\/\/insektenliebe.com\/wp-content\/uploads\/2025\/05\/Scolopendra-dehaani-_Red-Leg_-2.jpg","width":820,"height":820,"caption":"Scolopendra-dehaani-_Red-Leg_-2.jpg"},{"@type":"BreadcrumbList","@id":"https:\/\/insektenliebe.com\/it\/shop\/prodotto\/scolopendra-dehaani-gamba-rossa\/#breadcrumb","itemListElement":[{"@type":"ListItem","position":1,"name":"Startseite","item":"https:\/\/insektenliebe.com\/it\/"},{"@type":"ListItem","position":2,"name":"Negozio","item":"https:\/\/insektenliebe.com\/it\/negozio\/"},{"@type":"ListItem","position":3,"name":"Scolopendra dehaani &#8220;Gamba Rossa"}]},{"@type":"WebSite","@id":"https:\/\/insektenliebe.com\/it\/#website","url":"https:\/\/insektenliebe.com\/it\/","name":"Insektenliebe","description":"Dein Zuhause f\u00fcr die kleinen Lebewesen","publisher":{"@id":"https:\/\/insektenliebe.com\/it\/#organization"},"potentialAction":[{"@type":"SearchAction","target":{"@type":"EntryPoint","urlTemplate":"https:\/\/insektenliebe.com\/it\/?s={search_term_string}"},"query-input":{"@type":"PropertyValueSpecification","valueRequired":true,"valueName":"search_term_string"}}],"inLanguage":"it-IT"},{"@type":"Organization","@id":"https:\/\/insektenliebe.com\/it\/#organization","name":"Insektenliebe","url":"https:\/\/insektenliebe.com\/it\/","logo":{"@type":"ImageObject","inLanguage":"it-IT","@id":"https:\/\/insektenliebe.com\/it\/#\/schema\/logo\/image\/","url":"https:\/\/insektenliebe.com\/wp-content\/uploads\/2025\/03\/logo-white.png","contentUrl":"https:\/\/insektenliebe.com\/wp-content\/uploads\/2025\/03\/logo-white.png","width":288,"height":188,"caption":"Insektenliebe"},"image":{"@id":"https:\/\/insektenliebe.com\/it\/#\/schema\/logo\/image\/"}}]},"product_price_amount":"36.00","product_price_currency":"EUR","og_availability":"out of stock","product_availability":"out of stock","product_retailer_item_id":"264","product_condition":"new"},"_links":{"self":[{"href":"https:\/\/insektenliebe.com\/it\/wp-json\/wp\/v2\/product\/188842","targetHints":{"allow":["GET"]}}],"collection":[{"href":"https:\/\/insektenliebe.com\/it\/wp-json\/wp\/v2\/product"}],"about":[{"href":"https:\/\/insektenliebe.com\/it\/wp-json\/wp\/v2\/types\/product"}],"wp:featuredmedia":[{"embeddable":true,"href":"https:\/\/insektenliebe.com\/it\/wp-json\/wp\/v2\/media\/188844"}],"wp:attachment":[{"href":"https:\/\/insektenliebe.com\/it\/wp-json\/wp\/v2\/media?parent=188842"}],"wp:term":[{"taxonomy":"product-supplier","embeddable":true,"href":"https:\/\/insektenliebe.com\/it\/wp-json\/wp\/v2\/product-supplier?post=188842"},{"taxonomy":"product_brand","embeddable":true,"href":"https:\/\/insektenliebe.com\/it\/wp-json\/wp\/v2\/product_brand?post=188842"},{"taxonomy":"product_cat","embeddable":true,"href":"https:\/\/insektenliebe.com\/it\/wp-json\/wp\/v2\/product_cat?post=188842"},{"taxonomy":"product_tag","embeddable":true,"href":"https:\/\/insektenliebe.com\/it\/wp-json\/wp\/v2\/product_tag?post=188842"},{"taxonomy":"lce-checkout-addons","embeddable":true,"href":"https:\/\/insektenliebe.com\/it\/wp-json\/wp\/v2\/lce-checkout-addons?post=188842"}],"curies":[{"name":"wp","href":"https:\/\/api.w.org\/{rel}","templated":true}]}}