{"id":188826,"date":"2025-09-08T16:50:00","date_gmt":"2025-09-08T14:50:00","guid":{"rendered":"https:\/\/insektenliebe.com\/shop\/produkt\/hobby-atomizzatore\/"},"modified":"2026-03-11T16:04:34","modified_gmt":"2026-03-11T15:04:34","slug":"hobby-atomizzatore","status":"publish","type":"product","link":"https:\/\/insektenliebe.com\/it\/shop\/prodotto\/hobby-atomizzatore\/","title":{"rendered":"Hobby Atomizzatore"},"content":{"rendered":"<h3 class=\"p1\"><span style=\"color: #99cc33\"><strong><span class=\"s1\">Umidit\u00e0 sotto controllo - con l&#8217;AtomiZZer di HOBBY<\/span><\/strong><\/span><\/h3>\n<p class=\"p1\"><span class=\"s1\">Con l&#8217;<strong>hobby AtomiZZer<\/strong><\/span><span class=\"s1\">  puoi portare l&#8217;umidit\u00e0 del tuo terrario a un livello ideale in modo rapido, semplice e preciso. Grazie alla funzione di pompa integrata con la pratica funzione di ri-spruzzatura automatica, viene creata una nebbia particolarmente fine e uniforme, che si distribuisce in modo ottimale in tutto il terrario. Questo non solo garantisce un clima stabile, ma aumenta anche visibilmente il benessere dei tuoi animali.  <\/span><\/p>\n<p class=\"p1\"><span class=\"s1\">Il nebulizzatore \u00e8 estremamente facile da usare: basta una sola pompa per produrre una nebbia costante, senza alcuna pressione rumorosa o faticosa. Che si tratti di un ragno saltatore, di una mantide o di una pianta tropicale, la nebbia delicata ha un effetto naturale ed \u00e8 ben accettata dalle specie sensibili. Il nebulizzatore pu\u00f2 essere utilizzato sia con l&#8217;acqua del rubinetto che con l&#8217;acqua di osmosi o distillata ed \u00e8 adatto anche per gli acquari o per la cura delle piante nelle serre o negli spazi abitativi.  <\/span><\/p>\n<p class=\"p1\"><span class=\"s1\">Anche il riempimento \u00e8 facile e veloce. Grazie al design trasparente, il livello dell&#8217;acqua \u00e8 sempre ben visibile. L&#8217;<strong>Hobby AtomiZZZer<\/strong> \u00e8 comodo da tenere in mano, robusto e riutilizzabile: un accessorio di cui nessun terrario dovrebbe fare a meno.  <\/span><\/p>\n<p class=\"p1\"><span class=\"s1\">Oltre all&#8217;uso nei terrari, la nebulizzazione fine \u00e8 ideale anche per innaffiare delicatamente foglie delicate e cuscini di muschio. Se ti occupi di piante, di animali o semplicemente vuoi tenere sotto controllo l&#8217;umidit\u00e0: Con <strong>Hobby AtomiZZZer<\/strong> hai tutto sotto controllo. <\/span><\/p>\n<p class=\"p1\"><span class=\"s1\"><strong>Un piccolo consiglio alla fine:<\/strong> \u00e8 meglio usare acqua tiepida quando si spruzza e pulire regolarmente il flacone. In questo modo la qualit\u00e0 della nebbia sar\u00e0 sempre buona e i tuoi animali ti ringrazieranno con un comportamento sano e una maggiore attivit\u00e0. <\/span><\/p>\n","protected":false},"excerpt":{"rendered":"<p>Umidit\u00e0 sotto controllo - con l&#8217;AtomiZZer di HOBBY Con l&#8217;hobby AtomiZZer puoi portare l&#8217;umidit\u00e0 del tuo terrario a un livello ideale in modo rapido, semplice e preciso. Grazie alla funzione di pompa integrata con la pratica funzione di ri-spruzzatura automatica, viene creata una nebbia particolarmente fine e uniforme, che si distribuisce in modo ottimale in [&hellip;]<\/p>\n","protected":false},"featured_media":188834,"template":"","meta":{"_acf_changed":false},"product-supplier":[2555],"product_brand":[2739],"product_cat":[2741],"product_tag":[],"lce-checkout-addons":[],"class_list":{"0":"post-188826","1":"product","2":"type-product","3":"status-publish","4":"has-post-thumbnail","6":"product_brand-hobby-terraristica","7":"product_cat-illuminazione-e-clima","8":"product_shipping_class-equipment-shipping","10":"first","11":"instock","12":"sale","13":"taxable","14":"shipping-taxable","15":"purchasable","16":"product-type-simple"},"acf":[],"yoast_head":"<!-- This site is optimized with the Yoast SEO plugin v27.3 - https:\/\/yoast.com\/product\/yoast-seo-wordpress\/ -->\n<title>Hobby Atomizzatore - Insektenliebe<\/title>\n<meta name=\"description\" content=\"HOBBY AtomiZZZer - nebulizzatore fine per un&#039;umidit\u00e0 ottimale. Facile da usare, silenzioso e ideale per terrari, piante e acquari.\" \/>\n<meta name=\"robots\" content=\"index, follow, max-snippet:-1, max-image-preview:large, max-video-preview:-1\" \/>\n<link rel=\"canonical\" href=\"https:\/\/insektenliebe.com\/it\/shop\/prodotto\/hobby-atomizzatore\/\" \/>\n<meta property=\"og:locale\" content=\"it_IT\" \/>\n<meta property=\"og:type\" content=\"article\" \/>\n<meta property=\"og:title\" content=\"Hobby Atomizzatore - Insektenliebe\" \/>\n<meta property=\"og:description\" content=\"HOBBY AtomiZZZer - nebulizzatore fine per un&#039;umidit\u00e0 ottimale. Facile da usare, silenzioso e ideale per terrari, piante e acquari.\" \/>\n<meta property=\"og:url\" content=\"https:\/\/insektenliebe.com\/it\/shop\/prodotto\/hobby-atomizzatore\/\" \/>\n<meta property=\"og:site_name\" content=\"Insektenliebe\" \/>\n<meta property=\"article:modified_time\" content=\"2026-03-11T15:04:34+00:00\" \/>\n<meta property=\"og:image\" content=\"https:\/\/insektenliebe.com\/wp-content\/uploads\/2023\/07\/Hobby-AtomiZZZer-Produktbild.jpg\" \/>\n\t<meta property=\"og:image:width\" content=\"820\" \/>\n\t<meta property=\"og:image:height\" content=\"820\" \/>\n\t<meta property=\"og:image:type\" content=\"image\/jpeg\" \/>\n<meta name=\"twitter:card\" content=\"summary_large_image\" \/>\n<meta name=\"twitter:label1\" content=\"Tempo di lettura stimato\" \/>\n\t<meta name=\"twitter:data1\" content=\"1 minuto\" \/>\n<script type=\"application\/ld+json\" class=\"yoast-schema-graph\">{\"@context\":\"https:\\\/\\\/schema.org\",\"@graph\":[{\"@type\":\"WebPage\",\"@id\":\"https:\\\/\\\/insektenliebe.com\\\/it\\\/shop\\\/prodotto\\\/hobby-atomizzatore\\\/\",\"url\":\"https:\\\/\\\/insektenliebe.com\\\/it\\\/shop\\\/prodotto\\\/hobby-atomizzatore\\\/\",\"name\":\"Hobby Atomizzatore - Insektenliebe\",\"isPartOf\":{\"@id\":\"https:\\\/\\\/insektenliebe.com\\\/it\\\/#website\"},\"primaryImageOfPage\":{\"@id\":\"https:\\\/\\\/insektenliebe.com\\\/it\\\/shop\\\/prodotto\\\/hobby-atomizzatore\\\/#primaryimage\"},\"image\":{\"@id\":\"https:\\\/\\\/insektenliebe.com\\\/it\\\/shop\\\/prodotto\\\/hobby-atomizzatore\\\/#primaryimage\"},\"thumbnailUrl\":\"https:\\\/\\\/insektenliebe.com\\\/wp-content\\\/uploads\\\/2023\\\/07\\\/Hobby-AtomiZZZer-Produktbild.jpg\",\"datePublished\":\"2025-09-08T14:50:00+00:00\",\"dateModified\":\"2026-03-11T15:04:34+00:00\",\"description\":\"HOBBY AtomiZZZer - nebulizzatore fine per un'umidit\u00e0 ottimale. Facile da usare, silenzioso e ideale per terrari, piante e acquari.\",\"breadcrumb\":{\"@id\":\"https:\\\/\\\/insektenliebe.com\\\/it\\\/shop\\\/prodotto\\\/hobby-atomizzatore\\\/#breadcrumb\"},\"inLanguage\":\"it-IT\",\"potentialAction\":[{\"@type\":\"ReadAction\",\"target\":[\"https:\\\/\\\/insektenliebe.com\\\/it\\\/shop\\\/prodotto\\\/hobby-atomizzatore\\\/\"]}]},{\"@type\":\"ImageObject\",\"inLanguage\":\"it-IT\",\"@id\":\"https:\\\/\\\/insektenliebe.com\\\/it\\\/shop\\\/prodotto\\\/hobby-atomizzatore\\\/#primaryimage\",\"url\":\"https:\\\/\\\/insektenliebe.com\\\/wp-content\\\/uploads\\\/2023\\\/07\\\/Hobby-AtomiZZZer-Produktbild.jpg\",\"contentUrl\":\"https:\\\/\\\/insektenliebe.com\\\/wp-content\\\/uploads\\\/2023\\\/07\\\/Hobby-AtomiZZZer-Produktbild.jpg\",\"width\":820,\"height\":820,\"caption\":\"Immagine del prodotto Hobby AtomiZZer\"},{\"@type\":\"BreadcrumbList\",\"@id\":\"https:\\\/\\\/insektenliebe.com\\\/it\\\/shop\\\/prodotto\\\/hobby-atomizzatore\\\/#breadcrumb\",\"itemListElement\":[{\"@type\":\"ListItem\",\"position\":1,\"name\":\"Startseite\",\"item\":\"https:\\\/\\\/insektenliebe.com\\\/it\\\/\"},{\"@type\":\"ListItem\",\"position\":2,\"name\":\"Negozio\",\"item\":\"https:\\\/\\\/insektenliebe.com\\\/it\\\/negozio\\\/\"},{\"@type\":\"ListItem\",\"position\":3,\"name\":\"Hobby Atomizzatore\"}]},{\"@type\":\"WebSite\",\"@id\":\"https:\\\/\\\/insektenliebe.com\\\/it\\\/#website\",\"url\":\"https:\\\/\\\/insektenliebe.com\\\/it\\\/\",\"name\":\"Insektenliebe\",\"description\":\"Dein Zuhause f\u00fcr die kleinen Lebewesen\",\"publisher\":{\"@id\":\"https:\\\/\\\/insektenliebe.com\\\/it\\\/#organization\"},\"potentialAction\":[{\"@type\":\"SearchAction\",\"target\":{\"@type\":\"EntryPoint\",\"urlTemplate\":\"https:\\\/\\\/insektenliebe.com\\\/it\\\/?s={search_term_string}\"},\"query-input\":{\"@type\":\"PropertyValueSpecification\",\"valueRequired\":true,\"valueName\":\"search_term_string\"}}],\"inLanguage\":\"it-IT\"},{\"@type\":\"Organization\",\"@id\":\"https:\\\/\\\/insektenliebe.com\\\/it\\\/#organization\",\"name\":\"Insektenliebe\",\"url\":\"https:\\\/\\\/insektenliebe.com\\\/it\\\/\",\"logo\":{\"@type\":\"ImageObject\",\"inLanguage\":\"it-IT\",\"@id\":\"https:\\\/\\\/insektenliebe.com\\\/it\\\/#\\\/schema\\\/logo\\\/image\\\/\",\"url\":\"https:\\\/\\\/insektenliebe.com\\\/wp-content\\\/uploads\\\/2025\\\/03\\\/logo-white.png\",\"contentUrl\":\"https:\\\/\\\/insektenliebe.com\\\/wp-content\\\/uploads\\\/2025\\\/03\\\/logo-white.png\",\"width\":288,\"height\":188,\"caption\":\"Insektenliebe\"},\"image\":{\"@id\":\"https:\\\/\\\/insektenliebe.com\\\/it\\\/#\\\/schema\\\/logo\\\/image\\\/\"}}]}<\/script>\n<!-- \/ Yoast SEO plugin. -->","yoast_head_json":{"title":"Hobby Atomizzatore - Insektenliebe","description":"HOBBY AtomiZZZer - nebulizzatore fine per un'umidit\u00e0 ottimale. Facile da usare, silenzioso e ideale per terrari, piante e acquari.","robots":{"index":"index","follow":"follow","max-snippet":"max-snippet:-1","max-image-preview":"max-image-preview:large","max-video-preview":"max-video-preview:-1"},"canonical":"https:\/\/insektenliebe.com\/it\/shop\/prodotto\/hobby-atomizzatore\/","og_locale":"it_IT","og_type":"article","og_title":"Hobby Atomizzatore - Insektenliebe","og_description":"HOBBY AtomiZZZer - nebulizzatore fine per un'umidit\u00e0 ottimale. Facile da usare, silenzioso e ideale per terrari, piante e acquari.","og_url":"https:\/\/insektenliebe.com\/it\/shop\/prodotto\/hobby-atomizzatore\/","og_site_name":"Insektenliebe","article_modified_time":"2026-03-11T15:04:34+00:00","og_image":[{"width":820,"height":820,"url":"https:\/\/insektenliebe.com\/wp-content\/uploads\/2023\/07\/Hobby-AtomiZZZer-Produktbild.jpg","type":"image\/jpeg"}],"twitter_card":"summary_large_image","twitter_misc":{"Tempo di lettura stimato":"1 minuto"},"schema":{"@context":"https:\/\/schema.org","@graph":[{"@type":"WebPage","@id":"https:\/\/insektenliebe.com\/it\/shop\/prodotto\/hobby-atomizzatore\/","url":"https:\/\/insektenliebe.com\/it\/shop\/prodotto\/hobby-atomizzatore\/","name":"Hobby Atomizzatore - Insektenliebe","isPartOf":{"@id":"https:\/\/insektenliebe.com\/it\/#website"},"primaryImageOfPage":{"@id":"https:\/\/insektenliebe.com\/it\/shop\/prodotto\/hobby-atomizzatore\/#primaryimage"},"image":{"@id":"https:\/\/insektenliebe.com\/it\/shop\/prodotto\/hobby-atomizzatore\/#primaryimage"},"thumbnailUrl":"https:\/\/insektenliebe.com\/wp-content\/uploads\/2023\/07\/Hobby-AtomiZZZer-Produktbild.jpg","datePublished":"2025-09-08T14:50:00+00:00","dateModified":"2026-03-11T15:04:34+00:00","description":"HOBBY AtomiZZZer - nebulizzatore fine per un'umidit\u00e0 ottimale. Facile da usare, silenzioso e ideale per terrari, piante e acquari.","breadcrumb":{"@id":"https:\/\/insektenliebe.com\/it\/shop\/prodotto\/hobby-atomizzatore\/#breadcrumb"},"inLanguage":"it-IT","potentialAction":[{"@type":"ReadAction","target":["https:\/\/insektenliebe.com\/it\/shop\/prodotto\/hobby-atomizzatore\/"]}]},{"@type":"ImageObject","inLanguage":"it-IT","@id":"https:\/\/insektenliebe.com\/it\/shop\/prodotto\/hobby-atomizzatore\/#primaryimage","url":"https:\/\/insektenliebe.com\/wp-content\/uploads\/2023\/07\/Hobby-AtomiZZZer-Produktbild.jpg","contentUrl":"https:\/\/insektenliebe.com\/wp-content\/uploads\/2023\/07\/Hobby-AtomiZZZer-Produktbild.jpg","width":820,"height":820,"caption":"Immagine del prodotto Hobby AtomiZZer"},{"@type":"BreadcrumbList","@id":"https:\/\/insektenliebe.com\/it\/shop\/prodotto\/hobby-atomizzatore\/#breadcrumb","itemListElement":[{"@type":"ListItem","position":1,"name":"Startseite","item":"https:\/\/insektenliebe.com\/it\/"},{"@type":"ListItem","position":2,"name":"Negozio","item":"https:\/\/insektenliebe.com\/it\/negozio\/"},{"@type":"ListItem","position":3,"name":"Hobby Atomizzatore"}]},{"@type":"WebSite","@id":"https:\/\/insektenliebe.com\/it\/#website","url":"https:\/\/insektenliebe.com\/it\/","name":"Insektenliebe","description":"Dein Zuhause f\u00fcr die kleinen Lebewesen","publisher":{"@id":"https:\/\/insektenliebe.com\/it\/#organization"},"potentialAction":[{"@type":"SearchAction","target":{"@type":"EntryPoint","urlTemplate":"https:\/\/insektenliebe.com\/it\/?s={search_term_string}"},"query-input":{"@type":"PropertyValueSpecification","valueRequired":true,"valueName":"search_term_string"}}],"inLanguage":"it-IT"},{"@type":"Organization","@id":"https:\/\/insektenliebe.com\/it\/#organization","name":"Insektenliebe","url":"https:\/\/insektenliebe.com\/it\/","logo":{"@type":"ImageObject","inLanguage":"it-IT","@id":"https:\/\/insektenliebe.com\/it\/#\/schema\/logo\/image\/","url":"https:\/\/insektenliebe.com\/wp-content\/uploads\/2025\/03\/logo-white.png","contentUrl":"https:\/\/insektenliebe.com\/wp-content\/uploads\/2025\/03\/logo-white.png","width":288,"height":188,"caption":"Insektenliebe"},"image":{"@id":"https:\/\/insektenliebe.com\/it\/#\/schema\/logo\/image\/"}}]}},"_links":{"self":[{"href":"https:\/\/insektenliebe.com\/it\/wp-json\/wp\/v2\/product\/188826","targetHints":{"allow":["GET"]}}],"collection":[{"href":"https:\/\/insektenliebe.com\/it\/wp-json\/wp\/v2\/product"}],"about":[{"href":"https:\/\/insektenliebe.com\/it\/wp-json\/wp\/v2\/types\/product"}],"wp:featuredmedia":[{"embeddable":true,"href":"https:\/\/insektenliebe.com\/it\/wp-json\/wp\/v2\/media\/188834"}],"wp:attachment":[{"href":"https:\/\/insektenliebe.com\/it\/wp-json\/wp\/v2\/media?parent=188826"}],"wp:term":[{"taxonomy":"product-supplier","embeddable":true,"href":"https:\/\/insektenliebe.com\/it\/wp-json\/wp\/v2\/product-supplier?post=188826"},{"taxonomy":"product_brand","embeddable":true,"href":"https:\/\/insektenliebe.com\/it\/wp-json\/wp\/v2\/product_brand?post=188826"},{"taxonomy":"product_cat","embeddable":true,"href":"https:\/\/insektenliebe.com\/it\/wp-json\/wp\/v2\/product_cat?post=188826"},{"taxonomy":"product_tag","embeddable":true,"href":"https:\/\/insektenliebe.com\/it\/wp-json\/wp\/v2\/product_tag?post=188826"},{"taxonomy":"lce-checkout-addons","embeddable":true,"href":"https:\/\/insektenliebe.com\/it\/wp-json\/wp\/v2\/lce-checkout-addons?post=188826"}],"curies":[{"name":"wp","href":"https:\/\/api.w.org\/{rel}","templated":true}]}}