{"id":188825,"date":"2022-10-14T16:38:54","date_gmt":"2022-10-14T14:38:54","guid":{"rendered":"https:\/\/insektenliebe.com\/shop\/produkt\/harpactira-pulchripes\/"},"modified":"2026-04-21T07:37:08","modified_gmt":"2026-04-21T05:37:08","slug":"harpactira-pulchripes","status":"publish","type":"product","link":"https:\/\/insektenliebe.com\/it\/shop\/prodotto\/harpactira-pulchripes\/","title":{"rendered":"Harpactira pulchripes"},"content":{"rendered":"<h3><span class=\"s1\" style=\"color: #99cc33;\">Harpactira pulchripes - Molto pi\u00f9 che bella<\/span><\/h3>\n<p class=\"p1\"><strong><span class=\"s1\">Harpactira pulchripes<\/span><\/strong><span class=\"s2\">  \u00e8 una delle specie di tarantola africana pi\u00f9 impressionanti e colpisce per la sua colorazione intensa e il suo aspetto sicuro di s\u00e9. Le zampe blu brillante, in particolare, sono in netto contrasto con il corpo pi\u00f9 scuro e creano un aspetto inconfondibile che cattura immediatamente l&#8217;attenzione nel terrario. Questi colori non appaiono artificiali, ma piuttosto potenti e naturali, il che rende questa specie particolarmente popolare tra gli amanti delle tarantole africane.  <\/span><\/p>\n<p class=\"p1\"><span class=\"s2\"><strong><span class=\"s1\">Harpactira pulchripes<\/span><\/strong> \u00e8 originaria delle regioni pi\u00f9 aride dell&#8217;Africa meridionale e, di conseguenza, mostra un comportamento da tana sul fondo. Utilizza attivamente il substrato, creando tane o ampliando i nascondigli esistenti. Un substrato che possa scavare gioca quindi un ruolo fondamentale, poich\u00e9 solo in questo modo il ragno pu\u00f2 mettere in atto il suo comportamento naturale. Allo stesso tempo, ama ritirarsi, ma si mostra regolarmente all&#8217;ingresso della grotta quando le condizioni sono tranquille.   <\/span><\/p>\n<p class=\"p1\"><span class=\"s1\">Un altro aspetto interessante di <\/span><strong><span class=\"s2\">Harpactira pulchripes<\/span><\/strong><span class=\"s1\">  \u00e8 il suo caratteristico comportamento di ragnatela. Crea fitte ragnatele intorno all&#8217;ingresso della sua tana, che utilizza sia per proteggersi che come sistema di allarme. Queste sottili ragnatele spesso si estendono sul substrato e lungo le decorazioni e rivelano immediatamente quale area il ragno ha reclamato per s\u00e9. Questo comportamento si pu\u00f2 osservare particolarmente bene in terrari ben strutturati e conferisce all&#8217;allestimento una dinamica vivace e naturale.   <\/span><\/p>\n<p class=\"p1\"><span class=\"s2\">Caratteristiche <strong><span class=\"s1\">Harpactira pulchripes<\/span><\/strong> \u00e8 considerata sicura di s\u00e9 e piuttosto difensiva. Reagisce rapidamente, \u00e8 vigile e non va quindi sottovalutato. Tuttavia, sono proprio queste caratteristiche a renderla cos\u00ec eccitante per i proprietari esperti, poich\u00e9 ogni movimento appare mirato e controllato. Il comportamento frenetico \u00e8 raro, ma la presenza \u00e8 sempre evidente. Chiunque li osservi si rende subito conto che si tratta di un animale con forti istinti.    <\/span><\/p>\n<p class=\"p1\"><span class=\"s2\">Favorita in allevamento <strong><span class=\"s1\">Harpactira pulchripes<\/span><\/strong> preferisce un clima piuttosto secco, anche se non deve mancare una zona leggermente umida. \u00c8 importante una buona aerazione affinch\u00e9 il substrato non rimanga permanentemente umido. Le temperature calde garantiscono l&#8217;attivit\u00e0, mentre un ambiente stabile riduce lo stress. Il ragno assorbe in modo affidabile l&#8217;acqua da un piatto, per questo motivo dovrebbe essere sempre disponibile.   <\/span><\/p>\n<p class=\"p1\"><span class=\"s2\">Durante l&#8217;alimentazione <strong><span class=\"s1\">Harpactira pulchripes<\/span><\/strong> \u00e8 assertiva e pronta a reagire. Accetta il cibo con determinazione, il che rende l&#8217;osservazione particolarmente suggestiva. Allo stesso tempo, \u00e8 necessario nutrirsi con attenzione e non disturbare inutilmente l&#8217;animale, poich\u00e9 reagisce in modo molto sensibile alle vibrazioni.  <\/span><\/p>\n<p class=\"p1\"><span class=\"s2\"><strong><span class=\"s1\">Harpactira pulchripes<\/span><\/strong> non \u00e8 una tarantola per chi inizia subito, ma \u00e8 una scelta eccellente per chi cerca una specie espressiva, colorata e dal carattere forte. Combina un aspetto imponente con un comportamento entusiasmante e porta nel terrario un vero e proprio pezzo di natura selvaggia africana. <\/span><\/p>\n","protected":false},"excerpt":{"rendered":"<p>Harpactira pulchripes - Molto pi\u00f9 che bella Harpactira pulchripes \u00e8 una delle specie di tarantola africana pi\u00f9 impressionanti e colpisce per la sua colorazione intensa e il suo aspetto sicuro di s\u00e9. Le zampe blu brillante, in particolare, sono in netto contrasto con il corpo pi\u00f9 scuro e creano un aspetto inconfondibile che cattura immediatamente [&hellip;]<\/p>\n","protected":false},"featured_media":188827,"template":"","meta":{"_acf_changed":false},"product-supplier":[],"product_brand":[],"product_cat":[2809,3004],"product_tag":[],"lce-checkout-addons":[2746],"class_list":{"0":"post-188825","1":"product","2":"type-product","3":"status-publish","4":"has-post-thumbnail","6":"product_cat-ragni","7":"product_cat-tarantole","8":"product_shipping_class-spedizione-di-animali","9":"pa_geschlecht-donna","10":"pa_geschlecht-indeterminato","11":"pa_geschlecht-uomo","12":"pa_herkunft-sudafrica","13":"pa_kontinent-africa","14":"lce-checkout-addons-imballaggio-invernale","16":"first","17":"instock","18":"taxable","19":"shipping-taxable","20":"purchasable","21":"product-type-variable"},"acf":[],"yoast_head":"<!-- This site is optimized with the Yoast SEO Premium plugin v26.8 (Yoast SEO v27.3) - https:\/\/yoast.com\/product\/yoast-seo-premium-wordpress\/ -->\n<title>Harpactira pulchripes - Insektenliebe<\/title>\n<meta name=\"description\" content=\"Acquista a basso costo Harpactira pulchripes direttamente online! Una bellezza sudafricana adatta anche ai principianti.\" \/>\n<meta name=\"robots\" content=\"index, follow, max-snippet:-1, max-image-preview:large, max-video-preview:-1\" \/>\n<link rel=\"canonical\" href=\"https:\/\/insektenliebe.com\/it\/shop\/prodotto\/harpactira-pulchripes\/\" \/>\n<meta property=\"og:locale\" content=\"it_IT\" \/>\n<meta property=\"og:type\" content=\"article\" \/>\n<meta property=\"og:title\" content=\"Harpactira pulchripes\" \/>\n<meta property=\"og:description\" content=\"Acquista a basso costo Harpactira pulchripes direttamente online! Una bellezza sudafricana adatta anche ai principianti.\" \/>\n<meta property=\"og:url\" content=\"https:\/\/insektenliebe.com\/it\/shop\/prodotto\/harpactira-pulchripes\/\" \/>\n<meta property=\"og:site_name\" content=\"Insektenliebe\" \/>\n<meta property=\"article:modified_time\" content=\"2026-04-21T05:37:08+00:00\" \/>\n<meta property=\"og:image\" content=\"https:\/\/insektenliebe.com\/wp-content\/uploads\/2025\/05\/Harpactira-pulchripes-2.jpg\" \/>\n\t<meta property=\"og:image:width\" content=\"820\" \/>\n\t<meta property=\"og:image:height\" content=\"820\" \/>\n\t<meta property=\"og:image:type\" content=\"image\/jpeg\" \/>\n<meta name=\"twitter:card\" content=\"summary_large_image\" \/>\n<meta name=\"twitter:label1\" content=\"Disponibilit\u00e0\" \/>\n\t<meta name=\"twitter:data1\" content=\"In stock\" \/>\n<script type=\"application\/ld+json\" class=\"yoast-schema-graph\">{\"@context\":\"https:\\\/\\\/schema.org\",\"@graph\":[{\"@type\":\"WebPage\",\"@id\":\"https:\\\/\\\/insektenliebe.com\\\/it\\\/shop\\\/prodotto\\\/harpactira-pulchripes\\\/\",\"url\":\"https:\\\/\\\/insektenliebe.com\\\/it\\\/shop\\\/prodotto\\\/harpactira-pulchripes\\\/\",\"name\":\"Harpactira pulchripes - Insektenliebe\",\"isPartOf\":{\"@id\":\"https:\\\/\\\/insektenliebe.com\\\/it\\\/#website\"},\"primaryImageOfPage\":{\"@id\":\"https:\\\/\\\/insektenliebe.com\\\/it\\\/shop\\\/prodotto\\\/harpactira-pulchripes\\\/#primaryimage\"},\"image\":{\"@id\":\"https:\\\/\\\/insektenliebe.com\\\/it\\\/shop\\\/prodotto\\\/harpactira-pulchripes\\\/#primaryimage\"},\"thumbnailUrl\":\"https:\\\/\\\/insektenliebe.com\\\/wp-content\\\/uploads\\\/2025\\\/05\\\/Harpactira-pulchripes-2.jpg\",\"datePublished\":\"2022-10-14T14:38:54+00:00\",\"dateModified\":\"2026-04-21T05:37:08+00:00\",\"description\":\"Acquista a basso costo Harpactira pulchripes direttamente online! Una bellezza sudafricana adatta anche ai principianti.\",\"breadcrumb\":{\"@id\":\"https:\\\/\\\/insektenliebe.com\\\/it\\\/shop\\\/prodotto\\\/harpactira-pulchripes\\\/#breadcrumb\"},\"inLanguage\":\"it-IT\",\"potentialAction\":[{\"@type\":\"ReadAction\",\"target\":[\"https:\\\/\\\/insektenliebe.com\\\/it\\\/shop\\\/prodotto\\\/harpactira-pulchripes\\\/\"]}]},{\"@type\":\"ImageObject\",\"inLanguage\":\"it-IT\",\"@id\":\"https:\\\/\\\/insektenliebe.com\\\/it\\\/shop\\\/prodotto\\\/harpactira-pulchripes\\\/#primaryimage\",\"url\":\"https:\\\/\\\/insektenliebe.com\\\/wp-content\\\/uploads\\\/2025\\\/05\\\/Harpactira-pulchripes-2.jpg\",\"contentUrl\":\"https:\\\/\\\/insektenliebe.com\\\/wp-content\\\/uploads\\\/2025\\\/05\\\/Harpactira-pulchripes-2.jpg\",\"width\":820,\"height\":820,\"caption\":\"Harpactira-pulchripes-2.jpg\"},{\"@type\":\"BreadcrumbList\",\"@id\":\"https:\\\/\\\/insektenliebe.com\\\/it\\\/shop\\\/prodotto\\\/harpactira-pulchripes\\\/#breadcrumb\",\"itemListElement\":[{\"@type\":\"ListItem\",\"position\":1,\"name\":\"Startseite\",\"item\":\"https:\\\/\\\/insektenliebe.com\\\/it\\\/\"},{\"@type\":\"ListItem\",\"position\":2,\"name\":\"Negozio\",\"item\":\"https:\\\/\\\/insektenliebe.com\\\/it\\\/negozio\\\/\"},{\"@type\":\"ListItem\",\"position\":3,\"name\":\"Harpactira pulchripes\"}]},{\"@type\":\"WebSite\",\"@id\":\"https:\\\/\\\/insektenliebe.com\\\/it\\\/#website\",\"url\":\"https:\\\/\\\/insektenliebe.com\\\/it\\\/\",\"name\":\"Insektenliebe\",\"description\":\"Dein Zuhause f\u00fcr die kleinen Lebewesen\",\"publisher\":{\"@id\":\"https:\\\/\\\/insektenliebe.com\\\/it\\\/#organization\"},\"potentialAction\":[{\"@type\":\"SearchAction\",\"target\":{\"@type\":\"EntryPoint\",\"urlTemplate\":\"https:\\\/\\\/insektenliebe.com\\\/it\\\/?s={search_term_string}\"},\"query-input\":{\"@type\":\"PropertyValueSpecification\",\"valueRequired\":true,\"valueName\":\"search_term_string\"}}],\"inLanguage\":\"it-IT\"},{\"@type\":\"Organization\",\"@id\":\"https:\\\/\\\/insektenliebe.com\\\/it\\\/#organization\",\"name\":\"Insektenliebe\",\"url\":\"https:\\\/\\\/insektenliebe.com\\\/it\\\/\",\"logo\":{\"@type\":\"ImageObject\",\"inLanguage\":\"it-IT\",\"@id\":\"https:\\\/\\\/insektenliebe.com\\\/it\\\/#\\\/schema\\\/logo\\\/image\\\/\",\"url\":\"https:\\\/\\\/insektenliebe.com\\\/wp-content\\\/uploads\\\/2025\\\/03\\\/logo-white.png\",\"contentUrl\":\"https:\\\/\\\/insektenliebe.com\\\/wp-content\\\/uploads\\\/2025\\\/03\\\/logo-white.png\",\"width\":288,\"height\":188,\"caption\":\"Insektenliebe\"},\"image\":{\"@id\":\"https:\\\/\\\/insektenliebe.com\\\/it\\\/#\\\/schema\\\/logo\\\/image\\\/\"}}]}<\/script>\n<meta property=\"og:availability\" content=\"instock\" \/>\n<meta property=\"product:availability\" content=\"instock\" \/>\n<meta property=\"product:retailer_item_id\" content=\"429\" \/>\n<meta property=\"product:condition\" content=\"new\" \/>\n<!-- \/ Yoast SEO Premium plugin. -->","yoast_head_json":{"title":"Harpactira pulchripes - Insektenliebe","description":"Acquista a basso costo Harpactira pulchripes direttamente online! Una bellezza sudafricana adatta anche ai principianti.","robots":{"index":"index","follow":"follow","max-snippet":"max-snippet:-1","max-image-preview":"max-image-preview:large","max-video-preview":"max-video-preview:-1"},"canonical":"https:\/\/insektenliebe.com\/it\/shop\/prodotto\/harpactira-pulchripes\/","og_locale":"it_IT","og_type":"article","og_title":"Harpactira pulchripes","og_description":"Acquista a basso costo Harpactira pulchripes direttamente online! Una bellezza sudafricana adatta anche ai principianti.","og_url":"https:\/\/insektenliebe.com\/it\/shop\/prodotto\/harpactira-pulchripes\/","og_site_name":"Insektenliebe","article_modified_time":"2026-04-21T05:37:08+00:00","og_image":[{"width":820,"height":820,"url":"https:\/\/insektenliebe.com\/wp-content\/uploads\/2025\/05\/Harpactira-pulchripes-2.jpg","type":"image\/jpeg"}],"twitter_card":"summary_large_image","twitter_misc":{"Disponibilit\u00e0":"In stock"},"schema":{"@context":"https:\/\/schema.org","@graph":[{"@type":"WebPage","@id":"https:\/\/insektenliebe.com\/it\/shop\/prodotto\/harpactira-pulchripes\/","url":"https:\/\/insektenliebe.com\/it\/shop\/prodotto\/harpactira-pulchripes\/","name":"Harpactira pulchripes - Insektenliebe","isPartOf":{"@id":"https:\/\/insektenliebe.com\/it\/#website"},"primaryImageOfPage":{"@id":"https:\/\/insektenliebe.com\/it\/shop\/prodotto\/harpactira-pulchripes\/#primaryimage"},"image":{"@id":"https:\/\/insektenliebe.com\/it\/shop\/prodotto\/harpactira-pulchripes\/#primaryimage"},"thumbnailUrl":"https:\/\/insektenliebe.com\/wp-content\/uploads\/2025\/05\/Harpactira-pulchripes-2.jpg","datePublished":"2022-10-14T14:38:54+00:00","dateModified":"2026-04-21T05:37:08+00:00","description":"Acquista a basso costo Harpactira pulchripes direttamente online! Una bellezza sudafricana adatta anche ai principianti.","breadcrumb":{"@id":"https:\/\/insektenliebe.com\/it\/shop\/prodotto\/harpactira-pulchripes\/#breadcrumb"},"inLanguage":"it-IT","potentialAction":[{"@type":"ReadAction","target":["https:\/\/insektenliebe.com\/it\/shop\/prodotto\/harpactira-pulchripes\/"]}]},{"@type":"ImageObject","inLanguage":"it-IT","@id":"https:\/\/insektenliebe.com\/it\/shop\/prodotto\/harpactira-pulchripes\/#primaryimage","url":"https:\/\/insektenliebe.com\/wp-content\/uploads\/2025\/05\/Harpactira-pulchripes-2.jpg","contentUrl":"https:\/\/insektenliebe.com\/wp-content\/uploads\/2025\/05\/Harpactira-pulchripes-2.jpg","width":820,"height":820,"caption":"Harpactira-pulchripes-2.jpg"},{"@type":"BreadcrumbList","@id":"https:\/\/insektenliebe.com\/it\/shop\/prodotto\/harpactira-pulchripes\/#breadcrumb","itemListElement":[{"@type":"ListItem","position":1,"name":"Startseite","item":"https:\/\/insektenliebe.com\/it\/"},{"@type":"ListItem","position":2,"name":"Negozio","item":"https:\/\/insektenliebe.com\/it\/negozio\/"},{"@type":"ListItem","position":3,"name":"Harpactira pulchripes"}]},{"@type":"WebSite","@id":"https:\/\/insektenliebe.com\/it\/#website","url":"https:\/\/insektenliebe.com\/it\/","name":"Insektenliebe","description":"Dein Zuhause f\u00fcr die kleinen Lebewesen","publisher":{"@id":"https:\/\/insektenliebe.com\/it\/#organization"},"potentialAction":[{"@type":"SearchAction","target":{"@type":"EntryPoint","urlTemplate":"https:\/\/insektenliebe.com\/it\/?s={search_term_string}"},"query-input":{"@type":"PropertyValueSpecification","valueRequired":true,"valueName":"search_term_string"}}],"inLanguage":"it-IT"},{"@type":"Organization","@id":"https:\/\/insektenliebe.com\/it\/#organization","name":"Insektenliebe","url":"https:\/\/insektenliebe.com\/it\/","logo":{"@type":"ImageObject","inLanguage":"it-IT","@id":"https:\/\/insektenliebe.com\/it\/#\/schema\/logo\/image\/","url":"https:\/\/insektenliebe.com\/wp-content\/uploads\/2025\/03\/logo-white.png","contentUrl":"https:\/\/insektenliebe.com\/wp-content\/uploads\/2025\/03\/logo-white.png","width":288,"height":188,"caption":"Insektenliebe"},"image":{"@id":"https:\/\/insektenliebe.com\/it\/#\/schema\/logo\/image\/"}}]},"og_availability":"instock","product_availability":"instock","product_retailer_item_id":"429","product_condition":"new"},"_links":{"self":[{"href":"https:\/\/insektenliebe.com\/it\/wp-json\/wp\/v2\/product\/188825","targetHints":{"allow":["GET"]}}],"collection":[{"href":"https:\/\/insektenliebe.com\/it\/wp-json\/wp\/v2\/product"}],"about":[{"href":"https:\/\/insektenliebe.com\/it\/wp-json\/wp\/v2\/types\/product"}],"wp:featuredmedia":[{"embeddable":true,"href":"https:\/\/insektenliebe.com\/it\/wp-json\/wp\/v2\/media\/188827"}],"wp:attachment":[{"href":"https:\/\/insektenliebe.com\/it\/wp-json\/wp\/v2\/media?parent=188825"}],"wp:term":[{"taxonomy":"product-supplier","embeddable":true,"href":"https:\/\/insektenliebe.com\/it\/wp-json\/wp\/v2\/product-supplier?post=188825"},{"taxonomy":"product_brand","embeddable":true,"href":"https:\/\/insektenliebe.com\/it\/wp-json\/wp\/v2\/product_brand?post=188825"},{"taxonomy":"product_cat","embeddable":true,"href":"https:\/\/insektenliebe.com\/it\/wp-json\/wp\/v2\/product_cat?post=188825"},{"taxonomy":"product_tag","embeddable":true,"href":"https:\/\/insektenliebe.com\/it\/wp-json\/wp\/v2\/product_tag?post=188825"},{"taxonomy":"lce-checkout-addons","embeddable":true,"href":"https:\/\/insektenliebe.com\/it\/wp-json\/wp\/v2\/lce-checkout-addons?post=188825"}],"curies":[{"name":"wp","href":"https:\/\/api.w.org\/{rel}","templated":true}]}}