{"id":188823,"date":"2023-09-06T11:26:36","date_gmt":"2023-09-06T09:26:36","guid":{"rendered":"https:\/\/insektenliebe.com\/shop\/produkt\/cavo-di-prolunga-per-lucernari\/"},"modified":"2026-04-09T12:12:51","modified_gmt":"2026-04-09T10:12:51","slug":"cavo-di-prolunga-per-lucernari","status":"publish","type":"product","link":"https:\/\/insektenliebe.com\/it\/shop\/prodotto\/cavo-di-prolunga-per-lucernari\/","title":{"rendered":"Cavo di prolunga per lucernari"},"content":{"rendered":"<h3><span class=\"s1\" style=\"color: #99cc33;\">Cavo di prolunga per lucernari - posizionamento perfetto delle lampade<\/span><\/h3>\n<p class=\"p1\"><span class=\"s1\">L&#8217;illuminazione ottimale del terrario dipende non solo dalla lampada stessa, ma anche dalla sua posizione. Tuttavia, spesso il cavo esistente non \u00e8 sufficiente, con conseguenti limitazioni di posizionamento. \u00c8 proprio in questo caso che questa prolunga offre la soluzione giusta.  <\/span><\/p>\n<p class=\"p1\"><span class=\"s1\">\u00c8 stato sviluppato appositamente per le lampade <\/span><span class=\"s2\">lampade MID 30R INTENSE e MID 30 INTENSE<\/span><span class=\"s1\">  e ti offre una maggiore libert\u00e0 nell&#8217;allestimento del terrario. In questo modo potrai posizionare l&#8217;illuminazione esattamente dove avr\u00e0 il massimo effetto. <\/span><\/p>\n<p class=\"p1\"><span class=\"s1\">Puoi scegliere tra diverse lunghezze <\/span><span class=\"s2\">0,25 m, 0,5 m e 1 m<\/span><span class=\"s1\">in modo da poter adattare in modo ottimale il cavo alle tue esigenze. Questo ti permette di reagire in modo flessibile alle diverse dimensioni del terrario e alle condizioni della stanza. <\/span><\/p>\n<p class=\"p1\"><span class=\"s1\">Questo aspetto \u00e8 particolarmente importante nelle configurazioni pi\u00f9 complesse, in quanto puoi allineare le lampade in modo preciso e allo stesso tempo posare i cavi in modo ordinato. In questo modo non solo si ottiene una migliore illuminazione, ma anche un aspetto generale ordinato. <\/span><\/p>\n<p class=\"p1\"><span class=\"s1\">L&#8217;installazione \u00e8 facile e veloce. Basta collegare il cavo all&#8217;illuminazione esistente per poter utilizzare subito il sistema. In questo modo risparmierai tempo ed eviterai conversioni dispendiose.  <\/span><\/p>\n<p class=\"p1\"><span class=\"s1\">Il cavo convince anche nell&#8217;uso quotidiano grazie a una connessione affidabile e a prestazioni stabili. <\/span><span class=\"s2\">connessione affidabile e prestazioni stabili<\/span><span class=\"s1\">. La tua illuminazione continua a funzionare costantemente e allo stesso tempo ti offre una maggiore flessibilit\u00e0.<\/span><\/p>\n<p class=\"p1\"><span class=\"s1\">Il cavo ti permette anche di espandere pi\u00f9 facilmente la tua configurazione, in quanto puoi combinare meglio le lampade e disporle nel modo migliore. In questo modo potrai utilizzare la tecnologia esistente in modo pi\u00f9 efficiente. <\/span><\/p>\n<p class=\"p1\"><span class=\"s1\">Questa prolunga ti offre pi\u00f9 spazio di manovra, migliora la distribuzione della luce e rende il tuo terrario molto pi\u00f9 flessibile. \u00c8 il complemento ideale per chi vuole ottimizzare l&#8217;illuminazione. <\/span><\/p>\n","protected":false},"excerpt":{"rendered":"<p>Cavo di prolunga per lucernari - posizionamento perfetto delle lampade L&#8217;illuminazione ottimale del terrario dipende non solo dalla lampada stessa, ma anche dalla sua posizione. Tuttavia, spesso il cavo esistente non \u00e8 sufficiente, con conseguenti limitazioni di posizionamento. \u00c8 proprio in questo caso che questa prolunga offre la soluzione giusta. \u00c8 stato sviluppato appositamente per [&hellip;]<\/p>\n","protected":false},"featured_media":188824,"template":"","meta":{"_acf_changed":false},"product-supplier":[],"product_brand":[3176],"product_cat":[2741],"product_tag":[],"lce-checkout-addons":[],"class_list":{"0":"post-188823","1":"product","2":"type-product","3":"status-publish","4":"has-post-thumbnail","6":"product_brand-lucernario","7":"product_cat-illuminazione-e-clima","8":"product_shipping_class-equipment-shipping","10":"first","11":"outofstock","12":"taxable","13":"shipping-taxable","14":"product-type-variable"},"acf":[],"yoast_head":"<!-- This site is optimized with the Yoast SEO plugin v27.3 - https:\/\/yoast.com\/product\/yoast-seo-wordpress\/ -->\n<title>Cavo di prolunga per lucernari - Insektenliebe<\/title>\n<meta name=\"description\" content=\"Cavo di prolunga per lucernari: maggiore flessibilit\u00e0 per l&#039;illuminazione del terrario. Adatto per MID 30R INTENSE e MID 30 INTENSE.\" \/>\n<meta name=\"robots\" content=\"index, follow, max-snippet:-1, max-image-preview:large, max-video-preview:-1\" \/>\n<link rel=\"canonical\" href=\"https:\/\/insektenliebe.com\/it\/shop\/prodotto\/cavo-di-prolunga-per-lucernari\/\" \/>\n<meta property=\"og:locale\" content=\"it_IT\" \/>\n<meta property=\"og:type\" content=\"article\" \/>\n<meta property=\"og:title\" content=\"Cavo di prolunga per lucernari - Insektenliebe\" \/>\n<meta property=\"og:description\" content=\"Cavo di prolunga per lucernari: maggiore flessibilit\u00e0 per l&#039;illuminazione del terrario. Adatto per MID 30R INTENSE e MID 30 INTENSE.\" \/>\n<meta property=\"og:url\" content=\"https:\/\/insektenliebe.com\/it\/shop\/prodotto\/cavo-di-prolunga-per-lucernari\/\" \/>\n<meta property=\"og:site_name\" content=\"Insektenliebe\" \/>\n<meta property=\"article:modified_time\" content=\"2026-04-09T10:12:51+00:00\" \/>\n<meta property=\"og:image\" content=\"https:\/\/insektenliebe.com\/wp-content\/uploads\/2025\/05\/Skylight-Verlaengerungskabel-2.jpg\" \/>\n\t<meta property=\"og:image:width\" content=\"820\" \/>\n\t<meta property=\"og:image:height\" content=\"820\" \/>\n\t<meta property=\"og:image:type\" content=\"image\/jpeg\" \/>\n<meta name=\"twitter:card\" content=\"summary_large_image\" \/>\n<meta name=\"twitter:label1\" content=\"Tempo di lettura stimato\" \/>\n\t<meta name=\"twitter:data1\" content=\"1 minuto\" \/>\n<script type=\"application\/ld+json\" class=\"yoast-schema-graph\">{\"@context\":\"https:\\\/\\\/schema.org\",\"@graph\":[{\"@type\":\"WebPage\",\"@id\":\"https:\\\/\\\/insektenliebe.com\\\/it\\\/shop\\\/prodotto\\\/cavo-di-prolunga-per-lucernari\\\/\",\"url\":\"https:\\\/\\\/insektenliebe.com\\\/it\\\/shop\\\/prodotto\\\/cavo-di-prolunga-per-lucernari\\\/\",\"name\":\"Cavo di prolunga per lucernari - Insektenliebe\",\"isPartOf\":{\"@id\":\"https:\\\/\\\/insektenliebe.com\\\/it\\\/#website\"},\"primaryImageOfPage\":{\"@id\":\"https:\\\/\\\/insektenliebe.com\\\/it\\\/shop\\\/prodotto\\\/cavo-di-prolunga-per-lucernari\\\/#primaryimage\"},\"image\":{\"@id\":\"https:\\\/\\\/insektenliebe.com\\\/it\\\/shop\\\/prodotto\\\/cavo-di-prolunga-per-lucernari\\\/#primaryimage\"},\"thumbnailUrl\":\"https:\\\/\\\/insektenliebe.com\\\/wp-content\\\/uploads\\\/2025\\\/05\\\/Skylight-Verlaengerungskabel-2.jpg\",\"datePublished\":\"2023-09-06T09:26:36+00:00\",\"dateModified\":\"2026-04-09T10:12:51+00:00\",\"description\":\"Cavo di prolunga per lucernari: maggiore flessibilit\u00e0 per l'illuminazione del terrario. Adatto per MID 30R INTENSE e MID 30 INTENSE.\",\"breadcrumb\":{\"@id\":\"https:\\\/\\\/insektenliebe.com\\\/it\\\/shop\\\/prodotto\\\/cavo-di-prolunga-per-lucernari\\\/#breadcrumb\"},\"inLanguage\":\"it-IT\",\"potentialAction\":[{\"@type\":\"ReadAction\",\"target\":[\"https:\\\/\\\/insektenliebe.com\\\/it\\\/shop\\\/prodotto\\\/cavo-di-prolunga-per-lucernari\\\/\"]}]},{\"@type\":\"ImageObject\",\"inLanguage\":\"it-IT\",\"@id\":\"https:\\\/\\\/insektenliebe.com\\\/it\\\/shop\\\/prodotto\\\/cavo-di-prolunga-per-lucernari\\\/#primaryimage\",\"url\":\"https:\\\/\\\/insektenliebe.com\\\/wp-content\\\/uploads\\\/2025\\\/05\\\/Skylight-Verlaengerungskabel-2.jpg\",\"contentUrl\":\"https:\\\/\\\/insektenliebe.com\\\/wp-content\\\/uploads\\\/2025\\\/05\\\/Skylight-Verlaengerungskabel-2.jpg\",\"width\":820,\"height\":820,\"caption\":\"Cavo di prolunga del lucernario-2.jpg\"},{\"@type\":\"BreadcrumbList\",\"@id\":\"https:\\\/\\\/insektenliebe.com\\\/it\\\/shop\\\/prodotto\\\/cavo-di-prolunga-per-lucernari\\\/#breadcrumb\",\"itemListElement\":[{\"@type\":\"ListItem\",\"position\":1,\"name\":\"Startseite\",\"item\":\"https:\\\/\\\/insektenliebe.com\\\/it\\\/\"},{\"@type\":\"ListItem\",\"position\":2,\"name\":\"Negozio\",\"item\":\"https:\\\/\\\/insektenliebe.com\\\/it\\\/negozio\\\/\"},{\"@type\":\"ListItem\",\"position\":3,\"name\":\"Cavo di prolunga per lucernari\"}]},{\"@type\":\"WebSite\",\"@id\":\"https:\\\/\\\/insektenliebe.com\\\/it\\\/#website\",\"url\":\"https:\\\/\\\/insektenliebe.com\\\/it\\\/\",\"name\":\"Insektenliebe\",\"description\":\"Dein Zuhause f\u00fcr die kleinen Lebewesen\",\"publisher\":{\"@id\":\"https:\\\/\\\/insektenliebe.com\\\/it\\\/#organization\"},\"potentialAction\":[{\"@type\":\"SearchAction\",\"target\":{\"@type\":\"EntryPoint\",\"urlTemplate\":\"https:\\\/\\\/insektenliebe.com\\\/it\\\/?s={search_term_string}\"},\"query-input\":{\"@type\":\"PropertyValueSpecification\",\"valueRequired\":true,\"valueName\":\"search_term_string\"}}],\"inLanguage\":\"it-IT\"},{\"@type\":\"Organization\",\"@id\":\"https:\\\/\\\/insektenliebe.com\\\/it\\\/#organization\",\"name\":\"Insektenliebe\",\"url\":\"https:\\\/\\\/insektenliebe.com\\\/it\\\/\",\"logo\":{\"@type\":\"ImageObject\",\"inLanguage\":\"it-IT\",\"@id\":\"https:\\\/\\\/insektenliebe.com\\\/it\\\/#\\\/schema\\\/logo\\\/image\\\/\",\"url\":\"https:\\\/\\\/insektenliebe.com\\\/wp-content\\\/uploads\\\/2025\\\/03\\\/logo-white.png\",\"contentUrl\":\"https:\\\/\\\/insektenliebe.com\\\/wp-content\\\/uploads\\\/2025\\\/03\\\/logo-white.png\",\"width\":288,\"height\":188,\"caption\":\"Insektenliebe\"},\"image\":{\"@id\":\"https:\\\/\\\/insektenliebe.com\\\/it\\\/#\\\/schema\\\/logo\\\/image\\\/\"}}]}<\/script>\n<!-- \/ Yoast SEO plugin. -->","yoast_head_json":{"title":"Cavo di prolunga per lucernari - Insektenliebe","description":"Cavo di prolunga per lucernari: maggiore flessibilit\u00e0 per l'illuminazione del terrario. Adatto per MID 30R INTENSE e MID 30 INTENSE.","robots":{"index":"index","follow":"follow","max-snippet":"max-snippet:-1","max-image-preview":"max-image-preview:large","max-video-preview":"max-video-preview:-1"},"canonical":"https:\/\/insektenliebe.com\/it\/shop\/prodotto\/cavo-di-prolunga-per-lucernari\/","og_locale":"it_IT","og_type":"article","og_title":"Cavo di prolunga per lucernari - Insektenliebe","og_description":"Cavo di prolunga per lucernari: maggiore flessibilit\u00e0 per l'illuminazione del terrario. Adatto per MID 30R INTENSE e MID 30 INTENSE.","og_url":"https:\/\/insektenliebe.com\/it\/shop\/prodotto\/cavo-di-prolunga-per-lucernari\/","og_site_name":"Insektenliebe","article_modified_time":"2026-04-09T10:12:51+00:00","og_image":[{"width":820,"height":820,"url":"https:\/\/insektenliebe.com\/wp-content\/uploads\/2025\/05\/Skylight-Verlaengerungskabel-2.jpg","type":"image\/jpeg"}],"twitter_card":"summary_large_image","twitter_misc":{"Tempo di lettura stimato":"1 minuto"},"schema":{"@context":"https:\/\/schema.org","@graph":[{"@type":"WebPage","@id":"https:\/\/insektenliebe.com\/it\/shop\/prodotto\/cavo-di-prolunga-per-lucernari\/","url":"https:\/\/insektenliebe.com\/it\/shop\/prodotto\/cavo-di-prolunga-per-lucernari\/","name":"Cavo di prolunga per lucernari - Insektenliebe","isPartOf":{"@id":"https:\/\/insektenliebe.com\/it\/#website"},"primaryImageOfPage":{"@id":"https:\/\/insektenliebe.com\/it\/shop\/prodotto\/cavo-di-prolunga-per-lucernari\/#primaryimage"},"image":{"@id":"https:\/\/insektenliebe.com\/it\/shop\/prodotto\/cavo-di-prolunga-per-lucernari\/#primaryimage"},"thumbnailUrl":"https:\/\/insektenliebe.com\/wp-content\/uploads\/2025\/05\/Skylight-Verlaengerungskabel-2.jpg","datePublished":"2023-09-06T09:26:36+00:00","dateModified":"2026-04-09T10:12:51+00:00","description":"Cavo di prolunga per lucernari: maggiore flessibilit\u00e0 per l'illuminazione del terrario. Adatto per MID 30R INTENSE e MID 30 INTENSE.","breadcrumb":{"@id":"https:\/\/insektenliebe.com\/it\/shop\/prodotto\/cavo-di-prolunga-per-lucernari\/#breadcrumb"},"inLanguage":"it-IT","potentialAction":[{"@type":"ReadAction","target":["https:\/\/insektenliebe.com\/it\/shop\/prodotto\/cavo-di-prolunga-per-lucernari\/"]}]},{"@type":"ImageObject","inLanguage":"it-IT","@id":"https:\/\/insektenliebe.com\/it\/shop\/prodotto\/cavo-di-prolunga-per-lucernari\/#primaryimage","url":"https:\/\/insektenliebe.com\/wp-content\/uploads\/2025\/05\/Skylight-Verlaengerungskabel-2.jpg","contentUrl":"https:\/\/insektenliebe.com\/wp-content\/uploads\/2025\/05\/Skylight-Verlaengerungskabel-2.jpg","width":820,"height":820,"caption":"Cavo di prolunga del lucernario-2.jpg"},{"@type":"BreadcrumbList","@id":"https:\/\/insektenliebe.com\/it\/shop\/prodotto\/cavo-di-prolunga-per-lucernari\/#breadcrumb","itemListElement":[{"@type":"ListItem","position":1,"name":"Startseite","item":"https:\/\/insektenliebe.com\/it\/"},{"@type":"ListItem","position":2,"name":"Negozio","item":"https:\/\/insektenliebe.com\/it\/negozio\/"},{"@type":"ListItem","position":3,"name":"Cavo di prolunga per lucernari"}]},{"@type":"WebSite","@id":"https:\/\/insektenliebe.com\/it\/#website","url":"https:\/\/insektenliebe.com\/it\/","name":"Insektenliebe","description":"Dein Zuhause f\u00fcr die kleinen Lebewesen","publisher":{"@id":"https:\/\/insektenliebe.com\/it\/#organization"},"potentialAction":[{"@type":"SearchAction","target":{"@type":"EntryPoint","urlTemplate":"https:\/\/insektenliebe.com\/it\/?s={search_term_string}"},"query-input":{"@type":"PropertyValueSpecification","valueRequired":true,"valueName":"search_term_string"}}],"inLanguage":"it-IT"},{"@type":"Organization","@id":"https:\/\/insektenliebe.com\/it\/#organization","name":"Insektenliebe","url":"https:\/\/insektenliebe.com\/it\/","logo":{"@type":"ImageObject","inLanguage":"it-IT","@id":"https:\/\/insektenliebe.com\/it\/#\/schema\/logo\/image\/","url":"https:\/\/insektenliebe.com\/wp-content\/uploads\/2025\/03\/logo-white.png","contentUrl":"https:\/\/insektenliebe.com\/wp-content\/uploads\/2025\/03\/logo-white.png","width":288,"height":188,"caption":"Insektenliebe"},"image":{"@id":"https:\/\/insektenliebe.com\/it\/#\/schema\/logo\/image\/"}}]}},"_links":{"self":[{"href":"https:\/\/insektenliebe.com\/it\/wp-json\/wp\/v2\/product\/188823","targetHints":{"allow":["GET"]}}],"collection":[{"href":"https:\/\/insektenliebe.com\/it\/wp-json\/wp\/v2\/product"}],"about":[{"href":"https:\/\/insektenliebe.com\/it\/wp-json\/wp\/v2\/types\/product"}],"wp:featuredmedia":[{"embeddable":true,"href":"https:\/\/insektenliebe.com\/it\/wp-json\/wp\/v2\/media\/188824"}],"wp:attachment":[{"href":"https:\/\/insektenliebe.com\/it\/wp-json\/wp\/v2\/media?parent=188823"}],"wp:term":[{"taxonomy":"product-supplier","embeddable":true,"href":"https:\/\/insektenliebe.com\/it\/wp-json\/wp\/v2\/product-supplier?post=188823"},{"taxonomy":"product_brand","embeddable":true,"href":"https:\/\/insektenliebe.com\/it\/wp-json\/wp\/v2\/product_brand?post=188823"},{"taxonomy":"product_cat","embeddable":true,"href":"https:\/\/insektenliebe.com\/it\/wp-json\/wp\/v2\/product_cat?post=188823"},{"taxonomy":"product_tag","embeddable":true,"href":"https:\/\/insektenliebe.com\/it\/wp-json\/wp\/v2\/product_tag?post=188823"},{"taxonomy":"lce-checkout-addons","embeddable":true,"href":"https:\/\/insektenliebe.com\/it\/wp-json\/wp\/v2\/lce-checkout-addons?post=188823"}],"curies":[{"name":"wp","href":"https:\/\/api.w.org\/{rel}","templated":true}]}}