{"id":188821,"date":"2022-11-29T23:45:00","date_gmt":"2022-11-29T22:45:00","guid":{"rendered":"https:\/\/insektenliebe.com\/shop\/produkt\/orchidea-ragno-exo-terra\/"},"modified":"2026-03-03T13:14:38","modified_gmt":"2026-03-03T12:14:38","slug":"orchidea-ragno-exo-terra","status":"publish","type":"product","link":"https:\/\/insektenliebe.com\/it\/shop\/prodotto\/orchidea-ragno-exo-terra\/","title":{"rendered":"Orchidea ragno Exo Terra"},"content":{"rendered":"<h3><span class=\"s1\" style=\"color: #99cc33;\">Exo Terra Spider Orchid - Eleganza tropicale e bellezza duratura<\/span><\/h3>\n<p class=\"p1\"><span class=\"s1\">L&#8217;Orchidea Ragno Exo Terra <\/span><strong><span class=\"s2\">Orchidea ragno Exo Terra<\/span><\/strong><span class=\"s1\">  porta un&#8217;eleganza esotica al tuo terrario e allo stesso tempo aggiunge un accento insolito. I suoi caratteristici fiori a forma di ragno le conferiscono un aspetto speciale. Il nome si riferisce esclusivamente alla forma dei fiori e non agli animali del terrario.  <\/span><\/p>\n<p class=\"p1\"><span class=\"s1\">Con un&#8217;altezza di circa 40 cm, questa pianta artificiale \u00e8 particolarmente appariscente. Crea una struttura verticale e aggiunge profondit\u00e0 al tuo allestimento. Allo stesso tempo, la sua replica dettagliata crea un aspetto ingannevolmente reale dell&#8217;orchidea. A prima vista, \u00e8 quasi indistinguibile da una pianta vera.   <\/span><\/p>\n<p class=\"p1\"><span class=\"s1\">Le piante vive non crescono sempre in modo affidabile in ogni terrario. Alcune zone sono troppo calde o troppo secche, mentre altre hanno particolari esigenze di luce. Inoltre, alcuni animali danneggiano le piante sensibili o le mangiano completamente. \u00c8 proprio qui che l&#8217;<strong>orchidea ragno di Exo Terra<\/strong> mostra i suoi vantaggi. Mantiene la sua forma in modo permanente, non perde foglie e non richiede n\u00e9 acqua n\u00e9 un&#8217;illuminazione speciale.    <\/span><\/p>\n<p class=\"p1\"><span class=\"s1\">Inoltre, crea preziosi nascondigli. Rettili, anfibi e invertebrati amano usare le foglie come luogo di rifugio. Questo favorisce il loro senso di sicurezza e riduce lo stress. La pianta si inserisce armoniosamente nell&#8217;insieme, soprattutto nei terrari tropicali o semi-umidi.   <\/span><\/p>\n<p class=\"p1\"><span class=\"s1\">Puoi combinare l&#8217;orchidea ragno con piante vere. Mentre le piante vive assumono funzioni biologiche, la pianta artificiale fornisce una struttura laddove le specie naturali raggiungono i loro limiti. Questo ti permette di piantumare completamente il tuo terrario, anche in zone particolarmente calde o secche.  <\/span><\/p>\n<p class=\"p1\"><span class=\"s1\">L&#8217;<strong>orchidea ragno di Exo Terra<\/strong> dimostra il suo valore anche nei terrari di quarantena o nelle strutture pi\u00f9 sterili. Dona colore e naturalezza agli allestimenti pi\u00f9 semplici ed \u00e8 anche particolarmente facile da pulire. <\/span><\/p>\n<p class=\"p1\"><span class=\"s1\">L&#8217;Orchidea Ragno Exo Terra <\/span><strong><span class=\"s2\">Orchidea ragno Exo Terra<\/span><\/strong><span class=\"s1\">  combina lo splendore della fioritura esotica con la qualit\u00e0 di lunga durata. Se vuoi dare al tuo terrario un&#8217;elegante attrazione tropicale, questa \u00e8 una soluzione di design che non richiede manutenzione e che rimane sempre attraente. <\/span><\/p>\n","protected":false},"excerpt":{"rendered":"<p>Exo Terra Spider Orchid - Eleganza tropicale e bellezza duratura L&#8217;Orchidea Ragno Exo Terra Orchidea ragno Exo Terra porta un&#8217;eleganza esotica al tuo terrario e allo stesso tempo aggiunge un accento insolito. I suoi caratteristici fiori a forma di ragno le conferiscono un aspetto speciale. Il nome si riferisce esclusivamente alla forma dei fiori e [&hellip;]<\/p>\n","protected":false},"featured_media":188822,"template":"","meta":{"_acf_changed":false},"product-supplier":[2554],"product_brand":[3027],"product_cat":[3142],"product_tag":[],"lce-checkout-addons":[],"class_list":{"0":"post-188821","1":"product","2":"type-product","3":"status-publish","4":"has-post-thumbnail","6":"product_brand-exo-terra","7":"product_cat-piante-artificiali","8":"product_shipping_class-equipment-shipping","10":"first","11":"instock","12":"sale","13":"taxable","14":"shipping-taxable","15":"purchasable","16":"product-type-simple"},"acf":[],"yoast_head":"<!-- This site is optimized with the Yoast SEO plugin v27.3 - https:\/\/yoast.com\/product\/yoast-seo-wordpress\/ -->\n<title>Orchidea ragno Exo Terra - Insektenliebe<\/title>\n<meta name=\"description\" content=\"Acquista l&#039;orchidea ragno Exo Terra a basso costo direttamente online. L&#039;orchidea ragno Exo Terra offre gli stessi vantaggi di una pianta viva.\" \/>\n<meta name=\"robots\" content=\"index, follow, max-snippet:-1, max-image-preview:large, max-video-preview:-1\" \/>\n<link rel=\"canonical\" href=\"https:\/\/insektenliebe.com\/it\/shop\/prodotto\/orchidea-ragno-exo-terra\/\" \/>\n<meta property=\"og:locale\" content=\"it_IT\" \/>\n<meta property=\"og:type\" content=\"article\" \/>\n<meta property=\"og:title\" content=\"Orchidea ragno Exo Terra - Insektenliebe\" \/>\n<meta property=\"og:description\" content=\"Acquista l&#039;orchidea ragno Exo Terra a basso costo direttamente online. L&#039;orchidea ragno Exo Terra offre gli stessi vantaggi di una pianta viva.\" \/>\n<meta property=\"og:url\" content=\"https:\/\/insektenliebe.com\/it\/shop\/prodotto\/orchidea-ragno-exo-terra\/\" \/>\n<meta property=\"og:site_name\" content=\"Insektenliebe\" \/>\n<meta property=\"article:modified_time\" content=\"2026-03-03T12:14:38+00:00\" \/>\n<meta property=\"og:image\" content=\"https:\/\/insektenliebe.com\/wp-content\/uploads\/2025\/05\/Exo-Terra-Spinnenorchideen-2.jpg\" \/>\n\t<meta property=\"og:image:width\" content=\"820\" \/>\n\t<meta property=\"og:image:height\" content=\"820\" \/>\n\t<meta property=\"og:image:type\" content=\"image\/jpeg\" \/>\n<meta name=\"twitter:card\" content=\"summary_large_image\" \/>\n<meta name=\"twitter:label1\" content=\"Tempo di lettura stimato\" \/>\n\t<meta name=\"twitter:data1\" content=\"2 minuto\" \/>\n<script type=\"application\/ld+json\" class=\"yoast-schema-graph\">{\"@context\":\"https:\\\/\\\/schema.org\",\"@graph\":[{\"@type\":\"WebPage\",\"@id\":\"https:\\\/\\\/insektenliebe.com\\\/it\\\/shop\\\/prodotto\\\/orchidea-ragno-exo-terra\\\/\",\"url\":\"https:\\\/\\\/insektenliebe.com\\\/it\\\/shop\\\/prodotto\\\/orchidea-ragno-exo-terra\\\/\",\"name\":\"Orchidea ragno Exo Terra - Insektenliebe\",\"isPartOf\":{\"@id\":\"https:\\\/\\\/insektenliebe.com\\\/it\\\/#website\"},\"primaryImageOfPage\":{\"@id\":\"https:\\\/\\\/insektenliebe.com\\\/it\\\/shop\\\/prodotto\\\/orchidea-ragno-exo-terra\\\/#primaryimage\"},\"image\":{\"@id\":\"https:\\\/\\\/insektenliebe.com\\\/it\\\/shop\\\/prodotto\\\/orchidea-ragno-exo-terra\\\/#primaryimage\"},\"thumbnailUrl\":\"https:\\\/\\\/insektenliebe.com\\\/wp-content\\\/uploads\\\/2025\\\/05\\\/Exo-Terra-Spinnenorchideen-2.jpg\",\"datePublished\":\"2022-11-29T22:45:00+00:00\",\"dateModified\":\"2026-03-03T12:14:38+00:00\",\"description\":\"Acquista l'orchidea ragno Exo Terra a basso costo direttamente online. L'orchidea ragno Exo Terra offre gli stessi vantaggi di una pianta viva.\",\"breadcrumb\":{\"@id\":\"https:\\\/\\\/insektenliebe.com\\\/it\\\/shop\\\/prodotto\\\/orchidea-ragno-exo-terra\\\/#breadcrumb\"},\"inLanguage\":\"it-IT\",\"potentialAction\":[{\"@type\":\"ReadAction\",\"target\":[\"https:\\\/\\\/insektenliebe.com\\\/it\\\/shop\\\/prodotto\\\/orchidea-ragno-exo-terra\\\/\"]}]},{\"@type\":\"ImageObject\",\"inLanguage\":\"it-IT\",\"@id\":\"https:\\\/\\\/insektenliebe.com\\\/it\\\/shop\\\/prodotto\\\/orchidea-ragno-exo-terra\\\/#primaryimage\",\"url\":\"https:\\\/\\\/insektenliebe.com\\\/wp-content\\\/uploads\\\/2025\\\/05\\\/Exo-Terra-Spinnenorchideen-2.jpg\",\"contentUrl\":\"https:\\\/\\\/insektenliebe.com\\\/wp-content\\\/uploads\\\/2025\\\/05\\\/Exo-Terra-Spinnenorchideen-2.jpg\",\"width\":820,\"height\":820,\"caption\":\"Orchidee ragno Exo-Terra-2.jpg\"},{\"@type\":\"BreadcrumbList\",\"@id\":\"https:\\\/\\\/insektenliebe.com\\\/it\\\/shop\\\/prodotto\\\/orchidea-ragno-exo-terra\\\/#breadcrumb\",\"itemListElement\":[{\"@type\":\"ListItem\",\"position\":1,\"name\":\"Startseite\",\"item\":\"https:\\\/\\\/insektenliebe.com\\\/it\\\/\"},{\"@type\":\"ListItem\",\"position\":2,\"name\":\"Negozio\",\"item\":\"https:\\\/\\\/insektenliebe.com\\\/it\\\/negozio\\\/\"},{\"@type\":\"ListItem\",\"position\":3,\"name\":\"Orchidea ragno Exo Terra\"}]},{\"@type\":\"WebSite\",\"@id\":\"https:\\\/\\\/insektenliebe.com\\\/it\\\/#website\",\"url\":\"https:\\\/\\\/insektenliebe.com\\\/it\\\/\",\"name\":\"Insektenliebe\",\"description\":\"Dein Zuhause f\u00fcr die kleinen Lebewesen\",\"publisher\":{\"@id\":\"https:\\\/\\\/insektenliebe.com\\\/it\\\/#organization\"},\"potentialAction\":[{\"@type\":\"SearchAction\",\"target\":{\"@type\":\"EntryPoint\",\"urlTemplate\":\"https:\\\/\\\/insektenliebe.com\\\/it\\\/?s={search_term_string}\"},\"query-input\":{\"@type\":\"PropertyValueSpecification\",\"valueRequired\":true,\"valueName\":\"search_term_string\"}}],\"inLanguage\":\"it-IT\"},{\"@type\":\"Organization\",\"@id\":\"https:\\\/\\\/insektenliebe.com\\\/it\\\/#organization\",\"name\":\"Insektenliebe\",\"url\":\"https:\\\/\\\/insektenliebe.com\\\/it\\\/\",\"logo\":{\"@type\":\"ImageObject\",\"inLanguage\":\"it-IT\",\"@id\":\"https:\\\/\\\/insektenliebe.com\\\/it\\\/#\\\/schema\\\/logo\\\/image\\\/\",\"url\":\"https:\\\/\\\/insektenliebe.com\\\/wp-content\\\/uploads\\\/2025\\\/03\\\/logo-white.png\",\"contentUrl\":\"https:\\\/\\\/insektenliebe.com\\\/wp-content\\\/uploads\\\/2025\\\/03\\\/logo-white.png\",\"width\":288,\"height\":188,\"caption\":\"Insektenliebe\"},\"image\":{\"@id\":\"https:\\\/\\\/insektenliebe.com\\\/it\\\/#\\\/schema\\\/logo\\\/image\\\/\"}}]}<\/script>\n<!-- \/ Yoast SEO plugin. -->","yoast_head_json":{"title":"Orchidea ragno Exo Terra - Insektenliebe","description":"Acquista l'orchidea ragno Exo Terra a basso costo direttamente online. L'orchidea ragno Exo Terra offre gli stessi vantaggi di una pianta viva.","robots":{"index":"index","follow":"follow","max-snippet":"max-snippet:-1","max-image-preview":"max-image-preview:large","max-video-preview":"max-video-preview:-1"},"canonical":"https:\/\/insektenliebe.com\/it\/shop\/prodotto\/orchidea-ragno-exo-terra\/","og_locale":"it_IT","og_type":"article","og_title":"Orchidea ragno Exo Terra - Insektenliebe","og_description":"Acquista l'orchidea ragno Exo Terra a basso costo direttamente online. L'orchidea ragno Exo Terra offre gli stessi vantaggi di una pianta viva.","og_url":"https:\/\/insektenliebe.com\/it\/shop\/prodotto\/orchidea-ragno-exo-terra\/","og_site_name":"Insektenliebe","article_modified_time":"2026-03-03T12:14:38+00:00","og_image":[{"width":820,"height":820,"url":"https:\/\/insektenliebe.com\/wp-content\/uploads\/2025\/05\/Exo-Terra-Spinnenorchideen-2.jpg","type":"image\/jpeg"}],"twitter_card":"summary_large_image","twitter_misc":{"Tempo di lettura stimato":"2 minuto"},"schema":{"@context":"https:\/\/schema.org","@graph":[{"@type":"WebPage","@id":"https:\/\/insektenliebe.com\/it\/shop\/prodotto\/orchidea-ragno-exo-terra\/","url":"https:\/\/insektenliebe.com\/it\/shop\/prodotto\/orchidea-ragno-exo-terra\/","name":"Orchidea ragno Exo Terra - Insektenliebe","isPartOf":{"@id":"https:\/\/insektenliebe.com\/it\/#website"},"primaryImageOfPage":{"@id":"https:\/\/insektenliebe.com\/it\/shop\/prodotto\/orchidea-ragno-exo-terra\/#primaryimage"},"image":{"@id":"https:\/\/insektenliebe.com\/it\/shop\/prodotto\/orchidea-ragno-exo-terra\/#primaryimage"},"thumbnailUrl":"https:\/\/insektenliebe.com\/wp-content\/uploads\/2025\/05\/Exo-Terra-Spinnenorchideen-2.jpg","datePublished":"2022-11-29T22:45:00+00:00","dateModified":"2026-03-03T12:14:38+00:00","description":"Acquista l'orchidea ragno Exo Terra a basso costo direttamente online. L'orchidea ragno Exo Terra offre gli stessi vantaggi di una pianta viva.","breadcrumb":{"@id":"https:\/\/insektenliebe.com\/it\/shop\/prodotto\/orchidea-ragno-exo-terra\/#breadcrumb"},"inLanguage":"it-IT","potentialAction":[{"@type":"ReadAction","target":["https:\/\/insektenliebe.com\/it\/shop\/prodotto\/orchidea-ragno-exo-terra\/"]}]},{"@type":"ImageObject","inLanguage":"it-IT","@id":"https:\/\/insektenliebe.com\/it\/shop\/prodotto\/orchidea-ragno-exo-terra\/#primaryimage","url":"https:\/\/insektenliebe.com\/wp-content\/uploads\/2025\/05\/Exo-Terra-Spinnenorchideen-2.jpg","contentUrl":"https:\/\/insektenliebe.com\/wp-content\/uploads\/2025\/05\/Exo-Terra-Spinnenorchideen-2.jpg","width":820,"height":820,"caption":"Orchidee ragno Exo-Terra-2.jpg"},{"@type":"BreadcrumbList","@id":"https:\/\/insektenliebe.com\/it\/shop\/prodotto\/orchidea-ragno-exo-terra\/#breadcrumb","itemListElement":[{"@type":"ListItem","position":1,"name":"Startseite","item":"https:\/\/insektenliebe.com\/it\/"},{"@type":"ListItem","position":2,"name":"Negozio","item":"https:\/\/insektenliebe.com\/it\/negozio\/"},{"@type":"ListItem","position":3,"name":"Orchidea ragno Exo Terra"}]},{"@type":"WebSite","@id":"https:\/\/insektenliebe.com\/it\/#website","url":"https:\/\/insektenliebe.com\/it\/","name":"Insektenliebe","description":"Dein Zuhause f\u00fcr die kleinen Lebewesen","publisher":{"@id":"https:\/\/insektenliebe.com\/it\/#organization"},"potentialAction":[{"@type":"SearchAction","target":{"@type":"EntryPoint","urlTemplate":"https:\/\/insektenliebe.com\/it\/?s={search_term_string}"},"query-input":{"@type":"PropertyValueSpecification","valueRequired":true,"valueName":"search_term_string"}}],"inLanguage":"it-IT"},{"@type":"Organization","@id":"https:\/\/insektenliebe.com\/it\/#organization","name":"Insektenliebe","url":"https:\/\/insektenliebe.com\/it\/","logo":{"@type":"ImageObject","inLanguage":"it-IT","@id":"https:\/\/insektenliebe.com\/it\/#\/schema\/logo\/image\/","url":"https:\/\/insektenliebe.com\/wp-content\/uploads\/2025\/03\/logo-white.png","contentUrl":"https:\/\/insektenliebe.com\/wp-content\/uploads\/2025\/03\/logo-white.png","width":288,"height":188,"caption":"Insektenliebe"},"image":{"@id":"https:\/\/insektenliebe.com\/it\/#\/schema\/logo\/image\/"}}]}},"_links":{"self":[{"href":"https:\/\/insektenliebe.com\/it\/wp-json\/wp\/v2\/product\/188821","targetHints":{"allow":["GET"]}}],"collection":[{"href":"https:\/\/insektenliebe.com\/it\/wp-json\/wp\/v2\/product"}],"about":[{"href":"https:\/\/insektenliebe.com\/it\/wp-json\/wp\/v2\/types\/product"}],"wp:featuredmedia":[{"embeddable":true,"href":"https:\/\/insektenliebe.com\/it\/wp-json\/wp\/v2\/media\/188822"}],"wp:attachment":[{"href":"https:\/\/insektenliebe.com\/it\/wp-json\/wp\/v2\/media?parent=188821"}],"wp:term":[{"taxonomy":"product-supplier","embeddable":true,"href":"https:\/\/insektenliebe.com\/it\/wp-json\/wp\/v2\/product-supplier?post=188821"},{"taxonomy":"product_brand","embeddable":true,"href":"https:\/\/insektenliebe.com\/it\/wp-json\/wp\/v2\/product_brand?post=188821"},{"taxonomy":"product_cat","embeddable":true,"href":"https:\/\/insektenliebe.com\/it\/wp-json\/wp\/v2\/product_cat?post=188821"},{"taxonomy":"product_tag","embeddable":true,"href":"https:\/\/insektenliebe.com\/it\/wp-json\/wp\/v2\/product_tag?post=188821"},{"taxonomy":"lce-checkout-addons","embeddable":true,"href":"https:\/\/insektenliebe.com\/it\/wp-json\/wp\/v2\/lce-checkout-addons?post=188821"}],"curies":[{"name":"wp","href":"https:\/\/api.w.org\/{rel}","templated":true}]}}