{"id":188819,"date":"2023-10-12T09:48:00","date_gmt":"2023-10-12T07:48:00","guid":{"rendered":"https:\/\/insektenliebe.com\/shop\/produkt\/yuukianura-aphoruroides-coda-a-molla-arancione\/"},"modified":"2026-03-31T21:56:36","modified_gmt":"2026-03-31T19:56:36","slug":"yuukianura-aphoruroides-coda-a-molla-arancione","status":"publish","type":"product","link":"https:\/\/insektenliebe.com\/it\/shop\/prodotto\/yuukianura-aphoruroides-coda-a-molla-arancione\/","title":{"rendered":"Yuukianura aphoruroides \"Coda a molla arancione"},"content":{"rendered":"<h3><span style=\"color: #99cc33\">Dai un tocco di colore al tuo terrario con la Yuukianura aphoruroides \"Springtail arancione\".<\/span><\/h3>\n<p class=\"p1\">La <b>Yuukianura aphoruroides \"Orange Springtail\"<\/b> \u00e8 un esempio impressionante delle meraviglie della natura nel microcosmo. Nonostante le sue modeste dimensioni di 4 mm, il suo colore brillante e il suo significato ecologico danno un tocco speciale e dinamico a qualsiasi terrario. <\/p>\n<div>\n<p class=\"p1\">Il suo sorprendente bagliore arancione d\u00e0 al terrario un tocco speciale e lo rende un vero e proprio richiamo visivo. Ma c&#8217;\u00e8 molto di pi\u00f9 dietro questo colore radioso. La <strong>Yuukianura aphoruroides \"Orange Springtail\"<\/strong> svolge un lavoro prezioso anche nel tuo microhabitat. La sua preferenza per i gammarus essiccati facilita l&#8217;alimentazione e fa s\u00ec che sia sempre attiva, rivitalizzando il terrario e contribuendo al suo equilibrio ecologico.   <\/p>\n<p class=\"p1\">Un altro vantaggio di questa straordinaria coda a molla \u00e8 la sua adattabilit\u00e0. Per mantenerla al meglio, si consiglia di utilizzare un substrato di humus forestale. Questo materiale naturale crea un ambiente che assomiglia all&#8217;habitat naturale della <strong>Yuukianura aphoruroides \"Coda a molla arancione\"<\/strong> e fornisce un ambiente tropicale e umido, che questa specie predilige. Si sente particolarmente a suo agio a una temperatura di 20-26 gradi e pu\u00f2 svilupparsi in modo ideale.   <\/p>\n<p class=\"p1\">Con la <strong>Yuukianura aphoruroides \"Orange Springtail\"<\/strong> non investi solo nel miglioramento estetico del tuo terrario, ma arricchisci anche l&#8217;ecosistema. Aiuta la decomposizione dei materiali organici, promuove la vita microbica nel terreno e contribuisce alla salute e all&#8217;equilibrio del terrario. <\/p>\n<p class=\"p1\">La Terraristica non \u00e8 solo apprezzare la bellezza della natura, ma anche comprenderne la funzionalit\u00e0 e la diversit\u00e0. Con la <strong>Yuukianura aphoruroides \"Orange Springtail\"<\/strong>, puoi portare un pezzo di questo affascinante mondo direttamente a casa tua. Scopri come queste meraviglie arancioni grandi 4 mm arricchiscono il tuo terrario di vita, colore ed ecologia.  <\/p>\n<\/div>\n","protected":false},"excerpt":{"rendered":"<p>Dai un tocco di colore al tuo terrario con la Yuukianura aphoruroides \"Springtail arancione\". La Yuukianura aphoruroides \"Orange Springtail\" \u00e8 un esempio impressionante delle meraviglie della natura nel microcosmo. Nonostante le sue modeste dimensioni di 4 mm, il suo colore brillante e il suo significato ecologico danno un tocco speciale e dinamico a qualsiasi terrario. [&hellip;]<\/p>\n","protected":false},"featured_media":188820,"template":"","meta":{"_acf_changed":false},"product-supplier":[],"product_brand":[],"product_cat":[2829],"product_tag":[],"lce-checkout-addons":[2746],"class_list":{"0":"post-188819","1":"product","2":"type-product","3":"status-publish","4":"has-post-thumbnail","6":"product_cat-altri-invertebrati","7":"product_shipping_class-spedizione-di-animali","8":"pa_herkunft-malesia","9":"pa_kontinent-africa","10":"lce-checkout-addons-imballaggio-invernale","12":"first","13":"instock","14":"taxable","15":"shipping-taxable","16":"purchasable","17":"product-type-simple"},"acf":[],"yoast_head":"<!-- This site is optimized with the Yoast SEO plugin v27.3 - https:\/\/yoast.com\/product\/yoast-seo-wordpress\/ -->\n<title>Yuukianura aphoruroides &quot;Coda a molla arancione - Insektenliebe<\/title>\n<meta name=\"description\" content=\"Acquista a buon mercato Yuukianura aphoruroides &quot;Orange Springtail&quot; direttamente online. Il suo bagliore arancione d\u00e0 un tocco speciale al terrario.\" \/>\n<meta name=\"robots\" content=\"index, follow, max-snippet:-1, max-image-preview:large, max-video-preview:-1\" \/>\n<link rel=\"canonical\" href=\"https:\/\/insektenliebe.com\/it\/shop\/prodotto\/yuukianura-aphoruroides-coda-a-molla-arancione\/\" \/>\n<meta property=\"og:locale\" content=\"it_IT\" \/>\n<meta property=\"og:type\" content=\"article\" \/>\n<meta property=\"og:title\" content=\"Yuukianura aphoruroides &quot;Coda a molla arancione - Insektenliebe\" \/>\n<meta property=\"og:description\" content=\"Acquista a buon mercato Yuukianura aphoruroides &quot;Orange Springtail&quot; direttamente online. Il suo bagliore arancione d\u00e0 un tocco speciale al terrario.\" \/>\n<meta property=\"og:url\" content=\"https:\/\/insektenliebe.com\/it\/shop\/prodotto\/yuukianura-aphoruroides-coda-a-molla-arancione\/\" \/>\n<meta property=\"og:site_name\" content=\"Insektenliebe\" \/>\n<meta property=\"article:modified_time\" content=\"2026-03-31T19:56:36+00:00\" \/>\n<meta property=\"og:image\" content=\"https:\/\/insektenliebe.com\/wp-content\/uploads\/2025\/05\/Yuukianura-aphoruroides-22Orangener-Springschwanz22-1-2.jpg\" \/>\n\t<meta property=\"og:image:width\" content=\"820\" \/>\n\t<meta property=\"og:image:height\" content=\"820\" \/>\n\t<meta property=\"og:image:type\" content=\"image\/jpeg\" \/>\n<meta name=\"twitter:card\" content=\"summary_large_image\" \/>\n<meta name=\"twitter:label1\" content=\"Tempo di lettura stimato\" \/>\n\t<meta name=\"twitter:data1\" content=\"1 minuto\" \/>\n<script type=\"application\/ld+json\" class=\"yoast-schema-graph\">{\"@context\":\"https:\\\/\\\/schema.org\",\"@graph\":[{\"@type\":\"WebPage\",\"@id\":\"https:\\\/\\\/insektenliebe.com\\\/it\\\/shop\\\/prodotto\\\/yuukianura-aphoruroides-coda-a-molla-arancione\\\/\",\"url\":\"https:\\\/\\\/insektenliebe.com\\\/it\\\/shop\\\/prodotto\\\/yuukianura-aphoruroides-coda-a-molla-arancione\\\/\",\"name\":\"Yuukianura aphoruroides \\\"Coda a molla arancione - Insektenliebe\",\"isPartOf\":{\"@id\":\"https:\\\/\\\/insektenliebe.com\\\/it\\\/#website\"},\"primaryImageOfPage\":{\"@id\":\"https:\\\/\\\/insektenliebe.com\\\/it\\\/shop\\\/prodotto\\\/yuukianura-aphoruroides-coda-a-molla-arancione\\\/#primaryimage\"},\"image\":{\"@id\":\"https:\\\/\\\/insektenliebe.com\\\/it\\\/shop\\\/prodotto\\\/yuukianura-aphoruroides-coda-a-molla-arancione\\\/#primaryimage\"},\"thumbnailUrl\":\"https:\\\/\\\/insektenliebe.com\\\/wp-content\\\/uploads\\\/2025\\\/05\\\/Yuukianura-aphoruroides-22Orangener-Springschwanz22-1-2.jpg\",\"datePublished\":\"2023-10-12T07:48:00+00:00\",\"dateModified\":\"2026-03-31T19:56:36+00:00\",\"description\":\"Acquista a buon mercato Yuukianura aphoruroides \\\"Orange Springtail\\\" direttamente online. Il suo bagliore arancione d\u00e0 un tocco speciale al terrario.\",\"breadcrumb\":{\"@id\":\"https:\\\/\\\/insektenliebe.com\\\/it\\\/shop\\\/prodotto\\\/yuukianura-aphoruroides-coda-a-molla-arancione\\\/#breadcrumb\"},\"inLanguage\":\"it-IT\",\"potentialAction\":[{\"@type\":\"ReadAction\",\"target\":[\"https:\\\/\\\/insektenliebe.com\\\/it\\\/shop\\\/prodotto\\\/yuukianura-aphoruroides-coda-a-molla-arancione\\\/\"]}]},{\"@type\":\"ImageObject\",\"inLanguage\":\"it-IT\",\"@id\":\"https:\\\/\\\/insektenliebe.com\\\/it\\\/shop\\\/prodotto\\\/yuukianura-aphoruroides-coda-a-molla-arancione\\\/#primaryimage\",\"url\":\"https:\\\/\\\/insektenliebe.com\\\/wp-content\\\/uploads\\\/2025\\\/05\\\/Yuukianura-aphoruroides-22Orangener-Springschwanz22-1-2.jpg\",\"contentUrl\":\"https:\\\/\\\/insektenliebe.com\\\/wp-content\\\/uploads\\\/2025\\\/05\\\/Yuukianura-aphoruroides-22Orangener-Springschwanz22-1-2.jpg\",\"width\":820,\"height\":820,\"caption\":\"Yuukianura-aphoruroides-22Coda di primavera arancione22-1-2.jpg\"},{\"@type\":\"BreadcrumbList\",\"@id\":\"https:\\\/\\\/insektenliebe.com\\\/it\\\/shop\\\/prodotto\\\/yuukianura-aphoruroides-coda-a-molla-arancione\\\/#breadcrumb\",\"itemListElement\":[{\"@type\":\"ListItem\",\"position\":1,\"name\":\"Startseite\",\"item\":\"https:\\\/\\\/insektenliebe.com\\\/it\\\/\"},{\"@type\":\"ListItem\",\"position\":2,\"name\":\"Negozio\",\"item\":\"https:\\\/\\\/insektenliebe.com\\\/it\\\/negozio\\\/\"},{\"@type\":\"ListItem\",\"position\":3,\"name\":\"Yuukianura aphoruroides &#8220;Coda a molla arancione\"}]},{\"@type\":\"WebSite\",\"@id\":\"https:\\\/\\\/insektenliebe.com\\\/it\\\/#website\",\"url\":\"https:\\\/\\\/insektenliebe.com\\\/it\\\/\",\"name\":\"Insektenliebe\",\"description\":\"Dein Zuhause f\u00fcr die kleinen Lebewesen\",\"publisher\":{\"@id\":\"https:\\\/\\\/insektenliebe.com\\\/it\\\/#organization\"},\"potentialAction\":[{\"@type\":\"SearchAction\",\"target\":{\"@type\":\"EntryPoint\",\"urlTemplate\":\"https:\\\/\\\/insektenliebe.com\\\/it\\\/?s={search_term_string}\"},\"query-input\":{\"@type\":\"PropertyValueSpecification\",\"valueRequired\":true,\"valueName\":\"search_term_string\"}}],\"inLanguage\":\"it-IT\"},{\"@type\":\"Organization\",\"@id\":\"https:\\\/\\\/insektenliebe.com\\\/it\\\/#organization\",\"name\":\"Insektenliebe\",\"url\":\"https:\\\/\\\/insektenliebe.com\\\/it\\\/\",\"logo\":{\"@type\":\"ImageObject\",\"inLanguage\":\"it-IT\",\"@id\":\"https:\\\/\\\/insektenliebe.com\\\/it\\\/#\\\/schema\\\/logo\\\/image\\\/\",\"url\":\"https:\\\/\\\/insektenliebe.com\\\/wp-content\\\/uploads\\\/2025\\\/03\\\/logo-white.png\",\"contentUrl\":\"https:\\\/\\\/insektenliebe.com\\\/wp-content\\\/uploads\\\/2025\\\/03\\\/logo-white.png\",\"width\":288,\"height\":188,\"caption\":\"Insektenliebe\"},\"image\":{\"@id\":\"https:\\\/\\\/insektenliebe.com\\\/it\\\/#\\\/schema\\\/logo\\\/image\\\/\"}}]}<\/script>\n<!-- \/ Yoast SEO plugin. -->","yoast_head_json":{"title":"Yuukianura aphoruroides \"Coda a molla arancione - Insektenliebe","description":"Acquista a buon mercato Yuukianura aphoruroides \"Orange Springtail\" direttamente online. Il suo bagliore arancione d\u00e0 un tocco speciale al terrario.","robots":{"index":"index","follow":"follow","max-snippet":"max-snippet:-1","max-image-preview":"max-image-preview:large","max-video-preview":"max-video-preview:-1"},"canonical":"https:\/\/insektenliebe.com\/it\/shop\/prodotto\/yuukianura-aphoruroides-coda-a-molla-arancione\/","og_locale":"it_IT","og_type":"article","og_title":"Yuukianura aphoruroides \"Coda a molla arancione - Insektenliebe","og_description":"Acquista a buon mercato Yuukianura aphoruroides \"Orange Springtail\" direttamente online. Il suo bagliore arancione d\u00e0 un tocco speciale al terrario.","og_url":"https:\/\/insektenliebe.com\/it\/shop\/prodotto\/yuukianura-aphoruroides-coda-a-molla-arancione\/","og_site_name":"Insektenliebe","article_modified_time":"2026-03-31T19:56:36+00:00","og_image":[{"width":820,"height":820,"url":"https:\/\/insektenliebe.com\/wp-content\/uploads\/2025\/05\/Yuukianura-aphoruroides-22Orangener-Springschwanz22-1-2.jpg","type":"image\/jpeg"}],"twitter_card":"summary_large_image","twitter_misc":{"Tempo di lettura stimato":"1 minuto"},"schema":{"@context":"https:\/\/schema.org","@graph":[{"@type":"WebPage","@id":"https:\/\/insektenliebe.com\/it\/shop\/prodotto\/yuukianura-aphoruroides-coda-a-molla-arancione\/","url":"https:\/\/insektenliebe.com\/it\/shop\/prodotto\/yuukianura-aphoruroides-coda-a-molla-arancione\/","name":"Yuukianura aphoruroides \"Coda a molla arancione - Insektenliebe","isPartOf":{"@id":"https:\/\/insektenliebe.com\/it\/#website"},"primaryImageOfPage":{"@id":"https:\/\/insektenliebe.com\/it\/shop\/prodotto\/yuukianura-aphoruroides-coda-a-molla-arancione\/#primaryimage"},"image":{"@id":"https:\/\/insektenliebe.com\/it\/shop\/prodotto\/yuukianura-aphoruroides-coda-a-molla-arancione\/#primaryimage"},"thumbnailUrl":"https:\/\/insektenliebe.com\/wp-content\/uploads\/2025\/05\/Yuukianura-aphoruroides-22Orangener-Springschwanz22-1-2.jpg","datePublished":"2023-10-12T07:48:00+00:00","dateModified":"2026-03-31T19:56:36+00:00","description":"Acquista a buon mercato Yuukianura aphoruroides \"Orange Springtail\" direttamente online. Il suo bagliore arancione d\u00e0 un tocco speciale al terrario.","breadcrumb":{"@id":"https:\/\/insektenliebe.com\/it\/shop\/prodotto\/yuukianura-aphoruroides-coda-a-molla-arancione\/#breadcrumb"},"inLanguage":"it-IT","potentialAction":[{"@type":"ReadAction","target":["https:\/\/insektenliebe.com\/it\/shop\/prodotto\/yuukianura-aphoruroides-coda-a-molla-arancione\/"]}]},{"@type":"ImageObject","inLanguage":"it-IT","@id":"https:\/\/insektenliebe.com\/it\/shop\/prodotto\/yuukianura-aphoruroides-coda-a-molla-arancione\/#primaryimage","url":"https:\/\/insektenliebe.com\/wp-content\/uploads\/2025\/05\/Yuukianura-aphoruroides-22Orangener-Springschwanz22-1-2.jpg","contentUrl":"https:\/\/insektenliebe.com\/wp-content\/uploads\/2025\/05\/Yuukianura-aphoruroides-22Orangener-Springschwanz22-1-2.jpg","width":820,"height":820,"caption":"Yuukianura-aphoruroides-22Coda di primavera arancione22-1-2.jpg"},{"@type":"BreadcrumbList","@id":"https:\/\/insektenliebe.com\/it\/shop\/prodotto\/yuukianura-aphoruroides-coda-a-molla-arancione\/#breadcrumb","itemListElement":[{"@type":"ListItem","position":1,"name":"Startseite","item":"https:\/\/insektenliebe.com\/it\/"},{"@type":"ListItem","position":2,"name":"Negozio","item":"https:\/\/insektenliebe.com\/it\/negozio\/"},{"@type":"ListItem","position":3,"name":"Yuukianura aphoruroides &#8220;Coda a molla arancione"}]},{"@type":"WebSite","@id":"https:\/\/insektenliebe.com\/it\/#website","url":"https:\/\/insektenliebe.com\/it\/","name":"Insektenliebe","description":"Dein Zuhause f\u00fcr die kleinen Lebewesen","publisher":{"@id":"https:\/\/insektenliebe.com\/it\/#organization"},"potentialAction":[{"@type":"SearchAction","target":{"@type":"EntryPoint","urlTemplate":"https:\/\/insektenliebe.com\/it\/?s={search_term_string}"},"query-input":{"@type":"PropertyValueSpecification","valueRequired":true,"valueName":"search_term_string"}}],"inLanguage":"it-IT"},{"@type":"Organization","@id":"https:\/\/insektenliebe.com\/it\/#organization","name":"Insektenliebe","url":"https:\/\/insektenliebe.com\/it\/","logo":{"@type":"ImageObject","inLanguage":"it-IT","@id":"https:\/\/insektenliebe.com\/it\/#\/schema\/logo\/image\/","url":"https:\/\/insektenliebe.com\/wp-content\/uploads\/2025\/03\/logo-white.png","contentUrl":"https:\/\/insektenliebe.com\/wp-content\/uploads\/2025\/03\/logo-white.png","width":288,"height":188,"caption":"Insektenliebe"},"image":{"@id":"https:\/\/insektenliebe.com\/it\/#\/schema\/logo\/image\/"}}]}},"_links":{"self":[{"href":"https:\/\/insektenliebe.com\/it\/wp-json\/wp\/v2\/product\/188819","targetHints":{"allow":["GET"]}}],"collection":[{"href":"https:\/\/insektenliebe.com\/it\/wp-json\/wp\/v2\/product"}],"about":[{"href":"https:\/\/insektenliebe.com\/it\/wp-json\/wp\/v2\/types\/product"}],"wp:featuredmedia":[{"embeddable":true,"href":"https:\/\/insektenliebe.com\/it\/wp-json\/wp\/v2\/media\/188820"}],"wp:attachment":[{"href":"https:\/\/insektenliebe.com\/it\/wp-json\/wp\/v2\/media?parent=188819"}],"wp:term":[{"taxonomy":"product-supplier","embeddable":true,"href":"https:\/\/insektenliebe.com\/it\/wp-json\/wp\/v2\/product-supplier?post=188819"},{"taxonomy":"product_brand","embeddable":true,"href":"https:\/\/insektenliebe.com\/it\/wp-json\/wp\/v2\/product_brand?post=188819"},{"taxonomy":"product_cat","embeddable":true,"href":"https:\/\/insektenliebe.com\/it\/wp-json\/wp\/v2\/product_cat?post=188819"},{"taxonomy":"product_tag","embeddable":true,"href":"https:\/\/insektenliebe.com\/it\/wp-json\/wp\/v2\/product_tag?post=188819"},{"taxonomy":"lce-checkout-addons","embeddable":true,"href":"https:\/\/insektenliebe.com\/it\/wp-json\/wp\/v2\/lce-checkout-addons?post=188819"}],"curies":[{"name":"wp","href":"https:\/\/api.w.org\/{rel}","templated":true}]}}