{"id":188815,"date":"2023-08-20T11:23:26","date_gmt":"2023-08-20T09:23:26","guid":{"rendered":"https:\/\/insektenliebe.com\/shop\/produkt\/biorb-earth-rgb-luce-a-infrarossi\/"},"modified":"2023-08-20T11:23:26","modified_gmt":"2023-08-20T09:23:26","slug":"biorb-earth-rgb-luce-a-infrarossi","status":"publish","type":"product","link":"https:\/\/insektenliebe.com\/it\/shop\/prodotto\/biorb-earth-rgb-luce-a-infrarossi\/","title":{"rendered":"biOrb EARTH RGB \/ luce a infrarossi"},"content":{"rendered":"<p>La <strong>lampada biOrb EARTH RGB \/ infrarossi<\/strong> \u00e8 una lampada sostitutiva per il tuo terrario biOrb EARTH 125. Questa sofisticata unit\u00e0 LED soddisfa tutti i requisiti di cui hanno bisogno i tuoi animali e le tue piante per ottenere uno spettro di lunghezze d&#8217;onda ottimale. <\/p>\n<p>I LED infrarossi e RGB di biOrb EARTH forniscono le lunghezze d&#8217;onda aggiuntive fondamentali per il benessere di animali e piante. Le lunghezze d&#8217;onda dell&#8217;infrarosso sono particolarmente importanti perch\u00e9 sono note per la loro capacit\u00e0 di penetrare nella pelle. Ci\u00f2 significa che sono una fonte di calore pi\u00f9 efficace per i nostri animali. L&#8217;infrarosso-A \u00e8 conosciuto anche come \"vicino all&#8217;infrarosso\" ed \u00e8 la lunghezza d&#8217;onda pi\u00f9 corta. Ha un&#8217;energia elevata ed \u00e8 utile per gli animali perch\u00e9 i fotoni possono penetrare nella pelle.    <\/p>\n<p>La <strong>lampada biOrb EARTH RGB \/ infrarossi<\/strong> assicura che i tuoi rettili ricevano le lunghezze d&#8217;onda di calore e luce necessarie per sentirsi a proprio agio nel loro terrario. Questa lampada sostitutiva di alta qualit\u00e0 \u00e8 stata progettata appositamente per imitare le condizioni naturali dell&#8217;ambiente dei tuoi rettili e migliorare la loro qualit\u00e0 di vita. <\/p>\n<p>Installare questa lampada di ricambio nel tuo terrario biOrb EARTH 125 \u00e8 semplice e immediato. Puoi essere certo di ottenere un prodotto affidabile che ti aiuter\u00e0 a creare un ambiente sano e felice per gli abitanti del tuo terrario. <\/p>\n","protected":false},"excerpt":{"rendered":"<p>La lampada biOrb EARTH RGB \/ infrarossi \u00e8 una lampada sostitutiva per il tuo terrario biOrb EARTH 125. Questa sofisticata unit\u00e0 LED soddisfa tutti i requisiti di cui hanno bisogno i tuoi animali e le tue piante per ottenere uno spettro di lunghezze d&#8217;onda ottimale. I LED infrarossi e RGB di biOrb EARTH forniscono le [&hellip;]<\/p>\n","protected":false},"featured_media":188816,"template":"","meta":{"_acf_changed":false},"product-supplier":[],"product_brand":[3207],"product_cat":[2741],"product_tag":[],"lce-checkout-addons":[],"class_list":{"0":"post-188815","1":"product","2":"type-product","3":"status-publish","4":"has-post-thumbnail","6":"product_brand-biorb","7":"product_cat-illuminazione-e-clima","8":"product_shipping_class-equipment-shipping","10":"first","11":"instock","12":"sale","13":"taxable","14":"shipping-taxable","15":"purchasable","16":"product-type-simple"},"acf":[],"yoast_head":"<!-- This site is optimized with the Yoast SEO plugin v27.3 - https:\/\/yoast.com\/product\/yoast-seo-wordpress\/ -->\n<title>biOrb EARTH RGB \/ luce a infrarossi - Insektenliebe<\/title>\n<meta name=\"description\" content=\"Acquista a basso costo la lampada biOrb EARTH RGB \/ infrarossi direttamente online! La lampada biOrb EARTH RGB \/ infrarossi \u00e8 una lampada sostitutiva per i terrari biOrb EARTH 125.\" \/>\n<meta name=\"robots\" content=\"index, follow, max-snippet:-1, max-image-preview:large, max-video-preview:-1\" \/>\n<link rel=\"canonical\" href=\"https:\/\/insektenliebe.com\/it\/shop\/prodotto\/biorb-earth-rgb-luce-a-infrarossi\/\" \/>\n<meta property=\"og:locale\" content=\"it_IT\" \/>\n<meta property=\"og:type\" content=\"article\" \/>\n<meta property=\"og:title\" content=\"biOrb EARTH RGB \/ luce a infrarossi - Insektenliebe\" \/>\n<meta property=\"og:description\" content=\"Acquista a basso costo la lampada biOrb EARTH RGB \/ infrarossi direttamente online! La lampada biOrb EARTH RGB \/ infrarossi \u00e8 una lampada sostitutiva per i terrari biOrb EARTH 125.\" \/>\n<meta property=\"og:url\" content=\"https:\/\/insektenliebe.com\/it\/shop\/prodotto\/biorb-earth-rgb-luce-a-infrarossi\/\" \/>\n<meta property=\"og:site_name\" content=\"Insektenliebe\" \/>\n<meta property=\"og:image\" content=\"https:\/\/insektenliebe.com\/wp-content\/uploads\/2025\/05\/biOrb-EARTH-RGB-Infrarot-Licht-2.jpg\" \/>\n\t<meta property=\"og:image:width\" content=\"820\" \/>\n\t<meta property=\"og:image:height\" content=\"820\" \/>\n\t<meta property=\"og:image:type\" content=\"image\/jpeg\" \/>\n<meta name=\"twitter:card\" content=\"summary_large_image\" \/>\n<meta name=\"twitter:label1\" content=\"Tempo di lettura stimato\" \/>\n\t<meta name=\"twitter:data1\" content=\"1 minuto\" \/>\n<script type=\"application\/ld+json\" class=\"yoast-schema-graph\">{\"@context\":\"https:\\\/\\\/schema.org\",\"@graph\":[{\"@type\":\"WebPage\",\"@id\":\"https:\\\/\\\/insektenliebe.com\\\/it\\\/shop\\\/prodotto\\\/biorb-earth-rgb-luce-a-infrarossi\\\/\",\"url\":\"https:\\\/\\\/insektenliebe.com\\\/it\\\/shop\\\/prodotto\\\/biorb-earth-rgb-luce-a-infrarossi\\\/\",\"name\":\"biOrb EARTH RGB \\\/ luce a infrarossi - Insektenliebe\",\"isPartOf\":{\"@id\":\"https:\\\/\\\/insektenliebe.com\\\/it\\\/#website\"},\"primaryImageOfPage\":{\"@id\":\"https:\\\/\\\/insektenliebe.com\\\/it\\\/shop\\\/prodotto\\\/biorb-earth-rgb-luce-a-infrarossi\\\/#primaryimage\"},\"image\":{\"@id\":\"https:\\\/\\\/insektenliebe.com\\\/it\\\/shop\\\/prodotto\\\/biorb-earth-rgb-luce-a-infrarossi\\\/#primaryimage\"},\"thumbnailUrl\":\"https:\\\/\\\/insektenliebe.com\\\/wp-content\\\/uploads\\\/2025\\\/05\\\/biOrb-EARTH-RGB-Infrarot-Licht-2.jpg\",\"datePublished\":\"2023-08-20T09:23:26+00:00\",\"description\":\"Acquista a basso costo la lampada biOrb EARTH RGB \\\/ infrarossi direttamente online! La lampada biOrb EARTH RGB \\\/ infrarossi \u00e8 una lampada sostitutiva per i terrari biOrb EARTH 125.\",\"breadcrumb\":{\"@id\":\"https:\\\/\\\/insektenliebe.com\\\/it\\\/shop\\\/prodotto\\\/biorb-earth-rgb-luce-a-infrarossi\\\/#breadcrumb\"},\"inLanguage\":\"it-IT\",\"potentialAction\":[{\"@type\":\"ReadAction\",\"target\":[\"https:\\\/\\\/insektenliebe.com\\\/it\\\/shop\\\/prodotto\\\/biorb-earth-rgb-luce-a-infrarossi\\\/\"]}]},{\"@type\":\"ImageObject\",\"inLanguage\":\"it-IT\",\"@id\":\"https:\\\/\\\/insektenliebe.com\\\/it\\\/shop\\\/prodotto\\\/biorb-earth-rgb-luce-a-infrarossi\\\/#primaryimage\",\"url\":\"https:\\\/\\\/insektenliebe.com\\\/wp-content\\\/uploads\\\/2025\\\/05\\\/biOrb-EARTH-RGB-Infrarot-Licht-2.jpg\",\"contentUrl\":\"https:\\\/\\\/insektenliebe.com\\\/wp-content\\\/uploads\\\/2025\\\/05\\\/biOrb-EARTH-RGB-Infrarot-Licht-2.jpg\",\"width\":820,\"height\":820,\"caption\":\"biOrb-EARTH-RGB-Infrared-Light-2.jpg\"},{\"@type\":\"BreadcrumbList\",\"@id\":\"https:\\\/\\\/insektenliebe.com\\\/it\\\/shop\\\/prodotto\\\/biorb-earth-rgb-luce-a-infrarossi\\\/#breadcrumb\",\"itemListElement\":[{\"@type\":\"ListItem\",\"position\":1,\"name\":\"Startseite\",\"item\":\"https:\\\/\\\/insektenliebe.com\\\/it\\\/\"},{\"@type\":\"ListItem\",\"position\":2,\"name\":\"Negozio\",\"item\":\"https:\\\/\\\/insektenliebe.com\\\/it\\\/negozio\\\/\"},{\"@type\":\"ListItem\",\"position\":3,\"name\":\"biOrb EARTH RGB \\\/ luce a infrarossi\"}]},{\"@type\":\"WebSite\",\"@id\":\"https:\\\/\\\/insektenliebe.com\\\/it\\\/#website\",\"url\":\"https:\\\/\\\/insektenliebe.com\\\/it\\\/\",\"name\":\"Insektenliebe\",\"description\":\"Dein Zuhause f\u00fcr die kleinen Lebewesen\",\"publisher\":{\"@id\":\"https:\\\/\\\/insektenliebe.com\\\/it\\\/#organization\"},\"potentialAction\":[{\"@type\":\"SearchAction\",\"target\":{\"@type\":\"EntryPoint\",\"urlTemplate\":\"https:\\\/\\\/insektenliebe.com\\\/it\\\/?s={search_term_string}\"},\"query-input\":{\"@type\":\"PropertyValueSpecification\",\"valueRequired\":true,\"valueName\":\"search_term_string\"}}],\"inLanguage\":\"it-IT\"},{\"@type\":\"Organization\",\"@id\":\"https:\\\/\\\/insektenliebe.com\\\/it\\\/#organization\",\"name\":\"Insektenliebe\",\"url\":\"https:\\\/\\\/insektenliebe.com\\\/it\\\/\",\"logo\":{\"@type\":\"ImageObject\",\"inLanguage\":\"it-IT\",\"@id\":\"https:\\\/\\\/insektenliebe.com\\\/it\\\/#\\\/schema\\\/logo\\\/image\\\/\",\"url\":\"https:\\\/\\\/insektenliebe.com\\\/wp-content\\\/uploads\\\/2025\\\/03\\\/logo-white.png\",\"contentUrl\":\"https:\\\/\\\/insektenliebe.com\\\/wp-content\\\/uploads\\\/2025\\\/03\\\/logo-white.png\",\"width\":288,\"height\":188,\"caption\":\"Insektenliebe\"},\"image\":{\"@id\":\"https:\\\/\\\/insektenliebe.com\\\/it\\\/#\\\/schema\\\/logo\\\/image\\\/\"}}]}<\/script>\n<!-- \/ Yoast SEO plugin. -->","yoast_head_json":{"title":"biOrb EARTH RGB \/ luce a infrarossi - Insektenliebe","description":"Acquista a basso costo la lampada biOrb EARTH RGB \/ infrarossi direttamente online! La lampada biOrb EARTH RGB \/ infrarossi \u00e8 una lampada sostitutiva per i terrari biOrb EARTH 125.","robots":{"index":"index","follow":"follow","max-snippet":"max-snippet:-1","max-image-preview":"max-image-preview:large","max-video-preview":"max-video-preview:-1"},"canonical":"https:\/\/insektenliebe.com\/it\/shop\/prodotto\/biorb-earth-rgb-luce-a-infrarossi\/","og_locale":"it_IT","og_type":"article","og_title":"biOrb EARTH RGB \/ luce a infrarossi - Insektenliebe","og_description":"Acquista a basso costo la lampada biOrb EARTH RGB \/ infrarossi direttamente online! La lampada biOrb EARTH RGB \/ infrarossi \u00e8 una lampada sostitutiva per i terrari biOrb EARTH 125.","og_url":"https:\/\/insektenliebe.com\/it\/shop\/prodotto\/biorb-earth-rgb-luce-a-infrarossi\/","og_site_name":"Insektenliebe","og_image":[{"width":820,"height":820,"url":"https:\/\/insektenliebe.com\/wp-content\/uploads\/2025\/05\/biOrb-EARTH-RGB-Infrarot-Licht-2.jpg","type":"image\/jpeg"}],"twitter_card":"summary_large_image","twitter_misc":{"Tempo di lettura stimato":"1 minuto"},"schema":{"@context":"https:\/\/schema.org","@graph":[{"@type":"WebPage","@id":"https:\/\/insektenliebe.com\/it\/shop\/prodotto\/biorb-earth-rgb-luce-a-infrarossi\/","url":"https:\/\/insektenliebe.com\/it\/shop\/prodotto\/biorb-earth-rgb-luce-a-infrarossi\/","name":"biOrb EARTH RGB \/ luce a infrarossi - Insektenliebe","isPartOf":{"@id":"https:\/\/insektenliebe.com\/it\/#website"},"primaryImageOfPage":{"@id":"https:\/\/insektenliebe.com\/it\/shop\/prodotto\/biorb-earth-rgb-luce-a-infrarossi\/#primaryimage"},"image":{"@id":"https:\/\/insektenliebe.com\/it\/shop\/prodotto\/biorb-earth-rgb-luce-a-infrarossi\/#primaryimage"},"thumbnailUrl":"https:\/\/insektenliebe.com\/wp-content\/uploads\/2025\/05\/biOrb-EARTH-RGB-Infrarot-Licht-2.jpg","datePublished":"2023-08-20T09:23:26+00:00","description":"Acquista a basso costo la lampada biOrb EARTH RGB \/ infrarossi direttamente online! La lampada biOrb EARTH RGB \/ infrarossi \u00e8 una lampada sostitutiva per i terrari biOrb EARTH 125.","breadcrumb":{"@id":"https:\/\/insektenliebe.com\/it\/shop\/prodotto\/biorb-earth-rgb-luce-a-infrarossi\/#breadcrumb"},"inLanguage":"it-IT","potentialAction":[{"@type":"ReadAction","target":["https:\/\/insektenliebe.com\/it\/shop\/prodotto\/biorb-earth-rgb-luce-a-infrarossi\/"]}]},{"@type":"ImageObject","inLanguage":"it-IT","@id":"https:\/\/insektenliebe.com\/it\/shop\/prodotto\/biorb-earth-rgb-luce-a-infrarossi\/#primaryimage","url":"https:\/\/insektenliebe.com\/wp-content\/uploads\/2025\/05\/biOrb-EARTH-RGB-Infrarot-Licht-2.jpg","contentUrl":"https:\/\/insektenliebe.com\/wp-content\/uploads\/2025\/05\/biOrb-EARTH-RGB-Infrarot-Licht-2.jpg","width":820,"height":820,"caption":"biOrb-EARTH-RGB-Infrared-Light-2.jpg"},{"@type":"BreadcrumbList","@id":"https:\/\/insektenliebe.com\/it\/shop\/prodotto\/biorb-earth-rgb-luce-a-infrarossi\/#breadcrumb","itemListElement":[{"@type":"ListItem","position":1,"name":"Startseite","item":"https:\/\/insektenliebe.com\/it\/"},{"@type":"ListItem","position":2,"name":"Negozio","item":"https:\/\/insektenliebe.com\/it\/negozio\/"},{"@type":"ListItem","position":3,"name":"biOrb EARTH RGB \/ luce a infrarossi"}]},{"@type":"WebSite","@id":"https:\/\/insektenliebe.com\/it\/#website","url":"https:\/\/insektenliebe.com\/it\/","name":"Insektenliebe","description":"Dein Zuhause f\u00fcr die kleinen Lebewesen","publisher":{"@id":"https:\/\/insektenliebe.com\/it\/#organization"},"potentialAction":[{"@type":"SearchAction","target":{"@type":"EntryPoint","urlTemplate":"https:\/\/insektenliebe.com\/it\/?s={search_term_string}"},"query-input":{"@type":"PropertyValueSpecification","valueRequired":true,"valueName":"search_term_string"}}],"inLanguage":"it-IT"},{"@type":"Organization","@id":"https:\/\/insektenliebe.com\/it\/#organization","name":"Insektenliebe","url":"https:\/\/insektenliebe.com\/it\/","logo":{"@type":"ImageObject","inLanguage":"it-IT","@id":"https:\/\/insektenliebe.com\/it\/#\/schema\/logo\/image\/","url":"https:\/\/insektenliebe.com\/wp-content\/uploads\/2025\/03\/logo-white.png","contentUrl":"https:\/\/insektenliebe.com\/wp-content\/uploads\/2025\/03\/logo-white.png","width":288,"height":188,"caption":"Insektenliebe"},"image":{"@id":"https:\/\/insektenliebe.com\/it\/#\/schema\/logo\/image\/"}}]}},"_links":{"self":[{"href":"https:\/\/insektenliebe.com\/it\/wp-json\/wp\/v2\/product\/188815","targetHints":{"allow":["GET"]}}],"collection":[{"href":"https:\/\/insektenliebe.com\/it\/wp-json\/wp\/v2\/product"}],"about":[{"href":"https:\/\/insektenliebe.com\/it\/wp-json\/wp\/v2\/types\/product"}],"wp:featuredmedia":[{"embeddable":true,"href":"https:\/\/insektenliebe.com\/it\/wp-json\/wp\/v2\/media\/188816"}],"wp:attachment":[{"href":"https:\/\/insektenliebe.com\/it\/wp-json\/wp\/v2\/media?parent=188815"}],"wp:term":[{"taxonomy":"product-supplier","embeddable":true,"href":"https:\/\/insektenliebe.com\/it\/wp-json\/wp\/v2\/product-supplier?post=188815"},{"taxonomy":"product_brand","embeddable":true,"href":"https:\/\/insektenliebe.com\/it\/wp-json\/wp\/v2\/product_brand?post=188815"},{"taxonomy":"product_cat","embeddable":true,"href":"https:\/\/insektenliebe.com\/it\/wp-json\/wp\/v2\/product_cat?post=188815"},{"taxonomy":"product_tag","embeddable":true,"href":"https:\/\/insektenliebe.com\/it\/wp-json\/wp\/v2\/product_tag?post=188815"},{"taxonomy":"lce-checkout-addons","embeddable":true,"href":"https:\/\/insektenliebe.com\/it\/wp-json\/wp\/v2\/lce-checkout-addons?post=188815"}],"curies":[{"name":"wp","href":"https:\/\/api.w.org\/{rel}","templated":true}]}}