{"id":188808,"date":"2022-12-02T10:13:00","date_gmt":"2022-12-02T08:13:00","guid":{"rendered":"https:\/\/insektenliebe.com\/shop\/produkt\/exo-terra-muschio-vite\/"},"modified":"2026-03-03T11:57:26","modified_gmt":"2026-03-03T10:57:26","slug":"exo-terra-muschio-vite","status":"publish","type":"product","link":"https:\/\/insektenliebe.com\/it\/shop\/prodotto\/exo-terra-muschio-vite\/","title":{"rendered":"Exo Terra Muschio Vite"},"content":{"rendered":"<h3><span class=\"s1\" style=\"color: #99cc33;\">Exo Terra Moss Vine - Un design creativo facile da realizzare<\/span><\/h3>\n<p class=\"p1\"><span class=\"s1\">Il <\/span><strong><span class=\"s2\">Exo Terra Muschio Vite<\/span><\/strong><span class=\"s1\">  combina un aspetto decorativo con un&#8217;estensione funzionale dell&#8217;habitat. Crea aree di movimento aggiuntive, conferisce al terrario una struttura tridimensionale e allo stesso tempo favorisce il comportamento naturale dei tuoi animali. D\u00e0 profondit\u00e0 e dinamismo all&#8217;allestimento, soprattutto nei terrari costruiti in verticale.  <\/span><\/p>\n<p class=\"p1\"><span class=\"s1\">Grazie al suo design pieghevole e ruotabile, puoi adattare la liana in modo flessibile al tuo allestimento. Puoi avvolgerla intorno ai rami, fissarla tra la parete posteriore e il paravento o intrecciare pi\u00f9 liane insieme. In questo modo si crea una struttura di arrampicata stabile e multistrato. Anche dopo un uso prolungato, la forma pu\u00f2 essere facilmente riadattata in modo da poter riprogettare il terrario in qualsiasi momento.   <\/span><\/p>\n<p class=\"p1\"><span class=\"s1\">La superficie idrorepellente fa s\u00ec che la liana muschiata mantenga la sua forma anche in ambienti umidi. Non assorbe l&#8217;umidit\u00e0 e mantiene la sua struttura anche se viene annaffiata regolarmente. Questo la rende adatta ai terrari della foresta pluviale tropicale e agli allestimenti semi-umidi. Allo stesso tempo, la superficie sembra realistica senza marcire o ammuffire.   <\/span><\/p>\n<p class=\"p1\"><span class=\"s1\">I rettili e gli anfibi arboricoli, in particolare, beneficiano di questa struttura di arrampicata aggiuntiva. Le specie che cercano aree elevate per prendere il sole o che amano stare in zone pi\u00f9 alte utilizzano attivamente la liana come passerella e luogo di riposo. Questo favorisce il movimento, l&#8217;attivit\u00e0 naturale e la riduzione dello stress.  <\/span><\/p>\n<p class=\"p1\"><span class=\"s1\">La<strong>vite di muschio Exo Terra<\/strong> offre grandi vantaggi anche a chi si occupa di piante. \u00c8 ideale per legare piante perenni come le bromelie o le orchidee. A seconda delle dimensioni della pianta, \u00e8 possibile piegare e stabilizzare la liana singolarmente. In questo modo si creano transizioni naturali tra il paesaggio e le piante.   <\/span><\/p>\n<p class=\"p1\"><span class=\"s1\">Il <\/span><strong><span class=\"s2\">Exo Terra Muschio Vite<\/span><\/strong><span class=\"s1\">  combina flessibilit\u00e0, aspetto naturale e qualit\u00e0 di lunga durata. Se vuoi dare al tuo terrario pi\u00f9 struttura, spazio per arrampicarsi e profondit\u00e0 di design, questa \u00e8 una soluzione robusta e versatile per un habitat funzionale ed estetico. <\/span><\/p>\n","protected":false},"excerpt":{"rendered":"<p>Exo Terra Moss Vine - Un design creativo facile da realizzare Il Exo Terra Muschio Vite combina un aspetto decorativo con un&#8217;estensione funzionale dell&#8217;habitat. Crea aree di movimento aggiuntive, conferisce al terrario una struttura tridimensionale e allo stesso tempo favorisce il comportamento naturale dei tuoi animali. D\u00e0 profondit\u00e0 e dinamismo all&#8217;allestimento, soprattutto nei terrari costruiti [&hellip;]<\/p>\n","protected":false},"featured_media":188810,"template":"","meta":{"_acf_changed":false},"product-supplier":[2554],"product_brand":[3027],"product_cat":[2740,3142],"product_tag":[],"lce-checkout-addons":[],"class_list":{"0":"post-188808","1":"product","2":"type-product","3":"status-publish","4":"has-post-thumbnail","6":"product_brand-exo-terra","7":"product_cat-arredamento-e-decorazione","8":"product_cat-piante-artificiali","9":"product_shipping_class-equipment-shipping","11":"first","12":"instock","13":"sale","14":"taxable","15":"shipping-taxable","16":"purchasable","17":"product-type-variable"},"acf":[],"yoast_head":"<!-- This site is optimized with the Yoast SEO plugin v27.3 - https:\/\/yoast.com\/product\/yoast-seo-wordpress\/ -->\n<title>Exo Terra Muschio Vite - Insektenliebe<\/title>\n<meta name=\"description\" content=\"Acquista a buon mercato Exo Terra Moss Vine direttamente online. \u00c8 ideale anche per legare le epifite come le bromelie o le orchidee.\" \/>\n<meta name=\"robots\" content=\"index, follow, max-snippet:-1, max-image-preview:large, max-video-preview:-1\" \/>\n<link rel=\"canonical\" href=\"https:\/\/insektenliebe.com\/it\/shop\/prodotto\/exo-terra-muschio-vite\/\" \/>\n<meta property=\"og:locale\" content=\"it_IT\" \/>\n<meta property=\"og:type\" content=\"article\" \/>\n<meta property=\"og:title\" content=\"Exo Terra Muschio Vite - Insektenliebe\" \/>\n<meta property=\"og:description\" content=\"Acquista a buon mercato Exo Terra Moss Vine direttamente online. \u00c8 ideale anche per legare le epifite come le bromelie o le orchidee.\" \/>\n<meta property=\"og:url\" content=\"https:\/\/insektenliebe.com\/it\/shop\/prodotto\/exo-terra-muschio-vite\/\" \/>\n<meta property=\"og:site_name\" content=\"Insektenliebe\" \/>\n<meta property=\"article:modified_time\" content=\"2026-03-03T10:57:26+00:00\" \/>\n<meta property=\"og:image\" content=\"https:\/\/insektenliebe.com\/wp-content\/uploads\/2025\/05\/Exo-Terra-Liane-Produktbild-3.jpg\" \/>\n\t<meta property=\"og:image:width\" content=\"820\" \/>\n\t<meta property=\"og:image:height\" content=\"820\" \/>\n\t<meta property=\"og:image:type\" content=\"image\/jpeg\" \/>\n<meta name=\"twitter:card\" content=\"summary_large_image\" \/>\n<meta name=\"twitter:label1\" content=\"Tempo di lettura stimato\" \/>\n\t<meta name=\"twitter:data1\" content=\"2 minuto\" \/>\n<script type=\"application\/ld+json\" class=\"yoast-schema-graph\">{\"@context\":\"https:\\\/\\\/schema.org\",\"@graph\":[{\"@type\":\"WebPage\",\"@id\":\"https:\\\/\\\/insektenliebe.com\\\/it\\\/shop\\\/prodotto\\\/exo-terra-muschio-vite\\\/\",\"url\":\"https:\\\/\\\/insektenliebe.com\\\/it\\\/shop\\\/prodotto\\\/exo-terra-muschio-vite\\\/\",\"name\":\"Exo Terra Muschio Vite - Insektenliebe\",\"isPartOf\":{\"@id\":\"https:\\\/\\\/insektenliebe.com\\\/it\\\/#website\"},\"primaryImageOfPage\":{\"@id\":\"https:\\\/\\\/insektenliebe.com\\\/it\\\/shop\\\/prodotto\\\/exo-terra-muschio-vite\\\/#primaryimage\"},\"image\":{\"@id\":\"https:\\\/\\\/insektenliebe.com\\\/it\\\/shop\\\/prodotto\\\/exo-terra-muschio-vite\\\/#primaryimage\"},\"thumbnailUrl\":\"https:\\\/\\\/insektenliebe.com\\\/wp-content\\\/uploads\\\/2025\\\/05\\\/Exo-Terra-Liane-Produktbild-3.jpg\",\"datePublished\":\"2022-12-02T08:13:00+00:00\",\"dateModified\":\"2026-03-03T10:57:26+00:00\",\"description\":\"Acquista a buon mercato Exo Terra Moss Vine direttamente online. \u00c8 ideale anche per legare le epifite come le bromelie o le orchidee.\",\"breadcrumb\":{\"@id\":\"https:\\\/\\\/insektenliebe.com\\\/it\\\/shop\\\/prodotto\\\/exo-terra-muschio-vite\\\/#breadcrumb\"},\"inLanguage\":\"it-IT\",\"potentialAction\":[{\"@type\":\"ReadAction\",\"target\":[\"https:\\\/\\\/insektenliebe.com\\\/it\\\/shop\\\/prodotto\\\/exo-terra-muschio-vite\\\/\"]}]},{\"@type\":\"ImageObject\",\"inLanguage\":\"it-IT\",\"@id\":\"https:\\\/\\\/insektenliebe.com\\\/it\\\/shop\\\/prodotto\\\/exo-terra-muschio-vite\\\/#primaryimage\",\"url\":\"https:\\\/\\\/insektenliebe.com\\\/wp-content\\\/uploads\\\/2025\\\/05\\\/Exo-Terra-Liane-Produktbild-3.jpg\",\"contentUrl\":\"https:\\\/\\\/insektenliebe.com\\\/wp-content\\\/uploads\\\/2025\\\/05\\\/Exo-Terra-Liane-Produktbild-3.jpg\",\"width\":820,\"height\":820,\"caption\":\"Immagine-3 del prodotto Exo-Terra-Liane.jpg\"},{\"@type\":\"BreadcrumbList\",\"@id\":\"https:\\\/\\\/insektenliebe.com\\\/it\\\/shop\\\/prodotto\\\/exo-terra-muschio-vite\\\/#breadcrumb\",\"itemListElement\":[{\"@type\":\"ListItem\",\"position\":1,\"name\":\"Startseite\",\"item\":\"https:\\\/\\\/insektenliebe.com\\\/it\\\/\"},{\"@type\":\"ListItem\",\"position\":2,\"name\":\"Negozio\",\"item\":\"https:\\\/\\\/insektenliebe.com\\\/it\\\/negozio\\\/\"},{\"@type\":\"ListItem\",\"position\":3,\"name\":\"Exo Terra Muschio Vite\"}]},{\"@type\":\"WebSite\",\"@id\":\"https:\\\/\\\/insektenliebe.com\\\/it\\\/#website\",\"url\":\"https:\\\/\\\/insektenliebe.com\\\/it\\\/\",\"name\":\"Insektenliebe\",\"description\":\"Dein Zuhause f\u00fcr die kleinen Lebewesen\",\"publisher\":{\"@id\":\"https:\\\/\\\/insektenliebe.com\\\/it\\\/#organization\"},\"potentialAction\":[{\"@type\":\"SearchAction\",\"target\":{\"@type\":\"EntryPoint\",\"urlTemplate\":\"https:\\\/\\\/insektenliebe.com\\\/it\\\/?s={search_term_string}\"},\"query-input\":{\"@type\":\"PropertyValueSpecification\",\"valueRequired\":true,\"valueName\":\"search_term_string\"}}],\"inLanguage\":\"it-IT\"},{\"@type\":\"Organization\",\"@id\":\"https:\\\/\\\/insektenliebe.com\\\/it\\\/#organization\",\"name\":\"Insektenliebe\",\"url\":\"https:\\\/\\\/insektenliebe.com\\\/it\\\/\",\"logo\":{\"@type\":\"ImageObject\",\"inLanguage\":\"it-IT\",\"@id\":\"https:\\\/\\\/insektenliebe.com\\\/it\\\/#\\\/schema\\\/logo\\\/image\\\/\",\"url\":\"https:\\\/\\\/insektenliebe.com\\\/wp-content\\\/uploads\\\/2025\\\/03\\\/logo-white.png\",\"contentUrl\":\"https:\\\/\\\/insektenliebe.com\\\/wp-content\\\/uploads\\\/2025\\\/03\\\/logo-white.png\",\"width\":288,\"height\":188,\"caption\":\"Insektenliebe\"},\"image\":{\"@id\":\"https:\\\/\\\/insektenliebe.com\\\/it\\\/#\\\/schema\\\/logo\\\/image\\\/\"}}]}<\/script>\n<!-- \/ Yoast SEO plugin. -->","yoast_head_json":{"title":"Exo Terra Muschio Vite - Insektenliebe","description":"Acquista a buon mercato Exo Terra Moss Vine direttamente online. \u00c8 ideale anche per legare le epifite come le bromelie o le orchidee.","robots":{"index":"index","follow":"follow","max-snippet":"max-snippet:-1","max-image-preview":"max-image-preview:large","max-video-preview":"max-video-preview:-1"},"canonical":"https:\/\/insektenliebe.com\/it\/shop\/prodotto\/exo-terra-muschio-vite\/","og_locale":"it_IT","og_type":"article","og_title":"Exo Terra Muschio Vite - Insektenliebe","og_description":"Acquista a buon mercato Exo Terra Moss Vine direttamente online. \u00c8 ideale anche per legare le epifite come le bromelie o le orchidee.","og_url":"https:\/\/insektenliebe.com\/it\/shop\/prodotto\/exo-terra-muschio-vite\/","og_site_name":"Insektenliebe","article_modified_time":"2026-03-03T10:57:26+00:00","og_image":[{"width":820,"height":820,"url":"https:\/\/insektenliebe.com\/wp-content\/uploads\/2025\/05\/Exo-Terra-Liane-Produktbild-3.jpg","type":"image\/jpeg"}],"twitter_card":"summary_large_image","twitter_misc":{"Tempo di lettura stimato":"2 minuto"},"schema":{"@context":"https:\/\/schema.org","@graph":[{"@type":"WebPage","@id":"https:\/\/insektenliebe.com\/it\/shop\/prodotto\/exo-terra-muschio-vite\/","url":"https:\/\/insektenliebe.com\/it\/shop\/prodotto\/exo-terra-muschio-vite\/","name":"Exo Terra Muschio Vite - Insektenliebe","isPartOf":{"@id":"https:\/\/insektenliebe.com\/it\/#website"},"primaryImageOfPage":{"@id":"https:\/\/insektenliebe.com\/it\/shop\/prodotto\/exo-terra-muschio-vite\/#primaryimage"},"image":{"@id":"https:\/\/insektenliebe.com\/it\/shop\/prodotto\/exo-terra-muschio-vite\/#primaryimage"},"thumbnailUrl":"https:\/\/insektenliebe.com\/wp-content\/uploads\/2025\/05\/Exo-Terra-Liane-Produktbild-3.jpg","datePublished":"2022-12-02T08:13:00+00:00","dateModified":"2026-03-03T10:57:26+00:00","description":"Acquista a buon mercato Exo Terra Moss Vine direttamente online. \u00c8 ideale anche per legare le epifite come le bromelie o le orchidee.","breadcrumb":{"@id":"https:\/\/insektenliebe.com\/it\/shop\/prodotto\/exo-terra-muschio-vite\/#breadcrumb"},"inLanguage":"it-IT","potentialAction":[{"@type":"ReadAction","target":["https:\/\/insektenliebe.com\/it\/shop\/prodotto\/exo-terra-muschio-vite\/"]}]},{"@type":"ImageObject","inLanguage":"it-IT","@id":"https:\/\/insektenliebe.com\/it\/shop\/prodotto\/exo-terra-muschio-vite\/#primaryimage","url":"https:\/\/insektenliebe.com\/wp-content\/uploads\/2025\/05\/Exo-Terra-Liane-Produktbild-3.jpg","contentUrl":"https:\/\/insektenliebe.com\/wp-content\/uploads\/2025\/05\/Exo-Terra-Liane-Produktbild-3.jpg","width":820,"height":820,"caption":"Immagine-3 del prodotto Exo-Terra-Liane.jpg"},{"@type":"BreadcrumbList","@id":"https:\/\/insektenliebe.com\/it\/shop\/prodotto\/exo-terra-muschio-vite\/#breadcrumb","itemListElement":[{"@type":"ListItem","position":1,"name":"Startseite","item":"https:\/\/insektenliebe.com\/it\/"},{"@type":"ListItem","position":2,"name":"Negozio","item":"https:\/\/insektenliebe.com\/it\/negozio\/"},{"@type":"ListItem","position":3,"name":"Exo Terra Muschio Vite"}]},{"@type":"WebSite","@id":"https:\/\/insektenliebe.com\/it\/#website","url":"https:\/\/insektenliebe.com\/it\/","name":"Insektenliebe","description":"Dein Zuhause f\u00fcr die kleinen Lebewesen","publisher":{"@id":"https:\/\/insektenliebe.com\/it\/#organization"},"potentialAction":[{"@type":"SearchAction","target":{"@type":"EntryPoint","urlTemplate":"https:\/\/insektenliebe.com\/it\/?s={search_term_string}"},"query-input":{"@type":"PropertyValueSpecification","valueRequired":true,"valueName":"search_term_string"}}],"inLanguage":"it-IT"},{"@type":"Organization","@id":"https:\/\/insektenliebe.com\/it\/#organization","name":"Insektenliebe","url":"https:\/\/insektenliebe.com\/it\/","logo":{"@type":"ImageObject","inLanguage":"it-IT","@id":"https:\/\/insektenliebe.com\/it\/#\/schema\/logo\/image\/","url":"https:\/\/insektenliebe.com\/wp-content\/uploads\/2025\/03\/logo-white.png","contentUrl":"https:\/\/insektenliebe.com\/wp-content\/uploads\/2025\/03\/logo-white.png","width":288,"height":188,"caption":"Insektenliebe"},"image":{"@id":"https:\/\/insektenliebe.com\/it\/#\/schema\/logo\/image\/"}}]}},"_links":{"self":[{"href":"https:\/\/insektenliebe.com\/it\/wp-json\/wp\/v2\/product\/188808","targetHints":{"allow":["GET"]}}],"collection":[{"href":"https:\/\/insektenliebe.com\/it\/wp-json\/wp\/v2\/product"}],"about":[{"href":"https:\/\/insektenliebe.com\/it\/wp-json\/wp\/v2\/types\/product"}],"wp:featuredmedia":[{"embeddable":true,"href":"https:\/\/insektenliebe.com\/it\/wp-json\/wp\/v2\/media\/188810"}],"wp:attachment":[{"href":"https:\/\/insektenliebe.com\/it\/wp-json\/wp\/v2\/media?parent=188808"}],"wp:term":[{"taxonomy":"product-supplier","embeddable":true,"href":"https:\/\/insektenliebe.com\/it\/wp-json\/wp\/v2\/product-supplier?post=188808"},{"taxonomy":"product_brand","embeddable":true,"href":"https:\/\/insektenliebe.com\/it\/wp-json\/wp\/v2\/product_brand?post=188808"},{"taxonomy":"product_cat","embeddable":true,"href":"https:\/\/insektenliebe.com\/it\/wp-json\/wp\/v2\/product_cat?post=188808"},{"taxonomy":"product_tag","embeddable":true,"href":"https:\/\/insektenliebe.com\/it\/wp-json\/wp\/v2\/product_tag?post=188808"},{"taxonomy":"lce-checkout-addons","embeddable":true,"href":"https:\/\/insektenliebe.com\/it\/wp-json\/wp\/v2\/lce-checkout-addons?post=188808"}],"curies":[{"name":"wp","href":"https:\/\/api.w.org\/{rel}","templated":true}]}}