{"id":188797,"date":"2023-06-19T20:02:00","date_gmt":"2023-06-19T18:02:00","guid":{"rendered":"https:\/\/insektenliebe.com\/shop\/produkt\/rootanchor\/"},"modified":"2023-06-19T20:02:00","modified_gmt":"2023-06-19T18:02:00","slug":"rootanchor","status":"publish","type":"product","link":"https:\/\/insektenliebe.com\/it\/shop\/prodotto\/rootanchor\/","title":{"rendered":"RootAnchor"},"content":{"rendered":"<div id=\"cc-m-12719937849\" class=\"j-module n j-hgrid \">\n<div class=\"cc-m-hgrid-column last\">\n<div id=\"cc-matrix-3557208649\">\n<div id=\"cc-m-12719945849\" class=\"j-module n j-text \">\n<p>La nostra <strong>ancora per radici<\/strong> \u00e8 realizzata con radici di eucalipto di alta qualit\u00e0 e colpisce per la sua struttura unica. Con il suo taglio dritto sul lato inferiore, offre un&#8217;eccezionale stabilit\u00e0 ed \u00e8 perfetta come elemento decorativo per il tuo terrario. Se vuoi creare un ambiente naturale e autentico per i tuoi rettili, anfibi o altri animali da terrario, il <strong>WurzelAnker<\/strong> si integra perfettamente nell&#8217;insieme.  <\/p>\n<p>Oltre alla sua funzione decorativa, il <strong>WurzelAnker<\/strong> \u00e8 anche estremamente pratico. Grazie alla sua struttura, \u00e8 ideale per piantare o legare muschi. Dai sfogo alla tua creativit\u00e0 e progetta il tuo terrario con accenti verdi e un tocco di naturalezza. I tuoi animali si sentiranno particolarmente a loro agio in questo ambiente naturale.   <\/p>\n<p>Il <strong>WurzelAnker<\/strong> si adatta perfettamente anche al nostro contenitore BraPlast da 5,2 litri, diventando cos\u00ec un oggetto decorativo versatile. Puoi collocarlo facilmente in diversi terrari e personalizzarlo in base alle tue esigenze. <\/p>\n<\/div>\n<\/div>\n<\/div>\n<\/div>\n<p>Il legno delle radici, nodoso e contorto, conferisce al <strong>WurzelAnker<\/strong> una struttura affascinante che attirer\u00e0 l&#8217;attenzione nel tuo terrario. Ogni pezzo \u00e8 unico e viene selezionato a mano per garantire la massima qualit\u00e0 e naturalezza. Le radici di eucalipto provengono naturalmente da coltivazioni controllate.  <\/p>\n<div id=\"cc-m-12719937849\" class=\"j-module n j-hgrid \">\n<div class=\"cc-m-hgrid-column last\">\n<div id=\"cc-matrix-3557208649\">\n<div id=\"cc-m-12719945849\" class=\"j-module n j-text \">\n<p>Scopri subito il <strong>WurzelAnker<\/strong> e dai al tuo terrario un tocco di naturalezza ed estetica. I tuoi animali lo adoreranno e tu ne apprezzerai il bellissimo aspetto. <\/p>\n<\/div>\n<\/div>\n<\/div>\n<\/div>\n<p>Desideriamo sottolineare che si tratta di un prodotto naturale e che non esistono due pezzi uguali.<\/p>\n","protected":false},"excerpt":{"rendered":"<p>La nostra ancora per radici \u00e8 realizzata con radici di eucalipto di alta qualit\u00e0 e colpisce per la sua struttura unica. Con il suo taglio dritto sul lato inferiore, offre un&#8217;eccezionale stabilit\u00e0 ed \u00e8 perfetta come elemento decorativo per il tuo terrario. Se vuoi creare un ambiente naturale e autentico per i tuoi rettili, anfibi [&hellip;]<\/p>\n","protected":false},"featured_media":188799,"template":"","meta":{"_acf_changed":false},"product-supplier":[],"product_brand":[],"product_cat":[2740],"product_tag":[],"lce-checkout-addons":[],"class_list":{"0":"post-188797","1":"product","2":"type-product","3":"status-publish","4":"has-post-thumbnail","6":"product_cat-arredamento-e-decorazione","7":"product_shipping_class-equipment-shipping","9":"first","10":"instock","11":"taxable","12":"shipping-taxable","13":"purchasable","14":"product-type-variable"},"acf":[],"yoast_head":"<!-- This site is optimized with the Yoast SEO plugin v27.3 - https:\/\/yoast.com\/product\/yoast-seo-wordpress\/ -->\n<title>RootAnchor - Insektenliebe<\/title>\n<meta name=\"description\" content=\"Acquista online le ancore per radici a basso costo. Aggiungi un tocco di naturalezza ed estetica al tuo terrario con la radice di eucalipto!\" \/>\n<meta name=\"robots\" content=\"index, follow, max-snippet:-1, max-image-preview:large, max-video-preview:-1\" \/>\n<link rel=\"canonical\" href=\"https:\/\/insektenliebe.com\/it\/shop\/prodotto\/rootanchor\/\" \/>\n<meta property=\"og:locale\" content=\"it_IT\" \/>\n<meta property=\"og:type\" content=\"article\" \/>\n<meta property=\"og:title\" content=\"RootAnchor - Insektenliebe\" \/>\n<meta property=\"og:description\" content=\"Acquista online le ancore per radici a basso costo. Aggiungi un tocco di naturalezza ed estetica al tuo terrario con la radice di eucalipto!\" \/>\n<meta property=\"og:url\" content=\"https:\/\/insektenliebe.com\/it\/shop\/prodotto\/rootanchor\/\" \/>\n<meta property=\"og:site_name\" content=\"Insektenliebe\" \/>\n<meta property=\"og:image\" content=\"https:\/\/insektenliebe.com\/wp-content\/uploads\/2025\/05\/WurzelAnker-1-2.jpg\" \/>\n\t<meta property=\"og:image:width\" content=\"820\" \/>\n\t<meta property=\"og:image:height\" content=\"820\" \/>\n\t<meta property=\"og:image:type\" content=\"image\/jpeg\" \/>\n<meta name=\"twitter:card\" content=\"summary_large_image\" \/>\n<meta name=\"twitter:label1\" content=\"Tempo di lettura stimato\" \/>\n\t<meta name=\"twitter:data1\" content=\"1 minuto\" \/>\n<script type=\"application\/ld+json\" class=\"yoast-schema-graph\">{\"@context\":\"https:\\\/\\\/schema.org\",\"@graph\":[{\"@type\":\"WebPage\",\"@id\":\"https:\\\/\\\/insektenliebe.com\\\/it\\\/shop\\\/prodotto\\\/rootanchor\\\/\",\"url\":\"https:\\\/\\\/insektenliebe.com\\\/it\\\/shop\\\/prodotto\\\/rootanchor\\\/\",\"name\":\"RootAnchor - Insektenliebe\",\"isPartOf\":{\"@id\":\"https:\\\/\\\/insektenliebe.com\\\/it\\\/#website\"},\"primaryImageOfPage\":{\"@id\":\"https:\\\/\\\/insektenliebe.com\\\/it\\\/shop\\\/prodotto\\\/rootanchor\\\/#primaryimage\"},\"image\":{\"@id\":\"https:\\\/\\\/insektenliebe.com\\\/it\\\/shop\\\/prodotto\\\/rootanchor\\\/#primaryimage\"},\"thumbnailUrl\":\"https:\\\/\\\/insektenliebe.com\\\/wp-content\\\/uploads\\\/2025\\\/05\\\/WurzelAnker-1-2.jpg\",\"datePublished\":\"2023-06-19T18:02:00+00:00\",\"description\":\"Acquista online le ancore per radici a basso costo. Aggiungi un tocco di naturalezza ed estetica al tuo terrario con la radice di eucalipto!\",\"breadcrumb\":{\"@id\":\"https:\\\/\\\/insektenliebe.com\\\/it\\\/shop\\\/prodotto\\\/rootanchor\\\/#breadcrumb\"},\"inLanguage\":\"it-IT\",\"potentialAction\":[{\"@type\":\"ReadAction\",\"target\":[\"https:\\\/\\\/insektenliebe.com\\\/it\\\/shop\\\/prodotto\\\/rootanchor\\\/\"]}]},{\"@type\":\"ImageObject\",\"inLanguage\":\"it-IT\",\"@id\":\"https:\\\/\\\/insektenliebe.com\\\/it\\\/shop\\\/prodotto\\\/rootanchor\\\/#primaryimage\",\"url\":\"https:\\\/\\\/insektenliebe.com\\\/wp-content\\\/uploads\\\/2025\\\/05\\\/WurzelAnker-1-2.jpg\",\"contentUrl\":\"https:\\\/\\\/insektenliebe.com\\\/wp-content\\\/uploads\\\/2025\\\/05\\\/WurzelAnker-1-2.jpg\",\"width\":820,\"height\":820,\"caption\":\"RootAnchor-1-2.jpg\"},{\"@type\":\"BreadcrumbList\",\"@id\":\"https:\\\/\\\/insektenliebe.com\\\/it\\\/shop\\\/prodotto\\\/rootanchor\\\/#breadcrumb\",\"itemListElement\":[{\"@type\":\"ListItem\",\"position\":1,\"name\":\"Startseite\",\"item\":\"https:\\\/\\\/insektenliebe.com\\\/it\\\/\"},{\"@type\":\"ListItem\",\"position\":2,\"name\":\"Negozio\",\"item\":\"https:\\\/\\\/insektenliebe.com\\\/it\\\/negozio\\\/\"},{\"@type\":\"ListItem\",\"position\":3,\"name\":\"RootAnchor\"}]},{\"@type\":\"WebSite\",\"@id\":\"https:\\\/\\\/insektenliebe.com\\\/it\\\/#website\",\"url\":\"https:\\\/\\\/insektenliebe.com\\\/it\\\/\",\"name\":\"Insektenliebe\",\"description\":\"Dein Zuhause f\u00fcr die kleinen Lebewesen\",\"publisher\":{\"@id\":\"https:\\\/\\\/insektenliebe.com\\\/it\\\/#organization\"},\"potentialAction\":[{\"@type\":\"SearchAction\",\"target\":{\"@type\":\"EntryPoint\",\"urlTemplate\":\"https:\\\/\\\/insektenliebe.com\\\/it\\\/?s={search_term_string}\"},\"query-input\":{\"@type\":\"PropertyValueSpecification\",\"valueRequired\":true,\"valueName\":\"search_term_string\"}}],\"inLanguage\":\"it-IT\"},{\"@type\":\"Organization\",\"@id\":\"https:\\\/\\\/insektenliebe.com\\\/it\\\/#organization\",\"name\":\"Insektenliebe\",\"url\":\"https:\\\/\\\/insektenliebe.com\\\/it\\\/\",\"logo\":{\"@type\":\"ImageObject\",\"inLanguage\":\"it-IT\",\"@id\":\"https:\\\/\\\/insektenliebe.com\\\/it\\\/#\\\/schema\\\/logo\\\/image\\\/\",\"url\":\"https:\\\/\\\/insektenliebe.com\\\/wp-content\\\/uploads\\\/2025\\\/03\\\/logo-white.png\",\"contentUrl\":\"https:\\\/\\\/insektenliebe.com\\\/wp-content\\\/uploads\\\/2025\\\/03\\\/logo-white.png\",\"width\":288,\"height\":188,\"caption\":\"Insektenliebe\"},\"image\":{\"@id\":\"https:\\\/\\\/insektenliebe.com\\\/it\\\/#\\\/schema\\\/logo\\\/image\\\/\"}}]}<\/script>\n<!-- \/ Yoast SEO plugin. -->","yoast_head_json":{"title":"RootAnchor - Insektenliebe","description":"Acquista online le ancore per radici a basso costo. Aggiungi un tocco di naturalezza ed estetica al tuo terrario con la radice di eucalipto!","robots":{"index":"index","follow":"follow","max-snippet":"max-snippet:-1","max-image-preview":"max-image-preview:large","max-video-preview":"max-video-preview:-1"},"canonical":"https:\/\/insektenliebe.com\/it\/shop\/prodotto\/rootanchor\/","og_locale":"it_IT","og_type":"article","og_title":"RootAnchor - Insektenliebe","og_description":"Acquista online le ancore per radici a basso costo. Aggiungi un tocco di naturalezza ed estetica al tuo terrario con la radice di eucalipto!","og_url":"https:\/\/insektenliebe.com\/it\/shop\/prodotto\/rootanchor\/","og_site_name":"Insektenliebe","og_image":[{"width":820,"height":820,"url":"https:\/\/insektenliebe.com\/wp-content\/uploads\/2025\/05\/WurzelAnker-1-2.jpg","type":"image\/jpeg"}],"twitter_card":"summary_large_image","twitter_misc":{"Tempo di lettura stimato":"1 minuto"},"schema":{"@context":"https:\/\/schema.org","@graph":[{"@type":"WebPage","@id":"https:\/\/insektenliebe.com\/it\/shop\/prodotto\/rootanchor\/","url":"https:\/\/insektenliebe.com\/it\/shop\/prodotto\/rootanchor\/","name":"RootAnchor - Insektenliebe","isPartOf":{"@id":"https:\/\/insektenliebe.com\/it\/#website"},"primaryImageOfPage":{"@id":"https:\/\/insektenliebe.com\/it\/shop\/prodotto\/rootanchor\/#primaryimage"},"image":{"@id":"https:\/\/insektenliebe.com\/it\/shop\/prodotto\/rootanchor\/#primaryimage"},"thumbnailUrl":"https:\/\/insektenliebe.com\/wp-content\/uploads\/2025\/05\/WurzelAnker-1-2.jpg","datePublished":"2023-06-19T18:02:00+00:00","description":"Acquista online le ancore per radici a basso costo. Aggiungi un tocco di naturalezza ed estetica al tuo terrario con la radice di eucalipto!","breadcrumb":{"@id":"https:\/\/insektenliebe.com\/it\/shop\/prodotto\/rootanchor\/#breadcrumb"},"inLanguage":"it-IT","potentialAction":[{"@type":"ReadAction","target":["https:\/\/insektenliebe.com\/it\/shop\/prodotto\/rootanchor\/"]}]},{"@type":"ImageObject","inLanguage":"it-IT","@id":"https:\/\/insektenliebe.com\/it\/shop\/prodotto\/rootanchor\/#primaryimage","url":"https:\/\/insektenliebe.com\/wp-content\/uploads\/2025\/05\/WurzelAnker-1-2.jpg","contentUrl":"https:\/\/insektenliebe.com\/wp-content\/uploads\/2025\/05\/WurzelAnker-1-2.jpg","width":820,"height":820,"caption":"RootAnchor-1-2.jpg"},{"@type":"BreadcrumbList","@id":"https:\/\/insektenliebe.com\/it\/shop\/prodotto\/rootanchor\/#breadcrumb","itemListElement":[{"@type":"ListItem","position":1,"name":"Startseite","item":"https:\/\/insektenliebe.com\/it\/"},{"@type":"ListItem","position":2,"name":"Negozio","item":"https:\/\/insektenliebe.com\/it\/negozio\/"},{"@type":"ListItem","position":3,"name":"RootAnchor"}]},{"@type":"WebSite","@id":"https:\/\/insektenliebe.com\/it\/#website","url":"https:\/\/insektenliebe.com\/it\/","name":"Insektenliebe","description":"Dein Zuhause f\u00fcr die kleinen Lebewesen","publisher":{"@id":"https:\/\/insektenliebe.com\/it\/#organization"},"potentialAction":[{"@type":"SearchAction","target":{"@type":"EntryPoint","urlTemplate":"https:\/\/insektenliebe.com\/it\/?s={search_term_string}"},"query-input":{"@type":"PropertyValueSpecification","valueRequired":true,"valueName":"search_term_string"}}],"inLanguage":"it-IT"},{"@type":"Organization","@id":"https:\/\/insektenliebe.com\/it\/#organization","name":"Insektenliebe","url":"https:\/\/insektenliebe.com\/it\/","logo":{"@type":"ImageObject","inLanguage":"it-IT","@id":"https:\/\/insektenliebe.com\/it\/#\/schema\/logo\/image\/","url":"https:\/\/insektenliebe.com\/wp-content\/uploads\/2025\/03\/logo-white.png","contentUrl":"https:\/\/insektenliebe.com\/wp-content\/uploads\/2025\/03\/logo-white.png","width":288,"height":188,"caption":"Insektenliebe"},"image":{"@id":"https:\/\/insektenliebe.com\/it\/#\/schema\/logo\/image\/"}}]}},"_links":{"self":[{"href":"https:\/\/insektenliebe.com\/it\/wp-json\/wp\/v2\/product\/188797","targetHints":{"allow":["GET"]}}],"collection":[{"href":"https:\/\/insektenliebe.com\/it\/wp-json\/wp\/v2\/product"}],"about":[{"href":"https:\/\/insektenliebe.com\/it\/wp-json\/wp\/v2\/types\/product"}],"wp:featuredmedia":[{"embeddable":true,"href":"https:\/\/insektenliebe.com\/it\/wp-json\/wp\/v2\/media\/188799"}],"wp:attachment":[{"href":"https:\/\/insektenliebe.com\/it\/wp-json\/wp\/v2\/media?parent=188797"}],"wp:term":[{"taxonomy":"product-supplier","embeddable":true,"href":"https:\/\/insektenliebe.com\/it\/wp-json\/wp\/v2\/product-supplier?post=188797"},{"taxonomy":"product_brand","embeddable":true,"href":"https:\/\/insektenliebe.com\/it\/wp-json\/wp\/v2\/product_brand?post=188797"},{"taxonomy":"product_cat","embeddable":true,"href":"https:\/\/insektenliebe.com\/it\/wp-json\/wp\/v2\/product_cat?post=188797"},{"taxonomy":"product_tag","embeddable":true,"href":"https:\/\/insektenliebe.com\/it\/wp-json\/wp\/v2\/product_tag?post=188797"},{"taxonomy":"lce-checkout-addons","embeddable":true,"href":"https:\/\/insektenliebe.com\/it\/wp-json\/wp\/v2\/lce-checkout-addons?post=188797"}],"curies":[{"name":"wp","href":"https:\/\/api.w.org\/{rel}","templated":true}]}}