{"id":188741,"date":"2024-04-26T16:15:00","date_gmt":"2024-04-26T14:15:00","guid":{"rendered":"https:\/\/insektenliebe.com\/shop\/produkt\/cassetta-di-allevamento-spidersafe\/"},"modified":"2024-04-26T16:15:00","modified_gmt":"2024-04-26T14:15:00","slug":"cassetta-di-allevamento-spidersafe","status":"publish","type":"product","link":"https:\/\/insektenliebe.com\/it\/shop\/prodotto\/cassetta-di-allevamento-spidersafe\/","title":{"rendered":"Cassetta di allevamento SpiderSafe"},"content":{"rendered":"<h3 class=\"p1\"><span style=\"color: #99cc33;\"><strong><span class=\"s1\">Cassetta di allevamento SpiderSafe - sicura, ben studiata e ora ancora pi\u00f9 robusta<\/span><\/strong><\/span><\/h3>\n<p class=\"p1\"><span class=\"s1\">La <strong>cassetta di allevamento SpiderSafe<\/strong> \u00e8 stata sviluppata appositamente per l&#8217;allevamento di ragni saltatori e altri piccoli invertebrati. Con l&#8217;ultimo aggiornamento, stiamo definendo nuovi standard in termini di sicurezza, idoneit\u00e0 all&#8217;uso quotidiano e benessere degli animali. <\/span><\/p>\n<p class=\"p1\"><span class=\"s1\">Il contenitore trasparente permette di vedere sempre il tuo animale domestico senza disturbarlo aprendolo continuamente. Questo significa che puoi tenere sempre d&#8217;occhio tutto, anche le specie pi\u00f9 timide. Il fulcro del contenitore \u00e8 l&#8217;innovativo coperchio di garza: ora \u00e8 realizzato in una plastica di gomma flessibile che non si rompe, anche con un uso frequente. Abbiamo anche aggiunto un pratico occhiello che fissa saldamente il coperchio alla lattina. Ci\u00f2 significa che il coperchio non pu\u00f2 pi\u00f9 cadere o perdersi accidentalmente: l&#8217;ideale per i momenti pi\u00f9 frenetici della poppata.    <\/span><\/p>\n<p class=\"p1\"><span class=\"s1\">La garza a maglia fine assicura un&#8217;eccellente circolazione dell&#8217;aria e allo stesso tempo ti permette di spruzzare direttamente per regolare l&#8217;umidit\u00e0, senza dover rimuovere il coperchio. Particolarmente pratico per gli animali sensibili o che rimbalzano, come ad esempio   <\/span><span class=\"s2\">Hyllus<\/span><span class=\"s1\">, <\/span><span class=\"s2\">Phidippus<\/span><span class=\"s1\"> o altri ragni saltatori.<\/span><\/p>\n<p class=\"p1\"><span class=\"s1\">Un altro vantaggio: il coperchio \u00e8 a prova di drosofila: gli insetti del cibo, come i moscerini della frutta, rimangono nella scatola al loro posto. In questo modo il tuo animale domestico sar\u00e0 sempre ben nutrito e tu non dovrai preoccuparti della fuga degli insetti. Anche la maneggevolezza \u00e8 stata ben studiata: grazie alla piccola apertura sul coperchio, puoi aprirla e chiuderla in modo sicuro e semplice in qualsiasi momento.  <\/span><\/p>\n<p class=\"p1\"><span class=\"s1\">Con la <strong>cassetta di allevamento SpiderSafe<\/strong> non solo sceglierai una casa sicura per il tuo ragno, ma anche un sistema durevole e ben studiato, adatto alle reali esigenze degli allevatori e degli animali.<\/span><\/p>\n<p class=\"p1\"><span class=\"s3\">Materiale del coperchio:<\/span><span class=\"s1\"> Miscela flessibile di gomma e plastica (infrangibile)<\/span><\/p>\n","protected":false},"excerpt":{"rendered":"<p>Cassetta di allevamento SpiderSafe - sicura, ben studiata e ora ancora pi\u00f9 robusta La cassetta di allevamento SpiderSafe \u00e8 stata sviluppata appositamente per l&#8217;allevamento di ragni saltatori e altri piccoli invertebrati. Con l&#8217;ultimo aggiornamento, stiamo definendo nuovi standard in termini di sicurezza, idoneit\u00e0 all&#8217;uso quotidiano e benessere degli animali. Il contenitore trasparente permette di vedere [&hellip;]<\/p>\n","protected":false},"featured_media":188746,"template":"","meta":{"_acf_changed":false},"product-supplier":[],"product_brand":[],"product_cat":[2760],"product_tag":[],"lce-checkout-addons":[],"class_list":{"0":"post-188741","1":"product","2":"type-product","3":"status-publish","4":"has-post-thumbnail","6":"product_cat-terrari-e-contenitori","7":"product_shipping_class-equipment-shipping","9":"first","10":"instock","11":"taxable","12":"shipping-taxable","13":"purchasable","14":"product-type-simple"},"acf":[],"yoast_head":"<!-- This site is optimized with the Yoast SEO plugin v27.3 - https:\/\/yoast.com\/product\/yoast-seo-wordpress\/ -->\n<title>Cassetta di allevamento SpiderSafe - Insektenliebe<\/title>\n<meta name=\"description\" content=\"Acquista una scatola di allevamento SpiderSafe a basso costo direttamente online! Il coperchio in garza fornisce aria fresca ai tuoi ragni saltatori e ai tuoi ragnetti.\" \/>\n<meta name=\"robots\" content=\"index, follow, max-snippet:-1, max-image-preview:large, max-video-preview:-1\" \/>\n<link rel=\"canonical\" href=\"https:\/\/insektenliebe.com\/it\/shop\/prodotto\/cassetta-di-allevamento-spidersafe\/\" \/>\n<meta property=\"og:locale\" content=\"it_IT\" \/>\n<meta property=\"og:type\" content=\"article\" \/>\n<meta property=\"og:title\" content=\"Cassetta di allevamento SpiderSafe - Insektenliebe\" \/>\n<meta property=\"og:description\" content=\"Acquista una scatola di allevamento SpiderSafe a basso costo direttamente online! Il coperchio in garza fornisce aria fresca ai tuoi ragni saltatori e ai tuoi ragnetti.\" \/>\n<meta property=\"og:url\" content=\"https:\/\/insektenliebe.com\/it\/shop\/prodotto\/cassetta-di-allevamento-spidersafe\/\" \/>\n<meta property=\"og:site_name\" content=\"Insektenliebe\" \/>\n<meta property=\"og:image\" content=\"https:\/\/insektenliebe.com\/wp-content\/uploads\/2024\/04\/Aufzuchtdose-SpiderSafe-Produktfoto.jpg\" \/>\n\t<meta property=\"og:image:width\" content=\"820\" \/>\n\t<meta property=\"og:image:height\" content=\"820\" \/>\n\t<meta property=\"og:image:type\" content=\"image\/jpeg\" \/>\n<meta name=\"twitter:card\" content=\"summary_large_image\" \/>\n<meta name=\"twitter:label1\" content=\"Tempo di lettura stimato\" \/>\n\t<meta name=\"twitter:data1\" content=\"1 minuto\" \/>\n<script type=\"application\/ld+json\" class=\"yoast-schema-graph\">{\"@context\":\"https:\\\/\\\/schema.org\",\"@graph\":[{\"@type\":\"WebPage\",\"@id\":\"https:\\\/\\\/insektenliebe.com\\\/it\\\/shop\\\/prodotto\\\/cassetta-di-allevamento-spidersafe\\\/\",\"url\":\"https:\\\/\\\/insektenliebe.com\\\/it\\\/shop\\\/prodotto\\\/cassetta-di-allevamento-spidersafe\\\/\",\"name\":\"Cassetta di allevamento SpiderSafe - Insektenliebe\",\"isPartOf\":{\"@id\":\"https:\\\/\\\/insektenliebe.com\\\/it\\\/#website\"},\"primaryImageOfPage\":{\"@id\":\"https:\\\/\\\/insektenliebe.com\\\/it\\\/shop\\\/prodotto\\\/cassetta-di-allevamento-spidersafe\\\/#primaryimage\"},\"image\":{\"@id\":\"https:\\\/\\\/insektenliebe.com\\\/it\\\/shop\\\/prodotto\\\/cassetta-di-allevamento-spidersafe\\\/#primaryimage\"},\"thumbnailUrl\":\"https:\\\/\\\/insektenliebe.com\\\/wp-content\\\/uploads\\\/2024\\\/04\\\/Aufzuchtdose-SpiderSafe-Produktfoto.jpg\",\"datePublished\":\"2024-04-26T14:15:00+00:00\",\"description\":\"Acquista una scatola di allevamento SpiderSafe a basso costo direttamente online! Il coperchio in garza fornisce aria fresca ai tuoi ragni saltatori e ai tuoi ragnetti.\",\"breadcrumb\":{\"@id\":\"https:\\\/\\\/insektenliebe.com\\\/it\\\/shop\\\/prodotto\\\/cassetta-di-allevamento-spidersafe\\\/#breadcrumb\"},\"inLanguage\":\"it-IT\",\"potentialAction\":[{\"@type\":\"ReadAction\",\"target\":[\"https:\\\/\\\/insektenliebe.com\\\/it\\\/shop\\\/prodotto\\\/cassetta-di-allevamento-spidersafe\\\/\"]}]},{\"@type\":\"ImageObject\",\"inLanguage\":\"it-IT\",\"@id\":\"https:\\\/\\\/insektenliebe.com\\\/it\\\/shop\\\/prodotto\\\/cassetta-di-allevamento-spidersafe\\\/#primaryimage\",\"url\":\"https:\\\/\\\/insektenliebe.com\\\/wp-content\\\/uploads\\\/2024\\\/04\\\/Aufzuchtdose-SpiderSafe-Produktfoto.jpg\",\"contentUrl\":\"https:\\\/\\\/insektenliebe.com\\\/wp-content\\\/uploads\\\/2024\\\/04\\\/Aufzuchtdose-SpiderSafe-Produktfoto.jpg\",\"width\":820,\"height\":820,\"caption\":\"Scatola di allevamento SpiderSafe - foto del prodotto\"},{\"@type\":\"BreadcrumbList\",\"@id\":\"https:\\\/\\\/insektenliebe.com\\\/it\\\/shop\\\/prodotto\\\/cassetta-di-allevamento-spidersafe\\\/#breadcrumb\",\"itemListElement\":[{\"@type\":\"ListItem\",\"position\":1,\"name\":\"Startseite\",\"item\":\"https:\\\/\\\/insektenliebe.com\\\/it\\\/\"},{\"@type\":\"ListItem\",\"position\":2,\"name\":\"Negozio\",\"item\":\"https:\\\/\\\/insektenliebe.com\\\/it\\\/negozio\\\/\"},{\"@type\":\"ListItem\",\"position\":3,\"name\":\"Cassetta di allevamento SpiderSafe\"}]},{\"@type\":\"WebSite\",\"@id\":\"https:\\\/\\\/insektenliebe.com\\\/it\\\/#website\",\"url\":\"https:\\\/\\\/insektenliebe.com\\\/it\\\/\",\"name\":\"Insektenliebe\",\"description\":\"Dein Zuhause f\u00fcr die kleinen Lebewesen\",\"publisher\":{\"@id\":\"https:\\\/\\\/insektenliebe.com\\\/it\\\/#organization\"},\"potentialAction\":[{\"@type\":\"SearchAction\",\"target\":{\"@type\":\"EntryPoint\",\"urlTemplate\":\"https:\\\/\\\/insektenliebe.com\\\/it\\\/?s={search_term_string}\"},\"query-input\":{\"@type\":\"PropertyValueSpecification\",\"valueRequired\":true,\"valueName\":\"search_term_string\"}}],\"inLanguage\":\"it-IT\"},{\"@type\":\"Organization\",\"@id\":\"https:\\\/\\\/insektenliebe.com\\\/it\\\/#organization\",\"name\":\"Insektenliebe\",\"url\":\"https:\\\/\\\/insektenliebe.com\\\/it\\\/\",\"logo\":{\"@type\":\"ImageObject\",\"inLanguage\":\"it-IT\",\"@id\":\"https:\\\/\\\/insektenliebe.com\\\/it\\\/#\\\/schema\\\/logo\\\/image\\\/\",\"url\":\"https:\\\/\\\/insektenliebe.com\\\/wp-content\\\/uploads\\\/2025\\\/03\\\/logo-white.png\",\"contentUrl\":\"https:\\\/\\\/insektenliebe.com\\\/wp-content\\\/uploads\\\/2025\\\/03\\\/logo-white.png\",\"width\":288,\"height\":188,\"caption\":\"Insektenliebe\"},\"image\":{\"@id\":\"https:\\\/\\\/insektenliebe.com\\\/it\\\/#\\\/schema\\\/logo\\\/image\\\/\"}}]}<\/script>\n<!-- \/ Yoast SEO plugin. -->","yoast_head_json":{"title":"Cassetta di allevamento SpiderSafe - Insektenliebe","description":"Acquista una scatola di allevamento SpiderSafe a basso costo direttamente online! Il coperchio in garza fornisce aria fresca ai tuoi ragni saltatori e ai tuoi ragnetti.","robots":{"index":"index","follow":"follow","max-snippet":"max-snippet:-1","max-image-preview":"max-image-preview:large","max-video-preview":"max-video-preview:-1"},"canonical":"https:\/\/insektenliebe.com\/it\/shop\/prodotto\/cassetta-di-allevamento-spidersafe\/","og_locale":"it_IT","og_type":"article","og_title":"Cassetta di allevamento SpiderSafe - Insektenliebe","og_description":"Acquista una scatola di allevamento SpiderSafe a basso costo direttamente online! Il coperchio in garza fornisce aria fresca ai tuoi ragni saltatori e ai tuoi ragnetti.","og_url":"https:\/\/insektenliebe.com\/it\/shop\/prodotto\/cassetta-di-allevamento-spidersafe\/","og_site_name":"Insektenliebe","og_image":[{"width":820,"height":820,"url":"https:\/\/insektenliebe.com\/wp-content\/uploads\/2024\/04\/Aufzuchtdose-SpiderSafe-Produktfoto.jpg","type":"image\/jpeg"}],"twitter_card":"summary_large_image","twitter_misc":{"Tempo di lettura stimato":"1 minuto"},"schema":{"@context":"https:\/\/schema.org","@graph":[{"@type":"WebPage","@id":"https:\/\/insektenliebe.com\/it\/shop\/prodotto\/cassetta-di-allevamento-spidersafe\/","url":"https:\/\/insektenliebe.com\/it\/shop\/prodotto\/cassetta-di-allevamento-spidersafe\/","name":"Cassetta di allevamento SpiderSafe - Insektenliebe","isPartOf":{"@id":"https:\/\/insektenliebe.com\/it\/#website"},"primaryImageOfPage":{"@id":"https:\/\/insektenliebe.com\/it\/shop\/prodotto\/cassetta-di-allevamento-spidersafe\/#primaryimage"},"image":{"@id":"https:\/\/insektenliebe.com\/it\/shop\/prodotto\/cassetta-di-allevamento-spidersafe\/#primaryimage"},"thumbnailUrl":"https:\/\/insektenliebe.com\/wp-content\/uploads\/2024\/04\/Aufzuchtdose-SpiderSafe-Produktfoto.jpg","datePublished":"2024-04-26T14:15:00+00:00","description":"Acquista una scatola di allevamento SpiderSafe a basso costo direttamente online! Il coperchio in garza fornisce aria fresca ai tuoi ragni saltatori e ai tuoi ragnetti.","breadcrumb":{"@id":"https:\/\/insektenliebe.com\/it\/shop\/prodotto\/cassetta-di-allevamento-spidersafe\/#breadcrumb"},"inLanguage":"it-IT","potentialAction":[{"@type":"ReadAction","target":["https:\/\/insektenliebe.com\/it\/shop\/prodotto\/cassetta-di-allevamento-spidersafe\/"]}]},{"@type":"ImageObject","inLanguage":"it-IT","@id":"https:\/\/insektenliebe.com\/it\/shop\/prodotto\/cassetta-di-allevamento-spidersafe\/#primaryimage","url":"https:\/\/insektenliebe.com\/wp-content\/uploads\/2024\/04\/Aufzuchtdose-SpiderSafe-Produktfoto.jpg","contentUrl":"https:\/\/insektenliebe.com\/wp-content\/uploads\/2024\/04\/Aufzuchtdose-SpiderSafe-Produktfoto.jpg","width":820,"height":820,"caption":"Scatola di allevamento SpiderSafe - foto del prodotto"},{"@type":"BreadcrumbList","@id":"https:\/\/insektenliebe.com\/it\/shop\/prodotto\/cassetta-di-allevamento-spidersafe\/#breadcrumb","itemListElement":[{"@type":"ListItem","position":1,"name":"Startseite","item":"https:\/\/insektenliebe.com\/it\/"},{"@type":"ListItem","position":2,"name":"Negozio","item":"https:\/\/insektenliebe.com\/it\/negozio\/"},{"@type":"ListItem","position":3,"name":"Cassetta di allevamento SpiderSafe"}]},{"@type":"WebSite","@id":"https:\/\/insektenliebe.com\/it\/#website","url":"https:\/\/insektenliebe.com\/it\/","name":"Insektenliebe","description":"Dein Zuhause f\u00fcr die kleinen Lebewesen","publisher":{"@id":"https:\/\/insektenliebe.com\/it\/#organization"},"potentialAction":[{"@type":"SearchAction","target":{"@type":"EntryPoint","urlTemplate":"https:\/\/insektenliebe.com\/it\/?s={search_term_string}"},"query-input":{"@type":"PropertyValueSpecification","valueRequired":true,"valueName":"search_term_string"}}],"inLanguage":"it-IT"},{"@type":"Organization","@id":"https:\/\/insektenliebe.com\/it\/#organization","name":"Insektenliebe","url":"https:\/\/insektenliebe.com\/it\/","logo":{"@type":"ImageObject","inLanguage":"it-IT","@id":"https:\/\/insektenliebe.com\/it\/#\/schema\/logo\/image\/","url":"https:\/\/insektenliebe.com\/wp-content\/uploads\/2025\/03\/logo-white.png","contentUrl":"https:\/\/insektenliebe.com\/wp-content\/uploads\/2025\/03\/logo-white.png","width":288,"height":188,"caption":"Insektenliebe"},"image":{"@id":"https:\/\/insektenliebe.com\/it\/#\/schema\/logo\/image\/"}}]}},"_links":{"self":[{"href":"https:\/\/insektenliebe.com\/it\/wp-json\/wp\/v2\/product\/188741","targetHints":{"allow":["GET"]}}],"collection":[{"href":"https:\/\/insektenliebe.com\/it\/wp-json\/wp\/v2\/product"}],"about":[{"href":"https:\/\/insektenliebe.com\/it\/wp-json\/wp\/v2\/types\/product"}],"wp:featuredmedia":[{"embeddable":true,"href":"https:\/\/insektenliebe.com\/it\/wp-json\/wp\/v2\/media\/188746"}],"wp:attachment":[{"href":"https:\/\/insektenliebe.com\/it\/wp-json\/wp\/v2\/media?parent=188741"}],"wp:term":[{"taxonomy":"product-supplier","embeddable":true,"href":"https:\/\/insektenliebe.com\/it\/wp-json\/wp\/v2\/product-supplier?post=188741"},{"taxonomy":"product_brand","embeddable":true,"href":"https:\/\/insektenliebe.com\/it\/wp-json\/wp\/v2\/product_brand?post=188741"},{"taxonomy":"product_cat","embeddable":true,"href":"https:\/\/insektenliebe.com\/it\/wp-json\/wp\/v2\/product_cat?post=188741"},{"taxonomy":"product_tag","embeddable":true,"href":"https:\/\/insektenliebe.com\/it\/wp-json\/wp\/v2\/product_tag?post=188741"},{"taxonomy":"lce-checkout-addons","embeddable":true,"href":"https:\/\/insektenliebe.com\/it\/wp-json\/wp\/v2\/lce-checkout-addons?post=188741"}],"curies":[{"name":"wp","href":"https:\/\/api.w.org\/{rel}","templated":true}]}}