{"id":188740,"date":"2024-03-27T18:21:59","date_gmt":"2024-03-27T16:21:59","guid":{"rendered":"https:\/\/insektenliebe.com\/shop\/produkt\/orthomorpha-spec-vietnam\/"},"modified":"2024-03-27T18:21:59","modified_gmt":"2024-03-27T17:21:59","slug":"orthomorpha-spec-vietnam","status":"publish","type":"product","link":"https:\/\/insektenliebe.com\/it\/shop\/prodotto\/orthomorpha-spec-vietnam\/","title":{"rendered":"Orthomorpha spec. \"Vietnam\""},"content":{"rendered":"<h3><span style=\"color: #99cc33\">Orthomorpha spec. \"Vietnam\": scopri il tuo nuovo verme solitario facile da curare <\/span><\/h3>\n<p>Nel nostro negozio online, siamo lieti di presentare una nuova ed entusiasmante novit\u00e0: il  <strong>Orthomorpha spec. \"Vietnam\" <\/strong>un affascinante rettile dai piedi a nastro proveniente dalla pittoresca regione di Ninh Binh. Questo affascinante animaletto \u00e8 una novit\u00e0 che arricchisce ogni amante del terrario. <\/p>\n<div class=\"react-scroll-to-bottom--css-pztwj-1n7m0yu\">\n<div class=\"flex flex-col text-sm pb-9\">\n<div class=\"w-full text-token-text-primary sm:AIPRM__conversation__response\" data-testid=\"conversation-turn-3\">\n<div class=\"px-4 py-2 justify-center text-base md:gap-6 m-auto\">\n<div class=\"flex flex-1 text-base mx-auto gap-3 md:px-5 lg:px-1 xl:px-5 md:max-w-3xl lg:max-w- xl:max-w- group final-completion\">\n<div class=\"relative flex w-full flex-col agent-turn\">\n<div class=\"flex-col gap-1 md:gap-3\">\n<div class=\"flex flex-grow flex-col max-w-full\">\n<div class=\"min-h- text-message flex flex-col items-start gap-3 whitespace-pre-wrap break-words :mt-5 overflow-x-auto\" data-message-author-role=\"assistant\" data-message-id=\"c2ee0180-e53b-4417-9e32-aa21a229dea5\">\n<div class=\"markdown prose w-full break-words dark:prose-invert light AIPRM__conversation__response\">\n<p>Il  <strong>Orthomorpha spec. \"Vietnam\" <\/strong>  si caratterizza per la sua preferenza per un ambiente umido, mostrando una particolare affinit\u00e0 per il fogliame umido, in cui non solo cerca riparo ma che apprezza anche come parte della sua dieta. Ama arricchire la sua dieta con legno bianco marcio, che fornisce ulteriori preziosi nutrienti e contribuisce al design naturale del terrario. <\/p>\n<p>Un&#8217;altra caratteristica eccezionale di questo pinnipede a bande \u00e8 il suo piacevole tasso di riproduzione, che lo rende una scelta eccellente per gli allevatori e gli hobbisti interessati ad allevare e osservare l&#8217;affascinante stile di vita di questi animali. Per creare condizioni ottimali, l&#8217;habitat del   <strong>Orthomorpha spec. \"Vietnam\" <\/strong>  hanno un&#8217;umidit\u00e0 costante del 70-85%, essenziale per il benessere e il comportamento naturale dell&#8217;animale.<\/p>\n<p>Una socializzazione del  <strong>Orthomorpha spec. \"Vietnam\" <\/strong>  La presenza di una tenia nel terrario \u00e8 altamente raccomandata, in quanto non solo ravviva il terrario, ma aiuta anche a mantenere il substrato pulito e sano. Tuttavia, \u00e8 necessario prestare attenzione quando si socializza con altri animali, poich\u00e9 la tenia emette una secrezione difensiva che pu\u00f2 risultare sgradevole per gli altri abitanti del terrario. Questa secrezione non rappresenta un pericolo per l&#8217;uomo, il che rende pi\u00f9 facile la cura e la gestione di questo animale.  <\/p>\n<p>Per il terrario ideale, ti consigliamo un riempimento di humus di bosco, molte foglie e legno bianco marcio, con un&#8217;altezza minima di 10 cm, per creare un ambiente naturale e confortevole. Non bisogna trascurare i nascondigli: Una corteccia di sughero o un tubo di sughero offrono nascondigli ideali per   <strong>Orthomorpha spec. \"Vietnam\" <\/strong>. Questi possono anche essere piantati con del muschio per creare degli accenti verdi nel tuo terrario.<\/p>\n<p>La cura del  <strong>Orthomorpha spec. \"Vietnam\" <\/strong>  La gestione del terrario \u00e8 generalmente semplice e si concentra sull&#8217;umidificazione del terrario e sul mantenimento dell&#8217;umidit\u00e0. L&#8217;alimentazione \u00e8 facile da gestire, poich\u00e9 il viviparo dai piedi a fascia si nutre principalmente del materiale naturale disponibile e integrato nel terrario. <\/p>\n<p>Se sei interessato al  <strong>Orthomorpha spec. \"Vietnam\" <\/strong>  non solo ottieni un animale straordinario, ma sostieni anche la conservazione di una specie minacciata in natura a causa della perdita di habitat e di altre sfide ecologiche. Ti invitiamo a entrare a far parte dell&#8217;affascinante mondo dei lemuri dalla coda a fascia e a conoscere la natura unica di Ninh Binh a casa tua. <\/p>\n<\/div>\n<\/div>\n<\/div>\n<\/div>\n<\/div>\n<\/div>\n<\/div>\n<\/div>\n<\/div>\n<\/div>\n","protected":false},"excerpt":{"rendered":"<p>Orthomorpha spec. \"Vietnam\": scopri il tuo nuovo verme solitario facile da curare Nel nostro negozio online, siamo lieti di presentare una nuova ed entusiasmante novit\u00e0: il Orthomorpha spec. \"Vietnam\" un affascinante rettile dai piedi a nastro proveniente dalla pittoresca regione di Ninh Binh. Questo affascinante animaletto \u00e8 una novit\u00e0 che arricchisce ogni amante del terrario. [&hellip;]<\/p>\n","protected":false},"featured_media":188742,"template":"","meta":{"_acf_changed":false},"product-supplier":[],"product_brand":[],"product_cat":[2870],"product_tag":[],"lce-checkout-addons":[2746],"class_list":{"0":"post-188740","1":"product","2":"type-product","3":"status-publish","4":"has-post-thumbnail","6":"product_cat-millipede","7":"product_shipping_class-spedizione-di-animali","8":"pa_herkunft-vietnam","9":"pa_kontinent-asia","10":"lce-checkout-addons-imballaggio-invernale","12":"first","13":"outofstock","14":"taxable","15":"shipping-taxable","16":"purchasable","17":"product-type-simple"},"acf":[],"yoast_head":"<!-- This site is optimized with the Yoast SEO plugin v27.3 - https:\/\/yoast.com\/product\/yoast-seo-wordpress\/ -->\n<title>Orthomorpha spec. &quot;Vietnam&quot; - Insektenliebe<\/title>\n<meta name=\"description\" content=\"Acquista online i bellissimi esemplari di Orthomorpha spec. &quot;Vietnam&quot;. Offriamo esemplari allevati in cattivit\u00e0 di questa fantastica specie di pinnipede a bande. Acquista direttamente dall&#039;allevatore.\" \/>\n<meta name=\"robots\" content=\"index, follow, max-snippet:-1, max-image-preview:large, max-video-preview:-1\" \/>\n<link rel=\"canonical\" href=\"https:\/\/insektenliebe.com\/it\/shop\/prodotto\/orthomorpha-spec-vietnam\/\" \/>\n<meta property=\"og:locale\" content=\"it_IT\" \/>\n<meta property=\"og:type\" content=\"article\" \/>\n<meta property=\"og:title\" content=\"Orthomorpha spec. &quot;Vietnam&quot; - Insektenliebe\" \/>\n<meta property=\"og:description\" content=\"Acquista online i bellissimi esemplari di Orthomorpha spec. &quot;Vietnam&quot;. Offriamo esemplari allevati in cattivit\u00e0 di questa fantastica specie di pinnipede a bande. Acquista direttamente dall&#039;allevatore.\" \/>\n<meta property=\"og:url\" content=\"https:\/\/insektenliebe.com\/it\/shop\/prodotto\/orthomorpha-spec-vietnam\/\" \/>\n<meta property=\"og:site_name\" content=\"Insektenliebe\" \/>\n<meta property=\"article:modified_time\" content=\"2024-03-27T17:21:59+00:00\" \/>\n<meta property=\"og:image\" content=\"https:\/\/insektenliebe.com\/wp-content\/uploads\/2025\/05\/Orthomorpha-spec.-22Vietnam22-2.jpg\" \/>\n\t<meta property=\"og:image:width\" content=\"820\" \/>\n\t<meta property=\"og:image:height\" content=\"820\" \/>\n\t<meta property=\"og:image:type\" content=\"image\/jpeg\" \/>\n<meta name=\"twitter:card\" content=\"summary_large_image\" \/>\n<meta name=\"twitter:label1\" content=\"Tempo di lettura stimato\" \/>\n\t<meta name=\"twitter:data1\" content=\"2 minuto\" \/>\n<script type=\"application\/ld+json\" class=\"yoast-schema-graph\">{\"@context\":\"https:\\\/\\\/schema.org\",\"@graph\":[{\"@type\":\"WebPage\",\"@id\":\"https:\\\/\\\/insektenliebe.com\\\/it\\\/shop\\\/prodotto\\\/orthomorpha-spec-vietnam\\\/\",\"url\":\"https:\\\/\\\/insektenliebe.com\\\/it\\\/shop\\\/prodotto\\\/orthomorpha-spec-vietnam\\\/\",\"name\":\"Orthomorpha spec. \\\"Vietnam\\\" - Insektenliebe\",\"isPartOf\":{\"@id\":\"https:\\\/\\\/insektenliebe.com\\\/it\\\/#website\"},\"primaryImageOfPage\":{\"@id\":\"https:\\\/\\\/insektenliebe.com\\\/it\\\/shop\\\/prodotto\\\/orthomorpha-spec-vietnam\\\/#primaryimage\"},\"image\":{\"@id\":\"https:\\\/\\\/insektenliebe.com\\\/it\\\/shop\\\/prodotto\\\/orthomorpha-spec-vietnam\\\/#primaryimage\"},\"thumbnailUrl\":\"https:\\\/\\\/insektenliebe.com\\\/wp-content\\\/uploads\\\/2025\\\/05\\\/Orthomorpha-spec.-22Vietnam22-2.jpg\",\"datePublished\":\"2024-03-27T16:21:59+00:00\",\"dateModified\":\"2024-03-27T17:21:59+00:00\",\"description\":\"Acquista online i bellissimi esemplari di Orthomorpha spec. \\\"Vietnam\\\". Offriamo esemplari allevati in cattivit\u00e0 di questa fantastica specie di pinnipede a bande. Acquista direttamente dall'allevatore.\",\"breadcrumb\":{\"@id\":\"https:\\\/\\\/insektenliebe.com\\\/it\\\/shop\\\/prodotto\\\/orthomorpha-spec-vietnam\\\/#breadcrumb\"},\"inLanguage\":\"it-IT\",\"potentialAction\":[{\"@type\":\"ReadAction\",\"target\":[\"https:\\\/\\\/insektenliebe.com\\\/it\\\/shop\\\/prodotto\\\/orthomorpha-spec-vietnam\\\/\"]}]},{\"@type\":\"ImageObject\",\"inLanguage\":\"it-IT\",\"@id\":\"https:\\\/\\\/insektenliebe.com\\\/it\\\/shop\\\/prodotto\\\/orthomorpha-spec-vietnam\\\/#primaryimage\",\"url\":\"https:\\\/\\\/insektenliebe.com\\\/wp-content\\\/uploads\\\/2025\\\/05\\\/Orthomorpha-spec.-22Vietnam22-2.jpg\",\"contentUrl\":\"https:\\\/\\\/insektenliebe.com\\\/wp-content\\\/uploads\\\/2025\\\/05\\\/Orthomorpha-spec.-22Vietnam22-2.jpg\",\"width\":820,\"height\":820,\"caption\":\"Orthomorpha-spec.-22Vietnam22-2.jpg\"},{\"@type\":\"BreadcrumbList\",\"@id\":\"https:\\\/\\\/insektenliebe.com\\\/it\\\/shop\\\/prodotto\\\/orthomorpha-spec-vietnam\\\/#breadcrumb\",\"itemListElement\":[{\"@type\":\"ListItem\",\"position\":1,\"name\":\"Startseite\",\"item\":\"https:\\\/\\\/insektenliebe.com\\\/it\\\/\"},{\"@type\":\"ListItem\",\"position\":2,\"name\":\"Negozio\",\"item\":\"https:\\\/\\\/insektenliebe.com\\\/it\\\/negozio\\\/\"},{\"@type\":\"ListItem\",\"position\":3,\"name\":\"Orthomorpha spec. &#8220;Vietnam&#8221;\"}]},{\"@type\":\"WebSite\",\"@id\":\"https:\\\/\\\/insektenliebe.com\\\/it\\\/#website\",\"url\":\"https:\\\/\\\/insektenliebe.com\\\/it\\\/\",\"name\":\"Insektenliebe\",\"description\":\"Dein Zuhause f\u00fcr die kleinen Lebewesen\",\"publisher\":{\"@id\":\"https:\\\/\\\/insektenliebe.com\\\/it\\\/#organization\"},\"potentialAction\":[{\"@type\":\"SearchAction\",\"target\":{\"@type\":\"EntryPoint\",\"urlTemplate\":\"https:\\\/\\\/insektenliebe.com\\\/it\\\/?s={search_term_string}\"},\"query-input\":{\"@type\":\"PropertyValueSpecification\",\"valueRequired\":true,\"valueName\":\"search_term_string\"}}],\"inLanguage\":\"it-IT\"},{\"@type\":\"Organization\",\"@id\":\"https:\\\/\\\/insektenliebe.com\\\/it\\\/#organization\",\"name\":\"Insektenliebe\",\"url\":\"https:\\\/\\\/insektenliebe.com\\\/it\\\/\",\"logo\":{\"@type\":\"ImageObject\",\"inLanguage\":\"it-IT\",\"@id\":\"https:\\\/\\\/insektenliebe.com\\\/it\\\/#\\\/schema\\\/logo\\\/image\\\/\",\"url\":\"https:\\\/\\\/insektenliebe.com\\\/wp-content\\\/uploads\\\/2025\\\/03\\\/logo-white.png\",\"contentUrl\":\"https:\\\/\\\/insektenliebe.com\\\/wp-content\\\/uploads\\\/2025\\\/03\\\/logo-white.png\",\"width\":288,\"height\":188,\"caption\":\"Insektenliebe\"},\"image\":{\"@id\":\"https:\\\/\\\/insektenliebe.com\\\/it\\\/#\\\/schema\\\/logo\\\/image\\\/\"}}]}<\/script>\n<!-- \/ Yoast SEO plugin. -->","yoast_head_json":{"title":"Orthomorpha spec. \"Vietnam\" - Insektenliebe","description":"Acquista online i bellissimi esemplari di Orthomorpha spec. \"Vietnam\". Offriamo esemplari allevati in cattivit\u00e0 di questa fantastica specie di pinnipede a bande. Acquista direttamente dall'allevatore.","robots":{"index":"index","follow":"follow","max-snippet":"max-snippet:-1","max-image-preview":"max-image-preview:large","max-video-preview":"max-video-preview:-1"},"canonical":"https:\/\/insektenliebe.com\/it\/shop\/prodotto\/orthomorpha-spec-vietnam\/","og_locale":"it_IT","og_type":"article","og_title":"Orthomorpha spec. \"Vietnam\" - Insektenliebe","og_description":"Acquista online i bellissimi esemplari di Orthomorpha spec. \"Vietnam\". Offriamo esemplari allevati in cattivit\u00e0 di questa fantastica specie di pinnipede a bande. Acquista direttamente dall'allevatore.","og_url":"https:\/\/insektenliebe.com\/it\/shop\/prodotto\/orthomorpha-spec-vietnam\/","og_site_name":"Insektenliebe","article_modified_time":"2024-03-27T17:21:59+00:00","og_image":[{"width":820,"height":820,"url":"https:\/\/insektenliebe.com\/wp-content\/uploads\/2025\/05\/Orthomorpha-spec.-22Vietnam22-2.jpg","type":"image\/jpeg"}],"twitter_card":"summary_large_image","twitter_misc":{"Tempo di lettura stimato":"2 minuto"},"schema":{"@context":"https:\/\/schema.org","@graph":[{"@type":"WebPage","@id":"https:\/\/insektenliebe.com\/it\/shop\/prodotto\/orthomorpha-spec-vietnam\/","url":"https:\/\/insektenliebe.com\/it\/shop\/prodotto\/orthomorpha-spec-vietnam\/","name":"Orthomorpha spec. \"Vietnam\" - Insektenliebe","isPartOf":{"@id":"https:\/\/insektenliebe.com\/it\/#website"},"primaryImageOfPage":{"@id":"https:\/\/insektenliebe.com\/it\/shop\/prodotto\/orthomorpha-spec-vietnam\/#primaryimage"},"image":{"@id":"https:\/\/insektenliebe.com\/it\/shop\/prodotto\/orthomorpha-spec-vietnam\/#primaryimage"},"thumbnailUrl":"https:\/\/insektenliebe.com\/wp-content\/uploads\/2025\/05\/Orthomorpha-spec.-22Vietnam22-2.jpg","datePublished":"2024-03-27T16:21:59+00:00","dateModified":"2024-03-27T17:21:59+00:00","description":"Acquista online i bellissimi esemplari di Orthomorpha spec. \"Vietnam\". Offriamo esemplari allevati in cattivit\u00e0 di questa fantastica specie di pinnipede a bande. Acquista direttamente dall'allevatore.","breadcrumb":{"@id":"https:\/\/insektenliebe.com\/it\/shop\/prodotto\/orthomorpha-spec-vietnam\/#breadcrumb"},"inLanguage":"it-IT","potentialAction":[{"@type":"ReadAction","target":["https:\/\/insektenliebe.com\/it\/shop\/prodotto\/orthomorpha-spec-vietnam\/"]}]},{"@type":"ImageObject","inLanguage":"it-IT","@id":"https:\/\/insektenliebe.com\/it\/shop\/prodotto\/orthomorpha-spec-vietnam\/#primaryimage","url":"https:\/\/insektenliebe.com\/wp-content\/uploads\/2025\/05\/Orthomorpha-spec.-22Vietnam22-2.jpg","contentUrl":"https:\/\/insektenliebe.com\/wp-content\/uploads\/2025\/05\/Orthomorpha-spec.-22Vietnam22-2.jpg","width":820,"height":820,"caption":"Orthomorpha-spec.-22Vietnam22-2.jpg"},{"@type":"BreadcrumbList","@id":"https:\/\/insektenliebe.com\/it\/shop\/prodotto\/orthomorpha-spec-vietnam\/#breadcrumb","itemListElement":[{"@type":"ListItem","position":1,"name":"Startseite","item":"https:\/\/insektenliebe.com\/it\/"},{"@type":"ListItem","position":2,"name":"Negozio","item":"https:\/\/insektenliebe.com\/it\/negozio\/"},{"@type":"ListItem","position":3,"name":"Orthomorpha spec. &#8220;Vietnam&#8221;"}]},{"@type":"WebSite","@id":"https:\/\/insektenliebe.com\/it\/#website","url":"https:\/\/insektenliebe.com\/it\/","name":"Insektenliebe","description":"Dein Zuhause f\u00fcr die kleinen Lebewesen","publisher":{"@id":"https:\/\/insektenliebe.com\/it\/#organization"},"potentialAction":[{"@type":"SearchAction","target":{"@type":"EntryPoint","urlTemplate":"https:\/\/insektenliebe.com\/it\/?s={search_term_string}"},"query-input":{"@type":"PropertyValueSpecification","valueRequired":true,"valueName":"search_term_string"}}],"inLanguage":"it-IT"},{"@type":"Organization","@id":"https:\/\/insektenliebe.com\/it\/#organization","name":"Insektenliebe","url":"https:\/\/insektenliebe.com\/it\/","logo":{"@type":"ImageObject","inLanguage":"it-IT","@id":"https:\/\/insektenliebe.com\/it\/#\/schema\/logo\/image\/","url":"https:\/\/insektenliebe.com\/wp-content\/uploads\/2025\/03\/logo-white.png","contentUrl":"https:\/\/insektenliebe.com\/wp-content\/uploads\/2025\/03\/logo-white.png","width":288,"height":188,"caption":"Insektenliebe"},"image":{"@id":"https:\/\/insektenliebe.com\/it\/#\/schema\/logo\/image\/"}}]}},"_links":{"self":[{"href":"https:\/\/insektenliebe.com\/it\/wp-json\/wp\/v2\/product\/188740","targetHints":{"allow":["GET"]}}],"collection":[{"href":"https:\/\/insektenliebe.com\/it\/wp-json\/wp\/v2\/product"}],"about":[{"href":"https:\/\/insektenliebe.com\/it\/wp-json\/wp\/v2\/types\/product"}],"wp:featuredmedia":[{"embeddable":true,"href":"https:\/\/insektenliebe.com\/it\/wp-json\/wp\/v2\/media\/188742"}],"wp:attachment":[{"href":"https:\/\/insektenliebe.com\/it\/wp-json\/wp\/v2\/media?parent=188740"}],"wp:term":[{"taxonomy":"product-supplier","embeddable":true,"href":"https:\/\/insektenliebe.com\/it\/wp-json\/wp\/v2\/product-supplier?post=188740"},{"taxonomy":"product_brand","embeddable":true,"href":"https:\/\/insektenliebe.com\/it\/wp-json\/wp\/v2\/product_brand?post=188740"},{"taxonomy":"product_cat","embeddable":true,"href":"https:\/\/insektenliebe.com\/it\/wp-json\/wp\/v2\/product_cat?post=188740"},{"taxonomy":"product_tag","embeddable":true,"href":"https:\/\/insektenliebe.com\/it\/wp-json\/wp\/v2\/product_tag?post=188740"},{"taxonomy":"lce-checkout-addons","embeddable":true,"href":"https:\/\/insektenliebe.com\/it\/wp-json\/wp\/v2\/lce-checkout-addons?post=188740"}],"curies":[{"name":"wp","href":"https:\/\/api.w.org\/{rel}","templated":true}]}}