{"id":188709,"date":"2024-06-27T15:03:53","date_gmt":"2024-06-27T13:03:53","guid":{"rendered":"https:\/\/insektenliebe.com\/shop\/produkt\/ceppi-di-alberi\/"},"modified":"2024-06-27T15:03:53","modified_gmt":"2024-06-27T13:03:53","slug":"ceppi-di-alberi","status":"publish","type":"product","link":"https:\/\/insektenliebe.com\/it\/shop\/prodotto\/ceppi-di-alberi\/","title":{"rendered":"Ceppi di alberi"},"content":{"rendered":"<div class=\"flex-shrink-0 flex flex-col relative items-end\">\n<div class=\"pt-0.5 juice:pt-0\">\n<div class=\"gizmo-bot-avatar flex h-6 w-6 items-center justify-center overflow-hidden rounded-full juice:h-8 juice:w-8\">\n<p class=\"p1\">Scopri i nostri <strong>ceppi d&#8217;albero<\/strong> realizzati con legno di radice di pino stagionato per sei anni, che trasformeranno il tuo terrario in un impressionante paesaggio forestale. Questo legno naturale conferisce a ogni terrario un&#8217;autentica atmosfera forestale, in modo che tu possa avere la sensazione di avere un pezzo di foresta direttamente a casa tua in pochi semplici passi. <\/p>\n<\/div>\n<\/div>\n<\/div>\n<p class=\"p1\">Che si tratti di isopodi, millepiedi o tarantole terrestri, i nostri <strong>ceppi d&#8217;albero<\/strong> non solo forniscono un nascondiglio naturale e opportunit\u00e0 di arrampicata, ma sono anche una decorazione elegante che migliora visivamente il pavimento del tuo terrario. Il robusto legno di radice di pino \u00e8 ideale per le versatili esigenze di un terrario, poich\u00e9 \u00e8 durevole e simula le condizioni naturali di un habitat forestale. <\/p>\n<p class=\"p1\">Utilizza i nostri <strong>ceppi d&#8217;albero<\/strong> per aggiungere un elemento naturale al tuo terrario e creare un ambiente favorevole sia al benessere degli abitanti del terrario che all&#8217;effetto visivo.<\/p>\n<p><b>Dimensioni:<br \/>\n<\/b> S<b>: <\/b>\u00d8 10-15 cm \/ altezza 8-20 cm<br \/>\n<b>L: <\/b>\u00d8 15-20 cm \/ altezza 8-20 cm<\/p>\n<p><strong>Desideriamo sottolineare che si tratta di un prodotto naturale e che non esistono due pezzi uguali.  <\/strong><strong>Sei invitato a segnalare i tuoi desideri nel campo dei commenti dell&#8217;ordine.<\/strong><\/p>\n","protected":false},"excerpt":{"rendered":"<p>Scopri i nostri ceppi d&#8217;albero realizzati con legno di radice di pino stagionato per sei anni, che trasformeranno il tuo terrario in un impressionante paesaggio forestale. Questo legno naturale conferisce a ogni terrario un&#8217;autentica atmosfera forestale, in modo che tu possa avere la sensazione di avere un pezzo di foresta direttamente a casa tua in [&hellip;]<\/p>\n","protected":false},"featured_media":188714,"template":"","meta":{"_acf_changed":false},"product-supplier":[],"product_brand":[],"product_cat":[2740],"product_tag":[],"lce-checkout-addons":[],"class_list":{"0":"post-188709","1":"product","2":"type-product","3":"status-publish","4":"has-post-thumbnail","6":"product_cat-arredamento-e-decorazione","7":"product_shipping_class-equipment-shipping","9":"first","10":"instock","11":"sale","12":"taxable","13":"shipping-taxable","14":"purchasable","15":"product-type-variable"},"acf":[],"yoast_head":"<!-- This site is optimized with the Yoast SEO plugin v27.3 - https:\/\/yoast.com\/product\/yoast-seo-wordpress\/ -->\n<title>Ceppi di alberi - Insektenliebe<\/title>\n<meta name=\"description\" content=\"Acquista i ceppi d&#039;albero economici direttamente online. Un perfetto nascondiglio naturale e una decorazione. Trasforma il tuo terrario in una foresta!\" \/>\n<meta name=\"robots\" content=\"index, follow, max-snippet:-1, max-image-preview:large, max-video-preview:-1\" \/>\n<link rel=\"canonical\" href=\"https:\/\/insektenliebe.com\/it\/shop\/prodotto\/ceppi-di-alberi\/\" \/>\n<meta property=\"og:locale\" content=\"it_IT\" \/>\n<meta property=\"og:type\" content=\"article\" \/>\n<meta property=\"og:title\" content=\"Ceppi di alberi - Insektenliebe\" \/>\n<meta property=\"og:description\" content=\"Acquista i ceppi d&#039;albero economici direttamente online. Un perfetto nascondiglio naturale e una decorazione. Trasforma il tuo terrario in una foresta!\" \/>\n<meta property=\"og:url\" content=\"https:\/\/insektenliebe.com\/it\/shop\/prodotto\/ceppi-di-alberi\/\" \/>\n<meta property=\"og:site_name\" content=\"Insektenliebe\" \/>\n<meta property=\"og:image\" content=\"https:\/\/insektenliebe.com\/wp-content\/uploads\/2024\/06\/Baumstuempfe.jpg\" \/>\n\t<meta property=\"og:image:width\" content=\"820\" \/>\n\t<meta property=\"og:image:height\" content=\"820\" \/>\n\t<meta property=\"og:image:type\" content=\"image\/jpeg\" \/>\n<meta name=\"twitter:card\" content=\"summary_large_image\" \/>\n<meta name=\"twitter:label1\" content=\"Tempo di lettura stimato\" \/>\n\t<meta name=\"twitter:data1\" content=\"1 minuto\" \/>\n<script type=\"application\/ld+json\" class=\"yoast-schema-graph\">{\"@context\":\"https:\\\/\\\/schema.org\",\"@graph\":[{\"@type\":\"WebPage\",\"@id\":\"https:\\\/\\\/insektenliebe.com\\\/it\\\/shop\\\/prodotto\\\/ceppi-di-alberi\\\/\",\"url\":\"https:\\\/\\\/insektenliebe.com\\\/it\\\/shop\\\/prodotto\\\/ceppi-di-alberi\\\/\",\"name\":\"Ceppi di alberi - Insektenliebe\",\"isPartOf\":{\"@id\":\"https:\\\/\\\/insektenliebe.com\\\/it\\\/#website\"},\"primaryImageOfPage\":{\"@id\":\"https:\\\/\\\/insektenliebe.com\\\/it\\\/shop\\\/prodotto\\\/ceppi-di-alberi\\\/#primaryimage\"},\"image\":{\"@id\":\"https:\\\/\\\/insektenliebe.com\\\/it\\\/shop\\\/prodotto\\\/ceppi-di-alberi\\\/#primaryimage\"},\"thumbnailUrl\":\"https:\\\/\\\/insektenliebe.com\\\/wp-content\\\/uploads\\\/2024\\\/06\\\/Baumstuempfe.jpg\",\"datePublished\":\"2024-06-27T13:03:53+00:00\",\"description\":\"Acquista i ceppi d'albero economici direttamente online. Un perfetto nascondiglio naturale e una decorazione. Trasforma il tuo terrario in una foresta!\",\"breadcrumb\":{\"@id\":\"https:\\\/\\\/insektenliebe.com\\\/it\\\/shop\\\/prodotto\\\/ceppi-di-alberi\\\/#breadcrumb\"},\"inLanguage\":\"it-IT\",\"potentialAction\":[{\"@type\":\"ReadAction\",\"target\":[\"https:\\\/\\\/insektenliebe.com\\\/it\\\/shop\\\/prodotto\\\/ceppi-di-alberi\\\/\"]}]},{\"@type\":\"ImageObject\",\"inLanguage\":\"it-IT\",\"@id\":\"https:\\\/\\\/insektenliebe.com\\\/it\\\/shop\\\/prodotto\\\/ceppi-di-alberi\\\/#primaryimage\",\"url\":\"https:\\\/\\\/insektenliebe.com\\\/wp-content\\\/uploads\\\/2024\\\/06\\\/Baumstuempfe.jpg\",\"contentUrl\":\"https:\\\/\\\/insektenliebe.com\\\/wp-content\\\/uploads\\\/2024\\\/06\\\/Baumstuempfe.jpg\",\"width\":820,\"height\":820,\"caption\":\"Ceppi di alberi\"},{\"@type\":\"BreadcrumbList\",\"@id\":\"https:\\\/\\\/insektenliebe.com\\\/it\\\/shop\\\/prodotto\\\/ceppi-di-alberi\\\/#breadcrumb\",\"itemListElement\":[{\"@type\":\"ListItem\",\"position\":1,\"name\":\"Startseite\",\"item\":\"https:\\\/\\\/insektenliebe.com\\\/it\\\/\"},{\"@type\":\"ListItem\",\"position\":2,\"name\":\"Negozio\",\"item\":\"https:\\\/\\\/insektenliebe.com\\\/it\\\/negozio\\\/\"},{\"@type\":\"ListItem\",\"position\":3,\"name\":\"Ceppi di alberi\"}]},{\"@type\":\"WebSite\",\"@id\":\"https:\\\/\\\/insektenliebe.com\\\/it\\\/#website\",\"url\":\"https:\\\/\\\/insektenliebe.com\\\/it\\\/\",\"name\":\"Insektenliebe\",\"description\":\"Dein Zuhause f\u00fcr die kleinen Lebewesen\",\"publisher\":{\"@id\":\"https:\\\/\\\/insektenliebe.com\\\/it\\\/#organization\"},\"potentialAction\":[{\"@type\":\"SearchAction\",\"target\":{\"@type\":\"EntryPoint\",\"urlTemplate\":\"https:\\\/\\\/insektenliebe.com\\\/it\\\/?s={search_term_string}\"},\"query-input\":{\"@type\":\"PropertyValueSpecification\",\"valueRequired\":true,\"valueName\":\"search_term_string\"}}],\"inLanguage\":\"it-IT\"},{\"@type\":\"Organization\",\"@id\":\"https:\\\/\\\/insektenliebe.com\\\/it\\\/#organization\",\"name\":\"Insektenliebe\",\"url\":\"https:\\\/\\\/insektenliebe.com\\\/it\\\/\",\"logo\":{\"@type\":\"ImageObject\",\"inLanguage\":\"it-IT\",\"@id\":\"https:\\\/\\\/insektenliebe.com\\\/it\\\/#\\\/schema\\\/logo\\\/image\\\/\",\"url\":\"https:\\\/\\\/insektenliebe.com\\\/wp-content\\\/uploads\\\/2025\\\/03\\\/logo-white.png\",\"contentUrl\":\"https:\\\/\\\/insektenliebe.com\\\/wp-content\\\/uploads\\\/2025\\\/03\\\/logo-white.png\",\"width\":288,\"height\":188,\"caption\":\"Insektenliebe\"},\"image\":{\"@id\":\"https:\\\/\\\/insektenliebe.com\\\/it\\\/#\\\/schema\\\/logo\\\/image\\\/\"}}]}<\/script>\n<!-- \/ Yoast SEO plugin. -->","yoast_head_json":{"title":"Ceppi di alberi - Insektenliebe","description":"Acquista i ceppi d'albero economici direttamente online. Un perfetto nascondiglio naturale e una decorazione. Trasforma il tuo terrario in una foresta!","robots":{"index":"index","follow":"follow","max-snippet":"max-snippet:-1","max-image-preview":"max-image-preview:large","max-video-preview":"max-video-preview:-1"},"canonical":"https:\/\/insektenliebe.com\/it\/shop\/prodotto\/ceppi-di-alberi\/","og_locale":"it_IT","og_type":"article","og_title":"Ceppi di alberi - Insektenliebe","og_description":"Acquista i ceppi d'albero economici direttamente online. Un perfetto nascondiglio naturale e una decorazione. Trasforma il tuo terrario in una foresta!","og_url":"https:\/\/insektenliebe.com\/it\/shop\/prodotto\/ceppi-di-alberi\/","og_site_name":"Insektenliebe","og_image":[{"width":820,"height":820,"url":"https:\/\/insektenliebe.com\/wp-content\/uploads\/2024\/06\/Baumstuempfe.jpg","type":"image\/jpeg"}],"twitter_card":"summary_large_image","twitter_misc":{"Tempo di lettura stimato":"1 minuto"},"schema":{"@context":"https:\/\/schema.org","@graph":[{"@type":"WebPage","@id":"https:\/\/insektenliebe.com\/it\/shop\/prodotto\/ceppi-di-alberi\/","url":"https:\/\/insektenliebe.com\/it\/shop\/prodotto\/ceppi-di-alberi\/","name":"Ceppi di alberi - Insektenliebe","isPartOf":{"@id":"https:\/\/insektenliebe.com\/it\/#website"},"primaryImageOfPage":{"@id":"https:\/\/insektenliebe.com\/it\/shop\/prodotto\/ceppi-di-alberi\/#primaryimage"},"image":{"@id":"https:\/\/insektenliebe.com\/it\/shop\/prodotto\/ceppi-di-alberi\/#primaryimage"},"thumbnailUrl":"https:\/\/insektenliebe.com\/wp-content\/uploads\/2024\/06\/Baumstuempfe.jpg","datePublished":"2024-06-27T13:03:53+00:00","description":"Acquista i ceppi d'albero economici direttamente online. Un perfetto nascondiglio naturale e una decorazione. Trasforma il tuo terrario in una foresta!","breadcrumb":{"@id":"https:\/\/insektenliebe.com\/it\/shop\/prodotto\/ceppi-di-alberi\/#breadcrumb"},"inLanguage":"it-IT","potentialAction":[{"@type":"ReadAction","target":["https:\/\/insektenliebe.com\/it\/shop\/prodotto\/ceppi-di-alberi\/"]}]},{"@type":"ImageObject","inLanguage":"it-IT","@id":"https:\/\/insektenliebe.com\/it\/shop\/prodotto\/ceppi-di-alberi\/#primaryimage","url":"https:\/\/insektenliebe.com\/wp-content\/uploads\/2024\/06\/Baumstuempfe.jpg","contentUrl":"https:\/\/insektenliebe.com\/wp-content\/uploads\/2024\/06\/Baumstuempfe.jpg","width":820,"height":820,"caption":"Ceppi di alberi"},{"@type":"BreadcrumbList","@id":"https:\/\/insektenliebe.com\/it\/shop\/prodotto\/ceppi-di-alberi\/#breadcrumb","itemListElement":[{"@type":"ListItem","position":1,"name":"Startseite","item":"https:\/\/insektenliebe.com\/it\/"},{"@type":"ListItem","position":2,"name":"Negozio","item":"https:\/\/insektenliebe.com\/it\/negozio\/"},{"@type":"ListItem","position":3,"name":"Ceppi di alberi"}]},{"@type":"WebSite","@id":"https:\/\/insektenliebe.com\/it\/#website","url":"https:\/\/insektenliebe.com\/it\/","name":"Insektenliebe","description":"Dein Zuhause f\u00fcr die kleinen Lebewesen","publisher":{"@id":"https:\/\/insektenliebe.com\/it\/#organization"},"potentialAction":[{"@type":"SearchAction","target":{"@type":"EntryPoint","urlTemplate":"https:\/\/insektenliebe.com\/it\/?s={search_term_string}"},"query-input":{"@type":"PropertyValueSpecification","valueRequired":true,"valueName":"search_term_string"}}],"inLanguage":"it-IT"},{"@type":"Organization","@id":"https:\/\/insektenliebe.com\/it\/#organization","name":"Insektenliebe","url":"https:\/\/insektenliebe.com\/it\/","logo":{"@type":"ImageObject","inLanguage":"it-IT","@id":"https:\/\/insektenliebe.com\/it\/#\/schema\/logo\/image\/","url":"https:\/\/insektenliebe.com\/wp-content\/uploads\/2025\/03\/logo-white.png","contentUrl":"https:\/\/insektenliebe.com\/wp-content\/uploads\/2025\/03\/logo-white.png","width":288,"height":188,"caption":"Insektenliebe"},"image":{"@id":"https:\/\/insektenliebe.com\/it\/#\/schema\/logo\/image\/"}}]}},"_links":{"self":[{"href":"https:\/\/insektenliebe.com\/it\/wp-json\/wp\/v2\/product\/188709","targetHints":{"allow":["GET"]}}],"collection":[{"href":"https:\/\/insektenliebe.com\/it\/wp-json\/wp\/v2\/product"}],"about":[{"href":"https:\/\/insektenliebe.com\/it\/wp-json\/wp\/v2\/types\/product"}],"wp:featuredmedia":[{"embeddable":true,"href":"https:\/\/insektenliebe.com\/it\/wp-json\/wp\/v2\/media\/188714"}],"wp:attachment":[{"href":"https:\/\/insektenliebe.com\/it\/wp-json\/wp\/v2\/media?parent=188709"}],"wp:term":[{"taxonomy":"product-supplier","embeddable":true,"href":"https:\/\/insektenliebe.com\/it\/wp-json\/wp\/v2\/product-supplier?post=188709"},{"taxonomy":"product_brand","embeddable":true,"href":"https:\/\/insektenliebe.com\/it\/wp-json\/wp\/v2\/product_brand?post=188709"},{"taxonomy":"product_cat","embeddable":true,"href":"https:\/\/insektenliebe.com\/it\/wp-json\/wp\/v2\/product_cat?post=188709"},{"taxonomy":"product_tag","embeddable":true,"href":"https:\/\/insektenliebe.com\/it\/wp-json\/wp\/v2\/product_tag?post=188709"},{"taxonomy":"lce-checkout-addons","embeddable":true,"href":"https:\/\/insektenliebe.com\/it\/wp-json\/wp\/v2\/lce-checkout-addons?post=188709"}],"curies":[{"name":"wp","href":"https:\/\/api.w.org\/{rel}","templated":true}]}}