{"id":188701,"date":"2024-08-22T14:32:00","date_gmt":"2024-08-22T12:32:00","guid":{"rendered":"https:\/\/insektenliebe.com\/shop\/produkt\/bucephalandra-green-velvet\/"},"modified":"2026-04-09T10:19:35","modified_gmt":"2026-04-09T08:19:35","slug":"bucephalandra-green-velvet","status":"publish","type":"product","link":"https:\/\/insektenliebe.com\/it\/shop\/prodotto\/bucephalandra-green-velvet\/","title":{"rendered":"Bucephalandra \"Green Velvet"},"content":{"rendered":"<h3><span style=\"color: #99cc33;\">Bucephalandra \"Green Velvet\" - Ideale per i terrari della foresta pluviale<\/span><\/h3>\n<p class=\"p1\"><span class=\"s1\">La <\/span><strong><span class=\"s2\">Bucephalandra \"Velluto Verde\"<\/span><\/strong><span class=\"s1\"> \u00e8 una straordinaria pianta da terrario che si caratterizza per le sue <\/span><span class=\"s2\">foglie vellutate di colore verde scuro<\/span><span class=\"s1\">  cattura immediatamente l&#8217;attenzione. Allo stesso tempo, ha un aspetto elegante e conferisce un&#8217;atmosfera calma e naturale al tuo allestimento. <\/span><\/p>\n<p class=\"p1\"><span class=\"s1\">In origine, questa pianta proviene dai <\/span><span class=\"s2\">paesaggi fluviali del Borneo<\/span><span class=\"s1\">dove cresce su pietre e radici. Proprio per questo motivo \u00e8 perfetta per   <\/span><span class=\"s2\">Terrari e paludari della foresta pluviale<\/span><span class=\"s1\">in cui prevale un&#8217;elevata umidit\u00e0.<\/span><\/p>\n<p class=\"p1\"><span class=\"s1\">Le foglie leggermente ondulate creano una struttura emozionante. Allo stesso tempo, riflettono solo sottilmente la luce, creando un aspetto particolarmente naturale. In questo modo la pianta si integra armoniosamente nel tuo terrario.  <\/span><\/p>\n<p class=\"p1\"><strong><span class=\"s2\">Bucephalandra \"Green Velvet<\/span><\/strong><span class=\"s1\"> preferisce <\/span><span class=\"s2\">un&#8217;illuminazione moderata, tra i 5.000 e i 10.000 lux circa.<\/span><span class=\"s1\">. Questo la rende ideale per le zone d&#8217;ombra dove molte altre piante hanno difficolt\u00e0. Allo stesso tempo, rimane compatta e cresce lentamente. <\/span><\/p>\n<p class=\"p1\"><span class=\"s1\">La cura \u00e8 semplice. Tutto ci\u00f2 che devi fare \u00e8   <\/span><span class=\"s2\">Umidit\u00e0 uniforme<\/span><span class=\"s1\">  prestare attenzione. La pianta tollera condizioni di umidit\u00e0 permanente e si sviluppa in modo stabile. Allo stesso tempo, affronta bene anche i cambiamenti di condizioni.  <\/span><\/p>\n<p class=\"p1\"><span class=\"s1\">Con la sua crescita crea <\/span><span class=\"s2\">nascondigli e strutture<\/span><span class=\"s1\">. In particolare, i piccoli invertebrati e gli anfibi utilizzano attivamente le foglie come rifugio. Questo crea un habitat naturale e vario. <\/span><\/p>\n<p class=\"p1\"><span class=\"s1\">La pianta supporta anche il <\/span><span class=\"s2\">il microclima del terrario<\/span><span class=\"s1\">. Assorbe l&#8217;umidit\u00e0 e la rilascia lentamente. In questo modo le condizioni si stabilizzano e l&#8217;intero sistema rimane pi\u00f9 equilibrato. <\/span><\/p>\n<p class=\"p1\"><span class=\"s1\">Inoltre offre molte opzioni di design. Puoi utilizzarli su   <\/span><span class=\"s2\">Attacca radici o pietre<\/span><span class=\"s1\">  o come richiamo visivo mirato. Allo stesso tempo, pu\u00f2 essere perfettamente combinata con muschi e altre piante tropicali. <\/span><\/p>\n<p class=\"p1\"><span class=\"s1\">Grazie alla sua crescita lenta, la pianta rimane in forma per molto tempo e richiede poche cure. Questo la rende ideale per tutti coloro che desiderano una   <\/span><span class=\"s2\">una configurazione stabile e a bassa manutenzione<\/span><span class=\"s1\"> desidera.<\/span><\/p>\n<p class=\"p1\"><span class=\"s1\">Con la <\/span><strong><span class=\"s2\">Bucephalandra \"Green Velvet<\/span><\/strong><span class=\"s1\">  ti permette di avere una pianta di alta qualit\u00e0, robusta ed elegante nel tuo terrario. Offre una maggiore profondit\u00e0, condizioni migliori e un aspetto particolarmente naturale. <\/span><\/p>\n","protected":false},"excerpt":{"rendered":"<p>Bucephalandra \"Green Velvet\" - Ideale per i terrari della foresta pluviale La Bucephalandra \"Velluto Verde\" \u00e8 una straordinaria pianta da terrario che si caratterizza per le sue foglie vellutate di colore verde scuro cattura immediatamente l&#8217;attenzione. Allo stesso tempo, ha un aspetto elegante e conferisce un&#8217;atmosfera calma e naturale al tuo allestimento. In origine, questa [&hellip;]<\/p>\n","protected":false},"featured_media":188703,"template":"","meta":{"_acf_changed":false},"product-supplier":[],"product_brand":[],"product_cat":[3181],"product_tag":[],"lce-checkout-addons":[2746],"class_list":{"0":"post-188701","1":"product","2":"type-product","3":"status-publish","4":"has-post-thumbnail","6":"product_cat-piante-da-terrario","7":"product_shipping_class-equipment-shipping","8":"pa_herkunft-borneo","9":"lce-checkout-addons-imballaggio-invernale","11":"first","12":"instock","13":"taxable","14":"shipping-taxable","15":"purchasable","16":"product-type-simple"},"acf":[],"yoast_head":"<!-- This site is optimized with the Yoast SEO plugin v27.3 - https:\/\/yoast.com\/product\/yoast-seo-wordpress\/ -->\n<title>Bucephalandra &quot;Green Velvet - Insektenliebe<\/title>\n<meta name=\"description\" content=\"Bucephalandra &quot;Green Velvet&quot; - pianta esotica da terrario con foglie vellutate. Ideale per terrari e paludari umidi della foresta pluviale.\" \/>\n<meta name=\"robots\" content=\"index, follow, max-snippet:-1, max-image-preview:large, max-video-preview:-1\" \/>\n<link rel=\"canonical\" href=\"https:\/\/insektenliebe.com\/it\/shop\/prodotto\/bucephalandra-green-velvet\/\" \/>\n<meta property=\"og:locale\" content=\"it_IT\" \/>\n<meta property=\"og:type\" content=\"article\" \/>\n<meta property=\"og:title\" content=\"Bucephalandra &quot;Green Velvet - Insektenliebe\" \/>\n<meta property=\"og:description\" content=\"Bucephalandra &quot;Green Velvet&quot; - pianta esotica da terrario con foglie vellutate. Ideale per terrari e paludari umidi della foresta pluviale.\" \/>\n<meta property=\"og:url\" content=\"https:\/\/insektenliebe.com\/it\/shop\/prodotto\/bucephalandra-green-velvet\/\" \/>\n<meta property=\"og:site_name\" content=\"Insektenliebe\" \/>\n<meta property=\"article:modified_time\" content=\"2026-04-09T08:19:35+00:00\" \/>\n<meta property=\"og:image\" content=\"https:\/\/insektenliebe.com\/wp-content\/uploads\/2025\/05\/Bucephalandra-Green-Velvet-2.jpg\" \/>\n\t<meta property=\"og:image:width\" content=\"820\" \/>\n\t<meta property=\"og:image:height\" content=\"820\" \/>\n\t<meta property=\"og:image:type\" content=\"image\/jpeg\" \/>\n<meta name=\"twitter:card\" content=\"summary_large_image\" \/>\n<meta name=\"twitter:label1\" content=\"Tempo di lettura stimato\" \/>\n\t<meta name=\"twitter:data1\" content=\"2 minuto\" \/>\n<script type=\"application\/ld+json\" class=\"yoast-schema-graph\">{\"@context\":\"https:\\\/\\\/schema.org\",\"@graph\":[{\"@type\":\"WebPage\",\"@id\":\"https:\\\/\\\/insektenliebe.com\\\/it\\\/shop\\\/prodotto\\\/bucephalandra-green-velvet\\\/\",\"url\":\"https:\\\/\\\/insektenliebe.com\\\/it\\\/shop\\\/prodotto\\\/bucephalandra-green-velvet\\\/\",\"name\":\"Bucephalandra \\\"Green Velvet - Insektenliebe\",\"isPartOf\":{\"@id\":\"https:\\\/\\\/insektenliebe.com\\\/it\\\/#website\"},\"primaryImageOfPage\":{\"@id\":\"https:\\\/\\\/insektenliebe.com\\\/it\\\/shop\\\/prodotto\\\/bucephalandra-green-velvet\\\/#primaryimage\"},\"image\":{\"@id\":\"https:\\\/\\\/insektenliebe.com\\\/it\\\/shop\\\/prodotto\\\/bucephalandra-green-velvet\\\/#primaryimage\"},\"thumbnailUrl\":\"https:\\\/\\\/insektenliebe.com\\\/wp-content\\\/uploads\\\/2025\\\/05\\\/Bucephalandra-Green-Velvet-2.jpg\",\"datePublished\":\"2024-08-22T12:32:00+00:00\",\"dateModified\":\"2026-04-09T08:19:35+00:00\",\"description\":\"Bucephalandra \\\"Green Velvet\\\" - pianta esotica da terrario con foglie vellutate. Ideale per terrari e paludari umidi della foresta pluviale.\",\"breadcrumb\":{\"@id\":\"https:\\\/\\\/insektenliebe.com\\\/it\\\/shop\\\/prodotto\\\/bucephalandra-green-velvet\\\/#breadcrumb\"},\"inLanguage\":\"it-IT\",\"potentialAction\":[{\"@type\":\"ReadAction\",\"target\":[\"https:\\\/\\\/insektenliebe.com\\\/it\\\/shop\\\/prodotto\\\/bucephalandra-green-velvet\\\/\"]}]},{\"@type\":\"ImageObject\",\"inLanguage\":\"it-IT\",\"@id\":\"https:\\\/\\\/insektenliebe.com\\\/it\\\/shop\\\/prodotto\\\/bucephalandra-green-velvet\\\/#primaryimage\",\"url\":\"https:\\\/\\\/insektenliebe.com\\\/wp-content\\\/uploads\\\/2025\\\/05\\\/Bucephalandra-Green-Velvet-2.jpg\",\"contentUrl\":\"https:\\\/\\\/insektenliebe.com\\\/wp-content\\\/uploads\\\/2025\\\/05\\\/Bucephalandra-Green-Velvet-2.jpg\",\"width\":820,\"height\":820,\"caption\":\"Bucephalandra-Green-Velvet-2.jpg\"},{\"@type\":\"BreadcrumbList\",\"@id\":\"https:\\\/\\\/insektenliebe.com\\\/it\\\/shop\\\/prodotto\\\/bucephalandra-green-velvet\\\/#breadcrumb\",\"itemListElement\":[{\"@type\":\"ListItem\",\"position\":1,\"name\":\"Startseite\",\"item\":\"https:\\\/\\\/insektenliebe.com\\\/it\\\/\"},{\"@type\":\"ListItem\",\"position\":2,\"name\":\"Negozio\",\"item\":\"https:\\\/\\\/insektenliebe.com\\\/it\\\/negozio\\\/\"},{\"@type\":\"ListItem\",\"position\":3,\"name\":\"Bucephalandra \\\"Green Velvet\"}]},{\"@type\":\"WebSite\",\"@id\":\"https:\\\/\\\/insektenliebe.com\\\/it\\\/#website\",\"url\":\"https:\\\/\\\/insektenliebe.com\\\/it\\\/\",\"name\":\"Insektenliebe\",\"description\":\"Dein Zuhause f\u00fcr die kleinen Lebewesen\",\"publisher\":{\"@id\":\"https:\\\/\\\/insektenliebe.com\\\/it\\\/#organization\"},\"potentialAction\":[{\"@type\":\"SearchAction\",\"target\":{\"@type\":\"EntryPoint\",\"urlTemplate\":\"https:\\\/\\\/insektenliebe.com\\\/it\\\/?s={search_term_string}\"},\"query-input\":{\"@type\":\"PropertyValueSpecification\",\"valueRequired\":true,\"valueName\":\"search_term_string\"}}],\"inLanguage\":\"it-IT\"},{\"@type\":\"Organization\",\"@id\":\"https:\\\/\\\/insektenliebe.com\\\/it\\\/#organization\",\"name\":\"Insektenliebe\",\"url\":\"https:\\\/\\\/insektenliebe.com\\\/it\\\/\",\"logo\":{\"@type\":\"ImageObject\",\"inLanguage\":\"it-IT\",\"@id\":\"https:\\\/\\\/insektenliebe.com\\\/it\\\/#\\\/schema\\\/logo\\\/image\\\/\",\"url\":\"https:\\\/\\\/insektenliebe.com\\\/wp-content\\\/uploads\\\/2025\\\/03\\\/logo-white.png\",\"contentUrl\":\"https:\\\/\\\/insektenliebe.com\\\/wp-content\\\/uploads\\\/2025\\\/03\\\/logo-white.png\",\"width\":288,\"height\":188,\"caption\":\"Insektenliebe\"},\"image\":{\"@id\":\"https:\\\/\\\/insektenliebe.com\\\/it\\\/#\\\/schema\\\/logo\\\/image\\\/\"}}]}<\/script>\n<!-- \/ Yoast SEO plugin. -->","yoast_head_json":{"title":"Bucephalandra \"Green Velvet - Insektenliebe","description":"Bucephalandra \"Green Velvet\" - pianta esotica da terrario con foglie vellutate. Ideale per terrari e paludari umidi della foresta pluviale.","robots":{"index":"index","follow":"follow","max-snippet":"max-snippet:-1","max-image-preview":"max-image-preview:large","max-video-preview":"max-video-preview:-1"},"canonical":"https:\/\/insektenliebe.com\/it\/shop\/prodotto\/bucephalandra-green-velvet\/","og_locale":"it_IT","og_type":"article","og_title":"Bucephalandra \"Green Velvet - Insektenliebe","og_description":"Bucephalandra \"Green Velvet\" - pianta esotica da terrario con foglie vellutate. Ideale per terrari e paludari umidi della foresta pluviale.","og_url":"https:\/\/insektenliebe.com\/it\/shop\/prodotto\/bucephalandra-green-velvet\/","og_site_name":"Insektenliebe","article_modified_time":"2026-04-09T08:19:35+00:00","og_image":[{"width":820,"height":820,"url":"https:\/\/insektenliebe.com\/wp-content\/uploads\/2025\/05\/Bucephalandra-Green-Velvet-2.jpg","type":"image\/jpeg"}],"twitter_card":"summary_large_image","twitter_misc":{"Tempo di lettura stimato":"2 minuto"},"schema":{"@context":"https:\/\/schema.org","@graph":[{"@type":"WebPage","@id":"https:\/\/insektenliebe.com\/it\/shop\/prodotto\/bucephalandra-green-velvet\/","url":"https:\/\/insektenliebe.com\/it\/shop\/prodotto\/bucephalandra-green-velvet\/","name":"Bucephalandra \"Green Velvet - Insektenliebe","isPartOf":{"@id":"https:\/\/insektenliebe.com\/it\/#website"},"primaryImageOfPage":{"@id":"https:\/\/insektenliebe.com\/it\/shop\/prodotto\/bucephalandra-green-velvet\/#primaryimage"},"image":{"@id":"https:\/\/insektenliebe.com\/it\/shop\/prodotto\/bucephalandra-green-velvet\/#primaryimage"},"thumbnailUrl":"https:\/\/insektenliebe.com\/wp-content\/uploads\/2025\/05\/Bucephalandra-Green-Velvet-2.jpg","datePublished":"2024-08-22T12:32:00+00:00","dateModified":"2026-04-09T08:19:35+00:00","description":"Bucephalandra \"Green Velvet\" - pianta esotica da terrario con foglie vellutate. Ideale per terrari e paludari umidi della foresta pluviale.","breadcrumb":{"@id":"https:\/\/insektenliebe.com\/it\/shop\/prodotto\/bucephalandra-green-velvet\/#breadcrumb"},"inLanguage":"it-IT","potentialAction":[{"@type":"ReadAction","target":["https:\/\/insektenliebe.com\/it\/shop\/prodotto\/bucephalandra-green-velvet\/"]}]},{"@type":"ImageObject","inLanguage":"it-IT","@id":"https:\/\/insektenliebe.com\/it\/shop\/prodotto\/bucephalandra-green-velvet\/#primaryimage","url":"https:\/\/insektenliebe.com\/wp-content\/uploads\/2025\/05\/Bucephalandra-Green-Velvet-2.jpg","contentUrl":"https:\/\/insektenliebe.com\/wp-content\/uploads\/2025\/05\/Bucephalandra-Green-Velvet-2.jpg","width":820,"height":820,"caption":"Bucephalandra-Green-Velvet-2.jpg"},{"@type":"BreadcrumbList","@id":"https:\/\/insektenliebe.com\/it\/shop\/prodotto\/bucephalandra-green-velvet\/#breadcrumb","itemListElement":[{"@type":"ListItem","position":1,"name":"Startseite","item":"https:\/\/insektenliebe.com\/it\/"},{"@type":"ListItem","position":2,"name":"Negozio","item":"https:\/\/insektenliebe.com\/it\/negozio\/"},{"@type":"ListItem","position":3,"name":"Bucephalandra \"Green Velvet"}]},{"@type":"WebSite","@id":"https:\/\/insektenliebe.com\/it\/#website","url":"https:\/\/insektenliebe.com\/it\/","name":"Insektenliebe","description":"Dein Zuhause f\u00fcr die kleinen Lebewesen","publisher":{"@id":"https:\/\/insektenliebe.com\/it\/#organization"},"potentialAction":[{"@type":"SearchAction","target":{"@type":"EntryPoint","urlTemplate":"https:\/\/insektenliebe.com\/it\/?s={search_term_string}"},"query-input":{"@type":"PropertyValueSpecification","valueRequired":true,"valueName":"search_term_string"}}],"inLanguage":"it-IT"},{"@type":"Organization","@id":"https:\/\/insektenliebe.com\/it\/#organization","name":"Insektenliebe","url":"https:\/\/insektenliebe.com\/it\/","logo":{"@type":"ImageObject","inLanguage":"it-IT","@id":"https:\/\/insektenliebe.com\/it\/#\/schema\/logo\/image\/","url":"https:\/\/insektenliebe.com\/wp-content\/uploads\/2025\/03\/logo-white.png","contentUrl":"https:\/\/insektenliebe.com\/wp-content\/uploads\/2025\/03\/logo-white.png","width":288,"height":188,"caption":"Insektenliebe"},"image":{"@id":"https:\/\/insektenliebe.com\/it\/#\/schema\/logo\/image\/"}}]}},"_links":{"self":[{"href":"https:\/\/insektenliebe.com\/it\/wp-json\/wp\/v2\/product\/188701","targetHints":{"allow":["GET"]}}],"collection":[{"href":"https:\/\/insektenliebe.com\/it\/wp-json\/wp\/v2\/product"}],"about":[{"href":"https:\/\/insektenliebe.com\/it\/wp-json\/wp\/v2\/types\/product"}],"wp:featuredmedia":[{"embeddable":true,"href":"https:\/\/insektenliebe.com\/it\/wp-json\/wp\/v2\/media\/188703"}],"wp:attachment":[{"href":"https:\/\/insektenliebe.com\/it\/wp-json\/wp\/v2\/media?parent=188701"}],"wp:term":[{"taxonomy":"product-supplier","embeddable":true,"href":"https:\/\/insektenliebe.com\/it\/wp-json\/wp\/v2\/product-supplier?post=188701"},{"taxonomy":"product_brand","embeddable":true,"href":"https:\/\/insektenliebe.com\/it\/wp-json\/wp\/v2\/product_brand?post=188701"},{"taxonomy":"product_cat","embeddable":true,"href":"https:\/\/insektenliebe.com\/it\/wp-json\/wp\/v2\/product_cat?post=188701"},{"taxonomy":"product_tag","embeddable":true,"href":"https:\/\/insektenliebe.com\/it\/wp-json\/wp\/v2\/product_tag?post=188701"},{"taxonomy":"lce-checkout-addons","embeddable":true,"href":"https:\/\/insektenliebe.com\/it\/wp-json\/wp\/v2\/lce-checkout-addons?post=188701"}],"curies":[{"name":"wp","href":"https:\/\/api.w.org\/{rel}","templated":true}]}}