{"id":188695,"date":"2024-06-13T17:10:00","date_gmt":"2024-06-13T15:10:00","guid":{"rendered":"https:\/\/insektenliebe.com\/shop\/produkt\/syngonium-pixie\/"},"modified":"2026-02-27T11:17:38","modified_gmt":"2026-02-27T10:17:38","slug":"syngonium-pixie","status":"publish","type":"product","link":"https:\/\/insektenliebe.com\/it\/shop\/prodotto\/syngonium-pixie\/","title":{"rendered":"Syngonium \"Pixie\""},"content":{"rendered":"<h3><span style=\"color: #99cc33;\">Freschezza e vitalit\u00e0: il Syngonium \"Pixie\" per il tuo terrario<\/span><\/h3>\n<div class=\"group\/conversation-turn relative flex w-full min-w-0 flex-col agent-turn\">\n<div class=\"flex-col gap-1 md:gap-3\">\n<div class=\"flex flex-grow flex-col max-w-full\">\n<div class=\"min-h- text-message flex flex-col items-start whitespace-pre-wrap break-words :mt-5 juice:w-full juice:items-end overflow-x-auto gap-2\" dir=\"auto\" data-message-author-role=\"assistant\" data-message-id=\"622823d4-6ea1-4150-9ef9-019842ccf5a1\">\n<div class=\"flex w-full flex-col gap-1 juice:empty:hidden juice:first:pt-\">\n<div class=\"markdown prose w-full break-words dark:prose-invert light\">\n<p class=\"p1\"><span class=\"s1\">Il <strong>Syngonium \"Pixie\"<\/strong> \u00e8 una piccola pianta tropicale che si trova a suo agio nel terrario. Apporta un colore verde fresco e brillante alla vasca e ha un aspetto ordinato e pulito. Inoltre, rimane compatta. Proprio per questo \u00e8 perfetta per i nano terrari, le vasche di riproduzione e le vasche da esposizione in cui si vuole sfruttare al meglio ogni centimetro.   <\/span><\/p>\n<p class=\"p1\"><span class=\"s1\">Le foglie hanno la tipica forma del syngonium. Sembrano a forma di freccia e sono vicine tra loro. In questo modo danno subito l&#8217;impressione di un cespuglio. Allo stesso tempo, la pianta forma una bella copertura nella parte bassa o centrale del terreno. Questo aiuta gli animali, poich\u00e9 molte specie si sentono pi\u00f9 sicure quando hanno una copertura visiva. I ragni saltatori amano correre sulle foglie e le mantidi amano sedersi su un terreno pi\u00f9 alto. Anche le cocciniglie e le code di primavera utilizzano l&#8217;area sottostante perch\u00e9 il microclima \u00e8 pi\u00f9 tranquillo.      <\/span><\/p>\n<p class=\"p1\"><span class=\"s1\">Il <strong>Syngonium \"Pixie\"<\/strong> ama il caldo e la leggera umidit\u00e0. Ama l&#8217;umidit\u00e0 elevata, ma ha bisogno di movimento d&#8217;aria. Per questo motivo funziona particolarmente bene in ambienti tropicali con una buona ventilazione. \u00c8 meglio annaffiare con parsimonia e mantenere il substrato solo leggermente umido. In questo modo le radici si mantengono sane e la pianta cresce in modo stabile. Bisogna evitare i ristagni d&#8217;acqua, altrimenti le radici soffriranno e la crescita ristagner\u00e0.     <\/span><\/p>\n<p class=\"p1\"><span class=\"s1\">Puoi posizionare il <strong>Syngonium \"Pixie\"<\/strong> in modo molto flessibile. Posizionalo ai bordi se vuoi creare una transizione delicata tra il paesaggio e il substrato. Oppure posizionalo davanti a una radice per dare un aspetto pi\u00f9 naturale alla scena. Si armonizza bene con i muschi e ha un aspetto particolarmente fresco accanto al sughero e al legno. Aiuta anche il clima, poich\u00e9 le sue foglie trattengono l&#8217;umidit\u00e0 e la rilasciano lentamente.    <\/span><\/p>\n<p class=\"p1\"><span class=\"s1\">Se diventa troppo grande, basta tagliarlo. Germoglier\u00e0 di nuovo e rimarr\u00e0 formosa. In questo modo avrai una pianta che si adatta alla tua disposizione. <strong>Il Syngonium \"Pixie\"<\/strong> \u00e8 quindi una scelta sicura se sei alla ricerca di una pianta da terrario compatta che abbia un aspetto gradevole e non sia complicata.  <\/span><\/p>\n<p class=\"p1\"><span class=\"s1\">Se vuoi, posso realizzare una seconda variante <\/span><span class=\"s2\">una seconda versione<\/span><span class=\"s1\">: tono ancora pi\u00f9 hobbistico, ancora pi\u00f9 emotivo, ma sempre pulito dal punto di vista SEO.<\/span><\/p>\n<\/div>\n<\/div>\n<\/div>\n<\/div>\n<\/div>\n<\/div>\n","protected":false},"excerpt":{"rendered":"<p>Freschezza e vitalit\u00e0: il Syngonium \"Pixie\" per il tuo terrario Il Syngonium \"Pixie\" \u00e8 una piccola pianta tropicale che si trova a suo agio nel terrario. Apporta un colore verde fresco e brillante alla vasca e ha un aspetto ordinato e pulito. Inoltre, rimane compatta. Proprio per questo \u00e8 perfetta per i nano terrari, le [&hellip;]<\/p>\n","protected":false},"featured_media":188696,"template":"","meta":{"_acf_changed":false},"product-supplier":[],"product_brand":[],"product_cat":[3181],"product_tag":[],"lce-checkout-addons":[2746],"class_list":{"0":"post-188695","1":"product","2":"type-product","3":"status-publish","4":"has-post-thumbnail","6":"product_cat-piante-da-terrario","7":"product_shipping_class-equipment-shipping","8":"pa_herkunft-el-salvador","9":"pa_herkunft-guatemala","10":"lce-checkout-addons-imballaggio-invernale","12":"first","13":"outofstock","14":"taxable","15":"shipping-taxable","16":"purchasable","17":"product-type-simple"},"acf":[],"yoast_head":"<!-- This site is optimized with the Yoast SEO plugin v27.3 - https:\/\/yoast.com\/product\/yoast-seo-wordpress\/ -->\n<title>Syngonium &quot;Pixie&quot; - Insektenliebe<\/title>\n<meta name=\"description\" content=\"Syngonium &quot;Pixie&quot; - pianta da terrario compatta e facile da curare, con foglie verde chiaro. Ideale per allestimenti tropicali e vasche di piccole dimensioni.\" \/>\n<meta name=\"robots\" content=\"index, follow, max-snippet:-1, max-image-preview:large, max-video-preview:-1\" \/>\n<link rel=\"canonical\" href=\"https:\/\/insektenliebe.com\/it\/shop\/prodotto\/syngonium-pixie\/\" \/>\n<meta property=\"og:locale\" content=\"it_IT\" \/>\n<meta property=\"og:type\" content=\"article\" \/>\n<meta property=\"og:title\" content=\"Syngonium &quot;Pixie&quot; - Insektenliebe\" \/>\n<meta property=\"og:description\" content=\"Syngonium &quot;Pixie&quot; - pianta da terrario compatta e facile da curare, con foglie verde chiaro. Ideale per allestimenti tropicali e vasche di piccole dimensioni.\" \/>\n<meta property=\"og:url\" content=\"https:\/\/insektenliebe.com\/it\/shop\/prodotto\/syngonium-pixie\/\" \/>\n<meta property=\"og:site_name\" content=\"Insektenliebe\" \/>\n<meta property=\"article:modified_time\" content=\"2026-02-27T10:17:38+00:00\" \/>\n<meta property=\"og:image\" content=\"https:\/\/insektenliebe.com\/wp-content\/uploads\/2025\/05\/Syngonium-22Pixie22-1-2.jpg\" \/>\n\t<meta property=\"og:image:width\" content=\"820\" \/>\n\t<meta property=\"og:image:height\" content=\"820\" \/>\n\t<meta property=\"og:image:type\" content=\"image\/jpeg\" \/>\n<meta name=\"twitter:card\" content=\"summary_large_image\" \/>\n<meta name=\"twitter:label1\" content=\"Tempo di lettura stimato\" \/>\n\t<meta name=\"twitter:data1\" content=\"2 minuto\" \/>\n<script type=\"application\/ld+json\" class=\"yoast-schema-graph\">{\"@context\":\"https:\\\/\\\/schema.org\",\"@graph\":[{\"@type\":\"WebPage\",\"@id\":\"https:\\\/\\\/insektenliebe.com\\\/it\\\/shop\\\/prodotto\\\/syngonium-pixie\\\/\",\"url\":\"https:\\\/\\\/insektenliebe.com\\\/it\\\/shop\\\/prodotto\\\/syngonium-pixie\\\/\",\"name\":\"Syngonium \\\"Pixie\\\" - Insektenliebe\",\"isPartOf\":{\"@id\":\"https:\\\/\\\/insektenliebe.com\\\/it\\\/#website\"},\"primaryImageOfPage\":{\"@id\":\"https:\\\/\\\/insektenliebe.com\\\/it\\\/shop\\\/prodotto\\\/syngonium-pixie\\\/#primaryimage\"},\"image\":{\"@id\":\"https:\\\/\\\/insektenliebe.com\\\/it\\\/shop\\\/prodotto\\\/syngonium-pixie\\\/#primaryimage\"},\"thumbnailUrl\":\"https:\\\/\\\/insektenliebe.com\\\/wp-content\\\/uploads\\\/2025\\\/05\\\/Syngonium-22Pixie22-1-2.jpg\",\"datePublished\":\"2024-06-13T15:10:00+00:00\",\"dateModified\":\"2026-02-27T10:17:38+00:00\",\"description\":\"Syngonium \\\"Pixie\\\" - pianta da terrario compatta e facile da curare, con foglie verde chiaro. Ideale per allestimenti tropicali e vasche di piccole dimensioni.\",\"breadcrumb\":{\"@id\":\"https:\\\/\\\/insektenliebe.com\\\/it\\\/shop\\\/prodotto\\\/syngonium-pixie\\\/#breadcrumb\"},\"inLanguage\":\"it-IT\",\"potentialAction\":[{\"@type\":\"ReadAction\",\"target\":[\"https:\\\/\\\/insektenliebe.com\\\/it\\\/shop\\\/prodotto\\\/syngonium-pixie\\\/\"]}]},{\"@type\":\"ImageObject\",\"inLanguage\":\"it-IT\",\"@id\":\"https:\\\/\\\/insektenliebe.com\\\/it\\\/shop\\\/prodotto\\\/syngonium-pixie\\\/#primaryimage\",\"url\":\"https:\\\/\\\/insektenliebe.com\\\/wp-content\\\/uploads\\\/2025\\\/05\\\/Syngonium-22Pixie22-1-2.jpg\",\"contentUrl\":\"https:\\\/\\\/insektenliebe.com\\\/wp-content\\\/uploads\\\/2025\\\/05\\\/Syngonium-22Pixie22-1-2.jpg\",\"width\":820,\"height\":820,\"caption\":\"Syngonium-22Pixie22-1-2.jpg\"},{\"@type\":\"BreadcrumbList\",\"@id\":\"https:\\\/\\\/insektenliebe.com\\\/it\\\/shop\\\/prodotto\\\/syngonium-pixie\\\/#breadcrumb\",\"itemListElement\":[{\"@type\":\"ListItem\",\"position\":1,\"name\":\"Startseite\",\"item\":\"https:\\\/\\\/insektenliebe.com\\\/it\\\/\"},{\"@type\":\"ListItem\",\"position\":2,\"name\":\"Negozio\",\"item\":\"https:\\\/\\\/insektenliebe.com\\\/it\\\/negozio\\\/\"},{\"@type\":\"ListItem\",\"position\":3,\"name\":\"Syngonium &#8221;Pixie&#8221;\"}]},{\"@type\":\"WebSite\",\"@id\":\"https:\\\/\\\/insektenliebe.com\\\/it\\\/#website\",\"url\":\"https:\\\/\\\/insektenliebe.com\\\/it\\\/\",\"name\":\"Insektenliebe\",\"description\":\"Dein Zuhause f\u00fcr die kleinen Lebewesen\",\"publisher\":{\"@id\":\"https:\\\/\\\/insektenliebe.com\\\/it\\\/#organization\"},\"potentialAction\":[{\"@type\":\"SearchAction\",\"target\":{\"@type\":\"EntryPoint\",\"urlTemplate\":\"https:\\\/\\\/insektenliebe.com\\\/it\\\/?s={search_term_string}\"},\"query-input\":{\"@type\":\"PropertyValueSpecification\",\"valueRequired\":true,\"valueName\":\"search_term_string\"}}],\"inLanguage\":\"it-IT\"},{\"@type\":\"Organization\",\"@id\":\"https:\\\/\\\/insektenliebe.com\\\/it\\\/#organization\",\"name\":\"Insektenliebe\",\"url\":\"https:\\\/\\\/insektenliebe.com\\\/it\\\/\",\"logo\":{\"@type\":\"ImageObject\",\"inLanguage\":\"it-IT\",\"@id\":\"https:\\\/\\\/insektenliebe.com\\\/it\\\/#\\\/schema\\\/logo\\\/image\\\/\",\"url\":\"https:\\\/\\\/insektenliebe.com\\\/wp-content\\\/uploads\\\/2025\\\/03\\\/logo-white.png\",\"contentUrl\":\"https:\\\/\\\/insektenliebe.com\\\/wp-content\\\/uploads\\\/2025\\\/03\\\/logo-white.png\",\"width\":288,\"height\":188,\"caption\":\"Insektenliebe\"},\"image\":{\"@id\":\"https:\\\/\\\/insektenliebe.com\\\/it\\\/#\\\/schema\\\/logo\\\/image\\\/\"}}]}<\/script>\n<!-- \/ Yoast SEO plugin. -->","yoast_head_json":{"title":"Syngonium \"Pixie\" - Insektenliebe","description":"Syngonium \"Pixie\" - pianta da terrario compatta e facile da curare, con foglie verde chiaro. Ideale per allestimenti tropicali e vasche di piccole dimensioni.","robots":{"index":"index","follow":"follow","max-snippet":"max-snippet:-1","max-image-preview":"max-image-preview:large","max-video-preview":"max-video-preview:-1"},"canonical":"https:\/\/insektenliebe.com\/it\/shop\/prodotto\/syngonium-pixie\/","og_locale":"it_IT","og_type":"article","og_title":"Syngonium \"Pixie\" - Insektenliebe","og_description":"Syngonium \"Pixie\" - pianta da terrario compatta e facile da curare, con foglie verde chiaro. Ideale per allestimenti tropicali e vasche di piccole dimensioni.","og_url":"https:\/\/insektenliebe.com\/it\/shop\/prodotto\/syngonium-pixie\/","og_site_name":"Insektenliebe","article_modified_time":"2026-02-27T10:17:38+00:00","og_image":[{"width":820,"height":820,"url":"https:\/\/insektenliebe.com\/wp-content\/uploads\/2025\/05\/Syngonium-22Pixie22-1-2.jpg","type":"image\/jpeg"}],"twitter_card":"summary_large_image","twitter_misc":{"Tempo di lettura stimato":"2 minuto"},"schema":{"@context":"https:\/\/schema.org","@graph":[{"@type":"WebPage","@id":"https:\/\/insektenliebe.com\/it\/shop\/prodotto\/syngonium-pixie\/","url":"https:\/\/insektenliebe.com\/it\/shop\/prodotto\/syngonium-pixie\/","name":"Syngonium \"Pixie\" - Insektenliebe","isPartOf":{"@id":"https:\/\/insektenliebe.com\/it\/#website"},"primaryImageOfPage":{"@id":"https:\/\/insektenliebe.com\/it\/shop\/prodotto\/syngonium-pixie\/#primaryimage"},"image":{"@id":"https:\/\/insektenliebe.com\/it\/shop\/prodotto\/syngonium-pixie\/#primaryimage"},"thumbnailUrl":"https:\/\/insektenliebe.com\/wp-content\/uploads\/2025\/05\/Syngonium-22Pixie22-1-2.jpg","datePublished":"2024-06-13T15:10:00+00:00","dateModified":"2026-02-27T10:17:38+00:00","description":"Syngonium \"Pixie\" - pianta da terrario compatta e facile da curare, con foglie verde chiaro. Ideale per allestimenti tropicali e vasche di piccole dimensioni.","breadcrumb":{"@id":"https:\/\/insektenliebe.com\/it\/shop\/prodotto\/syngonium-pixie\/#breadcrumb"},"inLanguage":"it-IT","potentialAction":[{"@type":"ReadAction","target":["https:\/\/insektenliebe.com\/it\/shop\/prodotto\/syngonium-pixie\/"]}]},{"@type":"ImageObject","inLanguage":"it-IT","@id":"https:\/\/insektenliebe.com\/it\/shop\/prodotto\/syngonium-pixie\/#primaryimage","url":"https:\/\/insektenliebe.com\/wp-content\/uploads\/2025\/05\/Syngonium-22Pixie22-1-2.jpg","contentUrl":"https:\/\/insektenliebe.com\/wp-content\/uploads\/2025\/05\/Syngonium-22Pixie22-1-2.jpg","width":820,"height":820,"caption":"Syngonium-22Pixie22-1-2.jpg"},{"@type":"BreadcrumbList","@id":"https:\/\/insektenliebe.com\/it\/shop\/prodotto\/syngonium-pixie\/#breadcrumb","itemListElement":[{"@type":"ListItem","position":1,"name":"Startseite","item":"https:\/\/insektenliebe.com\/it\/"},{"@type":"ListItem","position":2,"name":"Negozio","item":"https:\/\/insektenliebe.com\/it\/negozio\/"},{"@type":"ListItem","position":3,"name":"Syngonium &#8221;Pixie&#8221;"}]},{"@type":"WebSite","@id":"https:\/\/insektenliebe.com\/it\/#website","url":"https:\/\/insektenliebe.com\/it\/","name":"Insektenliebe","description":"Dein Zuhause f\u00fcr die kleinen Lebewesen","publisher":{"@id":"https:\/\/insektenliebe.com\/it\/#organization"},"potentialAction":[{"@type":"SearchAction","target":{"@type":"EntryPoint","urlTemplate":"https:\/\/insektenliebe.com\/it\/?s={search_term_string}"},"query-input":{"@type":"PropertyValueSpecification","valueRequired":true,"valueName":"search_term_string"}}],"inLanguage":"it-IT"},{"@type":"Organization","@id":"https:\/\/insektenliebe.com\/it\/#organization","name":"Insektenliebe","url":"https:\/\/insektenliebe.com\/it\/","logo":{"@type":"ImageObject","inLanguage":"it-IT","@id":"https:\/\/insektenliebe.com\/it\/#\/schema\/logo\/image\/","url":"https:\/\/insektenliebe.com\/wp-content\/uploads\/2025\/03\/logo-white.png","contentUrl":"https:\/\/insektenliebe.com\/wp-content\/uploads\/2025\/03\/logo-white.png","width":288,"height":188,"caption":"Insektenliebe"},"image":{"@id":"https:\/\/insektenliebe.com\/it\/#\/schema\/logo\/image\/"}}]}},"_links":{"self":[{"href":"https:\/\/insektenliebe.com\/it\/wp-json\/wp\/v2\/product\/188695","targetHints":{"allow":["GET"]}}],"collection":[{"href":"https:\/\/insektenliebe.com\/it\/wp-json\/wp\/v2\/product"}],"about":[{"href":"https:\/\/insektenliebe.com\/it\/wp-json\/wp\/v2\/types\/product"}],"wp:featuredmedia":[{"embeddable":true,"href":"https:\/\/insektenliebe.com\/it\/wp-json\/wp\/v2\/media\/188696"}],"wp:attachment":[{"href":"https:\/\/insektenliebe.com\/it\/wp-json\/wp\/v2\/media?parent=188695"}],"wp:term":[{"taxonomy":"product-supplier","embeddable":true,"href":"https:\/\/insektenliebe.com\/it\/wp-json\/wp\/v2\/product-supplier?post=188695"},{"taxonomy":"product_brand","embeddable":true,"href":"https:\/\/insektenliebe.com\/it\/wp-json\/wp\/v2\/product_brand?post=188695"},{"taxonomy":"product_cat","embeddable":true,"href":"https:\/\/insektenliebe.com\/it\/wp-json\/wp\/v2\/product_cat?post=188695"},{"taxonomy":"product_tag","embeddable":true,"href":"https:\/\/insektenliebe.com\/it\/wp-json\/wp\/v2\/product_tag?post=188695"},{"taxonomy":"lce-checkout-addons","embeddable":true,"href":"https:\/\/insektenliebe.com\/it\/wp-json\/wp\/v2\/lce-checkout-addons?post=188695"}],"curies":[{"name":"wp","href":"https:\/\/api.w.org\/{rel}","templated":true}]}}