{"id":188694,"date":"2024-07-05T13:02:47","date_gmt":"2024-07-05T11:02:47","guid":{"rendered":"https:\/\/insektenliebe.com\/shop\/produkt\/ophistreptus-guineensis-millepiedi-del-cioccolato\/"},"modified":"2024-07-05T13:02:47","modified_gmt":"2024-07-05T11:02:47","slug":"ophistreptus-guineensis-millepiedi-del-cioccolato","status":"publish","type":"product","link":"https:\/\/insektenliebe.com\/it\/shop\/prodotto\/ophistreptus-guineensis-millepiedi-del-cioccolato\/","title":{"rendered":"Ophistreptus guineensis \"millepiedi del cioccolato"},"content":{"rendered":"<h3><span style=\"color: #99cc33\">Scopri l&#8217;Ophistreptus guineensis: un gigante delle savane aride dell&#8217;Africa<\/span><\/h3>\n<p>L<strong>&#8216;Ophistreptus guineensis \"millepiedi cioccolato\"<\/strong> \u00e8 originario delle dinamiche savane secche della Nigeria e del Ghana, un habitat noto per le sue distinte stagioni secche e piovose. Con una lunghezza impressionante che pu\u00f2 raggiungere i 26 centimetri e la sua sorprendente colorazione simile al cioccolato al latte, il millepiedi cioccolato attira l&#8217;attenzione di tutti gli appassionati di terrari. <\/p>\n<p>Nonostante la sua predilezione per le condizioni di umidit\u00e0, l&#8217;<strong>Ophistreptus guineensis \"millepiedi del cioccolato\"<\/strong> \u00e8 sorprendentemente adattabile a periodi meno acquosi. Nel suo ambiente naturale si nutre principalmente di foglie e legno in decomposizione, anche se non disdegna di consumare occasionalmente frutta. Questo millepiedi \u00e8 noto per il suo comportamento pacifico e gentile ed \u00e8 considerato completamente innocuo per l&#8217;uomo. Con cure adeguate e amorevoli, il millepiedi cioccolato pu\u00f2 raggiungere una durata di vita fino a sette anni in cattivit\u00e0.   <\/p>\n<p>Per tenere l&#8217;<strong>Ophistreptus guineensis \"millepiedi del cioccolato\"<\/strong> in modo adeguato alla specie, \u00e8 necessario un terrario adeguatamente grande che simuli l&#8217;elevata umidit\u00e0 del loro habitat naturale. L&#8217;umidit\u00e0 dovrebbe essere del 70-75% durante il giorno e del 90-100% durante la notte. <\/p>\n<p class=\"p1\">Come substrato consigliamo uno strato superiore di foglie di cibo per regolare in modo ottimale l&#8217;umidit\u00e0 del terrario e creare allo stesso tempo numerosi nascondigli naturali. Inoltre, \u00e8 opportuno offrire del legno marcio bianco sulla superficie per incoraggiare il comportamento naturale del millepiedi cioccolato e fornirgli ulteriori opzioni di alimentazione. <\/p>\n<p>Il design del terrario dovrebbe anche includere varie opzioni di arrampicata, poich\u00e9 <strong>gli Ophistreptus guineensis \"millepiedi del cioccolato\"<\/strong> amano esplorare l&#8217;ambiente circostante. Tuttavia, bisogna sempre assicurarsi che gli arredi siano stabili e in grado di sopportare il peso degli animali. Controllare regolarmente le condizioni del terrario, in particolare i livelli di umidit\u00e0, \u00e8 essenziale per garantire un microclima sano al millepiedi del cioccolato.  <\/p>\n<p>L<strong>&#8216;Ophistreptus guineensis \"millepiedi cioccolato\"<\/strong> non \u00e8 solo un arricchimento per qualsiasi terrario grazie alle sue dimensioni e al suo aspetto, ma anche un interessante animale domestico grazie alla sua cura semplice e alla sua lunga durata. Questo millepiedi offre l&#8217;affascinante opportunit\u00e0 di portare un pezzo di fauna africana a casa tua e offre interessanti opportunit\u00e0 di osservazione per grandi e piccini. <\/p>\n","protected":false},"excerpt":{"rendered":"<p>Scopri l&#8217;Ophistreptus guineensis: un gigante delle savane aride dell&#8217;Africa L&#8216;Ophistreptus guineensis \"millepiedi cioccolato\" \u00e8 originario delle dinamiche savane secche della Nigeria e del Ghana, un habitat noto per le sue distinte stagioni secche e piovose. Con una lunghezza impressionante che pu\u00f2 raggiungere i 26 centimetri e la sua sorprendente colorazione simile al cioccolato al latte, [&hellip;]<\/p>\n","protected":false},"featured_media":186200,"template":"","meta":{"_acf_changed":false},"product-supplier":[],"product_brand":[],"product_cat":[2870],"product_tag":[],"lce-checkout-addons":[2746],"class_list":{"0":"post-188694","1":"product","2":"type-product","3":"status-publish","4":"has-post-thumbnail","6":"product_cat-millipede","7":"product_shipping_class-spedizione-di-animali","8":"pa_geschlecht-donna","9":"pa_geschlecht-indeterminato","10":"pa_geschlecht-uomo","11":"pa_herkunft-nigeria","12":"pa_kontinent-africa","13":"lce-checkout-addons-imballaggio-invernale","15":"first","16":"instock","17":"sale","18":"taxable","19":"shipping-taxable","20":"purchasable","21":"product-type-variable"},"acf":[],"yoast_head":"<!-- This site is optimized with the Yoast SEO plugin v27.3 - https:\/\/yoast.com\/product\/yoast-seo-wordpress\/ -->\n<title>Ophistreptus guineensis &quot;millepiedi del cioccolato - Insektenliebe<\/title>\n<meta name=\"description\" content=\"Acquista l&#039;Ophistreptus guineensis a basso costo direttamente online. Scopri come curare al meglio il millepiedi cioccolato e come tenerlo in un terrario adatto alla specie.\" \/>\n<meta name=\"robots\" content=\"index, follow, max-snippet:-1, max-image-preview:large, max-video-preview:-1\" \/>\n<link rel=\"canonical\" href=\"https:\/\/insektenliebe.com\/it\/shop\/prodotto\/ophistreptus-guineensis-millepiedi-del-cioccolato\/\" \/>\n<meta property=\"og:locale\" content=\"it_IT\" \/>\n<meta property=\"og:type\" content=\"article\" \/>\n<meta property=\"og:title\" content=\"Ophistreptus guineensis &quot;millepiedi del cioccolato - Insektenliebe\" \/>\n<meta property=\"og:description\" content=\"Acquista l&#039;Ophistreptus guineensis a basso costo direttamente online. Scopri come curare al meglio il millepiedi cioccolato e come tenerlo in un terrario adatto alla specie.\" \/>\n<meta property=\"og:url\" content=\"https:\/\/insektenliebe.com\/it\/shop\/prodotto\/ophistreptus-guineensis-millepiedi-del-cioccolato\/\" \/>\n<meta property=\"og:site_name\" content=\"Insektenliebe\" \/>\n<meta property=\"og:image\" content=\"https:\/\/insektenliebe.com\/wp-content\/uploads\/2025\/05\/Ophistreptus-guineensis-22Schokotausendfuesser22-1-2.jpg\" \/>\n\t<meta property=\"og:image:width\" content=\"820\" \/>\n\t<meta property=\"og:image:height\" content=\"820\" \/>\n\t<meta property=\"og:image:type\" content=\"image\/jpeg\" \/>\n<meta name=\"twitter:card\" content=\"summary_large_image\" \/>\n<meta name=\"twitter:label1\" content=\"Tempo di lettura stimato\" \/>\n\t<meta name=\"twitter:data1\" content=\"2 minuto\" \/>\n<script type=\"application\/ld+json\" class=\"yoast-schema-graph\">{\"@context\":\"https:\\\/\\\/schema.org\",\"@graph\":[{\"@type\":\"WebPage\",\"@id\":\"https:\\\/\\\/insektenliebe.com\\\/it\\\/shop\\\/prodotto\\\/ophistreptus-guineensis-millepiedi-del-cioccolato\\\/\",\"url\":\"https:\\\/\\\/insektenliebe.com\\\/it\\\/shop\\\/prodotto\\\/ophistreptus-guineensis-millepiedi-del-cioccolato\\\/\",\"name\":\"Ophistreptus guineensis \\\"millepiedi del cioccolato - Insektenliebe\",\"isPartOf\":{\"@id\":\"https:\\\/\\\/insektenliebe.com\\\/it\\\/#website\"},\"primaryImageOfPage\":{\"@id\":\"https:\\\/\\\/insektenliebe.com\\\/it\\\/shop\\\/prodotto\\\/ophistreptus-guineensis-millepiedi-del-cioccolato\\\/#primaryimage\"},\"image\":{\"@id\":\"https:\\\/\\\/insektenliebe.com\\\/it\\\/shop\\\/prodotto\\\/ophistreptus-guineensis-millepiedi-del-cioccolato\\\/#primaryimage\"},\"thumbnailUrl\":\"https:\\\/\\\/insektenliebe.com\\\/wp-content\\\/uploads\\\/2025\\\/05\\\/Ophistreptus-guineensis-22Schokotausendfuesser22-1-2.jpg\",\"datePublished\":\"2024-07-05T11:02:47+00:00\",\"description\":\"Acquista l'Ophistreptus guineensis a basso costo direttamente online. Scopri come curare al meglio il millepiedi cioccolato e come tenerlo in un terrario adatto alla specie.\",\"breadcrumb\":{\"@id\":\"https:\\\/\\\/insektenliebe.com\\\/it\\\/shop\\\/prodotto\\\/ophistreptus-guineensis-millepiedi-del-cioccolato\\\/#breadcrumb\"},\"inLanguage\":\"it-IT\",\"potentialAction\":[{\"@type\":\"ReadAction\",\"target\":[\"https:\\\/\\\/insektenliebe.com\\\/it\\\/shop\\\/prodotto\\\/ophistreptus-guineensis-millepiedi-del-cioccolato\\\/\"]}]},{\"@type\":\"ImageObject\",\"inLanguage\":\"it-IT\",\"@id\":\"https:\\\/\\\/insektenliebe.com\\\/it\\\/shop\\\/prodotto\\\/ophistreptus-guineensis-millepiedi-del-cioccolato\\\/#primaryimage\",\"url\":\"https:\\\/\\\/insektenliebe.com\\\/wp-content\\\/uploads\\\/2025\\\/05\\\/Ophistreptus-guineensis-22Schokotausendfuesser22-1-2.jpg\",\"contentUrl\":\"https:\\\/\\\/insektenliebe.com\\\/wp-content\\\/uploads\\\/2025\\\/05\\\/Ophistreptus-guineensis-22Schokotausendfuesser22-1-2.jpg\",\"width\":820,\"height\":820,\"caption\":\"Ophistreptus-guineensis \\\"millepiedi del cioccolato\"},{\"@type\":\"BreadcrumbList\",\"@id\":\"https:\\\/\\\/insektenliebe.com\\\/it\\\/shop\\\/prodotto\\\/ophistreptus-guineensis-millepiedi-del-cioccolato\\\/#breadcrumb\",\"itemListElement\":[{\"@type\":\"ListItem\",\"position\":1,\"name\":\"Startseite\",\"item\":\"https:\\\/\\\/insektenliebe.com\\\/it\\\/\"},{\"@type\":\"ListItem\",\"position\":2,\"name\":\"Negozio\",\"item\":\"https:\\\/\\\/insektenliebe.com\\\/it\\\/negozio\\\/\"},{\"@type\":\"ListItem\",\"position\":3,\"name\":\"Ophistreptus guineensis &#8220;millepiedi del cioccolato\"}]},{\"@type\":\"WebSite\",\"@id\":\"https:\\\/\\\/insektenliebe.com\\\/it\\\/#website\",\"url\":\"https:\\\/\\\/insektenliebe.com\\\/it\\\/\",\"name\":\"Insektenliebe\",\"description\":\"Dein Zuhause f\u00fcr die kleinen Lebewesen\",\"publisher\":{\"@id\":\"https:\\\/\\\/insektenliebe.com\\\/it\\\/#organization\"},\"potentialAction\":[{\"@type\":\"SearchAction\",\"target\":{\"@type\":\"EntryPoint\",\"urlTemplate\":\"https:\\\/\\\/insektenliebe.com\\\/it\\\/?s={search_term_string}\"},\"query-input\":{\"@type\":\"PropertyValueSpecification\",\"valueRequired\":true,\"valueName\":\"search_term_string\"}}],\"inLanguage\":\"it-IT\"},{\"@type\":\"Organization\",\"@id\":\"https:\\\/\\\/insektenliebe.com\\\/it\\\/#organization\",\"name\":\"Insektenliebe\",\"url\":\"https:\\\/\\\/insektenliebe.com\\\/it\\\/\",\"logo\":{\"@type\":\"ImageObject\",\"inLanguage\":\"it-IT\",\"@id\":\"https:\\\/\\\/insektenliebe.com\\\/it\\\/#\\\/schema\\\/logo\\\/image\\\/\",\"url\":\"https:\\\/\\\/insektenliebe.com\\\/wp-content\\\/uploads\\\/2025\\\/03\\\/logo-white.png\",\"contentUrl\":\"https:\\\/\\\/insektenliebe.com\\\/wp-content\\\/uploads\\\/2025\\\/03\\\/logo-white.png\",\"width\":288,\"height\":188,\"caption\":\"Insektenliebe\"},\"image\":{\"@id\":\"https:\\\/\\\/insektenliebe.com\\\/it\\\/#\\\/schema\\\/logo\\\/image\\\/\"}}]}<\/script>\n<!-- \/ Yoast SEO plugin. -->","yoast_head_json":{"title":"Ophistreptus guineensis \"millepiedi del cioccolato - Insektenliebe","description":"Acquista l'Ophistreptus guineensis a basso costo direttamente online. Scopri come curare al meglio il millepiedi cioccolato e come tenerlo in un terrario adatto alla specie.","robots":{"index":"index","follow":"follow","max-snippet":"max-snippet:-1","max-image-preview":"max-image-preview:large","max-video-preview":"max-video-preview:-1"},"canonical":"https:\/\/insektenliebe.com\/it\/shop\/prodotto\/ophistreptus-guineensis-millepiedi-del-cioccolato\/","og_locale":"it_IT","og_type":"article","og_title":"Ophistreptus guineensis \"millepiedi del cioccolato - Insektenliebe","og_description":"Acquista l'Ophistreptus guineensis a basso costo direttamente online. Scopri come curare al meglio il millepiedi cioccolato e come tenerlo in un terrario adatto alla specie.","og_url":"https:\/\/insektenliebe.com\/it\/shop\/prodotto\/ophistreptus-guineensis-millepiedi-del-cioccolato\/","og_site_name":"Insektenliebe","og_image":[{"width":820,"height":820,"url":"https:\/\/insektenliebe.com\/wp-content\/uploads\/2025\/05\/Ophistreptus-guineensis-22Schokotausendfuesser22-1-2.jpg","type":"image\/jpeg"}],"twitter_card":"summary_large_image","twitter_misc":{"Tempo di lettura stimato":"2 minuto"},"schema":{"@context":"https:\/\/schema.org","@graph":[{"@type":"WebPage","@id":"https:\/\/insektenliebe.com\/it\/shop\/prodotto\/ophistreptus-guineensis-millepiedi-del-cioccolato\/","url":"https:\/\/insektenliebe.com\/it\/shop\/prodotto\/ophistreptus-guineensis-millepiedi-del-cioccolato\/","name":"Ophistreptus guineensis \"millepiedi del cioccolato - Insektenliebe","isPartOf":{"@id":"https:\/\/insektenliebe.com\/it\/#website"},"primaryImageOfPage":{"@id":"https:\/\/insektenliebe.com\/it\/shop\/prodotto\/ophistreptus-guineensis-millepiedi-del-cioccolato\/#primaryimage"},"image":{"@id":"https:\/\/insektenliebe.com\/it\/shop\/prodotto\/ophistreptus-guineensis-millepiedi-del-cioccolato\/#primaryimage"},"thumbnailUrl":"https:\/\/insektenliebe.com\/wp-content\/uploads\/2025\/05\/Ophistreptus-guineensis-22Schokotausendfuesser22-1-2.jpg","datePublished":"2024-07-05T11:02:47+00:00","description":"Acquista l'Ophistreptus guineensis a basso costo direttamente online. Scopri come curare al meglio il millepiedi cioccolato e come tenerlo in un terrario adatto alla specie.","breadcrumb":{"@id":"https:\/\/insektenliebe.com\/it\/shop\/prodotto\/ophistreptus-guineensis-millepiedi-del-cioccolato\/#breadcrumb"},"inLanguage":"it-IT","potentialAction":[{"@type":"ReadAction","target":["https:\/\/insektenliebe.com\/it\/shop\/prodotto\/ophistreptus-guineensis-millepiedi-del-cioccolato\/"]}]},{"@type":"ImageObject","inLanguage":"it-IT","@id":"https:\/\/insektenliebe.com\/it\/shop\/prodotto\/ophistreptus-guineensis-millepiedi-del-cioccolato\/#primaryimage","url":"https:\/\/insektenliebe.com\/wp-content\/uploads\/2025\/05\/Ophistreptus-guineensis-22Schokotausendfuesser22-1-2.jpg","contentUrl":"https:\/\/insektenliebe.com\/wp-content\/uploads\/2025\/05\/Ophistreptus-guineensis-22Schokotausendfuesser22-1-2.jpg","width":820,"height":820,"caption":"Ophistreptus-guineensis \"millepiedi del cioccolato"},{"@type":"BreadcrumbList","@id":"https:\/\/insektenliebe.com\/it\/shop\/prodotto\/ophistreptus-guineensis-millepiedi-del-cioccolato\/#breadcrumb","itemListElement":[{"@type":"ListItem","position":1,"name":"Startseite","item":"https:\/\/insektenliebe.com\/it\/"},{"@type":"ListItem","position":2,"name":"Negozio","item":"https:\/\/insektenliebe.com\/it\/negozio\/"},{"@type":"ListItem","position":3,"name":"Ophistreptus guineensis &#8220;millepiedi del cioccolato"}]},{"@type":"WebSite","@id":"https:\/\/insektenliebe.com\/it\/#website","url":"https:\/\/insektenliebe.com\/it\/","name":"Insektenliebe","description":"Dein Zuhause f\u00fcr die kleinen Lebewesen","publisher":{"@id":"https:\/\/insektenliebe.com\/it\/#organization"},"potentialAction":[{"@type":"SearchAction","target":{"@type":"EntryPoint","urlTemplate":"https:\/\/insektenliebe.com\/it\/?s={search_term_string}"},"query-input":{"@type":"PropertyValueSpecification","valueRequired":true,"valueName":"search_term_string"}}],"inLanguage":"it-IT"},{"@type":"Organization","@id":"https:\/\/insektenliebe.com\/it\/#organization","name":"Insektenliebe","url":"https:\/\/insektenliebe.com\/it\/","logo":{"@type":"ImageObject","inLanguage":"it-IT","@id":"https:\/\/insektenliebe.com\/it\/#\/schema\/logo\/image\/","url":"https:\/\/insektenliebe.com\/wp-content\/uploads\/2025\/03\/logo-white.png","contentUrl":"https:\/\/insektenliebe.com\/wp-content\/uploads\/2025\/03\/logo-white.png","width":288,"height":188,"caption":"Insektenliebe"},"image":{"@id":"https:\/\/insektenliebe.com\/it\/#\/schema\/logo\/image\/"}}]}},"_links":{"self":[{"href":"https:\/\/insektenliebe.com\/it\/wp-json\/wp\/v2\/product\/188694","targetHints":{"allow":["GET"]}}],"collection":[{"href":"https:\/\/insektenliebe.com\/it\/wp-json\/wp\/v2\/product"}],"about":[{"href":"https:\/\/insektenliebe.com\/it\/wp-json\/wp\/v2\/types\/product"}],"wp:featuredmedia":[{"embeddable":true,"href":"https:\/\/insektenliebe.com\/it\/wp-json\/wp\/v2\/media\/186200"}],"wp:attachment":[{"href":"https:\/\/insektenliebe.com\/it\/wp-json\/wp\/v2\/media?parent=188694"}],"wp:term":[{"taxonomy":"product-supplier","embeddable":true,"href":"https:\/\/insektenliebe.com\/it\/wp-json\/wp\/v2\/product-supplier?post=188694"},{"taxonomy":"product_brand","embeddable":true,"href":"https:\/\/insektenliebe.com\/it\/wp-json\/wp\/v2\/product_brand?post=188694"},{"taxonomy":"product_cat","embeddable":true,"href":"https:\/\/insektenliebe.com\/it\/wp-json\/wp\/v2\/product_cat?post=188694"},{"taxonomy":"product_tag","embeddable":true,"href":"https:\/\/insektenliebe.com\/it\/wp-json\/wp\/v2\/product_tag?post=188694"},{"taxonomy":"lce-checkout-addons","embeddable":true,"href":"https:\/\/insektenliebe.com\/it\/wp-json\/wp\/v2\/lce-checkout-addons?post=188694"}],"curies":[{"name":"wp","href":"https:\/\/api.w.org\/{rel}","templated":true}]}}