{"id":188682,"date":"2024-06-14T11:29:54","date_gmt":"2024-06-14T09:29:54","guid":{"rendered":"https:\/\/insektenliebe.com\/shop\/produkt\/xenobolus-carnifex\/"},"modified":"2024-06-14T11:29:54","modified_gmt":"2024-06-14T09:29:54","slug":"xenobolus-carnifex","status":"publish","type":"product","link":"https:\/\/insektenliebe.com\/it\/shop\/prodotto\/xenobolus-carnifex\/","title":{"rendered":"Xenobolus carnifex"},"content":{"rendered":"<h3><span style=\"color: #99cc33\">Un&#8217;attrazione vivente: lo Xenobolus carnifex ti delizier\u00e0 nel tuo terrario<\/span><\/h3>\n<p class=\"p1\">Lo <b>Xenobolus carnifex<\/b> \u00e8 un affascinante millepiedi che rappresenta un&#8217;aggiunta accattivante e interessante a qualsiasi terrario. Con il suo corpo rosso e nero e le zampe rosso vivo, attira immediatamente l&#8217;attenzione e aggiunge un tocco esotico a qualsiasi terrario. <\/p>\n<p class=\"p1\">Lo <b>Xenobolus carnifex<\/b> \u00e8 originario delle regioni umide e tropicali dell&#8217;Asia meridionale e sudorientale. Queste aree sono caratterizzate da dense foreste pluviali che offrono un&#8217;elevata umidit\u00e0 e temperature calde. Il terreno \u00e8 spesso ricoperto da uno spesso strato di foglie, piante in decomposizione e legno, creando le condizioni ideali per questo millepiedi. La vegetazione di queste regioni \u00e8 rigogliosa e varia, con alberi alti, un fitto sottobosco e una variet\u00e0 di specie vegetali. Ruscelli e fiumi attraversano spesso queste foreste e contribuiscono all&#8217;umidit\u00e0 costante. In questo habitat naturale, lo <b>Xenobolus carnifex<\/b> trova cibo e nascondigli in abbondanza, il che favorisce la sua capacit\u00e0 di sopravvivenza.     <\/p>\n<p class=\"p1\">Richiede inoltre un&#8217;elevata umidit\u00e0 nel terrario e sufficienti nascondigli, come pezzi di corteccia o cuscini di muschio umidi. \u00c8 un millepiedi terrestre che spesso si nasconde durante il giorno e diventa attivo al crepuscolo o di notte. <\/p>\n<p class=\"p1\">Lo <b>Xenobolus carnifex<\/b> non \u00e8 solo uno spettacolo impressionante, ma anche un animale domestico semplice. Si nutre principalmente di fogliame e legno bianco marcio, ma mangia volentieri anche verdure come carote, cetrioli o zucchine, il che rende la sua dieta varia e semplice. Grazie alla sua preferenza per questi alimenti, contribuisce attivamente alla decomposizione dei materiali organici, favorendo cos\u00ec la salute e la pulizia del terrario.  <\/p>\n<p class=\"p1\">Lo <b>Xenobolus carnifex<\/b> non \u00e8 solo un interessante richiamo visivo, ma anche un utile abitante che favorisce il microclima del terrario. Con la sua colorazione unica e il suo comportamento interessante, arricchisce ogni terrario tropicale e offre un&#8217;emozionante esperienza di osservazione. <\/p>\n","protected":false},"excerpt":{"rendered":"<p>Un&#8217;attrazione vivente: lo Xenobolus carnifex ti delizier\u00e0 nel tuo terrario Lo Xenobolus carnifex \u00e8 un affascinante millepiedi che rappresenta un&#8217;aggiunta accattivante e interessante a qualsiasi terrario. Con il suo corpo rosso e nero e le zampe rosso vivo, attira immediatamente l&#8217;attenzione e aggiunge un tocco esotico a qualsiasi terrario. Lo Xenobolus carnifex \u00e8 originario delle [&hellip;]<\/p>\n","protected":false},"featured_media":188683,"template":"","meta":{"_acf_changed":false},"product-supplier":[],"product_brand":[],"product_cat":[2870],"product_tag":[],"lce-checkout-addons":[2746],"class_list":{"0":"post-188682","1":"product","2":"type-product","3":"status-publish","4":"has-post-thumbnail","6":"product_cat-millipede","7":"product_shipping_class-spedizione-di-animali","8":"pa_herkunft-sri-lanka","9":"pa_kontinent-asia","10":"lce-checkout-addons-imballaggio-invernale","12":"first","13":"instock","14":"taxable","15":"shipping-taxable","16":"purchasable","17":"product-type-simple"},"acf":[],"yoast_head":"<!-- This site is optimized with the Yoast SEO plugin v27.3 - https:\/\/yoast.com\/product\/yoast-seo-wordpress\/ -->\n<title>Xenobolus carnifex - Insektenliebe<\/title>\n<meta name=\"description\" content=\"Acquista online il bellissimo Xenobolus carnifex. Offriamo esemplari allevati in cattivit\u00e0 di questa fantastica specie di pinnipede a bande. Acquista direttamente dall&#039;allevatore.\" \/>\n<meta name=\"robots\" content=\"index, follow, max-snippet:-1, max-image-preview:large, max-video-preview:-1\" \/>\n<link rel=\"canonical\" href=\"https:\/\/insektenliebe.com\/it\/shop\/prodotto\/xenobolus-carnifex\/\" \/>\n<meta property=\"og:locale\" content=\"it_IT\" \/>\n<meta property=\"og:type\" content=\"article\" \/>\n<meta property=\"og:title\" content=\"Xenobolus carnifex - Insektenliebe\" \/>\n<meta property=\"og:description\" content=\"Acquista online il bellissimo Xenobolus carnifex. Offriamo esemplari allevati in cattivit\u00e0 di questa fantastica specie di pinnipede a bande. Acquista direttamente dall&#039;allevatore.\" \/>\n<meta property=\"og:url\" content=\"https:\/\/insektenliebe.com\/it\/shop\/prodotto\/xenobolus-carnifex\/\" \/>\n<meta property=\"og:site_name\" content=\"Insektenliebe\" \/>\n<meta property=\"og:image\" content=\"https:\/\/insektenliebe.com\/wp-content\/uploads\/2025\/05\/Xenobolus-carnifex-2.jpg\" \/>\n\t<meta property=\"og:image:width\" content=\"820\" \/>\n\t<meta property=\"og:image:height\" content=\"820\" \/>\n\t<meta property=\"og:image:type\" content=\"image\/jpeg\" \/>\n<meta name=\"twitter:card\" content=\"summary_large_image\" \/>\n<meta name=\"twitter:label1\" content=\"Tempo di lettura stimato\" \/>\n\t<meta name=\"twitter:data1\" content=\"1 minuto\" \/>\n<script type=\"application\/ld+json\" class=\"yoast-schema-graph\">{\"@context\":\"https:\\\/\\\/schema.org\",\"@graph\":[{\"@type\":\"WebPage\",\"@id\":\"https:\\\/\\\/insektenliebe.com\\\/it\\\/shop\\\/prodotto\\\/xenobolus-carnifex\\\/\",\"url\":\"https:\\\/\\\/insektenliebe.com\\\/it\\\/shop\\\/prodotto\\\/xenobolus-carnifex\\\/\",\"name\":\"Xenobolus carnifex - Insektenliebe\",\"isPartOf\":{\"@id\":\"https:\\\/\\\/insektenliebe.com\\\/it\\\/#website\"},\"primaryImageOfPage\":{\"@id\":\"https:\\\/\\\/insektenliebe.com\\\/it\\\/shop\\\/prodotto\\\/xenobolus-carnifex\\\/#primaryimage\"},\"image\":{\"@id\":\"https:\\\/\\\/insektenliebe.com\\\/it\\\/shop\\\/prodotto\\\/xenobolus-carnifex\\\/#primaryimage\"},\"thumbnailUrl\":\"https:\\\/\\\/insektenliebe.com\\\/wp-content\\\/uploads\\\/2025\\\/05\\\/Xenobolus-carnifex-2.jpg\",\"datePublished\":\"2024-06-14T09:29:54+00:00\",\"description\":\"Acquista online il bellissimo Xenobolus carnifex. Offriamo esemplari allevati in cattivit\u00e0 di questa fantastica specie di pinnipede a bande. Acquista direttamente dall'allevatore.\",\"breadcrumb\":{\"@id\":\"https:\\\/\\\/insektenliebe.com\\\/it\\\/shop\\\/prodotto\\\/xenobolus-carnifex\\\/#breadcrumb\"},\"inLanguage\":\"it-IT\",\"potentialAction\":[{\"@type\":\"ReadAction\",\"target\":[\"https:\\\/\\\/insektenliebe.com\\\/it\\\/shop\\\/prodotto\\\/xenobolus-carnifex\\\/\"]}]},{\"@type\":\"ImageObject\",\"inLanguage\":\"it-IT\",\"@id\":\"https:\\\/\\\/insektenliebe.com\\\/it\\\/shop\\\/prodotto\\\/xenobolus-carnifex\\\/#primaryimage\",\"url\":\"https:\\\/\\\/insektenliebe.com\\\/wp-content\\\/uploads\\\/2025\\\/05\\\/Xenobolus-carnifex-2.jpg\",\"contentUrl\":\"https:\\\/\\\/insektenliebe.com\\\/wp-content\\\/uploads\\\/2025\\\/05\\\/Xenobolus-carnifex-2.jpg\",\"width\":820,\"height\":820,\"caption\":\"Xenobolus-carnifex-2.jpg\"},{\"@type\":\"BreadcrumbList\",\"@id\":\"https:\\\/\\\/insektenliebe.com\\\/it\\\/shop\\\/prodotto\\\/xenobolus-carnifex\\\/#breadcrumb\",\"itemListElement\":[{\"@type\":\"ListItem\",\"position\":1,\"name\":\"Startseite\",\"item\":\"https:\\\/\\\/insektenliebe.com\\\/it\\\/\"},{\"@type\":\"ListItem\",\"position\":2,\"name\":\"Negozio\",\"item\":\"https:\\\/\\\/insektenliebe.com\\\/it\\\/negozio\\\/\"},{\"@type\":\"ListItem\",\"position\":3,\"name\":\"Xenobolus carnifex\"}]},{\"@type\":\"WebSite\",\"@id\":\"https:\\\/\\\/insektenliebe.com\\\/it\\\/#website\",\"url\":\"https:\\\/\\\/insektenliebe.com\\\/it\\\/\",\"name\":\"Insektenliebe\",\"description\":\"Dein Zuhause f\u00fcr die kleinen Lebewesen\",\"publisher\":{\"@id\":\"https:\\\/\\\/insektenliebe.com\\\/it\\\/#organization\"},\"potentialAction\":[{\"@type\":\"SearchAction\",\"target\":{\"@type\":\"EntryPoint\",\"urlTemplate\":\"https:\\\/\\\/insektenliebe.com\\\/it\\\/?s={search_term_string}\"},\"query-input\":{\"@type\":\"PropertyValueSpecification\",\"valueRequired\":true,\"valueName\":\"search_term_string\"}}],\"inLanguage\":\"it-IT\"},{\"@type\":\"Organization\",\"@id\":\"https:\\\/\\\/insektenliebe.com\\\/it\\\/#organization\",\"name\":\"Insektenliebe\",\"url\":\"https:\\\/\\\/insektenliebe.com\\\/it\\\/\",\"logo\":{\"@type\":\"ImageObject\",\"inLanguage\":\"it-IT\",\"@id\":\"https:\\\/\\\/insektenliebe.com\\\/it\\\/#\\\/schema\\\/logo\\\/image\\\/\",\"url\":\"https:\\\/\\\/insektenliebe.com\\\/wp-content\\\/uploads\\\/2025\\\/03\\\/logo-white.png\",\"contentUrl\":\"https:\\\/\\\/insektenliebe.com\\\/wp-content\\\/uploads\\\/2025\\\/03\\\/logo-white.png\",\"width\":288,\"height\":188,\"caption\":\"Insektenliebe\"},\"image\":{\"@id\":\"https:\\\/\\\/insektenliebe.com\\\/it\\\/#\\\/schema\\\/logo\\\/image\\\/\"}}]}<\/script>\n<!-- \/ Yoast SEO plugin. -->","yoast_head_json":{"title":"Xenobolus carnifex - Insektenliebe","description":"Acquista online il bellissimo Xenobolus carnifex. Offriamo esemplari allevati in cattivit\u00e0 di questa fantastica specie di pinnipede a bande. Acquista direttamente dall'allevatore.","robots":{"index":"index","follow":"follow","max-snippet":"max-snippet:-1","max-image-preview":"max-image-preview:large","max-video-preview":"max-video-preview:-1"},"canonical":"https:\/\/insektenliebe.com\/it\/shop\/prodotto\/xenobolus-carnifex\/","og_locale":"it_IT","og_type":"article","og_title":"Xenobolus carnifex - Insektenliebe","og_description":"Acquista online il bellissimo Xenobolus carnifex. Offriamo esemplari allevati in cattivit\u00e0 di questa fantastica specie di pinnipede a bande. Acquista direttamente dall'allevatore.","og_url":"https:\/\/insektenliebe.com\/it\/shop\/prodotto\/xenobolus-carnifex\/","og_site_name":"Insektenliebe","og_image":[{"width":820,"height":820,"url":"https:\/\/insektenliebe.com\/wp-content\/uploads\/2025\/05\/Xenobolus-carnifex-2.jpg","type":"image\/jpeg"}],"twitter_card":"summary_large_image","twitter_misc":{"Tempo di lettura stimato":"1 minuto"},"schema":{"@context":"https:\/\/schema.org","@graph":[{"@type":"WebPage","@id":"https:\/\/insektenliebe.com\/it\/shop\/prodotto\/xenobolus-carnifex\/","url":"https:\/\/insektenliebe.com\/it\/shop\/prodotto\/xenobolus-carnifex\/","name":"Xenobolus carnifex - Insektenliebe","isPartOf":{"@id":"https:\/\/insektenliebe.com\/it\/#website"},"primaryImageOfPage":{"@id":"https:\/\/insektenliebe.com\/it\/shop\/prodotto\/xenobolus-carnifex\/#primaryimage"},"image":{"@id":"https:\/\/insektenliebe.com\/it\/shop\/prodotto\/xenobolus-carnifex\/#primaryimage"},"thumbnailUrl":"https:\/\/insektenliebe.com\/wp-content\/uploads\/2025\/05\/Xenobolus-carnifex-2.jpg","datePublished":"2024-06-14T09:29:54+00:00","description":"Acquista online il bellissimo Xenobolus carnifex. Offriamo esemplari allevati in cattivit\u00e0 di questa fantastica specie di pinnipede a bande. Acquista direttamente dall'allevatore.","breadcrumb":{"@id":"https:\/\/insektenliebe.com\/it\/shop\/prodotto\/xenobolus-carnifex\/#breadcrumb"},"inLanguage":"it-IT","potentialAction":[{"@type":"ReadAction","target":["https:\/\/insektenliebe.com\/it\/shop\/prodotto\/xenobolus-carnifex\/"]}]},{"@type":"ImageObject","inLanguage":"it-IT","@id":"https:\/\/insektenliebe.com\/it\/shop\/prodotto\/xenobolus-carnifex\/#primaryimage","url":"https:\/\/insektenliebe.com\/wp-content\/uploads\/2025\/05\/Xenobolus-carnifex-2.jpg","contentUrl":"https:\/\/insektenliebe.com\/wp-content\/uploads\/2025\/05\/Xenobolus-carnifex-2.jpg","width":820,"height":820,"caption":"Xenobolus-carnifex-2.jpg"},{"@type":"BreadcrumbList","@id":"https:\/\/insektenliebe.com\/it\/shop\/prodotto\/xenobolus-carnifex\/#breadcrumb","itemListElement":[{"@type":"ListItem","position":1,"name":"Startseite","item":"https:\/\/insektenliebe.com\/it\/"},{"@type":"ListItem","position":2,"name":"Negozio","item":"https:\/\/insektenliebe.com\/it\/negozio\/"},{"@type":"ListItem","position":3,"name":"Xenobolus carnifex"}]},{"@type":"WebSite","@id":"https:\/\/insektenliebe.com\/it\/#website","url":"https:\/\/insektenliebe.com\/it\/","name":"Insektenliebe","description":"Dein Zuhause f\u00fcr die kleinen Lebewesen","publisher":{"@id":"https:\/\/insektenliebe.com\/it\/#organization"},"potentialAction":[{"@type":"SearchAction","target":{"@type":"EntryPoint","urlTemplate":"https:\/\/insektenliebe.com\/it\/?s={search_term_string}"},"query-input":{"@type":"PropertyValueSpecification","valueRequired":true,"valueName":"search_term_string"}}],"inLanguage":"it-IT"},{"@type":"Organization","@id":"https:\/\/insektenliebe.com\/it\/#organization","name":"Insektenliebe","url":"https:\/\/insektenliebe.com\/it\/","logo":{"@type":"ImageObject","inLanguage":"it-IT","@id":"https:\/\/insektenliebe.com\/it\/#\/schema\/logo\/image\/","url":"https:\/\/insektenliebe.com\/wp-content\/uploads\/2025\/03\/logo-white.png","contentUrl":"https:\/\/insektenliebe.com\/wp-content\/uploads\/2025\/03\/logo-white.png","width":288,"height":188,"caption":"Insektenliebe"},"image":{"@id":"https:\/\/insektenliebe.com\/it\/#\/schema\/logo\/image\/"}}]}},"_links":{"self":[{"href":"https:\/\/insektenliebe.com\/it\/wp-json\/wp\/v2\/product\/188682","targetHints":{"allow":["GET"]}}],"collection":[{"href":"https:\/\/insektenliebe.com\/it\/wp-json\/wp\/v2\/product"}],"about":[{"href":"https:\/\/insektenliebe.com\/it\/wp-json\/wp\/v2\/types\/product"}],"wp:featuredmedia":[{"embeddable":true,"href":"https:\/\/insektenliebe.com\/it\/wp-json\/wp\/v2\/media\/188683"}],"wp:attachment":[{"href":"https:\/\/insektenliebe.com\/it\/wp-json\/wp\/v2\/media?parent=188682"}],"wp:term":[{"taxonomy":"product-supplier","embeddable":true,"href":"https:\/\/insektenliebe.com\/it\/wp-json\/wp\/v2\/product-supplier?post=188682"},{"taxonomy":"product_brand","embeddable":true,"href":"https:\/\/insektenliebe.com\/it\/wp-json\/wp\/v2\/product_brand?post=188682"},{"taxonomy":"product_cat","embeddable":true,"href":"https:\/\/insektenliebe.com\/it\/wp-json\/wp\/v2\/product_cat?post=188682"},{"taxonomy":"product_tag","embeddable":true,"href":"https:\/\/insektenliebe.com\/it\/wp-json\/wp\/v2\/product_tag?post=188682"},{"taxonomy":"lce-checkout-addons","embeddable":true,"href":"https:\/\/insektenliebe.com\/it\/wp-json\/wp\/v2\/lce-checkout-addons?post=188682"}],"curies":[{"name":"wp","href":"https:\/\/api.w.org\/{rel}","templated":true}]}}