{"id":188642,"date":"2024-06-15T12:55:55","date_gmt":"2024-06-15T10:55:55","guid":{"rendered":"https:\/\/insektenliebe.com\/shop\/produkt\/ramoscelli-di-muschio\/"},"modified":"2026-02-27T11:48:21","modified_gmt":"2026-02-27T10:48:21","slug":"ramoscelli-di-muschio","status":"publish","type":"product","link":"https:\/\/insektenliebe.com\/it\/shop\/prodotto\/ramoscelli-di-muschio\/","title":{"rendered":"Ramoscelli di muschio"},"content":{"rendered":"<h3><span style=\"color: #99cc33;\">Rami di muschio: pi\u00f9 che una semplice decorazione, una delizia naturale per i tuoi animali domestici<\/span><\/h3>\n<div class=\"group\/conversation-turn relative flex w-full min-w-0 flex-col agent-turn\">\n<div class=\"flex-col gap-1 md:gap-3\">\n<div class=\"flex flex-grow flex-col max-w-full\">\n<div class=\"min-h- text-message flex flex-col items-start whitespace-pre-wrap break-words :mt-5 juice:w-full juice:items-end overflow-x-auto gap-2\" dir=\"auto\" data-message-author-role=\"assistant\" data-message-id=\"f8d6133e-8812-424a-b16e-40c713a26e76\">\n<div class=\"flex w-full flex-col gap-1 juice:empty:hidden juice:first:pt-\">\n<div class=\"markdown prose w-full break-words dark:prose-invert light\">\n<p class=\"p1\"><span class=\"s1\">I <strong>rami di muschio<\/strong> conferiscono immediatamente un&#8217;atmosfera da foresta naturale al tuo terrario. I rami sottili supportano la crescita di muschio autentico, che d\u00e0 profondit\u00e0 e struttura al tuo allestimento. In questo modo si crea un&#8217;impressione vivace e organica senza dover ricorrere a elementi artificiali. Ogni ramo \u00e8 unico, poich\u00e9 la forma, la ramificazione e la distribuzione del muschio variano leggermente.   <\/span><\/p>\n<p class=\"p1\"><span class=\"s1\">I <strong>rami di muschio<\/strong> sono particolarmente efficaci nei terrari tropicali o umidi. Completano armoniosamente i layout delle piante e creano morbide transizioni tra il substrato, le radici e lo sfondo. Allo stesso tempo, hanno un aspetto pi\u00f9 naturale rispetto alle strutture puramente in legno, poich\u00e9 il muschio apporta ulteriori sfumature di colore alla vasca. In questo modo si crea un&#8217;impressione generale armoniosa.   <\/span><\/p>\n<p class=\"p1\"><span class=\"s1\">Puoi utilizzare i <strong>rami di muschio<\/strong> in modo flessibile. Posizionali lungo le radici, integrali in strutture rampicanti o posizionali come accento nel centro del terreno. Nei paludari, creano un aspetto particolarmente realistico di una riva o di una foresta. Anche nei terrari pi\u00f9 piccoli creano accenti forti senza appesantire la pianta.   <\/span><\/p>\n<p class=\"p1\"><span class=\"s1\">La struttura fine della superficie fornisce un ulteriore supporto alle specie rampicanti. Allo stesso tempo, si creano piccole zone d&#8217;ombra e nascondigli. Questo rende le piante non solo visivamente pi\u00f9 varie, ma anche pi\u00f9 funzionali. In un ambiente umido, il muschio rimane attraente per molto tempo, mentre mantiene un carattere pi\u00f9 decorativo quando viene tenuto asciutto.   <\/span><\/p>\n<p class=\"p1\"><span class=\"s1\">I <strong>rami di muschio<\/strong> possono essere combinati bene con la pietra del drago, la pietra lavica o altri materiali naturali. Soprattutto se abbinati a piante rampicanti o a piante a foglia piccola, creano una scena naturale da giungla. Puoi facilmente tagliarli o modificarli a seconda delle esigenze per integrarli perfettamente nel tuo layout.  <\/span><\/p>\n<p class=\"p1\"><span class=\"s1\">Se vuoi migliorare il tuo terrario non solo dal punto di vista funzionale ma anche visivo, usa i <strong>rami di muschio<\/strong> come elemento decorativo. Combinano struttura, naturalezza e carattere e conferiscono a ogni allestimento un aspetto autentico e boschivo. <\/span><\/p>\n<\/div>\n<\/div>\n<\/div>\n<\/div>\n<\/div>\n<\/div>\n","protected":false},"excerpt":{"rendered":"<p>Rami di muschio: pi\u00f9 che una semplice decorazione, una delizia naturale per i tuoi animali domestici I rami di muschio conferiscono immediatamente un&#8217;atmosfera da foresta naturale al tuo terrario. I rami sottili supportano la crescita di muschio autentico, che d\u00e0 profondit\u00e0 e struttura al tuo allestimento. In questo modo si crea un&#8217;impressione vivace e organica [&hellip;]<\/p>\n","protected":false},"featured_media":188643,"template":"","meta":{"_acf_changed":false},"product-supplier":[],"product_brand":[],"product_cat":[2740,2815],"product_tag":[],"lce-checkout-addons":[],"class_list":{"0":"post-188642","1":"product","2":"type-product","3":"status-publish","4":"has-post-thumbnail","6":"product_cat-arredamento-e-decorazione","7":"product_cat-cibo-e-calcio","8":"product_shipping_class-equipment-shipping","10":"first","11":"instock","12":"taxable","13":"shipping-taxable","14":"purchasable","15":"product-type-simple"},"acf":[],"yoast_head":"<!-- This site is optimized with the Yoast SEO plugin v27.3 - https:\/\/yoast.com\/product\/yoast-seo-wordpress\/ -->\n<title>Ramoscelli di muschio - Insektenliebe<\/title>\n<meta name=\"description\" content=\"Ramoscelli di muschio - ramoscelli decorativi naturali con crescita di muschio. Ideali per terrari, paludari e allestimenti naturali con effetto profondit\u00e0.\" \/>\n<meta name=\"robots\" content=\"index, follow, max-snippet:-1, max-image-preview:large, max-video-preview:-1\" \/>\n<link rel=\"canonical\" href=\"https:\/\/insektenliebe.com\/it\/shop\/prodotto\/ramoscelli-di-muschio\/\" \/>\n<meta property=\"og:locale\" content=\"it_IT\" \/>\n<meta property=\"og:type\" content=\"article\" \/>\n<meta property=\"og:title\" content=\"Ramoscelli di muschio - Insektenliebe\" \/>\n<meta property=\"og:description\" content=\"Ramoscelli di muschio - ramoscelli decorativi naturali con crescita di muschio. Ideali per terrari, paludari e allestimenti naturali con effetto profondit\u00e0.\" \/>\n<meta property=\"og:url\" content=\"https:\/\/insektenliebe.com\/it\/shop\/prodotto\/ramoscelli-di-muschio\/\" \/>\n<meta property=\"og:site_name\" content=\"Insektenliebe\" \/>\n<meta property=\"article:modified_time\" content=\"2026-02-27T10:48:21+00:00\" \/>\n<meta property=\"og:image\" content=\"https:\/\/insektenliebe.com\/wp-content\/uploads\/2025\/05\/Mooszweige-mehrere-Zweige-1-2.jpg\" \/>\n\t<meta property=\"og:image:width\" content=\"820\" \/>\n\t<meta property=\"og:image:height\" content=\"820\" \/>\n\t<meta property=\"og:image:type\" content=\"image\/jpeg\" \/>\n<meta name=\"twitter:card\" content=\"summary_large_image\" \/>\n<meta name=\"twitter:label1\" content=\"Tempo di lettura stimato\" \/>\n\t<meta name=\"twitter:data1\" content=\"2 minuto\" \/>\n<script type=\"application\/ld+json\" class=\"yoast-schema-graph\">{\"@context\":\"https:\\\/\\\/schema.org\",\"@graph\":[{\"@type\":\"WebPage\",\"@id\":\"https:\\\/\\\/insektenliebe.com\\\/it\\\/shop\\\/prodotto\\\/ramoscelli-di-muschio\\\/\",\"url\":\"https:\\\/\\\/insektenliebe.com\\\/it\\\/shop\\\/prodotto\\\/ramoscelli-di-muschio\\\/\",\"name\":\"Ramoscelli di muschio - Insektenliebe\",\"isPartOf\":{\"@id\":\"https:\\\/\\\/insektenliebe.com\\\/it\\\/#website\"},\"primaryImageOfPage\":{\"@id\":\"https:\\\/\\\/insektenliebe.com\\\/it\\\/shop\\\/prodotto\\\/ramoscelli-di-muschio\\\/#primaryimage\"},\"image\":{\"@id\":\"https:\\\/\\\/insektenliebe.com\\\/it\\\/shop\\\/prodotto\\\/ramoscelli-di-muschio\\\/#primaryimage\"},\"thumbnailUrl\":\"https:\\\/\\\/insektenliebe.com\\\/wp-content\\\/uploads\\\/2025\\\/05\\\/Mooszweige-mehrere-Zweige-1-2.jpg\",\"datePublished\":\"2024-06-15T10:55:55+00:00\",\"dateModified\":\"2026-02-27T10:48:21+00:00\",\"description\":\"Ramoscelli di muschio - ramoscelli decorativi naturali con crescita di muschio. Ideali per terrari, paludari e allestimenti naturali con effetto profondit\u00e0.\",\"breadcrumb\":{\"@id\":\"https:\\\/\\\/insektenliebe.com\\\/it\\\/shop\\\/prodotto\\\/ramoscelli-di-muschio\\\/#breadcrumb\"},\"inLanguage\":\"it-IT\",\"potentialAction\":[{\"@type\":\"ReadAction\",\"target\":[\"https:\\\/\\\/insektenliebe.com\\\/it\\\/shop\\\/prodotto\\\/ramoscelli-di-muschio\\\/\"]}]},{\"@type\":\"ImageObject\",\"inLanguage\":\"it-IT\",\"@id\":\"https:\\\/\\\/insektenliebe.com\\\/it\\\/shop\\\/prodotto\\\/ramoscelli-di-muschio\\\/#primaryimage\",\"url\":\"https:\\\/\\\/insektenliebe.com\\\/wp-content\\\/uploads\\\/2025\\\/05\\\/Mooszweige-mehrere-Zweige-1-2.jpg\",\"contentUrl\":\"https:\\\/\\\/insektenliebe.com\\\/wp-content\\\/uploads\\\/2025\\\/05\\\/Mooszweige-mehrere-Zweige-1-2.jpg\",\"width\":820,\"height\":820,\"caption\":\"Muschio-branchi-severo-rami-1-2.jpg\"},{\"@type\":\"BreadcrumbList\",\"@id\":\"https:\\\/\\\/insektenliebe.com\\\/it\\\/shop\\\/prodotto\\\/ramoscelli-di-muschio\\\/#breadcrumb\",\"itemListElement\":[{\"@type\":\"ListItem\",\"position\":1,\"name\":\"Startseite\",\"item\":\"https:\\\/\\\/insektenliebe.com\\\/it\\\/\"},{\"@type\":\"ListItem\",\"position\":2,\"name\":\"Negozio\",\"item\":\"https:\\\/\\\/insektenliebe.com\\\/it\\\/negozio\\\/\"},{\"@type\":\"ListItem\",\"position\":3,\"name\":\"Ramoscelli di muschio\"}]},{\"@type\":\"WebSite\",\"@id\":\"https:\\\/\\\/insektenliebe.com\\\/it\\\/#website\",\"url\":\"https:\\\/\\\/insektenliebe.com\\\/it\\\/\",\"name\":\"Insektenliebe\",\"description\":\"Dein Zuhause f\u00fcr die kleinen Lebewesen\",\"publisher\":{\"@id\":\"https:\\\/\\\/insektenliebe.com\\\/it\\\/#organization\"},\"potentialAction\":[{\"@type\":\"SearchAction\",\"target\":{\"@type\":\"EntryPoint\",\"urlTemplate\":\"https:\\\/\\\/insektenliebe.com\\\/it\\\/?s={search_term_string}\"},\"query-input\":{\"@type\":\"PropertyValueSpecification\",\"valueRequired\":true,\"valueName\":\"search_term_string\"}}],\"inLanguage\":\"it-IT\"},{\"@type\":\"Organization\",\"@id\":\"https:\\\/\\\/insektenliebe.com\\\/it\\\/#organization\",\"name\":\"Insektenliebe\",\"url\":\"https:\\\/\\\/insektenliebe.com\\\/it\\\/\",\"logo\":{\"@type\":\"ImageObject\",\"inLanguage\":\"it-IT\",\"@id\":\"https:\\\/\\\/insektenliebe.com\\\/it\\\/#\\\/schema\\\/logo\\\/image\\\/\",\"url\":\"https:\\\/\\\/insektenliebe.com\\\/wp-content\\\/uploads\\\/2025\\\/03\\\/logo-white.png\",\"contentUrl\":\"https:\\\/\\\/insektenliebe.com\\\/wp-content\\\/uploads\\\/2025\\\/03\\\/logo-white.png\",\"width\":288,\"height\":188,\"caption\":\"Insektenliebe\"},\"image\":{\"@id\":\"https:\\\/\\\/insektenliebe.com\\\/it\\\/#\\\/schema\\\/logo\\\/image\\\/\"}}]}<\/script>\n<!-- \/ Yoast SEO plugin. -->","yoast_head_json":{"title":"Ramoscelli di muschio - Insektenliebe","description":"Ramoscelli di muschio - ramoscelli decorativi naturali con crescita di muschio. Ideali per terrari, paludari e allestimenti naturali con effetto profondit\u00e0.","robots":{"index":"index","follow":"follow","max-snippet":"max-snippet:-1","max-image-preview":"max-image-preview:large","max-video-preview":"max-video-preview:-1"},"canonical":"https:\/\/insektenliebe.com\/it\/shop\/prodotto\/ramoscelli-di-muschio\/","og_locale":"it_IT","og_type":"article","og_title":"Ramoscelli di muschio - Insektenliebe","og_description":"Ramoscelli di muschio - ramoscelli decorativi naturali con crescita di muschio. Ideali per terrari, paludari e allestimenti naturali con effetto profondit\u00e0.","og_url":"https:\/\/insektenliebe.com\/it\/shop\/prodotto\/ramoscelli-di-muschio\/","og_site_name":"Insektenliebe","article_modified_time":"2026-02-27T10:48:21+00:00","og_image":[{"width":820,"height":820,"url":"https:\/\/insektenliebe.com\/wp-content\/uploads\/2025\/05\/Mooszweige-mehrere-Zweige-1-2.jpg","type":"image\/jpeg"}],"twitter_card":"summary_large_image","twitter_misc":{"Tempo di lettura stimato":"2 minuto"},"schema":{"@context":"https:\/\/schema.org","@graph":[{"@type":"WebPage","@id":"https:\/\/insektenliebe.com\/it\/shop\/prodotto\/ramoscelli-di-muschio\/","url":"https:\/\/insektenliebe.com\/it\/shop\/prodotto\/ramoscelli-di-muschio\/","name":"Ramoscelli di muschio - Insektenliebe","isPartOf":{"@id":"https:\/\/insektenliebe.com\/it\/#website"},"primaryImageOfPage":{"@id":"https:\/\/insektenliebe.com\/it\/shop\/prodotto\/ramoscelli-di-muschio\/#primaryimage"},"image":{"@id":"https:\/\/insektenliebe.com\/it\/shop\/prodotto\/ramoscelli-di-muschio\/#primaryimage"},"thumbnailUrl":"https:\/\/insektenliebe.com\/wp-content\/uploads\/2025\/05\/Mooszweige-mehrere-Zweige-1-2.jpg","datePublished":"2024-06-15T10:55:55+00:00","dateModified":"2026-02-27T10:48:21+00:00","description":"Ramoscelli di muschio - ramoscelli decorativi naturali con crescita di muschio. Ideali per terrari, paludari e allestimenti naturali con effetto profondit\u00e0.","breadcrumb":{"@id":"https:\/\/insektenliebe.com\/it\/shop\/prodotto\/ramoscelli-di-muschio\/#breadcrumb"},"inLanguage":"it-IT","potentialAction":[{"@type":"ReadAction","target":["https:\/\/insektenliebe.com\/it\/shop\/prodotto\/ramoscelli-di-muschio\/"]}]},{"@type":"ImageObject","inLanguage":"it-IT","@id":"https:\/\/insektenliebe.com\/it\/shop\/prodotto\/ramoscelli-di-muschio\/#primaryimage","url":"https:\/\/insektenliebe.com\/wp-content\/uploads\/2025\/05\/Mooszweige-mehrere-Zweige-1-2.jpg","contentUrl":"https:\/\/insektenliebe.com\/wp-content\/uploads\/2025\/05\/Mooszweige-mehrere-Zweige-1-2.jpg","width":820,"height":820,"caption":"Muschio-branchi-severo-rami-1-2.jpg"},{"@type":"BreadcrumbList","@id":"https:\/\/insektenliebe.com\/it\/shop\/prodotto\/ramoscelli-di-muschio\/#breadcrumb","itemListElement":[{"@type":"ListItem","position":1,"name":"Startseite","item":"https:\/\/insektenliebe.com\/it\/"},{"@type":"ListItem","position":2,"name":"Negozio","item":"https:\/\/insektenliebe.com\/it\/negozio\/"},{"@type":"ListItem","position":3,"name":"Ramoscelli di muschio"}]},{"@type":"WebSite","@id":"https:\/\/insektenliebe.com\/it\/#website","url":"https:\/\/insektenliebe.com\/it\/","name":"Insektenliebe","description":"Dein Zuhause f\u00fcr die kleinen Lebewesen","publisher":{"@id":"https:\/\/insektenliebe.com\/it\/#organization"},"potentialAction":[{"@type":"SearchAction","target":{"@type":"EntryPoint","urlTemplate":"https:\/\/insektenliebe.com\/it\/?s={search_term_string}"},"query-input":{"@type":"PropertyValueSpecification","valueRequired":true,"valueName":"search_term_string"}}],"inLanguage":"it-IT"},{"@type":"Organization","@id":"https:\/\/insektenliebe.com\/it\/#organization","name":"Insektenliebe","url":"https:\/\/insektenliebe.com\/it\/","logo":{"@type":"ImageObject","inLanguage":"it-IT","@id":"https:\/\/insektenliebe.com\/it\/#\/schema\/logo\/image\/","url":"https:\/\/insektenliebe.com\/wp-content\/uploads\/2025\/03\/logo-white.png","contentUrl":"https:\/\/insektenliebe.com\/wp-content\/uploads\/2025\/03\/logo-white.png","width":288,"height":188,"caption":"Insektenliebe"},"image":{"@id":"https:\/\/insektenliebe.com\/it\/#\/schema\/logo\/image\/"}}]}},"_links":{"self":[{"href":"https:\/\/insektenliebe.com\/it\/wp-json\/wp\/v2\/product\/188642","targetHints":{"allow":["GET"]}}],"collection":[{"href":"https:\/\/insektenliebe.com\/it\/wp-json\/wp\/v2\/product"}],"about":[{"href":"https:\/\/insektenliebe.com\/it\/wp-json\/wp\/v2\/types\/product"}],"wp:featuredmedia":[{"embeddable":true,"href":"https:\/\/insektenliebe.com\/it\/wp-json\/wp\/v2\/media\/188643"}],"wp:attachment":[{"href":"https:\/\/insektenliebe.com\/it\/wp-json\/wp\/v2\/media?parent=188642"}],"wp:term":[{"taxonomy":"product-supplier","embeddable":true,"href":"https:\/\/insektenliebe.com\/it\/wp-json\/wp\/v2\/product-supplier?post=188642"},{"taxonomy":"product_brand","embeddable":true,"href":"https:\/\/insektenliebe.com\/it\/wp-json\/wp\/v2\/product_brand?post=188642"},{"taxonomy":"product_cat","embeddable":true,"href":"https:\/\/insektenliebe.com\/it\/wp-json\/wp\/v2\/product_cat?post=188642"},{"taxonomy":"product_tag","embeddable":true,"href":"https:\/\/insektenliebe.com\/it\/wp-json\/wp\/v2\/product_tag?post=188642"},{"taxonomy":"lce-checkout-addons","embeddable":true,"href":"https:\/\/insektenliebe.com\/it\/wp-json\/wp\/v2\/lce-checkout-addons?post=188642"}],"curies":[{"name":"wp","href":"https:\/\/api.w.org\/{rel}","templated":true}]}}