{"id":188600,"date":"2024-09-11T14:20:00","date_gmt":"2024-09-11T12:20:00","guid":{"rendered":"https:\/\/insektenliebe.com\/shop\/produkt\/terfly\/"},"modified":"2024-09-11T14:20:00","modified_gmt":"2024-09-11T12:20:00","slug":"terfly","status":"publish","type":"product","link":"https:\/\/insektenliebe.com\/it\/shop\/prodotto\/terfly\/","title":{"rendered":"Terfly"},"content":{"rendered":"<h3 class=\"p1\"><span style=\"color: #99cc33\"><strong><span class=\"s1\">Terfly - piccolo, agile e ideale per gli animali giovani<\/span><\/strong><\/span><\/h3>\n<p><strong>Le Terflys<\/strong>, note anche come mosche dalle ali tozze o mosche domestiche senza volo, sono una variante appositamente allevata della grande mosca domestica della famiglia Muscidae. Grazie alle loro caratteristiche riproduttive uniche, queste mosche offrono condizioni ideali come animali da cibo nel tuo terrario. <\/p>\n<p class=\"p1\"><span class=\"s1\">Le <strong>Terfly<\/strong> sono sempre <\/span><span class=\"s2\">sempre consegnate in un substrato riproduttivo attivo<\/span><span class=\"s1\">in modo che la coltura possa continuare a svilupparsi anche dopo la spedizione. Il substrato contiene gi\u00e0 numerosi   <\/span><span class=\"s2\">Vermi in crescita<\/span><span class=\"s1\">che si schiuderanno in nuove mosche stub nei giorni successivi. In questo modo la tua coltura rimane sempre produttiva e stabile e fornisce in modo affidabile una nuova riserva di cibo per gli animali, senza alcuno sforzo aggiuntivo. <\/span><\/p>\n<p>Le <strong>Terfly<\/strong> sono caratterizzate dall&#8217;incapacit\u00e0 di volare e da una visione limitata, il che le rende animali da preda ideali. I loro occhi rossastri e le dimensioni del corpo che vanno dai 5 agli 8 mm permettono loro di muoversi attivamente nel terrario senza fuggire. Queste caratteristiche fanno s\u00ec che vengano facilmente cacciate da mantidi, ragni saltatori e altri animali del terrario, il che stimola la naturale pulsione alla preda.  <\/p>\n<p>Un altro vantaggio fondamentale delle <strong>Terfly<\/strong> \u00e8 che hanno poche possibilit\u00e0 di fuggire dal terrario a causa della loro incapacit\u00e0 di volare. Questo le rende un&#8217;opzione di alimentazione sicura e pratica che riduce al minimo il rischio di fuga e facilita l&#8217;alimentazione. <\/p>\n<p>Utilizzando le <strong>Terfly<\/strong> nel tuo terrario, puoi creare un ambiente di caccia pi\u00f9 naturale e attivo per i tuoi animali domestici, con conseguente miglioramento della salute e aumento dell&#8217;attivit\u00e0. Sono particolarmente indicate per nutrire rettili, anfibi e altri insettivori che vengono stimolati dal movimento delle prede. <\/p>\n<p>Usa le <strong>Terfly<\/strong> per fornire agli abitanti del tuo terrario una dieta varia e adatta alla specie, che favorisca la salute fisica e mentale.<\/p>\n","protected":false},"excerpt":{"rendered":"<p>Terfly - piccolo, agile e ideale per gli animali giovani Le Terflys, note anche come mosche dalle ali tozze o mosche domestiche senza volo, sono una variante appositamente allevata della grande mosca domestica della famiglia Muscidae. Grazie alle loro caratteristiche riproduttive uniche, queste mosche offrono condizioni ideali come animali da cibo nel tuo terrario. Le [&hellip;]<\/p>\n","protected":false},"featured_media":188601,"template":"","meta":{"_acf_changed":false},"product-supplier":[],"product_brand":[],"product_cat":[2817],"product_tag":[],"lce-checkout-addons":[],"class_list":{"0":"post-188600","1":"product","2":"type-product","3":"status-publish","4":"has-post-thumbnail","6":"product_cat-animali-da-mangiare","7":"product_shipping_class-equipment-shipping","9":"first","10":"instock","11":"taxable","12":"shipping-taxable","13":"purchasable","14":"product-type-simple"},"acf":[],"yoast_head":"<!-- This site is optimized with the Yoast SEO plugin v27.3 - https:\/\/yoast.com\/product\/yoast-seo-wordpress\/ -->\n<title>Terfly - Insektenliebe<\/title>\n<meta name=\"description\" content=\"Acquista Terfly a basso costo direttamente online! Qui trovi 250 pupe in un barattolo per grilli perforato da 500 ml. Senza volo e ideali per l&#039;alimentazione!\" \/>\n<meta name=\"robots\" content=\"index, follow, max-snippet:-1, max-image-preview:large, max-video-preview:-1\" \/>\n<link rel=\"canonical\" href=\"https:\/\/insektenliebe.com\/it\/shop\/prodotto\/terfly\/\" \/>\n<meta property=\"og:locale\" content=\"it_IT\" \/>\n<meta property=\"og:type\" content=\"article\" \/>\n<meta property=\"og:title\" content=\"Terfly - Insektenliebe\" \/>\n<meta property=\"og:description\" content=\"Acquista Terfly a basso costo direttamente online! Qui trovi 250 pupe in un barattolo per grilli perforato da 500 ml. Senza volo e ideali per l&#039;alimentazione!\" \/>\n<meta property=\"og:url\" content=\"https:\/\/insektenliebe.com\/it\/shop\/prodotto\/terfly\/\" \/>\n<meta property=\"og:site_name\" content=\"Insektenliebe\" \/>\n<meta property=\"og:image\" content=\"https:\/\/insektenliebe.com\/wp-content\/uploads\/2025\/05\/Terfly-2-2.jpg\" \/>\n\t<meta property=\"og:image:width\" content=\"820\" \/>\n\t<meta property=\"og:image:height\" content=\"820\" \/>\n\t<meta property=\"og:image:type\" content=\"image\/jpeg\" \/>\n<meta name=\"twitter:card\" content=\"summary_large_image\" \/>\n<meta name=\"twitter:label1\" content=\"Tempo di lettura stimato\" \/>\n\t<meta name=\"twitter:data1\" content=\"2 minuto\" \/>\n<script type=\"application\/ld+json\" class=\"yoast-schema-graph\">{\"@context\":\"https:\\\/\\\/schema.org\",\"@graph\":[{\"@type\":\"WebPage\",\"@id\":\"https:\\\/\\\/insektenliebe.com\\\/it\\\/shop\\\/prodotto\\\/terfly\\\/\",\"url\":\"https:\\\/\\\/insektenliebe.com\\\/it\\\/shop\\\/prodotto\\\/terfly\\\/\",\"name\":\"Terfly - Insektenliebe\",\"isPartOf\":{\"@id\":\"https:\\\/\\\/insektenliebe.com\\\/it\\\/#website\"},\"primaryImageOfPage\":{\"@id\":\"https:\\\/\\\/insektenliebe.com\\\/it\\\/shop\\\/prodotto\\\/terfly\\\/#primaryimage\"},\"image\":{\"@id\":\"https:\\\/\\\/insektenliebe.com\\\/it\\\/shop\\\/prodotto\\\/terfly\\\/#primaryimage\"},\"thumbnailUrl\":\"https:\\\/\\\/insektenliebe.com\\\/wp-content\\\/uploads\\\/2025\\\/05\\\/Terfly-2-2.jpg\",\"datePublished\":\"2024-09-11T12:20:00+00:00\",\"description\":\"Acquista Terfly a basso costo direttamente online! Qui trovi 250 pupe in un barattolo per grilli perforato da 500 ml. Senza volo e ideali per l'alimentazione!\",\"breadcrumb\":{\"@id\":\"https:\\\/\\\/insektenliebe.com\\\/it\\\/shop\\\/prodotto\\\/terfly\\\/#breadcrumb\"},\"inLanguage\":\"it-IT\",\"potentialAction\":[{\"@type\":\"ReadAction\",\"target\":[\"https:\\\/\\\/insektenliebe.com\\\/it\\\/shop\\\/prodotto\\\/terfly\\\/\"]}]},{\"@type\":\"ImageObject\",\"inLanguage\":\"it-IT\",\"@id\":\"https:\\\/\\\/insektenliebe.com\\\/it\\\/shop\\\/prodotto\\\/terfly\\\/#primaryimage\",\"url\":\"https:\\\/\\\/insektenliebe.com\\\/wp-content\\\/uploads\\\/2025\\\/05\\\/Terfly-2-2.jpg\",\"contentUrl\":\"https:\\\/\\\/insektenliebe.com\\\/wp-content\\\/uploads\\\/2025\\\/05\\\/Terfly-2-2.jpg\",\"width\":820,\"height\":820,\"caption\":\"Terfly-2-2.jpg\"},{\"@type\":\"BreadcrumbList\",\"@id\":\"https:\\\/\\\/insektenliebe.com\\\/it\\\/shop\\\/prodotto\\\/terfly\\\/#breadcrumb\",\"itemListElement\":[{\"@type\":\"ListItem\",\"position\":1,\"name\":\"Startseite\",\"item\":\"https:\\\/\\\/insektenliebe.com\\\/it\\\/\"},{\"@type\":\"ListItem\",\"position\":2,\"name\":\"Negozio\",\"item\":\"https:\\\/\\\/insektenliebe.com\\\/it\\\/negozio\\\/\"},{\"@type\":\"ListItem\",\"position\":3,\"name\":\"Terfly\"}]},{\"@type\":\"WebSite\",\"@id\":\"https:\\\/\\\/insektenliebe.com\\\/it\\\/#website\",\"url\":\"https:\\\/\\\/insektenliebe.com\\\/it\\\/\",\"name\":\"Insektenliebe\",\"description\":\"Dein Zuhause f\u00fcr die kleinen Lebewesen\",\"publisher\":{\"@id\":\"https:\\\/\\\/insektenliebe.com\\\/it\\\/#organization\"},\"potentialAction\":[{\"@type\":\"SearchAction\",\"target\":{\"@type\":\"EntryPoint\",\"urlTemplate\":\"https:\\\/\\\/insektenliebe.com\\\/it\\\/?s={search_term_string}\"},\"query-input\":{\"@type\":\"PropertyValueSpecification\",\"valueRequired\":true,\"valueName\":\"search_term_string\"}}],\"inLanguage\":\"it-IT\"},{\"@type\":\"Organization\",\"@id\":\"https:\\\/\\\/insektenliebe.com\\\/it\\\/#organization\",\"name\":\"Insektenliebe\",\"url\":\"https:\\\/\\\/insektenliebe.com\\\/it\\\/\",\"logo\":{\"@type\":\"ImageObject\",\"inLanguage\":\"it-IT\",\"@id\":\"https:\\\/\\\/insektenliebe.com\\\/it\\\/#\\\/schema\\\/logo\\\/image\\\/\",\"url\":\"https:\\\/\\\/insektenliebe.com\\\/wp-content\\\/uploads\\\/2025\\\/03\\\/logo-white.png\",\"contentUrl\":\"https:\\\/\\\/insektenliebe.com\\\/wp-content\\\/uploads\\\/2025\\\/03\\\/logo-white.png\",\"width\":288,\"height\":188,\"caption\":\"Insektenliebe\"},\"image\":{\"@id\":\"https:\\\/\\\/insektenliebe.com\\\/it\\\/#\\\/schema\\\/logo\\\/image\\\/\"}}]}<\/script>\n<!-- \/ Yoast SEO plugin. -->","yoast_head_json":{"title":"Terfly - Insektenliebe","description":"Acquista Terfly a basso costo direttamente online! Qui trovi 250 pupe in un barattolo per grilli perforato da 500 ml. Senza volo e ideali per l'alimentazione!","robots":{"index":"index","follow":"follow","max-snippet":"max-snippet:-1","max-image-preview":"max-image-preview:large","max-video-preview":"max-video-preview:-1"},"canonical":"https:\/\/insektenliebe.com\/it\/shop\/prodotto\/terfly\/","og_locale":"it_IT","og_type":"article","og_title":"Terfly - Insektenliebe","og_description":"Acquista Terfly a basso costo direttamente online! Qui trovi 250 pupe in un barattolo per grilli perforato da 500 ml. Senza volo e ideali per l'alimentazione!","og_url":"https:\/\/insektenliebe.com\/it\/shop\/prodotto\/terfly\/","og_site_name":"Insektenliebe","og_image":[{"width":820,"height":820,"url":"https:\/\/insektenliebe.com\/wp-content\/uploads\/2025\/05\/Terfly-2-2.jpg","type":"image\/jpeg"}],"twitter_card":"summary_large_image","twitter_misc":{"Tempo di lettura stimato":"2 minuto"},"schema":{"@context":"https:\/\/schema.org","@graph":[{"@type":"WebPage","@id":"https:\/\/insektenliebe.com\/it\/shop\/prodotto\/terfly\/","url":"https:\/\/insektenliebe.com\/it\/shop\/prodotto\/terfly\/","name":"Terfly - Insektenliebe","isPartOf":{"@id":"https:\/\/insektenliebe.com\/it\/#website"},"primaryImageOfPage":{"@id":"https:\/\/insektenliebe.com\/it\/shop\/prodotto\/terfly\/#primaryimage"},"image":{"@id":"https:\/\/insektenliebe.com\/it\/shop\/prodotto\/terfly\/#primaryimage"},"thumbnailUrl":"https:\/\/insektenliebe.com\/wp-content\/uploads\/2025\/05\/Terfly-2-2.jpg","datePublished":"2024-09-11T12:20:00+00:00","description":"Acquista Terfly a basso costo direttamente online! Qui trovi 250 pupe in un barattolo per grilli perforato da 500 ml. Senza volo e ideali per l'alimentazione!","breadcrumb":{"@id":"https:\/\/insektenliebe.com\/it\/shop\/prodotto\/terfly\/#breadcrumb"},"inLanguage":"it-IT","potentialAction":[{"@type":"ReadAction","target":["https:\/\/insektenliebe.com\/it\/shop\/prodotto\/terfly\/"]}]},{"@type":"ImageObject","inLanguage":"it-IT","@id":"https:\/\/insektenliebe.com\/it\/shop\/prodotto\/terfly\/#primaryimage","url":"https:\/\/insektenliebe.com\/wp-content\/uploads\/2025\/05\/Terfly-2-2.jpg","contentUrl":"https:\/\/insektenliebe.com\/wp-content\/uploads\/2025\/05\/Terfly-2-2.jpg","width":820,"height":820,"caption":"Terfly-2-2.jpg"},{"@type":"BreadcrumbList","@id":"https:\/\/insektenliebe.com\/it\/shop\/prodotto\/terfly\/#breadcrumb","itemListElement":[{"@type":"ListItem","position":1,"name":"Startseite","item":"https:\/\/insektenliebe.com\/it\/"},{"@type":"ListItem","position":2,"name":"Negozio","item":"https:\/\/insektenliebe.com\/it\/negozio\/"},{"@type":"ListItem","position":3,"name":"Terfly"}]},{"@type":"WebSite","@id":"https:\/\/insektenliebe.com\/it\/#website","url":"https:\/\/insektenliebe.com\/it\/","name":"Insektenliebe","description":"Dein Zuhause f\u00fcr die kleinen Lebewesen","publisher":{"@id":"https:\/\/insektenliebe.com\/it\/#organization"},"potentialAction":[{"@type":"SearchAction","target":{"@type":"EntryPoint","urlTemplate":"https:\/\/insektenliebe.com\/it\/?s={search_term_string}"},"query-input":{"@type":"PropertyValueSpecification","valueRequired":true,"valueName":"search_term_string"}}],"inLanguage":"it-IT"},{"@type":"Organization","@id":"https:\/\/insektenliebe.com\/it\/#organization","name":"Insektenliebe","url":"https:\/\/insektenliebe.com\/it\/","logo":{"@type":"ImageObject","inLanguage":"it-IT","@id":"https:\/\/insektenliebe.com\/it\/#\/schema\/logo\/image\/","url":"https:\/\/insektenliebe.com\/wp-content\/uploads\/2025\/03\/logo-white.png","contentUrl":"https:\/\/insektenliebe.com\/wp-content\/uploads\/2025\/03\/logo-white.png","width":288,"height":188,"caption":"Insektenliebe"},"image":{"@id":"https:\/\/insektenliebe.com\/it\/#\/schema\/logo\/image\/"}}]}},"_links":{"self":[{"href":"https:\/\/insektenliebe.com\/it\/wp-json\/wp\/v2\/product\/188600","targetHints":{"allow":["GET"]}}],"collection":[{"href":"https:\/\/insektenliebe.com\/it\/wp-json\/wp\/v2\/product"}],"about":[{"href":"https:\/\/insektenliebe.com\/it\/wp-json\/wp\/v2\/types\/product"}],"wp:featuredmedia":[{"embeddable":true,"href":"https:\/\/insektenliebe.com\/it\/wp-json\/wp\/v2\/media\/188601"}],"wp:attachment":[{"href":"https:\/\/insektenliebe.com\/it\/wp-json\/wp\/v2\/media?parent=188600"}],"wp:term":[{"taxonomy":"product-supplier","embeddable":true,"href":"https:\/\/insektenliebe.com\/it\/wp-json\/wp\/v2\/product-supplier?post=188600"},{"taxonomy":"product_brand","embeddable":true,"href":"https:\/\/insektenliebe.com\/it\/wp-json\/wp\/v2\/product_brand?post=188600"},{"taxonomy":"product_cat","embeddable":true,"href":"https:\/\/insektenliebe.com\/it\/wp-json\/wp\/v2\/product_cat?post=188600"},{"taxonomy":"product_tag","embeddable":true,"href":"https:\/\/insektenliebe.com\/it\/wp-json\/wp\/v2\/product_tag?post=188600"},{"taxonomy":"lce-checkout-addons","embeddable":true,"href":"https:\/\/insektenliebe.com\/it\/wp-json\/wp\/v2\/lce-checkout-addons?post=188600"}],"curies":[{"name":"wp","href":"https:\/\/api.w.org\/{rel}","templated":true}]}}