{"id":188588,"date":"2024-09-11T18:00:48","date_gmt":"2024-09-11T16:00:48","guid":{"rendered":"https:\/\/insektenliebe.com\/shop\/produkt\/hierodula-venosa-multicolour\/"},"modified":"2024-09-11T18:00:48","modified_gmt":"2024-09-11T16:00:48","slug":"hierodula-venosa-multicolour","status":"publish","type":"product","link":"https:\/\/insektenliebe.com\/it\/shop\/prodotto\/hierodula-venosa-multicolour\/","title":{"rendered":"Hierodula venosa \"Multicolour"},"content":{"rendered":"<h3>Luce<\/h3>\n<h3>Asia<\/h3>\n<h3>8 CM<\/h3>\n<h3>24-30 \u00b0C<\/h3>\n<h2 class=\"p1\"><span style=\"color: #99cc33\"><strong>Hierodula venosa \"Multicolor\": colorata e dinamica nel terrario<\/strong><\/span><\/h2>\n<p>La <strong>Hierodula venosa \"Multicolor\"<\/strong> \u00e8 un&#8217;imponente mantide religiosa che colpisce per la sua colorazione variabile in vivaci tonalit\u00e0 di verde, rosa e viola. Questa variet\u00e0 di colori rende ogni esemplare un&#8217;attrazione unica nel tuo terrario. <\/p>\n<p>Con una dimensione del terrario consigliata di 30 x 30 x 30 cm, questa specie offre spazio sufficiente per mostrare il suo comportamento naturale. <strong>La Hierodula venosa \"Multicolor\"<\/strong> \u00e8 nota per la sua rapidit\u00e0 di accoppiamento, anche se i maschi dovrebbero fare attenzione perch\u00e9 spesso vengono mangiati dalle femmine dopo l&#8217;accoppiamento. <\/p>\n<p>Questa mantide religiosa non \u00e8 nota solo per la sua bellezza, ma anche per il suo comportamento aggressivo e attivo. Caccia con passione le sue prede ed \u00e8 sempre alla ricerca di cibo, il che la rende un affascinante oggetto di osservazione. <\/p>\n<p>La loro agilit\u00e0 e la tendenza a cacciare attivamente gli animali da mangiare incoraggiano il loro naturale istinto di caccia e creano un&#8217;eccitante dinamica nel terrario.<\/p>\n<p><img decoding=\"async\" src=\"https:\/\/insektenliebe.com\/wp-content\/uploads\/2024\/09\/Hierodula-venosa-22Multicolor22-lila-1.jpg\" alt=\"Hierodula venosa \"Multicolour\" - viola\"><\/p>\n<p><img decoding=\"async\" src=\"https:\/\/insektenliebe.com\/wp-content\/uploads\/2024\/09\/Hierodula-venosa-22Multicolor22-rosa-1.jpg\" alt=\"Hierodula venosa \"Multicolour\" - rosa\"><\/p>\n<p><img decoding=\"async\" src=\"https:\/\/insektenliebe.com\/wp-content\/uploads\/2024\/09\/Hierodula-venosa-22Multicolor22-gruen-2.jpg\" alt=\"Hierodula venosa Verde multicolore\"><\/p>\n<p>La <strong>Hierodula venosa \"Multicolor\"<\/strong> \u00e8 ideale per i proprietari di terrari interessati alla cura e all&#8217;osservazione dei modelli comportamentali degli insetti predatori esotici. L&#8217;allevamento di questa specie richiede una comprensione delle sue esigenze e una gestione attenta, soprattutto per quanto riguarda l&#8217;accoppiamento e l&#8217;alimentazione. <\/p>\n<p>Con la <strong>Hierodula venosa \"Multicolor\"<\/strong>, puoi portare in casa tua un pezzo di natura vivente e un&#8217;impressionante variet\u00e0 di colori, che arricchiranno visivamente il tuo terrario e offriranno un&#8217;esperienza stimolante e arricchente per ogni appassionato di terrari.<\/p>\n<h3><span style=\"color: #99cc33\"><strong>Allevare le ninfe<\/strong><\/span><\/h3>\n<p class=\"font_2 wixui-rich-text__text\"><span class=\"wixui-rich-text__text\"><strong>Temperatura:<\/strong> 24<\/span><span class=\"wixui-rich-text__text\"> - 27\u00b0C<\/span><\/p>\n<p class=\"font_2 wixui-rich-text__text\"><span class=\"wixui-rich-text__text\"><strong>Umidit\u00e0:<\/strong> 70 - 80%  <\/span><\/p>\n<p class=\"font_2 wixui-rich-text__text\"><span class=\"wixui-rich-text__text\"><strong>Cibo:<\/strong> Drosophila hydei<\/span><\/p>\n<p class=\"font_2 wixui-rich-text__text\"><span class=\"wixui-rich-text__text\"><strong>Temperatura:<\/strong> 24<\/span><span class=\"wixui-rich-text__text\"> - 27\u00b0C<\/span><\/p>\n<p class=\"font_2 wixui-rich-text__text\"><span class=\"wixui-rich-text__text\"><strong>Umidit\u00e0:<\/strong> 70 - 80%  <\/span><\/p>\n<p class=\"font_2 wixui-rich-text__text\"><span class=\"wixui-rich-text__text\"><strong>Cibo: <\/strong>Drosophila hydei \/ Pesce Forno<\/span><\/p>\n<p class=\"font_2 wixui-rich-text__text\"><span class=\"wixui-rich-text__text\"><strong>Temperatura:<\/strong> 24<\/span><span class=\"wixui-rich-text__text\"> - 27\u00b0C<\/span><\/p>\n<p class=\"font_2 wixui-rich-text__text\"><span class=\"wixui-rich-text__text\"><strong>Umidit\u00e0:<\/strong> 70 - 80%  <\/span><\/p>\n<p class=\"font_2 wixui-rich-text__text\"><span class=\"wixui-rich-text__text\"><strong>Cibo:<\/strong> Drosophila hydei \/ Pesce Forno<\/span><\/p>\n<p class=\"font_2 wixui-rich-text__text\"><span class=\"wixui-rich-text__text\"><strong>Temperatura:<\/strong> 24<\/span><span class=\"wixui-rich-text__text\"> - 30\u00b0C<\/span><\/p>\n<p class=\"font_2 wixui-rich-text__text\"><span class=\"wixui-rich-text__text\"><strong>Umidit\u00e0:<\/strong> 70 - 80%  <\/span><\/p>\n<p class=\"font_2 wixui-rich-text__text\"><span class=\"wixui-rich-text__text\"><strong>Cibo:<\/strong> mosche d&#8217;oro \/ mosconi \/ scarafaggi del cioccolato \/ scarafaggi della foresta<\/span><\/p>\n<p class=\"font_2 wixui-rich-text__text\"><span class=\"wixui-rich-text__text\"><strong>Temperatura:<\/strong> 24<\/span><span class=\"wixui-rich-text__text\"> - 30\u00b0C<\/span><\/p>\n<p class=\"font_2 wixui-rich-text__text\"><span class=\"wixui-rich-text__text\"><strong>Umidit\u00e0:<\/strong> 70 - 80%  <\/span><\/p>\n<p class=\"font_2 wixui-rich-text__text\"><span class=\"wixui-rich-text__text\"><strong>Cibo:<\/strong> mosche d&#8217;oro \/ mosconi \/ scarafaggi del cioccolato \/ scarafaggi della foresta<\/span><\/p>\n<p class=\"font_2 wixui-rich-text__text\"><span class=\"wixui-rich-text__text\"><strong>Temperatura:<\/strong> 24<\/span><span class=\"wixui-rich-text__text\"> - 30\u00b0C<\/span><\/p>\n<p class=\"font_2 wixui-rich-text__text\"><span class=\"wixui-rich-text__text\"><strong>Umidit\u00e0:<\/strong> 70 - 85%  <\/span><\/p>\n<p class=\"font_2 wixui-rich-text__text\"><span class=\"wixui-rich-text__text\"><strong>Cibo:<\/strong> mosche d&#8217;oro \/ mosconi \/ scarafaggi del cioccolato \/ scarafaggi della foresta<\/span><\/p>\n<p class=\"font_2 wixui-rich-text__text\"><span class=\"wixui-rich-text__text\"><strong>Temperatura:<\/strong> 24<\/span><span class=\"wixui-rich-text__text\"> - 30\u00b0C<\/span><\/p>\n<p class=\"font_2 wixui-rich-text__text\"><span class=\"wixui-rich-text__text\"><strong>Umidit\u00e0:<\/strong> 70 - 85%  <\/span><\/p>\n<p class=\"font_2 wixui-rich-text__text\"><span class=\"wixui-rich-text__text\"><strong>Cibo:<\/strong> mosconi \/ scarafaggi del cioccolato \/ scarafaggi della foresta<\/span><\/p>\n<p class=\"font_2 wixui-rich-text__text\"><span class=\"wixui-rich-text__text\"><strong>Temperatura:<\/strong> 24<\/span><span class=\"wixui-rich-text__text\"> - 30\u00b0C<\/span><\/p>\n<p class=\"font_2 wixui-rich-text__text\"><span class=\"wixui-rich-text__text\"><strong>Umidit\u00e0:<\/strong> 70 - 85%  <\/span><\/p>\n<p class=\"font_2 wixui-rich-text__text\"><span class=\"wixui-rich-text__text\"><strong>Cibo:<\/strong> mosconi \/ scarafaggi del cioccolato \/ scarafaggi della foresta<\/span><\/p>\n<p class=\"font_2 wixui-rich-text__text\"><span class=\"wixui-rich-text__text\"><strong>Temperatura:<\/strong> 24<\/span><span class=\"wixui-rich-text__text\"> - 30\u00b0C<\/span><\/p>\n<p class=\"font_2 wixui-rich-text__text\"><span class=\"wixui-rich-text__text\"><strong>Umidit\u00e0:<\/strong> 70 - 85%  <\/span><\/p>\n<p class=\"font_2 wixui-rich-text__text\"><span class=\"wixui-rich-text__text\"><strong>Cibo:<\/strong> mosconi \/ scarafaggi del cioccolato \/ scarafaggi della foresta<\/span><\/p>\n<p><strong>Nota: <\/strong>i maschi sono sessualmente maturi<br \/>\n<strong>Accoppiamento: <\/strong>sono pronti ad accoppiarsi circa due o tre settimane dopo la muta.<\/p>\n<p class=\"font_2 wixui-rich-text__text\"><span class=\"wixui-rich-text__text\"><strong>Temperatura:<\/strong> 24<\/span><span class=\"wixui-rich-text__text\"> - 30\u00b0C<\/span><\/p>\n<p class=\"font_2 wixui-rich-text__text\"><span class=\"wixui-rich-text__text\"><strong>Umidit\u00e0:<\/strong> 70 - 85%  <\/span><\/p>\n<p class=\"font_2 wixui-rich-text__text\"><span class=\"wixui-rich-text__text\"><strong>Cibo:<\/strong> mosconi \/ scarafaggi del cioccolato \/ scarafaggi della foresta<\/span><\/p>\n<p><strong>Nota: <\/strong>le femmine sono sessualmente mature<br \/>\n<strong>Accoppiamento: <\/strong>sono pronti ad accoppiarsi circa quattro settimane dopo la muta.<strong><br \/>\n<\/strong><\/p>\n<h3><span style=\"color: #99cc33\"><strong>Prodotti per Hierodula venosa \"Multicolor\"!<\/strong><\/span><\/h3>\n","protected":false},"excerpt":{"rendered":"<p>Luce Asia 8 CM 24-30 \u00b0C Hierodula venosa \"Multicolor\": colorata e dinamica nel terrario La Hierodula venosa \"Multicolor\" \u00e8 un&#8217;imponente mantide religiosa che colpisce per la sua colorazione variabile in vivaci tonalit\u00e0 di verde, rosa e viola. Questa variet\u00e0 di colori rende ogni esemplare un&#8217;attrazione unica nel tuo terrario. Con una dimensione del terrario consigliata [&hellip;]<\/p>\n","protected":false},"featured_media":188589,"template":"","meta":{"_acf_changed":false},"product-supplier":[],"product_brand":[],"product_cat":[2754],"product_tag":[],"lce-checkout-addons":[2746],"class_list":{"0":"post-188588","1":"product","2":"type-product","3":"status-publish","4":"has-post-thumbnail","6":"product_cat-mantidi","7":"product_shipping_class-spedizione-di-animali","8":"lce-checkout-addons-imballaggio-invernale","10":"first","11":"outofstock","12":"taxable","13":"shipping-taxable","14":"product-type-variable","15":"has-default-attributes"},"acf":[],"yoast_head":"<!-- This site is optimized with the Yoast SEO plugin v27.3 - https:\/\/yoast.com\/product\/yoast-seo-wordpress\/ -->\n<title>Hierodula venosa &quot;Multicolour - Insektenliebe<\/title>\n<meta name=\"description\" content=\"Acquista la Hierodula venosa &quot;Multicolor&quot; a basso costo e direttamente online: Una mantide religiosa colorata e attiva, ideale per terrari da 30x30x30 cm.\" \/>\n<meta name=\"robots\" content=\"index, follow, max-snippet:-1, max-image-preview:large, max-video-preview:-1\" \/>\n<link rel=\"canonical\" href=\"https:\/\/insektenliebe.com\/it\/shop\/prodotto\/hierodula-venosa-multicolour\/\" \/>\n<meta property=\"og:locale\" content=\"it_IT\" \/>\n<meta property=\"og:type\" content=\"article\" \/>\n<meta property=\"og:title\" content=\"Hierodula venosa &quot;Multicolour - Insektenliebe\" \/>\n<meta property=\"og:description\" content=\"Acquista la Hierodula venosa &quot;Multicolor&quot; a basso costo e direttamente online: Una mantide religiosa colorata e attiva, ideale per terrari da 30x30x30 cm.\" \/>\n<meta property=\"og:url\" content=\"https:\/\/insektenliebe.com\/it\/shop\/prodotto\/hierodula-venosa-multicolour\/\" \/>\n<meta property=\"og:site_name\" content=\"Insektenliebe\" \/>\n<meta property=\"og:image\" content=\"https:\/\/insektenliebe.com\/wp-content\/uploads\/2025\/05\/Hierodula-venosa-22Multicolor22-2.jpg\" \/>\n\t<meta property=\"og:image:width\" content=\"820\" \/>\n\t<meta property=\"og:image:height\" content=\"820\" \/>\n\t<meta property=\"og:image:type\" content=\"image\/jpeg\" \/>\n<meta name=\"twitter:card\" content=\"summary_large_image\" \/>\n<meta name=\"twitter:label1\" content=\"Tempo di lettura stimato\" \/>\n\t<meta name=\"twitter:data1\" content=\"2 minuto\" \/>\n<script type=\"application\/ld+json\" class=\"yoast-schema-graph\">{\"@context\":\"https:\\\/\\\/schema.org\",\"@graph\":[{\"@type\":\"WebPage\",\"@id\":\"https:\\\/\\\/insektenliebe.com\\\/it\\\/shop\\\/prodotto\\\/hierodula-venosa-multicolour\\\/\",\"url\":\"https:\\\/\\\/insektenliebe.com\\\/it\\\/shop\\\/prodotto\\\/hierodula-venosa-multicolour\\\/\",\"name\":\"Hierodula venosa \\\"Multicolour - Insektenliebe\",\"isPartOf\":{\"@id\":\"https:\\\/\\\/insektenliebe.com\\\/it\\\/#website\"},\"primaryImageOfPage\":{\"@id\":\"https:\\\/\\\/insektenliebe.com\\\/it\\\/shop\\\/prodotto\\\/hierodula-venosa-multicolour\\\/#primaryimage\"},\"image\":{\"@id\":\"https:\\\/\\\/insektenliebe.com\\\/it\\\/shop\\\/prodotto\\\/hierodula-venosa-multicolour\\\/#primaryimage\"},\"thumbnailUrl\":\"https:\\\/\\\/insektenliebe.com\\\/wp-content\\\/uploads\\\/2025\\\/05\\\/Hierodula-venosa-22Multicolor22-2.jpg\",\"datePublished\":\"2024-09-11T16:00:48+00:00\",\"description\":\"Acquista la Hierodula venosa \\\"Multicolor\\\" a basso costo e direttamente online: Una mantide religiosa colorata e attiva, ideale per terrari da 30x30x30 cm.\",\"breadcrumb\":{\"@id\":\"https:\\\/\\\/insektenliebe.com\\\/it\\\/shop\\\/prodotto\\\/hierodula-venosa-multicolour\\\/#breadcrumb\"},\"inLanguage\":\"it-IT\",\"potentialAction\":[{\"@type\":\"ReadAction\",\"target\":[\"https:\\\/\\\/insektenliebe.com\\\/it\\\/shop\\\/prodotto\\\/hierodula-venosa-multicolour\\\/\"]}]},{\"@type\":\"ImageObject\",\"inLanguage\":\"it-IT\",\"@id\":\"https:\\\/\\\/insektenliebe.com\\\/it\\\/shop\\\/prodotto\\\/hierodula-venosa-multicolour\\\/#primaryimage\",\"url\":\"https:\\\/\\\/insektenliebe.com\\\/wp-content\\\/uploads\\\/2025\\\/05\\\/Hierodula-venosa-22Multicolor22-2.jpg\",\"contentUrl\":\"https:\\\/\\\/insektenliebe.com\\\/wp-content\\\/uploads\\\/2025\\\/05\\\/Hierodula-venosa-22Multicolor22-2.jpg\",\"width\":820,\"height\":820,\"caption\":\"Hierodula-venosa-22Multicolor22-2.jpg\"},{\"@type\":\"BreadcrumbList\",\"@id\":\"https:\\\/\\\/insektenliebe.com\\\/it\\\/shop\\\/prodotto\\\/hierodula-venosa-multicolour\\\/#breadcrumb\",\"itemListElement\":[{\"@type\":\"ListItem\",\"position\":1,\"name\":\"Startseite\",\"item\":\"https:\\\/\\\/insektenliebe.com\\\/it\\\/\"},{\"@type\":\"ListItem\",\"position\":2,\"name\":\"Negozio\",\"item\":\"https:\\\/\\\/insektenliebe.com\\\/it\\\/negozio\\\/\"},{\"@type\":\"ListItem\",\"position\":3,\"name\":\"Hierodula venosa &#8220;Multicolour\"}]},{\"@type\":\"WebSite\",\"@id\":\"https:\\\/\\\/insektenliebe.com\\\/it\\\/#website\",\"url\":\"https:\\\/\\\/insektenliebe.com\\\/it\\\/\",\"name\":\"Insektenliebe\",\"description\":\"Dein Zuhause f\u00fcr die kleinen Lebewesen\",\"publisher\":{\"@id\":\"https:\\\/\\\/insektenliebe.com\\\/it\\\/#organization\"},\"potentialAction\":[{\"@type\":\"SearchAction\",\"target\":{\"@type\":\"EntryPoint\",\"urlTemplate\":\"https:\\\/\\\/insektenliebe.com\\\/it\\\/?s={search_term_string}\"},\"query-input\":{\"@type\":\"PropertyValueSpecification\",\"valueRequired\":true,\"valueName\":\"search_term_string\"}}],\"inLanguage\":\"it-IT\"},{\"@type\":\"Organization\",\"@id\":\"https:\\\/\\\/insektenliebe.com\\\/it\\\/#organization\",\"name\":\"Insektenliebe\",\"url\":\"https:\\\/\\\/insektenliebe.com\\\/it\\\/\",\"logo\":{\"@type\":\"ImageObject\",\"inLanguage\":\"it-IT\",\"@id\":\"https:\\\/\\\/insektenliebe.com\\\/it\\\/#\\\/schema\\\/logo\\\/image\\\/\",\"url\":\"https:\\\/\\\/insektenliebe.com\\\/wp-content\\\/uploads\\\/2025\\\/03\\\/logo-white.png\",\"contentUrl\":\"https:\\\/\\\/insektenliebe.com\\\/wp-content\\\/uploads\\\/2025\\\/03\\\/logo-white.png\",\"width\":288,\"height\":188,\"caption\":\"Insektenliebe\"},\"image\":{\"@id\":\"https:\\\/\\\/insektenliebe.com\\\/it\\\/#\\\/schema\\\/logo\\\/image\\\/\"}}]}<\/script>\n<!-- \/ Yoast SEO plugin. -->","yoast_head_json":{"title":"Hierodula venosa \"Multicolour - Insektenliebe","description":"Acquista la Hierodula venosa \"Multicolor\" a basso costo e direttamente online: Una mantide religiosa colorata e attiva, ideale per terrari da 30x30x30 cm.","robots":{"index":"index","follow":"follow","max-snippet":"max-snippet:-1","max-image-preview":"max-image-preview:large","max-video-preview":"max-video-preview:-1"},"canonical":"https:\/\/insektenliebe.com\/it\/shop\/prodotto\/hierodula-venosa-multicolour\/","og_locale":"it_IT","og_type":"article","og_title":"Hierodula venosa \"Multicolour - Insektenliebe","og_description":"Acquista la Hierodula venosa \"Multicolor\" a basso costo e direttamente online: Una mantide religiosa colorata e attiva, ideale per terrari da 30x30x30 cm.","og_url":"https:\/\/insektenliebe.com\/it\/shop\/prodotto\/hierodula-venosa-multicolour\/","og_site_name":"Insektenliebe","og_image":[{"width":820,"height":820,"url":"https:\/\/insektenliebe.com\/wp-content\/uploads\/2025\/05\/Hierodula-venosa-22Multicolor22-2.jpg","type":"image\/jpeg"}],"twitter_card":"summary_large_image","twitter_misc":{"Tempo di lettura stimato":"2 minuto"},"schema":{"@context":"https:\/\/schema.org","@graph":[{"@type":"WebPage","@id":"https:\/\/insektenliebe.com\/it\/shop\/prodotto\/hierodula-venosa-multicolour\/","url":"https:\/\/insektenliebe.com\/it\/shop\/prodotto\/hierodula-venosa-multicolour\/","name":"Hierodula venosa \"Multicolour - Insektenliebe","isPartOf":{"@id":"https:\/\/insektenliebe.com\/it\/#website"},"primaryImageOfPage":{"@id":"https:\/\/insektenliebe.com\/it\/shop\/prodotto\/hierodula-venosa-multicolour\/#primaryimage"},"image":{"@id":"https:\/\/insektenliebe.com\/it\/shop\/prodotto\/hierodula-venosa-multicolour\/#primaryimage"},"thumbnailUrl":"https:\/\/insektenliebe.com\/wp-content\/uploads\/2025\/05\/Hierodula-venosa-22Multicolor22-2.jpg","datePublished":"2024-09-11T16:00:48+00:00","description":"Acquista la Hierodula venosa \"Multicolor\" a basso costo e direttamente online: Una mantide religiosa colorata e attiva, ideale per terrari da 30x30x30 cm.","breadcrumb":{"@id":"https:\/\/insektenliebe.com\/it\/shop\/prodotto\/hierodula-venosa-multicolour\/#breadcrumb"},"inLanguage":"it-IT","potentialAction":[{"@type":"ReadAction","target":["https:\/\/insektenliebe.com\/it\/shop\/prodotto\/hierodula-venosa-multicolour\/"]}]},{"@type":"ImageObject","inLanguage":"it-IT","@id":"https:\/\/insektenliebe.com\/it\/shop\/prodotto\/hierodula-venosa-multicolour\/#primaryimage","url":"https:\/\/insektenliebe.com\/wp-content\/uploads\/2025\/05\/Hierodula-venosa-22Multicolor22-2.jpg","contentUrl":"https:\/\/insektenliebe.com\/wp-content\/uploads\/2025\/05\/Hierodula-venosa-22Multicolor22-2.jpg","width":820,"height":820,"caption":"Hierodula-venosa-22Multicolor22-2.jpg"},{"@type":"BreadcrumbList","@id":"https:\/\/insektenliebe.com\/it\/shop\/prodotto\/hierodula-venosa-multicolour\/#breadcrumb","itemListElement":[{"@type":"ListItem","position":1,"name":"Startseite","item":"https:\/\/insektenliebe.com\/it\/"},{"@type":"ListItem","position":2,"name":"Negozio","item":"https:\/\/insektenliebe.com\/it\/negozio\/"},{"@type":"ListItem","position":3,"name":"Hierodula venosa &#8220;Multicolour"}]},{"@type":"WebSite","@id":"https:\/\/insektenliebe.com\/it\/#website","url":"https:\/\/insektenliebe.com\/it\/","name":"Insektenliebe","description":"Dein Zuhause f\u00fcr die kleinen Lebewesen","publisher":{"@id":"https:\/\/insektenliebe.com\/it\/#organization"},"potentialAction":[{"@type":"SearchAction","target":{"@type":"EntryPoint","urlTemplate":"https:\/\/insektenliebe.com\/it\/?s={search_term_string}"},"query-input":{"@type":"PropertyValueSpecification","valueRequired":true,"valueName":"search_term_string"}}],"inLanguage":"it-IT"},{"@type":"Organization","@id":"https:\/\/insektenliebe.com\/it\/#organization","name":"Insektenliebe","url":"https:\/\/insektenliebe.com\/it\/","logo":{"@type":"ImageObject","inLanguage":"it-IT","@id":"https:\/\/insektenliebe.com\/it\/#\/schema\/logo\/image\/","url":"https:\/\/insektenliebe.com\/wp-content\/uploads\/2025\/03\/logo-white.png","contentUrl":"https:\/\/insektenliebe.com\/wp-content\/uploads\/2025\/03\/logo-white.png","width":288,"height":188,"caption":"Insektenliebe"},"image":{"@id":"https:\/\/insektenliebe.com\/it\/#\/schema\/logo\/image\/"}}]}},"_links":{"self":[{"href":"https:\/\/insektenliebe.com\/it\/wp-json\/wp\/v2\/product\/188588","targetHints":{"allow":["GET"]}}],"collection":[{"href":"https:\/\/insektenliebe.com\/it\/wp-json\/wp\/v2\/product"}],"about":[{"href":"https:\/\/insektenliebe.com\/it\/wp-json\/wp\/v2\/types\/product"}],"wp:featuredmedia":[{"embeddable":true,"href":"https:\/\/insektenliebe.com\/it\/wp-json\/wp\/v2\/media\/188589"}],"wp:attachment":[{"href":"https:\/\/insektenliebe.com\/it\/wp-json\/wp\/v2\/media?parent=188588"}],"wp:term":[{"taxonomy":"product-supplier","embeddable":true,"href":"https:\/\/insektenliebe.com\/it\/wp-json\/wp\/v2\/product-supplier?post=188588"},{"taxonomy":"product_brand","embeddable":true,"href":"https:\/\/insektenliebe.com\/it\/wp-json\/wp\/v2\/product_brand?post=188588"},{"taxonomy":"product_cat","embeddable":true,"href":"https:\/\/insektenliebe.com\/it\/wp-json\/wp\/v2\/product_cat?post=188588"},{"taxonomy":"product_tag","embeddable":true,"href":"https:\/\/insektenliebe.com\/it\/wp-json\/wp\/v2\/product_tag?post=188588"},{"taxonomy":"lce-checkout-addons","embeddable":true,"href":"https:\/\/insektenliebe.com\/it\/wp-json\/wp\/v2\/lce-checkout-addons?post=188588"}],"curies":[{"name":"wp","href":"https:\/\/api.w.org\/{rel}","templated":true}]}}