{"id":188568,"date":"2024-08-29T14:27:35","date_gmt":"2024-08-29T12:27:35","guid":{"rendered":"https:\/\/insektenliebe.com\/shop\/produkt\/parasphendale-affinis\/"},"modified":"2024-08-29T14:27:35","modified_gmt":"2024-08-29T12:27:35","slug":"parasphendale-affinis","status":"publish","type":"product","link":"https:\/\/insektenliebe.com\/it\/shop\/prodotto\/parasphendale-affinis\/","title":{"rendered":"Parasphendale affinis"},"content":{"rendered":"<h3>Luce<\/h3>\n<h3>Kenya<\/h3>\n<h3>6 CM<\/h3>\n<h3>27-32 \u00b0C<\/h3>\n<h2><span style=\"color: #99cc33\">Parasphendale affinis: il cacciatore delle steppe del Kenya per il tuo terrario<\/span><\/h2>\n<p>La <strong>Parasphendale affinis<\/strong> \u00e8 originaria delle steppe aride del Kenya e predilige naturalmente arbusti e cespugli come habitat. Questa specie \u00e8 nota per le sue dimensioni impressionanti: le femmine raggiungono circa 6 cm e i maschi circa 5 cm. L&#8217;aspettativa di vita delle femmine \u00e8 di circa 1,5 anni, mentre i maschi hanno una vita pi\u00f9 breve di circa 6 mesi.  <\/p>\n<p>In termini di colore, la <strong>Parasphendale affinis<\/strong> si presenta nelle tonalit\u00e0 del grigio e del marrone, pi\u00f9 raramente anche in verde, ed \u00e8 caratterizzata da un alto livello di aggressivit\u00e0. Pu\u00f2 essere allevata in gruppi fino allo stadio L3\/L4, mentre i maschi adulti possono essere tenuti in piccoli gruppi, il che rende l&#8217;allevamento di questa specie relativamente semplice. <\/p>\n<p>Per un corretto alloggiamento, si consiglia un terrario di dimensioni minime di 20 x 20 x 20 cm per l&#8217;allevamento di singoli esemplari e uno spazio di almeno 30 x 30 x 30 cm per l&#8217;allevamento di gruppi di 3-4 maschi adulti. \u00c8 necessario prevedere una doppia ventilazione per garantire una buona circolazione dell&#8217;aria ed evitare il ristagno. Le temperature devono essere comprese tra i 22 e i 32 \u00b0C durante il giorno, mentre di notte \u00e8 possibile abbassarle a temperatura ambiente.  <\/p>\n<p><img decoding=\"async\" src=\"https:\/\/insektenliebe.com\/wp-content\/uploads\/2024\/08\/Parasphendale-affinis-Maennchen-1.jpg\" alt=\"Parasphendale affinis maschio\"><\/p>\n<p><img decoding=\"async\" src=\"https:\/\/insektenliebe.com\/wp-content\/uploads\/2024\/08\/Parasphendale-affinis-Weibchen.jpg\" alt=\"Parasphendale affinis femmina\"><\/p>\n<p>L&#8217;umidit\u00e0 relativa deve essere intorno al 40-60% e il terrario deve essere spruzzato ogni tre giorni circa.<\/p>\n<p>Materiali come terra, sabbia, carta da cucina, ghiaia o humus di cocco sono adatti come substrato. Rami e pezzi di corteccia sono decorativi e funzionali, in quanto forniscono al Parasphendale affinis opportunit\u00e0 di arrampicarsi e nascondigli. Per decorare il terrario si possono usare sia piante vive che artificiali, anche se bisogna fare attenzione a non far arrivare agli animali sostanze tossiche.  <\/p>\n<p>La dieta di <strong>Parasphendale affinis<\/strong> deve essere varia e comprendere insetti di piccole e medie dimensioni, dai moscerini della frutta nei primi stadi larvali alle mosche dorate e ai mosconi nello stadio adulto. \u00c8 possibile somministrare anche scarafaggi di dimensioni adeguate. <\/p>\n<p>Anche la riproduzione di questa interessante specie pu\u00f2 essere emozionante, con un massimo di 8 ooteche per femmina e un alto tasso di schiusa, che offre ampie opportunit\u00e0 di osservare da vicino lo sviluppo di questi affascinanti insetti.<\/p>\n<h3><span style=\"color: #99cc33\"><strong>Prodotti per Parasphendale affinis!<\/strong><\/span><\/h3>\n","protected":false},"excerpt":{"rendered":"<p>Luce Kenya 6 CM 27-32 \u00b0C Parasphendale affinis: il cacciatore delle steppe del Kenya per il tuo terrario La Parasphendale affinis \u00e8 originaria delle steppe aride del Kenya e predilige naturalmente arbusti e cespugli come habitat. Questa specie \u00e8 nota per le sue dimensioni impressionanti: le femmine raggiungono circa 6 cm e i maschi circa [&hellip;]<\/p>\n","protected":false},"featured_media":188570,"template":"","meta":{"_acf_changed":false},"product-supplier":[],"product_brand":[],"product_cat":[2754],"product_tag":[],"lce-checkout-addons":[2746],"class_list":{"0":"post-188568","1":"product","2":"type-product","3":"status-publish","4":"has-post-thumbnail","6":"product_cat-mantidi","7":"product_shipping_class-spedizione-di-animali","8":"lce-checkout-addons-imballaggio-invernale","10":"first","11":"outofstock","12":"taxable","13":"shipping-taxable","14":"product-type-variable","15":"has-default-attributes"},"acf":[],"yoast_head":"<!-- This site is optimized with the Yoast SEO plugin v27.3 - https:\/\/yoast.com\/product\/yoast-seo-wordpress\/ -->\n<title>Parasphendale affinis - Insektenliebe<\/title>\n<meta name=\"description\" content=\"Acquista direttamente online la bellissima Stagmatoptera femoralis. Scopri di pi\u00f9 sulla Parasphendale affinis, una specie di mantide proveniente dal Kenya.\" \/>\n<meta name=\"robots\" content=\"index, follow, max-snippet:-1, max-image-preview:large, max-video-preview:-1\" \/>\n<link rel=\"canonical\" href=\"https:\/\/insektenliebe.com\/it\/shop\/prodotto\/parasphendale-affinis\/\" \/>\n<meta property=\"og:locale\" content=\"it_IT\" \/>\n<meta property=\"og:type\" content=\"article\" \/>\n<meta property=\"og:title\" content=\"Parasphendale affinis - Insektenliebe\" \/>\n<meta property=\"og:description\" content=\"Acquista direttamente online la bellissima Stagmatoptera femoralis. Scopri di pi\u00f9 sulla Parasphendale affinis, una specie di mantide proveniente dal Kenya.\" \/>\n<meta property=\"og:url\" content=\"https:\/\/insektenliebe.com\/it\/shop\/prodotto\/parasphendale-affinis\/\" \/>\n<meta property=\"og:site_name\" content=\"Insektenliebe\" \/>\n<meta property=\"og:image\" content=\"https:\/\/insektenliebe.com\/wp-content\/uploads\/2025\/05\/Parasphendale-affinis-2.jpg\" \/>\n\t<meta property=\"og:image:width\" content=\"820\" \/>\n\t<meta property=\"og:image:height\" content=\"820\" \/>\n\t<meta property=\"og:image:type\" content=\"image\/jpeg\" \/>\n<meta name=\"twitter:card\" content=\"summary_large_image\" \/>\n<meta name=\"twitter:label1\" content=\"Tempo di lettura stimato\" \/>\n\t<meta name=\"twitter:data1\" content=\"2 minuto\" \/>\n<script type=\"application\/ld+json\" class=\"yoast-schema-graph\">{\"@context\":\"https:\\\/\\\/schema.org\",\"@graph\":[{\"@type\":\"WebPage\",\"@id\":\"https:\\\/\\\/insektenliebe.com\\\/it\\\/shop\\\/prodotto\\\/parasphendale-affinis\\\/\",\"url\":\"https:\\\/\\\/insektenliebe.com\\\/it\\\/shop\\\/prodotto\\\/parasphendale-affinis\\\/\",\"name\":\"Parasphendale affinis - Insektenliebe\",\"isPartOf\":{\"@id\":\"https:\\\/\\\/insektenliebe.com\\\/it\\\/#website\"},\"primaryImageOfPage\":{\"@id\":\"https:\\\/\\\/insektenliebe.com\\\/it\\\/shop\\\/prodotto\\\/parasphendale-affinis\\\/#primaryimage\"},\"image\":{\"@id\":\"https:\\\/\\\/insektenliebe.com\\\/it\\\/shop\\\/prodotto\\\/parasphendale-affinis\\\/#primaryimage\"},\"thumbnailUrl\":\"https:\\\/\\\/insektenliebe.com\\\/wp-content\\\/uploads\\\/2025\\\/05\\\/Parasphendale-affinis-2.jpg\",\"datePublished\":\"2024-08-29T12:27:35+00:00\",\"description\":\"Acquista direttamente online la bellissima Stagmatoptera femoralis. Scopri di pi\u00f9 sulla Parasphendale affinis, una specie di mantide proveniente dal Kenya.\",\"breadcrumb\":{\"@id\":\"https:\\\/\\\/insektenliebe.com\\\/it\\\/shop\\\/prodotto\\\/parasphendale-affinis\\\/#breadcrumb\"},\"inLanguage\":\"it-IT\",\"potentialAction\":[{\"@type\":\"ReadAction\",\"target\":[\"https:\\\/\\\/insektenliebe.com\\\/it\\\/shop\\\/prodotto\\\/parasphendale-affinis\\\/\"]}]},{\"@type\":\"ImageObject\",\"inLanguage\":\"it-IT\",\"@id\":\"https:\\\/\\\/insektenliebe.com\\\/it\\\/shop\\\/prodotto\\\/parasphendale-affinis\\\/#primaryimage\",\"url\":\"https:\\\/\\\/insektenliebe.com\\\/wp-content\\\/uploads\\\/2025\\\/05\\\/Parasphendale-affinis-2.jpg\",\"contentUrl\":\"https:\\\/\\\/insektenliebe.com\\\/wp-content\\\/uploads\\\/2025\\\/05\\\/Parasphendale-affinis-2.jpg\",\"width\":820,\"height\":820,\"caption\":\"Parasphendale-affinis-2.jpg\"},{\"@type\":\"BreadcrumbList\",\"@id\":\"https:\\\/\\\/insektenliebe.com\\\/it\\\/shop\\\/prodotto\\\/parasphendale-affinis\\\/#breadcrumb\",\"itemListElement\":[{\"@type\":\"ListItem\",\"position\":1,\"name\":\"Startseite\",\"item\":\"https:\\\/\\\/insektenliebe.com\\\/it\\\/\"},{\"@type\":\"ListItem\",\"position\":2,\"name\":\"Negozio\",\"item\":\"https:\\\/\\\/insektenliebe.com\\\/it\\\/negozio\\\/\"},{\"@type\":\"ListItem\",\"position\":3,\"name\":\"Parasphendale affinis\"}]},{\"@type\":\"WebSite\",\"@id\":\"https:\\\/\\\/insektenliebe.com\\\/it\\\/#website\",\"url\":\"https:\\\/\\\/insektenliebe.com\\\/it\\\/\",\"name\":\"Insektenliebe\",\"description\":\"Dein Zuhause f\u00fcr die kleinen Lebewesen\",\"publisher\":{\"@id\":\"https:\\\/\\\/insektenliebe.com\\\/it\\\/#organization\"},\"potentialAction\":[{\"@type\":\"SearchAction\",\"target\":{\"@type\":\"EntryPoint\",\"urlTemplate\":\"https:\\\/\\\/insektenliebe.com\\\/it\\\/?s={search_term_string}\"},\"query-input\":{\"@type\":\"PropertyValueSpecification\",\"valueRequired\":true,\"valueName\":\"search_term_string\"}}],\"inLanguage\":\"it-IT\"},{\"@type\":\"Organization\",\"@id\":\"https:\\\/\\\/insektenliebe.com\\\/it\\\/#organization\",\"name\":\"Insektenliebe\",\"url\":\"https:\\\/\\\/insektenliebe.com\\\/it\\\/\",\"logo\":{\"@type\":\"ImageObject\",\"inLanguage\":\"it-IT\",\"@id\":\"https:\\\/\\\/insektenliebe.com\\\/it\\\/#\\\/schema\\\/logo\\\/image\\\/\",\"url\":\"https:\\\/\\\/insektenliebe.com\\\/wp-content\\\/uploads\\\/2025\\\/03\\\/logo-white.png\",\"contentUrl\":\"https:\\\/\\\/insektenliebe.com\\\/wp-content\\\/uploads\\\/2025\\\/03\\\/logo-white.png\",\"width\":288,\"height\":188,\"caption\":\"Insektenliebe\"},\"image\":{\"@id\":\"https:\\\/\\\/insektenliebe.com\\\/it\\\/#\\\/schema\\\/logo\\\/image\\\/\"}}]}<\/script>\n<!-- \/ Yoast SEO plugin. -->","yoast_head_json":{"title":"Parasphendale affinis - Insektenliebe","description":"Acquista direttamente online la bellissima Stagmatoptera femoralis. Scopri di pi\u00f9 sulla Parasphendale affinis, una specie di mantide proveniente dal Kenya.","robots":{"index":"index","follow":"follow","max-snippet":"max-snippet:-1","max-image-preview":"max-image-preview:large","max-video-preview":"max-video-preview:-1"},"canonical":"https:\/\/insektenliebe.com\/it\/shop\/prodotto\/parasphendale-affinis\/","og_locale":"it_IT","og_type":"article","og_title":"Parasphendale affinis - Insektenliebe","og_description":"Acquista direttamente online la bellissima Stagmatoptera femoralis. Scopri di pi\u00f9 sulla Parasphendale affinis, una specie di mantide proveniente dal Kenya.","og_url":"https:\/\/insektenliebe.com\/it\/shop\/prodotto\/parasphendale-affinis\/","og_site_name":"Insektenliebe","og_image":[{"width":820,"height":820,"url":"https:\/\/insektenliebe.com\/wp-content\/uploads\/2025\/05\/Parasphendale-affinis-2.jpg","type":"image\/jpeg"}],"twitter_card":"summary_large_image","twitter_misc":{"Tempo di lettura stimato":"2 minuto"},"schema":{"@context":"https:\/\/schema.org","@graph":[{"@type":"WebPage","@id":"https:\/\/insektenliebe.com\/it\/shop\/prodotto\/parasphendale-affinis\/","url":"https:\/\/insektenliebe.com\/it\/shop\/prodotto\/parasphendale-affinis\/","name":"Parasphendale affinis - Insektenliebe","isPartOf":{"@id":"https:\/\/insektenliebe.com\/it\/#website"},"primaryImageOfPage":{"@id":"https:\/\/insektenliebe.com\/it\/shop\/prodotto\/parasphendale-affinis\/#primaryimage"},"image":{"@id":"https:\/\/insektenliebe.com\/it\/shop\/prodotto\/parasphendale-affinis\/#primaryimage"},"thumbnailUrl":"https:\/\/insektenliebe.com\/wp-content\/uploads\/2025\/05\/Parasphendale-affinis-2.jpg","datePublished":"2024-08-29T12:27:35+00:00","description":"Acquista direttamente online la bellissima Stagmatoptera femoralis. Scopri di pi\u00f9 sulla Parasphendale affinis, una specie di mantide proveniente dal Kenya.","breadcrumb":{"@id":"https:\/\/insektenliebe.com\/it\/shop\/prodotto\/parasphendale-affinis\/#breadcrumb"},"inLanguage":"it-IT","potentialAction":[{"@type":"ReadAction","target":["https:\/\/insektenliebe.com\/it\/shop\/prodotto\/parasphendale-affinis\/"]}]},{"@type":"ImageObject","inLanguage":"it-IT","@id":"https:\/\/insektenliebe.com\/it\/shop\/prodotto\/parasphendale-affinis\/#primaryimage","url":"https:\/\/insektenliebe.com\/wp-content\/uploads\/2025\/05\/Parasphendale-affinis-2.jpg","contentUrl":"https:\/\/insektenliebe.com\/wp-content\/uploads\/2025\/05\/Parasphendale-affinis-2.jpg","width":820,"height":820,"caption":"Parasphendale-affinis-2.jpg"},{"@type":"BreadcrumbList","@id":"https:\/\/insektenliebe.com\/it\/shop\/prodotto\/parasphendale-affinis\/#breadcrumb","itemListElement":[{"@type":"ListItem","position":1,"name":"Startseite","item":"https:\/\/insektenliebe.com\/it\/"},{"@type":"ListItem","position":2,"name":"Negozio","item":"https:\/\/insektenliebe.com\/it\/negozio\/"},{"@type":"ListItem","position":3,"name":"Parasphendale affinis"}]},{"@type":"WebSite","@id":"https:\/\/insektenliebe.com\/it\/#website","url":"https:\/\/insektenliebe.com\/it\/","name":"Insektenliebe","description":"Dein Zuhause f\u00fcr die kleinen Lebewesen","publisher":{"@id":"https:\/\/insektenliebe.com\/it\/#organization"},"potentialAction":[{"@type":"SearchAction","target":{"@type":"EntryPoint","urlTemplate":"https:\/\/insektenliebe.com\/it\/?s={search_term_string}"},"query-input":{"@type":"PropertyValueSpecification","valueRequired":true,"valueName":"search_term_string"}}],"inLanguage":"it-IT"},{"@type":"Organization","@id":"https:\/\/insektenliebe.com\/it\/#organization","name":"Insektenliebe","url":"https:\/\/insektenliebe.com\/it\/","logo":{"@type":"ImageObject","inLanguage":"it-IT","@id":"https:\/\/insektenliebe.com\/it\/#\/schema\/logo\/image\/","url":"https:\/\/insektenliebe.com\/wp-content\/uploads\/2025\/03\/logo-white.png","contentUrl":"https:\/\/insektenliebe.com\/wp-content\/uploads\/2025\/03\/logo-white.png","width":288,"height":188,"caption":"Insektenliebe"},"image":{"@id":"https:\/\/insektenliebe.com\/it\/#\/schema\/logo\/image\/"}}]}},"_links":{"self":[{"href":"https:\/\/insektenliebe.com\/it\/wp-json\/wp\/v2\/product\/188568","targetHints":{"allow":["GET"]}}],"collection":[{"href":"https:\/\/insektenliebe.com\/it\/wp-json\/wp\/v2\/product"}],"about":[{"href":"https:\/\/insektenliebe.com\/it\/wp-json\/wp\/v2\/types\/product"}],"wp:featuredmedia":[{"embeddable":true,"href":"https:\/\/insektenliebe.com\/it\/wp-json\/wp\/v2\/media\/188570"}],"wp:attachment":[{"href":"https:\/\/insektenliebe.com\/it\/wp-json\/wp\/v2\/media?parent=188568"}],"wp:term":[{"taxonomy":"product-supplier","embeddable":true,"href":"https:\/\/insektenliebe.com\/it\/wp-json\/wp\/v2\/product-supplier?post=188568"},{"taxonomy":"product_brand","embeddable":true,"href":"https:\/\/insektenliebe.com\/it\/wp-json\/wp\/v2\/product_brand?post=188568"},{"taxonomy":"product_cat","embeddable":true,"href":"https:\/\/insektenliebe.com\/it\/wp-json\/wp\/v2\/product_cat?post=188568"},{"taxonomy":"product_tag","embeddable":true,"href":"https:\/\/insektenliebe.com\/it\/wp-json\/wp\/v2\/product_tag?post=188568"},{"taxonomy":"lce-checkout-addons","embeddable":true,"href":"https:\/\/insektenliebe.com\/it\/wp-json\/wp\/v2\/lce-checkout-addons?post=188568"}],"curies":[{"name":"wp","href":"https:\/\/api.w.org\/{rel}","templated":true}]}}