{"id":188533,"date":"2024-10-21T14:10:00","date_gmt":"2024-10-21T12:10:00","guid":{"rendered":"https:\/\/insektenliebe.com\/shop\/produkt\/substrato-di-millepiedi\/"},"modified":"2026-03-09T17:51:42","modified_gmt":"2026-03-09T16:51:42","slug":"substrato-di-millepiedi","status":"publish","type":"product","link":"https:\/\/insektenliebe.com\/it\/shop\/prodotto\/substrato-di-millepiedi\/","title":{"rendered":"Substrato di millepiedi"},"content":{"rendered":"<div class=\"flex-shrink-0 flex flex-col relative items-end\">\n<div class=\"pt-0\">\n<div class=\"gizmo-bot-avatar flex h-8 w-8 items-center justify-center overflow-hidden rounded-full\">\n<h3><span style=\"color: #99cc33;\"><strong>Substrato per millepiedi: ideale per un allevamento sano<\/strong><\/span><\/h3>\n<\/div>\n<\/div>\n<\/div>\n<p>Il nostro <strong>substrato per millepiedi<\/strong> \u00e8 la base ideale per l&#8217;allevamento dei millepiedi ed \u00e8 costituito da un humus appositamente sviluppato e finemente strutturato, creato dall&#8217;ulteriore fermentazione del nostro fogliame alimentare. Questa accurata miscela di foglie fermentate e legno marcio bianco non solo aggiunge splendore estetico al tuo terrario, ma crea anche un habitat funzionale che favorisce il benessere degli abitanti del terrario. <\/p>\n<p>L&#8217;humus finemente strutturato del nostro substrato \u00e8 creato da un processo di fermentazione naturale che rompe le strutture cellulari delle foglie e rilascia importanti nutrienti che possono essere utilizzati dai decompositori primari come i millepiedi. Questo substrato \u00e8 ricco di cellulosa e altre fibre vegetali, che vengono efficacemente scomposte dagli abitanti del fondo e forniscono al terrario nutrienti essenziali a lungo termine. Il legno bianco marcio rappresenta un&#8217;importante fonte di cibo aggiuntivo per gli organismi del suolo che si sono specializzati nella decomposizione del materiale legnoso.  <\/p>\n<p>Entrambi i substrati, insieme, promuovono l&#8217;attivit\u00e0 biologica del terreno e sostengono un&#8217;economia di ciclo naturale nel terrario.<\/p>\n<p>Il <strong>substrato per millepiedi<\/strong> \u00e8 ideale per i terrari perch\u00e9 rimane sciolto e arioso e permette agli animali di scavare facilmente e di formare le proprie tane e tunnel. Questa struttura non solo favorisce il comportamento naturale degli animali, ma ne facilita anche la cura e l&#8217;osservazione. \u00c8 ideale anche per le cocciniglie e, come strato superiore, offre condizioni ottimali per nascondersi e nidificare. Il substrato trattiene bene l&#8217;umidit\u00e0 e crea un microclima che si avvicina molto alle condizioni di vita naturali di questi abitanti del suolo.   <\/p>\n<p>Per mantenere la qualit\u00e0 e la funzione del substrato a lungo termine, non deve essere mescolato con altri tipi di substrato, in quanto ci\u00f2 pu\u00f2 modificarne la struttura e la composizione chimica. \u00c8 importante rinnovare regolarmente il substrato non appena perde la sua integrit\u00e0 strutturale o \u00e8 composto solo da componenti fecali. <\/p>\n<p>Con il nostro <strong>substrato per millepiedi<\/strong> puoi offrire ai tuoi abitanti del terrario un ambiente che supporta in modo ottimale la loro salute e il loro comportamento naturale e portare in casa tua un pezzo di natura che far\u00e0 la gioia di tutti gli amanti del terrario.<\/p>\n","protected":false},"excerpt":{"rendered":"<p>Substrato per millepiedi: ideale per un allevamento sano Il nostro substrato per millepiedi \u00e8 la base ideale per l&#8217;allevamento dei millepiedi ed \u00e8 costituito da un humus appositamente sviluppato e finemente strutturato, creato dall&#8217;ulteriore fermentazione del nostro fogliame alimentare. Questa accurata miscela di foglie fermentate e legno marcio bianco non solo aggiunge splendore estetico al [&hellip;]<\/p>\n","protected":false},"featured_media":192953,"template":"","meta":{"_acf_changed":false},"product-supplier":[],"product_brand":[],"product_cat":[2894],"product_tag":[],"lce-checkout-addons":[],"class_list":{"0":"post-188533","1":"product","2":"type-product","3":"status-publish","4":"has-post-thumbnail","6":"product_cat-substrati-e-muschi","7":"product_shipping_class-equipment-shipping","9":"first","10":"instock","11":"taxable","12":"shipping-taxable","13":"purchasable","14":"product-type-variable"},"acf":[],"yoast_head":"<!-- This site is optimized with the Yoast SEO plugin v27.3 - https:\/\/yoast.com\/product\/yoast-seo-wordpress\/ -->\n<title>Substrato di millepiedi - Insektenliebe<\/title>\n<meta name=\"description\" content=\"Acquista il substrato per millepiedi a basso costo e direttamente online: Perfetto per allevare millepiedi sani e naturali.\" \/>\n<meta name=\"robots\" content=\"index, follow, max-snippet:-1, max-image-preview:large, max-video-preview:-1\" \/>\n<link rel=\"canonical\" href=\"https:\/\/insektenliebe.com\/it\/shop\/prodotto\/substrato-di-millepiedi\/\" \/>\n<meta property=\"og:locale\" content=\"it_IT\" \/>\n<meta property=\"og:type\" content=\"article\" \/>\n<meta property=\"og:title\" content=\"Substrato di millepiedi - Insektenliebe\" \/>\n<meta property=\"og:description\" content=\"Acquista il substrato per millepiedi a basso costo e direttamente online: Perfetto per allevare millepiedi sani e naturali.\" \/>\n<meta property=\"og:url\" content=\"https:\/\/insektenliebe.com\/it\/shop\/prodotto\/substrato-di-millepiedi\/\" \/>\n<meta property=\"og:site_name\" content=\"Insektenliebe\" \/>\n<meta property=\"article:modified_time\" content=\"2026-03-09T16:51:42+00:00\" \/>\n<meta property=\"og:image\" content=\"https:\/\/insektenliebe.com\/wp-content\/uploads\/2024\/10\/Tausendfuesser-Substrat-3.jpg\" \/>\n\t<meta property=\"og:image:width\" content=\"820\" \/>\n\t<meta property=\"og:image:height\" content=\"820\" \/>\n\t<meta property=\"og:image:type\" content=\"image\/jpeg\" \/>\n<meta name=\"twitter:card\" content=\"summary_large_image\" \/>\n<meta name=\"twitter:label1\" content=\"Tempo di lettura stimato\" \/>\n\t<meta name=\"twitter:data1\" content=\"2 minuto\" \/>\n<script type=\"application\/ld+json\" class=\"yoast-schema-graph\">{\"@context\":\"https:\\\/\\\/schema.org\",\"@graph\":[{\"@type\":\"WebPage\",\"@id\":\"https:\\\/\\\/insektenliebe.com\\\/it\\\/shop\\\/prodotto\\\/substrato-di-millepiedi\\\/\",\"url\":\"https:\\\/\\\/insektenliebe.com\\\/it\\\/shop\\\/prodotto\\\/substrato-di-millepiedi\\\/\",\"name\":\"Substrato di millepiedi - Insektenliebe\",\"isPartOf\":{\"@id\":\"https:\\\/\\\/insektenliebe.com\\\/it\\\/#website\"},\"primaryImageOfPage\":{\"@id\":\"https:\\\/\\\/insektenliebe.com\\\/it\\\/shop\\\/prodotto\\\/substrato-di-millepiedi\\\/#primaryimage\"},\"image\":{\"@id\":\"https:\\\/\\\/insektenliebe.com\\\/it\\\/shop\\\/prodotto\\\/substrato-di-millepiedi\\\/#primaryimage\"},\"thumbnailUrl\":\"https:\\\/\\\/insektenliebe.com\\\/wp-content\\\/uploads\\\/2024\\\/10\\\/Tausendfuesser-Substrat-3.jpg\",\"datePublished\":\"2024-10-21T12:10:00+00:00\",\"dateModified\":\"2026-03-09T16:51:42+00:00\",\"description\":\"Acquista il substrato per millepiedi a basso costo e direttamente online: Perfetto per allevare millepiedi sani e naturali.\",\"breadcrumb\":{\"@id\":\"https:\\\/\\\/insektenliebe.com\\\/it\\\/shop\\\/prodotto\\\/substrato-di-millepiedi\\\/#breadcrumb\"},\"inLanguage\":\"it-IT\",\"potentialAction\":[{\"@type\":\"ReadAction\",\"target\":[\"https:\\\/\\\/insektenliebe.com\\\/it\\\/shop\\\/prodotto\\\/substrato-di-millepiedi\\\/\"]}]},{\"@type\":\"ImageObject\",\"inLanguage\":\"it-IT\",\"@id\":\"https:\\\/\\\/insektenliebe.com\\\/it\\\/shop\\\/prodotto\\\/substrato-di-millepiedi\\\/#primaryimage\",\"url\":\"https:\\\/\\\/insektenliebe.com\\\/wp-content\\\/uploads\\\/2024\\\/10\\\/Tausendfuesser-Substrat-3.jpg\",\"contentUrl\":\"https:\\\/\\\/insektenliebe.com\\\/wp-content\\\/uploads\\\/2024\\\/10\\\/Tausendfuesser-Substrat-3.jpg\",\"width\":820,\"height\":820,\"caption\":\"Substrato di millepiedi\"},{\"@type\":\"BreadcrumbList\",\"@id\":\"https:\\\/\\\/insektenliebe.com\\\/it\\\/shop\\\/prodotto\\\/substrato-di-millepiedi\\\/#breadcrumb\",\"itemListElement\":[{\"@type\":\"ListItem\",\"position\":1,\"name\":\"Startseite\",\"item\":\"https:\\\/\\\/insektenliebe.com\\\/it\\\/\"},{\"@type\":\"ListItem\",\"position\":2,\"name\":\"Negozio\",\"item\":\"https:\\\/\\\/insektenliebe.com\\\/it\\\/negozio\\\/\"},{\"@type\":\"ListItem\",\"position\":3,\"name\":\"Substrato di millepiedi\"}]},{\"@type\":\"WebSite\",\"@id\":\"https:\\\/\\\/insektenliebe.com\\\/it\\\/#website\",\"url\":\"https:\\\/\\\/insektenliebe.com\\\/it\\\/\",\"name\":\"Insektenliebe\",\"description\":\"Dein Zuhause f\u00fcr die kleinen Lebewesen\",\"publisher\":{\"@id\":\"https:\\\/\\\/insektenliebe.com\\\/it\\\/#organization\"},\"potentialAction\":[{\"@type\":\"SearchAction\",\"target\":{\"@type\":\"EntryPoint\",\"urlTemplate\":\"https:\\\/\\\/insektenliebe.com\\\/it\\\/?s={search_term_string}\"},\"query-input\":{\"@type\":\"PropertyValueSpecification\",\"valueRequired\":true,\"valueName\":\"search_term_string\"}}],\"inLanguage\":\"it-IT\"},{\"@type\":\"Organization\",\"@id\":\"https:\\\/\\\/insektenliebe.com\\\/it\\\/#organization\",\"name\":\"Insektenliebe\",\"url\":\"https:\\\/\\\/insektenliebe.com\\\/it\\\/\",\"logo\":{\"@type\":\"ImageObject\",\"inLanguage\":\"it-IT\",\"@id\":\"https:\\\/\\\/insektenliebe.com\\\/it\\\/#\\\/schema\\\/logo\\\/image\\\/\",\"url\":\"https:\\\/\\\/insektenliebe.com\\\/wp-content\\\/uploads\\\/2025\\\/03\\\/logo-white.png\",\"contentUrl\":\"https:\\\/\\\/insektenliebe.com\\\/wp-content\\\/uploads\\\/2025\\\/03\\\/logo-white.png\",\"width\":288,\"height\":188,\"caption\":\"Insektenliebe\"},\"image\":{\"@id\":\"https:\\\/\\\/insektenliebe.com\\\/it\\\/#\\\/schema\\\/logo\\\/image\\\/\"}}]}<\/script>\n<!-- \/ Yoast SEO plugin. -->","yoast_head_json":{"title":"Substrato di millepiedi - Insektenliebe","description":"Acquista il substrato per millepiedi a basso costo e direttamente online: Perfetto per allevare millepiedi sani e naturali.","robots":{"index":"index","follow":"follow","max-snippet":"max-snippet:-1","max-image-preview":"max-image-preview:large","max-video-preview":"max-video-preview:-1"},"canonical":"https:\/\/insektenliebe.com\/it\/shop\/prodotto\/substrato-di-millepiedi\/","og_locale":"it_IT","og_type":"article","og_title":"Substrato di millepiedi - Insektenliebe","og_description":"Acquista il substrato per millepiedi a basso costo e direttamente online: Perfetto per allevare millepiedi sani e naturali.","og_url":"https:\/\/insektenliebe.com\/it\/shop\/prodotto\/substrato-di-millepiedi\/","og_site_name":"Insektenliebe","article_modified_time":"2026-03-09T16:51:42+00:00","og_image":[{"width":820,"height":820,"url":"https:\/\/insektenliebe.com\/wp-content\/uploads\/2024\/10\/Tausendfuesser-Substrat-3.jpg","type":"image\/jpeg"}],"twitter_card":"summary_large_image","twitter_misc":{"Tempo di lettura stimato":"2 minuto"},"schema":{"@context":"https:\/\/schema.org","@graph":[{"@type":"WebPage","@id":"https:\/\/insektenliebe.com\/it\/shop\/prodotto\/substrato-di-millepiedi\/","url":"https:\/\/insektenliebe.com\/it\/shop\/prodotto\/substrato-di-millepiedi\/","name":"Substrato di millepiedi - Insektenliebe","isPartOf":{"@id":"https:\/\/insektenliebe.com\/it\/#website"},"primaryImageOfPage":{"@id":"https:\/\/insektenliebe.com\/it\/shop\/prodotto\/substrato-di-millepiedi\/#primaryimage"},"image":{"@id":"https:\/\/insektenliebe.com\/it\/shop\/prodotto\/substrato-di-millepiedi\/#primaryimage"},"thumbnailUrl":"https:\/\/insektenliebe.com\/wp-content\/uploads\/2024\/10\/Tausendfuesser-Substrat-3.jpg","datePublished":"2024-10-21T12:10:00+00:00","dateModified":"2026-03-09T16:51:42+00:00","description":"Acquista il substrato per millepiedi a basso costo e direttamente online: Perfetto per allevare millepiedi sani e naturali.","breadcrumb":{"@id":"https:\/\/insektenliebe.com\/it\/shop\/prodotto\/substrato-di-millepiedi\/#breadcrumb"},"inLanguage":"it-IT","potentialAction":[{"@type":"ReadAction","target":["https:\/\/insektenliebe.com\/it\/shop\/prodotto\/substrato-di-millepiedi\/"]}]},{"@type":"ImageObject","inLanguage":"it-IT","@id":"https:\/\/insektenliebe.com\/it\/shop\/prodotto\/substrato-di-millepiedi\/#primaryimage","url":"https:\/\/insektenliebe.com\/wp-content\/uploads\/2024\/10\/Tausendfuesser-Substrat-3.jpg","contentUrl":"https:\/\/insektenliebe.com\/wp-content\/uploads\/2024\/10\/Tausendfuesser-Substrat-3.jpg","width":820,"height":820,"caption":"Substrato di millepiedi"},{"@type":"BreadcrumbList","@id":"https:\/\/insektenliebe.com\/it\/shop\/prodotto\/substrato-di-millepiedi\/#breadcrumb","itemListElement":[{"@type":"ListItem","position":1,"name":"Startseite","item":"https:\/\/insektenliebe.com\/it\/"},{"@type":"ListItem","position":2,"name":"Negozio","item":"https:\/\/insektenliebe.com\/it\/negozio\/"},{"@type":"ListItem","position":3,"name":"Substrato di millepiedi"}]},{"@type":"WebSite","@id":"https:\/\/insektenliebe.com\/it\/#website","url":"https:\/\/insektenliebe.com\/it\/","name":"Insektenliebe","description":"Dein Zuhause f\u00fcr die kleinen Lebewesen","publisher":{"@id":"https:\/\/insektenliebe.com\/it\/#organization"},"potentialAction":[{"@type":"SearchAction","target":{"@type":"EntryPoint","urlTemplate":"https:\/\/insektenliebe.com\/it\/?s={search_term_string}"},"query-input":{"@type":"PropertyValueSpecification","valueRequired":true,"valueName":"search_term_string"}}],"inLanguage":"it-IT"},{"@type":"Organization","@id":"https:\/\/insektenliebe.com\/it\/#organization","name":"Insektenliebe","url":"https:\/\/insektenliebe.com\/it\/","logo":{"@type":"ImageObject","inLanguage":"it-IT","@id":"https:\/\/insektenliebe.com\/it\/#\/schema\/logo\/image\/","url":"https:\/\/insektenliebe.com\/wp-content\/uploads\/2025\/03\/logo-white.png","contentUrl":"https:\/\/insektenliebe.com\/wp-content\/uploads\/2025\/03\/logo-white.png","width":288,"height":188,"caption":"Insektenliebe"},"image":{"@id":"https:\/\/insektenliebe.com\/it\/#\/schema\/logo\/image\/"}}]}},"_links":{"self":[{"href":"https:\/\/insektenliebe.com\/it\/wp-json\/wp\/v2\/product\/188533","targetHints":{"allow":["GET"]}}],"collection":[{"href":"https:\/\/insektenliebe.com\/it\/wp-json\/wp\/v2\/product"}],"about":[{"href":"https:\/\/insektenliebe.com\/it\/wp-json\/wp\/v2\/types\/product"}],"wp:featuredmedia":[{"embeddable":true,"href":"https:\/\/insektenliebe.com\/it\/wp-json\/wp\/v2\/media\/192953"}],"wp:attachment":[{"href":"https:\/\/insektenliebe.com\/it\/wp-json\/wp\/v2\/media?parent=188533"}],"wp:term":[{"taxonomy":"product-supplier","embeddable":true,"href":"https:\/\/insektenliebe.com\/it\/wp-json\/wp\/v2\/product-supplier?post=188533"},{"taxonomy":"product_brand","embeddable":true,"href":"https:\/\/insektenliebe.com\/it\/wp-json\/wp\/v2\/product_brand?post=188533"},{"taxonomy":"product_cat","embeddable":true,"href":"https:\/\/insektenliebe.com\/it\/wp-json\/wp\/v2\/product_cat?post=188533"},{"taxonomy":"product_tag","embeddable":true,"href":"https:\/\/insektenliebe.com\/it\/wp-json\/wp\/v2\/product_tag?post=188533"},{"taxonomy":"lce-checkout-addons","embeddable":true,"href":"https:\/\/insektenliebe.com\/it\/wp-json\/wp\/v2\/lce-checkout-addons?post=188533"}],"curies":[{"name":"wp","href":"https:\/\/api.w.org\/{rel}","templated":true}]}}