{"id":188525,"date":"2024-10-25T12:44:00","date_gmt":"2024-10-25T10:44:00","guid":{"rendered":"https:\/\/insektenliebe.com\/shop\/produkt\/cryptocoryne-petchii\/"},"modified":"2024-10-25T12:44:00","modified_gmt":"2024-10-25T10:44:00","slug":"cryptocoryne-petchii","status":"publish","type":"product","link":"https:\/\/insektenliebe.com\/it\/shop\/prodotto\/cryptocoryne-petchii\/","title":{"rendered":"Cryptocoryne petchii"},"content":{"rendered":"<h3><strong><span style=\"color: #99cc33\">Cryptocoryne petchii: pianta esotica per terrari umidi<\/span><\/strong><\/h3>\n<div class=\"group\/conversation-turn relative flex w-full min-w-0 flex-col agent-turn\">\n<div class=\"flex-col gap-1 md:gap-3\">\n<div class=\"flex flex-grow flex-col max-w-full\">\n<div class=\"min-h- text-message flex flex-col items-start whitespace-pre-wrap break-words :mt-5 juice:w-full juice:items-end overflow-x-auto gap-2\" dir=\"auto\" data-message-author-role=\"assistant\" data-message-id=\"622823d4-6ea1-4150-9ef9-019842ccf5a1\">\n<div class=\"flex w-full flex-col gap-1 juice:empty:hidden juice:first:pt-\">\n<div class=\"markdown prose w-full break-words dark:prose-invert light\">\n<div class=\"flex-shrink-0 flex flex-col relative items-end\">\n<div>\n<div class=\"pt-0\">\n<div class=\"gizmo-bot-avatar flex h-8 w-8 items-center justify-center overflow-hidden rounded-full\">\n<div class=\"relative p-1 rounded-sm flex items-center justify-center bg-token-main-surface-primary text-token-text-primary h-8 w-8\"><span style=\"color: #555555\">La <strong>Cryptocoryne petchii,<\/strong> un&#8217;incantevole pianta della famiglia degli arum, \u00e8 un arricchimento per qualsiasi terrario. Questa specie \u00e8 originaria del Sud-Est asiatico ed \u00e8 caratterizzata da dimensioni compatte e da un&#8217;attraente colorazione delle foglie. Le sue foglie ondulate e strette, che possono variare dal verde intenso al color bronzo a seconda delle condizioni di luce, aggiungono un tocco esotico a qualsiasi terrario. La <strong>Cryptocoryne petchii<\/strong> prospera sia in terrari umidi che in acquaterrari, dove pu\u00f2 vivere parzialmente o completamente sommersa. La sua robustezza e adattabilit\u00e0 a diversi ambienti la rendono particolarmente adatta ai principianti. Preferisce un&#8217;acqua da tenera a mediamente dura e pu\u00f2 sopportare un&#8217;illuminazione moderata, con una luce pi\u00f9 forte che esalta l&#8217;intensit\u00e0 dei colori delle sue foglie.    <\/span><\/div>\n<\/div>\n<\/div>\n<\/div>\n<\/div>\n<div class=\"group\/conversation-turn relative flex w-full min-w-0 flex-col agent-turn\">\n<div class=\"flex-col gap-1 md:gap-3\">\n<div class=\"flex max-w-full flex-col flex-grow AIPRM__conversation__response\">\n<div class=\"min-h-8 text-message flex w-full flex-col items-end gap-2 whitespace-normal break-words :mt-5\" dir=\"auto\" data-message-author-role=\"assistant\" data-message-id=\"330c059d-30d9-4031-90d0-89d640514e49\" data-message-model-slug=\"gpt-4\">\n<div class=\"flex w-full flex-col gap-1 empty:hidden first:pt-\">\n<div class=\"markdown prose w-full break-words dark:prose-invert light\">\n<p>La cura di questa Cryptocoryne \u00e8 semplice. Richiede solo un&#8217;attenzione minima in termini di concimazione e luce per sviluppare tutto il suo potenziale. Una volta stabilitasi, pu\u00f2 propagarsi per mezzo di corridori e formare lentamente ma inesorabilmente gruppi densi e attraenti. Non \u00e8 solo l&#8217;aspetto estetico della <strong>Cryptocoryne petchii<\/strong> a rappresentare un vantaggio, ma anche la sua capacit\u00e0 di contribuire a migliorare la qualit\u00e0 dell&#8217;acqua.   <\/p>\n<\/div>\n<\/div>\n<\/div>\n<\/div>\n<\/div>\n<\/div>\n<\/div>\n<\/div>\n<\/div>\n<\/div>\n<\/div>\n<\/div>\n<p>In un acquaterrario, aiuta a legare i nutrienti e a mantenere l&#8217;acqua limpida, favorendo cos\u00ec l&#8217;equilibrio biologico e creando un ambiente sano per i tuoi animali.<\/p>\n<p>Per gli abitanti del tuo terrario, la <strong>Cryptocoryne petchii<\/strong> non offre solo un miglioramento visivo, ma anche pratici nascondigli. In particolare, gli anfibi pi\u00f9 piccoli e le creature acquatiche traggono beneficio dai densi gruppi di piante come protezione dalla luce eccessiva e come luogo di rifugio. Porta la <strong>Cryptocoryne petchii<\/strong> a casa tua e scopri come questa elegante pianta trasforma il tuo terrario in un&#8217;oasi verde e vivace. \u00c8 la scelta perfetta per tutti gli appassionati di terrari che cercano una pianta spettacolare ma che richieda poca manutenzione per migliorare la bellezza naturale del loro habitat.   <\/p>\n","protected":false},"excerpt":{"rendered":"<p>Cryptocoryne petchii: pianta esotica per terrari umidi La Cryptocoryne petchii, un&#8217;incantevole pianta della famiglia degli arum, \u00e8 un arricchimento per qualsiasi terrario. Questa specie \u00e8 originaria del Sud-Est asiatico ed \u00e8 caratterizzata da dimensioni compatte e da un&#8217;attraente colorazione delle foglie. Le sue foglie ondulate e strette, che possono variare dal verde intenso al color [&hellip;]<\/p>\n","protected":false},"featured_media":188527,"template":"","meta":{"_acf_changed":false},"product-supplier":[],"product_brand":[],"product_cat":[3181],"product_tag":[],"lce-checkout-addons":[2746],"class_list":{"0":"post-188525","1":"product","2":"type-product","3":"status-publish","4":"has-post-thumbnail","6":"product_cat-piante-da-terrario","7":"product_shipping_class-equipment-shipping","8":"pa_herkunft-sri-lanka","9":"lce-checkout-addons-imballaggio-invernale","11":"first","12":"outofstock","13":"taxable","14":"shipping-taxable","15":"purchasable","16":"product-type-simple"},"acf":[],"yoast_head":"<!-- This site is optimized with the Yoast SEO plugin v27.3 - https:\/\/yoast.com\/product\/yoast-seo-wordpress\/ -->\n<title>Cryptocoryne petchii - Insektenliebe<\/title>\n<meta name=\"description\" content=\"Acquista subito la Cryptocoryne petchii a basso costo e direttamente online: Una pianta robusta e di grande impatto visivo per terrari, paludari e acquari.\" \/>\n<meta name=\"robots\" content=\"index, follow, max-snippet:-1, max-image-preview:large, max-video-preview:-1\" \/>\n<link rel=\"canonical\" href=\"https:\/\/insektenliebe.com\/it\/shop\/prodotto\/cryptocoryne-petchii\/\" \/>\n<meta property=\"og:locale\" content=\"it_IT\" \/>\n<meta property=\"og:type\" content=\"article\" \/>\n<meta property=\"og:title\" content=\"Cryptocoryne petchii - Insektenliebe\" \/>\n<meta property=\"og:description\" content=\"Acquista subito la Cryptocoryne petchii a basso costo e direttamente online: Una pianta robusta e di grande impatto visivo per terrari, paludari e acquari.\" \/>\n<meta property=\"og:url\" content=\"https:\/\/insektenliebe.com\/it\/shop\/prodotto\/cryptocoryne-petchii\/\" \/>\n<meta property=\"og:site_name\" content=\"Insektenliebe\" \/>\n<meta property=\"og:image\" content=\"https:\/\/insektenliebe.com\/wp-content\/uploads\/2025\/05\/Cryptocoryne-petchii-2.jpg\" \/>\n\t<meta property=\"og:image:width\" content=\"820\" \/>\n\t<meta property=\"og:image:height\" content=\"820\" \/>\n\t<meta property=\"og:image:type\" content=\"image\/jpeg\" \/>\n<meta name=\"twitter:card\" content=\"summary_large_image\" \/>\n<meta name=\"twitter:label1\" content=\"Tempo di lettura stimato\" \/>\n\t<meta name=\"twitter:data1\" content=\"2 minuto\" \/>\n<script type=\"application\/ld+json\" class=\"yoast-schema-graph\">{\"@context\":\"https:\\\/\\\/schema.org\",\"@graph\":[{\"@type\":\"WebPage\",\"@id\":\"https:\\\/\\\/insektenliebe.com\\\/it\\\/shop\\\/prodotto\\\/cryptocoryne-petchii\\\/\",\"url\":\"https:\\\/\\\/insektenliebe.com\\\/it\\\/shop\\\/prodotto\\\/cryptocoryne-petchii\\\/\",\"name\":\"Cryptocoryne petchii - Insektenliebe\",\"isPartOf\":{\"@id\":\"https:\\\/\\\/insektenliebe.com\\\/it\\\/#website\"},\"primaryImageOfPage\":{\"@id\":\"https:\\\/\\\/insektenliebe.com\\\/it\\\/shop\\\/prodotto\\\/cryptocoryne-petchii\\\/#primaryimage\"},\"image\":{\"@id\":\"https:\\\/\\\/insektenliebe.com\\\/it\\\/shop\\\/prodotto\\\/cryptocoryne-petchii\\\/#primaryimage\"},\"thumbnailUrl\":\"https:\\\/\\\/insektenliebe.com\\\/wp-content\\\/uploads\\\/2025\\\/05\\\/Cryptocoryne-petchii-2.jpg\",\"datePublished\":\"2024-10-25T10:44:00+00:00\",\"description\":\"Acquista subito la Cryptocoryne petchii a basso costo e direttamente online: Una pianta robusta e di grande impatto visivo per terrari, paludari e acquari.\",\"breadcrumb\":{\"@id\":\"https:\\\/\\\/insektenliebe.com\\\/it\\\/shop\\\/prodotto\\\/cryptocoryne-petchii\\\/#breadcrumb\"},\"inLanguage\":\"it-IT\",\"potentialAction\":[{\"@type\":\"ReadAction\",\"target\":[\"https:\\\/\\\/insektenliebe.com\\\/it\\\/shop\\\/prodotto\\\/cryptocoryne-petchii\\\/\"]}]},{\"@type\":\"ImageObject\",\"inLanguage\":\"it-IT\",\"@id\":\"https:\\\/\\\/insektenliebe.com\\\/it\\\/shop\\\/prodotto\\\/cryptocoryne-petchii\\\/#primaryimage\",\"url\":\"https:\\\/\\\/insektenliebe.com\\\/wp-content\\\/uploads\\\/2025\\\/05\\\/Cryptocoryne-petchii-2.jpg\",\"contentUrl\":\"https:\\\/\\\/insektenliebe.com\\\/wp-content\\\/uploads\\\/2025\\\/05\\\/Cryptocoryne-petchii-2.jpg\",\"width\":820,\"height\":820,\"caption\":\"Cryptocoryne-petchii-2.jpg\"},{\"@type\":\"BreadcrumbList\",\"@id\":\"https:\\\/\\\/insektenliebe.com\\\/it\\\/shop\\\/prodotto\\\/cryptocoryne-petchii\\\/#breadcrumb\",\"itemListElement\":[{\"@type\":\"ListItem\",\"position\":1,\"name\":\"Startseite\",\"item\":\"https:\\\/\\\/insektenliebe.com\\\/it\\\/\"},{\"@type\":\"ListItem\",\"position\":2,\"name\":\"Negozio\",\"item\":\"https:\\\/\\\/insektenliebe.com\\\/it\\\/negozio\\\/\"},{\"@type\":\"ListItem\",\"position\":3,\"name\":\"Cryptocoryne petchii\"}]},{\"@type\":\"WebSite\",\"@id\":\"https:\\\/\\\/insektenliebe.com\\\/it\\\/#website\",\"url\":\"https:\\\/\\\/insektenliebe.com\\\/it\\\/\",\"name\":\"Insektenliebe\",\"description\":\"Dein Zuhause f\u00fcr die kleinen Lebewesen\",\"publisher\":{\"@id\":\"https:\\\/\\\/insektenliebe.com\\\/it\\\/#organization\"},\"potentialAction\":[{\"@type\":\"SearchAction\",\"target\":{\"@type\":\"EntryPoint\",\"urlTemplate\":\"https:\\\/\\\/insektenliebe.com\\\/it\\\/?s={search_term_string}\"},\"query-input\":{\"@type\":\"PropertyValueSpecification\",\"valueRequired\":true,\"valueName\":\"search_term_string\"}}],\"inLanguage\":\"it-IT\"},{\"@type\":\"Organization\",\"@id\":\"https:\\\/\\\/insektenliebe.com\\\/it\\\/#organization\",\"name\":\"Insektenliebe\",\"url\":\"https:\\\/\\\/insektenliebe.com\\\/it\\\/\",\"logo\":{\"@type\":\"ImageObject\",\"inLanguage\":\"it-IT\",\"@id\":\"https:\\\/\\\/insektenliebe.com\\\/it\\\/#\\\/schema\\\/logo\\\/image\\\/\",\"url\":\"https:\\\/\\\/insektenliebe.com\\\/wp-content\\\/uploads\\\/2025\\\/03\\\/logo-white.png\",\"contentUrl\":\"https:\\\/\\\/insektenliebe.com\\\/wp-content\\\/uploads\\\/2025\\\/03\\\/logo-white.png\",\"width\":288,\"height\":188,\"caption\":\"Insektenliebe\"},\"image\":{\"@id\":\"https:\\\/\\\/insektenliebe.com\\\/it\\\/#\\\/schema\\\/logo\\\/image\\\/\"}}]}<\/script>\n<!-- \/ Yoast SEO plugin. -->","yoast_head_json":{"title":"Cryptocoryne petchii - Insektenliebe","description":"Acquista subito la Cryptocoryne petchii a basso costo e direttamente online: Una pianta robusta e di grande impatto visivo per terrari, paludari e acquari.","robots":{"index":"index","follow":"follow","max-snippet":"max-snippet:-1","max-image-preview":"max-image-preview:large","max-video-preview":"max-video-preview:-1"},"canonical":"https:\/\/insektenliebe.com\/it\/shop\/prodotto\/cryptocoryne-petchii\/","og_locale":"it_IT","og_type":"article","og_title":"Cryptocoryne petchii - Insektenliebe","og_description":"Acquista subito la Cryptocoryne petchii a basso costo e direttamente online: Una pianta robusta e di grande impatto visivo per terrari, paludari e acquari.","og_url":"https:\/\/insektenliebe.com\/it\/shop\/prodotto\/cryptocoryne-petchii\/","og_site_name":"Insektenliebe","og_image":[{"width":820,"height":820,"url":"https:\/\/insektenliebe.com\/wp-content\/uploads\/2025\/05\/Cryptocoryne-petchii-2.jpg","type":"image\/jpeg"}],"twitter_card":"summary_large_image","twitter_misc":{"Tempo di lettura stimato":"2 minuto"},"schema":{"@context":"https:\/\/schema.org","@graph":[{"@type":"WebPage","@id":"https:\/\/insektenliebe.com\/it\/shop\/prodotto\/cryptocoryne-petchii\/","url":"https:\/\/insektenliebe.com\/it\/shop\/prodotto\/cryptocoryne-petchii\/","name":"Cryptocoryne petchii - Insektenliebe","isPartOf":{"@id":"https:\/\/insektenliebe.com\/it\/#website"},"primaryImageOfPage":{"@id":"https:\/\/insektenliebe.com\/it\/shop\/prodotto\/cryptocoryne-petchii\/#primaryimage"},"image":{"@id":"https:\/\/insektenliebe.com\/it\/shop\/prodotto\/cryptocoryne-petchii\/#primaryimage"},"thumbnailUrl":"https:\/\/insektenliebe.com\/wp-content\/uploads\/2025\/05\/Cryptocoryne-petchii-2.jpg","datePublished":"2024-10-25T10:44:00+00:00","description":"Acquista subito la Cryptocoryne petchii a basso costo e direttamente online: Una pianta robusta e di grande impatto visivo per terrari, paludari e acquari.","breadcrumb":{"@id":"https:\/\/insektenliebe.com\/it\/shop\/prodotto\/cryptocoryne-petchii\/#breadcrumb"},"inLanguage":"it-IT","potentialAction":[{"@type":"ReadAction","target":["https:\/\/insektenliebe.com\/it\/shop\/prodotto\/cryptocoryne-petchii\/"]}]},{"@type":"ImageObject","inLanguage":"it-IT","@id":"https:\/\/insektenliebe.com\/it\/shop\/prodotto\/cryptocoryne-petchii\/#primaryimage","url":"https:\/\/insektenliebe.com\/wp-content\/uploads\/2025\/05\/Cryptocoryne-petchii-2.jpg","contentUrl":"https:\/\/insektenliebe.com\/wp-content\/uploads\/2025\/05\/Cryptocoryne-petchii-2.jpg","width":820,"height":820,"caption":"Cryptocoryne-petchii-2.jpg"},{"@type":"BreadcrumbList","@id":"https:\/\/insektenliebe.com\/it\/shop\/prodotto\/cryptocoryne-petchii\/#breadcrumb","itemListElement":[{"@type":"ListItem","position":1,"name":"Startseite","item":"https:\/\/insektenliebe.com\/it\/"},{"@type":"ListItem","position":2,"name":"Negozio","item":"https:\/\/insektenliebe.com\/it\/negozio\/"},{"@type":"ListItem","position":3,"name":"Cryptocoryne petchii"}]},{"@type":"WebSite","@id":"https:\/\/insektenliebe.com\/it\/#website","url":"https:\/\/insektenliebe.com\/it\/","name":"Insektenliebe","description":"Dein Zuhause f\u00fcr die kleinen Lebewesen","publisher":{"@id":"https:\/\/insektenliebe.com\/it\/#organization"},"potentialAction":[{"@type":"SearchAction","target":{"@type":"EntryPoint","urlTemplate":"https:\/\/insektenliebe.com\/it\/?s={search_term_string}"},"query-input":{"@type":"PropertyValueSpecification","valueRequired":true,"valueName":"search_term_string"}}],"inLanguage":"it-IT"},{"@type":"Organization","@id":"https:\/\/insektenliebe.com\/it\/#organization","name":"Insektenliebe","url":"https:\/\/insektenliebe.com\/it\/","logo":{"@type":"ImageObject","inLanguage":"it-IT","@id":"https:\/\/insektenliebe.com\/it\/#\/schema\/logo\/image\/","url":"https:\/\/insektenliebe.com\/wp-content\/uploads\/2025\/03\/logo-white.png","contentUrl":"https:\/\/insektenliebe.com\/wp-content\/uploads\/2025\/03\/logo-white.png","width":288,"height":188,"caption":"Insektenliebe"},"image":{"@id":"https:\/\/insektenliebe.com\/it\/#\/schema\/logo\/image\/"}}]}},"_links":{"self":[{"href":"https:\/\/insektenliebe.com\/it\/wp-json\/wp\/v2\/product\/188525","targetHints":{"allow":["GET"]}}],"collection":[{"href":"https:\/\/insektenliebe.com\/it\/wp-json\/wp\/v2\/product"}],"about":[{"href":"https:\/\/insektenliebe.com\/it\/wp-json\/wp\/v2\/types\/product"}],"wp:featuredmedia":[{"embeddable":true,"href":"https:\/\/insektenliebe.com\/it\/wp-json\/wp\/v2\/media\/188527"}],"wp:attachment":[{"href":"https:\/\/insektenliebe.com\/it\/wp-json\/wp\/v2\/media?parent=188525"}],"wp:term":[{"taxonomy":"product-supplier","embeddable":true,"href":"https:\/\/insektenliebe.com\/it\/wp-json\/wp\/v2\/product-supplier?post=188525"},{"taxonomy":"product_brand","embeddable":true,"href":"https:\/\/insektenliebe.com\/it\/wp-json\/wp\/v2\/product_brand?post=188525"},{"taxonomy":"product_cat","embeddable":true,"href":"https:\/\/insektenliebe.com\/it\/wp-json\/wp\/v2\/product_cat?post=188525"},{"taxonomy":"product_tag","embeddable":true,"href":"https:\/\/insektenliebe.com\/it\/wp-json\/wp\/v2\/product_tag?post=188525"},{"taxonomy":"lce-checkout-addons","embeddable":true,"href":"https:\/\/insektenliebe.com\/it\/wp-json\/wp\/v2\/lce-checkout-addons?post=188525"}],"curies":[{"name":"wp","href":"https:\/\/api.w.org\/{rel}","templated":true}]}}