{"id":188524,"date":"2025-03-22T19:46:54","date_gmt":"2025-03-22T17:46:54","guid":{"rendered":"https:\/\/insektenliebe.com\/shop\/produkt\/baccello-di-courbaril\/"},"modified":"2026-02-26T17:11:14","modified_gmt":"2026-02-26T16:11:14","slug":"baccello-di-courbaril","status":"publish","type":"product","link":"https:\/\/insektenliebe.com\/it\/shop\/prodotto\/baccello-di-courbaril\/","title":{"rendered":"Baccello di Courbaril"},"content":{"rendered":"<div class=\"flex-shrink-0 flex flex-col relative items-end\">\n<div class=\"pt-0\">\n<div class=\"gizmo-bot-avatar flex h-8 w-8 items-center justify-center overflow-hidden rounded-full\">\n<h3 class=\"relative p-1 rounded-sm flex items-center justify-center bg-token-main-surface-primary text-token-text-primary h-8 w-8\"><span style=\"color: #99cc33;\"><strong>Il baccello di Courbaril - Grotta naturale per il tuo terrario<\/strong><\/span><\/h3>\n<\/div>\n<\/div>\n<\/div>\n<p>Il <strong>baccello di Courbaril,<\/strong> un prodotto naturale proveniente dalle foreste tropicali del Sud America, \u00e8 un&#8217;aggiunta eccezionale a qualsiasi terrario. Questi baccelli provengono dall&#8217;albero Courbaril, noto anche come ciliegio brasiliano, famoso per i suoi robusti baccelli. Ogni baccello \u00e8 unico in natura e porta un pezzo di natura esotica direttamente nel tuo terrario.  <\/p>\n<p>La <strong>capsula Courbaril<\/strong> \u00e8 caratterizzata da un guscio esterno duro e simile al legno, di colore scuro e ricco. La superficie strutturata non offre solo un fascino visivo, ma anche vantaggi pratici. I baccelli sono ideali per gli abitanti del terrario che cercano nascondigli o zone di riproduzione. Possono anche essere utilizzati come stazioni di alimentazione naturale, nascondendovi piccole leccornie.   <\/p>\n<p>Che si tratti di rettili, anfibi o invertebrati, la <strong>capsula Courbaril<\/strong> si adatta perfettamente a qualsiasi tipo di terrario. Offre nascondigli perfetti per i piccoli animali e favorisce il comportamento naturale di millepiedi, rane e molte specie di insetti. La sua consistenza liscia ma robusta lo rende un elemento decorativo di lunga durata che non verr\u00e0 decomposto o danneggiato dagli abitanti del terrario.  <\/p>\n<p><img decoding=\"async\" src=\"https:\/\/insektenliebe.com\/wp-content\/uploads\/2025\/03\/Courbaril-Schote-Terrarium.jpg\" alt=\"Terrario a baccello di Courbaril\"><\/p>\n<p>Grazie al suo materiale denso, la<strong> capsula Courbaril<\/strong> aiuta a regolare l&#8217;umidit\u00e0 nel terrario. Questo \u00e8 particolarmente vantaggioso per i terrari che richiedono un alto livello di umidit\u00e0. Il baccello assorbe l&#8217;umidit\u00e0 in eccesso e la rilascia lentamente, contribuendo alla stabilit\u00e0 del microclima nel terrario. Ogni <strong>baccello di Courbaril<\/strong> viene raccolto in modo sostenibile senza danneggiare gli habitat naturali. Siamo molto attenti a garantire che i nostri prodotti non solo siano utili ai nostri clienti e ai loro animali, ma che proteggano anche l&#8217;ambiente. Pertanto, acquistando una <strong>capsula Courbaril<\/strong>, sostieni anche le pratiche sostenibili.     <\/p>\n<p>Collocare il <strong>baccello di Courbaril<\/strong> nel terrario \u00e8 molto semplice. Grazie alla sua forma e struttura stabile, pu\u00f2 essere facilmente inserita nel substrato o posizionata tra altri elementi decorativi. La pulizia \u00e8 altrettanto semplice: \u00e8 sufficiente sciacquarla con acqua e spazzolarla, se necessario, per rimuovere sporco e detriti. Investi nella <strong>capsula Courbaril<\/strong> e aggiungi un tocco di naturale eleganza e funzionalit\u00e0 al tuo terrario. Il suo aspetto unico e i suoi vantaggi pratici la rendono un must per tutti gli appassionati di terrari che apprezzano l&#8217;autenticit\u00e0 e la naturalezza. Scopri come questo straordinario prodotto naturale arricchisce la qualit\u00e0 della vita degli abitanti del tuo terrario e allo stesso tempo ne migliora l&#8217;aspetto.     <\/p>\n<p>Desideriamo sottolineare che si tratta di un prodotto naturale e che non esistono due pezzi uguali.<\/p>\n","protected":false},"excerpt":{"rendered":"<p>Il baccello di Courbaril - Grotta naturale per il tuo terrario Il baccello di Courbaril, un prodotto naturale proveniente dalle foreste tropicali del Sud America, \u00e8 un&#8217;aggiunta eccezionale a qualsiasi terrario. Questi baccelli provengono dall&#8217;albero Courbaril, noto anche come ciliegio brasiliano, famoso per i suoi robusti baccelli. Ogni baccello \u00e8 unico in natura e porta [&hellip;]<\/p>\n","protected":false},"featured_media":188526,"template":"","meta":{"_acf_changed":false},"product-supplier":[],"product_brand":[],"product_cat":[2740],"product_tag":[],"lce-checkout-addons":[],"class_list":{"0":"post-188524","1":"product","2":"type-product","3":"status-publish","4":"has-post-thumbnail","6":"product_cat-arredamento-e-decorazione","7":"product_shipping_class-equipment-shipping","9":"first","10":"instock","11":"taxable","12":"shipping-taxable","13":"purchasable","14":"product-type-simple"},"acf":[],"yoast_head":"<!-- This site is optimized with the Yoast SEO plugin v27.3 - https:\/\/yoast.com\/product\/yoast-seo-wordpress\/ -->\n<title>Baccello di Courbaril - Insektenliebe<\/title>\n<meta name=\"description\" content=\"Acquista i baccelli di Courbaril a basso costo direttamente online! Ideale per creare un habitat quasi naturale. Perfetto per rettili, anfibi e insetti.\" \/>\n<meta name=\"robots\" content=\"index, follow, max-snippet:-1, max-image-preview:large, max-video-preview:-1\" \/>\n<link rel=\"canonical\" href=\"https:\/\/insektenliebe.com\/it\/shop\/prodotto\/baccello-di-courbaril\/\" \/>\n<meta property=\"og:locale\" content=\"it_IT\" \/>\n<meta property=\"og:type\" content=\"article\" \/>\n<meta property=\"og:title\" content=\"Baccello di Courbaril - Insektenliebe\" \/>\n<meta property=\"og:description\" content=\"Acquista i baccelli di Courbaril a basso costo direttamente online! Ideale per creare un habitat quasi naturale. Perfetto per rettili, anfibi e insetti.\" \/>\n<meta property=\"og:url\" content=\"https:\/\/insektenliebe.com\/it\/shop\/prodotto\/baccello-di-courbaril\/\" \/>\n<meta property=\"og:site_name\" content=\"Insektenliebe\" \/>\n<meta property=\"article:modified_time\" content=\"2026-02-26T16:11:14+00:00\" \/>\n<meta property=\"og:image\" content=\"https:\/\/insektenliebe.com\/wp-content\/uploads\/2025\/05\/Courbaril-Schote-2.jpg\" \/>\n\t<meta property=\"og:image:width\" content=\"820\" \/>\n\t<meta property=\"og:image:height\" content=\"820\" \/>\n\t<meta property=\"og:image:type\" content=\"image\/jpeg\" \/>\n<meta name=\"twitter:card\" content=\"summary_large_image\" \/>\n<meta name=\"twitter:label1\" content=\"Tempo di lettura stimato\" \/>\n\t<meta name=\"twitter:data1\" content=\"2 minuto\" \/>\n<script type=\"application\/ld+json\" class=\"yoast-schema-graph\">{\"@context\":\"https:\\\/\\\/schema.org\",\"@graph\":[{\"@type\":\"WebPage\",\"@id\":\"https:\\\/\\\/insektenliebe.com\\\/it\\\/shop\\\/prodotto\\\/baccello-di-courbaril\\\/\",\"url\":\"https:\\\/\\\/insektenliebe.com\\\/it\\\/shop\\\/prodotto\\\/baccello-di-courbaril\\\/\",\"name\":\"Baccello di Courbaril - Insektenliebe\",\"isPartOf\":{\"@id\":\"https:\\\/\\\/insektenliebe.com\\\/it\\\/#website\"},\"primaryImageOfPage\":{\"@id\":\"https:\\\/\\\/insektenliebe.com\\\/it\\\/shop\\\/prodotto\\\/baccello-di-courbaril\\\/#primaryimage\"},\"image\":{\"@id\":\"https:\\\/\\\/insektenliebe.com\\\/it\\\/shop\\\/prodotto\\\/baccello-di-courbaril\\\/#primaryimage\"},\"thumbnailUrl\":\"https:\\\/\\\/insektenliebe.com\\\/wp-content\\\/uploads\\\/2025\\\/05\\\/Courbaril-Schote-2.jpg\",\"datePublished\":\"2025-03-22T17:46:54+00:00\",\"dateModified\":\"2026-02-26T16:11:14+00:00\",\"description\":\"Acquista i baccelli di Courbaril a basso costo direttamente online! Ideale per creare un habitat quasi naturale. Perfetto per rettili, anfibi e insetti.\",\"breadcrumb\":{\"@id\":\"https:\\\/\\\/insektenliebe.com\\\/it\\\/shop\\\/prodotto\\\/baccello-di-courbaril\\\/#breadcrumb\"},\"inLanguage\":\"it-IT\",\"potentialAction\":[{\"@type\":\"ReadAction\",\"target\":[\"https:\\\/\\\/insektenliebe.com\\\/it\\\/shop\\\/prodotto\\\/baccello-di-courbaril\\\/\"]}]},{\"@type\":\"ImageObject\",\"inLanguage\":\"it-IT\",\"@id\":\"https:\\\/\\\/insektenliebe.com\\\/it\\\/shop\\\/prodotto\\\/baccello-di-courbaril\\\/#primaryimage\",\"url\":\"https:\\\/\\\/insektenliebe.com\\\/wp-content\\\/uploads\\\/2025\\\/05\\\/Courbaril-Schote-2.jpg\",\"contentUrl\":\"https:\\\/\\\/insektenliebe.com\\\/wp-content\\\/uploads\\\/2025\\\/05\\\/Courbaril-Schote-2.jpg\",\"width\":820,\"height\":820,\"caption\":\"Courbaril pod-2.jpg\"},{\"@type\":\"BreadcrumbList\",\"@id\":\"https:\\\/\\\/insektenliebe.com\\\/it\\\/shop\\\/prodotto\\\/baccello-di-courbaril\\\/#breadcrumb\",\"itemListElement\":[{\"@type\":\"ListItem\",\"position\":1,\"name\":\"Startseite\",\"item\":\"https:\\\/\\\/insektenliebe.com\\\/it\\\/\"},{\"@type\":\"ListItem\",\"position\":2,\"name\":\"Negozio\",\"item\":\"https:\\\/\\\/insektenliebe.com\\\/it\\\/negozio\\\/\"},{\"@type\":\"ListItem\",\"position\":3,\"name\":\"Baccello di Courbaril\"}]},{\"@type\":\"WebSite\",\"@id\":\"https:\\\/\\\/insektenliebe.com\\\/it\\\/#website\",\"url\":\"https:\\\/\\\/insektenliebe.com\\\/it\\\/\",\"name\":\"Insektenliebe\",\"description\":\"Dein Zuhause f\u00fcr die kleinen Lebewesen\",\"publisher\":{\"@id\":\"https:\\\/\\\/insektenliebe.com\\\/it\\\/#organization\"},\"potentialAction\":[{\"@type\":\"SearchAction\",\"target\":{\"@type\":\"EntryPoint\",\"urlTemplate\":\"https:\\\/\\\/insektenliebe.com\\\/it\\\/?s={search_term_string}\"},\"query-input\":{\"@type\":\"PropertyValueSpecification\",\"valueRequired\":true,\"valueName\":\"search_term_string\"}}],\"inLanguage\":\"it-IT\"},{\"@type\":\"Organization\",\"@id\":\"https:\\\/\\\/insektenliebe.com\\\/it\\\/#organization\",\"name\":\"Insektenliebe\",\"url\":\"https:\\\/\\\/insektenliebe.com\\\/it\\\/\",\"logo\":{\"@type\":\"ImageObject\",\"inLanguage\":\"it-IT\",\"@id\":\"https:\\\/\\\/insektenliebe.com\\\/it\\\/#\\\/schema\\\/logo\\\/image\\\/\",\"url\":\"https:\\\/\\\/insektenliebe.com\\\/wp-content\\\/uploads\\\/2025\\\/03\\\/logo-white.png\",\"contentUrl\":\"https:\\\/\\\/insektenliebe.com\\\/wp-content\\\/uploads\\\/2025\\\/03\\\/logo-white.png\",\"width\":288,\"height\":188,\"caption\":\"Insektenliebe\"},\"image\":{\"@id\":\"https:\\\/\\\/insektenliebe.com\\\/it\\\/#\\\/schema\\\/logo\\\/image\\\/\"}}]}<\/script>\n<!-- \/ Yoast SEO plugin. -->","yoast_head_json":{"title":"Baccello di Courbaril - Insektenliebe","description":"Acquista i baccelli di Courbaril a basso costo direttamente online! Ideale per creare un habitat quasi naturale. Perfetto per rettili, anfibi e insetti.","robots":{"index":"index","follow":"follow","max-snippet":"max-snippet:-1","max-image-preview":"max-image-preview:large","max-video-preview":"max-video-preview:-1"},"canonical":"https:\/\/insektenliebe.com\/it\/shop\/prodotto\/baccello-di-courbaril\/","og_locale":"it_IT","og_type":"article","og_title":"Baccello di Courbaril - Insektenliebe","og_description":"Acquista i baccelli di Courbaril a basso costo direttamente online! Ideale per creare un habitat quasi naturale. Perfetto per rettili, anfibi e insetti.","og_url":"https:\/\/insektenliebe.com\/it\/shop\/prodotto\/baccello-di-courbaril\/","og_site_name":"Insektenliebe","article_modified_time":"2026-02-26T16:11:14+00:00","og_image":[{"width":820,"height":820,"url":"https:\/\/insektenliebe.com\/wp-content\/uploads\/2025\/05\/Courbaril-Schote-2.jpg","type":"image\/jpeg"}],"twitter_card":"summary_large_image","twitter_misc":{"Tempo di lettura stimato":"2 minuto"},"schema":{"@context":"https:\/\/schema.org","@graph":[{"@type":"WebPage","@id":"https:\/\/insektenliebe.com\/it\/shop\/prodotto\/baccello-di-courbaril\/","url":"https:\/\/insektenliebe.com\/it\/shop\/prodotto\/baccello-di-courbaril\/","name":"Baccello di Courbaril - Insektenliebe","isPartOf":{"@id":"https:\/\/insektenliebe.com\/it\/#website"},"primaryImageOfPage":{"@id":"https:\/\/insektenliebe.com\/it\/shop\/prodotto\/baccello-di-courbaril\/#primaryimage"},"image":{"@id":"https:\/\/insektenliebe.com\/it\/shop\/prodotto\/baccello-di-courbaril\/#primaryimage"},"thumbnailUrl":"https:\/\/insektenliebe.com\/wp-content\/uploads\/2025\/05\/Courbaril-Schote-2.jpg","datePublished":"2025-03-22T17:46:54+00:00","dateModified":"2026-02-26T16:11:14+00:00","description":"Acquista i baccelli di Courbaril a basso costo direttamente online! Ideale per creare un habitat quasi naturale. Perfetto per rettili, anfibi e insetti.","breadcrumb":{"@id":"https:\/\/insektenliebe.com\/it\/shop\/prodotto\/baccello-di-courbaril\/#breadcrumb"},"inLanguage":"it-IT","potentialAction":[{"@type":"ReadAction","target":["https:\/\/insektenliebe.com\/it\/shop\/prodotto\/baccello-di-courbaril\/"]}]},{"@type":"ImageObject","inLanguage":"it-IT","@id":"https:\/\/insektenliebe.com\/it\/shop\/prodotto\/baccello-di-courbaril\/#primaryimage","url":"https:\/\/insektenliebe.com\/wp-content\/uploads\/2025\/05\/Courbaril-Schote-2.jpg","contentUrl":"https:\/\/insektenliebe.com\/wp-content\/uploads\/2025\/05\/Courbaril-Schote-2.jpg","width":820,"height":820,"caption":"Courbaril pod-2.jpg"},{"@type":"BreadcrumbList","@id":"https:\/\/insektenliebe.com\/it\/shop\/prodotto\/baccello-di-courbaril\/#breadcrumb","itemListElement":[{"@type":"ListItem","position":1,"name":"Startseite","item":"https:\/\/insektenliebe.com\/it\/"},{"@type":"ListItem","position":2,"name":"Negozio","item":"https:\/\/insektenliebe.com\/it\/negozio\/"},{"@type":"ListItem","position":3,"name":"Baccello di Courbaril"}]},{"@type":"WebSite","@id":"https:\/\/insektenliebe.com\/it\/#website","url":"https:\/\/insektenliebe.com\/it\/","name":"Insektenliebe","description":"Dein Zuhause f\u00fcr die kleinen Lebewesen","publisher":{"@id":"https:\/\/insektenliebe.com\/it\/#organization"},"potentialAction":[{"@type":"SearchAction","target":{"@type":"EntryPoint","urlTemplate":"https:\/\/insektenliebe.com\/it\/?s={search_term_string}"},"query-input":{"@type":"PropertyValueSpecification","valueRequired":true,"valueName":"search_term_string"}}],"inLanguage":"it-IT"},{"@type":"Organization","@id":"https:\/\/insektenliebe.com\/it\/#organization","name":"Insektenliebe","url":"https:\/\/insektenliebe.com\/it\/","logo":{"@type":"ImageObject","inLanguage":"it-IT","@id":"https:\/\/insektenliebe.com\/it\/#\/schema\/logo\/image\/","url":"https:\/\/insektenliebe.com\/wp-content\/uploads\/2025\/03\/logo-white.png","contentUrl":"https:\/\/insektenliebe.com\/wp-content\/uploads\/2025\/03\/logo-white.png","width":288,"height":188,"caption":"Insektenliebe"},"image":{"@id":"https:\/\/insektenliebe.com\/it\/#\/schema\/logo\/image\/"}}]}},"_links":{"self":[{"href":"https:\/\/insektenliebe.com\/it\/wp-json\/wp\/v2\/product\/188524","targetHints":{"allow":["GET"]}}],"collection":[{"href":"https:\/\/insektenliebe.com\/it\/wp-json\/wp\/v2\/product"}],"about":[{"href":"https:\/\/insektenliebe.com\/it\/wp-json\/wp\/v2\/types\/product"}],"wp:featuredmedia":[{"embeddable":true,"href":"https:\/\/insektenliebe.com\/it\/wp-json\/wp\/v2\/media\/188526"}],"wp:attachment":[{"href":"https:\/\/insektenliebe.com\/it\/wp-json\/wp\/v2\/media?parent=188524"}],"wp:term":[{"taxonomy":"product-supplier","embeddable":true,"href":"https:\/\/insektenliebe.com\/it\/wp-json\/wp\/v2\/product-supplier?post=188524"},{"taxonomy":"product_brand","embeddable":true,"href":"https:\/\/insektenliebe.com\/it\/wp-json\/wp\/v2\/product_brand?post=188524"},{"taxonomy":"product_cat","embeddable":true,"href":"https:\/\/insektenliebe.com\/it\/wp-json\/wp\/v2\/product_cat?post=188524"},{"taxonomy":"product_tag","embeddable":true,"href":"https:\/\/insektenliebe.com\/it\/wp-json\/wp\/v2\/product_tag?post=188524"},{"taxonomy":"lce-checkout-addons","embeddable":true,"href":"https:\/\/insektenliebe.com\/it\/wp-json\/wp\/v2\/lce-checkout-addons?post=188524"}],"curies":[{"name":"wp","href":"https:\/\/api.w.org\/{rel}","templated":true}]}}