{"id":188490,"date":"2025-03-25T13:12:00","date_gmt":"2025-03-25T12:12:00","guid":{"rendered":"https:\/\/insektenliebe.com\/shop\/produkt\/umidificatore-exo-terra-generatore-di-nebbia-a-ultrasuoni\/"},"modified":"2026-03-02T17:51:43","modified_gmt":"2026-03-02T16:51:43","slug":"umidificatore-exo-terra-generatore-di-nebbia-a-ultrasuoni","status":"publish","type":"product","link":"https:\/\/insektenliebe.com\/it\/shop\/prodotto\/umidificatore-exo-terra-generatore-di-nebbia-a-ultrasuoni\/","title":{"rendered":"Umidificatore Exo Terra Generatore di nebbia a ultrasuoni"},"content":{"rendered":"<h3><span class=\"s1\" style=\"color: #99cc33;\">Generatore di nebbia a ultrasuoni Exo Terra Humidifier - Intensit\u00e0 della nebbia regolabile individualmente<\/span><\/h3>\n<p class=\"p1\"><span class=\"s1\">Il <\/span><strong><span class=\"s2\">Umidificatore Exo Terra Generatore di nebbia a ultrasuoni<\/span><\/strong><span class=\"s1\">  utilizza la moderna tecnologia a ultrasuoni per generare una nebbia fresca e fine, aumentando cos\u00ec l&#8217;umidit\u00e0 nel terrario in modo mirato. Le specie tropicali, in particolare, hanno bisogno di livelli di umidit\u00e0 costanti, che influenzano direttamente la muta, la respirazione e l&#8217;attivit\u00e0. Con questo dispositivo puoi creare condizioni stabili senza dover spruzzare costantemente manualmente.  <\/span><\/p>\n<p class=\"p1\"><span class=\"s1\">Il generoso serbatoio d&#8217;acqua da 4,5 litri consente un funzionamento continuo fino a 20 ore. Questo rende l&#8217;umidificatore ideale per le fasi di umidificazione pi\u00f9 lunghe, ad esempio durante la notte o quando sei fuori casa. Allo stesso tempo, l&#8217;indicatore LED integrato del livello dell&#8217;acqua ti tiene sempre informato sul livello di riempimento attuale. Non appena il livello dell&#8217;acqua si abbassa troppo, il dispositivo si spegne automaticamente. In questo modo, la tecnologia e l&#8217;ambiente circostante sono protetti in modo affidabile da eventuali danni.    <\/span><\/p>\n<p class=\"p1\"><span class=\"s1\">Puoi regolare l&#8217;intensit\u00e0 della nebbia individualmente. Questo ti permette di adattare l&#8217;umidit\u00e0 esattamente alle esigenze dei tuoi animali. Gli abitanti delle foreste pluviali tropicali beneficiano di un&#8217;umidit\u00e0 costantemente elevata, mentre le specie del deserto hanno bisogno solo occasionalmente di un leggero aumento dell&#8217;umidit\u00e0. L&#8217;umidificatore Exo Terra permette di ottenere entrambe le cose in modo flessibile e controllato.   <\/span><\/p>\n<p class=\"p1\"><span class=\"s1\">La nebbia non solo migliora il clima, ma favorisce anche i processi naturali. I rettili e gli anfibi fanno la muta molto pi\u00f9 facilmente in condizioni di umidit\u00e0 ottimale. Allo stesso tempo, le piante traggono beneficio da un&#8217;umidificazione uniforme in quanto assorbono l&#8217;umidit\u00e0 direttamente dall&#8217;ambiente.  <\/span><\/p>\n<p class=\"p1\"><span class=\"s1\">L&#8217;installazione \u00e8 semplice. Posiziona il dispositivo all&#8217;esterno del terrario e inserisci il tubo flessibile nella vasca. Il tubo pu\u00f2 essere esteso fino a quattro uscite, in modo da poter alimentare pi\u00f9 terrari contemporaneamente. Questo rende il sistema adatto anche a installazioni pi\u00f9 grandi.   <\/span><\/p>\n<p class=\"p1\"><span class=\"s1\">La nebbia fine crea anche un&#8217;atmosfera di grande impatto visivo. La nebbia mattutina o l&#8217;effetto foresta tropicale conferiscono al tuo terrario una profondit\u00e0 naturale e migliorano l&#8217;effetto visivo. <\/span><\/p>\n<p class=\"p1\"><span class=\"s1\">Con il <\/span><strong><span class=\"s2\">Exo Terra Humidifier Ultrasonic Mist Generator<\/span><\/strong><span class=\"s1\"> avrai una soluzione potente, sicura e conveniente per un controllo preciso dell&#8217;umidit\u00e0, per animali sani, piante vitali e un microclima stabile.<\/span><\/p>\n","protected":false},"excerpt":{"rendered":"<p>Generatore di nebbia a ultrasuoni Exo Terra Humidifier - Intensit\u00e0 della nebbia regolabile individualmente Il Umidificatore Exo Terra Generatore di nebbia a ultrasuoni utilizza la moderna tecnologia a ultrasuoni per generare una nebbia fresca e fine, aumentando cos\u00ec l&#8217;umidit\u00e0 nel terrario in modo mirato. Le specie tropicali, in particolare, hanno bisogno di livelli di umidit\u00e0 [&hellip;]<\/p>\n","protected":false},"featured_media":188500,"template":"","meta":{"_acf_changed":false},"product-supplier":[2554],"product_brand":[3027],"product_cat":[2741],"product_tag":[],"lce-checkout-addons":[],"class_list":{"0":"post-188490","1":"product","2":"type-product","3":"status-publish","4":"has-post-thumbnail","6":"product_brand-exo-terra","7":"product_cat-illuminazione-e-clima","8":"product_shipping_class-equipment-shipping","10":"first","11":"instock","12":"sale","13":"taxable","14":"shipping-taxable","15":"purchasable","16":"product-type-simple"},"acf":[],"yoast_head":"<!-- This site is optimized with the Yoast SEO plugin v27.3 - https:\/\/yoast.com\/product\/yoast-seo-wordpress\/ -->\n<title>Umidificatore Exo Terra Generatore di nebbia a ultrasuoni - Insektenliebe<\/title>\n<meta name=\"description\" content=\"Generatore di nebbia a ultrasuoni Exo Terra Humidifier - serbatoio da 4,5 litri, nebulizzazione regolabile, autonomia fino a 20 ore. Per terrari tropicali e climi da foresta pluviale.\" \/>\n<meta name=\"robots\" content=\"index, follow, max-snippet:-1, max-image-preview:large, max-video-preview:-1\" \/>\n<link rel=\"canonical\" href=\"https:\/\/insektenliebe.com\/it\/shop\/prodotto\/umidificatore-exo-terra-generatore-di-nebbia-a-ultrasuoni\/\" \/>\n<meta property=\"og:locale\" content=\"it_IT\" \/>\n<meta property=\"og:type\" content=\"article\" \/>\n<meta property=\"og:title\" content=\"Umidificatore Exo Terra Generatore di nebbia a ultrasuoni - Insektenliebe\" \/>\n<meta property=\"og:description\" content=\"Generatore di nebbia a ultrasuoni Exo Terra Humidifier - serbatoio da 4,5 litri, nebulizzazione regolabile, autonomia fino a 20 ore. Per terrari tropicali e climi da foresta pluviale.\" \/>\n<meta property=\"og:url\" content=\"https:\/\/insektenliebe.com\/it\/shop\/prodotto\/umidificatore-exo-terra-generatore-di-nebbia-a-ultrasuoni\/\" \/>\n<meta property=\"og:site_name\" content=\"Insektenliebe\" \/>\n<meta property=\"article:modified_time\" content=\"2026-03-02T16:51:43+00:00\" \/>\n<meta property=\"og:image\" content=\"https:\/\/insektenliebe.com\/wp-content\/uploads\/2025\/05\/Exo-Terra-Humidifier-Ultraschall-Nebelgenerator-2.jpg\" \/>\n\t<meta property=\"og:image:width\" content=\"820\" \/>\n\t<meta property=\"og:image:height\" content=\"820\" \/>\n\t<meta property=\"og:image:type\" content=\"image\/jpeg\" \/>\n<meta name=\"twitter:card\" content=\"summary_large_image\" \/>\n<meta name=\"twitter:label1\" content=\"Tempo di lettura stimato\" \/>\n\t<meta name=\"twitter:data1\" content=\"2 minuto\" \/>\n<script type=\"application\/ld+json\" class=\"yoast-schema-graph\">{\"@context\":\"https:\\\/\\\/schema.org\",\"@graph\":[{\"@type\":\"WebPage\",\"@id\":\"https:\\\/\\\/insektenliebe.com\\\/it\\\/shop\\\/prodotto\\\/umidificatore-exo-terra-generatore-di-nebbia-a-ultrasuoni\\\/\",\"url\":\"https:\\\/\\\/insektenliebe.com\\\/it\\\/shop\\\/prodotto\\\/umidificatore-exo-terra-generatore-di-nebbia-a-ultrasuoni\\\/\",\"name\":\"Umidificatore Exo Terra Generatore di nebbia a ultrasuoni - Insektenliebe\",\"isPartOf\":{\"@id\":\"https:\\\/\\\/insektenliebe.com\\\/it\\\/#website\"},\"primaryImageOfPage\":{\"@id\":\"https:\\\/\\\/insektenliebe.com\\\/it\\\/shop\\\/prodotto\\\/umidificatore-exo-terra-generatore-di-nebbia-a-ultrasuoni\\\/#primaryimage\"},\"image\":{\"@id\":\"https:\\\/\\\/insektenliebe.com\\\/it\\\/shop\\\/prodotto\\\/umidificatore-exo-terra-generatore-di-nebbia-a-ultrasuoni\\\/#primaryimage\"},\"thumbnailUrl\":\"https:\\\/\\\/insektenliebe.com\\\/wp-content\\\/uploads\\\/2025\\\/05\\\/Exo-Terra-Humidifier-Ultraschall-Nebelgenerator-2.jpg\",\"datePublished\":\"2025-03-25T12:12:00+00:00\",\"dateModified\":\"2026-03-02T16:51:43+00:00\",\"description\":\"Generatore di nebbia a ultrasuoni Exo Terra Humidifier - serbatoio da 4,5 litri, nebulizzazione regolabile, autonomia fino a 20 ore. Per terrari tropicali e climi da foresta pluviale.\",\"breadcrumb\":{\"@id\":\"https:\\\/\\\/insektenliebe.com\\\/it\\\/shop\\\/prodotto\\\/umidificatore-exo-terra-generatore-di-nebbia-a-ultrasuoni\\\/#breadcrumb\"},\"inLanguage\":\"it-IT\",\"potentialAction\":[{\"@type\":\"ReadAction\",\"target\":[\"https:\\\/\\\/insektenliebe.com\\\/it\\\/shop\\\/prodotto\\\/umidificatore-exo-terra-generatore-di-nebbia-a-ultrasuoni\\\/\"]}]},{\"@type\":\"ImageObject\",\"inLanguage\":\"it-IT\",\"@id\":\"https:\\\/\\\/insektenliebe.com\\\/it\\\/shop\\\/prodotto\\\/umidificatore-exo-terra-generatore-di-nebbia-a-ultrasuoni\\\/#primaryimage\",\"url\":\"https:\\\/\\\/insektenliebe.com\\\/wp-content\\\/uploads\\\/2025\\\/05\\\/Exo-Terra-Humidifier-Ultraschall-Nebelgenerator-2.jpg\",\"contentUrl\":\"https:\\\/\\\/insektenliebe.com\\\/wp-content\\\/uploads\\\/2025\\\/05\\\/Exo-Terra-Humidifier-Ultraschall-Nebelgenerator-2.jpg\",\"width\":820,\"height\":820,\"caption\":\"Exo-Terra-Humidifier-Ultrasonic-Fog-Generator-2.jpg\"},{\"@type\":\"BreadcrumbList\",\"@id\":\"https:\\\/\\\/insektenliebe.com\\\/it\\\/shop\\\/prodotto\\\/umidificatore-exo-terra-generatore-di-nebbia-a-ultrasuoni\\\/#breadcrumb\",\"itemListElement\":[{\"@type\":\"ListItem\",\"position\":1,\"name\":\"Startseite\",\"item\":\"https:\\\/\\\/insektenliebe.com\\\/it\\\/\"},{\"@type\":\"ListItem\",\"position\":2,\"name\":\"Negozio\",\"item\":\"https:\\\/\\\/insektenliebe.com\\\/it\\\/negozio\\\/\"},{\"@type\":\"ListItem\",\"position\":3,\"name\":\"Umidificatore Exo Terra Generatore di nebbia a ultrasuoni\"}]},{\"@type\":\"WebSite\",\"@id\":\"https:\\\/\\\/insektenliebe.com\\\/it\\\/#website\",\"url\":\"https:\\\/\\\/insektenliebe.com\\\/it\\\/\",\"name\":\"Insektenliebe\",\"description\":\"Dein Zuhause f\u00fcr die kleinen Lebewesen\",\"publisher\":{\"@id\":\"https:\\\/\\\/insektenliebe.com\\\/it\\\/#organization\"},\"potentialAction\":[{\"@type\":\"SearchAction\",\"target\":{\"@type\":\"EntryPoint\",\"urlTemplate\":\"https:\\\/\\\/insektenliebe.com\\\/it\\\/?s={search_term_string}\"},\"query-input\":{\"@type\":\"PropertyValueSpecification\",\"valueRequired\":true,\"valueName\":\"search_term_string\"}}],\"inLanguage\":\"it-IT\"},{\"@type\":\"Organization\",\"@id\":\"https:\\\/\\\/insektenliebe.com\\\/it\\\/#organization\",\"name\":\"Insektenliebe\",\"url\":\"https:\\\/\\\/insektenliebe.com\\\/it\\\/\",\"logo\":{\"@type\":\"ImageObject\",\"inLanguage\":\"it-IT\",\"@id\":\"https:\\\/\\\/insektenliebe.com\\\/it\\\/#\\\/schema\\\/logo\\\/image\\\/\",\"url\":\"https:\\\/\\\/insektenliebe.com\\\/wp-content\\\/uploads\\\/2025\\\/03\\\/logo-white.png\",\"contentUrl\":\"https:\\\/\\\/insektenliebe.com\\\/wp-content\\\/uploads\\\/2025\\\/03\\\/logo-white.png\",\"width\":288,\"height\":188,\"caption\":\"Insektenliebe\"},\"image\":{\"@id\":\"https:\\\/\\\/insektenliebe.com\\\/it\\\/#\\\/schema\\\/logo\\\/image\\\/\"}}]}<\/script>\n<!-- \/ Yoast SEO plugin. -->","yoast_head_json":{"title":"Umidificatore Exo Terra Generatore di nebbia a ultrasuoni - Insektenliebe","description":"Generatore di nebbia a ultrasuoni Exo Terra Humidifier - serbatoio da 4,5 litri, nebulizzazione regolabile, autonomia fino a 20 ore. Per terrari tropicali e climi da foresta pluviale.","robots":{"index":"index","follow":"follow","max-snippet":"max-snippet:-1","max-image-preview":"max-image-preview:large","max-video-preview":"max-video-preview:-1"},"canonical":"https:\/\/insektenliebe.com\/it\/shop\/prodotto\/umidificatore-exo-terra-generatore-di-nebbia-a-ultrasuoni\/","og_locale":"it_IT","og_type":"article","og_title":"Umidificatore Exo Terra Generatore di nebbia a ultrasuoni - Insektenliebe","og_description":"Generatore di nebbia a ultrasuoni Exo Terra Humidifier - serbatoio da 4,5 litri, nebulizzazione regolabile, autonomia fino a 20 ore. Per terrari tropicali e climi da foresta pluviale.","og_url":"https:\/\/insektenliebe.com\/it\/shop\/prodotto\/umidificatore-exo-terra-generatore-di-nebbia-a-ultrasuoni\/","og_site_name":"Insektenliebe","article_modified_time":"2026-03-02T16:51:43+00:00","og_image":[{"width":820,"height":820,"url":"https:\/\/insektenliebe.com\/wp-content\/uploads\/2025\/05\/Exo-Terra-Humidifier-Ultraschall-Nebelgenerator-2.jpg","type":"image\/jpeg"}],"twitter_card":"summary_large_image","twitter_misc":{"Tempo di lettura stimato":"2 minuto"},"schema":{"@context":"https:\/\/schema.org","@graph":[{"@type":"WebPage","@id":"https:\/\/insektenliebe.com\/it\/shop\/prodotto\/umidificatore-exo-terra-generatore-di-nebbia-a-ultrasuoni\/","url":"https:\/\/insektenliebe.com\/it\/shop\/prodotto\/umidificatore-exo-terra-generatore-di-nebbia-a-ultrasuoni\/","name":"Umidificatore Exo Terra Generatore di nebbia a ultrasuoni - Insektenliebe","isPartOf":{"@id":"https:\/\/insektenliebe.com\/it\/#website"},"primaryImageOfPage":{"@id":"https:\/\/insektenliebe.com\/it\/shop\/prodotto\/umidificatore-exo-terra-generatore-di-nebbia-a-ultrasuoni\/#primaryimage"},"image":{"@id":"https:\/\/insektenliebe.com\/it\/shop\/prodotto\/umidificatore-exo-terra-generatore-di-nebbia-a-ultrasuoni\/#primaryimage"},"thumbnailUrl":"https:\/\/insektenliebe.com\/wp-content\/uploads\/2025\/05\/Exo-Terra-Humidifier-Ultraschall-Nebelgenerator-2.jpg","datePublished":"2025-03-25T12:12:00+00:00","dateModified":"2026-03-02T16:51:43+00:00","description":"Generatore di nebbia a ultrasuoni Exo Terra Humidifier - serbatoio da 4,5 litri, nebulizzazione regolabile, autonomia fino a 20 ore. Per terrari tropicali e climi da foresta pluviale.","breadcrumb":{"@id":"https:\/\/insektenliebe.com\/it\/shop\/prodotto\/umidificatore-exo-terra-generatore-di-nebbia-a-ultrasuoni\/#breadcrumb"},"inLanguage":"it-IT","potentialAction":[{"@type":"ReadAction","target":["https:\/\/insektenliebe.com\/it\/shop\/prodotto\/umidificatore-exo-terra-generatore-di-nebbia-a-ultrasuoni\/"]}]},{"@type":"ImageObject","inLanguage":"it-IT","@id":"https:\/\/insektenliebe.com\/it\/shop\/prodotto\/umidificatore-exo-terra-generatore-di-nebbia-a-ultrasuoni\/#primaryimage","url":"https:\/\/insektenliebe.com\/wp-content\/uploads\/2025\/05\/Exo-Terra-Humidifier-Ultraschall-Nebelgenerator-2.jpg","contentUrl":"https:\/\/insektenliebe.com\/wp-content\/uploads\/2025\/05\/Exo-Terra-Humidifier-Ultraschall-Nebelgenerator-2.jpg","width":820,"height":820,"caption":"Exo-Terra-Humidifier-Ultrasonic-Fog-Generator-2.jpg"},{"@type":"BreadcrumbList","@id":"https:\/\/insektenliebe.com\/it\/shop\/prodotto\/umidificatore-exo-terra-generatore-di-nebbia-a-ultrasuoni\/#breadcrumb","itemListElement":[{"@type":"ListItem","position":1,"name":"Startseite","item":"https:\/\/insektenliebe.com\/it\/"},{"@type":"ListItem","position":2,"name":"Negozio","item":"https:\/\/insektenliebe.com\/it\/negozio\/"},{"@type":"ListItem","position":3,"name":"Umidificatore Exo Terra Generatore di nebbia a ultrasuoni"}]},{"@type":"WebSite","@id":"https:\/\/insektenliebe.com\/it\/#website","url":"https:\/\/insektenliebe.com\/it\/","name":"Insektenliebe","description":"Dein Zuhause f\u00fcr die kleinen Lebewesen","publisher":{"@id":"https:\/\/insektenliebe.com\/it\/#organization"},"potentialAction":[{"@type":"SearchAction","target":{"@type":"EntryPoint","urlTemplate":"https:\/\/insektenliebe.com\/it\/?s={search_term_string}"},"query-input":{"@type":"PropertyValueSpecification","valueRequired":true,"valueName":"search_term_string"}}],"inLanguage":"it-IT"},{"@type":"Organization","@id":"https:\/\/insektenliebe.com\/it\/#organization","name":"Insektenliebe","url":"https:\/\/insektenliebe.com\/it\/","logo":{"@type":"ImageObject","inLanguage":"it-IT","@id":"https:\/\/insektenliebe.com\/it\/#\/schema\/logo\/image\/","url":"https:\/\/insektenliebe.com\/wp-content\/uploads\/2025\/03\/logo-white.png","contentUrl":"https:\/\/insektenliebe.com\/wp-content\/uploads\/2025\/03\/logo-white.png","width":288,"height":188,"caption":"Insektenliebe"},"image":{"@id":"https:\/\/insektenliebe.com\/it\/#\/schema\/logo\/image\/"}}]}},"_links":{"self":[{"href":"https:\/\/insektenliebe.com\/it\/wp-json\/wp\/v2\/product\/188490","targetHints":{"allow":["GET"]}}],"collection":[{"href":"https:\/\/insektenliebe.com\/it\/wp-json\/wp\/v2\/product"}],"about":[{"href":"https:\/\/insektenliebe.com\/it\/wp-json\/wp\/v2\/types\/product"}],"wp:featuredmedia":[{"embeddable":true,"href":"https:\/\/insektenliebe.com\/it\/wp-json\/wp\/v2\/media\/188500"}],"wp:attachment":[{"href":"https:\/\/insektenliebe.com\/it\/wp-json\/wp\/v2\/media?parent=188490"}],"wp:term":[{"taxonomy":"product-supplier","embeddable":true,"href":"https:\/\/insektenliebe.com\/it\/wp-json\/wp\/v2\/product-supplier?post=188490"},{"taxonomy":"product_brand","embeddable":true,"href":"https:\/\/insektenliebe.com\/it\/wp-json\/wp\/v2\/product_brand?post=188490"},{"taxonomy":"product_cat","embeddable":true,"href":"https:\/\/insektenliebe.com\/it\/wp-json\/wp\/v2\/product_cat?post=188490"},{"taxonomy":"product_tag","embeddable":true,"href":"https:\/\/insektenliebe.com\/it\/wp-json\/wp\/v2\/product_tag?post=188490"},{"taxonomy":"lce-checkout-addons","embeddable":true,"href":"https:\/\/insektenliebe.com\/it\/wp-json\/wp\/v2\/lce-checkout-addons?post=188490"}],"curies":[{"name":"wp","href":"https:\/\/api.w.org\/{rel}","templated":true}]}}