{"id":188489,"date":"2025-09-03T18:42:00","date_gmt":"2025-09-03T16:42:00","guid":{"rendered":"https:\/\/insektenliebe.com\/shop\/produkt\/set-di-prolunghe-repto-flex-rainmaker-2-0\/"},"modified":"2025-09-03T18:42:00","modified_gmt":"2025-09-03T16:42:00","slug":"set-di-prolunghe-repto-flex-rainmaker-2-0","status":"publish","type":"product","link":"https:\/\/insektenliebe.com\/it\/shop\/prodotto\/set-di-prolunghe-repto-flex-rainmaker-2-0\/","title":{"rendered":"Set di prolunghe Repto Flex Rainmaker 2.0"},"content":{"rendered":"<div class=\"row\">\n<div class=\"col-12\">\n<div class=\"md\">\n<h3 class=\"p1\"><span style=\"color: #99cc33;\"><strong><span class=\"s1\">Accessori Repto Rainmaker - 4 ugelli e 4 metri di tubo per il tuo terrario<\/span><\/strong><\/span><\/h3>\n<p class=\"p1\"><span class=\"s1\">Il <strong>set di prolunghe Repto Flex Rainmaker 2.0<\/strong><\/span><span class=\"s1\">  \u00e8 la soluzione ideale per chi vuole ampliare il sistema di irrigazione esistente o adattarlo alle dimensioni dei singoli terrari. Con questo set puoi portare il tuo terrario a un livello superiore in termini di umidit\u00e0 e benessere degli animali. Soprattutto per le specie tropicali come gechi, rane o camaleonti, un&#8217;irrigazione costante e ben calibrata \u00e8 essenziale. Oltre agli ugelli e ai tubi, il set include anche pratiche ventose per un fissaggio flessibile. Questo set di prolunghe ti offre la base perfetta per questo scopo.    <\/span><\/p>\n<p class=\"p1\"><span class=\"s1\">Il set \u00e8 composto da <\/span><span class=\"s2\">quattro ugelli di alta qualit\u00e0<\/span><span class=\"s1\"> e un <\/span><span class=\"s2\">tubo flessibile lungo quattro metri<\/span><span class=\"s1\">in modo da poter alimentare in modo flessibile altre aree del terrario. Gli ugelli sono progettati per produrre una nebbia fine e uniforme. In questo modo l&#8217;umidit\u00e0 viene distribuita in modo ottimale in tutto il terrario e allo stesso tempo le foglie delle piante vengono delicatamente inumidite: un fattore importante per la salute dei tuoi animali e per la crescita naturale della vegetazione.  <\/span><\/p>\n<p class=\"p1\"><span class=\"s1\">Grazie alla sua semplicit\u00e0 di utilizzo, il <strong>set di prolunghe Repto Flex Rainmaker 2.0<\/strong> \u00e8 facile da installare. Le connessioni si adattano perfettamente al sistema esistente, quindi non hai bisogno di adattatori aggiuntivi. Basta collegarlo, posizionare gli ugelli e potrai viziare i tuoi animali con un habitat ancora pi\u00f9 naturale.  <\/span><\/p>\n<p class=\"p1\"><span class=\"s1\">Un altro vantaggio \u00e8 l&#8217;alta qualit\u00e0 dei materiali. Il tubo e gli ugelli sono robusti e durevoli, in modo da funzionare in modo affidabile anche con un uso frequente. Inoltre sono facili da pulire, il che semplifica la manutenzione dell&#8217;intero sistema. In questo modo il tuo sistema di irrigazione rimane efficiente e igienico a lungo termine.   <\/span><\/p>\n<p class=\"p1\"><span class=\"s1\">Sia che tu voglia ampliare una piccola vasca tropicale o rifornire di umidit\u00e0 un grande terrario, questo set pu\u00f2 essere utilizzato in modo flessibile e rende il tuo sistema di irrigazione ancora pi\u00f9 efficiente. Particolarmente pratico: con la prolunga puoi raggiungere anche gli angoli pi\u00f9 difficili da raggiungere o le zone pi\u00f9 alte delle piante che altrimenti si seccherebbero rapidamente. <\/span><\/p>\n<p class=\"p1\"><span class=\"s1\">Conclusione: Con il <strong>set di prolunghe Repto Flex Rainmaker 2.0<\/strong><\/span><span class=\"s1\">  investirai nella salute dei tuoi animali, nella bellezza delle tue piante e nella funzionalit\u00e0 del tuo terrario. \u00c8 il complemento perfetto per chi vuole creare un clima stabile e naturale. <\/span><\/p>\n<\/div>\n<\/div>\n<\/div>\n","protected":false},"excerpt":{"rendered":"<p>Accessori Repto Rainmaker - 4 ugelli e 4 metri di tubo per il tuo terrario Il set di prolunghe Repto Flex Rainmaker 2.0 \u00e8 la soluzione ideale per chi vuole ampliare il sistema di irrigazione esistente o adattarlo alle dimensioni dei singoli terrari. Con questo set puoi portare il tuo terrario a un livello superiore [&hellip;]<\/p>\n","protected":false},"featured_media":188491,"template":"","meta":{"_acf_changed":false},"product-supplier":[2685],"product_brand":[],"product_cat":[2741],"product_tag":[],"lce-checkout-addons":[],"class_list":{"0":"post-188489","1":"product","2":"type-product","3":"status-publish","4":"has-post-thumbnail","6":"product_cat-illuminazione-e-clima","7":"product_shipping_class-equipment-shipping","9":"first","10":"instock","11":"sale","12":"taxable","13":"shipping-taxable","14":"purchasable","15":"product-type-simple"},"acf":[],"yoast_head":"<!-- This site is optimized with the Yoast SEO plugin v27.3 - https:\/\/yoast.com\/product\/yoast-seo-wordpress\/ -->\n<title>Set di prolunghe Repto Flex Rainmaker 2.0 - Insektenliebe<\/title>\n<meta name=\"description\" content=\"Amplia il tuo sistema di irrigazione con il set di estensione Repto Rainmaker - 4 ugelli e 4 m di tubo per un&#039;umidificazione ottimale del terrario.\" \/>\n<meta name=\"robots\" content=\"index, follow, max-snippet:-1, max-image-preview:large, max-video-preview:-1\" \/>\n<link rel=\"canonical\" href=\"https:\/\/insektenliebe.com\/it\/shop\/prodotto\/set-di-prolunghe-repto-flex-rainmaker-2-0\/\" \/>\n<meta property=\"og:locale\" content=\"it_IT\" \/>\n<meta property=\"og:type\" content=\"article\" \/>\n<meta property=\"og:title\" content=\"Set di prolunghe Repto Flex Rainmaker 2.0 - Insektenliebe\" \/>\n<meta property=\"og:description\" content=\"Amplia il tuo sistema di irrigazione con il set di estensione Repto Rainmaker - 4 ugelli e 4 m di tubo per un&#039;umidificazione ottimale del terrario.\" \/>\n<meta property=\"og:url\" content=\"https:\/\/insektenliebe.com\/it\/shop\/prodotto\/set-di-prolunghe-repto-flex-rainmaker-2-0\/\" \/>\n<meta property=\"og:site_name\" content=\"Insektenliebe\" \/>\n<meta property=\"og:image\" content=\"https:\/\/insektenliebe.com\/wp-content\/uploads\/2025\/09\/Repto-Flex-Rainmaker-2.0-Erweiterungsset.jpg\" \/>\n\t<meta property=\"og:image:width\" content=\"820\" \/>\n\t<meta property=\"og:image:height\" content=\"820\" \/>\n\t<meta property=\"og:image:type\" content=\"image\/jpeg\" \/>\n<meta name=\"twitter:card\" content=\"summary_large_image\" \/>\n<meta name=\"twitter:label1\" content=\"Tempo di lettura stimato\" \/>\n\t<meta name=\"twitter:data1\" content=\"2 minuto\" \/>\n<script type=\"application\/ld+json\" class=\"yoast-schema-graph\">{\"@context\":\"https:\\\/\\\/schema.org\",\"@graph\":[{\"@type\":\"WebPage\",\"@id\":\"https:\\\/\\\/insektenliebe.com\\\/it\\\/shop\\\/prodotto\\\/set-di-prolunghe-repto-flex-rainmaker-2-0\\\/\",\"url\":\"https:\\\/\\\/insektenliebe.com\\\/it\\\/shop\\\/prodotto\\\/set-di-prolunghe-repto-flex-rainmaker-2-0\\\/\",\"name\":\"Set di prolunghe Repto Flex Rainmaker 2.0 - Insektenliebe\",\"isPartOf\":{\"@id\":\"https:\\\/\\\/insektenliebe.com\\\/it\\\/#website\"},\"primaryImageOfPage\":{\"@id\":\"https:\\\/\\\/insektenliebe.com\\\/it\\\/shop\\\/prodotto\\\/set-di-prolunghe-repto-flex-rainmaker-2-0\\\/#primaryimage\"},\"image\":{\"@id\":\"https:\\\/\\\/insektenliebe.com\\\/it\\\/shop\\\/prodotto\\\/set-di-prolunghe-repto-flex-rainmaker-2-0\\\/#primaryimage\"},\"thumbnailUrl\":\"https:\\\/\\\/insektenliebe.com\\\/wp-content\\\/uploads\\\/2025\\\/09\\\/Repto-Flex-Rainmaker-2.0-Erweiterungsset.jpg\",\"datePublished\":\"2025-09-03T16:42:00+00:00\",\"description\":\"Amplia il tuo sistema di irrigazione con il set di estensione Repto Rainmaker - 4 ugelli e 4 m di tubo per un'umidificazione ottimale del terrario.\",\"breadcrumb\":{\"@id\":\"https:\\\/\\\/insektenliebe.com\\\/it\\\/shop\\\/prodotto\\\/set-di-prolunghe-repto-flex-rainmaker-2-0\\\/#breadcrumb\"},\"inLanguage\":\"it-IT\",\"potentialAction\":[{\"@type\":\"ReadAction\",\"target\":[\"https:\\\/\\\/insektenliebe.com\\\/it\\\/shop\\\/prodotto\\\/set-di-prolunghe-repto-flex-rainmaker-2-0\\\/\"]}]},{\"@type\":\"ImageObject\",\"inLanguage\":\"it-IT\",\"@id\":\"https:\\\/\\\/insektenliebe.com\\\/it\\\/shop\\\/prodotto\\\/set-di-prolunghe-repto-flex-rainmaker-2-0\\\/#primaryimage\",\"url\":\"https:\\\/\\\/insektenliebe.com\\\/wp-content\\\/uploads\\\/2025\\\/09\\\/Repto-Flex-Rainmaker-2.0-Erweiterungsset.jpg\",\"contentUrl\":\"https:\\\/\\\/insektenliebe.com\\\/wp-content\\\/uploads\\\/2025\\\/09\\\/Repto-Flex-Rainmaker-2.0-Erweiterungsset.jpg\",\"width\":820,\"height\":820,\"caption\":\"Set di prolunghe Repto Flex Rainmaker 2.0\"},{\"@type\":\"BreadcrumbList\",\"@id\":\"https:\\\/\\\/insektenliebe.com\\\/it\\\/shop\\\/prodotto\\\/set-di-prolunghe-repto-flex-rainmaker-2-0\\\/#breadcrumb\",\"itemListElement\":[{\"@type\":\"ListItem\",\"position\":1,\"name\":\"Startseite\",\"item\":\"https:\\\/\\\/insektenliebe.com\\\/it\\\/\"},{\"@type\":\"ListItem\",\"position\":2,\"name\":\"Negozio\",\"item\":\"https:\\\/\\\/insektenliebe.com\\\/it\\\/negozio\\\/\"},{\"@type\":\"ListItem\",\"position\":3,\"name\":\"Set di prolunghe Repto Flex Rainmaker 2.0\"}]},{\"@type\":\"WebSite\",\"@id\":\"https:\\\/\\\/insektenliebe.com\\\/it\\\/#website\",\"url\":\"https:\\\/\\\/insektenliebe.com\\\/it\\\/\",\"name\":\"Insektenliebe\",\"description\":\"Dein Zuhause f\u00fcr die kleinen Lebewesen\",\"publisher\":{\"@id\":\"https:\\\/\\\/insektenliebe.com\\\/it\\\/#organization\"},\"potentialAction\":[{\"@type\":\"SearchAction\",\"target\":{\"@type\":\"EntryPoint\",\"urlTemplate\":\"https:\\\/\\\/insektenliebe.com\\\/it\\\/?s={search_term_string}\"},\"query-input\":{\"@type\":\"PropertyValueSpecification\",\"valueRequired\":true,\"valueName\":\"search_term_string\"}}],\"inLanguage\":\"it-IT\"},{\"@type\":\"Organization\",\"@id\":\"https:\\\/\\\/insektenliebe.com\\\/it\\\/#organization\",\"name\":\"Insektenliebe\",\"url\":\"https:\\\/\\\/insektenliebe.com\\\/it\\\/\",\"logo\":{\"@type\":\"ImageObject\",\"inLanguage\":\"it-IT\",\"@id\":\"https:\\\/\\\/insektenliebe.com\\\/it\\\/#\\\/schema\\\/logo\\\/image\\\/\",\"url\":\"https:\\\/\\\/insektenliebe.com\\\/wp-content\\\/uploads\\\/2025\\\/03\\\/logo-white.png\",\"contentUrl\":\"https:\\\/\\\/insektenliebe.com\\\/wp-content\\\/uploads\\\/2025\\\/03\\\/logo-white.png\",\"width\":288,\"height\":188,\"caption\":\"Insektenliebe\"},\"image\":{\"@id\":\"https:\\\/\\\/insektenliebe.com\\\/it\\\/#\\\/schema\\\/logo\\\/image\\\/\"}}]}<\/script>\n<!-- \/ Yoast SEO plugin. -->","yoast_head_json":{"title":"Set di prolunghe Repto Flex Rainmaker 2.0 - Insektenliebe","description":"Amplia il tuo sistema di irrigazione con il set di estensione Repto Rainmaker - 4 ugelli e 4 m di tubo per un'umidificazione ottimale del terrario.","robots":{"index":"index","follow":"follow","max-snippet":"max-snippet:-1","max-image-preview":"max-image-preview:large","max-video-preview":"max-video-preview:-1"},"canonical":"https:\/\/insektenliebe.com\/it\/shop\/prodotto\/set-di-prolunghe-repto-flex-rainmaker-2-0\/","og_locale":"it_IT","og_type":"article","og_title":"Set di prolunghe Repto Flex Rainmaker 2.0 - Insektenliebe","og_description":"Amplia il tuo sistema di irrigazione con il set di estensione Repto Rainmaker - 4 ugelli e 4 m di tubo per un'umidificazione ottimale del terrario.","og_url":"https:\/\/insektenliebe.com\/it\/shop\/prodotto\/set-di-prolunghe-repto-flex-rainmaker-2-0\/","og_site_name":"Insektenliebe","og_image":[{"width":820,"height":820,"url":"https:\/\/insektenliebe.com\/wp-content\/uploads\/2025\/09\/Repto-Flex-Rainmaker-2.0-Erweiterungsset.jpg","type":"image\/jpeg"}],"twitter_card":"summary_large_image","twitter_misc":{"Tempo di lettura stimato":"2 minuto"},"schema":{"@context":"https:\/\/schema.org","@graph":[{"@type":"WebPage","@id":"https:\/\/insektenliebe.com\/it\/shop\/prodotto\/set-di-prolunghe-repto-flex-rainmaker-2-0\/","url":"https:\/\/insektenliebe.com\/it\/shop\/prodotto\/set-di-prolunghe-repto-flex-rainmaker-2-0\/","name":"Set di prolunghe Repto Flex Rainmaker 2.0 - Insektenliebe","isPartOf":{"@id":"https:\/\/insektenliebe.com\/it\/#website"},"primaryImageOfPage":{"@id":"https:\/\/insektenliebe.com\/it\/shop\/prodotto\/set-di-prolunghe-repto-flex-rainmaker-2-0\/#primaryimage"},"image":{"@id":"https:\/\/insektenliebe.com\/it\/shop\/prodotto\/set-di-prolunghe-repto-flex-rainmaker-2-0\/#primaryimage"},"thumbnailUrl":"https:\/\/insektenliebe.com\/wp-content\/uploads\/2025\/09\/Repto-Flex-Rainmaker-2.0-Erweiterungsset.jpg","datePublished":"2025-09-03T16:42:00+00:00","description":"Amplia il tuo sistema di irrigazione con il set di estensione Repto Rainmaker - 4 ugelli e 4 m di tubo per un'umidificazione ottimale del terrario.","breadcrumb":{"@id":"https:\/\/insektenliebe.com\/it\/shop\/prodotto\/set-di-prolunghe-repto-flex-rainmaker-2-0\/#breadcrumb"},"inLanguage":"it-IT","potentialAction":[{"@type":"ReadAction","target":["https:\/\/insektenliebe.com\/it\/shop\/prodotto\/set-di-prolunghe-repto-flex-rainmaker-2-0\/"]}]},{"@type":"ImageObject","inLanguage":"it-IT","@id":"https:\/\/insektenliebe.com\/it\/shop\/prodotto\/set-di-prolunghe-repto-flex-rainmaker-2-0\/#primaryimage","url":"https:\/\/insektenliebe.com\/wp-content\/uploads\/2025\/09\/Repto-Flex-Rainmaker-2.0-Erweiterungsset.jpg","contentUrl":"https:\/\/insektenliebe.com\/wp-content\/uploads\/2025\/09\/Repto-Flex-Rainmaker-2.0-Erweiterungsset.jpg","width":820,"height":820,"caption":"Set di prolunghe Repto Flex Rainmaker 2.0"},{"@type":"BreadcrumbList","@id":"https:\/\/insektenliebe.com\/it\/shop\/prodotto\/set-di-prolunghe-repto-flex-rainmaker-2-0\/#breadcrumb","itemListElement":[{"@type":"ListItem","position":1,"name":"Startseite","item":"https:\/\/insektenliebe.com\/it\/"},{"@type":"ListItem","position":2,"name":"Negozio","item":"https:\/\/insektenliebe.com\/it\/negozio\/"},{"@type":"ListItem","position":3,"name":"Set di prolunghe Repto Flex Rainmaker 2.0"}]},{"@type":"WebSite","@id":"https:\/\/insektenliebe.com\/it\/#website","url":"https:\/\/insektenliebe.com\/it\/","name":"Insektenliebe","description":"Dein Zuhause f\u00fcr die kleinen Lebewesen","publisher":{"@id":"https:\/\/insektenliebe.com\/it\/#organization"},"potentialAction":[{"@type":"SearchAction","target":{"@type":"EntryPoint","urlTemplate":"https:\/\/insektenliebe.com\/it\/?s={search_term_string}"},"query-input":{"@type":"PropertyValueSpecification","valueRequired":true,"valueName":"search_term_string"}}],"inLanguage":"it-IT"},{"@type":"Organization","@id":"https:\/\/insektenliebe.com\/it\/#organization","name":"Insektenliebe","url":"https:\/\/insektenliebe.com\/it\/","logo":{"@type":"ImageObject","inLanguage":"it-IT","@id":"https:\/\/insektenliebe.com\/it\/#\/schema\/logo\/image\/","url":"https:\/\/insektenliebe.com\/wp-content\/uploads\/2025\/03\/logo-white.png","contentUrl":"https:\/\/insektenliebe.com\/wp-content\/uploads\/2025\/03\/logo-white.png","width":288,"height":188,"caption":"Insektenliebe"},"image":{"@id":"https:\/\/insektenliebe.com\/it\/#\/schema\/logo\/image\/"}}]}},"_links":{"self":[{"href":"https:\/\/insektenliebe.com\/it\/wp-json\/wp\/v2\/product\/188489","targetHints":{"allow":["GET"]}}],"collection":[{"href":"https:\/\/insektenliebe.com\/it\/wp-json\/wp\/v2\/product"}],"about":[{"href":"https:\/\/insektenliebe.com\/it\/wp-json\/wp\/v2\/types\/product"}],"wp:featuredmedia":[{"embeddable":true,"href":"https:\/\/insektenliebe.com\/it\/wp-json\/wp\/v2\/media\/188491"}],"wp:attachment":[{"href":"https:\/\/insektenliebe.com\/it\/wp-json\/wp\/v2\/media?parent=188489"}],"wp:term":[{"taxonomy":"product-supplier","embeddable":true,"href":"https:\/\/insektenliebe.com\/it\/wp-json\/wp\/v2\/product-supplier?post=188489"},{"taxonomy":"product_brand","embeddable":true,"href":"https:\/\/insektenliebe.com\/it\/wp-json\/wp\/v2\/product_brand?post=188489"},{"taxonomy":"product_cat","embeddable":true,"href":"https:\/\/insektenliebe.com\/it\/wp-json\/wp\/v2\/product_cat?post=188489"},{"taxonomy":"product_tag","embeddable":true,"href":"https:\/\/insektenliebe.com\/it\/wp-json\/wp\/v2\/product_tag?post=188489"},{"taxonomy":"lce-checkout-addons","embeddable":true,"href":"https:\/\/insektenliebe.com\/it\/wp-json\/wp\/v2\/lce-checkout-addons?post=188489"}],"curies":[{"name":"wp","href":"https:\/\/api.w.org\/{rel}","templated":true}]}}