{"id":188483,"date":"2025-09-05T13:11:00","date_gmt":"2025-09-05T11:11:00","guid":{"rendered":"https:\/\/insektenliebe.com\/shop\/produkt\/neoregelia-ampullacea-tigrina\/"},"modified":"2025-09-05T13:11:00","modified_gmt":"2025-09-05T11:11:00","slug":"neoregelia-ampullacea-tigrina","status":"publish","type":"product","link":"https:\/\/insektenliebe.com\/it\/shop\/prodotto\/neoregelia-ampullacea-tigrina\/","title":{"rendered":"Neoregelia ampullacea \"Tigrina\""},"content":{"rendered":"<h3><span style=\"color: #99cc33\"><strong><span class=\"s1\">Neoregelia ampullacea \"Tigrina\" - Bellezza tropicale per il terrario<\/span><\/strong><\/span><\/h3>\n<p class=\"p1\"><span class=\"s1\">Il <\/span><strong><span class=\"s2\">Neoregelia ampullacea \"Tigrina\"<\/span><\/strong><span class=\"s1\">  \u00e8 un&#8217;imponente bromeliacea ideale per i terrari tropicali. Con le sue foglie strette e distintive, caratterizzate da un colore di base verde brillante e da strisce scure simili a quelle di un tigrotto, non solo conferisce struttura ma anche un naturale gioco di colori a qualsiasi habitat. Questa specie \u00e8 nota per la sua robusta adattabilit\u00e0 e per la sua capacit\u00e0 di integrarsi perfettamente in ambienti caldi e umidi.  <\/span><\/p>\n<p class=\"p1\"><span class=\"s1\">Nel suo habitat naturale, le foreste pluviali tropicali del Brasile, la Neoregelia \"Tigrina\" cresce epifita sugli alberi o tra le fessure delle rocce. Nel terrario, la sua forma di crescita a imbuto crea un ambiente autentico e realistico e pu\u00f2 anche servire come fonte d&#8217;acqua e rifugio per gli abitanti del terrario pi\u00f9 piccoli. <\/span><\/p>\n<p class=\"p1\"><span class=\"s1\">La cura di questa pianta \u00e8 semplice. Richiede un&#8217;umidit\u00e0 elevata, intorno al 70-90%, che la rende una scelta ideale per i terrari della foresta pluviale e tropicale. \u00c8 flessibile per quanto riguarda le esigenze di luce: prospera al meglio in condizioni di luce medio-forte, con un&#8217;illuminazione di circa.    <\/span><span class=\"s2\">1.200-2.000 lumen<\/span><span class=\"s1\">  per un&#8217;area di 30 \u00d7 30 cm. La luce diretta e troppo intensa deve essere evitata perch\u00e9 pu\u00f2 sbiancare le foglie, mentre una luce troppo scarsa provoca lo sbiadimento delle caratteristiche strisce. <\/span><\/p>\n<p class=\"p1\"><span class=\"s1\">Con un&#8217;altezza di circa 15-25 cm, la <strong><span class=\"s2\">Neoregelia ampullacea \"Tigrina\"<\/span><\/strong> rimane compatta ed \u00e8 quindi adatta anche ai terrari pi\u00f9 piccoli. Il suo fitto fogliame crea nascondigli e zone di arrampicata molto apprezzate da rettili, anfibi e invertebrati. <\/span><\/p>\n<p class=\"p1\"><span class=\"s1\">La \"Tigrina\" non \u00e8 solo decorativa, ma anche funzionale: aumenta l&#8217;umidit\u00e0, aiuta a creare un microclima equilibrato e allo stesso tempo dona un tocco vivace ed esotico al terrario.<\/span><\/p>\n","protected":false},"excerpt":{"rendered":"<p>Neoregelia ampullacea \"Tigrina\" - Bellezza tropicale per il terrario Il Neoregelia ampullacea \"Tigrina\" \u00e8 un&#8217;imponente bromeliacea ideale per i terrari tropicali. Con le sue foglie strette e distintive, caratterizzate da un colore di base verde brillante e da strisce scure simili a quelle di un tigrotto, non solo conferisce struttura ma anche un naturale gioco [&hellip;]<\/p>\n","protected":false},"featured_media":188485,"template":"","meta":{"_acf_changed":false},"product-supplier":[2685],"product_brand":[],"product_cat":[3181],"product_tag":[],"lce-checkout-addons":[2746],"class_list":{"0":"post-188483","1":"product","2":"type-product","3":"status-publish","4":"has-post-thumbnail","6":"product_cat-piante-da-terrario","7":"product_shipping_class-equipment-shipping","8":"pa_herkunft-brasile","9":"lce-checkout-addons-imballaggio-invernale","11":"first","12":"instock","13":"taxable","14":"shipping-taxable","15":"purchasable","16":"product-type-simple"},"acf":[],"yoast_head":"<!-- This site is optimized with the Yoast SEO plugin v27.3 - https:\/\/yoast.com\/product\/yoast-seo-wordpress\/ -->\n<title>Neoregelia ampullacea &quot;Tigrina&quot; - Insektenliebe<\/title>\n<meta name=\"description\" content=\"La Neoregelia ampullacea &quot;Tigrina&quot; \u00e8 una bromeliacea tropicale a strisce appariscenti, ideale per i terrari della foresta pluviale, decorativa e facile da curare.\" \/>\n<meta name=\"robots\" content=\"index, follow, max-snippet:-1, max-image-preview:large, max-video-preview:-1\" \/>\n<link rel=\"canonical\" href=\"https:\/\/insektenliebe.com\/it\/shop\/prodotto\/neoregelia-ampullacea-tigrina\/\" \/>\n<meta property=\"og:locale\" content=\"it_IT\" \/>\n<meta property=\"og:type\" content=\"article\" \/>\n<meta property=\"og:title\" content=\"Neoregelia ampullacea &quot;Tigrina&quot; - Insektenliebe\" \/>\n<meta property=\"og:description\" content=\"La Neoregelia ampullacea &quot;Tigrina&quot; \u00e8 una bromeliacea tropicale a strisce appariscenti, ideale per i terrari della foresta pluviale, decorativa e facile da curare.\" \/>\n<meta property=\"og:url\" content=\"https:\/\/insektenliebe.com\/it\/shop\/prodotto\/neoregelia-ampullacea-tigrina\/\" \/>\n<meta property=\"og:site_name\" content=\"Insektenliebe\" \/>\n<meta property=\"og:image\" content=\"https:\/\/insektenliebe.com\/wp-content\/uploads\/2025\/09\/Neoregelia-ampullacea-22Tigrina22.jpg\" \/>\n\t<meta property=\"og:image:width\" content=\"820\" \/>\n\t<meta property=\"og:image:height\" content=\"820\" \/>\n\t<meta property=\"og:image:type\" content=\"image\/jpeg\" \/>\n<meta name=\"twitter:card\" content=\"summary_large_image\" \/>\n<meta name=\"twitter:label1\" content=\"Tempo di lettura stimato\" \/>\n\t<meta name=\"twitter:data1\" content=\"1 minuto\" \/>\n<script type=\"application\/ld+json\" class=\"yoast-schema-graph\">{\"@context\":\"https:\\\/\\\/schema.org\",\"@graph\":[{\"@type\":\"WebPage\",\"@id\":\"https:\\\/\\\/insektenliebe.com\\\/it\\\/shop\\\/prodotto\\\/neoregelia-ampullacea-tigrina\\\/\",\"url\":\"https:\\\/\\\/insektenliebe.com\\\/it\\\/shop\\\/prodotto\\\/neoregelia-ampullacea-tigrina\\\/\",\"name\":\"Neoregelia ampullacea \\\"Tigrina\\\" - Insektenliebe\",\"isPartOf\":{\"@id\":\"https:\\\/\\\/insektenliebe.com\\\/it\\\/#website\"},\"primaryImageOfPage\":{\"@id\":\"https:\\\/\\\/insektenliebe.com\\\/it\\\/shop\\\/prodotto\\\/neoregelia-ampullacea-tigrina\\\/#primaryimage\"},\"image\":{\"@id\":\"https:\\\/\\\/insektenliebe.com\\\/it\\\/shop\\\/prodotto\\\/neoregelia-ampullacea-tigrina\\\/#primaryimage\"},\"thumbnailUrl\":\"https:\\\/\\\/insektenliebe.com\\\/wp-content\\\/uploads\\\/2025\\\/09\\\/Neoregelia-ampullacea-22Tigrina22.jpg\",\"datePublished\":\"2025-09-05T11:11:00+00:00\",\"description\":\"La Neoregelia ampullacea \\\"Tigrina\\\" \u00e8 una bromeliacea tropicale a strisce appariscenti, ideale per i terrari della foresta pluviale, decorativa e facile da curare.\",\"breadcrumb\":{\"@id\":\"https:\\\/\\\/insektenliebe.com\\\/it\\\/shop\\\/prodotto\\\/neoregelia-ampullacea-tigrina\\\/#breadcrumb\"},\"inLanguage\":\"it-IT\",\"potentialAction\":[{\"@type\":\"ReadAction\",\"target\":[\"https:\\\/\\\/insektenliebe.com\\\/it\\\/shop\\\/prodotto\\\/neoregelia-ampullacea-tigrina\\\/\"]}]},{\"@type\":\"ImageObject\",\"inLanguage\":\"it-IT\",\"@id\":\"https:\\\/\\\/insektenliebe.com\\\/it\\\/shop\\\/prodotto\\\/neoregelia-ampullacea-tigrina\\\/#primaryimage\",\"url\":\"https:\\\/\\\/insektenliebe.com\\\/wp-content\\\/uploads\\\/2025\\\/09\\\/Neoregelia-ampullacea-22Tigrina22.jpg\",\"contentUrl\":\"https:\\\/\\\/insektenliebe.com\\\/wp-content\\\/uploads\\\/2025\\\/09\\\/Neoregelia-ampullacea-22Tigrina22.jpg\",\"width\":820,\"height\":820,\"caption\":\"Neoregelia ampullacea \\\"Tigrina\\\"\"},{\"@type\":\"BreadcrumbList\",\"@id\":\"https:\\\/\\\/insektenliebe.com\\\/it\\\/shop\\\/prodotto\\\/neoregelia-ampullacea-tigrina\\\/#breadcrumb\",\"itemListElement\":[{\"@type\":\"ListItem\",\"position\":1,\"name\":\"Startseite\",\"item\":\"https:\\\/\\\/insektenliebe.com\\\/it\\\/\"},{\"@type\":\"ListItem\",\"position\":2,\"name\":\"Negozio\",\"item\":\"https:\\\/\\\/insektenliebe.com\\\/it\\\/negozio\\\/\"},{\"@type\":\"ListItem\",\"position\":3,\"name\":\"Neoregelia ampullacea &#8220;Tigrina&#8221;\"}]},{\"@type\":\"WebSite\",\"@id\":\"https:\\\/\\\/insektenliebe.com\\\/it\\\/#website\",\"url\":\"https:\\\/\\\/insektenliebe.com\\\/it\\\/\",\"name\":\"Insektenliebe\",\"description\":\"Dein Zuhause f\u00fcr die kleinen Lebewesen\",\"publisher\":{\"@id\":\"https:\\\/\\\/insektenliebe.com\\\/it\\\/#organization\"},\"potentialAction\":[{\"@type\":\"SearchAction\",\"target\":{\"@type\":\"EntryPoint\",\"urlTemplate\":\"https:\\\/\\\/insektenliebe.com\\\/it\\\/?s={search_term_string}\"},\"query-input\":{\"@type\":\"PropertyValueSpecification\",\"valueRequired\":true,\"valueName\":\"search_term_string\"}}],\"inLanguage\":\"it-IT\"},{\"@type\":\"Organization\",\"@id\":\"https:\\\/\\\/insektenliebe.com\\\/it\\\/#organization\",\"name\":\"Insektenliebe\",\"url\":\"https:\\\/\\\/insektenliebe.com\\\/it\\\/\",\"logo\":{\"@type\":\"ImageObject\",\"inLanguage\":\"it-IT\",\"@id\":\"https:\\\/\\\/insektenliebe.com\\\/it\\\/#\\\/schema\\\/logo\\\/image\\\/\",\"url\":\"https:\\\/\\\/insektenliebe.com\\\/wp-content\\\/uploads\\\/2025\\\/03\\\/logo-white.png\",\"contentUrl\":\"https:\\\/\\\/insektenliebe.com\\\/wp-content\\\/uploads\\\/2025\\\/03\\\/logo-white.png\",\"width\":288,\"height\":188,\"caption\":\"Insektenliebe\"},\"image\":{\"@id\":\"https:\\\/\\\/insektenliebe.com\\\/it\\\/#\\\/schema\\\/logo\\\/image\\\/\"}}]}<\/script>\n<!-- \/ Yoast SEO plugin. -->","yoast_head_json":{"title":"Neoregelia ampullacea \"Tigrina\" - Insektenliebe","description":"La Neoregelia ampullacea \"Tigrina\" \u00e8 una bromeliacea tropicale a strisce appariscenti, ideale per i terrari della foresta pluviale, decorativa e facile da curare.","robots":{"index":"index","follow":"follow","max-snippet":"max-snippet:-1","max-image-preview":"max-image-preview:large","max-video-preview":"max-video-preview:-1"},"canonical":"https:\/\/insektenliebe.com\/it\/shop\/prodotto\/neoregelia-ampullacea-tigrina\/","og_locale":"it_IT","og_type":"article","og_title":"Neoregelia ampullacea \"Tigrina\" - Insektenliebe","og_description":"La Neoregelia ampullacea \"Tigrina\" \u00e8 una bromeliacea tropicale a strisce appariscenti, ideale per i terrari della foresta pluviale, decorativa e facile da curare.","og_url":"https:\/\/insektenliebe.com\/it\/shop\/prodotto\/neoregelia-ampullacea-tigrina\/","og_site_name":"Insektenliebe","og_image":[{"width":820,"height":820,"url":"https:\/\/insektenliebe.com\/wp-content\/uploads\/2025\/09\/Neoregelia-ampullacea-22Tigrina22.jpg","type":"image\/jpeg"}],"twitter_card":"summary_large_image","twitter_misc":{"Tempo di lettura stimato":"1 minuto"},"schema":{"@context":"https:\/\/schema.org","@graph":[{"@type":"WebPage","@id":"https:\/\/insektenliebe.com\/it\/shop\/prodotto\/neoregelia-ampullacea-tigrina\/","url":"https:\/\/insektenliebe.com\/it\/shop\/prodotto\/neoregelia-ampullacea-tigrina\/","name":"Neoregelia ampullacea \"Tigrina\" - Insektenliebe","isPartOf":{"@id":"https:\/\/insektenliebe.com\/it\/#website"},"primaryImageOfPage":{"@id":"https:\/\/insektenliebe.com\/it\/shop\/prodotto\/neoregelia-ampullacea-tigrina\/#primaryimage"},"image":{"@id":"https:\/\/insektenliebe.com\/it\/shop\/prodotto\/neoregelia-ampullacea-tigrina\/#primaryimage"},"thumbnailUrl":"https:\/\/insektenliebe.com\/wp-content\/uploads\/2025\/09\/Neoregelia-ampullacea-22Tigrina22.jpg","datePublished":"2025-09-05T11:11:00+00:00","description":"La Neoregelia ampullacea \"Tigrina\" \u00e8 una bromeliacea tropicale a strisce appariscenti, ideale per i terrari della foresta pluviale, decorativa e facile da curare.","breadcrumb":{"@id":"https:\/\/insektenliebe.com\/it\/shop\/prodotto\/neoregelia-ampullacea-tigrina\/#breadcrumb"},"inLanguage":"it-IT","potentialAction":[{"@type":"ReadAction","target":["https:\/\/insektenliebe.com\/it\/shop\/prodotto\/neoregelia-ampullacea-tigrina\/"]}]},{"@type":"ImageObject","inLanguage":"it-IT","@id":"https:\/\/insektenliebe.com\/it\/shop\/prodotto\/neoregelia-ampullacea-tigrina\/#primaryimage","url":"https:\/\/insektenliebe.com\/wp-content\/uploads\/2025\/09\/Neoregelia-ampullacea-22Tigrina22.jpg","contentUrl":"https:\/\/insektenliebe.com\/wp-content\/uploads\/2025\/09\/Neoregelia-ampullacea-22Tigrina22.jpg","width":820,"height":820,"caption":"Neoregelia ampullacea \"Tigrina\""},{"@type":"BreadcrumbList","@id":"https:\/\/insektenliebe.com\/it\/shop\/prodotto\/neoregelia-ampullacea-tigrina\/#breadcrumb","itemListElement":[{"@type":"ListItem","position":1,"name":"Startseite","item":"https:\/\/insektenliebe.com\/it\/"},{"@type":"ListItem","position":2,"name":"Negozio","item":"https:\/\/insektenliebe.com\/it\/negozio\/"},{"@type":"ListItem","position":3,"name":"Neoregelia ampullacea &#8220;Tigrina&#8221;"}]},{"@type":"WebSite","@id":"https:\/\/insektenliebe.com\/it\/#website","url":"https:\/\/insektenliebe.com\/it\/","name":"Insektenliebe","description":"Dein Zuhause f\u00fcr die kleinen Lebewesen","publisher":{"@id":"https:\/\/insektenliebe.com\/it\/#organization"},"potentialAction":[{"@type":"SearchAction","target":{"@type":"EntryPoint","urlTemplate":"https:\/\/insektenliebe.com\/it\/?s={search_term_string}"},"query-input":{"@type":"PropertyValueSpecification","valueRequired":true,"valueName":"search_term_string"}}],"inLanguage":"it-IT"},{"@type":"Organization","@id":"https:\/\/insektenliebe.com\/it\/#organization","name":"Insektenliebe","url":"https:\/\/insektenliebe.com\/it\/","logo":{"@type":"ImageObject","inLanguage":"it-IT","@id":"https:\/\/insektenliebe.com\/it\/#\/schema\/logo\/image\/","url":"https:\/\/insektenliebe.com\/wp-content\/uploads\/2025\/03\/logo-white.png","contentUrl":"https:\/\/insektenliebe.com\/wp-content\/uploads\/2025\/03\/logo-white.png","width":288,"height":188,"caption":"Insektenliebe"},"image":{"@id":"https:\/\/insektenliebe.com\/it\/#\/schema\/logo\/image\/"}}]}},"_links":{"self":[{"href":"https:\/\/insektenliebe.com\/it\/wp-json\/wp\/v2\/product\/188483","targetHints":{"allow":["GET"]}}],"collection":[{"href":"https:\/\/insektenliebe.com\/it\/wp-json\/wp\/v2\/product"}],"about":[{"href":"https:\/\/insektenliebe.com\/it\/wp-json\/wp\/v2\/types\/product"}],"wp:featuredmedia":[{"embeddable":true,"href":"https:\/\/insektenliebe.com\/it\/wp-json\/wp\/v2\/media\/188485"}],"wp:attachment":[{"href":"https:\/\/insektenliebe.com\/it\/wp-json\/wp\/v2\/media?parent=188483"}],"wp:term":[{"taxonomy":"product-supplier","embeddable":true,"href":"https:\/\/insektenliebe.com\/it\/wp-json\/wp\/v2\/product-supplier?post=188483"},{"taxonomy":"product_brand","embeddable":true,"href":"https:\/\/insektenliebe.com\/it\/wp-json\/wp\/v2\/product_brand?post=188483"},{"taxonomy":"product_cat","embeddable":true,"href":"https:\/\/insektenliebe.com\/it\/wp-json\/wp\/v2\/product_cat?post=188483"},{"taxonomy":"product_tag","embeddable":true,"href":"https:\/\/insektenliebe.com\/it\/wp-json\/wp\/v2\/product_tag?post=188483"},{"taxonomy":"lce-checkout-addons","embeddable":true,"href":"https:\/\/insektenliebe.com\/it\/wp-json\/wp\/v2\/lce-checkout-addons?post=188483"}],"curies":[{"name":"wp","href":"https:\/\/api.w.org\/{rel}","templated":true}]}}