{"id":188480,"date":"2025-09-05T13:54:00","date_gmt":"2025-09-05T11:54:00","guid":{"rendered":"https:\/\/insektenliebe.com\/shop\/produkt\/fittonia-rosa\/"},"modified":"2026-03-12T07:19:48","modified_gmt":"2026-03-12T06:19:48","slug":"fittonia-rosa","status":"publish","type":"product","link":"https:\/\/insektenliebe.com\/it\/shop\/prodotto\/fittonia-rosa\/","title":{"rendered":"Fittonia Rosa"},"content":{"rendered":"<h3><span style=\"color: #99cc33;\"><strong><span class=\"s1\">Fittonia Pink- t<\/span><\/strong><\/span><span class=\"s1\" style=\"color: #99cc33;\">ropicale che attira l&#8217;attenzione nel terrario<\/span><\/h3>\n<p class=\"p1\"><span class=\"s1\">La <strong>Fittonia <\/strong><\/span><strong><span class=\"s2\">Rosa<\/span><\/strong><span class=\"s1\">conosciuta anche come pianta mosaico, \u00e8 una delle piante tropicali pi\u00f9 popolari per creare terrari quasi naturali. Le sue foglie accattivanti, con un colore di base verde intenso e venature rosa brillante, creano forti contrasti e conferiscono a ogni terrario un&#8217;atmosfera vivace e colorata. Questa pianta \u00e8 originaria delle foreste pluviali del Sud America, dove cresce come copertura del suolo nelle zone ombrose del sottobosco. Sono proprio queste condizioni naturali a renderla la scelta ideale per terrari caldi e con un alto tasso di umidit\u00e0.   <\/span><\/p>\n<p class=\"p1\"><span class=\"s1\"><strong>Fittonia <\/strong><strong><span class=\"s2\">Rosa<\/span><\/strong> predilige un&#8217;umidit\u00e0 costantemente elevata, intorno al 70-90%, ed \u00e8 quindi ideale per i terrari della foresta pluviale o per gli allestimenti bioattivi. Cresce vicino al terreno, forma cuscini cespugliosi e fornisce nascondigli e aree di arrampicata per i piccoli abitanti del terrario, come isopodi o anfibi. Grazie alla sua forte colorazione, non solo fornisce una struttura, ma anche dei punti di forza visivi in primo piano o al centro della pianta.  <\/span><\/p>\n<p class=\"p1\"><span class=\"s1\">Per quanto riguarda le esigenze di luce, la <strong>Fittonia <\/strong><strong><span class=\"s2\">Rosa<\/span><\/strong><\/span><span class=\"s1\">  flessibile, ma necessita di una buona illuminazione di base. Bisogna evitare la luce diretta del sole, altrimenti le foglie si bruciano rapidamente. Nei terrari, l&#8217;illuminazione con circa    <\/span><span class=\"s3\">1.500-2.500 lumen<\/span><span class=\"s1\"> ottimale per mantenere la forte colorazione delle venature delle foglie e allo stesso tempo promuovere una crescita sana.<\/span><\/p>\n<p class=\"p1\"><span class=\"s1\">L&#8217;altezza di crescita \u00e8 solitamente compresa tra i 10 e i 15 cm, il che rende la <strong>Fittonia <\/strong> rosa <strong><span class=\"s2\">rosa<\/span><\/strong><\/span><span class=\"s1\">  pu\u00f2 essere facilmente integrato anche in vasche pi\u00f9 piccole. Un&#8217;irrorazione regolare o un sistema di irrigazione a pioggia forniscono l&#8217;umidit\u00e0 necessaria, mentre uno strato di substrato sciolto e ricco di humus favorisce la crescita delle radici. <\/span><\/p>\n<p class=\"p1\"><span class=\"s1\">Con la <strong>Fittonia <\/strong><strong><span class=\"s2\">Rosa<\/span><\/strong><\/span><span class=\"s1\"> puoi portare un pezzo di foresta tropicale nel tuo terrario: facile da curare, decorativo e un vero punto di forza per le piante.<\/span><\/p>\n","protected":false},"excerpt":{"rendered":"<p>Fittonia Pink- tropicale che attira l&#8217;attenzione nel terrario La Fittonia Rosaconosciuta anche come pianta mosaico, \u00e8 una delle piante tropicali pi\u00f9 popolari per creare terrari quasi naturali. Le sue foglie accattivanti, con un colore di base verde intenso e venature rosa brillante, creano forti contrasti e conferiscono a ogni terrario un&#8217;atmosfera vivace e colorata. Questa [&hellip;]<\/p>\n","protected":false},"featured_media":188481,"template":"","meta":{"_acf_changed":false},"product-supplier":[2685],"product_brand":[],"product_cat":[3181],"product_tag":[],"lce-checkout-addons":[2746],"class_list":{"0":"post-188480","1":"product","2":"type-product","3":"status-publish","4":"has-post-thumbnail","6":"product_cat-piante-da-terrario","7":"product_shipping_class-equipment-shipping","8":"pa_herkunft-colombia","9":"lce-checkout-addons-imballaggio-invernale","11":"first","12":"instock","13":"taxable","14":"shipping-taxable","15":"purchasable","16":"product-type-simple"},"acf":[],"yoast_head":"<!-- This site is optimized with the Yoast SEO plugin v27.3 - https:\/\/yoast.com\/product\/yoast-seo-wordpress\/ -->\n<title>Fittonia Rosa - Insektenliebe<\/title>\n<meta name=\"description\" content=\"Fittonia Pink - pianta tropicale da terrario con vistose venature rosa, ideale per terrari caldi e umidi con un&#039;umidit\u00e0 del 70-90%.\" \/>\n<meta name=\"robots\" content=\"index, follow, max-snippet:-1, max-image-preview:large, max-video-preview:-1\" \/>\n<link rel=\"canonical\" href=\"https:\/\/insektenliebe.com\/it\/shop\/prodotto\/fittonia-rosa\/\" \/>\n<meta property=\"og:locale\" content=\"it_IT\" \/>\n<meta property=\"og:type\" content=\"article\" \/>\n<meta property=\"og:title\" content=\"Fittonia Rosa - Insektenliebe\" \/>\n<meta property=\"og:description\" content=\"Fittonia Pink - pianta tropicale da terrario con vistose venature rosa, ideale per terrari caldi e umidi con un&#039;umidit\u00e0 del 70-90%.\" \/>\n<meta property=\"og:url\" content=\"https:\/\/insektenliebe.com\/it\/shop\/prodotto\/fittonia-rosa\/\" \/>\n<meta property=\"og:site_name\" content=\"Insektenliebe\" \/>\n<meta property=\"article:modified_time\" content=\"2026-03-12T06:19:48+00:00\" \/>\n<meta property=\"og:image\" content=\"https:\/\/insektenliebe.com\/wp-content\/uploads\/2025\/09\/Fittonia-Pink.jpg\" \/>\n\t<meta property=\"og:image:width\" content=\"820\" \/>\n\t<meta property=\"og:image:height\" content=\"820\" \/>\n\t<meta property=\"og:image:type\" content=\"image\/jpeg\" \/>\n<meta name=\"twitter:card\" content=\"summary_large_image\" \/>\n<meta name=\"twitter:label1\" content=\"Tempo di lettura stimato\" \/>\n\t<meta name=\"twitter:data1\" content=\"2 minuto\" \/>\n<script type=\"application\/ld+json\" class=\"yoast-schema-graph\">{\"@context\":\"https:\\\/\\\/schema.org\",\"@graph\":[{\"@type\":\"WebPage\",\"@id\":\"https:\\\/\\\/insektenliebe.com\\\/it\\\/shop\\\/prodotto\\\/fittonia-rosa\\\/\",\"url\":\"https:\\\/\\\/insektenliebe.com\\\/it\\\/shop\\\/prodotto\\\/fittonia-rosa\\\/\",\"name\":\"Fittonia Rosa - Insektenliebe\",\"isPartOf\":{\"@id\":\"https:\\\/\\\/insektenliebe.com\\\/it\\\/#website\"},\"primaryImageOfPage\":{\"@id\":\"https:\\\/\\\/insektenliebe.com\\\/it\\\/shop\\\/prodotto\\\/fittonia-rosa\\\/#primaryimage\"},\"image\":{\"@id\":\"https:\\\/\\\/insektenliebe.com\\\/it\\\/shop\\\/prodotto\\\/fittonia-rosa\\\/#primaryimage\"},\"thumbnailUrl\":\"https:\\\/\\\/insektenliebe.com\\\/wp-content\\\/uploads\\\/2025\\\/09\\\/Fittonia-Pink.jpg\",\"datePublished\":\"2025-09-05T11:54:00+00:00\",\"dateModified\":\"2026-03-12T06:19:48+00:00\",\"description\":\"Fittonia Pink - pianta tropicale da terrario con vistose venature rosa, ideale per terrari caldi e umidi con un'umidit\u00e0 del 70-90%.\",\"breadcrumb\":{\"@id\":\"https:\\\/\\\/insektenliebe.com\\\/it\\\/shop\\\/prodotto\\\/fittonia-rosa\\\/#breadcrumb\"},\"inLanguage\":\"it-IT\",\"potentialAction\":[{\"@type\":\"ReadAction\",\"target\":[\"https:\\\/\\\/insektenliebe.com\\\/it\\\/shop\\\/prodotto\\\/fittonia-rosa\\\/\"]}]},{\"@type\":\"ImageObject\",\"inLanguage\":\"it-IT\",\"@id\":\"https:\\\/\\\/insektenliebe.com\\\/it\\\/shop\\\/prodotto\\\/fittonia-rosa\\\/#primaryimage\",\"url\":\"https:\\\/\\\/insektenliebe.com\\\/wp-content\\\/uploads\\\/2025\\\/09\\\/Fittonia-Pink.jpg\",\"contentUrl\":\"https:\\\/\\\/insektenliebe.com\\\/wp-content\\\/uploads\\\/2025\\\/09\\\/Fittonia-Pink.jpg\",\"width\":820,\"height\":820,\"caption\":\"Fittonia Rosa\"},{\"@type\":\"BreadcrumbList\",\"@id\":\"https:\\\/\\\/insektenliebe.com\\\/it\\\/shop\\\/prodotto\\\/fittonia-rosa\\\/#breadcrumb\",\"itemListElement\":[{\"@type\":\"ListItem\",\"position\":1,\"name\":\"Startseite\",\"item\":\"https:\\\/\\\/insektenliebe.com\\\/it\\\/\"},{\"@type\":\"ListItem\",\"position\":2,\"name\":\"Negozio\",\"item\":\"https:\\\/\\\/insektenliebe.com\\\/it\\\/negozio\\\/\"},{\"@type\":\"ListItem\",\"position\":3,\"name\":\"Fittonia Rosa\"}]},{\"@type\":\"WebSite\",\"@id\":\"https:\\\/\\\/insektenliebe.com\\\/it\\\/#website\",\"url\":\"https:\\\/\\\/insektenliebe.com\\\/it\\\/\",\"name\":\"Insektenliebe\",\"description\":\"Dein Zuhause f\u00fcr die kleinen Lebewesen\",\"publisher\":{\"@id\":\"https:\\\/\\\/insektenliebe.com\\\/it\\\/#organization\"},\"potentialAction\":[{\"@type\":\"SearchAction\",\"target\":{\"@type\":\"EntryPoint\",\"urlTemplate\":\"https:\\\/\\\/insektenliebe.com\\\/it\\\/?s={search_term_string}\"},\"query-input\":{\"@type\":\"PropertyValueSpecification\",\"valueRequired\":true,\"valueName\":\"search_term_string\"}}],\"inLanguage\":\"it-IT\"},{\"@type\":\"Organization\",\"@id\":\"https:\\\/\\\/insektenliebe.com\\\/it\\\/#organization\",\"name\":\"Insektenliebe\",\"url\":\"https:\\\/\\\/insektenliebe.com\\\/it\\\/\",\"logo\":{\"@type\":\"ImageObject\",\"inLanguage\":\"it-IT\",\"@id\":\"https:\\\/\\\/insektenliebe.com\\\/it\\\/#\\\/schema\\\/logo\\\/image\\\/\",\"url\":\"https:\\\/\\\/insektenliebe.com\\\/wp-content\\\/uploads\\\/2025\\\/03\\\/logo-white.png\",\"contentUrl\":\"https:\\\/\\\/insektenliebe.com\\\/wp-content\\\/uploads\\\/2025\\\/03\\\/logo-white.png\",\"width\":288,\"height\":188,\"caption\":\"Insektenliebe\"},\"image\":{\"@id\":\"https:\\\/\\\/insektenliebe.com\\\/it\\\/#\\\/schema\\\/logo\\\/image\\\/\"}}]}<\/script>\n<!-- \/ Yoast SEO plugin. -->","yoast_head_json":{"title":"Fittonia Rosa - Insektenliebe","description":"Fittonia Pink - pianta tropicale da terrario con vistose venature rosa, ideale per terrari caldi e umidi con un'umidit\u00e0 del 70-90%.","robots":{"index":"index","follow":"follow","max-snippet":"max-snippet:-1","max-image-preview":"max-image-preview:large","max-video-preview":"max-video-preview:-1"},"canonical":"https:\/\/insektenliebe.com\/it\/shop\/prodotto\/fittonia-rosa\/","og_locale":"it_IT","og_type":"article","og_title":"Fittonia Rosa - Insektenliebe","og_description":"Fittonia Pink - pianta tropicale da terrario con vistose venature rosa, ideale per terrari caldi e umidi con un'umidit\u00e0 del 70-90%.","og_url":"https:\/\/insektenliebe.com\/it\/shop\/prodotto\/fittonia-rosa\/","og_site_name":"Insektenliebe","article_modified_time":"2026-03-12T06:19:48+00:00","og_image":[{"width":820,"height":820,"url":"https:\/\/insektenliebe.com\/wp-content\/uploads\/2025\/09\/Fittonia-Pink.jpg","type":"image\/jpeg"}],"twitter_card":"summary_large_image","twitter_misc":{"Tempo di lettura stimato":"2 minuto"},"schema":{"@context":"https:\/\/schema.org","@graph":[{"@type":"WebPage","@id":"https:\/\/insektenliebe.com\/it\/shop\/prodotto\/fittonia-rosa\/","url":"https:\/\/insektenliebe.com\/it\/shop\/prodotto\/fittonia-rosa\/","name":"Fittonia Rosa - Insektenliebe","isPartOf":{"@id":"https:\/\/insektenliebe.com\/it\/#website"},"primaryImageOfPage":{"@id":"https:\/\/insektenliebe.com\/it\/shop\/prodotto\/fittonia-rosa\/#primaryimage"},"image":{"@id":"https:\/\/insektenliebe.com\/it\/shop\/prodotto\/fittonia-rosa\/#primaryimage"},"thumbnailUrl":"https:\/\/insektenliebe.com\/wp-content\/uploads\/2025\/09\/Fittonia-Pink.jpg","datePublished":"2025-09-05T11:54:00+00:00","dateModified":"2026-03-12T06:19:48+00:00","description":"Fittonia Pink - pianta tropicale da terrario con vistose venature rosa, ideale per terrari caldi e umidi con un'umidit\u00e0 del 70-90%.","breadcrumb":{"@id":"https:\/\/insektenliebe.com\/it\/shop\/prodotto\/fittonia-rosa\/#breadcrumb"},"inLanguage":"it-IT","potentialAction":[{"@type":"ReadAction","target":["https:\/\/insektenliebe.com\/it\/shop\/prodotto\/fittonia-rosa\/"]}]},{"@type":"ImageObject","inLanguage":"it-IT","@id":"https:\/\/insektenliebe.com\/it\/shop\/prodotto\/fittonia-rosa\/#primaryimage","url":"https:\/\/insektenliebe.com\/wp-content\/uploads\/2025\/09\/Fittonia-Pink.jpg","contentUrl":"https:\/\/insektenliebe.com\/wp-content\/uploads\/2025\/09\/Fittonia-Pink.jpg","width":820,"height":820,"caption":"Fittonia Rosa"},{"@type":"BreadcrumbList","@id":"https:\/\/insektenliebe.com\/it\/shop\/prodotto\/fittonia-rosa\/#breadcrumb","itemListElement":[{"@type":"ListItem","position":1,"name":"Startseite","item":"https:\/\/insektenliebe.com\/it\/"},{"@type":"ListItem","position":2,"name":"Negozio","item":"https:\/\/insektenliebe.com\/it\/negozio\/"},{"@type":"ListItem","position":3,"name":"Fittonia Rosa"}]},{"@type":"WebSite","@id":"https:\/\/insektenliebe.com\/it\/#website","url":"https:\/\/insektenliebe.com\/it\/","name":"Insektenliebe","description":"Dein Zuhause f\u00fcr die kleinen Lebewesen","publisher":{"@id":"https:\/\/insektenliebe.com\/it\/#organization"},"potentialAction":[{"@type":"SearchAction","target":{"@type":"EntryPoint","urlTemplate":"https:\/\/insektenliebe.com\/it\/?s={search_term_string}"},"query-input":{"@type":"PropertyValueSpecification","valueRequired":true,"valueName":"search_term_string"}}],"inLanguage":"it-IT"},{"@type":"Organization","@id":"https:\/\/insektenliebe.com\/it\/#organization","name":"Insektenliebe","url":"https:\/\/insektenliebe.com\/it\/","logo":{"@type":"ImageObject","inLanguage":"it-IT","@id":"https:\/\/insektenliebe.com\/it\/#\/schema\/logo\/image\/","url":"https:\/\/insektenliebe.com\/wp-content\/uploads\/2025\/03\/logo-white.png","contentUrl":"https:\/\/insektenliebe.com\/wp-content\/uploads\/2025\/03\/logo-white.png","width":288,"height":188,"caption":"Insektenliebe"},"image":{"@id":"https:\/\/insektenliebe.com\/it\/#\/schema\/logo\/image\/"}}]}},"_links":{"self":[{"href":"https:\/\/insektenliebe.com\/it\/wp-json\/wp\/v2\/product\/188480","targetHints":{"allow":["GET"]}}],"collection":[{"href":"https:\/\/insektenliebe.com\/it\/wp-json\/wp\/v2\/product"}],"about":[{"href":"https:\/\/insektenliebe.com\/it\/wp-json\/wp\/v2\/types\/product"}],"wp:featuredmedia":[{"embeddable":true,"href":"https:\/\/insektenliebe.com\/it\/wp-json\/wp\/v2\/media\/188481"}],"wp:attachment":[{"href":"https:\/\/insektenliebe.com\/it\/wp-json\/wp\/v2\/media?parent=188480"}],"wp:term":[{"taxonomy":"product-supplier","embeddable":true,"href":"https:\/\/insektenliebe.com\/it\/wp-json\/wp\/v2\/product-supplier?post=188480"},{"taxonomy":"product_brand","embeddable":true,"href":"https:\/\/insektenliebe.com\/it\/wp-json\/wp\/v2\/product_brand?post=188480"},{"taxonomy":"product_cat","embeddable":true,"href":"https:\/\/insektenliebe.com\/it\/wp-json\/wp\/v2\/product_cat?post=188480"},{"taxonomy":"product_tag","embeddable":true,"href":"https:\/\/insektenliebe.com\/it\/wp-json\/wp\/v2\/product_tag?post=188480"},{"taxonomy":"lce-checkout-addons","embeddable":true,"href":"https:\/\/insektenliebe.com\/it\/wp-json\/wp\/v2\/lce-checkout-addons?post=188480"}],"curies":[{"name":"wp","href":"https:\/\/api.w.org\/{rel}","templated":true}]}}