{"id":188479,"date":"2025-08-10T15:12:21","date_gmt":"2025-08-10T13:12:21","guid":{"rendered":"https:\/\/insektenliebe.com\/shop\/produkt\/cricket\/"},"modified":"2026-04-09T13:11:40","modified_gmt":"2026-04-09T11:11:40","slug":"cricket","status":"publish","type":"product","link":"https:\/\/insektenliebe.com\/it\/shop\/prodotto\/cricket\/","title":{"rendered":"Cricket"},"content":{"rendered":"<h3><span style=\"color: #99cc33;\"><strong><span class=\"s1\">Cibo domestico Premium con cibo Gutload chiuso - Cibo vivo vitale per gli animali del terrario<\/span><\/strong><\/span><\/h3>\n<p class=\"p1\"><span class=\"s1\">Il nostro <\/span><span class=\"s2\"><strong>Parenti di razza Premium<\/strong> (Acheta domesticus)<\/span><span class=\"s1\">  non solo ti offre cibo vivo di alta qualit\u00e0, ma anche un sistema ben studiato per garantire il massimo apporto di nutrienti. Ci\u00f2 significa che i tuoi animali beneficiano direttamente di una migliore qualit\u00e0. <\/span><\/p>\n<p class=\"p1\"><span class=\"s1\"><strong>I grilli<\/strong> sono uno degli animali alimentari pi\u00f9 diffusi, in quanto hanno un <\/span><span class=\"s2\">elevato contenuto proteico<\/span><span class=\"s1\">  e allo stesso tempo sono facili da digerire. Sono quindi ideali per   <\/span><span class=\"s2\">Rettili, anfibi, uccelli e invertebrati<\/span><span class=\"s1\">. Allo stesso tempo, sono molto ben accettati da molte specie.<\/span><\/p>\n<p class=\"p1\"><span class=\"s1\">Il vantaggio decisivo \u00e8 rappresentato dal <\/span><span class=\"s2\">il rivestimento Goodload di qualit\u00e0 superiore<\/span><span class=\"s1\">. Sei tu stesso a somministrare i <strong>grilli<\/strong> e a stabilire il momento esatto dell&#8217;arricchimento nutritivo. In questo modo il tuo animale riceve sempre cibo fresco e nutrito in modo ottimale. <\/span><\/p>\n<p class=\"p1\"><span class=\"s1\">Il Gutload consiste in una miscela bilanciata di <\/span><span class=\"s2\">lievito di birra, spirulina, gammarus, spinaci in polvere, pastinaca in polvere e guscio di seppia in polvere<\/span><span class=\"s1\">. Questo permette ai <strong>grilli<\/strong> di assorbire preziose vitamine, minerali e proteine.<\/span><\/p>\n<p class=\"p1\"><span class=\"s2\">Ecco come funziona:<\/span><\/p>\n<ol start=\"1\">\n<li>\n<p class=\"p1\"><span class=\"s1\">Metti il cibo Gutload direttamente nella scatola dei grilli.<\/span><\/p>\n<\/li>\n<li>\n<p class=\"p1\"><span class=\"s1\">Gli animali lo assorbono in poche ore.<\/span><\/p>\n<\/li>\n<li>\n<p class=\"p1\"><span class=\"s1\">Poi potrai nutrirli immediatamente.<\/span><\/p>\n<\/li>\n<\/ol>\n<p class=\"p1\"><span class=\"s1\">Questo principio offre un chiaro vantaggio rispetto alla spolveratura tradizionale. Da un lato, si evita di   <\/span><span class=\"s2\">Sovradosaggio<\/span><span class=\"s1\">dall&#8217;altro lato, garantisci una fornitura uniforme. Allo stesso tempo   <\/span><span class=\"s2\">Ragni e altri invertebrati<\/span><span class=\"s1\">poich\u00e9 assorbono le sostanze nutritive attraverso il cibo.<\/span><\/p>\n<p class=\"p1\"><span class=\"s1\">I <strong>grilli<\/strong> rimangono <\/span><span class=\"s2\">attivi e vitali<\/span><span class=\"s1\">che stimola inoltre il comportamento di caccia dei tuoi animali. In questo modo si crea una dieta naturale e varia. <\/span><\/p>\n<p class=\"p1\"><span class=\"s1\">Mantenerli e conservarli \u00e8 semplice. Si tengono gli animali in un   <\/span><span class=\"s2\">luogo fresco e ombreggiato<\/span><span class=\"s1\">  e nutrirli regolarmente. In questo modo si mantengono in forma e pronti all&#8217;azione pi\u00f9 a lungo. <\/span><\/p>\n<p class=\"p1\"><span class=\"s2\">I vantaggi in sintesi:<\/span><\/p>\n<ul>\n<li>\n<p class=\"p1\"><span class=\"s1\"><strong>Grilli<\/strong> freschi<\/span><\/p>\n<\/li>\n<li>\n<p class=\"p1\"><span class=\"s1\">Compreso il rivestimento in Gutload di alta qualit\u00e0<\/span><\/p>\n<\/li>\n<li>\n<p class=\"p1\"><span class=\"s1\">Alto contenuto di proteine e minerali importanti<\/span><\/p>\n<\/li>\n<li>\n<p class=\"p1\"><span class=\"s1\">Adatto a molte specie animali<\/span><\/p>\n<\/li>\n<li>\n<p class=\"p1\"><span class=\"s1\">Facile da usare e conservare<\/span><\/p>\n<\/li>\n<\/ul>\n<p class=\"p1\"><span class=\"s1\">Con le nostre <\/span><strong><span class=\"s2\">case premium<\/span><\/strong><span class=\"s1\"> non solo avrai il cibo, ma anche un <\/span><span class=\"s2\">sistema ben studiato<\/span><span class=\"s1\">che alimenta in modo ottimale i tuoi animali. Questo ti permette di nutrirti in modo pi\u00f9 mirato, pi\u00f9 sano e allo stesso tempo pi\u00f9 efficiente. <\/span><\/p>\n","protected":false},"excerpt":{"rendered":"<p>Cibo domestico Premium con cibo Gutload chiuso - Cibo vivo vitale per gli animali del terrario Il nostro Parenti di razza Premium (Acheta domesticus) non solo ti offre cibo vivo di alta qualit\u00e0, ma anche un sistema ben studiato per garantire il massimo apporto di nutrienti. Ci\u00f2 significa che i tuoi animali beneficiano direttamente di [&hellip;]<\/p>\n","protected":false},"featured_media":186307,"template":"","meta":{"_acf_changed":false},"product-supplier":[],"product_brand":[],"product_cat":[2817],"product_tag":[],"lce-checkout-addons":[2746],"class_list":{"0":"post-188479","1":"product","2":"type-product","3":"status-publish","4":"has-post-thumbnail","6":"product_cat-animali-da-mangiare","7":"product_shipping_class-equipment-shipping","8":"lce-checkout-addons-imballaggio-invernale","10":"first","11":"instock","12":"sale","13":"taxable","14":"shipping-taxable","15":"purchasable","16":"product-type-variable"},"acf":[],"yoast_head":"<!-- This site is optimized with the Yoast SEO plugin v27.3 - https:\/\/yoast.com\/product\/yoast-seo-wordpress\/ -->\n<title>Cricket - Insektenliebe<\/title>\n<meta name=\"description\" content=\"Mangime Premium per grilli con Gutload - cibo vivo ricco di nutrienti per rettili, anfibi e invertebrati. Fresco ed efficace.\" \/>\n<meta name=\"robots\" content=\"index, follow, max-snippet:-1, max-image-preview:large, max-video-preview:-1\" \/>\n<link rel=\"canonical\" href=\"https:\/\/insektenliebe.com\/it\/shop\/prodotto\/cricket\/\" \/>\n<meta property=\"og:locale\" content=\"it_IT\" \/>\n<meta property=\"og:type\" content=\"article\" \/>\n<meta property=\"og:title\" content=\"Cricket - Insektenliebe\" \/>\n<meta property=\"og:description\" content=\"Mangime Premium per grilli con Gutload - cibo vivo ricco di nutrienti per rettili, anfibi e invertebrati. Fresco ed efficace.\" \/>\n<meta property=\"og:url\" content=\"https:\/\/insektenliebe.com\/it\/shop\/prodotto\/cricket\/\" \/>\n<meta property=\"og:site_name\" content=\"Insektenliebe\" \/>\n<meta property=\"article:modified_time\" content=\"2026-04-09T11:11:40+00:00\" \/>\n<meta property=\"og:image\" content=\"https:\/\/insektenliebe.com\/wp-content\/uploads\/2025\/08\/Heimchen.jpg\" \/>\n\t<meta property=\"og:image:width\" content=\"820\" \/>\n\t<meta property=\"og:image:height\" content=\"820\" \/>\n\t<meta property=\"og:image:type\" content=\"image\/jpeg\" \/>\n<meta name=\"twitter:card\" content=\"summary_large_image\" \/>\n<meta name=\"twitter:label1\" content=\"Tempo di lettura stimato\" \/>\n\t<meta name=\"twitter:data1\" content=\"2 minuto\" \/>\n<script type=\"application\/ld+json\" class=\"yoast-schema-graph\">{\"@context\":\"https:\\\/\\\/schema.org\",\"@graph\":[{\"@type\":\"WebPage\",\"@id\":\"https:\\\/\\\/insektenliebe.com\\\/it\\\/shop\\\/prodotto\\\/cricket\\\/\",\"url\":\"https:\\\/\\\/insektenliebe.com\\\/it\\\/shop\\\/prodotto\\\/cricket\\\/\",\"name\":\"Cricket - Insektenliebe\",\"isPartOf\":{\"@id\":\"https:\\\/\\\/insektenliebe.com\\\/it\\\/#website\"},\"primaryImageOfPage\":{\"@id\":\"https:\\\/\\\/insektenliebe.com\\\/it\\\/shop\\\/prodotto\\\/cricket\\\/#primaryimage\"},\"image\":{\"@id\":\"https:\\\/\\\/insektenliebe.com\\\/it\\\/shop\\\/prodotto\\\/cricket\\\/#primaryimage\"},\"thumbnailUrl\":\"https:\\\/\\\/insektenliebe.com\\\/wp-content\\\/uploads\\\/2025\\\/08\\\/Heimchen.jpg\",\"datePublished\":\"2025-08-10T13:12:21+00:00\",\"dateModified\":\"2026-04-09T11:11:40+00:00\",\"description\":\"Mangime Premium per grilli con Gutload - cibo vivo ricco di nutrienti per rettili, anfibi e invertebrati. Fresco ed efficace.\",\"breadcrumb\":{\"@id\":\"https:\\\/\\\/insektenliebe.com\\\/it\\\/shop\\\/prodotto\\\/cricket\\\/#breadcrumb\"},\"inLanguage\":\"it-IT\",\"potentialAction\":[{\"@type\":\"ReadAction\",\"target\":[\"https:\\\/\\\/insektenliebe.com\\\/it\\\/shop\\\/prodotto\\\/cricket\\\/\"]}]},{\"@type\":\"ImageObject\",\"inLanguage\":\"it-IT\",\"@id\":\"https:\\\/\\\/insektenliebe.com\\\/it\\\/shop\\\/prodotto\\\/cricket\\\/#primaryimage\",\"url\":\"https:\\\/\\\/insektenliebe.com\\\/wp-content\\\/uploads\\\/2025\\\/08\\\/Heimchen.jpg\",\"contentUrl\":\"https:\\\/\\\/insektenliebe.com\\\/wp-content\\\/uploads\\\/2025\\\/08\\\/Heimchen.jpg\",\"width\":820,\"height\":820,\"caption\":\"Cricket\"},{\"@type\":\"BreadcrumbList\",\"@id\":\"https:\\\/\\\/insektenliebe.com\\\/it\\\/shop\\\/prodotto\\\/cricket\\\/#breadcrumb\",\"itemListElement\":[{\"@type\":\"ListItem\",\"position\":1,\"name\":\"Startseite\",\"item\":\"https:\\\/\\\/insektenliebe.com\\\/it\\\/\"},{\"@type\":\"ListItem\",\"position\":2,\"name\":\"Negozio\",\"item\":\"https:\\\/\\\/insektenliebe.com\\\/it\\\/negozio\\\/\"},{\"@type\":\"ListItem\",\"position\":3,\"name\":\"Cricket\"}]},{\"@type\":\"WebSite\",\"@id\":\"https:\\\/\\\/insektenliebe.com\\\/it\\\/#website\",\"url\":\"https:\\\/\\\/insektenliebe.com\\\/it\\\/\",\"name\":\"Insektenliebe\",\"description\":\"Dein Zuhause f\u00fcr die kleinen Lebewesen\",\"publisher\":{\"@id\":\"https:\\\/\\\/insektenliebe.com\\\/it\\\/#organization\"},\"potentialAction\":[{\"@type\":\"SearchAction\",\"target\":{\"@type\":\"EntryPoint\",\"urlTemplate\":\"https:\\\/\\\/insektenliebe.com\\\/it\\\/?s={search_term_string}\"},\"query-input\":{\"@type\":\"PropertyValueSpecification\",\"valueRequired\":true,\"valueName\":\"search_term_string\"}}],\"inLanguage\":\"it-IT\"},{\"@type\":\"Organization\",\"@id\":\"https:\\\/\\\/insektenliebe.com\\\/it\\\/#organization\",\"name\":\"Insektenliebe\",\"url\":\"https:\\\/\\\/insektenliebe.com\\\/it\\\/\",\"logo\":{\"@type\":\"ImageObject\",\"inLanguage\":\"it-IT\",\"@id\":\"https:\\\/\\\/insektenliebe.com\\\/it\\\/#\\\/schema\\\/logo\\\/image\\\/\",\"url\":\"https:\\\/\\\/insektenliebe.com\\\/wp-content\\\/uploads\\\/2025\\\/03\\\/logo-white.png\",\"contentUrl\":\"https:\\\/\\\/insektenliebe.com\\\/wp-content\\\/uploads\\\/2025\\\/03\\\/logo-white.png\",\"width\":288,\"height\":188,\"caption\":\"Insektenliebe\"},\"image\":{\"@id\":\"https:\\\/\\\/insektenliebe.com\\\/it\\\/#\\\/schema\\\/logo\\\/image\\\/\"}}]}<\/script>\n<!-- \/ Yoast SEO plugin. -->","yoast_head_json":{"title":"Cricket - Insektenliebe","description":"Mangime Premium per grilli con Gutload - cibo vivo ricco di nutrienti per rettili, anfibi e invertebrati. Fresco ed efficace.","robots":{"index":"index","follow":"follow","max-snippet":"max-snippet:-1","max-image-preview":"max-image-preview:large","max-video-preview":"max-video-preview:-1"},"canonical":"https:\/\/insektenliebe.com\/it\/shop\/prodotto\/cricket\/","og_locale":"it_IT","og_type":"article","og_title":"Cricket - Insektenliebe","og_description":"Mangime Premium per grilli con Gutload - cibo vivo ricco di nutrienti per rettili, anfibi e invertebrati. Fresco ed efficace.","og_url":"https:\/\/insektenliebe.com\/it\/shop\/prodotto\/cricket\/","og_site_name":"Insektenliebe","article_modified_time":"2026-04-09T11:11:40+00:00","og_image":[{"width":820,"height":820,"url":"https:\/\/insektenliebe.com\/wp-content\/uploads\/2025\/08\/Heimchen.jpg","type":"image\/jpeg"}],"twitter_card":"summary_large_image","twitter_misc":{"Tempo di lettura stimato":"2 minuto"},"schema":{"@context":"https:\/\/schema.org","@graph":[{"@type":"WebPage","@id":"https:\/\/insektenliebe.com\/it\/shop\/prodotto\/cricket\/","url":"https:\/\/insektenliebe.com\/it\/shop\/prodotto\/cricket\/","name":"Cricket - Insektenliebe","isPartOf":{"@id":"https:\/\/insektenliebe.com\/it\/#website"},"primaryImageOfPage":{"@id":"https:\/\/insektenliebe.com\/it\/shop\/prodotto\/cricket\/#primaryimage"},"image":{"@id":"https:\/\/insektenliebe.com\/it\/shop\/prodotto\/cricket\/#primaryimage"},"thumbnailUrl":"https:\/\/insektenliebe.com\/wp-content\/uploads\/2025\/08\/Heimchen.jpg","datePublished":"2025-08-10T13:12:21+00:00","dateModified":"2026-04-09T11:11:40+00:00","description":"Mangime Premium per grilli con Gutload - cibo vivo ricco di nutrienti per rettili, anfibi e invertebrati. Fresco ed efficace.","breadcrumb":{"@id":"https:\/\/insektenliebe.com\/it\/shop\/prodotto\/cricket\/#breadcrumb"},"inLanguage":"it-IT","potentialAction":[{"@type":"ReadAction","target":["https:\/\/insektenliebe.com\/it\/shop\/prodotto\/cricket\/"]}]},{"@type":"ImageObject","inLanguage":"it-IT","@id":"https:\/\/insektenliebe.com\/it\/shop\/prodotto\/cricket\/#primaryimage","url":"https:\/\/insektenliebe.com\/wp-content\/uploads\/2025\/08\/Heimchen.jpg","contentUrl":"https:\/\/insektenliebe.com\/wp-content\/uploads\/2025\/08\/Heimchen.jpg","width":820,"height":820,"caption":"Cricket"},{"@type":"BreadcrumbList","@id":"https:\/\/insektenliebe.com\/it\/shop\/prodotto\/cricket\/#breadcrumb","itemListElement":[{"@type":"ListItem","position":1,"name":"Startseite","item":"https:\/\/insektenliebe.com\/it\/"},{"@type":"ListItem","position":2,"name":"Negozio","item":"https:\/\/insektenliebe.com\/it\/negozio\/"},{"@type":"ListItem","position":3,"name":"Cricket"}]},{"@type":"WebSite","@id":"https:\/\/insektenliebe.com\/it\/#website","url":"https:\/\/insektenliebe.com\/it\/","name":"Insektenliebe","description":"Dein Zuhause f\u00fcr die kleinen Lebewesen","publisher":{"@id":"https:\/\/insektenliebe.com\/it\/#organization"},"potentialAction":[{"@type":"SearchAction","target":{"@type":"EntryPoint","urlTemplate":"https:\/\/insektenliebe.com\/it\/?s={search_term_string}"},"query-input":{"@type":"PropertyValueSpecification","valueRequired":true,"valueName":"search_term_string"}}],"inLanguage":"it-IT"},{"@type":"Organization","@id":"https:\/\/insektenliebe.com\/it\/#organization","name":"Insektenliebe","url":"https:\/\/insektenliebe.com\/it\/","logo":{"@type":"ImageObject","inLanguage":"it-IT","@id":"https:\/\/insektenliebe.com\/it\/#\/schema\/logo\/image\/","url":"https:\/\/insektenliebe.com\/wp-content\/uploads\/2025\/03\/logo-white.png","contentUrl":"https:\/\/insektenliebe.com\/wp-content\/uploads\/2025\/03\/logo-white.png","width":288,"height":188,"caption":"Insektenliebe"},"image":{"@id":"https:\/\/insektenliebe.com\/it\/#\/schema\/logo\/image\/"}}]}},"_links":{"self":[{"href":"https:\/\/insektenliebe.com\/it\/wp-json\/wp\/v2\/product\/188479","targetHints":{"allow":["GET"]}}],"collection":[{"href":"https:\/\/insektenliebe.com\/it\/wp-json\/wp\/v2\/product"}],"about":[{"href":"https:\/\/insektenliebe.com\/it\/wp-json\/wp\/v2\/types\/product"}],"wp:featuredmedia":[{"embeddable":true,"href":"https:\/\/insektenliebe.com\/it\/wp-json\/wp\/v2\/media\/186307"}],"wp:attachment":[{"href":"https:\/\/insektenliebe.com\/it\/wp-json\/wp\/v2\/media?parent=188479"}],"wp:term":[{"taxonomy":"product-supplier","embeddable":true,"href":"https:\/\/insektenliebe.com\/it\/wp-json\/wp\/v2\/product-supplier?post=188479"},{"taxonomy":"product_brand","embeddable":true,"href":"https:\/\/insektenliebe.com\/it\/wp-json\/wp\/v2\/product_brand?post=188479"},{"taxonomy":"product_cat","embeddable":true,"href":"https:\/\/insektenliebe.com\/it\/wp-json\/wp\/v2\/product_cat?post=188479"},{"taxonomy":"product_tag","embeddable":true,"href":"https:\/\/insektenliebe.com\/it\/wp-json\/wp\/v2\/product_tag?post=188479"},{"taxonomy":"lce-checkout-addons","embeddable":true,"href":"https:\/\/insektenliebe.com\/it\/wp-json\/wp\/v2\/lce-checkout-addons?post=188479"}],"curies":[{"name":"wp","href":"https:\/\/api.w.org\/{rel}","templated":true}]}}