{"id":188475,"date":"2025-08-20T06:30:00","date_gmt":"2025-08-20T04:30:00","guid":{"rendered":"https:\/\/insektenliebe.com\/shop\/produkt\/terrario-in-legno-di-vite\/"},"modified":"2026-02-26T16:50:59","modified_gmt":"2026-02-26T15:50:59","slug":"terrario-in-legno-di-vite","status":"publish","type":"product","link":"https:\/\/insektenliebe.com\/it\/shop\/prodotto\/terrario-in-legno-di-vite\/","title":{"rendered":"Terrario in legno di vite"},"content":{"rendered":"<h3 class=\"p1\"><span style=\"color: #99cc33;\"><strong><span class=\"s1\">Legno di vite per terrari sabbiato - pregiato legno naturale per il design di terrari<\/span><\/strong><\/span><\/h3>\n<p class=\"p1\"><span class=\"s1\"><strong>Il legno di vite per terrari<\/strong> \u00e8 un elemento di design indispensabile per chi vuole dare al proprio terrario un carattere naturale e vivace. Questo pezzo di legno non solo conferisce struttura e autenticit\u00e0 agli interni, ma svolge anche funzioni pratiche che soddisfano le esigenze di molti animali da terrario. Che si tratti di un elemento decorativo, di un luogo di ritiro o di un elemento di arrampicata, le <strong>liane per terrari<\/strong> offrono un&#8217;ampia gamma di possibilit\u00e0 di utilizzo e fanno s\u00ec che i tuoi animali si trovino in un ambiente il pi\u00f9 possibile simile al loro habitat naturale.  <\/span><\/p>\n<p class=\"p1\"><span class=\"s1\">Il <strong>legno di vite del terrario<\/strong> \u00e8 ovviamente <\/span><span class=\"s2\">non trattato e assolutamente innocuo<\/span><span class=\"s1\">  per i tuoi animali. Non \u00e8 trattato chimicamente n\u00e9 con vernici o oli artificiali, in modo che nessuna sostanza nociva possa entrare nel terrario. Ci\u00f2 significa che la struttura naturale del legno \u00e8 completamente preservata e puoi essere certo che \u00e8 sicuro per invertebrati, rettili e anfibi. Gli animali entrano in contatto solo con la natura pura: un fattore importante se tieni a un allevamento sicuro e adeguato alle specie.   <\/span><\/p>\n<p class=\"p1\"><span class=\"s1\">Il legno si distingue per le sue venature e per i suoi rami dall&#8217;aspetto spesso bizzarro, che lo rendono un vero e proprio richiamo visivo nel terrario. Ogni ramo \u00e8 unico, cresciuto nel corso di molti anni e modellato dalla natura. La superficie sabbiata conferisce al legno di vite un aspetto particolarmente elegante e allo stesso tempo mantiene la sua struttura naturale, in modo che le piccole protuberanze e le depressioni forniscano sostegno agli animali. Questo \u00e8 un vantaggio per molti invertebrati, rettili e anfibi, che possono utilizzare la superficie ruvida non solo per arrampicarsi, ma anche come rifugio o punto di osservazione.   <\/span><\/p>\n<p class=\"p1\"><span class=\"s1\">Un altro punto a favore \u00e8 la sua versatilit\u00e0. <strong>Il legno di vite per terrari<\/strong> pu\u00f2 essere utilizzato sia in terrari desertici secchi che in terrari tropicali umidi. Negli ambienti secchi \u00e8 particolarmente decorativo e favorisce il clima perch\u00e9 non assorbe l&#8217;umidit\u00e0. Nei terrari tropicali, la sua forma irregolare lo rende ideale per muschi o epifite, che possono essere piantati su di esso per creare un paesaggio verde e vivente. In questo modo si crea un ambiente non solo funzionale ma anche di grande impatto visivo con poco sforzo.   <\/span><\/p>\n<p class=\"p1\"><span class=\"s1\">Il legno di vite pu\u00f2 essere un importante arricchimento, soprattutto per gli invertebrati come le tarantole, le cocciniglie o i millepiedi. Questi ultimi utilizzano la struttura per orientarsi, arrampicarsi o come ulteriore riparo. Anche i rettili pi\u00f9 piccoli beneficiano delle opportunit\u00e0 offerte da questo legno naturale, in quanto possono utilizzare le aree rialzate per prendere il sole o per le pause di osservazione. Allo stesso tempo, il legno di vite pu\u00f2 essere facilmente abbinato ad altri elementi decorativi, come pietre, piante o altri materiali naturali.   <\/span><\/p>\n<p class=\"p1\"><span class=\"s1\">  Con il <strong>legno di vite per terrari<\/strong>, scegli un pezzo di natura che non solo d\u00e0 al tuo terrario un aspetto autentico, ma migliora anche la qualit\u00e0 della vita dei tuoi animali. Ogni pezzo \u00e8 unico per forma, dimensione e struttura, quindi avrai sempre un pezzo unico che render\u00e0 il tuo terrario speciale. <\/span><\/p>\n<p><strong>Desideriamo sottolineare che si tratta di un prodotto naturale e che non esistono due pezzi uguali.<\/strong><\/p>\n","protected":false},"excerpt":{"rendered":"<p>Legno di vite per terrari sabbiato - pregiato legno naturale per il design di terrari Il legno di vite per terrari \u00e8 un elemento di design indispensabile per chi vuole dare al proprio terrario un carattere naturale e vivace. Questo pezzo di legno non solo conferisce struttura e autenticit\u00e0 agli interni, ma svolge anche funzioni [&hellip;]<\/p>\n","protected":false},"featured_media":188477,"template":"","meta":{"_acf_changed":false},"product-supplier":[2554],"product_brand":[],"product_cat":[2740],"product_tag":[],"lce-checkout-addons":[],"class_list":{"0":"post-188475","1":"product","2":"type-product","3":"status-publish","4":"has-post-thumbnail","6":"product_cat-arredamento-e-decorazione","7":"product_shipping_class-equipment-shipping","9":"first","10":"instock","11":"sale","12":"taxable","13":"shipping-taxable","14":"purchasable","15":"product-type-simple"},"acf":[],"yoast_head":"<!-- This site is optimized with the Yoast SEO plugin v27.3 - https:\/\/yoast.com\/product\/yoast-seo-wordpress\/ -->\n<title>Terrario in legno di vite - Insektenliebe<\/title>\n<meta name=\"description\" content=\"Legno di vite per terrari - legno naturale unico per il design, come ausilio per l&#039;arrampicata ed elemento decorativo per invertebrati, rettili e anfibi.\" \/>\n<meta name=\"robots\" content=\"index, follow, max-snippet:-1, max-image-preview:large, max-video-preview:-1\" \/>\n<link rel=\"canonical\" href=\"https:\/\/insektenliebe.com\/it\/shop\/prodotto\/terrario-in-legno-di-vite\/\" \/>\n<meta property=\"og:locale\" content=\"it_IT\" \/>\n<meta property=\"og:type\" content=\"article\" \/>\n<meta property=\"og:title\" content=\"Terrario in legno di vite - Insektenliebe\" \/>\n<meta property=\"og:description\" content=\"Legno di vite per terrari - legno naturale unico per il design, come ausilio per l&#039;arrampicata ed elemento decorativo per invertebrati, rettili e anfibi.\" \/>\n<meta property=\"og:url\" content=\"https:\/\/insektenliebe.com\/it\/shop\/prodotto\/terrario-in-legno-di-vite\/\" \/>\n<meta property=\"og:site_name\" content=\"Insektenliebe\" \/>\n<meta property=\"article:modified_time\" content=\"2026-02-26T15:50:59+00:00\" \/>\n<meta property=\"og:image\" content=\"https:\/\/insektenliebe.com\/wp-content\/uploads\/2025\/08\/Terrarien-Rebholz.jpg\" \/>\n\t<meta property=\"og:image:width\" content=\"820\" \/>\n\t<meta property=\"og:image:height\" content=\"820\" \/>\n\t<meta property=\"og:image:type\" content=\"image\/jpeg\" \/>\n<meta name=\"twitter:card\" content=\"summary_large_image\" \/>\n<meta name=\"twitter:label1\" content=\"Tempo di lettura stimato\" \/>\n\t<meta name=\"twitter:data1\" content=\"3 minuto\" \/>\n<script type=\"application\/ld+json\" class=\"yoast-schema-graph\">{\"@context\":\"https:\\\/\\\/schema.org\",\"@graph\":[{\"@type\":\"WebPage\",\"@id\":\"https:\\\/\\\/insektenliebe.com\\\/it\\\/shop\\\/prodotto\\\/terrario-in-legno-di-vite\\\/\",\"url\":\"https:\\\/\\\/insektenliebe.com\\\/it\\\/shop\\\/prodotto\\\/terrario-in-legno-di-vite\\\/\",\"name\":\"Terrario in legno di vite - Insektenliebe\",\"isPartOf\":{\"@id\":\"https:\\\/\\\/insektenliebe.com\\\/it\\\/#website\"},\"primaryImageOfPage\":{\"@id\":\"https:\\\/\\\/insektenliebe.com\\\/it\\\/shop\\\/prodotto\\\/terrario-in-legno-di-vite\\\/#primaryimage\"},\"image\":{\"@id\":\"https:\\\/\\\/insektenliebe.com\\\/it\\\/shop\\\/prodotto\\\/terrario-in-legno-di-vite\\\/#primaryimage\"},\"thumbnailUrl\":\"https:\\\/\\\/insektenliebe.com\\\/wp-content\\\/uploads\\\/2025\\\/08\\\/Terrarien-Rebholz.jpg\",\"datePublished\":\"2025-08-20T04:30:00+00:00\",\"dateModified\":\"2026-02-26T15:50:59+00:00\",\"description\":\"Legno di vite per terrari - legno naturale unico per il design, come ausilio per l'arrampicata ed elemento decorativo per invertebrati, rettili e anfibi.\",\"breadcrumb\":{\"@id\":\"https:\\\/\\\/insektenliebe.com\\\/it\\\/shop\\\/prodotto\\\/terrario-in-legno-di-vite\\\/#breadcrumb\"},\"inLanguage\":\"it-IT\",\"potentialAction\":[{\"@type\":\"ReadAction\",\"target\":[\"https:\\\/\\\/insektenliebe.com\\\/it\\\/shop\\\/prodotto\\\/terrario-in-legno-di-vite\\\/\"]}]},{\"@type\":\"ImageObject\",\"inLanguage\":\"it-IT\",\"@id\":\"https:\\\/\\\/insektenliebe.com\\\/it\\\/shop\\\/prodotto\\\/terrario-in-legno-di-vite\\\/#primaryimage\",\"url\":\"https:\\\/\\\/insektenliebe.com\\\/wp-content\\\/uploads\\\/2025\\\/08\\\/Terrarien-Rebholz.jpg\",\"contentUrl\":\"https:\\\/\\\/insektenliebe.com\\\/wp-content\\\/uploads\\\/2025\\\/08\\\/Terrarien-Rebholz.jpg\",\"width\":820,\"height\":820,\"caption\":\"Terrario in legno di vite\"},{\"@type\":\"BreadcrumbList\",\"@id\":\"https:\\\/\\\/insektenliebe.com\\\/it\\\/shop\\\/prodotto\\\/terrario-in-legno-di-vite\\\/#breadcrumb\",\"itemListElement\":[{\"@type\":\"ListItem\",\"position\":1,\"name\":\"Startseite\",\"item\":\"https:\\\/\\\/insektenliebe.com\\\/it\\\/\"},{\"@type\":\"ListItem\",\"position\":2,\"name\":\"Negozio\",\"item\":\"https:\\\/\\\/insektenliebe.com\\\/it\\\/negozio\\\/\"},{\"@type\":\"ListItem\",\"position\":3,\"name\":\"Terrario in legno di vite\"}]},{\"@type\":\"WebSite\",\"@id\":\"https:\\\/\\\/insektenliebe.com\\\/it\\\/#website\",\"url\":\"https:\\\/\\\/insektenliebe.com\\\/it\\\/\",\"name\":\"Insektenliebe\",\"description\":\"Dein Zuhause f\u00fcr die kleinen Lebewesen\",\"publisher\":{\"@id\":\"https:\\\/\\\/insektenliebe.com\\\/it\\\/#organization\"},\"potentialAction\":[{\"@type\":\"SearchAction\",\"target\":{\"@type\":\"EntryPoint\",\"urlTemplate\":\"https:\\\/\\\/insektenliebe.com\\\/it\\\/?s={search_term_string}\"},\"query-input\":{\"@type\":\"PropertyValueSpecification\",\"valueRequired\":true,\"valueName\":\"search_term_string\"}}],\"inLanguage\":\"it-IT\"},{\"@type\":\"Organization\",\"@id\":\"https:\\\/\\\/insektenliebe.com\\\/it\\\/#organization\",\"name\":\"Insektenliebe\",\"url\":\"https:\\\/\\\/insektenliebe.com\\\/it\\\/\",\"logo\":{\"@type\":\"ImageObject\",\"inLanguage\":\"it-IT\",\"@id\":\"https:\\\/\\\/insektenliebe.com\\\/it\\\/#\\\/schema\\\/logo\\\/image\\\/\",\"url\":\"https:\\\/\\\/insektenliebe.com\\\/wp-content\\\/uploads\\\/2025\\\/03\\\/logo-white.png\",\"contentUrl\":\"https:\\\/\\\/insektenliebe.com\\\/wp-content\\\/uploads\\\/2025\\\/03\\\/logo-white.png\",\"width\":288,\"height\":188,\"caption\":\"Insektenliebe\"},\"image\":{\"@id\":\"https:\\\/\\\/insektenliebe.com\\\/it\\\/#\\\/schema\\\/logo\\\/image\\\/\"}}]}<\/script>\n<!-- \/ Yoast SEO plugin. -->","yoast_head_json":{"title":"Terrario in legno di vite - Insektenliebe","description":"Legno di vite per terrari - legno naturale unico per il design, come ausilio per l'arrampicata ed elemento decorativo per invertebrati, rettili e anfibi.","robots":{"index":"index","follow":"follow","max-snippet":"max-snippet:-1","max-image-preview":"max-image-preview:large","max-video-preview":"max-video-preview:-1"},"canonical":"https:\/\/insektenliebe.com\/it\/shop\/prodotto\/terrario-in-legno-di-vite\/","og_locale":"it_IT","og_type":"article","og_title":"Terrario in legno di vite - Insektenliebe","og_description":"Legno di vite per terrari - legno naturale unico per il design, come ausilio per l'arrampicata ed elemento decorativo per invertebrati, rettili e anfibi.","og_url":"https:\/\/insektenliebe.com\/it\/shop\/prodotto\/terrario-in-legno-di-vite\/","og_site_name":"Insektenliebe","article_modified_time":"2026-02-26T15:50:59+00:00","og_image":[{"width":820,"height":820,"url":"https:\/\/insektenliebe.com\/wp-content\/uploads\/2025\/08\/Terrarien-Rebholz.jpg","type":"image\/jpeg"}],"twitter_card":"summary_large_image","twitter_misc":{"Tempo di lettura stimato":"3 minuto"},"schema":{"@context":"https:\/\/schema.org","@graph":[{"@type":"WebPage","@id":"https:\/\/insektenliebe.com\/it\/shop\/prodotto\/terrario-in-legno-di-vite\/","url":"https:\/\/insektenliebe.com\/it\/shop\/prodotto\/terrario-in-legno-di-vite\/","name":"Terrario in legno di vite - Insektenliebe","isPartOf":{"@id":"https:\/\/insektenliebe.com\/it\/#website"},"primaryImageOfPage":{"@id":"https:\/\/insektenliebe.com\/it\/shop\/prodotto\/terrario-in-legno-di-vite\/#primaryimage"},"image":{"@id":"https:\/\/insektenliebe.com\/it\/shop\/prodotto\/terrario-in-legno-di-vite\/#primaryimage"},"thumbnailUrl":"https:\/\/insektenliebe.com\/wp-content\/uploads\/2025\/08\/Terrarien-Rebholz.jpg","datePublished":"2025-08-20T04:30:00+00:00","dateModified":"2026-02-26T15:50:59+00:00","description":"Legno di vite per terrari - legno naturale unico per il design, come ausilio per l'arrampicata ed elemento decorativo per invertebrati, rettili e anfibi.","breadcrumb":{"@id":"https:\/\/insektenliebe.com\/it\/shop\/prodotto\/terrario-in-legno-di-vite\/#breadcrumb"},"inLanguage":"it-IT","potentialAction":[{"@type":"ReadAction","target":["https:\/\/insektenliebe.com\/it\/shop\/prodotto\/terrario-in-legno-di-vite\/"]}]},{"@type":"ImageObject","inLanguage":"it-IT","@id":"https:\/\/insektenliebe.com\/it\/shop\/prodotto\/terrario-in-legno-di-vite\/#primaryimage","url":"https:\/\/insektenliebe.com\/wp-content\/uploads\/2025\/08\/Terrarien-Rebholz.jpg","contentUrl":"https:\/\/insektenliebe.com\/wp-content\/uploads\/2025\/08\/Terrarien-Rebholz.jpg","width":820,"height":820,"caption":"Terrario in legno di vite"},{"@type":"BreadcrumbList","@id":"https:\/\/insektenliebe.com\/it\/shop\/prodotto\/terrario-in-legno-di-vite\/#breadcrumb","itemListElement":[{"@type":"ListItem","position":1,"name":"Startseite","item":"https:\/\/insektenliebe.com\/it\/"},{"@type":"ListItem","position":2,"name":"Negozio","item":"https:\/\/insektenliebe.com\/it\/negozio\/"},{"@type":"ListItem","position":3,"name":"Terrario in legno di vite"}]},{"@type":"WebSite","@id":"https:\/\/insektenliebe.com\/it\/#website","url":"https:\/\/insektenliebe.com\/it\/","name":"Insektenliebe","description":"Dein Zuhause f\u00fcr die kleinen Lebewesen","publisher":{"@id":"https:\/\/insektenliebe.com\/it\/#organization"},"potentialAction":[{"@type":"SearchAction","target":{"@type":"EntryPoint","urlTemplate":"https:\/\/insektenliebe.com\/it\/?s={search_term_string}"},"query-input":{"@type":"PropertyValueSpecification","valueRequired":true,"valueName":"search_term_string"}}],"inLanguage":"it-IT"},{"@type":"Organization","@id":"https:\/\/insektenliebe.com\/it\/#organization","name":"Insektenliebe","url":"https:\/\/insektenliebe.com\/it\/","logo":{"@type":"ImageObject","inLanguage":"it-IT","@id":"https:\/\/insektenliebe.com\/it\/#\/schema\/logo\/image\/","url":"https:\/\/insektenliebe.com\/wp-content\/uploads\/2025\/03\/logo-white.png","contentUrl":"https:\/\/insektenliebe.com\/wp-content\/uploads\/2025\/03\/logo-white.png","width":288,"height":188,"caption":"Insektenliebe"},"image":{"@id":"https:\/\/insektenliebe.com\/it\/#\/schema\/logo\/image\/"}}]}},"_links":{"self":[{"href":"https:\/\/insektenliebe.com\/it\/wp-json\/wp\/v2\/product\/188475","targetHints":{"allow":["GET"]}}],"collection":[{"href":"https:\/\/insektenliebe.com\/it\/wp-json\/wp\/v2\/product"}],"about":[{"href":"https:\/\/insektenliebe.com\/it\/wp-json\/wp\/v2\/types\/product"}],"wp:featuredmedia":[{"embeddable":true,"href":"https:\/\/insektenliebe.com\/it\/wp-json\/wp\/v2\/media\/188477"}],"wp:attachment":[{"href":"https:\/\/insektenliebe.com\/it\/wp-json\/wp\/v2\/media?parent=188475"}],"wp:term":[{"taxonomy":"product-supplier","embeddable":true,"href":"https:\/\/insektenliebe.com\/it\/wp-json\/wp\/v2\/product-supplier?post=188475"},{"taxonomy":"product_brand","embeddable":true,"href":"https:\/\/insektenliebe.com\/it\/wp-json\/wp\/v2\/product_brand?post=188475"},{"taxonomy":"product_cat","embeddable":true,"href":"https:\/\/insektenliebe.com\/it\/wp-json\/wp\/v2\/product_cat?post=188475"},{"taxonomy":"product_tag","embeddable":true,"href":"https:\/\/insektenliebe.com\/it\/wp-json\/wp\/v2\/product_tag?post=188475"},{"taxonomy":"lce-checkout-addons","embeddable":true,"href":"https:\/\/insektenliebe.com\/it\/wp-json\/wp\/v2\/lce-checkout-addons?post=188475"}],"curies":[{"name":"wp","href":"https:\/\/api.w.org\/{rel}","templated":true}]}}