{"id":188462,"date":"2025-09-05T15:29:00","date_gmt":"2025-09-05T13:29:00","guid":{"rendered":"https:\/\/insektenliebe.com\/shop\/produkt\/monstera-obliqua\/"},"modified":"2025-09-05T15:29:00","modified_gmt":"2025-09-05T13:29:00","slug":"monstera-obliqua","status":"publish","type":"product","link":"https:\/\/insektenliebe.com\/it\/shop\/prodotto\/monstera-obliqua\/","title":{"rendered":"Monstera obliqua"},"content":{"rendered":"<h3 class=\"p1\"><span style=\"color: #99cc33\"><strong><span class=\"s1\">Facile da curare eppure esclusiva: Monstera obliqua<\/span><\/strong><\/span><\/h3>\n<p class=\"p1\"><span class=\"s1\">La <\/span><strong><span class=\"s2\">Monstera obliqua<\/span><\/strong><span class=\"s1\">  \u00e8 una delle piante pi\u00f9 affascinanti e ricercate della famiglia degli arum (Araceae). Con le sue foglie fortemente traforate e in filigrana che sembrano quasi un merletto verde, attira immediatamente l&#8217;attenzione di tutti. Questa pianta insolita \u00e8 originaria delle foreste pluviali tropicali dell&#8217;America centrale e meridionale, dove cresce come pianta rampicante in un ambiente caldo e umido.  <\/span><\/p>\n<p class=\"p1\"><span class=\"s1\">Nel terrario la <strong><span class=\"s2\">Monstera obliqua<\/span><\/strong> si mostra in tutto il suo splendore grazie a condizioni costanti come un&#8217;elevata umidit\u00e0 e una temperatura uniforme. Con dimensioni che vanno dai 30 agli 80 cm, rimane maneggevole ed \u00e8 ideale per terrari di medie e grandi dimensioni, dove non solo crea un&#8217;attrazione visiva ma aggiunge anche un tocco di atmosfera da foresta pluviale. <\/span><\/p>\n<p class=\"p1\"><span class=\"s1\">Le sue foglie sono il segno distintivo di questa pianta: non solo presentano i tipici fori a forma di finestra, ma appaiono anche quasi perforate, il che conferisce alla pianta un carattere particolarmente arioso. \u00c8 proprio questa unicit\u00e0 che rende la <strong><span class=\"s2\">Monstera obliqua<\/span><\/strong> un ambito oggetto da collezione. <\/span><\/p>\n<p class=\"p1\"><span class=\"s1\">Le esigenze di cura sono gestibili se si rispettano i suoi bisogni naturali. Preferisce un   <\/span><span class=\"s2\">Umidit\u00e0 elevata, intorno al 70-90%<\/span><span class=\"s1\">  e temperature comprese tra 22 e 28 \u00b0C. Questo la rende perfetta per i terrari tropicali, soprattutto in combinazione con bromelie, felci e piante rampicanti. \u00c8 importante un substrato permeabile e sciolto, che deve essere sempre leggermente umido ma mai bagnato.  <\/span><\/p>\n<p class=\"p1\"><span class=\"s1\">Anche le condizioni di luce giocano un ruolo decisivo: la <strong><span class=\"s2\">Monstera obliqua<\/span><\/strong> ama <\/span><span class=\"s2\">luce luminosa e indiretta<\/span><span class=\"s1\">. La luce diretta del sole pu\u00f2 bruciare le sue foglie sensibili, mentre una luce troppo scarsa ne inibisce la crescita. In un terrario, pu\u00f2 essere supportata in modo ideale con una lampada per piante - si consiglia di utilizzare le seguenti soluzioni   <\/span><span class=\"s2\">almeno 1.500-2.000 lumen per metro quadro<\/span><span class=\"s1\">.<\/span><\/p>\n<p class=\"p1\"><span class=\"s1\">La <strong><span class=\"s2\">Monstera obliqua<\/span><\/strong> \u00e8 molto pi\u00f9 di una semplice pianta: \u00e8 un&#8217;opera d&#8217;arte vivente. Con questa pianta potrai portare nel tuo terrario una rarit\u00e0 botanica che far\u00e0 la gioia degli amanti delle piante rare e degli appassionati di terrari. <\/span><\/p>\n","protected":false},"excerpt":{"rendered":"<p>Facile da curare eppure esclusiva: Monstera obliqua La Monstera obliqua \u00e8 una delle piante pi\u00f9 affascinanti e ricercate della famiglia degli arum (Araceae). Con le sue foglie fortemente traforate e in filigrana che sembrano quasi un merletto verde, attira immediatamente l&#8217;attenzione di tutti. Questa pianta insolita \u00e8 originaria delle foreste pluviali tropicali dell&#8217;America centrale e [&hellip;]<\/p>\n","protected":false},"featured_media":188474,"template":"","meta":{"_acf_changed":false},"product-supplier":[2685],"product_brand":[],"product_cat":[3181],"product_tag":[],"lce-checkout-addons":[2746],"class_list":{"0":"post-188462","1":"product","2":"type-product","3":"status-publish","4":"has-post-thumbnail","6":"product_cat-piante-da-terrario","7":"product_shipping_class-equipment-shipping","8":"pa_herkunft-peru","9":"lce-checkout-addons-imballaggio-invernale","11":"first","12":"instock","13":"sale","14":"taxable","15":"shipping-taxable","16":"purchasable","17":"product-type-simple"},"acf":[],"yoast_head":"<!-- This site is optimized with the Yoast SEO plugin v27.3 - https:\/\/yoast.com\/product\/yoast-seo-wordpress\/ -->\n<title>Monstera obliqua - Insektenliebe<\/title>\n<meta name=\"description\" content=\"Monstera obliqua - rara pianta da terrario con foglie in filigrana. Ideale per condizioni tropicali con elevata umidit\u00e0 e luce indiretta.\" \/>\n<meta name=\"robots\" content=\"index, follow, max-snippet:-1, max-image-preview:large, max-video-preview:-1\" \/>\n<link rel=\"canonical\" href=\"https:\/\/insektenliebe.com\/it\/shop\/prodotto\/monstera-obliqua\/\" \/>\n<meta property=\"og:locale\" content=\"it_IT\" \/>\n<meta property=\"og:type\" content=\"article\" \/>\n<meta property=\"og:title\" content=\"Monstera obliqua - Insektenliebe\" \/>\n<meta property=\"og:description\" content=\"Monstera obliqua - rara pianta da terrario con foglie in filigrana. Ideale per condizioni tropicali con elevata umidit\u00e0 e luce indiretta.\" \/>\n<meta property=\"og:url\" content=\"https:\/\/insektenliebe.com\/it\/shop\/prodotto\/monstera-obliqua\/\" \/>\n<meta property=\"og:site_name\" content=\"Insektenliebe\" \/>\n<meta property=\"og:image\" content=\"https:\/\/insektenliebe.com\/wp-content\/uploads\/2025\/09\/Monstera-obliqua.jpg\" \/>\n\t<meta property=\"og:image:width\" content=\"820\" \/>\n\t<meta property=\"og:image:height\" content=\"820\" \/>\n\t<meta property=\"og:image:type\" content=\"image\/jpeg\" \/>\n<meta name=\"twitter:card\" content=\"summary_large_image\" \/>\n<meta name=\"twitter:label1\" content=\"Tempo di lettura stimato\" \/>\n\t<meta name=\"twitter:data1\" content=\"2 minuto\" \/>\n<script type=\"application\/ld+json\" class=\"yoast-schema-graph\">{\"@context\":\"https:\\\/\\\/schema.org\",\"@graph\":[{\"@type\":\"WebPage\",\"@id\":\"https:\\\/\\\/insektenliebe.com\\\/it\\\/shop\\\/prodotto\\\/monstera-obliqua\\\/\",\"url\":\"https:\\\/\\\/insektenliebe.com\\\/it\\\/shop\\\/prodotto\\\/monstera-obliqua\\\/\",\"name\":\"Monstera obliqua - Insektenliebe\",\"isPartOf\":{\"@id\":\"https:\\\/\\\/insektenliebe.com\\\/it\\\/#website\"},\"primaryImageOfPage\":{\"@id\":\"https:\\\/\\\/insektenliebe.com\\\/it\\\/shop\\\/prodotto\\\/monstera-obliqua\\\/#primaryimage\"},\"image\":{\"@id\":\"https:\\\/\\\/insektenliebe.com\\\/it\\\/shop\\\/prodotto\\\/monstera-obliqua\\\/#primaryimage\"},\"thumbnailUrl\":\"https:\\\/\\\/insektenliebe.com\\\/wp-content\\\/uploads\\\/2025\\\/09\\\/Monstera-obliqua.jpg\",\"datePublished\":\"2025-09-05T13:29:00+00:00\",\"description\":\"Monstera obliqua - rara pianta da terrario con foglie in filigrana. Ideale per condizioni tropicali con elevata umidit\u00e0 e luce indiretta.\",\"breadcrumb\":{\"@id\":\"https:\\\/\\\/insektenliebe.com\\\/it\\\/shop\\\/prodotto\\\/monstera-obliqua\\\/#breadcrumb\"},\"inLanguage\":\"it-IT\",\"potentialAction\":[{\"@type\":\"ReadAction\",\"target\":[\"https:\\\/\\\/insektenliebe.com\\\/it\\\/shop\\\/prodotto\\\/monstera-obliqua\\\/\"]}]},{\"@type\":\"ImageObject\",\"inLanguage\":\"it-IT\",\"@id\":\"https:\\\/\\\/insektenliebe.com\\\/it\\\/shop\\\/prodotto\\\/monstera-obliqua\\\/#primaryimage\",\"url\":\"https:\\\/\\\/insektenliebe.com\\\/wp-content\\\/uploads\\\/2025\\\/09\\\/Monstera-obliqua.jpg\",\"contentUrl\":\"https:\\\/\\\/insektenliebe.com\\\/wp-content\\\/uploads\\\/2025\\\/09\\\/Monstera-obliqua.jpg\",\"width\":820,\"height\":820,\"caption\":\"Monstera obliqua\"},{\"@type\":\"BreadcrumbList\",\"@id\":\"https:\\\/\\\/insektenliebe.com\\\/it\\\/shop\\\/prodotto\\\/monstera-obliqua\\\/#breadcrumb\",\"itemListElement\":[{\"@type\":\"ListItem\",\"position\":1,\"name\":\"Startseite\",\"item\":\"https:\\\/\\\/insektenliebe.com\\\/it\\\/\"},{\"@type\":\"ListItem\",\"position\":2,\"name\":\"Negozio\",\"item\":\"https:\\\/\\\/insektenliebe.com\\\/it\\\/negozio\\\/\"},{\"@type\":\"ListItem\",\"position\":3,\"name\":\"Monstera obliqua\"}]},{\"@type\":\"WebSite\",\"@id\":\"https:\\\/\\\/insektenliebe.com\\\/it\\\/#website\",\"url\":\"https:\\\/\\\/insektenliebe.com\\\/it\\\/\",\"name\":\"Insektenliebe\",\"description\":\"Dein Zuhause f\u00fcr die kleinen Lebewesen\",\"publisher\":{\"@id\":\"https:\\\/\\\/insektenliebe.com\\\/it\\\/#organization\"},\"potentialAction\":[{\"@type\":\"SearchAction\",\"target\":{\"@type\":\"EntryPoint\",\"urlTemplate\":\"https:\\\/\\\/insektenliebe.com\\\/it\\\/?s={search_term_string}\"},\"query-input\":{\"@type\":\"PropertyValueSpecification\",\"valueRequired\":true,\"valueName\":\"search_term_string\"}}],\"inLanguage\":\"it-IT\"},{\"@type\":\"Organization\",\"@id\":\"https:\\\/\\\/insektenliebe.com\\\/it\\\/#organization\",\"name\":\"Insektenliebe\",\"url\":\"https:\\\/\\\/insektenliebe.com\\\/it\\\/\",\"logo\":{\"@type\":\"ImageObject\",\"inLanguage\":\"it-IT\",\"@id\":\"https:\\\/\\\/insektenliebe.com\\\/it\\\/#\\\/schema\\\/logo\\\/image\\\/\",\"url\":\"https:\\\/\\\/insektenliebe.com\\\/wp-content\\\/uploads\\\/2025\\\/03\\\/logo-white.png\",\"contentUrl\":\"https:\\\/\\\/insektenliebe.com\\\/wp-content\\\/uploads\\\/2025\\\/03\\\/logo-white.png\",\"width\":288,\"height\":188,\"caption\":\"Insektenliebe\"},\"image\":{\"@id\":\"https:\\\/\\\/insektenliebe.com\\\/it\\\/#\\\/schema\\\/logo\\\/image\\\/\"}}]}<\/script>\n<!-- \/ Yoast SEO plugin. -->","yoast_head_json":{"title":"Monstera obliqua - Insektenliebe","description":"Monstera obliqua - rara pianta da terrario con foglie in filigrana. Ideale per condizioni tropicali con elevata umidit\u00e0 e luce indiretta.","robots":{"index":"index","follow":"follow","max-snippet":"max-snippet:-1","max-image-preview":"max-image-preview:large","max-video-preview":"max-video-preview:-1"},"canonical":"https:\/\/insektenliebe.com\/it\/shop\/prodotto\/monstera-obliqua\/","og_locale":"it_IT","og_type":"article","og_title":"Monstera obliqua - Insektenliebe","og_description":"Monstera obliqua - rara pianta da terrario con foglie in filigrana. Ideale per condizioni tropicali con elevata umidit\u00e0 e luce indiretta.","og_url":"https:\/\/insektenliebe.com\/it\/shop\/prodotto\/monstera-obliqua\/","og_site_name":"Insektenliebe","og_image":[{"width":820,"height":820,"url":"https:\/\/insektenliebe.com\/wp-content\/uploads\/2025\/09\/Monstera-obliqua.jpg","type":"image\/jpeg"}],"twitter_card":"summary_large_image","twitter_misc":{"Tempo di lettura stimato":"2 minuto"},"schema":{"@context":"https:\/\/schema.org","@graph":[{"@type":"WebPage","@id":"https:\/\/insektenliebe.com\/it\/shop\/prodotto\/monstera-obliqua\/","url":"https:\/\/insektenliebe.com\/it\/shop\/prodotto\/monstera-obliqua\/","name":"Monstera obliqua - Insektenliebe","isPartOf":{"@id":"https:\/\/insektenliebe.com\/it\/#website"},"primaryImageOfPage":{"@id":"https:\/\/insektenliebe.com\/it\/shop\/prodotto\/monstera-obliqua\/#primaryimage"},"image":{"@id":"https:\/\/insektenliebe.com\/it\/shop\/prodotto\/monstera-obliqua\/#primaryimage"},"thumbnailUrl":"https:\/\/insektenliebe.com\/wp-content\/uploads\/2025\/09\/Monstera-obliqua.jpg","datePublished":"2025-09-05T13:29:00+00:00","description":"Monstera obliqua - rara pianta da terrario con foglie in filigrana. Ideale per condizioni tropicali con elevata umidit\u00e0 e luce indiretta.","breadcrumb":{"@id":"https:\/\/insektenliebe.com\/it\/shop\/prodotto\/monstera-obliqua\/#breadcrumb"},"inLanguage":"it-IT","potentialAction":[{"@type":"ReadAction","target":["https:\/\/insektenliebe.com\/it\/shop\/prodotto\/monstera-obliqua\/"]}]},{"@type":"ImageObject","inLanguage":"it-IT","@id":"https:\/\/insektenliebe.com\/it\/shop\/prodotto\/monstera-obliqua\/#primaryimage","url":"https:\/\/insektenliebe.com\/wp-content\/uploads\/2025\/09\/Monstera-obliqua.jpg","contentUrl":"https:\/\/insektenliebe.com\/wp-content\/uploads\/2025\/09\/Monstera-obliqua.jpg","width":820,"height":820,"caption":"Monstera obliqua"},{"@type":"BreadcrumbList","@id":"https:\/\/insektenliebe.com\/it\/shop\/prodotto\/monstera-obliqua\/#breadcrumb","itemListElement":[{"@type":"ListItem","position":1,"name":"Startseite","item":"https:\/\/insektenliebe.com\/it\/"},{"@type":"ListItem","position":2,"name":"Negozio","item":"https:\/\/insektenliebe.com\/it\/negozio\/"},{"@type":"ListItem","position":3,"name":"Monstera obliqua"}]},{"@type":"WebSite","@id":"https:\/\/insektenliebe.com\/it\/#website","url":"https:\/\/insektenliebe.com\/it\/","name":"Insektenliebe","description":"Dein Zuhause f\u00fcr die kleinen Lebewesen","publisher":{"@id":"https:\/\/insektenliebe.com\/it\/#organization"},"potentialAction":[{"@type":"SearchAction","target":{"@type":"EntryPoint","urlTemplate":"https:\/\/insektenliebe.com\/it\/?s={search_term_string}"},"query-input":{"@type":"PropertyValueSpecification","valueRequired":true,"valueName":"search_term_string"}}],"inLanguage":"it-IT"},{"@type":"Organization","@id":"https:\/\/insektenliebe.com\/it\/#organization","name":"Insektenliebe","url":"https:\/\/insektenliebe.com\/it\/","logo":{"@type":"ImageObject","inLanguage":"it-IT","@id":"https:\/\/insektenliebe.com\/it\/#\/schema\/logo\/image\/","url":"https:\/\/insektenliebe.com\/wp-content\/uploads\/2025\/03\/logo-white.png","contentUrl":"https:\/\/insektenliebe.com\/wp-content\/uploads\/2025\/03\/logo-white.png","width":288,"height":188,"caption":"Insektenliebe"},"image":{"@id":"https:\/\/insektenliebe.com\/it\/#\/schema\/logo\/image\/"}}]}},"_links":{"self":[{"href":"https:\/\/insektenliebe.com\/it\/wp-json\/wp\/v2\/product\/188462","targetHints":{"allow":["GET"]}}],"collection":[{"href":"https:\/\/insektenliebe.com\/it\/wp-json\/wp\/v2\/product"}],"about":[{"href":"https:\/\/insektenliebe.com\/it\/wp-json\/wp\/v2\/types\/product"}],"wp:featuredmedia":[{"embeddable":true,"href":"https:\/\/insektenliebe.com\/it\/wp-json\/wp\/v2\/media\/188474"}],"wp:attachment":[{"href":"https:\/\/insektenliebe.com\/it\/wp-json\/wp\/v2\/media?parent=188462"}],"wp:term":[{"taxonomy":"product-supplier","embeddable":true,"href":"https:\/\/insektenliebe.com\/it\/wp-json\/wp\/v2\/product-supplier?post=188462"},{"taxonomy":"product_brand","embeddable":true,"href":"https:\/\/insektenliebe.com\/it\/wp-json\/wp\/v2\/product_brand?post=188462"},{"taxonomy":"product_cat","embeddable":true,"href":"https:\/\/insektenliebe.com\/it\/wp-json\/wp\/v2\/product_cat?post=188462"},{"taxonomy":"product_tag","embeddable":true,"href":"https:\/\/insektenliebe.com\/it\/wp-json\/wp\/v2\/product_tag?post=188462"},{"taxonomy":"lce-checkout-addons","embeddable":true,"href":"https:\/\/insektenliebe.com\/it\/wp-json\/wp\/v2\/lce-checkout-addons?post=188462"}],"curies":[{"name":"wp","href":"https:\/\/api.w.org\/{rel}","templated":true}]}}