{"id":188458,"date":"2025-10-05T12:12:54","date_gmt":"2025-10-05T10:12:54","guid":{"rendered":"https:\/\/insektenliebe.com\/shop\/produkt\/pseudocreobotra-wahlbergii\/"},"modified":"2025-10-05T12:12:54","modified_gmt":"2025-10-05T10:12:54","slug":"pseudocreobotra-wahlbergii","status":"publish","type":"product","link":"https:\/\/insektenliebe.com\/it\/shop\/prodotto\/pseudocreobotra-wahlbergii\/","title":{"rendered":"Pseudocreobotra wahlbergii"},"content":{"rendered":"<h3><span style=\"color: #99cc33\"><strong><span class=\"s1\">Pseudocreobotra wahlbergii - La mantide floreale africana decorativa<\/span><\/strong><\/span><\/h3>\n<p class=\"p1\"><span class=\"s1\">Se sei alla ricerca di una mantide particolarmente estetica ed eccitante, non c&#8217;\u00e8 praticamente nessun modo per evitarla. <\/span><strong><span class=\"s2\">Pseudocreobotra wahlbergii<\/span><\/strong><span class=\"s1\">  finita. Il cosiddetto   <\/span><span class=\"s2\">La mantide africana dei fiori<\/span><span class=\"s1\"> non solo colpisce per la sua colorazione unica, ma anche per il suo comportamento caratteristico: un vero e proprio fiore all&#8217;occhiello in qualsiasi allestimento per mantidi!<\/span><\/p>\n<p class=\"p1\"><span class=\"s1\">Gli animali rimangono con circa <\/span><span class=\"s2\">3-5 cm<\/span><span class=\"s1\">  sono piuttosto piccole e sono quindi perfette per scatole di allevamento compatte, cubi o terrari pi\u00f9 piccoli con una buona ventilazione. Il loro mimetismo fogliare \u00e8 visibile gi\u00e0 da quando sono ninfe, ma diventa davvero spettacolare a partire da L5, quando spuntano le ali: Le ali aperte mostrano il famoso   <\/span><span class=\"s2\">\"Punti di osservazione\"<\/span><span class=\"s1\">con cui gli animali si dissuadono quando sono minacciati - un comportamento che devi vedere dal vivo!<\/span><\/p>\n<p class=\"p1\"><span class=\"s1\"><strong><span class=\"s2\">La Pseudocreobotra wahlbergii<\/span><\/strong> \u00e8 originaria delle savane e delle regioni cespugliose dell&#8217;Africa e pertanto preferisce un ambiente <\/span><span class=\"s2\">ambiente caldo e ben ventilato<\/span><span class=\"s1\">  con un&#8217;umidit\u00e0 piuttosto moderata. Le temperature vanno da   <\/span><span class=\"s2\">24-30 \u00b0C<\/span><span class=\"s1\">  sono ideali, di notte pu\u00f2 anche essere un po&#8217; pi\u00f9 fresco. L&#8217;umidit\u00e0 \u00e8 migliore tra   <\/span><span class=\"s2\">50 e 70 %<\/span><span class=\"s1\">a seconda della fase - pu\u00f2 essere leggermente pi\u00f9 umido durante la fase di muta, ma non tollera i ristagni d&#8217;acqua.<\/span><\/p>\n<p class=\"p1\"><span class=\"s1\">Quando vengono tenuti, gli animali sono attivi, curiosi e sorprendentemente agili. Come   <\/span><span class=\"s2\">Cacciatore in agguato<\/span><span class=\"s1\">  Grazie a un forte senso della vista, spesso seguono le prede a distanza. L&#8217;alimentazione migliore \u00e8 quella a base di mosche (mosche dorate o domestiche), microfalle o Drosophila, grazie alle quali imparano rapidamente a trovare il cibo. Una dieta varia non solo garantisce animali sani, ma anche colori vivaci.  <\/span><\/p>\n<p class=\"p1\"><span class=\"s1\">L&#8217;allevamento \u00e8 possibile per i detentori pi\u00f9 ambiziosi: le femmine depongono le ooteche, dalle quali nascono fino a <\/span><span class=\"s2\">30-40 ninfe<\/span><span class=\"s1\">  cova. L&#8217;allevamento \u00e8 abbastanza affidabile con le giuste dimensioni del cibo, uno spazio sufficiente e un&#8217;irrorazione regolare. <\/span><\/p>\n<p class=\"p1\"><span class=\"s1\"><strong><span class=\"s2\">Pseudocreobotra wahlbergii<\/span><\/strong> non \u00e8 solo bella da vedere, ma dona anche molta vita ed eleganza al terrario. Da tenere singolarmente o in gruppi controllati fino a L4, questa mantide fiorita \u00e8 una vera raccomandazione per gli appassionati di specie piccole e ricche di carattere. <\/span><\/p>\n","protected":false},"excerpt":{"rendered":"<p>Pseudocreobotra wahlbergii - La mantide floreale africana decorativa Se sei alla ricerca di una mantide particolarmente estetica ed eccitante, non c&#8217;\u00e8 praticamente nessun modo per evitarla. Pseudocreobotra wahlbergii finita. Il cosiddetto La mantide africana dei fiori non solo colpisce per la sua colorazione unica, ma anche per il suo comportamento caratteristico: un vero e proprio [&hellip;]<\/p>\n","protected":false},"featured_media":186810,"template":"","meta":{"_acf_changed":false},"product-supplier":[2689],"product_brand":[],"product_cat":[2754],"product_tag":[],"lce-checkout-addons":[2746],"class_list":{"0":"post-188458","1":"product","2":"type-product","3":"status-publish","4":"has-post-thumbnail","6":"product_cat-mantidi","7":"product_shipping_class-spedizione-di-animali","8":"pa_herkunft-sudafrica","9":"pa_kontinent-africa","10":"lce-checkout-addons-imballaggio-invernale","12":"first","13":"instock","14":"taxable","15":"shipping-taxable","16":"purchasable","17":"product-type-variable"},"acf":[],"yoast_head":"<!-- This site is optimized with the Yoast SEO plugin v27.3 - https:\/\/yoast.com\/product\/yoast-seo-wordpress\/ -->\n<title>Pseudocreobotra wahlbergii - Insektenliebe<\/title>\n<meta name=\"description\" content=\"Bellissima mantide floreale con macchie oculari sulle ali. La Pseudocreobotra wahlbergii \u00e8 piccola, attiva, decorativa e ideale per le vasche da esposizione.\" \/>\n<meta name=\"robots\" content=\"index, follow, max-snippet:-1, max-image-preview:large, max-video-preview:-1\" \/>\n<link rel=\"canonical\" href=\"https:\/\/insektenliebe.com\/it\/shop\/prodotto\/pseudocreobotra-wahlbergii\/\" \/>\n<meta property=\"og:locale\" content=\"it_IT\" \/>\n<meta property=\"og:type\" content=\"article\" \/>\n<meta property=\"og:title\" content=\"Pseudocreobotra wahlbergii - Insektenliebe\" \/>\n<meta property=\"og:description\" content=\"Bellissima mantide floreale con macchie oculari sulle ali. La Pseudocreobotra wahlbergii \u00e8 piccola, attiva, decorativa e ideale per le vasche da esposizione.\" \/>\n<meta property=\"og:url\" content=\"https:\/\/insektenliebe.com\/it\/shop\/prodotto\/pseudocreobotra-wahlbergii\/\" \/>\n<meta property=\"og:site_name\" content=\"Insektenliebe\" \/>\n<meta property=\"og:image\" content=\"https:\/\/insektenliebe.com\/wp-content\/uploads\/2025\/10\/Pseudocreobotra-wahlbergii.jpg\" \/>\n\t<meta property=\"og:image:width\" content=\"820\" \/>\n\t<meta property=\"og:image:height\" content=\"820\" \/>\n\t<meta property=\"og:image:type\" content=\"image\/jpeg\" \/>\n<meta name=\"twitter:card\" content=\"summary_large_image\" \/>\n<meta name=\"twitter:label1\" content=\"Tempo di lettura stimato\" \/>\n\t<meta name=\"twitter:data1\" content=\"2 minuto\" \/>\n<script type=\"application\/ld+json\" class=\"yoast-schema-graph\">{\"@context\":\"https:\\\/\\\/schema.org\",\"@graph\":[{\"@type\":\"WebPage\",\"@id\":\"https:\\\/\\\/insektenliebe.com\\\/it\\\/shop\\\/prodotto\\\/pseudocreobotra-wahlbergii\\\/\",\"url\":\"https:\\\/\\\/insektenliebe.com\\\/it\\\/shop\\\/prodotto\\\/pseudocreobotra-wahlbergii\\\/\",\"name\":\"Pseudocreobotra wahlbergii - Insektenliebe\",\"isPartOf\":{\"@id\":\"https:\\\/\\\/insektenliebe.com\\\/it\\\/#website\"},\"primaryImageOfPage\":{\"@id\":\"https:\\\/\\\/insektenliebe.com\\\/it\\\/shop\\\/prodotto\\\/pseudocreobotra-wahlbergii\\\/#primaryimage\"},\"image\":{\"@id\":\"https:\\\/\\\/insektenliebe.com\\\/it\\\/shop\\\/prodotto\\\/pseudocreobotra-wahlbergii\\\/#primaryimage\"},\"thumbnailUrl\":\"https:\\\/\\\/insektenliebe.com\\\/wp-content\\\/uploads\\\/2025\\\/10\\\/Pseudocreobotra-wahlbergii.jpg\",\"datePublished\":\"2025-10-05T10:12:54+00:00\",\"description\":\"Bellissima mantide floreale con macchie oculari sulle ali. La Pseudocreobotra wahlbergii \u00e8 piccola, attiva, decorativa e ideale per le vasche da esposizione.\",\"breadcrumb\":{\"@id\":\"https:\\\/\\\/insektenliebe.com\\\/it\\\/shop\\\/prodotto\\\/pseudocreobotra-wahlbergii\\\/#breadcrumb\"},\"inLanguage\":\"it-IT\",\"potentialAction\":[{\"@type\":\"ReadAction\",\"target\":[\"https:\\\/\\\/insektenliebe.com\\\/it\\\/shop\\\/prodotto\\\/pseudocreobotra-wahlbergii\\\/\"]}]},{\"@type\":\"ImageObject\",\"inLanguage\":\"it-IT\",\"@id\":\"https:\\\/\\\/insektenliebe.com\\\/it\\\/shop\\\/prodotto\\\/pseudocreobotra-wahlbergii\\\/#primaryimage\",\"url\":\"https:\\\/\\\/insektenliebe.com\\\/wp-content\\\/uploads\\\/2025\\\/10\\\/Pseudocreobotra-wahlbergii.jpg\",\"contentUrl\":\"https:\\\/\\\/insektenliebe.com\\\/wp-content\\\/uploads\\\/2025\\\/10\\\/Pseudocreobotra-wahlbergii.jpg\",\"width\":820,\"height\":820,\"caption\":\"Pseudocreobotra wahlbergii\"},{\"@type\":\"BreadcrumbList\",\"@id\":\"https:\\\/\\\/insektenliebe.com\\\/it\\\/shop\\\/prodotto\\\/pseudocreobotra-wahlbergii\\\/#breadcrumb\",\"itemListElement\":[{\"@type\":\"ListItem\",\"position\":1,\"name\":\"Startseite\",\"item\":\"https:\\\/\\\/insektenliebe.com\\\/it\\\/\"},{\"@type\":\"ListItem\",\"position\":2,\"name\":\"Negozio\",\"item\":\"https:\\\/\\\/insektenliebe.com\\\/it\\\/negozio\\\/\"},{\"@type\":\"ListItem\",\"position\":3,\"name\":\"Pseudocreobotra wahlbergii\"}]},{\"@type\":\"WebSite\",\"@id\":\"https:\\\/\\\/insektenliebe.com\\\/it\\\/#website\",\"url\":\"https:\\\/\\\/insektenliebe.com\\\/it\\\/\",\"name\":\"Insektenliebe\",\"description\":\"Dein Zuhause f\u00fcr die kleinen Lebewesen\",\"publisher\":{\"@id\":\"https:\\\/\\\/insektenliebe.com\\\/it\\\/#organization\"},\"potentialAction\":[{\"@type\":\"SearchAction\",\"target\":{\"@type\":\"EntryPoint\",\"urlTemplate\":\"https:\\\/\\\/insektenliebe.com\\\/it\\\/?s={search_term_string}\"},\"query-input\":{\"@type\":\"PropertyValueSpecification\",\"valueRequired\":true,\"valueName\":\"search_term_string\"}}],\"inLanguage\":\"it-IT\"},{\"@type\":\"Organization\",\"@id\":\"https:\\\/\\\/insektenliebe.com\\\/it\\\/#organization\",\"name\":\"Insektenliebe\",\"url\":\"https:\\\/\\\/insektenliebe.com\\\/it\\\/\",\"logo\":{\"@type\":\"ImageObject\",\"inLanguage\":\"it-IT\",\"@id\":\"https:\\\/\\\/insektenliebe.com\\\/it\\\/#\\\/schema\\\/logo\\\/image\\\/\",\"url\":\"https:\\\/\\\/insektenliebe.com\\\/wp-content\\\/uploads\\\/2025\\\/03\\\/logo-white.png\",\"contentUrl\":\"https:\\\/\\\/insektenliebe.com\\\/wp-content\\\/uploads\\\/2025\\\/03\\\/logo-white.png\",\"width\":288,\"height\":188,\"caption\":\"Insektenliebe\"},\"image\":{\"@id\":\"https:\\\/\\\/insektenliebe.com\\\/it\\\/#\\\/schema\\\/logo\\\/image\\\/\"}}]}<\/script>\n<!-- \/ Yoast SEO plugin. -->","yoast_head_json":{"title":"Pseudocreobotra wahlbergii - Insektenliebe","description":"Bellissima mantide floreale con macchie oculari sulle ali. La Pseudocreobotra wahlbergii \u00e8 piccola, attiva, decorativa e ideale per le vasche da esposizione.","robots":{"index":"index","follow":"follow","max-snippet":"max-snippet:-1","max-image-preview":"max-image-preview:large","max-video-preview":"max-video-preview:-1"},"canonical":"https:\/\/insektenliebe.com\/it\/shop\/prodotto\/pseudocreobotra-wahlbergii\/","og_locale":"it_IT","og_type":"article","og_title":"Pseudocreobotra wahlbergii - Insektenliebe","og_description":"Bellissima mantide floreale con macchie oculari sulle ali. La Pseudocreobotra wahlbergii \u00e8 piccola, attiva, decorativa e ideale per le vasche da esposizione.","og_url":"https:\/\/insektenliebe.com\/it\/shop\/prodotto\/pseudocreobotra-wahlbergii\/","og_site_name":"Insektenliebe","og_image":[{"width":820,"height":820,"url":"https:\/\/insektenliebe.com\/wp-content\/uploads\/2025\/10\/Pseudocreobotra-wahlbergii.jpg","type":"image\/jpeg"}],"twitter_card":"summary_large_image","twitter_misc":{"Tempo di lettura stimato":"2 minuto"},"schema":{"@context":"https:\/\/schema.org","@graph":[{"@type":"WebPage","@id":"https:\/\/insektenliebe.com\/it\/shop\/prodotto\/pseudocreobotra-wahlbergii\/","url":"https:\/\/insektenliebe.com\/it\/shop\/prodotto\/pseudocreobotra-wahlbergii\/","name":"Pseudocreobotra wahlbergii - Insektenliebe","isPartOf":{"@id":"https:\/\/insektenliebe.com\/it\/#website"},"primaryImageOfPage":{"@id":"https:\/\/insektenliebe.com\/it\/shop\/prodotto\/pseudocreobotra-wahlbergii\/#primaryimage"},"image":{"@id":"https:\/\/insektenliebe.com\/it\/shop\/prodotto\/pseudocreobotra-wahlbergii\/#primaryimage"},"thumbnailUrl":"https:\/\/insektenliebe.com\/wp-content\/uploads\/2025\/10\/Pseudocreobotra-wahlbergii.jpg","datePublished":"2025-10-05T10:12:54+00:00","description":"Bellissima mantide floreale con macchie oculari sulle ali. La Pseudocreobotra wahlbergii \u00e8 piccola, attiva, decorativa e ideale per le vasche da esposizione.","breadcrumb":{"@id":"https:\/\/insektenliebe.com\/it\/shop\/prodotto\/pseudocreobotra-wahlbergii\/#breadcrumb"},"inLanguage":"it-IT","potentialAction":[{"@type":"ReadAction","target":["https:\/\/insektenliebe.com\/it\/shop\/prodotto\/pseudocreobotra-wahlbergii\/"]}]},{"@type":"ImageObject","inLanguage":"it-IT","@id":"https:\/\/insektenliebe.com\/it\/shop\/prodotto\/pseudocreobotra-wahlbergii\/#primaryimage","url":"https:\/\/insektenliebe.com\/wp-content\/uploads\/2025\/10\/Pseudocreobotra-wahlbergii.jpg","contentUrl":"https:\/\/insektenliebe.com\/wp-content\/uploads\/2025\/10\/Pseudocreobotra-wahlbergii.jpg","width":820,"height":820,"caption":"Pseudocreobotra wahlbergii"},{"@type":"BreadcrumbList","@id":"https:\/\/insektenliebe.com\/it\/shop\/prodotto\/pseudocreobotra-wahlbergii\/#breadcrumb","itemListElement":[{"@type":"ListItem","position":1,"name":"Startseite","item":"https:\/\/insektenliebe.com\/it\/"},{"@type":"ListItem","position":2,"name":"Negozio","item":"https:\/\/insektenliebe.com\/it\/negozio\/"},{"@type":"ListItem","position":3,"name":"Pseudocreobotra wahlbergii"}]},{"@type":"WebSite","@id":"https:\/\/insektenliebe.com\/it\/#website","url":"https:\/\/insektenliebe.com\/it\/","name":"Insektenliebe","description":"Dein Zuhause f\u00fcr die kleinen Lebewesen","publisher":{"@id":"https:\/\/insektenliebe.com\/it\/#organization"},"potentialAction":[{"@type":"SearchAction","target":{"@type":"EntryPoint","urlTemplate":"https:\/\/insektenliebe.com\/it\/?s={search_term_string}"},"query-input":{"@type":"PropertyValueSpecification","valueRequired":true,"valueName":"search_term_string"}}],"inLanguage":"it-IT"},{"@type":"Organization","@id":"https:\/\/insektenliebe.com\/it\/#organization","name":"Insektenliebe","url":"https:\/\/insektenliebe.com\/it\/","logo":{"@type":"ImageObject","inLanguage":"it-IT","@id":"https:\/\/insektenliebe.com\/it\/#\/schema\/logo\/image\/","url":"https:\/\/insektenliebe.com\/wp-content\/uploads\/2025\/03\/logo-white.png","contentUrl":"https:\/\/insektenliebe.com\/wp-content\/uploads\/2025\/03\/logo-white.png","width":288,"height":188,"caption":"Insektenliebe"},"image":{"@id":"https:\/\/insektenliebe.com\/it\/#\/schema\/logo\/image\/"}}]}},"_links":{"self":[{"href":"https:\/\/insektenliebe.com\/it\/wp-json\/wp\/v2\/product\/188458","targetHints":{"allow":["GET"]}}],"collection":[{"href":"https:\/\/insektenliebe.com\/it\/wp-json\/wp\/v2\/product"}],"about":[{"href":"https:\/\/insektenliebe.com\/it\/wp-json\/wp\/v2\/types\/product"}],"wp:featuredmedia":[{"embeddable":true,"href":"https:\/\/insektenliebe.com\/it\/wp-json\/wp\/v2\/media\/186810"}],"wp:attachment":[{"href":"https:\/\/insektenliebe.com\/it\/wp-json\/wp\/v2\/media?parent=188458"}],"wp:term":[{"taxonomy":"product-supplier","embeddable":true,"href":"https:\/\/insektenliebe.com\/it\/wp-json\/wp\/v2\/product-supplier?post=188458"},{"taxonomy":"product_brand","embeddable":true,"href":"https:\/\/insektenliebe.com\/it\/wp-json\/wp\/v2\/product_brand?post=188458"},{"taxonomy":"product_cat","embeddable":true,"href":"https:\/\/insektenliebe.com\/it\/wp-json\/wp\/v2\/product_cat?post=188458"},{"taxonomy":"product_tag","embeddable":true,"href":"https:\/\/insektenliebe.com\/it\/wp-json\/wp\/v2\/product_tag?post=188458"},{"taxonomy":"lce-checkout-addons","embeddable":true,"href":"https:\/\/insektenliebe.com\/it\/wp-json\/wp\/v2\/lce-checkout-addons?post=188458"}],"curies":[{"name":"wp","href":"https:\/\/api.w.org\/{rel}","templated":true}]}}