{"id":188457,"date":"2025-09-05T16:16:00","date_gmt":"2025-09-05T14:16:00","guid":{"rendered":"https:\/\/insektenliebe.com\/shop\/produkt\/filodendro-rosso-ciliegia\/"},"modified":"2025-09-05T16:16:00","modified_gmt":"2025-09-05T14:16:00","slug":"filodendro-rosso-ciliegia","status":"publish","type":"product","link":"https:\/\/insektenliebe.com\/it\/shop\/prodotto\/filodendro-rosso-ciliegia\/","title":{"rendered":"Filodendro \"Rosso ciliegia\""},"content":{"rendered":"<h3 class=\"p1\"><span style=\"color: #99cc33\"><strong><span class=\"s1\">Robusto, compatto e decorativo: il Filodendro \"Cherry Red\".<\/span><\/strong><\/span><\/h3>\n<p class=\"p1\"><span class=\"s1\">Il <\/span><strong><span class=\"s2\">Filodendro \"Rosso ciliegia\"<\/span><\/strong><span class=\"s1\">  \u00e8 un&#8217;imponente pianta ornamentale che cattura immediatamente l&#8217;attenzione con le sue foglie lucide e coriacee e la sua caratteristica colorazione rossastra. Questa bellezza tropicale proviene dalle foreste pluviali del Sud America, dove prospera in climi caldi e umidi. I suoi colori vivaci e le sue abitudini di crescita robuste la rendono una scelta ideale per l&#8217;allestimento di terrari della foresta pluviale e aggiunge un tocco esotico a qualsiasi habitat per i tuoi animali.  <\/span><\/p>\n<p class=\"p1\"><span class=\"s1\">La pianta preferisce una <\/span><span class=\"s2\">una posizione semi-ombreggiata<\/span><span class=\"s1\">  e deve essere protetta dalla luce diretta del sole, altrimenti le foglie potrebbero bruciarsi. Il fabbisogno di luce \u00e8 di circa   <\/span><span class=\"s2\">1.200-2.000 lumen<\/span><span class=\"s1\">  \u00e8 ideale per mantenere la colorazione rossa brillante delle foglie. Se la luce \u00e8 troppo poca, il Filodendro perde rapidamente la sua intensit\u00e0 cromatica, mentre un&#8217;eccessiva esposizione al sole pu\u00f2 portare alla formazione di macchie. <\/span><\/p>\n<p class=\"p1\"><span class=\"s1\">Si sente particolarmente a suo agio nel terrario quando l&#8217;umidit\u00e0 \u00e8 <\/span><span class=\"s2\">umidit\u00e0 \u00e8 compresa tra il 70 e l&#8217;85%.<\/span><span class=\"s1\">  bugie. La sua origine tropicale la rende resistente all&#8217;umidit\u00e0 elevata, motivo per cui pu\u00f2 essere facilmente integrata in un terrario densamente piantumato. Il <strong><span class=\"s2\">Filodendro \"Cherry Red\"<\/span><\/strong> raggiunge un&#8217;altezza di circa    <\/span><span class=\"s2\">40-60 cm<\/span><span class=\"s1\">il che la rende interessante anche per i terrari pi\u00f9 piccoli.<\/span><\/p>\n<p class=\"p1\"><span class=\"s1\">Oltre al suo effetto decorativo, questa pianta ha anche un uso pratico: Serve come <\/span><span class=\"s2\">nascondiglio e arrampicata<\/span><span class=\"s1\">  per molti animali del terrario che amano utilizzare le robuste foglie come luoghi di riposo. Allo stesso tempo, migliora il microclima del terrario immagazzinando umidit\u00e0 e rilasciando ossigeno. <\/span><\/p>\n<p class=\"p1\"><span class=\"s1\">Con il <strong><span class=\"s2\">Filodendro \"Cherry Red\"<\/span><\/strong> puoi portare nel tuo terrario un pezzo di atmosfera della foresta pluviale sudamericana: una pianta che colpisce per il suo colore, la sua struttura e la sua funzionalit\u00e0 in egual misura.<\/span><\/p>\n","protected":false},"excerpt":{"rendered":"<p>Robusto, compatto e decorativo: il Filodendro \"Cherry Red\". Il Filodendro \"Rosso ciliegia\" \u00e8 un&#8217;imponente pianta ornamentale che cattura immediatamente l&#8217;attenzione con le sue foglie lucide e coriacee e la sua caratteristica colorazione rossastra. Questa bellezza tropicale proviene dalle foreste pluviali del Sud America, dove prospera in climi caldi e umidi. I suoi colori vivaci e [&hellip;]<\/p>\n","protected":false},"featured_media":188459,"template":"","meta":{"_acf_changed":false},"product-supplier":[2685],"product_brand":[],"product_cat":[3181],"product_tag":[],"lce-checkout-addons":[2746],"class_list":{"0":"post-188457","1":"product","2":"type-product","3":"status-publish","4":"has-post-thumbnail","6":"product_cat-piante-da-terrario","7":"product_shipping_class-equipment-shipping","8":"pa_herkunft-florida","9":"lce-checkout-addons-imballaggio-invernale","11":"first","12":"instock","13":"sale","14":"taxable","15":"shipping-taxable","16":"purchasable","17":"product-type-simple"},"acf":[],"yoast_head":"<!-- This site is optimized with the Yoast SEO plugin v27.3 - https:\/\/yoast.com\/product\/yoast-seo-wordpress\/ -->\n<title>Filodendro &quot;Rosso ciliegia&quot; - Insektenliebe<\/title>\n<meta name=\"description\" content=\"Philodendron &quot;Cherry Red&quot; - pianta ornamentale tropicale con foglie rosso vivo, ideale per i terrari umidi della foresta pluviale. Compatta, robusta e decorativa.\" \/>\n<meta name=\"robots\" content=\"index, follow, max-snippet:-1, max-image-preview:large, max-video-preview:-1\" \/>\n<link rel=\"canonical\" href=\"https:\/\/insektenliebe.com\/it\/shop\/prodotto\/filodendro-rosso-ciliegia\/\" \/>\n<meta property=\"og:locale\" content=\"it_IT\" \/>\n<meta property=\"og:type\" content=\"article\" \/>\n<meta property=\"og:title\" content=\"Filodendro &quot;Rosso ciliegia&quot; - Insektenliebe\" \/>\n<meta property=\"og:description\" content=\"Philodendron &quot;Cherry Red&quot; - pianta ornamentale tropicale con foglie rosso vivo, ideale per i terrari umidi della foresta pluviale. Compatta, robusta e decorativa.\" \/>\n<meta property=\"og:url\" content=\"https:\/\/insektenliebe.com\/it\/shop\/prodotto\/filodendro-rosso-ciliegia\/\" \/>\n<meta property=\"og:site_name\" content=\"Insektenliebe\" \/>\n<meta property=\"og:image\" content=\"https:\/\/insektenliebe.com\/wp-content\/uploads\/2025\/09\/Philodendron-22Cherry-Red22.jpg\" \/>\n\t<meta property=\"og:image:width\" content=\"820\" \/>\n\t<meta property=\"og:image:height\" content=\"820\" \/>\n\t<meta property=\"og:image:type\" content=\"image\/jpeg\" \/>\n<meta name=\"twitter:card\" content=\"summary_large_image\" \/>\n<meta name=\"twitter:label1\" content=\"Tempo di lettura stimato\" \/>\n\t<meta name=\"twitter:data1\" content=\"1 minuto\" \/>\n<script type=\"application\/ld+json\" class=\"yoast-schema-graph\">{\"@context\":\"https:\\\/\\\/schema.org\",\"@graph\":[{\"@type\":\"WebPage\",\"@id\":\"https:\\\/\\\/insektenliebe.com\\\/it\\\/shop\\\/prodotto\\\/filodendro-rosso-ciliegia\\\/\",\"url\":\"https:\\\/\\\/insektenliebe.com\\\/it\\\/shop\\\/prodotto\\\/filodendro-rosso-ciliegia\\\/\",\"name\":\"Filodendro \\\"Rosso ciliegia\\\" - Insektenliebe\",\"isPartOf\":{\"@id\":\"https:\\\/\\\/insektenliebe.com\\\/it\\\/#website\"},\"primaryImageOfPage\":{\"@id\":\"https:\\\/\\\/insektenliebe.com\\\/it\\\/shop\\\/prodotto\\\/filodendro-rosso-ciliegia\\\/#primaryimage\"},\"image\":{\"@id\":\"https:\\\/\\\/insektenliebe.com\\\/it\\\/shop\\\/prodotto\\\/filodendro-rosso-ciliegia\\\/#primaryimage\"},\"thumbnailUrl\":\"https:\\\/\\\/insektenliebe.com\\\/wp-content\\\/uploads\\\/2025\\\/09\\\/Philodendron-22Cherry-Red22.jpg\",\"datePublished\":\"2025-09-05T14:16:00+00:00\",\"description\":\"Philodendron \\\"Cherry Red\\\" - pianta ornamentale tropicale con foglie rosso vivo, ideale per i terrari umidi della foresta pluviale. Compatta, robusta e decorativa.\",\"breadcrumb\":{\"@id\":\"https:\\\/\\\/insektenliebe.com\\\/it\\\/shop\\\/prodotto\\\/filodendro-rosso-ciliegia\\\/#breadcrumb\"},\"inLanguage\":\"it-IT\",\"potentialAction\":[{\"@type\":\"ReadAction\",\"target\":[\"https:\\\/\\\/insektenliebe.com\\\/it\\\/shop\\\/prodotto\\\/filodendro-rosso-ciliegia\\\/\"]}]},{\"@type\":\"ImageObject\",\"inLanguage\":\"it-IT\",\"@id\":\"https:\\\/\\\/insektenliebe.com\\\/it\\\/shop\\\/prodotto\\\/filodendro-rosso-ciliegia\\\/#primaryimage\",\"url\":\"https:\\\/\\\/insektenliebe.com\\\/wp-content\\\/uploads\\\/2025\\\/09\\\/Philodendron-22Cherry-Red22.jpg\",\"contentUrl\":\"https:\\\/\\\/insektenliebe.com\\\/wp-content\\\/uploads\\\/2025\\\/09\\\/Philodendron-22Cherry-Red22.jpg\",\"width\":820,\"height\":820,\"caption\":\"Filodendro \\\"Rosso ciliegia\\\"\"},{\"@type\":\"BreadcrumbList\",\"@id\":\"https:\\\/\\\/insektenliebe.com\\\/it\\\/shop\\\/prodotto\\\/filodendro-rosso-ciliegia\\\/#breadcrumb\",\"itemListElement\":[{\"@type\":\"ListItem\",\"position\":1,\"name\":\"Startseite\",\"item\":\"https:\\\/\\\/insektenliebe.com\\\/it\\\/\"},{\"@type\":\"ListItem\",\"position\":2,\"name\":\"Negozio\",\"item\":\"https:\\\/\\\/insektenliebe.com\\\/it\\\/negozio\\\/\"},{\"@type\":\"ListItem\",\"position\":3,\"name\":\"Filodendro &#8220;Rosso ciliegia&#8221;\"}]},{\"@type\":\"WebSite\",\"@id\":\"https:\\\/\\\/insektenliebe.com\\\/it\\\/#website\",\"url\":\"https:\\\/\\\/insektenliebe.com\\\/it\\\/\",\"name\":\"Insektenliebe\",\"description\":\"Dein Zuhause f\u00fcr die kleinen Lebewesen\",\"publisher\":{\"@id\":\"https:\\\/\\\/insektenliebe.com\\\/it\\\/#organization\"},\"potentialAction\":[{\"@type\":\"SearchAction\",\"target\":{\"@type\":\"EntryPoint\",\"urlTemplate\":\"https:\\\/\\\/insektenliebe.com\\\/it\\\/?s={search_term_string}\"},\"query-input\":{\"@type\":\"PropertyValueSpecification\",\"valueRequired\":true,\"valueName\":\"search_term_string\"}}],\"inLanguage\":\"it-IT\"},{\"@type\":\"Organization\",\"@id\":\"https:\\\/\\\/insektenliebe.com\\\/it\\\/#organization\",\"name\":\"Insektenliebe\",\"url\":\"https:\\\/\\\/insektenliebe.com\\\/it\\\/\",\"logo\":{\"@type\":\"ImageObject\",\"inLanguage\":\"it-IT\",\"@id\":\"https:\\\/\\\/insektenliebe.com\\\/it\\\/#\\\/schema\\\/logo\\\/image\\\/\",\"url\":\"https:\\\/\\\/insektenliebe.com\\\/wp-content\\\/uploads\\\/2025\\\/03\\\/logo-white.png\",\"contentUrl\":\"https:\\\/\\\/insektenliebe.com\\\/wp-content\\\/uploads\\\/2025\\\/03\\\/logo-white.png\",\"width\":288,\"height\":188,\"caption\":\"Insektenliebe\"},\"image\":{\"@id\":\"https:\\\/\\\/insektenliebe.com\\\/it\\\/#\\\/schema\\\/logo\\\/image\\\/\"}}]}<\/script>\n<!-- \/ Yoast SEO plugin. -->","yoast_head_json":{"title":"Filodendro \"Rosso ciliegia\" - Insektenliebe","description":"Philodendron \"Cherry Red\" - pianta ornamentale tropicale con foglie rosso vivo, ideale per i terrari umidi della foresta pluviale. Compatta, robusta e decorativa.","robots":{"index":"index","follow":"follow","max-snippet":"max-snippet:-1","max-image-preview":"max-image-preview:large","max-video-preview":"max-video-preview:-1"},"canonical":"https:\/\/insektenliebe.com\/it\/shop\/prodotto\/filodendro-rosso-ciliegia\/","og_locale":"it_IT","og_type":"article","og_title":"Filodendro \"Rosso ciliegia\" - Insektenliebe","og_description":"Philodendron \"Cherry Red\" - pianta ornamentale tropicale con foglie rosso vivo, ideale per i terrari umidi della foresta pluviale. Compatta, robusta e decorativa.","og_url":"https:\/\/insektenliebe.com\/it\/shop\/prodotto\/filodendro-rosso-ciliegia\/","og_site_name":"Insektenliebe","og_image":[{"width":820,"height":820,"url":"https:\/\/insektenliebe.com\/wp-content\/uploads\/2025\/09\/Philodendron-22Cherry-Red22.jpg","type":"image\/jpeg"}],"twitter_card":"summary_large_image","twitter_misc":{"Tempo di lettura stimato":"1 minuto"},"schema":{"@context":"https:\/\/schema.org","@graph":[{"@type":"WebPage","@id":"https:\/\/insektenliebe.com\/it\/shop\/prodotto\/filodendro-rosso-ciliegia\/","url":"https:\/\/insektenliebe.com\/it\/shop\/prodotto\/filodendro-rosso-ciliegia\/","name":"Filodendro \"Rosso ciliegia\" - Insektenliebe","isPartOf":{"@id":"https:\/\/insektenliebe.com\/it\/#website"},"primaryImageOfPage":{"@id":"https:\/\/insektenliebe.com\/it\/shop\/prodotto\/filodendro-rosso-ciliegia\/#primaryimage"},"image":{"@id":"https:\/\/insektenliebe.com\/it\/shop\/prodotto\/filodendro-rosso-ciliegia\/#primaryimage"},"thumbnailUrl":"https:\/\/insektenliebe.com\/wp-content\/uploads\/2025\/09\/Philodendron-22Cherry-Red22.jpg","datePublished":"2025-09-05T14:16:00+00:00","description":"Philodendron \"Cherry Red\" - pianta ornamentale tropicale con foglie rosso vivo, ideale per i terrari umidi della foresta pluviale. Compatta, robusta e decorativa.","breadcrumb":{"@id":"https:\/\/insektenliebe.com\/it\/shop\/prodotto\/filodendro-rosso-ciliegia\/#breadcrumb"},"inLanguage":"it-IT","potentialAction":[{"@type":"ReadAction","target":["https:\/\/insektenliebe.com\/it\/shop\/prodotto\/filodendro-rosso-ciliegia\/"]}]},{"@type":"ImageObject","inLanguage":"it-IT","@id":"https:\/\/insektenliebe.com\/it\/shop\/prodotto\/filodendro-rosso-ciliegia\/#primaryimage","url":"https:\/\/insektenliebe.com\/wp-content\/uploads\/2025\/09\/Philodendron-22Cherry-Red22.jpg","contentUrl":"https:\/\/insektenliebe.com\/wp-content\/uploads\/2025\/09\/Philodendron-22Cherry-Red22.jpg","width":820,"height":820,"caption":"Filodendro \"Rosso ciliegia\""},{"@type":"BreadcrumbList","@id":"https:\/\/insektenliebe.com\/it\/shop\/prodotto\/filodendro-rosso-ciliegia\/#breadcrumb","itemListElement":[{"@type":"ListItem","position":1,"name":"Startseite","item":"https:\/\/insektenliebe.com\/it\/"},{"@type":"ListItem","position":2,"name":"Negozio","item":"https:\/\/insektenliebe.com\/it\/negozio\/"},{"@type":"ListItem","position":3,"name":"Filodendro &#8220;Rosso ciliegia&#8221;"}]},{"@type":"WebSite","@id":"https:\/\/insektenliebe.com\/it\/#website","url":"https:\/\/insektenliebe.com\/it\/","name":"Insektenliebe","description":"Dein Zuhause f\u00fcr die kleinen Lebewesen","publisher":{"@id":"https:\/\/insektenliebe.com\/it\/#organization"},"potentialAction":[{"@type":"SearchAction","target":{"@type":"EntryPoint","urlTemplate":"https:\/\/insektenliebe.com\/it\/?s={search_term_string}"},"query-input":{"@type":"PropertyValueSpecification","valueRequired":true,"valueName":"search_term_string"}}],"inLanguage":"it-IT"},{"@type":"Organization","@id":"https:\/\/insektenliebe.com\/it\/#organization","name":"Insektenliebe","url":"https:\/\/insektenliebe.com\/it\/","logo":{"@type":"ImageObject","inLanguage":"it-IT","@id":"https:\/\/insektenliebe.com\/it\/#\/schema\/logo\/image\/","url":"https:\/\/insektenliebe.com\/wp-content\/uploads\/2025\/03\/logo-white.png","contentUrl":"https:\/\/insektenliebe.com\/wp-content\/uploads\/2025\/03\/logo-white.png","width":288,"height":188,"caption":"Insektenliebe"},"image":{"@id":"https:\/\/insektenliebe.com\/it\/#\/schema\/logo\/image\/"}}]}},"_links":{"self":[{"href":"https:\/\/insektenliebe.com\/it\/wp-json\/wp\/v2\/product\/188457","targetHints":{"allow":["GET"]}}],"collection":[{"href":"https:\/\/insektenliebe.com\/it\/wp-json\/wp\/v2\/product"}],"about":[{"href":"https:\/\/insektenliebe.com\/it\/wp-json\/wp\/v2\/types\/product"}],"wp:featuredmedia":[{"embeddable":true,"href":"https:\/\/insektenliebe.com\/it\/wp-json\/wp\/v2\/media\/188459"}],"wp:attachment":[{"href":"https:\/\/insektenliebe.com\/it\/wp-json\/wp\/v2\/media?parent=188457"}],"wp:term":[{"taxonomy":"product-supplier","embeddable":true,"href":"https:\/\/insektenliebe.com\/it\/wp-json\/wp\/v2\/product-supplier?post=188457"},{"taxonomy":"product_brand","embeddable":true,"href":"https:\/\/insektenliebe.com\/it\/wp-json\/wp\/v2\/product_brand?post=188457"},{"taxonomy":"product_cat","embeddable":true,"href":"https:\/\/insektenliebe.com\/it\/wp-json\/wp\/v2\/product_cat?post=188457"},{"taxonomy":"product_tag","embeddable":true,"href":"https:\/\/insektenliebe.com\/it\/wp-json\/wp\/v2\/product_tag?post=188457"},{"taxonomy":"lce-checkout-addons","embeddable":true,"href":"https:\/\/insektenliebe.com\/it\/wp-json\/wp\/v2\/lce-checkout-addons?post=188457"}],"curies":[{"name":"wp","href":"https:\/\/api.w.org\/{rel}","templated":true}]}}