{"id":188413,"date":"2025-09-29T18:34:55","date_gmt":"2025-09-29T16:34:55","guid":{"rendered":"https:\/\/insektenliebe.com\/shop\/produkt\/spruzzatori-pressurizzati-gloria\/"},"modified":"2025-09-29T18:34:55","modified_gmt":"2025-09-29T16:34:55","slug":"spruzzatori-pressurizzati-gloria","status":"publish","type":"product","link":"https:\/\/insektenliebe.com\/it\/shop\/prodotto\/spruzzatori-pressurizzati-gloria\/","title":{"rendered":"Spruzzatori pressurizzati GLORIA"},"content":{"rendered":"<h3><span style=\"color: #99cc33\"><strong><span class=\"s1\">Spruzzatori GLORIA: la soluzione giusta per ogni applicazione<\/span><\/strong><\/span><\/h3>\n<p class=\"p1\"><span class=\"s1\">Con gli spruzzatori pressurizzati GLORIA<\/span><span class=\"s1\">  fai sempre la scelta giusta, sia che tu inumidisca regolarmente il tuo terrario, che tu ti occupi di piante tropicali, che tu non voglia disturbare direttamente gli animali sensibili o che tu abbia bisogno di soluzioni di pulizia precise. I nebulizzatori di alta qualit\u00e0, i nebulizzatori pressurizzati e gli annaffiatori ti offrono il modello giusto per ogni esigenza. Tutti i dispositivi convincono per la loro robustezza, l&#8217;affidabilit\u00e0 delle funzioni e il funzionamento intuitivo.  <\/span><\/p>\n<p class=\"p1\"><span class=\"s1\">Per le attivit\u00e0 pi\u00f9 piccole o per l&#8217;umidificazione localizzata, i nebulizzatori <\/span><span class=\"s2\">Spruzzatori Hobby 05 FLEX<\/span><span class=\"s1\"> e <\/span><span class=\"s2\">Hobby 10 FLEX<\/span><span class=\"s1\">  con ugello flessibile e design compatto - perfetto per lavori mirati in piccoli terrari, sulle foglie delle piante o sul substrato. Se sei alla ricerca di una soluzione pi\u00f9 potente con accumulo di pressione, scegli il modello   <\/span><span class=\"s2\">Spruzzatori pressurizzati Prima 3<\/span><span class=\"s1\">, <\/span><span class=\"s2\">Prima 5<\/span><span class=\"s1\">, <\/span><span class=\"s2\">Hobby 100<\/span><span class=\"s1\"> o il pi\u00f9 grande <\/span><span class=\"s2\">Hobby 125 FLEX<\/span><span class=\"s1\"> con tubo comfort - ideale per inumidire in modo uniforme aree pi\u00f9 ampie e diversi terrari senza dover pompare continuamente altra acqua.<\/span><\/p>\n<p class=\"p1\"><span class=\"s1\">Un&#8217;attrazione speciale \u00e8 la <\/span><span class=\"s2\">Cassetta a spruzzo Prima 60<\/span><span class=\"s1\">che combina l&#8217;irrigazione e la nebulizzazione in un unico dispositivo. Questo \u00e8 particolarmente pratico per le piante sensibili, gli allestimenti delicati o i muschi inzuppati. <\/span><\/p>\n<p class=\"p1\"><span class=\"s1\">Tutti i modelli sono adatti all&#8217;uso con l&#8217;acqua del rubinetto. Sono facili da riempire, stanno comodamente in mano e sono parte integrante della terraristica, della cura delle piante, dell&#8217;acquariofilia o della pulizia grazie alla loro durata. Che tu sia un principiante o un professionista, con gli spruzzatori a pressione GLORIA puoi contare su qualit\u00e0, versatilit\u00e0 e umidit\u00e0 controllata.  <\/span><\/p>\n<p>&nbsp;<\/p>\n<h3><span class=\"s1\">Breve panoramica dei modelli:<\/span><\/h3>\n<p class=\"p1\"><span class=\"s1\">Il <\/span><span class=\"s2\"><strong>Hobby 05 FLEX, spruzzatore fine<\/strong> (0,5 litri)<\/span><span class=\"s1\"> e <\/span><span class=\"s2\"><strong>Hobby 10 FLEX<\/strong> (1,0 litri)<\/span><span class=\"s1\">  sono particolarmente maneggevoli e leggeri. Sono perfetti per l&#8217;umidificazione selettiva di piccoli terrari, per spruzzare le piante o per l&#8217;utilizzo in spazi ristretti. Grazie all&#8217;ugello flessibile, puoi raggiungere senza problemi anche i punti pi\u00f9 difficili da raggiungere.  <\/span><\/p>\n<p class=\"p1\"><span class=\"s1\">Lo spruzzatore <\/span><span class=\"s2\"><strong>Spruzzatore pressurizzato Prima 3<\/strong> (3,0 l)<\/span><span class=\"s1\">  \u00e8 ideale per le applicazioni di medie dimensioni in cui \u00e8 necessaria una nebulizzazione uniforme su un&#8217;area pi\u00f9 ampia. Il collaudato sistema   <\/span><span class=\"s2\"><strong>Spruzzatore a pressione Prima 5<\/strong> (5,0 l)<\/span><span class=\"s1\"> - un classico che ha dato prova di s\u00e9 molte volte nel campo della terraristica, della cura delle piante e della pulizia.<\/span><\/p>\n<p class=\"p1\"><span class=\"s1\">Per le attivit\u00e0 pi\u00f9 impegnative o per i lavori pi\u00f9 lunghi, il modello <\/span><span class=\"s2\"><strong>Hobby 100<\/strong> (1,0 litri)<\/span><span class=\"s1\"> e la <\/span><span class=\"s2\"><strong>Hobby 125 FLEX<\/strong> (1,25 litri)<\/span><span class=\"s1\">  la scelta giusta. Uniscono le dimensioni compatte con l&#8217;accumulo di pressione e la maneggevolezza, e <strong>Hobby 125 FLEX<\/strong> \u00e8 anche dotato di un tubo flessibile per un uso flessibile. <\/span><\/p>\n<p class=\"p1\"><span class=\"s1\">Particolarmente versatile \u00e8 il <\/span><span class=\"s2\"><strong>Versatore spray Prima 60<\/strong> (600ml)<\/span><span class=\"s1\">che \u00e8 un annaffiatoio e uno spruzzatore a pressione in uno. Ideale se vuoi inumidire piante sensibili, inumidire substrati di terreno o lavorare su grandi aree in modo mirato. <\/span><\/p>\n","protected":false},"excerpt":{"rendered":"<p>Spruzzatori GLORIA: la soluzione giusta per ogni applicazione Con gli spruzzatori pressurizzati GLORIA fai sempre la scelta giusta, sia che tu inumidisca regolarmente il tuo terrario, che tu ti occupi di piante tropicali, che tu non voglia disturbare direttamente gli animali sensibili o che tu abbia bisogno di soluzioni di pulizia precise. I nebulizzatori di [&hellip;]<\/p>\n","protected":false},"featured_media":188419,"template":"","meta":{"_acf_changed":false},"product-supplier":[2693],"product_brand":[],"product_cat":[2741],"product_tag":[],"lce-checkout-addons":[],"class_list":{"0":"post-188413","1":"product","2":"type-product","3":"status-publish","4":"has-post-thumbnail","6":"product_cat-illuminazione-e-clima","8":"first","9":"instock","10":"taxable","11":"shipping-taxable","12":"purchasable","13":"product-type-variable"},"acf":[],"yoast_head":"<!-- This site is optimized with the Yoast SEO plugin v27.3 - https:\/\/yoast.com\/product\/yoast-seo-wordpress\/ -->\n<title>Spruzzatori pressurizzati GLORIA - Insektenliebe<\/title>\n<meta name=\"description\" content=\"Spruzzatori a pressione GLORIA per terrari, piante &amp; co. Spruzzatori fini, spruzzatori a pressione e innaffiatori: precisi, resistenti e versatili.\" \/>\n<meta name=\"robots\" content=\"index, follow, max-snippet:-1, max-image-preview:large, max-video-preview:-1\" \/>\n<link rel=\"canonical\" href=\"https:\/\/insektenliebe.com\/it\/shop\/prodotto\/spruzzatori-pressurizzati-gloria\/\" \/>\n<meta property=\"og:locale\" content=\"it_IT\" \/>\n<meta property=\"og:type\" content=\"article\" \/>\n<meta property=\"og:title\" content=\"Spruzzatori pressurizzati GLORIA - Insektenliebe\" \/>\n<meta property=\"og:description\" content=\"Spruzzatori a pressione GLORIA per terrari, piante &amp; co. Spruzzatori fini, spruzzatori a pressione e innaffiatori: precisi, resistenti e versatili.\" \/>\n<meta property=\"og:url\" content=\"https:\/\/insektenliebe.com\/it\/shop\/prodotto\/spruzzatori-pressurizzati-gloria\/\" \/>\n<meta property=\"og:site_name\" content=\"Insektenliebe\" \/>\n<meta property=\"og:image\" content=\"https:\/\/insektenliebe.com\/wp-content\/uploads\/2025\/09\/GLORIA-Druckspruehgeraete.jpg\" \/>\n\t<meta property=\"og:image:width\" content=\"820\" \/>\n\t<meta property=\"og:image:height\" content=\"820\" \/>\n\t<meta property=\"og:image:type\" content=\"image\/jpeg\" \/>\n<meta name=\"twitter:card\" content=\"summary_large_image\" \/>\n<meta name=\"twitter:label1\" content=\"Tempo di lettura stimato\" \/>\n\t<meta name=\"twitter:data1\" content=\"2 minuto\" \/>\n<script type=\"application\/ld+json\" class=\"yoast-schema-graph\">{\"@context\":\"https:\\\/\\\/schema.org\",\"@graph\":[{\"@type\":\"WebPage\",\"@id\":\"https:\\\/\\\/insektenliebe.com\\\/it\\\/shop\\\/prodotto\\\/spruzzatori-pressurizzati-gloria\\\/\",\"url\":\"https:\\\/\\\/insektenliebe.com\\\/it\\\/shop\\\/prodotto\\\/spruzzatori-pressurizzati-gloria\\\/\",\"name\":\"Spruzzatori pressurizzati GLORIA - Insektenliebe\",\"isPartOf\":{\"@id\":\"https:\\\/\\\/insektenliebe.com\\\/it\\\/#website\"},\"primaryImageOfPage\":{\"@id\":\"https:\\\/\\\/insektenliebe.com\\\/it\\\/shop\\\/prodotto\\\/spruzzatori-pressurizzati-gloria\\\/#primaryimage\"},\"image\":{\"@id\":\"https:\\\/\\\/insektenliebe.com\\\/it\\\/shop\\\/prodotto\\\/spruzzatori-pressurizzati-gloria\\\/#primaryimage\"},\"thumbnailUrl\":\"https:\\\/\\\/insektenliebe.com\\\/wp-content\\\/uploads\\\/2025\\\/09\\\/GLORIA-Druckspruehgeraete.jpg\",\"datePublished\":\"2025-09-29T16:34:55+00:00\",\"description\":\"Spruzzatori a pressione GLORIA per terrari, piante & co. Spruzzatori fini, spruzzatori a pressione e innaffiatori: precisi, resistenti e versatili.\",\"breadcrumb\":{\"@id\":\"https:\\\/\\\/insektenliebe.com\\\/it\\\/shop\\\/prodotto\\\/spruzzatori-pressurizzati-gloria\\\/#breadcrumb\"},\"inLanguage\":\"it-IT\",\"potentialAction\":[{\"@type\":\"ReadAction\",\"target\":[\"https:\\\/\\\/insektenliebe.com\\\/it\\\/shop\\\/prodotto\\\/spruzzatori-pressurizzati-gloria\\\/\"]}]},{\"@type\":\"ImageObject\",\"inLanguage\":\"it-IT\",\"@id\":\"https:\\\/\\\/insektenliebe.com\\\/it\\\/shop\\\/prodotto\\\/spruzzatori-pressurizzati-gloria\\\/#primaryimage\",\"url\":\"https:\\\/\\\/insektenliebe.com\\\/wp-content\\\/uploads\\\/2025\\\/09\\\/GLORIA-Druckspruehgeraete.jpg\",\"contentUrl\":\"https:\\\/\\\/insektenliebe.com\\\/wp-content\\\/uploads\\\/2025\\\/09\\\/GLORIA-Druckspruehgeraete.jpg\",\"width\":820,\"height\":820,\"caption\":\"Spruzzatori pressurizzati GLORIA\"},{\"@type\":\"BreadcrumbList\",\"@id\":\"https:\\\/\\\/insektenliebe.com\\\/it\\\/shop\\\/prodotto\\\/spruzzatori-pressurizzati-gloria\\\/#breadcrumb\",\"itemListElement\":[{\"@type\":\"ListItem\",\"position\":1,\"name\":\"Startseite\",\"item\":\"https:\\\/\\\/insektenliebe.com\\\/it\\\/\"},{\"@type\":\"ListItem\",\"position\":2,\"name\":\"Negozio\",\"item\":\"https:\\\/\\\/insektenliebe.com\\\/it\\\/negozio\\\/\"},{\"@type\":\"ListItem\",\"position\":3,\"name\":\"Spruzzatori pressurizzati GLORIA\"}]},{\"@type\":\"WebSite\",\"@id\":\"https:\\\/\\\/insektenliebe.com\\\/it\\\/#website\",\"url\":\"https:\\\/\\\/insektenliebe.com\\\/it\\\/\",\"name\":\"Insektenliebe\",\"description\":\"Dein Zuhause f\u00fcr die kleinen Lebewesen\",\"publisher\":{\"@id\":\"https:\\\/\\\/insektenliebe.com\\\/it\\\/#organization\"},\"potentialAction\":[{\"@type\":\"SearchAction\",\"target\":{\"@type\":\"EntryPoint\",\"urlTemplate\":\"https:\\\/\\\/insektenliebe.com\\\/it\\\/?s={search_term_string}\"},\"query-input\":{\"@type\":\"PropertyValueSpecification\",\"valueRequired\":true,\"valueName\":\"search_term_string\"}}],\"inLanguage\":\"it-IT\"},{\"@type\":\"Organization\",\"@id\":\"https:\\\/\\\/insektenliebe.com\\\/it\\\/#organization\",\"name\":\"Insektenliebe\",\"url\":\"https:\\\/\\\/insektenliebe.com\\\/it\\\/\",\"logo\":{\"@type\":\"ImageObject\",\"inLanguage\":\"it-IT\",\"@id\":\"https:\\\/\\\/insektenliebe.com\\\/it\\\/#\\\/schema\\\/logo\\\/image\\\/\",\"url\":\"https:\\\/\\\/insektenliebe.com\\\/wp-content\\\/uploads\\\/2025\\\/03\\\/logo-white.png\",\"contentUrl\":\"https:\\\/\\\/insektenliebe.com\\\/wp-content\\\/uploads\\\/2025\\\/03\\\/logo-white.png\",\"width\":288,\"height\":188,\"caption\":\"Insektenliebe\"},\"image\":{\"@id\":\"https:\\\/\\\/insektenliebe.com\\\/it\\\/#\\\/schema\\\/logo\\\/image\\\/\"}}]}<\/script>\n<!-- \/ Yoast SEO plugin. -->","yoast_head_json":{"title":"Spruzzatori pressurizzati GLORIA - Insektenliebe","description":"Spruzzatori a pressione GLORIA per terrari, piante & co. Spruzzatori fini, spruzzatori a pressione e innaffiatori: precisi, resistenti e versatili.","robots":{"index":"index","follow":"follow","max-snippet":"max-snippet:-1","max-image-preview":"max-image-preview:large","max-video-preview":"max-video-preview:-1"},"canonical":"https:\/\/insektenliebe.com\/it\/shop\/prodotto\/spruzzatori-pressurizzati-gloria\/","og_locale":"it_IT","og_type":"article","og_title":"Spruzzatori pressurizzati GLORIA - Insektenliebe","og_description":"Spruzzatori a pressione GLORIA per terrari, piante & co. Spruzzatori fini, spruzzatori a pressione e innaffiatori: precisi, resistenti e versatili.","og_url":"https:\/\/insektenliebe.com\/it\/shop\/prodotto\/spruzzatori-pressurizzati-gloria\/","og_site_name":"Insektenliebe","og_image":[{"width":820,"height":820,"url":"https:\/\/insektenliebe.com\/wp-content\/uploads\/2025\/09\/GLORIA-Druckspruehgeraete.jpg","type":"image\/jpeg"}],"twitter_card":"summary_large_image","twitter_misc":{"Tempo di lettura stimato":"2 minuto"},"schema":{"@context":"https:\/\/schema.org","@graph":[{"@type":"WebPage","@id":"https:\/\/insektenliebe.com\/it\/shop\/prodotto\/spruzzatori-pressurizzati-gloria\/","url":"https:\/\/insektenliebe.com\/it\/shop\/prodotto\/spruzzatori-pressurizzati-gloria\/","name":"Spruzzatori pressurizzati GLORIA - Insektenliebe","isPartOf":{"@id":"https:\/\/insektenliebe.com\/it\/#website"},"primaryImageOfPage":{"@id":"https:\/\/insektenliebe.com\/it\/shop\/prodotto\/spruzzatori-pressurizzati-gloria\/#primaryimage"},"image":{"@id":"https:\/\/insektenliebe.com\/it\/shop\/prodotto\/spruzzatori-pressurizzati-gloria\/#primaryimage"},"thumbnailUrl":"https:\/\/insektenliebe.com\/wp-content\/uploads\/2025\/09\/GLORIA-Druckspruehgeraete.jpg","datePublished":"2025-09-29T16:34:55+00:00","description":"Spruzzatori a pressione GLORIA per terrari, piante & co. Spruzzatori fini, spruzzatori a pressione e innaffiatori: precisi, resistenti e versatili.","breadcrumb":{"@id":"https:\/\/insektenliebe.com\/it\/shop\/prodotto\/spruzzatori-pressurizzati-gloria\/#breadcrumb"},"inLanguage":"it-IT","potentialAction":[{"@type":"ReadAction","target":["https:\/\/insektenliebe.com\/it\/shop\/prodotto\/spruzzatori-pressurizzati-gloria\/"]}]},{"@type":"ImageObject","inLanguage":"it-IT","@id":"https:\/\/insektenliebe.com\/it\/shop\/prodotto\/spruzzatori-pressurizzati-gloria\/#primaryimage","url":"https:\/\/insektenliebe.com\/wp-content\/uploads\/2025\/09\/GLORIA-Druckspruehgeraete.jpg","contentUrl":"https:\/\/insektenliebe.com\/wp-content\/uploads\/2025\/09\/GLORIA-Druckspruehgeraete.jpg","width":820,"height":820,"caption":"Spruzzatori pressurizzati GLORIA"},{"@type":"BreadcrumbList","@id":"https:\/\/insektenliebe.com\/it\/shop\/prodotto\/spruzzatori-pressurizzati-gloria\/#breadcrumb","itemListElement":[{"@type":"ListItem","position":1,"name":"Startseite","item":"https:\/\/insektenliebe.com\/it\/"},{"@type":"ListItem","position":2,"name":"Negozio","item":"https:\/\/insektenliebe.com\/it\/negozio\/"},{"@type":"ListItem","position":3,"name":"Spruzzatori pressurizzati GLORIA"}]},{"@type":"WebSite","@id":"https:\/\/insektenliebe.com\/it\/#website","url":"https:\/\/insektenliebe.com\/it\/","name":"Insektenliebe","description":"Dein Zuhause f\u00fcr die kleinen Lebewesen","publisher":{"@id":"https:\/\/insektenliebe.com\/it\/#organization"},"potentialAction":[{"@type":"SearchAction","target":{"@type":"EntryPoint","urlTemplate":"https:\/\/insektenliebe.com\/it\/?s={search_term_string}"},"query-input":{"@type":"PropertyValueSpecification","valueRequired":true,"valueName":"search_term_string"}}],"inLanguage":"it-IT"},{"@type":"Organization","@id":"https:\/\/insektenliebe.com\/it\/#organization","name":"Insektenliebe","url":"https:\/\/insektenliebe.com\/it\/","logo":{"@type":"ImageObject","inLanguage":"it-IT","@id":"https:\/\/insektenliebe.com\/it\/#\/schema\/logo\/image\/","url":"https:\/\/insektenliebe.com\/wp-content\/uploads\/2025\/03\/logo-white.png","contentUrl":"https:\/\/insektenliebe.com\/wp-content\/uploads\/2025\/03\/logo-white.png","width":288,"height":188,"caption":"Insektenliebe"},"image":{"@id":"https:\/\/insektenliebe.com\/it\/#\/schema\/logo\/image\/"}}]}},"_links":{"self":[{"href":"https:\/\/insektenliebe.com\/it\/wp-json\/wp\/v2\/product\/188413","targetHints":{"allow":["GET"]}}],"collection":[{"href":"https:\/\/insektenliebe.com\/it\/wp-json\/wp\/v2\/product"}],"about":[{"href":"https:\/\/insektenliebe.com\/it\/wp-json\/wp\/v2\/types\/product"}],"wp:featuredmedia":[{"embeddable":true,"href":"https:\/\/insektenliebe.com\/it\/wp-json\/wp\/v2\/media\/188419"}],"wp:attachment":[{"href":"https:\/\/insektenliebe.com\/it\/wp-json\/wp\/v2\/media?parent=188413"}],"wp:term":[{"taxonomy":"product-supplier","embeddable":true,"href":"https:\/\/insektenliebe.com\/it\/wp-json\/wp\/v2\/product-supplier?post=188413"},{"taxonomy":"product_brand","embeddable":true,"href":"https:\/\/insektenliebe.com\/it\/wp-json\/wp\/v2\/product_brand?post=188413"},{"taxonomy":"product_cat","embeddable":true,"href":"https:\/\/insektenliebe.com\/it\/wp-json\/wp\/v2\/product_cat?post=188413"},{"taxonomy":"product_tag","embeddable":true,"href":"https:\/\/insektenliebe.com\/it\/wp-json\/wp\/v2\/product_tag?post=188413"},{"taxonomy":"lce-checkout-addons","embeddable":true,"href":"https:\/\/insektenliebe.com\/it\/wp-json\/wp\/v2\/lce-checkout-addons?post=188413"}],"curies":[{"name":"wp","href":"https:\/\/api.w.org\/{rel}","templated":true}]}}