{"id":188412,"date":"2025-10-31T16:31:57","date_gmt":"2025-10-31T15:31:57","guid":{"rendered":"https:\/\/insektenliebe.com\/shop\/produkt\/periscyphis-spec-isola-di-hallaniyat-oman\/"},"modified":"2025-10-31T16:31:57","modified_gmt":"2025-10-31T15:31:57","slug":"periscyphis-spec-isola-di-hallaniyat-oman","status":"publish","type":"product","link":"https:\/\/insektenliebe.com\/it\/shop\/prodotto\/periscyphis-spec-isola-di-hallaniyat-oman\/","title":{"rendered":"Periscyphis spec. \"Isola di Hallaniyat, Oman\"."},"content":{"rendered":"<h3><span style=\"color: #99cc33\"><strong><span class=\"s1\">Periscyphis spec. \"Isola di Hallaniyat, Oman\" - Armatura esotica in miniatura dal deserto <\/span><\/strong><\/span><\/h3>\n<p class=\"p1\"><span class=\"s1\">Questa particolare specie di isopode proveniente dal remoto gruppo di isole Hallaniyat, nel sud dell&#8217;Oman, non colpisce solo per la sua origine, ma anche per il suo aspetto sorprendente: un esoscheletro profondo, quasi nero porpora, con una parte inferiore del corpo chiara e le estremit\u00e0 dei segmenti rosso ruggine lo rendono un vero e proprio richiamo visivo nel terrario. A differenza di molte specie tropicali, questa specie preferisce un ambiente piuttosto secco, proprio come nel suo habitat naturale. <\/span><\/p>\n<p class=\"p1\"><span class=\"s1\">La foto mostra chiaramente che questa specie \u00e8 molto corazzata, compatta e ben adattata a vivere in habitat secchi e ricchi di strutture. Il substrato sabbioso con piccole pietre nella foto \u00e8 ideale - l&#8217;aggiunta di alcuni pezzi di sughero o pietre piatte offre agli animali molti nascondigli. <\/span><\/p>\n<p class=\"p1\"><span class=\"s1\">La postura mostra  <strong>Periscyphis spec. \"Isola di Hallaniyat, Oman\". <\/strong><\/span><span class=\"s1\">  \u00c8 semplice se si crea un clima equilibrato: un angolo umido \u00e8 sufficiente per l&#8217;assunzione di acqua, mentre la maggior parte del terrario rimane ben ventilato e asciutto. \u00c8 proprio questo contrasto climatico che favorisce l&#8217;attivit\u00e0: gli animali possono essere osservati pi\u00f9 spesso non solo al tramonto ma anche durante il giorno. <\/span><\/p>\n<p class=\"p1\"><span class=\"s1\">La loro dieta \u00e8 quella tipica degli isopodi: foglie, alcuni vegetali e una fonte costante di calcio. Anche la riproduzione \u00e8 affidabile in condizioni costanti: la prole di solito si nasconde bene e diventa visibile dopo poche settimane. <\/span><\/p>\n<p class=\"p1\"><span class=\"s1\">Questa specie di isopode \u00e8 una scoperta rara per chiunque sia interessato alle specie delle regioni pi\u00f9 aride e, grazie alla sua robustezza e alla sua bella colorazione, \u00e8 ideale anche per i principianti dell&#8217;allevamento di isopodi del deserto.<\/span><\/p>\n","protected":false},"excerpt":{"rendered":"<p>Periscyphis spec. \"Isola di Hallaniyat, Oman\" - Armatura esotica in miniatura dal deserto Questa particolare specie di isopode proveniente dal remoto gruppo di isole Hallaniyat, nel sud dell&#8217;Oman, non colpisce solo per la sua origine, ma anche per il suo aspetto sorprendente: un esoscheletro profondo, quasi nero porpora, con una parte inferiore del corpo chiara [&hellip;]<\/p>\n","protected":false},"featured_media":188414,"template":"","meta":{"_acf_changed":false},"product-supplier":[],"product_brand":[],"product_cat":[2850],"product_tag":[],"lce-checkout-addons":[2746],"class_list":{"0":"post-188412","1":"product","2":"type-product","3":"status-publish","4":"has-post-thumbnail","6":"product_cat-altri-isopodi-merulanella-ecc","7":"product_shipping_class-spedizione-di-animali","8":"pa_herkunft-oman","9":"pa_kontinent-asia","10":"lce-checkout-addons-imballaggio-invernale","12":"first","13":"outofstock","14":"taxable","15":"shipping-taxable","16":"purchasable","17":"product-type-simple"},"acf":[],"yoast_head":"<!-- This site is optimized with the Yoast SEO plugin v27.3 - https:\/\/yoast.com\/product\/yoast-seo-wordpress\/ -->\n<title>Periscyphis spec. &quot;Isola di Hallaniyat, Oman&quot;. - Insektenliebe<\/title>\n<meta name=\"description\" content=\"Rara specie di isopode dell&#039;Oman: Periscyphis spec. &quot;Hallaniyat Island&quot; con colorazione scura e assetto secco. Acquista subito online su Insektenliebe!\" \/>\n<meta name=\"robots\" content=\"index, follow, max-snippet:-1, max-image-preview:large, max-video-preview:-1\" \/>\n<link rel=\"canonical\" href=\"https:\/\/insektenliebe.com\/it\/shop\/prodotto\/periscyphis-spec-isola-di-hallaniyat-oman\/\" \/>\n<meta property=\"og:locale\" content=\"it_IT\" \/>\n<meta property=\"og:type\" content=\"article\" \/>\n<meta property=\"og:title\" content=\"Periscyphis spec. &quot;Isola di Hallaniyat, Oman&quot;. - Insektenliebe\" \/>\n<meta property=\"og:description\" content=\"Rara specie di isopode dell&#039;Oman: Periscyphis spec. &quot;Hallaniyat Island&quot; con colorazione scura e assetto secco. Acquista subito online su Insektenliebe!\" \/>\n<meta property=\"og:url\" content=\"https:\/\/insektenliebe.com\/it\/shop\/prodotto\/periscyphis-spec-isola-di-hallaniyat-oman\/\" \/>\n<meta property=\"og:site_name\" content=\"Insektenliebe\" \/>\n<meta property=\"og:image\" content=\"https:\/\/insektenliebe.com\/wp-content\/uploads\/2025\/10\/Periscyphis-spec.-Hallaniyat-Island-Oman.jpg\" \/>\n\t<meta property=\"og:image:width\" content=\"820\" \/>\n\t<meta property=\"og:image:height\" content=\"820\" \/>\n\t<meta property=\"og:image:type\" content=\"image\/jpeg\" \/>\n<meta name=\"twitter:card\" content=\"summary_large_image\" \/>\n<meta name=\"twitter:label1\" content=\"Tempo di lettura stimato\" \/>\n\t<meta name=\"twitter:data1\" content=\"1 minuto\" \/>\n<script type=\"application\/ld+json\" class=\"yoast-schema-graph\">{\"@context\":\"https:\\\/\\\/schema.org\",\"@graph\":[{\"@type\":\"WebPage\",\"@id\":\"https:\\\/\\\/insektenliebe.com\\\/it\\\/shop\\\/prodotto\\\/periscyphis-spec-isola-di-hallaniyat-oman\\\/\",\"url\":\"https:\\\/\\\/insektenliebe.com\\\/it\\\/shop\\\/prodotto\\\/periscyphis-spec-isola-di-hallaniyat-oman\\\/\",\"name\":\"Periscyphis spec. \\\"Isola di Hallaniyat, Oman\\\". - Insektenliebe\",\"isPartOf\":{\"@id\":\"https:\\\/\\\/insektenliebe.com\\\/it\\\/#website\"},\"primaryImageOfPage\":{\"@id\":\"https:\\\/\\\/insektenliebe.com\\\/it\\\/shop\\\/prodotto\\\/periscyphis-spec-isola-di-hallaniyat-oman\\\/#primaryimage\"},\"image\":{\"@id\":\"https:\\\/\\\/insektenliebe.com\\\/it\\\/shop\\\/prodotto\\\/periscyphis-spec-isola-di-hallaniyat-oman\\\/#primaryimage\"},\"thumbnailUrl\":\"https:\\\/\\\/insektenliebe.com\\\/wp-content\\\/uploads\\\/2025\\\/10\\\/Periscyphis-spec.-Hallaniyat-Island-Oman.jpg\",\"datePublished\":\"2025-10-31T15:31:57+00:00\",\"description\":\"Rara specie di isopode dell'Oman: Periscyphis spec. \\\"Hallaniyat Island\\\" con colorazione scura e assetto secco. Acquista subito online su Insektenliebe!\",\"breadcrumb\":{\"@id\":\"https:\\\/\\\/insektenliebe.com\\\/it\\\/shop\\\/prodotto\\\/periscyphis-spec-isola-di-hallaniyat-oman\\\/#breadcrumb\"},\"inLanguage\":\"it-IT\",\"potentialAction\":[{\"@type\":\"ReadAction\",\"target\":[\"https:\\\/\\\/insektenliebe.com\\\/it\\\/shop\\\/prodotto\\\/periscyphis-spec-isola-di-hallaniyat-oman\\\/\"]}]},{\"@type\":\"ImageObject\",\"inLanguage\":\"it-IT\",\"@id\":\"https:\\\/\\\/insektenliebe.com\\\/it\\\/shop\\\/prodotto\\\/periscyphis-spec-isola-di-hallaniyat-oman\\\/#primaryimage\",\"url\":\"https:\\\/\\\/insektenliebe.com\\\/wp-content\\\/uploads\\\/2025\\\/10\\\/Periscyphis-spec.-Hallaniyat-Island-Oman.jpg\",\"contentUrl\":\"https:\\\/\\\/insektenliebe.com\\\/wp-content\\\/uploads\\\/2025\\\/10\\\/Periscyphis-spec.-Hallaniyat-Island-Oman.jpg\",\"width\":820,\"height\":820,\"caption\":\"Periscyphis spec. \\\"Isola di Hallaniyat, Oman\\\".\"},{\"@type\":\"BreadcrumbList\",\"@id\":\"https:\\\/\\\/insektenliebe.com\\\/it\\\/shop\\\/prodotto\\\/periscyphis-spec-isola-di-hallaniyat-oman\\\/#breadcrumb\",\"itemListElement\":[{\"@type\":\"ListItem\",\"position\":1,\"name\":\"Startseite\",\"item\":\"https:\\\/\\\/insektenliebe.com\\\/it\\\/\"},{\"@type\":\"ListItem\",\"position\":2,\"name\":\"Negozio\",\"item\":\"https:\\\/\\\/insektenliebe.com\\\/it\\\/negozio\\\/\"},{\"@type\":\"ListItem\",\"position\":3,\"name\":\"Periscyphis spec. &#8220;Isola di Hallaniyat, Oman&#8221;.\"}]},{\"@type\":\"WebSite\",\"@id\":\"https:\\\/\\\/insektenliebe.com\\\/it\\\/#website\",\"url\":\"https:\\\/\\\/insektenliebe.com\\\/it\\\/\",\"name\":\"Insektenliebe\",\"description\":\"Dein Zuhause f\u00fcr die kleinen Lebewesen\",\"publisher\":{\"@id\":\"https:\\\/\\\/insektenliebe.com\\\/it\\\/#organization\"},\"potentialAction\":[{\"@type\":\"SearchAction\",\"target\":{\"@type\":\"EntryPoint\",\"urlTemplate\":\"https:\\\/\\\/insektenliebe.com\\\/it\\\/?s={search_term_string}\"},\"query-input\":{\"@type\":\"PropertyValueSpecification\",\"valueRequired\":true,\"valueName\":\"search_term_string\"}}],\"inLanguage\":\"it-IT\"},{\"@type\":\"Organization\",\"@id\":\"https:\\\/\\\/insektenliebe.com\\\/it\\\/#organization\",\"name\":\"Insektenliebe\",\"url\":\"https:\\\/\\\/insektenliebe.com\\\/it\\\/\",\"logo\":{\"@type\":\"ImageObject\",\"inLanguage\":\"it-IT\",\"@id\":\"https:\\\/\\\/insektenliebe.com\\\/it\\\/#\\\/schema\\\/logo\\\/image\\\/\",\"url\":\"https:\\\/\\\/insektenliebe.com\\\/wp-content\\\/uploads\\\/2025\\\/03\\\/logo-white.png\",\"contentUrl\":\"https:\\\/\\\/insektenliebe.com\\\/wp-content\\\/uploads\\\/2025\\\/03\\\/logo-white.png\",\"width\":288,\"height\":188,\"caption\":\"Insektenliebe\"},\"image\":{\"@id\":\"https:\\\/\\\/insektenliebe.com\\\/it\\\/#\\\/schema\\\/logo\\\/image\\\/\"}}]}<\/script>\n<!-- \/ Yoast SEO plugin. -->","yoast_head_json":{"title":"Periscyphis spec. \"Isola di Hallaniyat, Oman\". - Insektenliebe","description":"Rara specie di isopode dell'Oman: Periscyphis spec. \"Hallaniyat Island\" con colorazione scura e assetto secco. Acquista subito online su Insektenliebe!","robots":{"index":"index","follow":"follow","max-snippet":"max-snippet:-1","max-image-preview":"max-image-preview:large","max-video-preview":"max-video-preview:-1"},"canonical":"https:\/\/insektenliebe.com\/it\/shop\/prodotto\/periscyphis-spec-isola-di-hallaniyat-oman\/","og_locale":"it_IT","og_type":"article","og_title":"Periscyphis spec. \"Isola di Hallaniyat, Oman\". - Insektenliebe","og_description":"Rara specie di isopode dell'Oman: Periscyphis spec. \"Hallaniyat Island\" con colorazione scura e assetto secco. Acquista subito online su Insektenliebe!","og_url":"https:\/\/insektenliebe.com\/it\/shop\/prodotto\/periscyphis-spec-isola-di-hallaniyat-oman\/","og_site_name":"Insektenliebe","og_image":[{"width":820,"height":820,"url":"https:\/\/insektenliebe.com\/wp-content\/uploads\/2025\/10\/Periscyphis-spec.-Hallaniyat-Island-Oman.jpg","type":"image\/jpeg"}],"twitter_card":"summary_large_image","twitter_misc":{"Tempo di lettura stimato":"1 minuto"},"schema":{"@context":"https:\/\/schema.org","@graph":[{"@type":"WebPage","@id":"https:\/\/insektenliebe.com\/it\/shop\/prodotto\/periscyphis-spec-isola-di-hallaniyat-oman\/","url":"https:\/\/insektenliebe.com\/it\/shop\/prodotto\/periscyphis-spec-isola-di-hallaniyat-oman\/","name":"Periscyphis spec. \"Isola di Hallaniyat, Oman\". - Insektenliebe","isPartOf":{"@id":"https:\/\/insektenliebe.com\/it\/#website"},"primaryImageOfPage":{"@id":"https:\/\/insektenliebe.com\/it\/shop\/prodotto\/periscyphis-spec-isola-di-hallaniyat-oman\/#primaryimage"},"image":{"@id":"https:\/\/insektenliebe.com\/it\/shop\/prodotto\/periscyphis-spec-isola-di-hallaniyat-oman\/#primaryimage"},"thumbnailUrl":"https:\/\/insektenliebe.com\/wp-content\/uploads\/2025\/10\/Periscyphis-spec.-Hallaniyat-Island-Oman.jpg","datePublished":"2025-10-31T15:31:57+00:00","description":"Rara specie di isopode dell'Oman: Periscyphis spec. \"Hallaniyat Island\" con colorazione scura e assetto secco. Acquista subito online su Insektenliebe!","breadcrumb":{"@id":"https:\/\/insektenliebe.com\/it\/shop\/prodotto\/periscyphis-spec-isola-di-hallaniyat-oman\/#breadcrumb"},"inLanguage":"it-IT","potentialAction":[{"@type":"ReadAction","target":["https:\/\/insektenliebe.com\/it\/shop\/prodotto\/periscyphis-spec-isola-di-hallaniyat-oman\/"]}]},{"@type":"ImageObject","inLanguage":"it-IT","@id":"https:\/\/insektenliebe.com\/it\/shop\/prodotto\/periscyphis-spec-isola-di-hallaniyat-oman\/#primaryimage","url":"https:\/\/insektenliebe.com\/wp-content\/uploads\/2025\/10\/Periscyphis-spec.-Hallaniyat-Island-Oman.jpg","contentUrl":"https:\/\/insektenliebe.com\/wp-content\/uploads\/2025\/10\/Periscyphis-spec.-Hallaniyat-Island-Oman.jpg","width":820,"height":820,"caption":"Periscyphis spec. \"Isola di Hallaniyat, Oman\"."},{"@type":"BreadcrumbList","@id":"https:\/\/insektenliebe.com\/it\/shop\/prodotto\/periscyphis-spec-isola-di-hallaniyat-oman\/#breadcrumb","itemListElement":[{"@type":"ListItem","position":1,"name":"Startseite","item":"https:\/\/insektenliebe.com\/it\/"},{"@type":"ListItem","position":2,"name":"Negozio","item":"https:\/\/insektenliebe.com\/it\/negozio\/"},{"@type":"ListItem","position":3,"name":"Periscyphis spec. &#8220;Isola di Hallaniyat, Oman&#8221;."}]},{"@type":"WebSite","@id":"https:\/\/insektenliebe.com\/it\/#website","url":"https:\/\/insektenliebe.com\/it\/","name":"Insektenliebe","description":"Dein Zuhause f\u00fcr die kleinen Lebewesen","publisher":{"@id":"https:\/\/insektenliebe.com\/it\/#organization"},"potentialAction":[{"@type":"SearchAction","target":{"@type":"EntryPoint","urlTemplate":"https:\/\/insektenliebe.com\/it\/?s={search_term_string}"},"query-input":{"@type":"PropertyValueSpecification","valueRequired":true,"valueName":"search_term_string"}}],"inLanguage":"it-IT"},{"@type":"Organization","@id":"https:\/\/insektenliebe.com\/it\/#organization","name":"Insektenliebe","url":"https:\/\/insektenliebe.com\/it\/","logo":{"@type":"ImageObject","inLanguage":"it-IT","@id":"https:\/\/insektenliebe.com\/it\/#\/schema\/logo\/image\/","url":"https:\/\/insektenliebe.com\/wp-content\/uploads\/2025\/03\/logo-white.png","contentUrl":"https:\/\/insektenliebe.com\/wp-content\/uploads\/2025\/03\/logo-white.png","width":288,"height":188,"caption":"Insektenliebe"},"image":{"@id":"https:\/\/insektenliebe.com\/it\/#\/schema\/logo\/image\/"}}]}},"_links":{"self":[{"href":"https:\/\/insektenliebe.com\/it\/wp-json\/wp\/v2\/product\/188412","targetHints":{"allow":["GET"]}}],"collection":[{"href":"https:\/\/insektenliebe.com\/it\/wp-json\/wp\/v2\/product"}],"about":[{"href":"https:\/\/insektenliebe.com\/it\/wp-json\/wp\/v2\/types\/product"}],"wp:featuredmedia":[{"embeddable":true,"href":"https:\/\/insektenliebe.com\/it\/wp-json\/wp\/v2\/media\/188414"}],"wp:attachment":[{"href":"https:\/\/insektenliebe.com\/it\/wp-json\/wp\/v2\/media?parent=188412"}],"wp:term":[{"taxonomy":"product-supplier","embeddable":true,"href":"https:\/\/insektenliebe.com\/it\/wp-json\/wp\/v2\/product-supplier?post=188412"},{"taxonomy":"product_brand","embeddable":true,"href":"https:\/\/insektenliebe.com\/it\/wp-json\/wp\/v2\/product_brand?post=188412"},{"taxonomy":"product_cat","embeddable":true,"href":"https:\/\/insektenliebe.com\/it\/wp-json\/wp\/v2\/product_cat?post=188412"},{"taxonomy":"product_tag","embeddable":true,"href":"https:\/\/insektenliebe.com\/it\/wp-json\/wp\/v2\/product_tag?post=188412"},{"taxonomy":"lce-checkout-addons","embeddable":true,"href":"https:\/\/insektenliebe.com\/it\/wp-json\/wp\/v2\/lce-checkout-addons?post=188412"}],"curies":[{"name":"wp","href":"https:\/\/api.w.org\/{rel}","templated":true}]}}