{"id":188405,"date":"2025-11-01T12:19:17","date_gmt":"2025-11-01T11:19:17","guid":{"rendered":"https:\/\/insektenliebe.com\/shop\/produkt\/heterothele-villosella\/"},"modified":"2026-03-06T18:28:50","modified_gmt":"2026-03-06T17:28:50","slug":"heterothele-villosella","status":"publish","type":"product","link":"https:\/\/insektenliebe.com\/it\/shop\/prodotto\/heterothele-villosella\/","title":{"rendered":"Heterothele villosella"},"content":{"rendered":"<h3><span style=\"color: #99cc33;\"><strong><span class=\"s1\">Heterothele villosella<\/span><span style=\"font-size: 16px;\">- la bellezza socievole della Tanzania<\/span><\/strong><\/span><\/h3>\n<p class=\"p1\"><span class=\"s1\">Questa piccola ma impressionante tarantola nana \u00e8 originaria della Tanzania e da tempo si \u00e8 assicurata un posto fisso nel cuore di molti allevatori. <\/span><strong><span class=\"s2\">Heterothele villosella<\/span><\/strong><span class=\"s1\"> non solo \u00e8 splendidamente marcata, ma \u00e8 anche una delle poche specie che possono essere tenute in gruppo: un vero punto di forza per gli appassionati di ragni sociali.<\/span><\/p>\n<p class=\"p1\"><span class=\"s1\">Con il suo colore dorato e setoso, i sottili motivi scuri sull&#8217;addome e le zampe a contrasto, sembra quasi che sia stato disegnato. Il suo comportamento intensivo di tessitura \u00e8 particolarmente sorprendente: Questo ragno ama foderare il suo habitat con sottili ragnatele a imbuto, sia tra i rami che tra le piante o nei tubi di sughero. Se fornisci un terrario decorato con una struttura, noterai subito la sua creativit\u00e0.    <\/span><strong><span class=\"s2\">Heterothele villosella<\/span><\/strong><span class=\"s1\"> costruisce ed espande la sua rete.<\/span><\/p>\n<p class=\"p1\"><span class=\"s1\">Quando viene allevata, preferisce un ambiente piuttosto asciutto con un&#8217;umidit\u00e0 localmente maggiore. Ci\u00f2 significa che una zona del terrario viene regolarmente leggermente umidificata, mentre il resto \u00e8 ben ventilato e rimane asciutto. In questo modo si evita la formazione di muffe e l&#8217;essiccazione. In natura, vive anche in habitat piuttosto secchi ma strutturati.   <\/span><\/p>\n<p class=\"p1\"><span class=\"s1\">Un terrario di 20 \u00d7 20 \u00d7 20 cm offre gi\u00e0 uno spazio sufficiente per un singolo animale - pi\u00f9 grande se tenuto in gruppo. \u00c8 importante fornire un numero sufficiente di posti in cui ritirarsi, un&#8217;ampia struttura, cibo sufficiente e un&#8217;attenta osservazione del comportamento sociale. L&#8217;aggressivit\u00e0 \u00e8 rara, ma pu\u00f2 verificarsi, soprattutto se l&#8217;alimentazione non \u00e8 adeguata. Chiunque abbia esperienza nell&#8217;allevamento in gruppo sar\u00e0 ricompensato con affascinanti approfondimenti sul comportamento sociale di questa specie.   <\/span><\/p>\n<p class=\"p1\"><span class=\"s1\">Nel nostro negozio troverai sia animali singoli che gruppi ben formati di 5 esemplari che gi\u00e0 vivono insieme armoniosamente. Questi gruppi sono stati allevati insieme e mostrano un comportamento straordinariamente sociale che si pu\u00f2 osservare solo in poche specie di tarantole. Gli animali siedono spesso vicini nelle loro ragnatele a imbuto finemente filate, condividono i nascondigli e sembrano sorprendentemente tolleranti l&#8217;uno verso l&#8217;altro. Quindi, se vuoi provare a tenerle in gruppo, qui troverai le condizioni ideali, con animali gi\u00e0 abituati l&#8217;uno all&#8217;altro. Naturalmente, offriamo anche animali solitari da tenere individualmente, ideali per gli osservatori che apprezzano l&#8217;affascinante comportamento a rete e l&#8217;eleganza di questa piccola specie.    <\/span><\/p>\n<p class=\"p1\"><span class=\"s1\">In termini di cibo <\/span><strong><span class=\"s2\">Heterothele villosella<\/span><\/strong><span class=\"s1\">  senza complicazioni: Grilli, scarafaggi e piccole mosche sono in cima al loro menu. Grazie alla sua struttura a rete attiva, cattura le prede in modo affidabile e spesso anche insieme ai conspecifici. <\/span><\/p>\n<p class=\"p1\"><span class=\"s1\">Adatto ai principianti con un po&#8217; di fantasia, un must per i pi\u00f9 esperti. Questa specie \u00e8 perfetta per chi vuole osservare il comportamento e la struttura dei ragni in un habitat progettato con cura. <\/span><\/p>\n","protected":false},"excerpt":{"rendered":"<p>Heterothele villosella- la bellezza socievole della Tanzania Questa piccola ma impressionante tarantola nana \u00e8 originaria della Tanzania e da tempo si \u00e8 assicurata un posto fisso nel cuore di molti allevatori. Heterothele villosella non solo \u00e8 splendidamente marcata, ma \u00e8 anche una delle poche specie che possono essere tenute in gruppo: un vero punto di [&hellip;]<\/p>\n","protected":false},"featured_media":186760,"template":"","meta":{"_acf_changed":false},"product-supplier":[],"product_brand":[],"product_cat":[3004],"product_tag":[],"lce-checkout-addons":[2746],"class_list":{"0":"post-188405","1":"product","2":"type-product","3":"status-publish","4":"has-post-thumbnail","6":"product_cat-tarantole","7":"product_shipping_class-spedizione-di-animali","8":"pa_herkunft-tanzania","9":"pa_kontinent-africa","10":"lce-checkout-addons-imballaggio-invernale","12":"first","13":"instock","14":"sale","15":"taxable","16":"shipping-taxable","17":"purchasable","18":"product-type-variable"},"acf":[],"yoast_head":"<!-- This site is optimized with the Yoast SEO plugin v27.3 - https:\/\/yoast.com\/product\/yoast-seo-wordpress\/ -->\n<title>Heterothele villosella - Insektenliebe<\/title>\n<meta name=\"description\" content=\"Acquista Heterothele villosella come esemplare singolo o in un gruppo di 5 esemplari - tarantola nana sociale con un affascinante comportamento di costruzione di ragnatele.\" \/>\n<meta name=\"robots\" content=\"index, follow, max-snippet:-1, max-image-preview:large, max-video-preview:-1\" \/>\n<link rel=\"canonical\" href=\"https:\/\/insektenliebe.com\/it\/shop\/prodotto\/heterothele-villosella\/\" \/>\n<meta property=\"og:locale\" content=\"it_IT\" \/>\n<meta property=\"og:type\" content=\"article\" \/>\n<meta property=\"og:title\" content=\"Heterothele villosella - Insektenliebe\" \/>\n<meta property=\"og:description\" content=\"Acquista Heterothele villosella come esemplare singolo o in un gruppo di 5 esemplari - tarantola nana sociale con un affascinante comportamento di costruzione di ragnatele.\" \/>\n<meta property=\"og:url\" content=\"https:\/\/insektenliebe.com\/it\/shop\/prodotto\/heterothele-villosella\/\" \/>\n<meta property=\"og:site_name\" content=\"Insektenliebe\" \/>\n<meta property=\"article:modified_time\" content=\"2026-03-06T17:28:50+00:00\" \/>\n<meta property=\"og:image\" content=\"https:\/\/insektenliebe.com\/wp-content\/uploads\/2025\/11\/Heterothele-villosella.jpg\" \/>\n\t<meta property=\"og:image:width\" content=\"820\" \/>\n\t<meta property=\"og:image:height\" content=\"820\" \/>\n\t<meta property=\"og:image:type\" content=\"image\/jpeg\" \/>\n<meta name=\"twitter:card\" content=\"summary_large_image\" \/>\n<meta name=\"twitter:label1\" content=\"Tempo di lettura stimato\" \/>\n\t<meta name=\"twitter:data1\" content=\"2 minuto\" \/>\n<script type=\"application\/ld+json\" class=\"yoast-schema-graph\">{\"@context\":\"https:\\\/\\\/schema.org\",\"@graph\":[{\"@type\":\"WebPage\",\"@id\":\"https:\\\/\\\/insektenliebe.com\\\/it\\\/shop\\\/prodotto\\\/heterothele-villosella\\\/\",\"url\":\"https:\\\/\\\/insektenliebe.com\\\/it\\\/shop\\\/prodotto\\\/heterothele-villosella\\\/\",\"name\":\"Heterothele villosella - Insektenliebe\",\"isPartOf\":{\"@id\":\"https:\\\/\\\/insektenliebe.com\\\/it\\\/#website\"},\"primaryImageOfPage\":{\"@id\":\"https:\\\/\\\/insektenliebe.com\\\/it\\\/shop\\\/prodotto\\\/heterothele-villosella\\\/#primaryimage\"},\"image\":{\"@id\":\"https:\\\/\\\/insektenliebe.com\\\/it\\\/shop\\\/prodotto\\\/heterothele-villosella\\\/#primaryimage\"},\"thumbnailUrl\":\"https:\\\/\\\/insektenliebe.com\\\/wp-content\\\/uploads\\\/2025\\\/11\\\/Heterothele-villosella.jpg\",\"datePublished\":\"2025-11-01T11:19:17+00:00\",\"dateModified\":\"2026-03-06T17:28:50+00:00\",\"description\":\"Acquista Heterothele villosella come esemplare singolo o in un gruppo di 5 esemplari - tarantola nana sociale con un affascinante comportamento di costruzione di ragnatele.\",\"breadcrumb\":{\"@id\":\"https:\\\/\\\/insektenliebe.com\\\/it\\\/shop\\\/prodotto\\\/heterothele-villosella\\\/#breadcrumb\"},\"inLanguage\":\"it-IT\",\"potentialAction\":[{\"@type\":\"ReadAction\",\"target\":[\"https:\\\/\\\/insektenliebe.com\\\/it\\\/shop\\\/prodotto\\\/heterothele-villosella\\\/\"]}]},{\"@type\":\"ImageObject\",\"inLanguage\":\"it-IT\",\"@id\":\"https:\\\/\\\/insektenliebe.com\\\/it\\\/shop\\\/prodotto\\\/heterothele-villosella\\\/#primaryimage\",\"url\":\"https:\\\/\\\/insektenliebe.com\\\/wp-content\\\/uploads\\\/2025\\\/11\\\/Heterothele-villosella.jpg\",\"contentUrl\":\"https:\\\/\\\/insektenliebe.com\\\/wp-content\\\/uploads\\\/2025\\\/11\\\/Heterothele-villosella.jpg\",\"width\":820,\"height\":820,\"caption\":\"Heterothele villosella\"},{\"@type\":\"BreadcrumbList\",\"@id\":\"https:\\\/\\\/insektenliebe.com\\\/it\\\/shop\\\/prodotto\\\/heterothele-villosella\\\/#breadcrumb\",\"itemListElement\":[{\"@type\":\"ListItem\",\"position\":1,\"name\":\"Startseite\",\"item\":\"https:\\\/\\\/insektenliebe.com\\\/it\\\/\"},{\"@type\":\"ListItem\",\"position\":2,\"name\":\"Negozio\",\"item\":\"https:\\\/\\\/insektenliebe.com\\\/it\\\/negozio\\\/\"},{\"@type\":\"ListItem\",\"position\":3,\"name\":\"Heterothele villosella\"}]},{\"@type\":\"WebSite\",\"@id\":\"https:\\\/\\\/insektenliebe.com\\\/it\\\/#website\",\"url\":\"https:\\\/\\\/insektenliebe.com\\\/it\\\/\",\"name\":\"Insektenliebe\",\"description\":\"Dein Zuhause f\u00fcr die kleinen Lebewesen\",\"publisher\":{\"@id\":\"https:\\\/\\\/insektenliebe.com\\\/it\\\/#organization\"},\"potentialAction\":[{\"@type\":\"SearchAction\",\"target\":{\"@type\":\"EntryPoint\",\"urlTemplate\":\"https:\\\/\\\/insektenliebe.com\\\/it\\\/?s={search_term_string}\"},\"query-input\":{\"@type\":\"PropertyValueSpecification\",\"valueRequired\":true,\"valueName\":\"search_term_string\"}}],\"inLanguage\":\"it-IT\"},{\"@type\":\"Organization\",\"@id\":\"https:\\\/\\\/insektenliebe.com\\\/it\\\/#organization\",\"name\":\"Insektenliebe\",\"url\":\"https:\\\/\\\/insektenliebe.com\\\/it\\\/\",\"logo\":{\"@type\":\"ImageObject\",\"inLanguage\":\"it-IT\",\"@id\":\"https:\\\/\\\/insektenliebe.com\\\/it\\\/#\\\/schema\\\/logo\\\/image\\\/\",\"url\":\"https:\\\/\\\/insektenliebe.com\\\/wp-content\\\/uploads\\\/2025\\\/03\\\/logo-white.png\",\"contentUrl\":\"https:\\\/\\\/insektenliebe.com\\\/wp-content\\\/uploads\\\/2025\\\/03\\\/logo-white.png\",\"width\":288,\"height\":188,\"caption\":\"Insektenliebe\"},\"image\":{\"@id\":\"https:\\\/\\\/insektenliebe.com\\\/it\\\/#\\\/schema\\\/logo\\\/image\\\/\"}}]}<\/script>\n<!-- \/ Yoast SEO plugin. -->","yoast_head_json":{"title":"Heterothele villosella - Insektenliebe","description":"Acquista Heterothele villosella come esemplare singolo o in un gruppo di 5 esemplari - tarantola nana sociale con un affascinante comportamento di costruzione di ragnatele.","robots":{"index":"index","follow":"follow","max-snippet":"max-snippet:-1","max-image-preview":"max-image-preview:large","max-video-preview":"max-video-preview:-1"},"canonical":"https:\/\/insektenliebe.com\/it\/shop\/prodotto\/heterothele-villosella\/","og_locale":"it_IT","og_type":"article","og_title":"Heterothele villosella - Insektenliebe","og_description":"Acquista Heterothele villosella come esemplare singolo o in un gruppo di 5 esemplari - tarantola nana sociale con un affascinante comportamento di costruzione di ragnatele.","og_url":"https:\/\/insektenliebe.com\/it\/shop\/prodotto\/heterothele-villosella\/","og_site_name":"Insektenliebe","article_modified_time":"2026-03-06T17:28:50+00:00","og_image":[{"width":820,"height":820,"url":"https:\/\/insektenliebe.com\/wp-content\/uploads\/2025\/11\/Heterothele-villosella.jpg","type":"image\/jpeg"}],"twitter_card":"summary_large_image","twitter_misc":{"Tempo di lettura stimato":"2 minuto"},"schema":{"@context":"https:\/\/schema.org","@graph":[{"@type":"WebPage","@id":"https:\/\/insektenliebe.com\/it\/shop\/prodotto\/heterothele-villosella\/","url":"https:\/\/insektenliebe.com\/it\/shop\/prodotto\/heterothele-villosella\/","name":"Heterothele villosella - Insektenliebe","isPartOf":{"@id":"https:\/\/insektenliebe.com\/it\/#website"},"primaryImageOfPage":{"@id":"https:\/\/insektenliebe.com\/it\/shop\/prodotto\/heterothele-villosella\/#primaryimage"},"image":{"@id":"https:\/\/insektenliebe.com\/it\/shop\/prodotto\/heterothele-villosella\/#primaryimage"},"thumbnailUrl":"https:\/\/insektenliebe.com\/wp-content\/uploads\/2025\/11\/Heterothele-villosella.jpg","datePublished":"2025-11-01T11:19:17+00:00","dateModified":"2026-03-06T17:28:50+00:00","description":"Acquista Heterothele villosella come esemplare singolo o in un gruppo di 5 esemplari - tarantola nana sociale con un affascinante comportamento di costruzione di ragnatele.","breadcrumb":{"@id":"https:\/\/insektenliebe.com\/it\/shop\/prodotto\/heterothele-villosella\/#breadcrumb"},"inLanguage":"it-IT","potentialAction":[{"@type":"ReadAction","target":["https:\/\/insektenliebe.com\/it\/shop\/prodotto\/heterothele-villosella\/"]}]},{"@type":"ImageObject","inLanguage":"it-IT","@id":"https:\/\/insektenliebe.com\/it\/shop\/prodotto\/heterothele-villosella\/#primaryimage","url":"https:\/\/insektenliebe.com\/wp-content\/uploads\/2025\/11\/Heterothele-villosella.jpg","contentUrl":"https:\/\/insektenliebe.com\/wp-content\/uploads\/2025\/11\/Heterothele-villosella.jpg","width":820,"height":820,"caption":"Heterothele villosella"},{"@type":"BreadcrumbList","@id":"https:\/\/insektenliebe.com\/it\/shop\/prodotto\/heterothele-villosella\/#breadcrumb","itemListElement":[{"@type":"ListItem","position":1,"name":"Startseite","item":"https:\/\/insektenliebe.com\/it\/"},{"@type":"ListItem","position":2,"name":"Negozio","item":"https:\/\/insektenliebe.com\/it\/negozio\/"},{"@type":"ListItem","position":3,"name":"Heterothele villosella"}]},{"@type":"WebSite","@id":"https:\/\/insektenliebe.com\/it\/#website","url":"https:\/\/insektenliebe.com\/it\/","name":"Insektenliebe","description":"Dein Zuhause f\u00fcr die kleinen Lebewesen","publisher":{"@id":"https:\/\/insektenliebe.com\/it\/#organization"},"potentialAction":[{"@type":"SearchAction","target":{"@type":"EntryPoint","urlTemplate":"https:\/\/insektenliebe.com\/it\/?s={search_term_string}"},"query-input":{"@type":"PropertyValueSpecification","valueRequired":true,"valueName":"search_term_string"}}],"inLanguage":"it-IT"},{"@type":"Organization","@id":"https:\/\/insektenliebe.com\/it\/#organization","name":"Insektenliebe","url":"https:\/\/insektenliebe.com\/it\/","logo":{"@type":"ImageObject","inLanguage":"it-IT","@id":"https:\/\/insektenliebe.com\/it\/#\/schema\/logo\/image\/","url":"https:\/\/insektenliebe.com\/wp-content\/uploads\/2025\/03\/logo-white.png","contentUrl":"https:\/\/insektenliebe.com\/wp-content\/uploads\/2025\/03\/logo-white.png","width":288,"height":188,"caption":"Insektenliebe"},"image":{"@id":"https:\/\/insektenliebe.com\/it\/#\/schema\/logo\/image\/"}}]}},"_links":{"self":[{"href":"https:\/\/insektenliebe.com\/it\/wp-json\/wp\/v2\/product\/188405","targetHints":{"allow":["GET"]}}],"collection":[{"href":"https:\/\/insektenliebe.com\/it\/wp-json\/wp\/v2\/product"}],"about":[{"href":"https:\/\/insektenliebe.com\/it\/wp-json\/wp\/v2\/types\/product"}],"wp:featuredmedia":[{"embeddable":true,"href":"https:\/\/insektenliebe.com\/it\/wp-json\/wp\/v2\/media\/186760"}],"wp:attachment":[{"href":"https:\/\/insektenliebe.com\/it\/wp-json\/wp\/v2\/media?parent=188405"}],"wp:term":[{"taxonomy":"product-supplier","embeddable":true,"href":"https:\/\/insektenliebe.com\/it\/wp-json\/wp\/v2\/product-supplier?post=188405"},{"taxonomy":"product_brand","embeddable":true,"href":"https:\/\/insektenliebe.com\/it\/wp-json\/wp\/v2\/product_brand?post=188405"},{"taxonomy":"product_cat","embeddable":true,"href":"https:\/\/insektenliebe.com\/it\/wp-json\/wp\/v2\/product_cat?post=188405"},{"taxonomy":"product_tag","embeddable":true,"href":"https:\/\/insektenliebe.com\/it\/wp-json\/wp\/v2\/product_tag?post=188405"},{"taxonomy":"lce-checkout-addons","embeddable":true,"href":"https:\/\/insektenliebe.com\/it\/wp-json\/wp\/v2\/lce-checkout-addons?post=188405"}],"curies":[{"name":"wp","href":"https:\/\/api.w.org\/{rel}","templated":true}]}}