{"id":188404,"date":"2025-11-08T21:42:15","date_gmt":"2025-11-08T20:42:15","guid":{"rendered":"https:\/\/insektenliebe.com\/shop\/produkt\/deroplatys-gorochovi\/"},"modified":"2025-11-08T21:42:15","modified_gmt":"2025-11-08T20:42:15","slug":"deroplatys-gorochovi","status":"publish","type":"product","link":"https:\/\/insektenliebe.com\/it\/shop\/prodotto\/deroplatys-gorochovi\/","title":{"rendered":"Deroplatys gorochovi"},"content":{"rendered":"<h3><span style=\"color: #99cc33\"><strong><span class=\"s1\">Artista della mimetizzazione nella giungla <\/span><span class=\"s1\">Deroplatys gorochovi<\/span><\/strong><\/span><\/h3>\n<p class=\"p1\"><strong><span class=\"s1\">Deroplatys gorochovi<\/span><\/strong><span class=\"s2\">  \u00e8 un&#8217;affascinante mantide foglia morta del sud-est asiatico che si distingue dalle altre specie per il suo incredibile mimetismo, la sua natura calma e il suo aspetto caratteristico. Imita quasi perfettamente le foglie cadute e secche, sia nel colore che nella forma. Questo mimetismo non solo la protegge dai predatori, ma la rende anche un punto di forza assoluto in qualsiasi collezione di mantidi. La sua silhouette di foglie con bordi frastagliati e la colorazione marrone opaca hanno un aspetto estremamente autentico, soprattutto in un terrario naturale.   <\/span><\/p>\n<p class=\"p1\"><span class=\"s2\">Le femmine raggiungono una lunghezza del corpo di circa 7-8 cm, sono pi\u00f9 robuste e sviluppano una \"scapola\" distinta nello stadio adulto. I maschi rimangono un po&#8217; pi\u00f9 piccoli, intorno ai 5-6 cm, e sono pi\u00f9 aggraziati, ma possono volare bene. Entrambi i sessi hanno un comportamento calmo e per lo pi\u00f9 fedele, che li rende interessanti anche per gli allevatori meno esperti.  <\/span><\/p>\n<p class=\"p1\"><span class=\"s2\">Preferito in allevamento <strong><span class=\"s1\">Deroplatys gorochovi<\/span><\/strong><\/span><span class=\"s2\">  un ambiente piuttosto ombreggiato e non troppo caldo, con molte strutture verticali e materiali naturali come corteccia, rami e fogliame. Un terrario rialzato di 20 \u00d7 20 \u00d7 30 cm per ogni animale \u00e8 assolutamente sufficiente. \u00c8 importante mantenere un&#8217;umidit\u00e0 medio-alta (circa 60-70%), che pu\u00f2 essere mantenuta con spruzzi occasionali senza che il substrato debba essere permanentemente bagnato. La temperatura pu\u00f2 essere a temperatura ambiente (22-26 \u00b0C), con un leggero abbassamento della temperatura durante la notte.   <\/span><\/p>\n<p class=\"p1\"><span class=\"s2\">Particolarmente eccitante: con un po&#8217; di pazienza, questa specie si accoppia bene. Le femmine sono generalmente pacifiche nei confronti dei maschi se sono state nutrite a sufficienza in precedenza. Le ooteche possono anche schiudersi in modo abbastanza affidabile se la temperatura e l&#8217;umidit\u00e0 sono giuste, il che \u00e8 positivo. <strong><span class=\"s1\">Deroplatys gorochovi<\/span><\/strong>  <\/span><span class=\"s2\">  La sua capacit\u00e0 di essere una specie molto apprezzata per i progetti di allevamento pi\u00f9 piccoli.<\/span><\/p>\n<p class=\"p1\"><span class=\"s2\">Questi animali non sono schizzinosi quando si tratta di nutrirsi: accettano tranquillamente insetti volanti come mosche dorate, tarme della cera o piccoli grilli. Data la loro natura calma, non sono cacciatori attivi, ma aspettano pazientemente le prede di passaggio. <\/span><\/p>\n<p class=\"p1\"><span class=\"s2\">Se stai cercando un gamberetto mantide insolito, silenzioso ed estremamente ben mimetizzato, lo troverai in <strong><span class=\"s1\">Deroplatys gorochovi<\/span><\/strong><\/span><span class=\"s2\">  Una specie affascinante che si adatta perfettamente a una vasca da esposizione arredata in modo naturale. Si rivela davvero perfetta se abbinata a fogliame, pezzi di corteccia e colori naturali, e quasi si confonde con l&#8217;ambiente circostante. Una vera e propria meraviglia naturale per gli intenditori e per chiunque abbia un debole per gli animali mimetizzati.  <\/span><\/p>\n","protected":false},"excerpt":{"rendered":"<p>Artista della mimetizzazione nella giungla Deroplatys gorochovi Deroplatys gorochovi \u00e8 un&#8217;affascinante mantide foglia morta del sud-est asiatico che si distingue dalle altre specie per il suo incredibile mimetismo, la sua natura calma e il suo aspetto caratteristico. Imita quasi perfettamente le foglie cadute e secche, sia nel colore che nella forma. Questo mimetismo non solo [&hellip;]<\/p>\n","protected":false},"featured_media":186735,"template":"","meta":{"_acf_changed":false},"product-supplier":[],"product_brand":[],"product_cat":[2754],"product_tag":[],"lce-checkout-addons":[2746],"class_list":{"0":"post-188404","1":"product","2":"type-product","3":"status-publish","4":"has-post-thumbnail","6":"product_cat-mantidi","7":"product_shipping_class-spedizione-di-animali","8":"pa_geschlecht-indeterminato","9":"pa_herkunft-vietnam","10":"pa_kontinent-asia","11":"lce-checkout-addons-imballaggio-invernale","13":"first","14":"outofstock","15":"taxable","16":"shipping-taxable","17":"purchasable","18":"product-type-variable"},"acf":[],"yoast_head":"<!-- This site is optimized with the Yoast SEO plugin v27.3 - https:\/\/yoast.com\/product\/yoast-seo-wordpress\/ -->\n<title>Deroplatys gorochovi - Insektenliebe<\/title>\n<meta name=\"description\" content=\"Deroplatys gorochovi - mantide morta perfettamente mimetizzata per il terrario. Ideale per gli amanti della natura, gli allevatori e gli appassionati di specie insolite.\" \/>\n<meta name=\"robots\" content=\"index, follow, max-snippet:-1, max-image-preview:large, max-video-preview:-1\" \/>\n<link rel=\"canonical\" href=\"https:\/\/insektenliebe.com\/it\/shop\/prodotto\/deroplatys-gorochovi\/\" \/>\n<meta property=\"og:locale\" content=\"it_IT\" \/>\n<meta property=\"og:type\" content=\"article\" \/>\n<meta property=\"og:title\" content=\"Deroplatys gorochovi - Insektenliebe\" \/>\n<meta property=\"og:description\" content=\"Deroplatys gorochovi - mantide morta perfettamente mimetizzata per il terrario. Ideale per gli amanti della natura, gli allevatori e gli appassionati di specie insolite.\" \/>\n<meta property=\"og:url\" content=\"https:\/\/insektenliebe.com\/it\/shop\/prodotto\/deroplatys-gorochovi\/\" \/>\n<meta property=\"og:site_name\" content=\"Insektenliebe\" \/>\n<meta property=\"og:image\" content=\"https:\/\/insektenliebe.com\/wp-content\/uploads\/2025\/11\/Deroplatys-gorochovi.jpg\" \/>\n\t<meta property=\"og:image:width\" content=\"820\" \/>\n\t<meta property=\"og:image:height\" content=\"820\" \/>\n\t<meta property=\"og:image:type\" content=\"image\/jpeg\" \/>\n<meta name=\"twitter:card\" content=\"summary_large_image\" \/>\n<meta name=\"twitter:label1\" content=\"Tempo di lettura stimato\" \/>\n\t<meta name=\"twitter:data1\" content=\"2 minuto\" \/>\n<script type=\"application\/ld+json\" class=\"yoast-schema-graph\">{\"@context\":\"https:\\\/\\\/schema.org\",\"@graph\":[{\"@type\":\"WebPage\",\"@id\":\"https:\\\/\\\/insektenliebe.com\\\/it\\\/shop\\\/prodotto\\\/deroplatys-gorochovi\\\/\",\"url\":\"https:\\\/\\\/insektenliebe.com\\\/it\\\/shop\\\/prodotto\\\/deroplatys-gorochovi\\\/\",\"name\":\"Deroplatys gorochovi - Insektenliebe\",\"isPartOf\":{\"@id\":\"https:\\\/\\\/insektenliebe.com\\\/it\\\/#website\"},\"primaryImageOfPage\":{\"@id\":\"https:\\\/\\\/insektenliebe.com\\\/it\\\/shop\\\/prodotto\\\/deroplatys-gorochovi\\\/#primaryimage\"},\"image\":{\"@id\":\"https:\\\/\\\/insektenliebe.com\\\/it\\\/shop\\\/prodotto\\\/deroplatys-gorochovi\\\/#primaryimage\"},\"thumbnailUrl\":\"https:\\\/\\\/insektenliebe.com\\\/wp-content\\\/uploads\\\/2025\\\/11\\\/Deroplatys-gorochovi.jpg\",\"datePublished\":\"2025-11-08T20:42:15+00:00\",\"description\":\"Deroplatys gorochovi - mantide morta perfettamente mimetizzata per il terrario. Ideale per gli amanti della natura, gli allevatori e gli appassionati di specie insolite.\",\"breadcrumb\":{\"@id\":\"https:\\\/\\\/insektenliebe.com\\\/it\\\/shop\\\/prodotto\\\/deroplatys-gorochovi\\\/#breadcrumb\"},\"inLanguage\":\"it-IT\",\"potentialAction\":[{\"@type\":\"ReadAction\",\"target\":[\"https:\\\/\\\/insektenliebe.com\\\/it\\\/shop\\\/prodotto\\\/deroplatys-gorochovi\\\/\"]}]},{\"@type\":\"ImageObject\",\"inLanguage\":\"it-IT\",\"@id\":\"https:\\\/\\\/insektenliebe.com\\\/it\\\/shop\\\/prodotto\\\/deroplatys-gorochovi\\\/#primaryimage\",\"url\":\"https:\\\/\\\/insektenliebe.com\\\/wp-content\\\/uploads\\\/2025\\\/11\\\/Deroplatys-gorochovi.jpg\",\"contentUrl\":\"https:\\\/\\\/insektenliebe.com\\\/wp-content\\\/uploads\\\/2025\\\/11\\\/Deroplatys-gorochovi.jpg\",\"width\":820,\"height\":820,\"caption\":\"Deroplatys gorochovi\"},{\"@type\":\"BreadcrumbList\",\"@id\":\"https:\\\/\\\/insektenliebe.com\\\/it\\\/shop\\\/prodotto\\\/deroplatys-gorochovi\\\/#breadcrumb\",\"itemListElement\":[{\"@type\":\"ListItem\",\"position\":1,\"name\":\"Startseite\",\"item\":\"https:\\\/\\\/insektenliebe.com\\\/it\\\/\"},{\"@type\":\"ListItem\",\"position\":2,\"name\":\"Negozio\",\"item\":\"https:\\\/\\\/insektenliebe.com\\\/it\\\/negozio\\\/\"},{\"@type\":\"ListItem\",\"position\":3,\"name\":\"Deroplatys gorochovi\"}]},{\"@type\":\"WebSite\",\"@id\":\"https:\\\/\\\/insektenliebe.com\\\/it\\\/#website\",\"url\":\"https:\\\/\\\/insektenliebe.com\\\/it\\\/\",\"name\":\"Insektenliebe\",\"description\":\"Dein Zuhause f\u00fcr die kleinen Lebewesen\",\"publisher\":{\"@id\":\"https:\\\/\\\/insektenliebe.com\\\/it\\\/#organization\"},\"potentialAction\":[{\"@type\":\"SearchAction\",\"target\":{\"@type\":\"EntryPoint\",\"urlTemplate\":\"https:\\\/\\\/insektenliebe.com\\\/it\\\/?s={search_term_string}\"},\"query-input\":{\"@type\":\"PropertyValueSpecification\",\"valueRequired\":true,\"valueName\":\"search_term_string\"}}],\"inLanguage\":\"it-IT\"},{\"@type\":\"Organization\",\"@id\":\"https:\\\/\\\/insektenliebe.com\\\/it\\\/#organization\",\"name\":\"Insektenliebe\",\"url\":\"https:\\\/\\\/insektenliebe.com\\\/it\\\/\",\"logo\":{\"@type\":\"ImageObject\",\"inLanguage\":\"it-IT\",\"@id\":\"https:\\\/\\\/insektenliebe.com\\\/it\\\/#\\\/schema\\\/logo\\\/image\\\/\",\"url\":\"https:\\\/\\\/insektenliebe.com\\\/wp-content\\\/uploads\\\/2025\\\/03\\\/logo-white.png\",\"contentUrl\":\"https:\\\/\\\/insektenliebe.com\\\/wp-content\\\/uploads\\\/2025\\\/03\\\/logo-white.png\",\"width\":288,\"height\":188,\"caption\":\"Insektenliebe\"},\"image\":{\"@id\":\"https:\\\/\\\/insektenliebe.com\\\/it\\\/#\\\/schema\\\/logo\\\/image\\\/\"}}]}<\/script>\n<!-- \/ Yoast SEO plugin. -->","yoast_head_json":{"title":"Deroplatys gorochovi - Insektenliebe","description":"Deroplatys gorochovi - mantide morta perfettamente mimetizzata per il terrario. Ideale per gli amanti della natura, gli allevatori e gli appassionati di specie insolite.","robots":{"index":"index","follow":"follow","max-snippet":"max-snippet:-1","max-image-preview":"max-image-preview:large","max-video-preview":"max-video-preview:-1"},"canonical":"https:\/\/insektenliebe.com\/it\/shop\/prodotto\/deroplatys-gorochovi\/","og_locale":"it_IT","og_type":"article","og_title":"Deroplatys gorochovi - Insektenliebe","og_description":"Deroplatys gorochovi - mantide morta perfettamente mimetizzata per il terrario. Ideale per gli amanti della natura, gli allevatori e gli appassionati di specie insolite.","og_url":"https:\/\/insektenliebe.com\/it\/shop\/prodotto\/deroplatys-gorochovi\/","og_site_name":"Insektenliebe","og_image":[{"width":820,"height":820,"url":"https:\/\/insektenliebe.com\/wp-content\/uploads\/2025\/11\/Deroplatys-gorochovi.jpg","type":"image\/jpeg"}],"twitter_card":"summary_large_image","twitter_misc":{"Tempo di lettura stimato":"2 minuto"},"schema":{"@context":"https:\/\/schema.org","@graph":[{"@type":"WebPage","@id":"https:\/\/insektenliebe.com\/it\/shop\/prodotto\/deroplatys-gorochovi\/","url":"https:\/\/insektenliebe.com\/it\/shop\/prodotto\/deroplatys-gorochovi\/","name":"Deroplatys gorochovi - Insektenliebe","isPartOf":{"@id":"https:\/\/insektenliebe.com\/it\/#website"},"primaryImageOfPage":{"@id":"https:\/\/insektenliebe.com\/it\/shop\/prodotto\/deroplatys-gorochovi\/#primaryimage"},"image":{"@id":"https:\/\/insektenliebe.com\/it\/shop\/prodotto\/deroplatys-gorochovi\/#primaryimage"},"thumbnailUrl":"https:\/\/insektenliebe.com\/wp-content\/uploads\/2025\/11\/Deroplatys-gorochovi.jpg","datePublished":"2025-11-08T20:42:15+00:00","description":"Deroplatys gorochovi - mantide morta perfettamente mimetizzata per il terrario. Ideale per gli amanti della natura, gli allevatori e gli appassionati di specie insolite.","breadcrumb":{"@id":"https:\/\/insektenliebe.com\/it\/shop\/prodotto\/deroplatys-gorochovi\/#breadcrumb"},"inLanguage":"it-IT","potentialAction":[{"@type":"ReadAction","target":["https:\/\/insektenliebe.com\/it\/shop\/prodotto\/deroplatys-gorochovi\/"]}]},{"@type":"ImageObject","inLanguage":"it-IT","@id":"https:\/\/insektenliebe.com\/it\/shop\/prodotto\/deroplatys-gorochovi\/#primaryimage","url":"https:\/\/insektenliebe.com\/wp-content\/uploads\/2025\/11\/Deroplatys-gorochovi.jpg","contentUrl":"https:\/\/insektenliebe.com\/wp-content\/uploads\/2025\/11\/Deroplatys-gorochovi.jpg","width":820,"height":820,"caption":"Deroplatys gorochovi"},{"@type":"BreadcrumbList","@id":"https:\/\/insektenliebe.com\/it\/shop\/prodotto\/deroplatys-gorochovi\/#breadcrumb","itemListElement":[{"@type":"ListItem","position":1,"name":"Startseite","item":"https:\/\/insektenliebe.com\/it\/"},{"@type":"ListItem","position":2,"name":"Negozio","item":"https:\/\/insektenliebe.com\/it\/negozio\/"},{"@type":"ListItem","position":3,"name":"Deroplatys gorochovi"}]},{"@type":"WebSite","@id":"https:\/\/insektenliebe.com\/it\/#website","url":"https:\/\/insektenliebe.com\/it\/","name":"Insektenliebe","description":"Dein Zuhause f\u00fcr die kleinen Lebewesen","publisher":{"@id":"https:\/\/insektenliebe.com\/it\/#organization"},"potentialAction":[{"@type":"SearchAction","target":{"@type":"EntryPoint","urlTemplate":"https:\/\/insektenliebe.com\/it\/?s={search_term_string}"},"query-input":{"@type":"PropertyValueSpecification","valueRequired":true,"valueName":"search_term_string"}}],"inLanguage":"it-IT"},{"@type":"Organization","@id":"https:\/\/insektenliebe.com\/it\/#organization","name":"Insektenliebe","url":"https:\/\/insektenliebe.com\/it\/","logo":{"@type":"ImageObject","inLanguage":"it-IT","@id":"https:\/\/insektenliebe.com\/it\/#\/schema\/logo\/image\/","url":"https:\/\/insektenliebe.com\/wp-content\/uploads\/2025\/03\/logo-white.png","contentUrl":"https:\/\/insektenliebe.com\/wp-content\/uploads\/2025\/03\/logo-white.png","width":288,"height":188,"caption":"Insektenliebe"},"image":{"@id":"https:\/\/insektenliebe.com\/it\/#\/schema\/logo\/image\/"}}]}},"_links":{"self":[{"href":"https:\/\/insektenliebe.com\/it\/wp-json\/wp\/v2\/product\/188404","targetHints":{"allow":["GET"]}}],"collection":[{"href":"https:\/\/insektenliebe.com\/it\/wp-json\/wp\/v2\/product"}],"about":[{"href":"https:\/\/insektenliebe.com\/it\/wp-json\/wp\/v2\/types\/product"}],"wp:featuredmedia":[{"embeddable":true,"href":"https:\/\/insektenliebe.com\/it\/wp-json\/wp\/v2\/media\/186735"}],"wp:attachment":[{"href":"https:\/\/insektenliebe.com\/it\/wp-json\/wp\/v2\/media?parent=188404"}],"wp:term":[{"taxonomy":"product-supplier","embeddable":true,"href":"https:\/\/insektenliebe.com\/it\/wp-json\/wp\/v2\/product-supplier?post=188404"},{"taxonomy":"product_brand","embeddable":true,"href":"https:\/\/insektenliebe.com\/it\/wp-json\/wp\/v2\/product_brand?post=188404"},{"taxonomy":"product_cat","embeddable":true,"href":"https:\/\/insektenliebe.com\/it\/wp-json\/wp\/v2\/product_cat?post=188404"},{"taxonomy":"product_tag","embeddable":true,"href":"https:\/\/insektenliebe.com\/it\/wp-json\/wp\/v2\/product_tag?post=188404"},{"taxonomy":"lce-checkout-addons","embeddable":true,"href":"https:\/\/insektenliebe.com\/it\/wp-json\/wp\/v2\/lce-checkout-addons?post=188404"}],"curies":[{"name":"wp","href":"https:\/\/api.w.org\/{rel}","templated":true}]}}