{"id":188393,"date":"2025-11-08T14:30:27","date_gmt":"2025-11-08T13:30:27","guid":{"rendered":"https:\/\/insektenliebe.com\/shop\/produkt\/theraphosa-stirmi\/"},"modified":"2026-03-06T18:27:50","modified_gmt":"2026-03-06T17:27:50","slug":"theraphosa-stirmi","status":"publish","type":"product","link":"https:\/\/insektenliebe.com\/it\/shop\/prodotto\/theraphosa-stirmi\/","title":{"rendered":"Theraphosa stirmi"},"content":{"rendered":"<h3 class=\"p1\"><span style=\"color: #99cc33;\"><strong><span class=\"s1\">Theraphosa stirmi - Gigante del mondo delle tarantole<\/span><\/strong><\/span><\/h3>\n<p class=\"p1\"><span class=\"s2\">La <\/span><strong><span class=\"s3\">Theraphosa stirmi<\/span><\/strong><span class=\"s2\">nota come tarantola Golia di Borgogna, \u00e8 una delle tarantole pi\u00f9 grandi del mondo. Con una lunghezza del corpo di 12 cm e un&#8217;apertura alare di oltre 25 cm, \u00e8 un vero spettacolo da vedere. Il suo colore bordeaux intenso e le sue zampe massicce la rendono un&#8217;attrazione in qualsiasi terrario.  <\/span><\/p>\n<p class=\"p1\"><span class=\"s2\">Questa impressionante specie \u00e8 originaria delle calde e umide foreste pluviali del Sud America. Qui vive come un abitante del suolo in tane che ha scavato da solo. Mostra questo comportamento anche nel terrario. Per questo motivo \u00e8 essenziale un substrato adatto alla tana. Un substrato composto da humus di bosco, humus di cocco e un po&#8217; di sabbia del deserto, alto almeno 15 cm, \u00e8 l&#8217;ideale.    <\/span><\/p>\n<p class=\"p1\"><span class=\"s2\">Un terrario con una superficie di 50&#215;40 cm o pi\u00f9 le offre spazio sufficiente. L&#8217;ideale sono temperature comprese tra i 24 e i 28 \u00b0C e un&#8217;umidit\u00e0 costante del 75-85%. Un angolo pu\u00f2 rimanere leggermente umido, ma bisogna evitare i ristagni d&#8217;acqua. Un piatto d&#8217;acqua ben posizionato e una nebulizzazione mirata garantiscono un microclima stabile.   <\/span><\/p>\n<p class=\"p1\"><span class=\"s2\">L&#8217;allevamento di questa specie \u00e8 pi\u00f9 adatto a chi ha esperienza. Non perch\u00e9 sia aggressiva: di solito \u00e8 calma e poco timida. Ma le sue dimensioni, il suo elevato appetito e le sue esigenze in termini di clima e arredamento la rendono pi\u00f9 esigente di altre specie. Ha bisogno di condizioni stabili, soprattutto durante la muta.   <\/span><\/p>\n<p class=\"p1\"><span class=\"s2\">I peli urticanti di <strong><span class=\"s3\">Theraphosa stirmi<\/span><\/strong><\/span><span class=\"s2\">  sono particolarmente irritanti. Il contatto con la pelle dovrebbe essere evitato. Tuttavia, di solito \u00e8 facile da osservare, spesso si trova fuori dal suo nascondiglio e mostra il suo aspetto imponente. Se hai spazio, pazienza e le giuste conoscenze, sarai ricompensato con un ragno unico.   <\/span><\/p>\n<p class=\"p1\"><span class=\"s2\">Rispetto alla famosa <\/span><span class=\"s3\">Theraphosa blondi<\/span><span class=\"s2\"> \u00e8 <\/span><span class=\"s3\">T. stirmi<\/span><span class=\"s2\">  Spesso sono pi\u00f9 robusti, pi\u00f9 facili da curare e pi\u00f9 affidabili nel mangiare. La loro natura calma e la loro presenza li rendono un punto di forza della terraristica. Se cerchi l&#8217;estremo, lo troverai - senza alcun dramma.  <\/span><\/p>\n","protected":false},"excerpt":{"rendered":"<p>Theraphosa stirmi - Gigante del mondo delle tarantole La Theraphosa stirminota come tarantola Golia di Borgogna, \u00e8 una delle tarantole pi\u00f9 grandi del mondo. Con una lunghezza del corpo di 12 cm e un&#8217;apertura alare di oltre 25 cm, \u00e8 un vero spettacolo da vedere. Il suo colore bordeaux intenso e le sue zampe massicce [&hellip;]<\/p>\n","protected":false},"featured_media":184718,"template":"","meta":{"_acf_changed":false},"product-supplier":[],"product_brand":[],"product_cat":[3004],"product_tag":[],"lce-checkout-addons":[2746],"class_list":{"0":"post-188393","1":"product","2":"type-product","3":"status-publish","4":"has-post-thumbnail","6":"product_cat-tarantole","7":"product_shipping_class-spedizione-di-animali","8":"pa_geschlecht-donna","9":"pa_geschlecht-indeterminato","10":"pa_geschlecht-uomo","11":"pa_herkunft-guyana","12":"pa_kontinent-sud-america","13":"lce-checkout-addons-imballaggio-invernale","15":"first","16":"outofstock","17":"taxable","18":"shipping-taxable","19":"purchasable","20":"product-type-variable"},"acf":[],"yoast_head":"<!-- This site is optimized with the Yoast SEO plugin v27.3 - https:\/\/yoast.com\/product\/yoast-seo-wordpress\/ -->\n<title>Theraphosa stirmi - Insektenliebe<\/title>\n<meta name=\"description\" content=\"Theraphosa stirmi, la tarantola golia bordeaux. Enorme, calma, affascinante: perfetta per chi ha esperienza e spazio e pazienza.\" \/>\n<meta name=\"robots\" content=\"index, follow, max-snippet:-1, max-image-preview:large, max-video-preview:-1\" \/>\n<link rel=\"canonical\" href=\"https:\/\/insektenliebe.com\/it\/shop\/prodotto\/theraphosa-stirmi\/\" \/>\n<meta property=\"og:locale\" content=\"it_IT\" \/>\n<meta property=\"og:type\" content=\"article\" \/>\n<meta property=\"og:title\" content=\"Theraphosa stirmi - Insektenliebe\" \/>\n<meta property=\"og:description\" content=\"Theraphosa stirmi, la tarantola golia bordeaux. Enorme, calma, affascinante: perfetta per chi ha esperienza e spazio e pazienza.\" \/>\n<meta property=\"og:url\" content=\"https:\/\/insektenliebe.com\/it\/shop\/prodotto\/theraphosa-stirmi\/\" \/>\n<meta property=\"og:site_name\" content=\"Insektenliebe\" \/>\n<meta property=\"article:modified_time\" content=\"2026-03-06T17:27:50+00:00\" \/>\n<meta property=\"og:image\" content=\"https:\/\/insektenliebe.com\/wp-content\/uploads\/2025\/11\/Theraphosa-stirmi-Vorne.jpg\" \/>\n\t<meta property=\"og:image:width\" content=\"820\" \/>\n\t<meta property=\"og:image:height\" content=\"820\" \/>\n\t<meta property=\"og:image:type\" content=\"image\/jpeg\" \/>\n<meta name=\"twitter:card\" content=\"summary_large_image\" \/>\n<meta name=\"twitter:label1\" content=\"Tempo di lettura stimato\" \/>\n\t<meta name=\"twitter:data1\" content=\"2 minuto\" \/>\n<script type=\"application\/ld+json\" class=\"yoast-schema-graph\">{\"@context\":\"https:\\\/\\\/schema.org\",\"@graph\":[{\"@type\":\"WebPage\",\"@id\":\"https:\\\/\\\/insektenliebe.com\\\/it\\\/shop\\\/prodotto\\\/theraphosa-stirmi\\\/\",\"url\":\"https:\\\/\\\/insektenliebe.com\\\/it\\\/shop\\\/prodotto\\\/theraphosa-stirmi\\\/\",\"name\":\"Theraphosa stirmi - Insektenliebe\",\"isPartOf\":{\"@id\":\"https:\\\/\\\/insektenliebe.com\\\/it\\\/#website\"},\"primaryImageOfPage\":{\"@id\":\"https:\\\/\\\/insektenliebe.com\\\/it\\\/shop\\\/prodotto\\\/theraphosa-stirmi\\\/#primaryimage\"},\"image\":{\"@id\":\"https:\\\/\\\/insektenliebe.com\\\/it\\\/shop\\\/prodotto\\\/theraphosa-stirmi\\\/#primaryimage\"},\"thumbnailUrl\":\"https:\\\/\\\/insektenliebe.com\\\/wp-content\\\/uploads\\\/2025\\\/11\\\/Theraphosa-stirmi-Vorne.jpg\",\"datePublished\":\"2025-11-08T13:30:27+00:00\",\"dateModified\":\"2026-03-06T17:27:50+00:00\",\"description\":\"Theraphosa stirmi, la tarantola golia bordeaux. Enorme, calma, affascinante: perfetta per chi ha esperienza e spazio e pazienza.\",\"breadcrumb\":{\"@id\":\"https:\\\/\\\/insektenliebe.com\\\/it\\\/shop\\\/prodotto\\\/theraphosa-stirmi\\\/#breadcrumb\"},\"inLanguage\":\"it-IT\",\"potentialAction\":[{\"@type\":\"ReadAction\",\"target\":[\"https:\\\/\\\/insektenliebe.com\\\/it\\\/shop\\\/prodotto\\\/theraphosa-stirmi\\\/\"]}]},{\"@type\":\"ImageObject\",\"inLanguage\":\"it-IT\",\"@id\":\"https:\\\/\\\/insektenliebe.com\\\/it\\\/shop\\\/prodotto\\\/theraphosa-stirmi\\\/#primaryimage\",\"url\":\"https:\\\/\\\/insektenliebe.com\\\/wp-content\\\/uploads\\\/2025\\\/11\\\/Theraphosa-stirmi-Vorne.jpg\",\"contentUrl\":\"https:\\\/\\\/insektenliebe.com\\\/wp-content\\\/uploads\\\/2025\\\/11\\\/Theraphosa-stirmi-Vorne.jpg\",\"width\":820,\"height\":820,\"caption\":\"Theraphosa stirmi-Front\"},{\"@type\":\"BreadcrumbList\",\"@id\":\"https:\\\/\\\/insektenliebe.com\\\/it\\\/shop\\\/prodotto\\\/theraphosa-stirmi\\\/#breadcrumb\",\"itemListElement\":[{\"@type\":\"ListItem\",\"position\":1,\"name\":\"Startseite\",\"item\":\"https:\\\/\\\/insektenliebe.com\\\/it\\\/\"},{\"@type\":\"ListItem\",\"position\":2,\"name\":\"Negozio\",\"item\":\"https:\\\/\\\/insektenliebe.com\\\/it\\\/negozio\\\/\"},{\"@type\":\"ListItem\",\"position\":3,\"name\":\"Theraphosa stirmi\"}]},{\"@type\":\"WebSite\",\"@id\":\"https:\\\/\\\/insektenliebe.com\\\/it\\\/#website\",\"url\":\"https:\\\/\\\/insektenliebe.com\\\/it\\\/\",\"name\":\"Insektenliebe\",\"description\":\"Dein Zuhause f\u00fcr die kleinen Lebewesen\",\"publisher\":{\"@id\":\"https:\\\/\\\/insektenliebe.com\\\/it\\\/#organization\"},\"potentialAction\":[{\"@type\":\"SearchAction\",\"target\":{\"@type\":\"EntryPoint\",\"urlTemplate\":\"https:\\\/\\\/insektenliebe.com\\\/it\\\/?s={search_term_string}\"},\"query-input\":{\"@type\":\"PropertyValueSpecification\",\"valueRequired\":true,\"valueName\":\"search_term_string\"}}],\"inLanguage\":\"it-IT\"},{\"@type\":\"Organization\",\"@id\":\"https:\\\/\\\/insektenliebe.com\\\/it\\\/#organization\",\"name\":\"Insektenliebe\",\"url\":\"https:\\\/\\\/insektenliebe.com\\\/it\\\/\",\"logo\":{\"@type\":\"ImageObject\",\"inLanguage\":\"it-IT\",\"@id\":\"https:\\\/\\\/insektenliebe.com\\\/it\\\/#\\\/schema\\\/logo\\\/image\\\/\",\"url\":\"https:\\\/\\\/insektenliebe.com\\\/wp-content\\\/uploads\\\/2025\\\/03\\\/logo-white.png\",\"contentUrl\":\"https:\\\/\\\/insektenliebe.com\\\/wp-content\\\/uploads\\\/2025\\\/03\\\/logo-white.png\",\"width\":288,\"height\":188,\"caption\":\"Insektenliebe\"},\"image\":{\"@id\":\"https:\\\/\\\/insektenliebe.com\\\/it\\\/#\\\/schema\\\/logo\\\/image\\\/\"}}]}<\/script>\n<!-- \/ Yoast SEO plugin. -->","yoast_head_json":{"title":"Theraphosa stirmi - Insektenliebe","description":"Theraphosa stirmi, la tarantola golia bordeaux. Enorme, calma, affascinante: perfetta per chi ha esperienza e spazio e pazienza.","robots":{"index":"index","follow":"follow","max-snippet":"max-snippet:-1","max-image-preview":"max-image-preview:large","max-video-preview":"max-video-preview:-1"},"canonical":"https:\/\/insektenliebe.com\/it\/shop\/prodotto\/theraphosa-stirmi\/","og_locale":"it_IT","og_type":"article","og_title":"Theraphosa stirmi - Insektenliebe","og_description":"Theraphosa stirmi, la tarantola golia bordeaux. Enorme, calma, affascinante: perfetta per chi ha esperienza e spazio e pazienza.","og_url":"https:\/\/insektenliebe.com\/it\/shop\/prodotto\/theraphosa-stirmi\/","og_site_name":"Insektenliebe","article_modified_time":"2026-03-06T17:27:50+00:00","og_image":[{"width":820,"height":820,"url":"https:\/\/insektenliebe.com\/wp-content\/uploads\/2025\/11\/Theraphosa-stirmi-Vorne.jpg","type":"image\/jpeg"}],"twitter_card":"summary_large_image","twitter_misc":{"Tempo di lettura stimato":"2 minuto"},"schema":{"@context":"https:\/\/schema.org","@graph":[{"@type":"WebPage","@id":"https:\/\/insektenliebe.com\/it\/shop\/prodotto\/theraphosa-stirmi\/","url":"https:\/\/insektenliebe.com\/it\/shop\/prodotto\/theraphosa-stirmi\/","name":"Theraphosa stirmi - Insektenliebe","isPartOf":{"@id":"https:\/\/insektenliebe.com\/it\/#website"},"primaryImageOfPage":{"@id":"https:\/\/insektenliebe.com\/it\/shop\/prodotto\/theraphosa-stirmi\/#primaryimage"},"image":{"@id":"https:\/\/insektenliebe.com\/it\/shop\/prodotto\/theraphosa-stirmi\/#primaryimage"},"thumbnailUrl":"https:\/\/insektenliebe.com\/wp-content\/uploads\/2025\/11\/Theraphosa-stirmi-Vorne.jpg","datePublished":"2025-11-08T13:30:27+00:00","dateModified":"2026-03-06T17:27:50+00:00","description":"Theraphosa stirmi, la tarantola golia bordeaux. Enorme, calma, affascinante: perfetta per chi ha esperienza e spazio e pazienza.","breadcrumb":{"@id":"https:\/\/insektenliebe.com\/it\/shop\/prodotto\/theraphosa-stirmi\/#breadcrumb"},"inLanguage":"it-IT","potentialAction":[{"@type":"ReadAction","target":["https:\/\/insektenliebe.com\/it\/shop\/prodotto\/theraphosa-stirmi\/"]}]},{"@type":"ImageObject","inLanguage":"it-IT","@id":"https:\/\/insektenliebe.com\/it\/shop\/prodotto\/theraphosa-stirmi\/#primaryimage","url":"https:\/\/insektenliebe.com\/wp-content\/uploads\/2025\/11\/Theraphosa-stirmi-Vorne.jpg","contentUrl":"https:\/\/insektenliebe.com\/wp-content\/uploads\/2025\/11\/Theraphosa-stirmi-Vorne.jpg","width":820,"height":820,"caption":"Theraphosa stirmi-Front"},{"@type":"BreadcrumbList","@id":"https:\/\/insektenliebe.com\/it\/shop\/prodotto\/theraphosa-stirmi\/#breadcrumb","itemListElement":[{"@type":"ListItem","position":1,"name":"Startseite","item":"https:\/\/insektenliebe.com\/it\/"},{"@type":"ListItem","position":2,"name":"Negozio","item":"https:\/\/insektenliebe.com\/it\/negozio\/"},{"@type":"ListItem","position":3,"name":"Theraphosa stirmi"}]},{"@type":"WebSite","@id":"https:\/\/insektenliebe.com\/it\/#website","url":"https:\/\/insektenliebe.com\/it\/","name":"Insektenliebe","description":"Dein Zuhause f\u00fcr die kleinen Lebewesen","publisher":{"@id":"https:\/\/insektenliebe.com\/it\/#organization"},"potentialAction":[{"@type":"SearchAction","target":{"@type":"EntryPoint","urlTemplate":"https:\/\/insektenliebe.com\/it\/?s={search_term_string}"},"query-input":{"@type":"PropertyValueSpecification","valueRequired":true,"valueName":"search_term_string"}}],"inLanguage":"it-IT"},{"@type":"Organization","@id":"https:\/\/insektenliebe.com\/it\/#organization","name":"Insektenliebe","url":"https:\/\/insektenliebe.com\/it\/","logo":{"@type":"ImageObject","inLanguage":"it-IT","@id":"https:\/\/insektenliebe.com\/it\/#\/schema\/logo\/image\/","url":"https:\/\/insektenliebe.com\/wp-content\/uploads\/2025\/03\/logo-white.png","contentUrl":"https:\/\/insektenliebe.com\/wp-content\/uploads\/2025\/03\/logo-white.png","width":288,"height":188,"caption":"Insektenliebe"},"image":{"@id":"https:\/\/insektenliebe.com\/it\/#\/schema\/logo\/image\/"}}]}},"_links":{"self":[{"href":"https:\/\/insektenliebe.com\/it\/wp-json\/wp\/v2\/product\/188393","targetHints":{"allow":["GET"]}}],"collection":[{"href":"https:\/\/insektenliebe.com\/it\/wp-json\/wp\/v2\/product"}],"about":[{"href":"https:\/\/insektenliebe.com\/it\/wp-json\/wp\/v2\/types\/product"}],"wp:featuredmedia":[{"embeddable":true,"href":"https:\/\/insektenliebe.com\/it\/wp-json\/wp\/v2\/media\/184718"}],"wp:attachment":[{"href":"https:\/\/insektenliebe.com\/it\/wp-json\/wp\/v2\/media?parent=188393"}],"wp:term":[{"taxonomy":"product-supplier","embeddable":true,"href":"https:\/\/insektenliebe.com\/it\/wp-json\/wp\/v2\/product-supplier?post=188393"},{"taxonomy":"product_brand","embeddable":true,"href":"https:\/\/insektenliebe.com\/it\/wp-json\/wp\/v2\/product_brand?post=188393"},{"taxonomy":"product_cat","embeddable":true,"href":"https:\/\/insektenliebe.com\/it\/wp-json\/wp\/v2\/product_cat?post=188393"},{"taxonomy":"product_tag","embeddable":true,"href":"https:\/\/insektenliebe.com\/it\/wp-json\/wp\/v2\/product_tag?post=188393"},{"taxonomy":"lce-checkout-addons","embeddable":true,"href":"https:\/\/insektenliebe.com\/it\/wp-json\/wp\/v2\/lce-checkout-addons?post=188393"}],"curies":[{"name":"wp","href":"https:\/\/api.w.org\/{rel}","templated":true}]}}