{"id":188392,"date":"2025-11-29T12:15:32","date_gmt":"2025-11-29T11:15:32","guid":{"rendered":"https:\/\/insektenliebe.com\/shop\/produkt\/cardisoma-armatum-granchio-arlecchino\/"},"modified":"2025-11-29T12:15:32","modified_gmt":"2025-11-29T11:15:32","slug":"cardisoma-armatum-granchio-arlecchino","status":"publish","type":"product","link":"https:\/\/insektenliebe.com\/it\/shop\/prodotto\/cardisoma-armatum-granchio-arlecchino\/","title":{"rendered":"Cardisoma armatum \"Granchio Arlecchino"},"content":{"rendered":"<h3 class=\"p1\"><span style=\"color: #99cc33\"><strong><span class=\"s1\">Cardisoma armatum - L&#8217;allevamento di crostacei pu\u00f2 essere cos\u00ec colorato<\/span><\/strong><\/span><\/h3>\n<p class=\"p1\"><span class=\"s1\">Il <\/span><strong><span class=\"s2\">Cardisoma armatum<\/span><\/strong><span class=\"s1\">meglio conosciuto come granchio arlecchino, \u00e8 uno dei granchi pi\u00f9 impressionanti nell&#8217;hobby del terrario. Il suo carapace blu brillante, le chele rosse e la groppa arancione lo rendono un vero e proprio richiamo visivo. \u00c8 proprio questa variet\u00e0 di colori a dargli il nome di \"granchio arlecchino\", in quanto ricorda un costume colorato. Poich\u00e9 \u00e8 attivo durante il giorno, \u00e8 anche meraviglioso da osservare, il che lo rende interessante non solo per i professionisti, ma anche per i principianti.   <\/span><\/p>\n<p class=\"p1\"><span class=\"s1\">Questi animali sono originari dell&#8217;Africa occidentale, pi\u00f9 precisamente delle regioni costiere con habitat umidi e caldi. Qui abitano terreni sabbiosi in cui scavano profonde tane. \u00c8 quindi importante creare condizioni simili nel terrario. Una vasca di almeno 60 \u00d7 40 cm e riempita con almeno 10-15 cm di substrato scavabile \u00e8 l&#8217;ideale. Una miscela di sabbia del deserto e humus forestale \u00e8 particolarmente adatta perch\u00e9 \u00e8 stabile e trattiene l&#8217;umidit\u00e0.    <\/span><\/p>\n<p class=\"p1\"><span class=\"s1\">Per far sentire il granchio al sicuro e a suo agio, dovresti anche fornire tubi di sughero, radici e muschio. Questi materiali non servono solo come luogo di rifugio, ma anche come elementi di design. Come <strong><span class=\"s2\">Cardisoma armatum<\/span><\/strong>  <\/span><span class=\"s1\">  \u00e8 molto curioso, gli piace esplorare il suo territorio e spostare anche piccoli oggetti d&#8217;arredo. Con il tempo, si crea un habitat personalizzato che l&#8217;animale stesso contribuisce a creare. <\/span><\/p>\n<p class=\"p1\"><span class=\"s1\">Pur essendo un granchio di terra, ha sempre bisogno di accedere all&#8217;acqua. Una vaschetta poco profonda con acqua leggermente salata \u00e8 perfettamente adeguata. In alternativa, puoi anche allestire un acquaterrario con sezioni terrestri e acquatiche, purch\u00e9 entrambe le aree siano accessibili in modo sicuro. \u00c8 importante prestare attenzione all&#8217;igiene e cambiare l&#8217;acqua regolarmente.   <\/span><\/p>\n<p class=\"p1\"><span class=\"s1\">Le temperature tra i 24 e i 28 \u00b0C durante il giorno e i 22 \u00b0C circa di notte corrispondono alle condizioni naturali. \u00c8 inoltre necessario mantenere sempre un&#8217;umidit\u00e0 compresa tra il 70 e l&#8217;80%. Ti consigliamo di utilizzare una lampada a LED o una lampada a luce solare UVB, in modo che i colori del granchio si mostrino al meglio e il suo ritmo giorno-notte rimanga stabile.  <\/span><\/p>\n<p class=\"p1\"><span class=\"s1\"><strong><span class=\"s2\">Cardisoma armatum<\/span><\/strong> \u00e8 molto territoriale, per questo motivo dovresti sempre tenerli singolarmente. Pi\u00f9 animali nello stesso terrario provocano quasi sempre dei combattimenti. Tuttavia, il Cardisoma armatum \u00e8 ideale per essere tenuto da solo, perch\u00e9 \u00e8 molto attivo e stimolante da osservare.  <\/span><\/p>\n<p class=\"p1\"><span class=\"s1\">Si tratta di un vero e proprio onnivoro in fatto di cibo: verdure, fogliame, scaglie di pesce, cibo proteico e insetti essiccati fanno parte della sua dieta. Un guscio di seppia fornisce il necessario apporto di calcio e aiuta a costruire il carapace, soprattutto dopo la muta. <\/span><\/p>\n<p class=\"p1\"><span class=\"s1\">Se cerchi un animale colorato, vivace e interessante da osservare durante il giorno, il granchio arlecchino \u00e8 la scelta perfetta. \u00c8 robusto, facile da curare e dona un tocco tropicale a qualsiasi terrario da salotto. <\/span><\/p>\n","protected":false},"excerpt":{"rendered":"<p>Cardisoma armatum - L&#8217;allevamento di crostacei pu\u00f2 essere cos\u00ec colorato Il Cardisoma armatummeglio conosciuto come granchio arlecchino, \u00e8 uno dei granchi pi\u00f9 impressionanti nell&#8217;hobby del terrario. Il suo carapace blu brillante, le chele rosse e la groppa arancione lo rendono un vero e proprio richiamo visivo. \u00c8 proprio questa variet\u00e0 di colori a dargli il [&hellip;]<\/p>\n","protected":false},"featured_media":188190,"template":"","meta":{"_acf_changed":false},"product-supplier":[],"product_brand":[],"product_cat":[2829],"product_tag":[],"lce-checkout-addons":[2746],"class_list":{"0":"post-188392","1":"product","2":"type-product","3":"status-publish","4":"has-post-thumbnail","6":"product_cat-altri-invertebrati","7":"product_shipping_class-spedizione-di-animali","8":"pa_herkunft-nigeria","9":"pa_kontinent-africa","10":"lce-checkout-addons-imballaggio-invernale","12":"first","13":"outofstock","14":"taxable","15":"shipping-taxable","16":"purchasable","17":"product-type-variable"},"acf":[],"yoast_head":"<!-- This site is optimized with the Yoast SEO plugin v27.3 - https:\/\/yoast.com\/product\/yoast-seo-wordpress\/ -->\n<title>Cardisoma armatum &quot;Granchio Arlecchino - Insektenliebe<\/title>\n<meta name=\"description\" content=\"Colorati Cardisoma armatum &quot;granchi arlecchini&quot; con carattere! \u00c8 curioso, robusto e un vero punto di forza per qualsiasi terrario di crostacei.\" \/>\n<meta name=\"robots\" content=\"index, follow, max-snippet:-1, max-image-preview:large, max-video-preview:-1\" \/>\n<link rel=\"canonical\" href=\"https:\/\/insektenliebe.com\/it\/shop\/prodotto\/cardisoma-armatum-granchio-arlecchino\/\" \/>\n<meta property=\"og:locale\" content=\"it_IT\" \/>\n<meta property=\"og:type\" content=\"article\" \/>\n<meta property=\"og:title\" content=\"Cardisoma armatum &quot;Granchio Arlecchino - Insektenliebe\" \/>\n<meta property=\"og:description\" content=\"Colorati Cardisoma armatum &quot;granchi arlecchini&quot; con carattere! \u00c8 curioso, robusto e un vero punto di forza per qualsiasi terrario di crostacei.\" \/>\n<meta property=\"og:url\" content=\"https:\/\/insektenliebe.com\/it\/shop\/prodotto\/cardisoma-armatum-granchio-arlecchino\/\" \/>\n<meta property=\"og:site_name\" content=\"Insektenliebe\" \/>\n<meta property=\"og:image\" content=\"https:\/\/insektenliebe.com\/wp-content\/uploads\/2025\/11\/Cardisoma-armatum-22Harlekinkrabbe22-Seite.jpg\" \/>\n\t<meta property=\"og:image:width\" content=\"820\" \/>\n\t<meta property=\"og:image:height\" content=\"820\" \/>\n\t<meta property=\"og:image:type\" content=\"image\/jpeg\" \/>\n<meta name=\"twitter:card\" content=\"summary_large_image\" \/>\n<meta name=\"twitter:label1\" content=\"Tempo di lettura stimato\" \/>\n\t<meta name=\"twitter:data1\" content=\"2 minuto\" \/>\n<script type=\"application\/ld+json\" class=\"yoast-schema-graph\">{\"@context\":\"https:\\\/\\\/schema.org\",\"@graph\":[{\"@type\":\"WebPage\",\"@id\":\"https:\\\/\\\/insektenliebe.com\\\/it\\\/shop\\\/prodotto\\\/cardisoma-armatum-granchio-arlecchino\\\/\",\"url\":\"https:\\\/\\\/insektenliebe.com\\\/it\\\/shop\\\/prodotto\\\/cardisoma-armatum-granchio-arlecchino\\\/\",\"name\":\"Cardisoma armatum \\\"Granchio Arlecchino - Insektenliebe\",\"isPartOf\":{\"@id\":\"https:\\\/\\\/insektenliebe.com\\\/it\\\/#website\"},\"primaryImageOfPage\":{\"@id\":\"https:\\\/\\\/insektenliebe.com\\\/it\\\/shop\\\/prodotto\\\/cardisoma-armatum-granchio-arlecchino\\\/#primaryimage\"},\"image\":{\"@id\":\"https:\\\/\\\/insektenliebe.com\\\/it\\\/shop\\\/prodotto\\\/cardisoma-armatum-granchio-arlecchino\\\/#primaryimage\"},\"thumbnailUrl\":\"https:\\\/\\\/insektenliebe.com\\\/wp-content\\\/uploads\\\/2025\\\/11\\\/Cardisoma-armatum-22Harlekinkrabbe22-Seite.jpg\",\"datePublished\":\"2025-11-29T11:15:32+00:00\",\"description\":\"Colorati Cardisoma armatum \\\"granchi arlecchini\\\" con carattere! \u00c8 curioso, robusto e un vero punto di forza per qualsiasi terrario di crostacei.\",\"breadcrumb\":{\"@id\":\"https:\\\/\\\/insektenliebe.com\\\/it\\\/shop\\\/prodotto\\\/cardisoma-armatum-granchio-arlecchino\\\/#breadcrumb\"},\"inLanguage\":\"it-IT\",\"potentialAction\":[{\"@type\":\"ReadAction\",\"target\":[\"https:\\\/\\\/insektenliebe.com\\\/it\\\/shop\\\/prodotto\\\/cardisoma-armatum-granchio-arlecchino\\\/\"]}]},{\"@type\":\"ImageObject\",\"inLanguage\":\"it-IT\",\"@id\":\"https:\\\/\\\/insektenliebe.com\\\/it\\\/shop\\\/prodotto\\\/cardisoma-armatum-granchio-arlecchino\\\/#primaryimage\",\"url\":\"https:\\\/\\\/insektenliebe.com\\\/wp-content\\\/uploads\\\/2025\\\/11\\\/Cardisoma-armatum-22Harlekinkrabbe22-Seite.jpg\",\"contentUrl\":\"https:\\\/\\\/insektenliebe.com\\\/wp-content\\\/uploads\\\/2025\\\/11\\\/Cardisoma-armatum-22Harlekinkrabbe22-Seite.jpg\",\"width\":820,\"height\":820,\"caption\":\"Cardisoma armatum \\\"Granchio Arlecchino\\\" - Pagina\"},{\"@type\":\"BreadcrumbList\",\"@id\":\"https:\\\/\\\/insektenliebe.com\\\/it\\\/shop\\\/prodotto\\\/cardisoma-armatum-granchio-arlecchino\\\/#breadcrumb\",\"itemListElement\":[{\"@type\":\"ListItem\",\"position\":1,\"name\":\"Startseite\",\"item\":\"https:\\\/\\\/insektenliebe.com\\\/it\\\/\"},{\"@type\":\"ListItem\",\"position\":2,\"name\":\"Negozio\",\"item\":\"https:\\\/\\\/insektenliebe.com\\\/it\\\/negozio\\\/\"},{\"@type\":\"ListItem\",\"position\":3,\"name\":\"Cardisoma armatum &#8220;Granchio Arlecchino\"}]},{\"@type\":\"WebSite\",\"@id\":\"https:\\\/\\\/insektenliebe.com\\\/it\\\/#website\",\"url\":\"https:\\\/\\\/insektenliebe.com\\\/it\\\/\",\"name\":\"Insektenliebe\",\"description\":\"Dein Zuhause f\u00fcr die kleinen Lebewesen\",\"publisher\":{\"@id\":\"https:\\\/\\\/insektenliebe.com\\\/it\\\/#organization\"},\"potentialAction\":[{\"@type\":\"SearchAction\",\"target\":{\"@type\":\"EntryPoint\",\"urlTemplate\":\"https:\\\/\\\/insektenliebe.com\\\/it\\\/?s={search_term_string}\"},\"query-input\":{\"@type\":\"PropertyValueSpecification\",\"valueRequired\":true,\"valueName\":\"search_term_string\"}}],\"inLanguage\":\"it-IT\"},{\"@type\":\"Organization\",\"@id\":\"https:\\\/\\\/insektenliebe.com\\\/it\\\/#organization\",\"name\":\"Insektenliebe\",\"url\":\"https:\\\/\\\/insektenliebe.com\\\/it\\\/\",\"logo\":{\"@type\":\"ImageObject\",\"inLanguage\":\"it-IT\",\"@id\":\"https:\\\/\\\/insektenliebe.com\\\/it\\\/#\\\/schema\\\/logo\\\/image\\\/\",\"url\":\"https:\\\/\\\/insektenliebe.com\\\/wp-content\\\/uploads\\\/2025\\\/03\\\/logo-white.png\",\"contentUrl\":\"https:\\\/\\\/insektenliebe.com\\\/wp-content\\\/uploads\\\/2025\\\/03\\\/logo-white.png\",\"width\":288,\"height\":188,\"caption\":\"Insektenliebe\"},\"image\":{\"@id\":\"https:\\\/\\\/insektenliebe.com\\\/it\\\/#\\\/schema\\\/logo\\\/image\\\/\"}}]}<\/script>\n<!-- \/ Yoast SEO plugin. -->","yoast_head_json":{"title":"Cardisoma armatum \"Granchio Arlecchino - Insektenliebe","description":"Colorati Cardisoma armatum \"granchi arlecchini\" con carattere! \u00c8 curioso, robusto e un vero punto di forza per qualsiasi terrario di crostacei.","robots":{"index":"index","follow":"follow","max-snippet":"max-snippet:-1","max-image-preview":"max-image-preview:large","max-video-preview":"max-video-preview:-1"},"canonical":"https:\/\/insektenliebe.com\/it\/shop\/prodotto\/cardisoma-armatum-granchio-arlecchino\/","og_locale":"it_IT","og_type":"article","og_title":"Cardisoma armatum \"Granchio Arlecchino - Insektenliebe","og_description":"Colorati Cardisoma armatum \"granchi arlecchini\" con carattere! \u00c8 curioso, robusto e un vero punto di forza per qualsiasi terrario di crostacei.","og_url":"https:\/\/insektenliebe.com\/it\/shop\/prodotto\/cardisoma-armatum-granchio-arlecchino\/","og_site_name":"Insektenliebe","og_image":[{"width":820,"height":820,"url":"https:\/\/insektenliebe.com\/wp-content\/uploads\/2025\/11\/Cardisoma-armatum-22Harlekinkrabbe22-Seite.jpg","type":"image\/jpeg"}],"twitter_card":"summary_large_image","twitter_misc":{"Tempo di lettura stimato":"2 minuto"},"schema":{"@context":"https:\/\/schema.org","@graph":[{"@type":"WebPage","@id":"https:\/\/insektenliebe.com\/it\/shop\/prodotto\/cardisoma-armatum-granchio-arlecchino\/","url":"https:\/\/insektenliebe.com\/it\/shop\/prodotto\/cardisoma-armatum-granchio-arlecchino\/","name":"Cardisoma armatum \"Granchio Arlecchino - Insektenliebe","isPartOf":{"@id":"https:\/\/insektenliebe.com\/it\/#website"},"primaryImageOfPage":{"@id":"https:\/\/insektenliebe.com\/it\/shop\/prodotto\/cardisoma-armatum-granchio-arlecchino\/#primaryimage"},"image":{"@id":"https:\/\/insektenliebe.com\/it\/shop\/prodotto\/cardisoma-armatum-granchio-arlecchino\/#primaryimage"},"thumbnailUrl":"https:\/\/insektenliebe.com\/wp-content\/uploads\/2025\/11\/Cardisoma-armatum-22Harlekinkrabbe22-Seite.jpg","datePublished":"2025-11-29T11:15:32+00:00","description":"Colorati Cardisoma armatum \"granchi arlecchini\" con carattere! \u00c8 curioso, robusto e un vero punto di forza per qualsiasi terrario di crostacei.","breadcrumb":{"@id":"https:\/\/insektenliebe.com\/it\/shop\/prodotto\/cardisoma-armatum-granchio-arlecchino\/#breadcrumb"},"inLanguage":"it-IT","potentialAction":[{"@type":"ReadAction","target":["https:\/\/insektenliebe.com\/it\/shop\/prodotto\/cardisoma-armatum-granchio-arlecchino\/"]}]},{"@type":"ImageObject","inLanguage":"it-IT","@id":"https:\/\/insektenliebe.com\/it\/shop\/prodotto\/cardisoma-armatum-granchio-arlecchino\/#primaryimage","url":"https:\/\/insektenliebe.com\/wp-content\/uploads\/2025\/11\/Cardisoma-armatum-22Harlekinkrabbe22-Seite.jpg","contentUrl":"https:\/\/insektenliebe.com\/wp-content\/uploads\/2025\/11\/Cardisoma-armatum-22Harlekinkrabbe22-Seite.jpg","width":820,"height":820,"caption":"Cardisoma armatum \"Granchio Arlecchino\" - Pagina"},{"@type":"BreadcrumbList","@id":"https:\/\/insektenliebe.com\/it\/shop\/prodotto\/cardisoma-armatum-granchio-arlecchino\/#breadcrumb","itemListElement":[{"@type":"ListItem","position":1,"name":"Startseite","item":"https:\/\/insektenliebe.com\/it\/"},{"@type":"ListItem","position":2,"name":"Negozio","item":"https:\/\/insektenliebe.com\/it\/negozio\/"},{"@type":"ListItem","position":3,"name":"Cardisoma armatum &#8220;Granchio Arlecchino"}]},{"@type":"WebSite","@id":"https:\/\/insektenliebe.com\/it\/#website","url":"https:\/\/insektenliebe.com\/it\/","name":"Insektenliebe","description":"Dein Zuhause f\u00fcr die kleinen Lebewesen","publisher":{"@id":"https:\/\/insektenliebe.com\/it\/#organization"},"potentialAction":[{"@type":"SearchAction","target":{"@type":"EntryPoint","urlTemplate":"https:\/\/insektenliebe.com\/it\/?s={search_term_string}"},"query-input":{"@type":"PropertyValueSpecification","valueRequired":true,"valueName":"search_term_string"}}],"inLanguage":"it-IT"},{"@type":"Organization","@id":"https:\/\/insektenliebe.com\/it\/#organization","name":"Insektenliebe","url":"https:\/\/insektenliebe.com\/it\/","logo":{"@type":"ImageObject","inLanguage":"it-IT","@id":"https:\/\/insektenliebe.com\/it\/#\/schema\/logo\/image\/","url":"https:\/\/insektenliebe.com\/wp-content\/uploads\/2025\/03\/logo-white.png","contentUrl":"https:\/\/insektenliebe.com\/wp-content\/uploads\/2025\/03\/logo-white.png","width":288,"height":188,"caption":"Insektenliebe"},"image":{"@id":"https:\/\/insektenliebe.com\/it\/#\/schema\/logo\/image\/"}}]}},"_links":{"self":[{"href":"https:\/\/insektenliebe.com\/it\/wp-json\/wp\/v2\/product\/188392","targetHints":{"allow":["GET"]}}],"collection":[{"href":"https:\/\/insektenliebe.com\/it\/wp-json\/wp\/v2\/product"}],"about":[{"href":"https:\/\/insektenliebe.com\/it\/wp-json\/wp\/v2\/types\/product"}],"wp:featuredmedia":[{"embeddable":true,"href":"https:\/\/insektenliebe.com\/it\/wp-json\/wp\/v2\/media\/188190"}],"wp:attachment":[{"href":"https:\/\/insektenliebe.com\/it\/wp-json\/wp\/v2\/media?parent=188392"}],"wp:term":[{"taxonomy":"product-supplier","embeddable":true,"href":"https:\/\/insektenliebe.com\/it\/wp-json\/wp\/v2\/product-supplier?post=188392"},{"taxonomy":"product_brand","embeddable":true,"href":"https:\/\/insektenliebe.com\/it\/wp-json\/wp\/v2\/product_brand?post=188392"},{"taxonomy":"product_cat","embeddable":true,"href":"https:\/\/insektenliebe.com\/it\/wp-json\/wp\/v2\/product_cat?post=188392"},{"taxonomy":"product_tag","embeddable":true,"href":"https:\/\/insektenliebe.com\/it\/wp-json\/wp\/v2\/product_tag?post=188392"},{"taxonomy":"lce-checkout-addons","embeddable":true,"href":"https:\/\/insektenliebe.com\/it\/wp-json\/wp\/v2\/lce-checkout-addons?post=188392"}],"curies":[{"name":"wp","href":"https:\/\/api.w.org\/{rel}","templated":true}]}}