{"id":188377,"date":"2025-12-14T16:27:41","date_gmt":"2025-12-14T15:27:41","guid":{"rendered":"https:\/\/insektenliebe.com\/shop\/produkt\/eresus-spec-blu-sidi-ifni\/"},"modified":"2026-04-15T14:50:21","modified_gmt":"2026-04-15T12:50:21","slug":"eresus-spec-blu-sidi-ifni","status":"publish","type":"product","link":"https:\/\/insektenliebe.com\/it\/shop\/prodotto\/eresus-spec-blu-sidi-ifni\/","title":{"rendered":"Eresus spec. \"Blu Sidi Ifni\""},"content":{"rendered":"<h3 class=\"p1\"><span style=\"color: #99cc33;\"><strong><span class=\"s1\">Eresus spec. \"Sidi Ifni blu\" - raro ragno tubolare blu proveniente dal Marocco<\/span><\/strong><\/span><\/h3>\n<p class=\"p1\"><span class=\"s2\"><strong>Eresus spec. \"Sidi Ifni blu\"<\/strong>  \u00e8 un ragno tubolare raro e dai colori sorprendenti. Proviene dalla regione di Sidi Ifni in Marocco. La sua unica colorazione blu scintillante lo rende un vero e proprio oggetto d&#8217;attrazione e da collezione. \u00c8 considerato un piccolo fenomeno nell&#8217;hobby del terrario.   <\/span><\/p>\n<p class=\"p1\"><span class=\"s2\">Tipico dei ragni tubiformi, di solito trascorre il giorno nella sua tela. L\u00ec si ritira nei tubi che crea nel substrato. Appare pi\u00f9 frequentemente al crepuscolo o di notte. Il suo comportamento \u00e8 calmo e poco aggressivo. Questo lo rende adatto a chi ha poca esperienza con questo gruppo di ragni.    <\/span><\/p>\n<p class=\"p1\"><span class=\"s2\">Un terrario di 20 \u00d7 20 \u00d7 20 cm \u00e8 sufficiente per tenerli. \u00c8 importante uno strato spesso di substrato di circa 10 cm. Una miscela di terra scavabile e un po&#8217; di sabbia \u00e8 l&#8217;ideale. Pezzi di sughero, muschio o radici servono come copertura e aiutano il ragno a costruire i suoi tubi. Le temperature di 22-26 \u00b0C sono ideali durante il giorno. Di notte possono scendere a 18-20 \u00b0C. Un angolo leggermente umido \u00e8 sufficiente per ottenere l&#8217;umidit\u00e0 necessaria, pari a circa il 60-70%.      <\/span><\/p>\n<p class=\"p1\"><span class=\"s2\">Una volta alla settimana  <strong>Eresus spec. \"Sidi Ifni blu\"<\/strong><\/span><span class=\"s2\">  Cibo. Grilli, piccoli scarafaggi o grilli sono adatti. Gli animali non mangiati devono essere rimossi dopo un giorno per evitare lo stress.  <\/span><\/p>\n<p class=\"p1\"><span class=\"s2\">Questa specie non \u00e8 adatta a essere tenuta in gruppo. Vive una vita solitaria e non tollera i conspecifici. Il suo splendido aspetto si mostra al meglio in terrari decorati con illuminazione naturale. L&#8217;esoscheletro blu metallizzato \u00e8 particolarmente impressionante quando la luce cade di lato.   <\/span><\/p>\n<p class=\"p1\"><span class=\"s2\">Tenendo questa specie, ti prendi la responsabilit\u00e0 di un ragno affascinante e quasi impossibile da trovare in natura. Con una buona cura, pu\u00f2 vivere per diversi anni e diventer\u00e0 un vero e proprio pezzo forte della tua collezione. <\/span><\/p>\n","protected":false},"excerpt":{"rendered":"<p>Eresus spec. \"Sidi Ifni blu\" - raro ragno tubolare blu proveniente dal Marocco Eresus spec. \"Sidi Ifni blu\" \u00e8 un ragno tubolare raro e dai colori sorprendenti. Proviene dalla regione di Sidi Ifni in Marocco. La sua unica colorazione blu scintillante lo rende un vero e proprio oggetto d&#8217;attrazione e da collezione. \u00c8 considerato un [&hellip;]<\/p>\n","protected":false},"featured_media":184815,"template":"","meta":{"_acf_changed":false},"product-supplier":[],"product_brand":[],"product_cat":[2999],"product_tag":[],"lce-checkout-addons":[2746],"class_list":{"0":"post-188377","1":"product","2":"type-product","3":"status-publish","4":"has-post-thumbnail","6":"product_cat-altri-ragni","7":"product_shipping_class-spedizione-di-animali","8":"pa_geschlecht-indeterminato","9":"pa_herkunft-marocco","10":"pa_kontinent-africa","11":"lce-checkout-addons-imballaggio-invernale","13":"first","14":"instock","15":"taxable","16":"shipping-taxable","17":"purchasable","18":"product-type-variable"},"acf":[],"yoast_head":"<!-- This site is optimized with the Yoast SEO Premium plugin v26.8 (Yoast SEO v27.5) - https:\/\/yoast.com\/product\/yoast-seo-premium-wordpress\/ -->\n<title>Eresus spec. &quot;Blu Sidi Ifni&quot; - Insektenliebe<\/title>\n<meta name=\"description\" content=\"Eresus &quot;Blue Sidi Ifni&quot; - affascinante ragno tubolare del Marocco con una rara colorazione blu. Ideale per gli amanti degli animali speciali da terrario.\" \/>\n<meta name=\"robots\" content=\"index, follow, max-snippet:-1, max-image-preview:large, max-video-preview:-1\" \/>\n<link rel=\"canonical\" href=\"https:\/\/insektenliebe.com\/it\/shop\/prodotto\/eresus-spec-blu-sidi-ifni\/\" \/>\n<meta property=\"og:locale\" content=\"it_IT\" \/>\n<meta property=\"og:type\" content=\"article\" \/>\n<meta property=\"og:title\" content=\"Eresus spec. &quot;Blu Sidi Ifni&quot;\" \/>\n<meta property=\"og:description\" content=\"Eresus &quot;Blue Sidi Ifni&quot; - affascinante ragno tubolare del Marocco con una rara colorazione blu. Ideale per gli amanti degli animali speciali da terrario.\" \/>\n<meta property=\"og:url\" content=\"https:\/\/insektenliebe.com\/it\/shop\/prodotto\/eresus-spec-blu-sidi-ifni\/\" \/>\n<meta property=\"og:site_name\" content=\"Insektenliebe\" \/>\n<meta property=\"article:modified_time\" content=\"2026-04-15T12:50:21+00:00\" \/>\n<meta property=\"og:image\" content=\"https:\/\/insektenliebe.com\/wp-content\/uploads\/2025\/12\/Eresus-spec.-22Blue-Sidi-Ifni22.jpg\" \/>\n\t<meta property=\"og:image:width\" content=\"820\" \/>\n\t<meta property=\"og:image:height\" content=\"820\" \/>\n\t<meta property=\"og:image:type\" content=\"image\/jpeg\" \/>\n<meta name=\"twitter:card\" content=\"summary_large_image\" \/>\n<meta name=\"twitter:label1\" content=\"Disponibilit\u00e0\" \/>\n\t<meta name=\"twitter:data1\" content=\"In stock\" \/>\n<script type=\"application\/ld+json\" class=\"yoast-schema-graph\">{\"@context\":\"https:\\\/\\\/schema.org\",\"@graph\":[{\"@type\":\"WebPage\",\"@id\":\"https:\\\/\\\/insektenliebe.com\\\/it\\\/shop\\\/prodotto\\\/eresus-spec-blu-sidi-ifni\\\/\",\"url\":\"https:\\\/\\\/insektenliebe.com\\\/it\\\/shop\\\/prodotto\\\/eresus-spec-blu-sidi-ifni\\\/\",\"name\":\"Eresus spec. \\\"Blu Sidi Ifni\\\" - Insektenliebe\",\"isPartOf\":{\"@id\":\"https:\\\/\\\/insektenliebe.com\\\/it\\\/#website\"},\"primaryImageOfPage\":{\"@id\":\"https:\\\/\\\/insektenliebe.com\\\/it\\\/shop\\\/prodotto\\\/eresus-spec-blu-sidi-ifni\\\/#primaryimage\"},\"image\":{\"@id\":\"https:\\\/\\\/insektenliebe.com\\\/it\\\/shop\\\/prodotto\\\/eresus-spec-blu-sidi-ifni\\\/#primaryimage\"},\"thumbnailUrl\":\"https:\\\/\\\/insektenliebe.com\\\/wp-content\\\/uploads\\\/2025\\\/12\\\/Eresus-spec.-22Blue-Sidi-Ifni22.jpg\",\"datePublished\":\"2025-12-14T15:27:41+00:00\",\"dateModified\":\"2026-04-15T12:50:21+00:00\",\"description\":\"Eresus \\\"Blue Sidi Ifni\\\" - affascinante ragno tubolare del Marocco con una rara colorazione blu. Ideale per gli amanti degli animali speciali da terrario.\",\"breadcrumb\":{\"@id\":\"https:\\\/\\\/insektenliebe.com\\\/it\\\/shop\\\/prodotto\\\/eresus-spec-blu-sidi-ifni\\\/#breadcrumb\"},\"inLanguage\":\"it-IT\",\"potentialAction\":[{\"@type\":\"ReadAction\",\"target\":[\"https:\\\/\\\/insektenliebe.com\\\/it\\\/shop\\\/prodotto\\\/eresus-spec-blu-sidi-ifni\\\/\"]}]},{\"@type\":\"ImageObject\",\"inLanguage\":\"it-IT\",\"@id\":\"https:\\\/\\\/insektenliebe.com\\\/it\\\/shop\\\/prodotto\\\/eresus-spec-blu-sidi-ifni\\\/#primaryimage\",\"url\":\"https:\\\/\\\/insektenliebe.com\\\/wp-content\\\/uploads\\\/2025\\\/12\\\/Eresus-spec.-22Blue-Sidi-Ifni22.jpg\",\"contentUrl\":\"https:\\\/\\\/insektenliebe.com\\\/wp-content\\\/uploads\\\/2025\\\/12\\\/Eresus-spec.-22Blue-Sidi-Ifni22.jpg\",\"width\":820,\"height\":820,\"caption\":\"Eresus spec. \\\"Blu Sidi Ifni\\\"\"},{\"@type\":\"BreadcrumbList\",\"@id\":\"https:\\\/\\\/insektenliebe.com\\\/it\\\/shop\\\/prodotto\\\/eresus-spec-blu-sidi-ifni\\\/#breadcrumb\",\"itemListElement\":[{\"@type\":\"ListItem\",\"position\":1,\"name\":\"Startseite\",\"item\":\"https:\\\/\\\/insektenliebe.com\\\/it\\\/\"},{\"@type\":\"ListItem\",\"position\":2,\"name\":\"Negozio\",\"item\":\"https:\\\/\\\/insektenliebe.com\\\/it\\\/negozio\\\/\"},{\"@type\":\"ListItem\",\"position\":3,\"name\":\"Eresus spec. \\\"Blu Sidi Ifni\\\"\"}]},{\"@type\":\"WebSite\",\"@id\":\"https:\\\/\\\/insektenliebe.com\\\/it\\\/#website\",\"url\":\"https:\\\/\\\/insektenliebe.com\\\/it\\\/\",\"name\":\"Insektenliebe\",\"description\":\"Dein Zuhause f\u00fcr die kleinen Lebewesen\",\"publisher\":{\"@id\":\"https:\\\/\\\/insektenliebe.com\\\/it\\\/#organization\"},\"potentialAction\":[{\"@type\":\"SearchAction\",\"target\":{\"@type\":\"EntryPoint\",\"urlTemplate\":\"https:\\\/\\\/insektenliebe.com\\\/it\\\/?s={search_term_string}\"},\"query-input\":{\"@type\":\"PropertyValueSpecification\",\"valueRequired\":true,\"valueName\":\"search_term_string\"}}],\"inLanguage\":\"it-IT\"},{\"@type\":\"Organization\",\"@id\":\"https:\\\/\\\/insektenliebe.com\\\/it\\\/#organization\",\"name\":\"Insektenliebe\",\"url\":\"https:\\\/\\\/insektenliebe.com\\\/it\\\/\",\"logo\":{\"@type\":\"ImageObject\",\"inLanguage\":\"it-IT\",\"@id\":\"https:\\\/\\\/insektenliebe.com\\\/it\\\/#\\\/schema\\\/logo\\\/image\\\/\",\"url\":\"https:\\\/\\\/insektenliebe.com\\\/wp-content\\\/uploads\\\/2025\\\/03\\\/logo-white.png\",\"contentUrl\":\"https:\\\/\\\/insektenliebe.com\\\/wp-content\\\/uploads\\\/2025\\\/03\\\/logo-white.png\",\"width\":288,\"height\":188,\"caption\":\"Insektenliebe\"},\"image\":{\"@id\":\"https:\\\/\\\/insektenliebe.com\\\/it\\\/#\\\/schema\\\/logo\\\/image\\\/\"}}]}<\/script>\n<meta property=\"og:availability\" content=\"instock\" \/>\n<meta property=\"product:availability\" content=\"instock\" \/>\n<meta property=\"product:retailer_item_id\" content=\"774\" \/>\n<meta property=\"product:condition\" content=\"new\" \/>\n<!-- \/ Yoast SEO Premium plugin. -->","yoast_head_json":{"title":"Eresus spec. \"Blu Sidi Ifni\" - Insektenliebe","description":"Eresus \"Blue Sidi Ifni\" - affascinante ragno tubolare del Marocco con una rara colorazione blu. Ideale per gli amanti degli animali speciali da terrario.","robots":{"index":"index","follow":"follow","max-snippet":"max-snippet:-1","max-image-preview":"max-image-preview:large","max-video-preview":"max-video-preview:-1"},"canonical":"https:\/\/insektenliebe.com\/it\/shop\/prodotto\/eresus-spec-blu-sidi-ifni\/","og_locale":"it_IT","og_type":"article","og_title":"Eresus spec. \"Blu Sidi Ifni\"","og_description":"Eresus \"Blue Sidi Ifni\" - affascinante ragno tubolare del Marocco con una rara colorazione blu. Ideale per gli amanti degli animali speciali da terrario.","og_url":"https:\/\/insektenliebe.com\/it\/shop\/prodotto\/eresus-spec-blu-sidi-ifni\/","og_site_name":"Insektenliebe","article_modified_time":"2026-04-15T12:50:21+00:00","og_image":[{"width":820,"height":820,"url":"https:\/\/insektenliebe.com\/wp-content\/uploads\/2025\/12\/Eresus-spec.-22Blue-Sidi-Ifni22.jpg","type":"image\/jpeg"}],"twitter_card":"summary_large_image","twitter_misc":{"Disponibilit\u00e0":"In stock"},"schema":{"@context":"https:\/\/schema.org","@graph":[{"@type":"WebPage","@id":"https:\/\/insektenliebe.com\/it\/shop\/prodotto\/eresus-spec-blu-sidi-ifni\/","url":"https:\/\/insektenliebe.com\/it\/shop\/prodotto\/eresus-spec-blu-sidi-ifni\/","name":"Eresus spec. \"Blu Sidi Ifni\" - Insektenliebe","isPartOf":{"@id":"https:\/\/insektenliebe.com\/it\/#website"},"primaryImageOfPage":{"@id":"https:\/\/insektenliebe.com\/it\/shop\/prodotto\/eresus-spec-blu-sidi-ifni\/#primaryimage"},"image":{"@id":"https:\/\/insektenliebe.com\/it\/shop\/prodotto\/eresus-spec-blu-sidi-ifni\/#primaryimage"},"thumbnailUrl":"https:\/\/insektenliebe.com\/wp-content\/uploads\/2025\/12\/Eresus-spec.-22Blue-Sidi-Ifni22.jpg","datePublished":"2025-12-14T15:27:41+00:00","dateModified":"2026-04-15T12:50:21+00:00","description":"Eresus \"Blue Sidi Ifni\" - affascinante ragno tubolare del Marocco con una rara colorazione blu. Ideale per gli amanti degli animali speciali da terrario.","breadcrumb":{"@id":"https:\/\/insektenliebe.com\/it\/shop\/prodotto\/eresus-spec-blu-sidi-ifni\/#breadcrumb"},"inLanguage":"it-IT","potentialAction":[{"@type":"ReadAction","target":["https:\/\/insektenliebe.com\/it\/shop\/prodotto\/eresus-spec-blu-sidi-ifni\/"]}]},{"@type":"ImageObject","inLanguage":"it-IT","@id":"https:\/\/insektenliebe.com\/it\/shop\/prodotto\/eresus-spec-blu-sidi-ifni\/#primaryimage","url":"https:\/\/insektenliebe.com\/wp-content\/uploads\/2025\/12\/Eresus-spec.-22Blue-Sidi-Ifni22.jpg","contentUrl":"https:\/\/insektenliebe.com\/wp-content\/uploads\/2025\/12\/Eresus-spec.-22Blue-Sidi-Ifni22.jpg","width":820,"height":820,"caption":"Eresus spec. \"Blu Sidi Ifni\""},{"@type":"BreadcrumbList","@id":"https:\/\/insektenliebe.com\/it\/shop\/prodotto\/eresus-spec-blu-sidi-ifni\/#breadcrumb","itemListElement":[{"@type":"ListItem","position":1,"name":"Startseite","item":"https:\/\/insektenliebe.com\/it\/"},{"@type":"ListItem","position":2,"name":"Negozio","item":"https:\/\/insektenliebe.com\/it\/negozio\/"},{"@type":"ListItem","position":3,"name":"Eresus spec. \"Blu Sidi Ifni\""}]},{"@type":"WebSite","@id":"https:\/\/insektenliebe.com\/it\/#website","url":"https:\/\/insektenliebe.com\/it\/","name":"Insektenliebe","description":"Dein Zuhause f\u00fcr die kleinen Lebewesen","publisher":{"@id":"https:\/\/insektenliebe.com\/it\/#organization"},"potentialAction":[{"@type":"SearchAction","target":{"@type":"EntryPoint","urlTemplate":"https:\/\/insektenliebe.com\/it\/?s={search_term_string}"},"query-input":{"@type":"PropertyValueSpecification","valueRequired":true,"valueName":"search_term_string"}}],"inLanguage":"it-IT"},{"@type":"Organization","@id":"https:\/\/insektenliebe.com\/it\/#organization","name":"Insektenliebe","url":"https:\/\/insektenliebe.com\/it\/","logo":{"@type":"ImageObject","inLanguage":"it-IT","@id":"https:\/\/insektenliebe.com\/it\/#\/schema\/logo\/image\/","url":"https:\/\/insektenliebe.com\/wp-content\/uploads\/2025\/03\/logo-white.png","contentUrl":"https:\/\/insektenliebe.com\/wp-content\/uploads\/2025\/03\/logo-white.png","width":288,"height":188,"caption":"Insektenliebe"},"image":{"@id":"https:\/\/insektenliebe.com\/it\/#\/schema\/logo\/image\/"}}]},"og_availability":"instock","product_availability":"instock","product_retailer_item_id":"774","product_condition":"new"},"_links":{"self":[{"href":"https:\/\/insektenliebe.com\/it\/wp-json\/wp\/v2\/product\/188377","targetHints":{"allow":["GET"]}}],"collection":[{"href":"https:\/\/insektenliebe.com\/it\/wp-json\/wp\/v2\/product"}],"about":[{"href":"https:\/\/insektenliebe.com\/it\/wp-json\/wp\/v2\/types\/product"}],"wp:featuredmedia":[{"embeddable":true,"href":"https:\/\/insektenliebe.com\/it\/wp-json\/wp\/v2\/media\/184815"}],"wp:attachment":[{"href":"https:\/\/insektenliebe.com\/it\/wp-json\/wp\/v2\/media?parent=188377"}],"wp:term":[{"taxonomy":"product-supplier","embeddable":true,"href":"https:\/\/insektenliebe.com\/it\/wp-json\/wp\/v2\/product-supplier?post=188377"},{"taxonomy":"product_brand","embeddable":true,"href":"https:\/\/insektenliebe.com\/it\/wp-json\/wp\/v2\/product_brand?post=188377"},{"taxonomy":"product_cat","embeddable":true,"href":"https:\/\/insektenliebe.com\/it\/wp-json\/wp\/v2\/product_cat?post=188377"},{"taxonomy":"product_tag","embeddable":true,"href":"https:\/\/insektenliebe.com\/it\/wp-json\/wp\/v2\/product_tag?post=188377"},{"taxonomy":"lce-checkout-addons","embeddable":true,"href":"https:\/\/insektenliebe.com\/it\/wp-json\/wp\/v2\/lce-checkout-addons?post=188377"}],"curies":[{"name":"wp","href":"https:\/\/api.w.org\/{rel}","templated":true}]}}