{"id":188358,"date":"2024-11-08T18:18:44","date_gmt":"2024-11-08T17:18:44","guid":{"rendered":"https:\/\/insektenliebe.com\/shop\/produkt\/lo-scorpione-dalla-coda-grassa\/"},"modified":"2026-03-09T20:15:22","modified_gmt":"2026-03-09T19:15:22","slug":"lo-scorpione-dalla-coda-grassa","status":"publish","type":"product","link":"https:\/\/insektenliebe.com\/it\/shop\/prodotto\/lo-scorpione-dalla-coda-grassa\/","title":{"rendered":"Lo scorpione dalla coda grassa"},"content":{"rendered":"<div id=\"hikashop_product_bottom_part\" class=\"hikashop_product_bottom_part\">\n<div id=\"hikashop_product_description_main\" class=\"hikashop_product_description_main\">\n<h3><span class=\"s1\" style=\"color: #99cc33;\">Lo scorpione dalla coda grassa - Guida all&#8217;allevamento e alla riproduzione<\/span><\/h3>\n<p class=\"p1\"><strong><span class=\"s1\">Lo <\/span><\/strong><span class=\"s2\"><strong>scorpione dalla coda spessa<\/strong> (Androctonus australis)<\/span><span class=\"s1\">  \u00e8 una delle specie di scorpione pi\u00f9 conosciute dell&#8217;Africa. Allo stesso tempo, \u00e8 anche una delle specie di scorpioni pi\u00f9 conosciute in Africa.   <\/span><span class=\"s2\">gli scorpioni pi\u00f9 velenosi del continente<\/span><span class=\"s1\">. Molti documentari naturalistici sul Sahara mostrano questo imponente scorpione nella sua tipica posa minacciosa con il pungiglione velenoso in rilievo.<\/span><\/p>\n<p class=\"p1\"><span class=\"s1\">Questa specie viene spesso chiamata anche <\/span><span class=\"s2\">Scorpione nordafricano dalla coda spessa<\/span><span class=\"s1\"> o <\/span><span class=\"s2\">Scorpione sahariano dalla coda spessa<\/span><span class=\"s1\">  chiamato. Il suo aspetto sorprendente e il suo comportamento interessante suscitano grande interesse in molti terraristi. <\/span><\/p>\n<p class=\"p1\"><span class=\"s1\">In questo volume della serie <\/span><span class=\"s2\">\"Arte per l&#8217;arte\"<\/span><span class=\"s1\"> spiega <\/span><span class=\"s2\">Boris F. Striffler<\/span><span class=\"s1\">Cosa deve tenere a mente chi si prende cura di questi affascinanti animali. L&#8217;autore combina le conoscenze scientifiche con l&#8217;esperienza pratica nella gestione dei terrari e trasmette le nozioni di base pi\u00f9 importanti in modo comprensibile e pratico. <\/span><\/p>\n<p class=\"p1\"><span class=\"s1\">Il libro mostra innanzitutto quali <\/span><span class=\"s2\">terrario adatto<\/span><span class=\"s1\">  e come si pu\u00f2 allestire un terrario adatto al deserto. La guida descrive anche quali   <\/span><span class=\"s2\">l&#8217;attrezzatura tecnica ha senso<\/span><span class=\"s1\"> e come gli allevatori possono creare condizioni di allevamento stabili.<\/span><\/p>\n<p class=\"p1\"><span class=\"s1\">Il volume \u00e8 inoltre dedicato a <\/span><span class=\"s2\">alimentazione e cure adeguate alla specie<\/span><span class=\"s1\">  degli animali. I lettori impareranno a prendersi cura dei loro scorpioni in modo corretto e allo stesso tempo a evitare i tipici errori di allevamento. <\/span><\/p>\n<p class=\"p1\"><span class=\"s1\">Un&#8217;altra parte importante del libro riguarda l&#8217;allevamento di <\/span><span class=\"s2\">allevamento di Androctonus australis<\/span><span class=\"s1\">. L&#8217;autore spiega passo dopo passo come i proprietari possono far riprodurre i propri animali e come possono  <\/span><span class=\"s2\">Allevare giovani scorpioni con successo<\/span><span class=\"s1\">.<\/span><\/p>\n<p class=\"p1\"><span class=\"s1\">I libri della serie <\/span><span class=\"s2\">\"Arte per l&#8217;arte\"<\/span><span class=\"s1\">  Ogni volume presenta un animale da terrario in modo particolarmente dettagliato. Ogni volume offre istruzioni pratiche e dettagliate per la cura degli animali, in modo che i terrari possano leggere chiaramente tutte le informazioni importanti. <\/span><\/p>\n<p class=\"p1\"><span class=\"s1\">Il volume \u00e8 <\/span><span class=\"s2\">colorato, riccamente illustrato e strutturato in modo chiaro.<\/span><span class=\"s1\">. Questo libro offre ai lettori una visione facile da capire dell&#8217;affascinante mondo di questi impressionanti scorpioni.<\/span><\/p>\n<p class=\"p1\"><span class=\"s1\">Con questa guida riceverai una <\/span><span class=\"s2\">una guida completa su come tenere e allevare lo scorpione dalla coda grassa<\/span><span class=\"s1\">in modo che tu possa tenere questi straordinari animali in modo sicuro e con successo nel tuo terrario.<\/span><\/p>\n<ul class=\"unstyled\">\n<li><b>Autore<\/b> Boris F. Striffler<\/li>\n<li><b>Ambito di applicazione<\/b> 64 pagine<\/li>\n<li><b>Formato<\/b> 21 x 14,8 cm<\/li>\n<li><b>Copertina morbida<\/b> <\/li>\n<li><b>Illustrazioni<\/b> numerose illustrazioni<\/li>\n<li><b>ISBN<\/b> 978-3-937285-83-2<\/li>\n<\/ul>\n<\/div>\n<\/div>\n","protected":false},"excerpt":{"rendered":"<p>Lo scorpione dalla coda grassa - Guida all&#8217;allevamento e alla riproduzione Lo scorpione dalla coda spessa (Androctonus australis) \u00e8 una delle specie di scorpione pi\u00f9 conosciute dell&#8217;Africa. Allo stesso tempo, \u00e8 anche una delle specie di scorpioni pi\u00f9 conosciute in Africa. gli scorpioni pi\u00f9 velenosi del continente. Molti documentari naturalistici sul Sahara mostrano questo imponente [&hellip;]<\/p>\n","protected":false},"featured_media":188364,"template":"","meta":{"_acf_changed":false},"product-supplier":[],"product_brand":[],"product_cat":[2888],"product_tag":[],"lce-checkout-addons":[],"class_list":{"0":"post-188358","1":"product","2":"type-product","3":"status-publish","4":"has-post-thumbnail","6":"product_cat-merchandising-e-letteratura","7":"product_shipping_class-equipment-shipping","9":"first","10":"instock","11":"taxable","12":"shipping-taxable","13":"purchasable","14":"product-type-simple"},"acf":[],"yoast_head":"<!-- This site is optimized with the Yoast SEO plugin v27.3 - https:\/\/yoast.com\/product\/yoast-seo-wordpress\/ -->\n<title>Lo scorpione dalla coda grassa - Insektenliebe<\/title>\n<meta name=\"description\" content=\"Lo scorpione dalla coda spessa - Guida alla conservazione e all&#039;allevamento dell&#039;Androctonus australis nel terrario della serie &quot;Specie per specie&quot;.\" \/>\n<meta name=\"robots\" content=\"index, follow, max-snippet:-1, max-image-preview:large, max-video-preview:-1\" \/>\n<link rel=\"canonical\" href=\"https:\/\/insektenliebe.com\/it\/shop\/prodotto\/lo-scorpione-dalla-coda-grassa\/\" \/>\n<meta property=\"og:locale\" content=\"it_IT\" \/>\n<meta property=\"og:type\" content=\"article\" \/>\n<meta property=\"og:title\" content=\"Lo scorpione dalla coda grassa - Insektenliebe\" \/>\n<meta property=\"og:description\" content=\"Lo scorpione dalla coda spessa - Guida alla conservazione e all&#039;allevamento dell&#039;Androctonus australis nel terrario della serie &quot;Specie per specie&quot;.\" \/>\n<meta property=\"og:url\" content=\"https:\/\/insektenliebe.com\/it\/shop\/prodotto\/lo-scorpione-dalla-coda-grassa\/\" \/>\n<meta property=\"og:site_name\" content=\"Insektenliebe\" \/>\n<meta property=\"article:modified_time\" content=\"2026-03-09T19:15:22+00:00\" \/>\n<meta property=\"og:image\" content=\"https:\/\/insektenliebe.com\/wp-content\/uploads\/2025\/11\/Der-Dickschwanzskorpion.jpg\" \/>\n\t<meta property=\"og:image:width\" content=\"820\" \/>\n\t<meta property=\"og:image:height\" content=\"820\" \/>\n\t<meta property=\"og:image:type\" content=\"image\/jpeg\" \/>\n<meta name=\"twitter:card\" content=\"summary_large_image\" \/>\n<meta name=\"twitter:label1\" content=\"Tempo di lettura stimato\" \/>\n\t<meta name=\"twitter:data1\" content=\"2 minuto\" \/>\n<script type=\"application\/ld+json\" class=\"yoast-schema-graph\">{\"@context\":\"https:\\\/\\\/schema.org\",\"@graph\":[{\"@type\":\"WebPage\",\"@id\":\"https:\\\/\\\/insektenliebe.com\\\/it\\\/shop\\\/prodotto\\\/lo-scorpione-dalla-coda-grassa\\\/\",\"url\":\"https:\\\/\\\/insektenliebe.com\\\/it\\\/shop\\\/prodotto\\\/lo-scorpione-dalla-coda-grassa\\\/\",\"name\":\"Lo scorpione dalla coda grassa - Insektenliebe\",\"isPartOf\":{\"@id\":\"https:\\\/\\\/insektenliebe.com\\\/it\\\/#website\"},\"primaryImageOfPage\":{\"@id\":\"https:\\\/\\\/insektenliebe.com\\\/it\\\/shop\\\/prodotto\\\/lo-scorpione-dalla-coda-grassa\\\/#primaryimage\"},\"image\":{\"@id\":\"https:\\\/\\\/insektenliebe.com\\\/it\\\/shop\\\/prodotto\\\/lo-scorpione-dalla-coda-grassa\\\/#primaryimage\"},\"thumbnailUrl\":\"https:\\\/\\\/insektenliebe.com\\\/wp-content\\\/uploads\\\/2025\\\/11\\\/Der-Dickschwanzskorpion.jpg\",\"datePublished\":\"2024-11-08T17:18:44+00:00\",\"dateModified\":\"2026-03-09T19:15:22+00:00\",\"description\":\"Lo scorpione dalla coda spessa - Guida alla conservazione e all'allevamento dell'Androctonus australis nel terrario della serie \\\"Specie per specie\\\".\",\"breadcrumb\":{\"@id\":\"https:\\\/\\\/insektenliebe.com\\\/it\\\/shop\\\/prodotto\\\/lo-scorpione-dalla-coda-grassa\\\/#breadcrumb\"},\"inLanguage\":\"it-IT\",\"potentialAction\":[{\"@type\":\"ReadAction\",\"target\":[\"https:\\\/\\\/insektenliebe.com\\\/it\\\/shop\\\/prodotto\\\/lo-scorpione-dalla-coda-grassa\\\/\"]}]},{\"@type\":\"ImageObject\",\"inLanguage\":\"it-IT\",\"@id\":\"https:\\\/\\\/insektenliebe.com\\\/it\\\/shop\\\/prodotto\\\/lo-scorpione-dalla-coda-grassa\\\/#primaryimage\",\"url\":\"https:\\\/\\\/insektenliebe.com\\\/wp-content\\\/uploads\\\/2025\\\/11\\\/Der-Dickschwanzskorpion.jpg\",\"contentUrl\":\"https:\\\/\\\/insektenliebe.com\\\/wp-content\\\/uploads\\\/2025\\\/11\\\/Der-Dickschwanzskorpion.jpg\",\"width\":820,\"height\":820,\"caption\":\"Lo scorpione dalla coda grassa\"},{\"@type\":\"BreadcrumbList\",\"@id\":\"https:\\\/\\\/insektenliebe.com\\\/it\\\/shop\\\/prodotto\\\/lo-scorpione-dalla-coda-grassa\\\/#breadcrumb\",\"itemListElement\":[{\"@type\":\"ListItem\",\"position\":1,\"name\":\"Startseite\",\"item\":\"https:\\\/\\\/insektenliebe.com\\\/it\\\/\"},{\"@type\":\"ListItem\",\"position\":2,\"name\":\"Negozio\",\"item\":\"https:\\\/\\\/insektenliebe.com\\\/it\\\/negozio\\\/\"},{\"@type\":\"ListItem\",\"position\":3,\"name\":\"Lo scorpione dalla coda grassa\"}]},{\"@type\":\"WebSite\",\"@id\":\"https:\\\/\\\/insektenliebe.com\\\/it\\\/#website\",\"url\":\"https:\\\/\\\/insektenliebe.com\\\/it\\\/\",\"name\":\"Insektenliebe\",\"description\":\"Dein Zuhause f\u00fcr die kleinen Lebewesen\",\"publisher\":{\"@id\":\"https:\\\/\\\/insektenliebe.com\\\/it\\\/#organization\"},\"potentialAction\":[{\"@type\":\"SearchAction\",\"target\":{\"@type\":\"EntryPoint\",\"urlTemplate\":\"https:\\\/\\\/insektenliebe.com\\\/it\\\/?s={search_term_string}\"},\"query-input\":{\"@type\":\"PropertyValueSpecification\",\"valueRequired\":true,\"valueName\":\"search_term_string\"}}],\"inLanguage\":\"it-IT\"},{\"@type\":\"Organization\",\"@id\":\"https:\\\/\\\/insektenliebe.com\\\/it\\\/#organization\",\"name\":\"Insektenliebe\",\"url\":\"https:\\\/\\\/insektenliebe.com\\\/it\\\/\",\"logo\":{\"@type\":\"ImageObject\",\"inLanguage\":\"it-IT\",\"@id\":\"https:\\\/\\\/insektenliebe.com\\\/it\\\/#\\\/schema\\\/logo\\\/image\\\/\",\"url\":\"https:\\\/\\\/insektenliebe.com\\\/wp-content\\\/uploads\\\/2025\\\/03\\\/logo-white.png\",\"contentUrl\":\"https:\\\/\\\/insektenliebe.com\\\/wp-content\\\/uploads\\\/2025\\\/03\\\/logo-white.png\",\"width\":288,\"height\":188,\"caption\":\"Insektenliebe\"},\"image\":{\"@id\":\"https:\\\/\\\/insektenliebe.com\\\/it\\\/#\\\/schema\\\/logo\\\/image\\\/\"}}]}<\/script>\n<!-- \/ Yoast SEO plugin. -->","yoast_head_json":{"title":"Lo scorpione dalla coda grassa - Insektenliebe","description":"Lo scorpione dalla coda spessa - Guida alla conservazione e all'allevamento dell'Androctonus australis nel terrario della serie \"Specie per specie\".","robots":{"index":"index","follow":"follow","max-snippet":"max-snippet:-1","max-image-preview":"max-image-preview:large","max-video-preview":"max-video-preview:-1"},"canonical":"https:\/\/insektenliebe.com\/it\/shop\/prodotto\/lo-scorpione-dalla-coda-grassa\/","og_locale":"it_IT","og_type":"article","og_title":"Lo scorpione dalla coda grassa - Insektenliebe","og_description":"Lo scorpione dalla coda spessa - Guida alla conservazione e all'allevamento dell'Androctonus australis nel terrario della serie \"Specie per specie\".","og_url":"https:\/\/insektenliebe.com\/it\/shop\/prodotto\/lo-scorpione-dalla-coda-grassa\/","og_site_name":"Insektenliebe","article_modified_time":"2026-03-09T19:15:22+00:00","og_image":[{"width":820,"height":820,"url":"https:\/\/insektenliebe.com\/wp-content\/uploads\/2025\/11\/Der-Dickschwanzskorpion.jpg","type":"image\/jpeg"}],"twitter_card":"summary_large_image","twitter_misc":{"Tempo di lettura stimato":"2 minuto"},"schema":{"@context":"https:\/\/schema.org","@graph":[{"@type":"WebPage","@id":"https:\/\/insektenliebe.com\/it\/shop\/prodotto\/lo-scorpione-dalla-coda-grassa\/","url":"https:\/\/insektenliebe.com\/it\/shop\/prodotto\/lo-scorpione-dalla-coda-grassa\/","name":"Lo scorpione dalla coda grassa - Insektenliebe","isPartOf":{"@id":"https:\/\/insektenliebe.com\/it\/#website"},"primaryImageOfPage":{"@id":"https:\/\/insektenliebe.com\/it\/shop\/prodotto\/lo-scorpione-dalla-coda-grassa\/#primaryimage"},"image":{"@id":"https:\/\/insektenliebe.com\/it\/shop\/prodotto\/lo-scorpione-dalla-coda-grassa\/#primaryimage"},"thumbnailUrl":"https:\/\/insektenliebe.com\/wp-content\/uploads\/2025\/11\/Der-Dickschwanzskorpion.jpg","datePublished":"2024-11-08T17:18:44+00:00","dateModified":"2026-03-09T19:15:22+00:00","description":"Lo scorpione dalla coda spessa - Guida alla conservazione e all'allevamento dell'Androctonus australis nel terrario della serie \"Specie per specie\".","breadcrumb":{"@id":"https:\/\/insektenliebe.com\/it\/shop\/prodotto\/lo-scorpione-dalla-coda-grassa\/#breadcrumb"},"inLanguage":"it-IT","potentialAction":[{"@type":"ReadAction","target":["https:\/\/insektenliebe.com\/it\/shop\/prodotto\/lo-scorpione-dalla-coda-grassa\/"]}]},{"@type":"ImageObject","inLanguage":"it-IT","@id":"https:\/\/insektenliebe.com\/it\/shop\/prodotto\/lo-scorpione-dalla-coda-grassa\/#primaryimage","url":"https:\/\/insektenliebe.com\/wp-content\/uploads\/2025\/11\/Der-Dickschwanzskorpion.jpg","contentUrl":"https:\/\/insektenliebe.com\/wp-content\/uploads\/2025\/11\/Der-Dickschwanzskorpion.jpg","width":820,"height":820,"caption":"Lo scorpione dalla coda grassa"},{"@type":"BreadcrumbList","@id":"https:\/\/insektenliebe.com\/it\/shop\/prodotto\/lo-scorpione-dalla-coda-grassa\/#breadcrumb","itemListElement":[{"@type":"ListItem","position":1,"name":"Startseite","item":"https:\/\/insektenliebe.com\/it\/"},{"@type":"ListItem","position":2,"name":"Negozio","item":"https:\/\/insektenliebe.com\/it\/negozio\/"},{"@type":"ListItem","position":3,"name":"Lo scorpione dalla coda grassa"}]},{"@type":"WebSite","@id":"https:\/\/insektenliebe.com\/it\/#website","url":"https:\/\/insektenliebe.com\/it\/","name":"Insektenliebe","description":"Dein Zuhause f\u00fcr die kleinen Lebewesen","publisher":{"@id":"https:\/\/insektenliebe.com\/it\/#organization"},"potentialAction":[{"@type":"SearchAction","target":{"@type":"EntryPoint","urlTemplate":"https:\/\/insektenliebe.com\/it\/?s={search_term_string}"},"query-input":{"@type":"PropertyValueSpecification","valueRequired":true,"valueName":"search_term_string"}}],"inLanguage":"it-IT"},{"@type":"Organization","@id":"https:\/\/insektenliebe.com\/it\/#organization","name":"Insektenliebe","url":"https:\/\/insektenliebe.com\/it\/","logo":{"@type":"ImageObject","inLanguage":"it-IT","@id":"https:\/\/insektenliebe.com\/it\/#\/schema\/logo\/image\/","url":"https:\/\/insektenliebe.com\/wp-content\/uploads\/2025\/03\/logo-white.png","contentUrl":"https:\/\/insektenliebe.com\/wp-content\/uploads\/2025\/03\/logo-white.png","width":288,"height":188,"caption":"Insektenliebe"},"image":{"@id":"https:\/\/insektenliebe.com\/it\/#\/schema\/logo\/image\/"}}]}},"_links":{"self":[{"href":"https:\/\/insektenliebe.com\/it\/wp-json\/wp\/v2\/product\/188358","targetHints":{"allow":["GET"]}}],"collection":[{"href":"https:\/\/insektenliebe.com\/it\/wp-json\/wp\/v2\/product"}],"about":[{"href":"https:\/\/insektenliebe.com\/it\/wp-json\/wp\/v2\/types\/product"}],"wp:featuredmedia":[{"embeddable":true,"href":"https:\/\/insektenliebe.com\/it\/wp-json\/wp\/v2\/media\/188364"}],"wp:attachment":[{"href":"https:\/\/insektenliebe.com\/it\/wp-json\/wp\/v2\/media?parent=188358"}],"wp:term":[{"taxonomy":"product-supplier","embeddable":true,"href":"https:\/\/insektenliebe.com\/it\/wp-json\/wp\/v2\/product-supplier?post=188358"},{"taxonomy":"product_brand","embeddable":true,"href":"https:\/\/insektenliebe.com\/it\/wp-json\/wp\/v2\/product_brand?post=188358"},{"taxonomy":"product_cat","embeddable":true,"href":"https:\/\/insektenliebe.com\/it\/wp-json\/wp\/v2\/product_cat?post=188358"},{"taxonomy":"product_tag","embeddable":true,"href":"https:\/\/insektenliebe.com\/it\/wp-json\/wp\/v2\/product_tag?post=188358"},{"taxonomy":"lce-checkout-addons","embeddable":true,"href":"https:\/\/insektenliebe.com\/it\/wp-json\/wp\/v2\/lce-checkout-addons?post=188358"}],"curies":[{"name":"wp","href":"https:\/\/api.w.org\/{rel}","templated":true}]}}