{"id":188347,"date":"2025-12-26T18:36:30","date_gmt":"2025-12-26T17:36:30","guid":{"rendered":"https:\/\/insektenliebe.com\/shop\/produkt\/harpactira-namaquensis\/"},"modified":"2026-03-06T18:24:44","modified_gmt":"2026-03-06T17:24:44","slug":"harpactira-namaquensis","status":"publish","type":"product","link":"https:\/\/insektenliebe.com\/it\/shop\/prodotto\/harpactira-namaquensis\/","title":{"rendered":"Harpactira namaquensis"},"content":{"rendered":"<h3 class=\"p1\"><span style=\"color: #99cc33;\"><strong><span class=\"s1\">Contrasti dorati e carattere tranquillo: Harpactira namaquensis<\/span><\/strong><\/span><\/h3>\n<p class=\"p1\"><strong><span class=\"s1\">Harpactira namaquensis<\/span><\/strong><span class=\"s2\">  \u00e8 originaria delle regioni aride del Sudafrica ed \u00e8 una delle specie pi\u00f9 affascinanti del gruppo Harpactira. Presenta una meravigliosa combinazione di colori caldi e terrosi, riflessi dorati e vistose bande sulle zampe. Questo le conferisce un aspetto elegante e robusto allo stesso tempo. Il suo aspetto si adatta perfettamente alla sua origine, poich\u00e9 vive in paesaggi aperti e caldi dove la luce e la sabbia creano forti contrasti.   <\/span><\/p>\n<p class=\"p1\"><span class=\"s2\">Nel terrario <strong><span class=\"s1\">Harpactira namaquensis<\/span><\/strong><\/span><span class=\"s2\">  un comportamento calmo ma curioso. Scava regolarmente e organizza il suo territorio con grande abilit\u00e0. Nel farlo, crea brevi tubi o piccole tane, che ama foderare con sottili ragnatele. Anche se vive a terra, spesso utilizza strutture rialzate come radici o pietre per avere una visione d&#8217;insieme. Questo significa che pu\u00f2 essere osservato con una certa frequenza, cosa che molti allevatori apprezzano particolarmente.    <\/span><\/p>\n<p class=\"p1\"><span class=\"s2\">Un terrario di almeno 30 \u00d7 30 \u00d7 30 cm offre uno spazio sufficiente. L&#8217;ideale \u00e8 un substrato che possa essere scavato, di cui due terzi possano rimanere asciutti. Un angolo pu\u00f2 essere leggermente inumidito regolarmente per creare un microclima stabile. Le temperature dovrebbero essere comprese tra i 25 e i 28 \u00b0C durante il giorno. Di notte \u00e8 sufficiente che scendano a 20-22 \u00b0C. Poich\u00e9 la specie \u00e8 originaria di regioni secche, \u00e8 sufficiente un&#8217;umidit\u00e0 moderata. La combinazione di aree secche e zone pi\u00f9 umide permette al ragno di scegliere il suo luogo preferito.      <\/span><\/p>\n<p class=\"p1\"><span class=\"s2\"><strong><span class=\"s1\">Harpactira namaquensis<\/span><\/strong> mangia in modo affidabile e accetta senza problemi scarafaggi, grilli e ciccioli. Caccia attivamente e mostra una buona reattivit\u00e0. Nonostante la sua energia, tende a rimanere calma quando viene maneggiata e raramente mostra aggressivit\u00e0. Tuttavia, \u00e8 necessario prestare attenzione perch\u00e9 le specie sudafricane possono reagire rapidamente.   <\/span><\/p>\n<p class=\"p1\"><span class=\"s2\">Il suo aspetto, la sua natura stabile e il suo interessante comportamento di scavo rendono questa specie la scelta ideale per chi cerca una tarantola decorativa, facile da curare e attiva. <strong><span class=\"s1\">Harpactira namaquensis<\/span><\/strong><\/span><span class=\"s2\"> porta il fascino dei paesaggi desertici sudafricani direttamente nel terrario e rimane quindi una vera specialit\u00e0 nell&#8217;hobby.<\/span><\/p>\n","protected":false},"excerpt":{"rendered":"<p>Contrasti dorati e carattere tranquillo: Harpactira namaquensis Harpactira namaquensis \u00e8 originaria delle regioni aride del Sudafrica ed \u00e8 una delle specie pi\u00f9 affascinanti del gruppo Harpactira. Presenta una meravigliosa combinazione di colori caldi e terrosi, riflessi dorati e vistose bande sulle zampe. Questo le conferisce un aspetto elegante e robusto allo stesso tempo. Il suo [&hellip;]<\/p>\n","protected":false},"featured_media":188156,"template":"","meta":{"_acf_changed":false},"product-supplier":[],"product_brand":[],"product_cat":[3004],"product_tag":[],"lce-checkout-addons":[2746],"class_list":{"0":"post-188347","1":"product","2":"type-product","3":"status-publish","4":"has-post-thumbnail","6":"product_cat-tarantole","7":"product_shipping_class-spedizione-di-animali","8":"pa_geschlecht-donna","9":"pa_geschlecht-indeterminato","10":"pa_geschlecht-uomo","11":"pa_herkunft-sudafrica","12":"pa_kontinent-africa","13":"lce-checkout-addons-imballaggio-invernale","15":"first","16":"instock","17":"taxable","18":"shipping-taxable","19":"purchasable","20":"product-type-variable"},"acf":[],"yoast_head":"<!-- This site is optimized with the Yoast SEO Premium plugin v26.8 (Yoast SEO v27.3) - https:\/\/yoast.com\/product\/yoast-seo-premium-wordpress\/ -->\n<title>Harpactira namaquensis - Insektenliebe<\/title>\n<meta name=\"description\" content=\"Harpactira namaquensis - tarantola tranquilla e colorata proveniente dal Sudafrica. Scavatrice, attiva e ideale per gli allevatori che amano le specie robuste.\" \/>\n<meta name=\"robots\" content=\"index, follow, max-snippet:-1, max-image-preview:large, max-video-preview:-1\" \/>\n<link rel=\"canonical\" href=\"https:\/\/insektenliebe.com\/it\/shop\/prodotto\/harpactira-namaquensis\/\" \/>\n<meta property=\"og:locale\" content=\"it_IT\" \/>\n<meta property=\"og:type\" content=\"article\" \/>\n<meta property=\"og:title\" content=\"Harpactira namaquensis\" \/>\n<meta property=\"og:description\" content=\"Harpactira namaquensis - tarantola tranquilla e colorata proveniente dal Sudafrica. Scavatrice, attiva e ideale per gli allevatori che amano le specie robuste.\" \/>\n<meta property=\"og:url\" content=\"https:\/\/insektenliebe.com\/it\/shop\/prodotto\/harpactira-namaquensis\/\" \/>\n<meta property=\"og:site_name\" content=\"Insektenliebe\" \/>\n<meta property=\"article:modified_time\" content=\"2026-03-06T17:24:44+00:00\" \/>\n<meta property=\"og:image\" content=\"https:\/\/insektenliebe.com\/wp-content\/uploads\/2025\/12\/Harpactira-namaquensis.jpg\" \/>\n\t<meta property=\"og:image:width\" content=\"820\" \/>\n\t<meta property=\"og:image:height\" content=\"820\" \/>\n\t<meta property=\"og:image:type\" content=\"image\/jpeg\" \/>\n<meta name=\"twitter:card\" content=\"summary_large_image\" \/>\n<meta name=\"twitter:label1\" content=\"Disponibilit\u00e0\" \/>\n\t<meta name=\"twitter:data1\" content=\"In stock\" \/>\n<script type=\"application\/ld+json\" class=\"yoast-schema-graph\">{\"@context\":\"https:\\\/\\\/schema.org\",\"@graph\":[{\"@type\":\"WebPage\",\"@id\":\"https:\\\/\\\/insektenliebe.com\\\/it\\\/shop\\\/prodotto\\\/harpactira-namaquensis\\\/\",\"url\":\"https:\\\/\\\/insektenliebe.com\\\/it\\\/shop\\\/prodotto\\\/harpactira-namaquensis\\\/\",\"name\":\"Harpactira namaquensis - Insektenliebe\",\"isPartOf\":{\"@id\":\"https:\\\/\\\/insektenliebe.com\\\/it\\\/#website\"},\"primaryImageOfPage\":{\"@id\":\"https:\\\/\\\/insektenliebe.com\\\/it\\\/shop\\\/prodotto\\\/harpactira-namaquensis\\\/#primaryimage\"},\"image\":{\"@id\":\"https:\\\/\\\/insektenliebe.com\\\/it\\\/shop\\\/prodotto\\\/harpactira-namaquensis\\\/#primaryimage\"},\"thumbnailUrl\":\"https:\\\/\\\/insektenliebe.com\\\/wp-content\\\/uploads\\\/2025\\\/12\\\/Harpactira-namaquensis.jpg\",\"datePublished\":\"2025-12-26T17:36:30+00:00\",\"dateModified\":\"2026-03-06T17:24:44+00:00\",\"description\":\"Harpactira namaquensis - tarantola tranquilla e colorata proveniente dal Sudafrica. Scavatrice, attiva e ideale per gli allevatori che amano le specie robuste.\",\"breadcrumb\":{\"@id\":\"https:\\\/\\\/insektenliebe.com\\\/it\\\/shop\\\/prodotto\\\/harpactira-namaquensis\\\/#breadcrumb\"},\"inLanguage\":\"it-IT\",\"potentialAction\":[{\"@type\":\"ReadAction\",\"target\":[\"https:\\\/\\\/insektenliebe.com\\\/it\\\/shop\\\/prodotto\\\/harpactira-namaquensis\\\/\"]}]},{\"@type\":\"ImageObject\",\"inLanguage\":\"it-IT\",\"@id\":\"https:\\\/\\\/insektenliebe.com\\\/it\\\/shop\\\/prodotto\\\/harpactira-namaquensis\\\/#primaryimage\",\"url\":\"https:\\\/\\\/insektenliebe.com\\\/wp-content\\\/uploads\\\/2025\\\/12\\\/Harpactira-namaquensis.jpg\",\"contentUrl\":\"https:\\\/\\\/insektenliebe.com\\\/wp-content\\\/uploads\\\/2025\\\/12\\\/Harpactira-namaquensis.jpg\",\"width\":820,\"height\":820,\"caption\":\"Harpactira namaquensis\"},{\"@type\":\"BreadcrumbList\",\"@id\":\"https:\\\/\\\/insektenliebe.com\\\/it\\\/shop\\\/prodotto\\\/harpactira-namaquensis\\\/#breadcrumb\",\"itemListElement\":[{\"@type\":\"ListItem\",\"position\":1,\"name\":\"Startseite\",\"item\":\"https:\\\/\\\/insektenliebe.com\\\/it\\\/\"},{\"@type\":\"ListItem\",\"position\":2,\"name\":\"Negozio\",\"item\":\"https:\\\/\\\/insektenliebe.com\\\/it\\\/negozio\\\/\"},{\"@type\":\"ListItem\",\"position\":3,\"name\":\"Harpactira namaquensis\"}]},{\"@type\":\"WebSite\",\"@id\":\"https:\\\/\\\/insektenliebe.com\\\/it\\\/#website\",\"url\":\"https:\\\/\\\/insektenliebe.com\\\/it\\\/\",\"name\":\"Insektenliebe\",\"description\":\"Dein Zuhause f\u00fcr die kleinen Lebewesen\",\"publisher\":{\"@id\":\"https:\\\/\\\/insektenliebe.com\\\/it\\\/#organization\"},\"potentialAction\":[{\"@type\":\"SearchAction\",\"target\":{\"@type\":\"EntryPoint\",\"urlTemplate\":\"https:\\\/\\\/insektenliebe.com\\\/it\\\/?s={search_term_string}\"},\"query-input\":{\"@type\":\"PropertyValueSpecification\",\"valueRequired\":true,\"valueName\":\"search_term_string\"}}],\"inLanguage\":\"it-IT\"},{\"@type\":\"Organization\",\"@id\":\"https:\\\/\\\/insektenliebe.com\\\/it\\\/#organization\",\"name\":\"Insektenliebe\",\"url\":\"https:\\\/\\\/insektenliebe.com\\\/it\\\/\",\"logo\":{\"@type\":\"ImageObject\",\"inLanguage\":\"it-IT\",\"@id\":\"https:\\\/\\\/insektenliebe.com\\\/it\\\/#\\\/schema\\\/logo\\\/image\\\/\",\"url\":\"https:\\\/\\\/insektenliebe.com\\\/wp-content\\\/uploads\\\/2025\\\/03\\\/logo-white.png\",\"contentUrl\":\"https:\\\/\\\/insektenliebe.com\\\/wp-content\\\/uploads\\\/2025\\\/03\\\/logo-white.png\",\"width\":288,\"height\":188,\"caption\":\"Insektenliebe\"},\"image\":{\"@id\":\"https:\\\/\\\/insektenliebe.com\\\/it\\\/#\\\/schema\\\/logo\\\/image\\\/\"}}]}<\/script>\n<meta property=\"og:availability\" content=\"instock\" \/>\n<meta property=\"product:availability\" content=\"instock\" \/>\n<meta property=\"product:retailer_item_id\" content=\"786\" \/>\n<meta property=\"product:condition\" content=\"new\" \/>\n<!-- \/ Yoast SEO Premium plugin. -->","yoast_head_json":{"title":"Harpactira namaquensis - Insektenliebe","description":"Harpactira namaquensis - tarantola tranquilla e colorata proveniente dal Sudafrica. Scavatrice, attiva e ideale per gli allevatori che amano le specie robuste.","robots":{"index":"index","follow":"follow","max-snippet":"max-snippet:-1","max-image-preview":"max-image-preview:large","max-video-preview":"max-video-preview:-1"},"canonical":"https:\/\/insektenliebe.com\/it\/shop\/prodotto\/harpactira-namaquensis\/","og_locale":"it_IT","og_type":"article","og_title":"Harpactira namaquensis","og_description":"Harpactira namaquensis - tarantola tranquilla e colorata proveniente dal Sudafrica. Scavatrice, attiva e ideale per gli allevatori che amano le specie robuste.","og_url":"https:\/\/insektenliebe.com\/it\/shop\/prodotto\/harpactira-namaquensis\/","og_site_name":"Insektenliebe","article_modified_time":"2026-03-06T17:24:44+00:00","og_image":[{"width":820,"height":820,"url":"https:\/\/insektenliebe.com\/wp-content\/uploads\/2025\/12\/Harpactira-namaquensis.jpg","type":"image\/jpeg"}],"twitter_card":"summary_large_image","twitter_misc":{"Disponibilit\u00e0":"In stock"},"schema":{"@context":"https:\/\/schema.org","@graph":[{"@type":"WebPage","@id":"https:\/\/insektenliebe.com\/it\/shop\/prodotto\/harpactira-namaquensis\/","url":"https:\/\/insektenliebe.com\/it\/shop\/prodotto\/harpactira-namaquensis\/","name":"Harpactira namaquensis - Insektenliebe","isPartOf":{"@id":"https:\/\/insektenliebe.com\/it\/#website"},"primaryImageOfPage":{"@id":"https:\/\/insektenliebe.com\/it\/shop\/prodotto\/harpactira-namaquensis\/#primaryimage"},"image":{"@id":"https:\/\/insektenliebe.com\/it\/shop\/prodotto\/harpactira-namaquensis\/#primaryimage"},"thumbnailUrl":"https:\/\/insektenliebe.com\/wp-content\/uploads\/2025\/12\/Harpactira-namaquensis.jpg","datePublished":"2025-12-26T17:36:30+00:00","dateModified":"2026-03-06T17:24:44+00:00","description":"Harpactira namaquensis - tarantola tranquilla e colorata proveniente dal Sudafrica. Scavatrice, attiva e ideale per gli allevatori che amano le specie robuste.","breadcrumb":{"@id":"https:\/\/insektenliebe.com\/it\/shop\/prodotto\/harpactira-namaquensis\/#breadcrumb"},"inLanguage":"it-IT","potentialAction":[{"@type":"ReadAction","target":["https:\/\/insektenliebe.com\/it\/shop\/prodotto\/harpactira-namaquensis\/"]}]},{"@type":"ImageObject","inLanguage":"it-IT","@id":"https:\/\/insektenliebe.com\/it\/shop\/prodotto\/harpactira-namaquensis\/#primaryimage","url":"https:\/\/insektenliebe.com\/wp-content\/uploads\/2025\/12\/Harpactira-namaquensis.jpg","contentUrl":"https:\/\/insektenliebe.com\/wp-content\/uploads\/2025\/12\/Harpactira-namaquensis.jpg","width":820,"height":820,"caption":"Harpactira namaquensis"},{"@type":"BreadcrumbList","@id":"https:\/\/insektenliebe.com\/it\/shop\/prodotto\/harpactira-namaquensis\/#breadcrumb","itemListElement":[{"@type":"ListItem","position":1,"name":"Startseite","item":"https:\/\/insektenliebe.com\/it\/"},{"@type":"ListItem","position":2,"name":"Negozio","item":"https:\/\/insektenliebe.com\/it\/negozio\/"},{"@type":"ListItem","position":3,"name":"Harpactira namaquensis"}]},{"@type":"WebSite","@id":"https:\/\/insektenliebe.com\/it\/#website","url":"https:\/\/insektenliebe.com\/it\/","name":"Insektenliebe","description":"Dein Zuhause f\u00fcr die kleinen Lebewesen","publisher":{"@id":"https:\/\/insektenliebe.com\/it\/#organization"},"potentialAction":[{"@type":"SearchAction","target":{"@type":"EntryPoint","urlTemplate":"https:\/\/insektenliebe.com\/it\/?s={search_term_string}"},"query-input":{"@type":"PropertyValueSpecification","valueRequired":true,"valueName":"search_term_string"}}],"inLanguage":"it-IT"},{"@type":"Organization","@id":"https:\/\/insektenliebe.com\/it\/#organization","name":"Insektenliebe","url":"https:\/\/insektenliebe.com\/it\/","logo":{"@type":"ImageObject","inLanguage":"it-IT","@id":"https:\/\/insektenliebe.com\/it\/#\/schema\/logo\/image\/","url":"https:\/\/insektenliebe.com\/wp-content\/uploads\/2025\/03\/logo-white.png","contentUrl":"https:\/\/insektenliebe.com\/wp-content\/uploads\/2025\/03\/logo-white.png","width":288,"height":188,"caption":"Insektenliebe"},"image":{"@id":"https:\/\/insektenliebe.com\/it\/#\/schema\/logo\/image\/"}}]},"og_availability":"instock","product_availability":"instock","product_retailer_item_id":"786","product_condition":"new"},"_links":{"self":[{"href":"https:\/\/insektenliebe.com\/it\/wp-json\/wp\/v2\/product\/188347","targetHints":{"allow":["GET"]}}],"collection":[{"href":"https:\/\/insektenliebe.com\/it\/wp-json\/wp\/v2\/product"}],"about":[{"href":"https:\/\/insektenliebe.com\/it\/wp-json\/wp\/v2\/types\/product"}],"wp:featuredmedia":[{"embeddable":true,"href":"https:\/\/insektenliebe.com\/it\/wp-json\/wp\/v2\/media\/188156"}],"wp:attachment":[{"href":"https:\/\/insektenliebe.com\/it\/wp-json\/wp\/v2\/media?parent=188347"}],"wp:term":[{"taxonomy":"product-supplier","embeddable":true,"href":"https:\/\/insektenliebe.com\/it\/wp-json\/wp\/v2\/product-supplier?post=188347"},{"taxonomy":"product_brand","embeddable":true,"href":"https:\/\/insektenliebe.com\/it\/wp-json\/wp\/v2\/product_brand?post=188347"},{"taxonomy":"product_cat","embeddable":true,"href":"https:\/\/insektenliebe.com\/it\/wp-json\/wp\/v2\/product_cat?post=188347"},{"taxonomy":"product_tag","embeddable":true,"href":"https:\/\/insektenliebe.com\/it\/wp-json\/wp\/v2\/product_tag?post=188347"},{"taxonomy":"lce-checkout-addons","embeddable":true,"href":"https:\/\/insektenliebe.com\/it\/wp-json\/wp\/v2\/lce-checkout-addons?post=188347"}],"curies":[{"name":"wp","href":"https:\/\/api.w.org\/{rel}","templated":true}]}}