{"id":188323,"date":"2026-01-15T15:24:35","date_gmt":"2026-01-15T14:24:35","guid":{"rendered":"https:\/\/insektenliebe.com\/shop\/produkt\/pompa-a-membrana-collare-apump\/"},"modified":"2026-01-15T15:24:35","modified_gmt":"2026-01-15T14:24:35","slug":"pompa-a-membrana-collare-apump","status":"publish","type":"product","link":"https:\/\/insektenliebe.com\/it\/shop\/prodotto\/pompa-a-membrana-collare-apump\/","title":{"rendered":"Pompa a membrana Collare aPUMP"},"content":{"rendered":"<h3 class=\"p1\"><span style=\"color: #99cc33;\"><strong><span class=\"s1\">Pompa a membrana Collar aPUMP - La soluzione silenziosa per acquari e zone con acqua limpida<\/span><\/strong><\/span><\/h3>\n<p class=\"p1\"><span class=\"s1\">La <strong>pompa a membrana <\/strong><\/span><strong><span class=\"s2\">Collar aPUMP<\/span><\/strong><span class=\"s1\"> \u00e8 una delle pi\u00f9 compatte e silenziose del suo genere. \u00c8 stata sviluppata sia per i <\/span><span class=\"s2\">paludari<\/span><span class=\"s1\">, <\/span><span class=\"s2\">aree d&#8217;acqua specifiche per terrari<\/span><span class=\"s1\"> cos\u00ec come per <\/span><span class=\"s2\">acquari fino a 100 litri<\/span><span class=\"s1\">  in modo affidabile con l&#8217;ossigeno. Grazie al suo design intelligente, si inserisce in modo discreto in qualsiasi progetto quasi naturale. Soprattutto nelle foreste pluviali e nelle paludi, garantisce il movimento dell&#8217;acqua, evitando il ristagno e favorendo i microrganismi. Allo stesso tempo, pesci, gamberi e altri abitanti dell&#8217;acquario beneficiano di un apporto stabile di ossigeno.   <\/span><\/p>\n<p class=\"p1\"><span class=\"s1\">Il <\/span><span class=\"s2\">magnete aPUMP<\/span><span class=\"s1\">  \u00e8 perfetto per i paludari in cui la tecnologia deve rimanere il pi\u00f9 possibile invisibile. \u00c8 sufficiente attaccarli alla parete di vetro con dei magneti, esattamente nel punto in cui ti serve. In questo modo, il ripiano o il mobile di base rimangono liberi. Con le sue potenti prestazioni, crea colonne d&#8217;acqua fino a     <\/span><span class=\"s2\">80 cm<\/span><span class=\"s1\">  e quindi alimenta in modo affidabile anche i paludari pi\u00f9 alti. Funziona con   <\/span><span class=\"s2\">3 Watt<\/span><span class=\"s1\">ma rimane comunque piacevolmente silenzioso. Nel set troverai un   <\/span><span class=\"s2\">Tubo in silicone da 1,5 m<\/span><span class=\"s1\"> e una <\/span><span class=\"s2\">pietra diffusore<\/span><span class=\"s1\">in modo da poter iniziare subito a lavorare.<\/span><\/p>\n<p class=\"p1\"><span class=\"s1\">Il <\/span><span class=\"s2\">aPUMP Normale<\/span><span class=\"s1\">  \u00e8 la scelta giusta se preferisci una configurazione particolarmente silenziosa. Con solo   <\/span><span class=\"s2\">35 dB<\/span><span class=\"s1\">  \u00e8 una delle pompe pi\u00f9 silenziose della sua categoria. \u00c8 fissata con una ventosa, quindi rimane piacevolmente stabile ed \u00e8 ideale per le sezioni d&#8217;acqua pi\u00f9 piccole nei terrari o negli acquari compatti. Con solo    <\/span><span class=\"s2\">1,5 watt<\/span><span class=\"s1\"> lavora in modo molto efficiente dal punto di vista energetico e riesce a gestire vasche fino a <\/span><span class=\"s2\">100 litri<\/span><span class=\"s1\">.<\/span><\/p>\n<p class=\"p1\"><span class=\"s1\">Nei paludari, l&#8217;aPUMP crea una zona d&#8217;acqua in leggero movimento che favorisce la salute di molti animali da terrario e da acquario. Il movimento superficiale previene la formazione di biofilm, garantisce un migliore assorbimento di ossigeno e crea un microclima quasi naturale. Anche le piante presenti nell&#8217;area d&#8217;acqua ne traggono beneficio, in quanto assorbono i nutrienti in modo pi\u00f9 uniforme grazie a una migliore circolazione.  <\/span><\/p>\n<p class=\"p1\"><span class=\"s1\">La <strong>pompa a membrana Collar aPUMP<\/strong> garantisce anche condizioni di limpidezza negli acquari. I pesci e gli invertebrati ricevono pi\u00f9 ossigeno e l&#8217;acqua rimane pi\u00f9 stabile, soprattutto nelle giornate calde o nelle vasche densamente piantumate. <\/span><\/p>\n<p class=\"p1\"><span class=\"s1\">Che si tratti di un paludario, di un terrario con corso d&#8217;acqua o di un acquario classico: il <\/span><span class=\"s2\">pompa a collare<\/span><span class=\"s1\"> \u00e8 una soluzione affidabile, silenziosa ed estremamente poco ingombrante per qualsiasi hobby quasi naturale.<\/span><\/p>\n","protected":false},"excerpt":{"rendered":"<p>Pompa a membrana Collar aPUMP - La soluzione silenziosa per acquari e zone con acqua limpida La pompa a membrana Collar aPUMP \u00e8 una delle pi\u00f9 compatte e silenziose del suo genere. \u00c8 stata sviluppata sia per i paludari, aree d&#8217;acqua specifiche per terrari cos\u00ec come per acquari fino a 100 litri in modo affidabile [&hellip;]<\/p>\n","protected":false},"featured_media":188325,"template":"","meta":{"_acf_changed":false},"product-supplier":[2690],"product_brand":[],"product_cat":[2741],"product_tag":[],"lce-checkout-addons":[],"class_list":{"0":"post-188323","1":"product","2":"type-product","3":"status-publish","4":"has-post-thumbnail","6":"product_cat-illuminazione-e-clima","7":"product_shipping_class-equipment-shipping","9":"first","10":"instock","11":"sale","12":"taxable","13":"shipping-taxable","14":"purchasable","15":"product-type-variable"},"acf":[],"yoast_head":"<!-- This site is optimized with the Yoast SEO plugin v27.3 - https:\/\/yoast.com\/product\/yoast-seo-wordpress\/ -->\n<title>Pompa a membrana Collare aPUMP - Insektenliebe<\/title>\n<meta name=\"description\" content=\"Pompa a membrana aPUMP - la pompa a membrana ultra-silenziosa per paludari e acquari. Compatta, potente e flessibile da installare.\" \/>\n<meta name=\"robots\" content=\"index, follow, max-snippet:-1, max-image-preview:large, max-video-preview:-1\" \/>\n<link rel=\"canonical\" href=\"https:\/\/insektenliebe.com\/it\/shop\/prodotto\/pompa-a-membrana-collare-apump\/\" \/>\n<meta property=\"og:locale\" content=\"it_IT\" \/>\n<meta property=\"og:type\" content=\"article\" \/>\n<meta property=\"og:title\" content=\"Pompa a membrana Collare aPUMP - Insektenliebe\" \/>\n<meta property=\"og:description\" content=\"Pompa a membrana aPUMP - la pompa a membrana ultra-silenziosa per paludari e acquari. Compatta, potente e flessibile da installare.\" \/>\n<meta property=\"og:url\" content=\"https:\/\/insektenliebe.com\/it\/shop\/prodotto\/pompa-a-membrana-collare-apump\/\" \/>\n<meta property=\"og:site_name\" content=\"Insektenliebe\" \/>\n<meta property=\"og:image\" content=\"https:\/\/insektenliebe.com\/wp-content\/uploads\/2026\/01\/Membranpumpe-aPUMP-Magnet-2.jpg\" \/>\n\t<meta property=\"og:image:width\" content=\"820\" \/>\n\t<meta property=\"og:image:height\" content=\"820\" \/>\n\t<meta property=\"og:image:type\" content=\"image\/jpeg\" \/>\n<meta name=\"twitter:card\" content=\"summary_large_image\" \/>\n<meta name=\"twitter:label1\" content=\"Tempo di lettura stimato\" \/>\n\t<meta name=\"twitter:data1\" content=\"2 minuto\" \/>\n<script type=\"application\/ld+json\" class=\"yoast-schema-graph\">{\"@context\":\"https:\\\/\\\/schema.org\",\"@graph\":[{\"@type\":\"WebPage\",\"@id\":\"https:\\\/\\\/insektenliebe.com\\\/it\\\/shop\\\/prodotto\\\/pompa-a-membrana-collare-apump\\\/\",\"url\":\"https:\\\/\\\/insektenliebe.com\\\/it\\\/shop\\\/prodotto\\\/pompa-a-membrana-collare-apump\\\/\",\"name\":\"Pompa a membrana Collare aPUMP - Insektenliebe\",\"isPartOf\":{\"@id\":\"https:\\\/\\\/insektenliebe.com\\\/it\\\/#website\"},\"primaryImageOfPage\":{\"@id\":\"https:\\\/\\\/insektenliebe.com\\\/it\\\/shop\\\/prodotto\\\/pompa-a-membrana-collare-apump\\\/#primaryimage\"},\"image\":{\"@id\":\"https:\\\/\\\/insektenliebe.com\\\/it\\\/shop\\\/prodotto\\\/pompa-a-membrana-collare-apump\\\/#primaryimage\"},\"thumbnailUrl\":\"https:\\\/\\\/insektenliebe.com\\\/wp-content\\\/uploads\\\/2026\\\/01\\\/Membranpumpe-aPUMP-Magnet-2.jpg\",\"datePublished\":\"2026-01-15T14:24:35+00:00\",\"description\":\"Pompa a membrana aPUMP - la pompa a membrana ultra-silenziosa per paludari e acquari. Compatta, potente e flessibile da installare.\",\"breadcrumb\":{\"@id\":\"https:\\\/\\\/insektenliebe.com\\\/it\\\/shop\\\/prodotto\\\/pompa-a-membrana-collare-apump\\\/#breadcrumb\"},\"inLanguage\":\"it-IT\",\"potentialAction\":[{\"@type\":\"ReadAction\",\"target\":[\"https:\\\/\\\/insektenliebe.com\\\/it\\\/shop\\\/prodotto\\\/pompa-a-membrana-collare-apump\\\/\"]}]},{\"@type\":\"ImageObject\",\"inLanguage\":\"it-IT\",\"@id\":\"https:\\\/\\\/insektenliebe.com\\\/it\\\/shop\\\/prodotto\\\/pompa-a-membrana-collare-apump\\\/#primaryimage\",\"url\":\"https:\\\/\\\/insektenliebe.com\\\/wp-content\\\/uploads\\\/2026\\\/01\\\/Membranpumpe-aPUMP-Magnet-2.jpg\",\"contentUrl\":\"https:\\\/\\\/insektenliebe.com\\\/wp-content\\\/uploads\\\/2026\\\/01\\\/Membranpumpe-aPUMP-Magnet-2.jpg\",\"width\":820,\"height\":820,\"caption\":\"Pompa a membrana aPUMP- solenoide 2\"},{\"@type\":\"BreadcrumbList\",\"@id\":\"https:\\\/\\\/insektenliebe.com\\\/it\\\/shop\\\/prodotto\\\/pompa-a-membrana-collare-apump\\\/#breadcrumb\",\"itemListElement\":[{\"@type\":\"ListItem\",\"position\":1,\"name\":\"Startseite\",\"item\":\"https:\\\/\\\/insektenliebe.com\\\/it\\\/\"},{\"@type\":\"ListItem\",\"position\":2,\"name\":\"Negozio\",\"item\":\"https:\\\/\\\/insektenliebe.com\\\/it\\\/negozio\\\/\"},{\"@type\":\"ListItem\",\"position\":3,\"name\":\"Pompa a membrana Collare aPUMP\"}]},{\"@type\":\"WebSite\",\"@id\":\"https:\\\/\\\/insektenliebe.com\\\/it\\\/#website\",\"url\":\"https:\\\/\\\/insektenliebe.com\\\/it\\\/\",\"name\":\"Insektenliebe\",\"description\":\"Dein Zuhause f\u00fcr die kleinen Lebewesen\",\"publisher\":{\"@id\":\"https:\\\/\\\/insektenliebe.com\\\/it\\\/#organization\"},\"potentialAction\":[{\"@type\":\"SearchAction\",\"target\":{\"@type\":\"EntryPoint\",\"urlTemplate\":\"https:\\\/\\\/insektenliebe.com\\\/it\\\/?s={search_term_string}\"},\"query-input\":{\"@type\":\"PropertyValueSpecification\",\"valueRequired\":true,\"valueName\":\"search_term_string\"}}],\"inLanguage\":\"it-IT\"},{\"@type\":\"Organization\",\"@id\":\"https:\\\/\\\/insektenliebe.com\\\/it\\\/#organization\",\"name\":\"Insektenliebe\",\"url\":\"https:\\\/\\\/insektenliebe.com\\\/it\\\/\",\"logo\":{\"@type\":\"ImageObject\",\"inLanguage\":\"it-IT\",\"@id\":\"https:\\\/\\\/insektenliebe.com\\\/it\\\/#\\\/schema\\\/logo\\\/image\\\/\",\"url\":\"https:\\\/\\\/insektenliebe.com\\\/wp-content\\\/uploads\\\/2025\\\/03\\\/logo-white.png\",\"contentUrl\":\"https:\\\/\\\/insektenliebe.com\\\/wp-content\\\/uploads\\\/2025\\\/03\\\/logo-white.png\",\"width\":288,\"height\":188,\"caption\":\"Insektenliebe\"},\"image\":{\"@id\":\"https:\\\/\\\/insektenliebe.com\\\/it\\\/#\\\/schema\\\/logo\\\/image\\\/\"}}]}<\/script>\n<!-- \/ Yoast SEO plugin. -->","yoast_head_json":{"title":"Pompa a membrana Collare aPUMP - Insektenliebe","description":"Pompa a membrana aPUMP - la pompa a membrana ultra-silenziosa per paludari e acquari. Compatta, potente e flessibile da installare.","robots":{"index":"index","follow":"follow","max-snippet":"max-snippet:-1","max-image-preview":"max-image-preview:large","max-video-preview":"max-video-preview:-1"},"canonical":"https:\/\/insektenliebe.com\/it\/shop\/prodotto\/pompa-a-membrana-collare-apump\/","og_locale":"it_IT","og_type":"article","og_title":"Pompa a membrana Collare aPUMP - Insektenliebe","og_description":"Pompa a membrana aPUMP - la pompa a membrana ultra-silenziosa per paludari e acquari. Compatta, potente e flessibile da installare.","og_url":"https:\/\/insektenliebe.com\/it\/shop\/prodotto\/pompa-a-membrana-collare-apump\/","og_site_name":"Insektenliebe","og_image":[{"width":820,"height":820,"url":"https:\/\/insektenliebe.com\/wp-content\/uploads\/2026\/01\/Membranpumpe-aPUMP-Magnet-2.jpg","type":"image\/jpeg"}],"twitter_card":"summary_large_image","twitter_misc":{"Tempo di lettura stimato":"2 minuto"},"schema":{"@context":"https:\/\/schema.org","@graph":[{"@type":"WebPage","@id":"https:\/\/insektenliebe.com\/it\/shop\/prodotto\/pompa-a-membrana-collare-apump\/","url":"https:\/\/insektenliebe.com\/it\/shop\/prodotto\/pompa-a-membrana-collare-apump\/","name":"Pompa a membrana Collare aPUMP - Insektenliebe","isPartOf":{"@id":"https:\/\/insektenliebe.com\/it\/#website"},"primaryImageOfPage":{"@id":"https:\/\/insektenliebe.com\/it\/shop\/prodotto\/pompa-a-membrana-collare-apump\/#primaryimage"},"image":{"@id":"https:\/\/insektenliebe.com\/it\/shop\/prodotto\/pompa-a-membrana-collare-apump\/#primaryimage"},"thumbnailUrl":"https:\/\/insektenliebe.com\/wp-content\/uploads\/2026\/01\/Membranpumpe-aPUMP-Magnet-2.jpg","datePublished":"2026-01-15T14:24:35+00:00","description":"Pompa a membrana aPUMP - la pompa a membrana ultra-silenziosa per paludari e acquari. Compatta, potente e flessibile da installare.","breadcrumb":{"@id":"https:\/\/insektenliebe.com\/it\/shop\/prodotto\/pompa-a-membrana-collare-apump\/#breadcrumb"},"inLanguage":"it-IT","potentialAction":[{"@type":"ReadAction","target":["https:\/\/insektenliebe.com\/it\/shop\/prodotto\/pompa-a-membrana-collare-apump\/"]}]},{"@type":"ImageObject","inLanguage":"it-IT","@id":"https:\/\/insektenliebe.com\/it\/shop\/prodotto\/pompa-a-membrana-collare-apump\/#primaryimage","url":"https:\/\/insektenliebe.com\/wp-content\/uploads\/2026\/01\/Membranpumpe-aPUMP-Magnet-2.jpg","contentUrl":"https:\/\/insektenliebe.com\/wp-content\/uploads\/2026\/01\/Membranpumpe-aPUMP-Magnet-2.jpg","width":820,"height":820,"caption":"Pompa a membrana aPUMP- solenoide 2"},{"@type":"BreadcrumbList","@id":"https:\/\/insektenliebe.com\/it\/shop\/prodotto\/pompa-a-membrana-collare-apump\/#breadcrumb","itemListElement":[{"@type":"ListItem","position":1,"name":"Startseite","item":"https:\/\/insektenliebe.com\/it\/"},{"@type":"ListItem","position":2,"name":"Negozio","item":"https:\/\/insektenliebe.com\/it\/negozio\/"},{"@type":"ListItem","position":3,"name":"Pompa a membrana Collare aPUMP"}]},{"@type":"WebSite","@id":"https:\/\/insektenliebe.com\/it\/#website","url":"https:\/\/insektenliebe.com\/it\/","name":"Insektenliebe","description":"Dein Zuhause f\u00fcr die kleinen Lebewesen","publisher":{"@id":"https:\/\/insektenliebe.com\/it\/#organization"},"potentialAction":[{"@type":"SearchAction","target":{"@type":"EntryPoint","urlTemplate":"https:\/\/insektenliebe.com\/it\/?s={search_term_string}"},"query-input":{"@type":"PropertyValueSpecification","valueRequired":true,"valueName":"search_term_string"}}],"inLanguage":"it-IT"},{"@type":"Organization","@id":"https:\/\/insektenliebe.com\/it\/#organization","name":"Insektenliebe","url":"https:\/\/insektenliebe.com\/it\/","logo":{"@type":"ImageObject","inLanguage":"it-IT","@id":"https:\/\/insektenliebe.com\/it\/#\/schema\/logo\/image\/","url":"https:\/\/insektenliebe.com\/wp-content\/uploads\/2025\/03\/logo-white.png","contentUrl":"https:\/\/insektenliebe.com\/wp-content\/uploads\/2025\/03\/logo-white.png","width":288,"height":188,"caption":"Insektenliebe"},"image":{"@id":"https:\/\/insektenliebe.com\/it\/#\/schema\/logo\/image\/"}}]}},"_links":{"self":[{"href":"https:\/\/insektenliebe.com\/it\/wp-json\/wp\/v2\/product\/188323","targetHints":{"allow":["GET"]}}],"collection":[{"href":"https:\/\/insektenliebe.com\/it\/wp-json\/wp\/v2\/product"}],"about":[{"href":"https:\/\/insektenliebe.com\/it\/wp-json\/wp\/v2\/types\/product"}],"wp:featuredmedia":[{"embeddable":true,"href":"https:\/\/insektenliebe.com\/it\/wp-json\/wp\/v2\/media\/188325"}],"wp:attachment":[{"href":"https:\/\/insektenliebe.com\/it\/wp-json\/wp\/v2\/media?parent=188323"}],"wp:term":[{"taxonomy":"product-supplier","embeddable":true,"href":"https:\/\/insektenliebe.com\/it\/wp-json\/wp\/v2\/product-supplier?post=188323"},{"taxonomy":"product_brand","embeddable":true,"href":"https:\/\/insektenliebe.com\/it\/wp-json\/wp\/v2\/product_brand?post=188323"},{"taxonomy":"product_cat","embeddable":true,"href":"https:\/\/insektenliebe.com\/it\/wp-json\/wp\/v2\/product_cat?post=188323"},{"taxonomy":"product_tag","embeddable":true,"href":"https:\/\/insektenliebe.com\/it\/wp-json\/wp\/v2\/product_tag?post=188323"},{"taxonomy":"lce-checkout-addons","embeddable":true,"href":"https:\/\/insektenliebe.com\/it\/wp-json\/wp\/v2\/lce-checkout-addons?post=188323"}],"curies":[{"name":"wp","href":"https:\/\/api.w.org\/{rel}","templated":true}]}}