{"id":188319,"date":"2026-01-21T11:09:53","date_gmt":"2026-01-21T10:09:53","guid":{"rendered":"https:\/\/insektenliebe.com\/shop\/produkt\/eresus-spec-bouarfa\/"},"modified":"2026-03-12T07:22:16","modified_gmt":"2026-03-12T06:22:16","slug":"eresus-spec-bouarfa","status":"publish","type":"product","link":"https:\/\/insektenliebe.com\/it\/shop\/prodotto\/eresus-spec-bouarfa\/","title":{"rendered":"Eresus spec. \"Bouarfa\""},"content":{"rendered":"<h3 class=\"p1\"><span style=\"color: #99cc33;\"><strong><span class=\"s1\">Eresus spec. \"Bouarfa\" - Un tocco di Sahara nel terrario <\/span><\/strong><\/span><\/h3>\n<p class=\"p1\"><span class=\"s1\"><strong>Eresus spec. \"Bouarfa\" <\/strong>  proviene dalla regione intorno alla citt\u00e0 di Bouarfa, nel Marocco orientale, vicino al confine con l&#8217;Algeria. L&#8217;area \u00e8 caratterizzata da pietre secche e semi-deserti, in cui si \u00e8 sviluppata questa popolazione di Eresus dai colori intensi. Grazie al clima e alla posizione isolata, questa forma locale mostra un gioco di colori molto chiaro e appare particolarmente ricca di contrasti. \u00c8 proprio per questo che \u00e8 cos\u00ec popolare tra gli appassionati di Eresus.   <\/span><\/p>\n<p class=\"p1\"><span class=\"s1\">I maschi sembrano dei piccoli gioielli con il loro colore rosso vivo e le macchie nere ben definite. I loro colori si intensificano anche durante la stagione degli amori. Le femmine sono pi\u00f9 grandi e appaiono pi\u00f9 massicce. Presentano diverse tonalit\u00e0 di marrone e grigio, che si adattano perfettamente al terreno sassoso. Alcune linee di Bouarfa presentano anche accenti di colore pi\u00f9 caldi, che le distinguono leggermente dalle altre forme locali.    <\/span><\/p>\n<p class=\"p1\"><span class=\"s1\">Tipica per la specie costruisce  <strong>Eresus spec. \"Bouarfa\" <\/strong>  I ragni costruiscono ragnatele tubolari stabili, che spesso costruiscono sotto le pietre o in piccole fessure del terreno. I ragni amano sedersi all&#8217;ingresso della loro tela e osservare l&#8217;ambiente circostante. Questo significa che vengono visti pi\u00f9 spesso di molti altri abitanti dei tubi. Se una preda si avvicina troppo, reagiscono in modo rapido ed energico.   <\/span><\/p>\n<p class=\"p1\"><span class=\"s1\">Un terrario con un substrato scavabile \u00e8 adatto per tenerle. Una miscela di humus forestale e sabbia del deserto costituisce una base ideale, in quanto assomiglia alle strutture naturali del suolo di Bouarfa. Pezzi di sughero, pietre o radici supportano la costruzione dei tubi e forniscono una copertura aggiuntiva. Questa specie preferisce un clima secco con una zona leggermente umida sul fondo. Le temperature tra i 22 e i 27 \u00b0C si adattano bene alle sue condizioni naturali. Per l&#8217;approvvigionamento idrico \u00e8 sufficiente un piccolo recipiente per bere.     <\/span><\/p>\n<p class=\"p1\"><span class=\"s1\"><strong>Eresus spec. \"Bouarfa\" <\/strong>  \u00e8 considerato robusto e spesso mostra un comportamento curioso. Molti animali amano sedersi visibilmente all&#8217;ingresso della loro ragnatela e sono facili da osservare. I loro colori vivaci, la loro origine dalle steppe orientali del Marocco e il loro stile di vita entusiasmante rendono questa forma locale una meravigliosa aggiunta a qualsiasi collezione. Se sei alla ricerca di una specie di Eresus dai colori intensi, ma anche della calma e dell&#8217;eleganza tipiche di questo genere, apprezzerai \"Bouarfa\".   <\/span><\/p>\n","protected":false},"excerpt":{"rendered":"<p>Eresus spec. \"Bouarfa\" - Un tocco di Sahara nel terrario Eresus spec. \"Bouarfa\" proviene dalla regione intorno alla citt\u00e0 di Bouarfa, nel Marocco orientale, vicino al confine con l&#8217;Algeria. L&#8217;area \u00e8 caratterizzata da pietre secche e semi-deserti, in cui si \u00e8 sviluppata questa popolazione di Eresus dai colori intensi. Grazie al clima e alla posizione [&hellip;]<\/p>\n","protected":false},"featured_media":188321,"template":"","meta":{"_acf_changed":false},"product-supplier":[],"product_brand":[],"product_cat":[2999],"product_tag":[],"lce-checkout-addons":[2746],"class_list":{"0":"post-188319","1":"product","2":"type-product","3":"status-publish","4":"has-post-thumbnail","6":"product_cat-altri-ragni","7":"product_shipping_class-spedizione-di-animali","8":"pa_geschlecht-indeterminato","9":"pa_herkunft-marocco","10":"pa_kontinent-africa","11":"lce-checkout-addons-imballaggio-invernale","13":"first","14":"instock","15":"taxable","16":"shipping-taxable","17":"purchasable","18":"product-type-variable"},"acf":[],"yoast_head":"<!-- This site is optimized with the Yoast SEO plugin v27.3 - https:\/\/yoast.com\/product\/yoast-seo-wordpress\/ -->\n<title>Eresus spec. &quot;Bouarfa&quot; - Insektenliebe<\/title>\n<meta name=\"description\" content=\"Eresus balcanicus - una specie di ragno tubolare dai colori intensi proveniente dal Mediterraneo orientale. Robusto, affascinante e perfetto per gli appassionati.\" \/>\n<meta name=\"robots\" content=\"index, follow, max-snippet:-1, max-image-preview:large, max-video-preview:-1\" \/>\n<link rel=\"canonical\" href=\"https:\/\/insektenliebe.com\/it\/shop\/prodotto\/eresus-spec-bouarfa\/\" \/>\n<meta property=\"og:locale\" content=\"it_IT\" \/>\n<meta property=\"og:type\" content=\"article\" \/>\n<meta property=\"og:title\" content=\"Eresus spec. &quot;Bouarfa&quot; - Insektenliebe\" \/>\n<meta property=\"og:description\" content=\"Eresus balcanicus - una specie di ragno tubolare dai colori intensi proveniente dal Mediterraneo orientale. Robusto, affascinante e perfetto per gli appassionati.\" \/>\n<meta property=\"og:url\" content=\"https:\/\/insektenliebe.com\/it\/shop\/prodotto\/eresus-spec-bouarfa\/\" \/>\n<meta property=\"og:site_name\" content=\"Insektenliebe\" \/>\n<meta property=\"article:modified_time\" content=\"2026-03-12T06:22:16+00:00\" \/>\n<meta property=\"og:image\" content=\"https:\/\/insektenliebe.com\/wp-content\/uploads\/2026\/01\/Eresus-spec.-Bouarfa.jpg\" \/>\n\t<meta property=\"og:image:width\" content=\"820\" \/>\n\t<meta property=\"og:image:height\" content=\"820\" \/>\n\t<meta property=\"og:image:type\" content=\"image\/jpeg\" \/>\n<meta name=\"twitter:card\" content=\"summary_large_image\" \/>\n<meta name=\"twitter:label1\" content=\"Tempo di lettura stimato\" \/>\n\t<meta name=\"twitter:data1\" content=\"2 minuto\" \/>\n<script type=\"application\/ld+json\" class=\"yoast-schema-graph\">{\"@context\":\"https:\\\/\\\/schema.org\",\"@graph\":[{\"@type\":\"WebPage\",\"@id\":\"https:\\\/\\\/insektenliebe.com\\\/it\\\/shop\\\/prodotto\\\/eresus-spec-bouarfa\\\/\",\"url\":\"https:\\\/\\\/insektenliebe.com\\\/it\\\/shop\\\/prodotto\\\/eresus-spec-bouarfa\\\/\",\"name\":\"Eresus spec. \\\"Bouarfa\\\" - Insektenliebe\",\"isPartOf\":{\"@id\":\"https:\\\/\\\/insektenliebe.com\\\/it\\\/#website\"},\"primaryImageOfPage\":{\"@id\":\"https:\\\/\\\/insektenliebe.com\\\/it\\\/shop\\\/prodotto\\\/eresus-spec-bouarfa\\\/#primaryimage\"},\"image\":{\"@id\":\"https:\\\/\\\/insektenliebe.com\\\/it\\\/shop\\\/prodotto\\\/eresus-spec-bouarfa\\\/#primaryimage\"},\"thumbnailUrl\":\"https:\\\/\\\/insektenliebe.com\\\/wp-content\\\/uploads\\\/2026\\\/01\\\/Eresus-spec.-Bouarfa.jpg\",\"datePublished\":\"2026-01-21T10:09:53+00:00\",\"dateModified\":\"2026-03-12T06:22:16+00:00\",\"description\":\"Eresus balcanicus - una specie di ragno tubolare dai colori intensi proveniente dal Mediterraneo orientale. Robusto, affascinante e perfetto per gli appassionati.\",\"breadcrumb\":{\"@id\":\"https:\\\/\\\/insektenliebe.com\\\/it\\\/shop\\\/prodotto\\\/eresus-spec-bouarfa\\\/#breadcrumb\"},\"inLanguage\":\"it-IT\",\"potentialAction\":[{\"@type\":\"ReadAction\",\"target\":[\"https:\\\/\\\/insektenliebe.com\\\/it\\\/shop\\\/prodotto\\\/eresus-spec-bouarfa\\\/\"]}]},{\"@type\":\"ImageObject\",\"inLanguage\":\"it-IT\",\"@id\":\"https:\\\/\\\/insektenliebe.com\\\/it\\\/shop\\\/prodotto\\\/eresus-spec-bouarfa\\\/#primaryimage\",\"url\":\"https:\\\/\\\/insektenliebe.com\\\/wp-content\\\/uploads\\\/2026\\\/01\\\/Eresus-spec.-Bouarfa.jpg\",\"contentUrl\":\"https:\\\/\\\/insektenliebe.com\\\/wp-content\\\/uploads\\\/2026\\\/01\\\/Eresus-spec.-Bouarfa.jpg\",\"width\":820,\"height\":820,\"caption\":\"Eresus spec. \\\"Bouarfa\\\"\"},{\"@type\":\"BreadcrumbList\",\"@id\":\"https:\\\/\\\/insektenliebe.com\\\/it\\\/shop\\\/prodotto\\\/eresus-spec-bouarfa\\\/#breadcrumb\",\"itemListElement\":[{\"@type\":\"ListItem\",\"position\":1,\"name\":\"Startseite\",\"item\":\"https:\\\/\\\/insektenliebe.com\\\/it\\\/\"},{\"@type\":\"ListItem\",\"position\":2,\"name\":\"Negozio\",\"item\":\"https:\\\/\\\/insektenliebe.com\\\/it\\\/negozio\\\/\"},{\"@type\":\"ListItem\",\"position\":3,\"name\":\"Eresus spec. \\\"Bouarfa\\\"\"}]},{\"@type\":\"WebSite\",\"@id\":\"https:\\\/\\\/insektenliebe.com\\\/it\\\/#website\",\"url\":\"https:\\\/\\\/insektenliebe.com\\\/it\\\/\",\"name\":\"Insektenliebe\",\"description\":\"Dein Zuhause f\u00fcr die kleinen Lebewesen\",\"publisher\":{\"@id\":\"https:\\\/\\\/insektenliebe.com\\\/it\\\/#organization\"},\"potentialAction\":[{\"@type\":\"SearchAction\",\"target\":{\"@type\":\"EntryPoint\",\"urlTemplate\":\"https:\\\/\\\/insektenliebe.com\\\/it\\\/?s={search_term_string}\"},\"query-input\":{\"@type\":\"PropertyValueSpecification\",\"valueRequired\":true,\"valueName\":\"search_term_string\"}}],\"inLanguage\":\"it-IT\"},{\"@type\":\"Organization\",\"@id\":\"https:\\\/\\\/insektenliebe.com\\\/it\\\/#organization\",\"name\":\"Insektenliebe\",\"url\":\"https:\\\/\\\/insektenliebe.com\\\/it\\\/\",\"logo\":{\"@type\":\"ImageObject\",\"inLanguage\":\"it-IT\",\"@id\":\"https:\\\/\\\/insektenliebe.com\\\/it\\\/#\\\/schema\\\/logo\\\/image\\\/\",\"url\":\"https:\\\/\\\/insektenliebe.com\\\/wp-content\\\/uploads\\\/2025\\\/03\\\/logo-white.png\",\"contentUrl\":\"https:\\\/\\\/insektenliebe.com\\\/wp-content\\\/uploads\\\/2025\\\/03\\\/logo-white.png\",\"width\":288,\"height\":188,\"caption\":\"Insektenliebe\"},\"image\":{\"@id\":\"https:\\\/\\\/insektenliebe.com\\\/it\\\/#\\\/schema\\\/logo\\\/image\\\/\"}}]}<\/script>\n<!-- \/ Yoast SEO plugin. -->","yoast_head_json":{"title":"Eresus spec. \"Bouarfa\" - Insektenliebe","description":"Eresus balcanicus - una specie di ragno tubolare dai colori intensi proveniente dal Mediterraneo orientale. Robusto, affascinante e perfetto per gli appassionati.","robots":{"index":"index","follow":"follow","max-snippet":"max-snippet:-1","max-image-preview":"max-image-preview:large","max-video-preview":"max-video-preview:-1"},"canonical":"https:\/\/insektenliebe.com\/it\/shop\/prodotto\/eresus-spec-bouarfa\/","og_locale":"it_IT","og_type":"article","og_title":"Eresus spec. \"Bouarfa\" - Insektenliebe","og_description":"Eresus balcanicus - una specie di ragno tubolare dai colori intensi proveniente dal Mediterraneo orientale. Robusto, affascinante e perfetto per gli appassionati.","og_url":"https:\/\/insektenliebe.com\/it\/shop\/prodotto\/eresus-spec-bouarfa\/","og_site_name":"Insektenliebe","article_modified_time":"2026-03-12T06:22:16+00:00","og_image":[{"width":820,"height":820,"url":"https:\/\/insektenliebe.com\/wp-content\/uploads\/2026\/01\/Eresus-spec.-Bouarfa.jpg","type":"image\/jpeg"}],"twitter_card":"summary_large_image","twitter_misc":{"Tempo di lettura stimato":"2 minuto"},"schema":{"@context":"https:\/\/schema.org","@graph":[{"@type":"WebPage","@id":"https:\/\/insektenliebe.com\/it\/shop\/prodotto\/eresus-spec-bouarfa\/","url":"https:\/\/insektenliebe.com\/it\/shop\/prodotto\/eresus-spec-bouarfa\/","name":"Eresus spec. \"Bouarfa\" - Insektenliebe","isPartOf":{"@id":"https:\/\/insektenliebe.com\/it\/#website"},"primaryImageOfPage":{"@id":"https:\/\/insektenliebe.com\/it\/shop\/prodotto\/eresus-spec-bouarfa\/#primaryimage"},"image":{"@id":"https:\/\/insektenliebe.com\/it\/shop\/prodotto\/eresus-spec-bouarfa\/#primaryimage"},"thumbnailUrl":"https:\/\/insektenliebe.com\/wp-content\/uploads\/2026\/01\/Eresus-spec.-Bouarfa.jpg","datePublished":"2026-01-21T10:09:53+00:00","dateModified":"2026-03-12T06:22:16+00:00","description":"Eresus balcanicus - una specie di ragno tubolare dai colori intensi proveniente dal Mediterraneo orientale. Robusto, affascinante e perfetto per gli appassionati.","breadcrumb":{"@id":"https:\/\/insektenliebe.com\/it\/shop\/prodotto\/eresus-spec-bouarfa\/#breadcrumb"},"inLanguage":"it-IT","potentialAction":[{"@type":"ReadAction","target":["https:\/\/insektenliebe.com\/it\/shop\/prodotto\/eresus-spec-bouarfa\/"]}]},{"@type":"ImageObject","inLanguage":"it-IT","@id":"https:\/\/insektenliebe.com\/it\/shop\/prodotto\/eresus-spec-bouarfa\/#primaryimage","url":"https:\/\/insektenliebe.com\/wp-content\/uploads\/2026\/01\/Eresus-spec.-Bouarfa.jpg","contentUrl":"https:\/\/insektenliebe.com\/wp-content\/uploads\/2026\/01\/Eresus-spec.-Bouarfa.jpg","width":820,"height":820,"caption":"Eresus spec. \"Bouarfa\""},{"@type":"BreadcrumbList","@id":"https:\/\/insektenliebe.com\/it\/shop\/prodotto\/eresus-spec-bouarfa\/#breadcrumb","itemListElement":[{"@type":"ListItem","position":1,"name":"Startseite","item":"https:\/\/insektenliebe.com\/it\/"},{"@type":"ListItem","position":2,"name":"Negozio","item":"https:\/\/insektenliebe.com\/it\/negozio\/"},{"@type":"ListItem","position":3,"name":"Eresus spec. \"Bouarfa\""}]},{"@type":"WebSite","@id":"https:\/\/insektenliebe.com\/it\/#website","url":"https:\/\/insektenliebe.com\/it\/","name":"Insektenliebe","description":"Dein Zuhause f\u00fcr die kleinen Lebewesen","publisher":{"@id":"https:\/\/insektenliebe.com\/it\/#organization"},"potentialAction":[{"@type":"SearchAction","target":{"@type":"EntryPoint","urlTemplate":"https:\/\/insektenliebe.com\/it\/?s={search_term_string}"},"query-input":{"@type":"PropertyValueSpecification","valueRequired":true,"valueName":"search_term_string"}}],"inLanguage":"it-IT"},{"@type":"Organization","@id":"https:\/\/insektenliebe.com\/it\/#organization","name":"Insektenliebe","url":"https:\/\/insektenliebe.com\/it\/","logo":{"@type":"ImageObject","inLanguage":"it-IT","@id":"https:\/\/insektenliebe.com\/it\/#\/schema\/logo\/image\/","url":"https:\/\/insektenliebe.com\/wp-content\/uploads\/2025\/03\/logo-white.png","contentUrl":"https:\/\/insektenliebe.com\/wp-content\/uploads\/2025\/03\/logo-white.png","width":288,"height":188,"caption":"Insektenliebe"},"image":{"@id":"https:\/\/insektenliebe.com\/it\/#\/schema\/logo\/image\/"}}]}},"_links":{"self":[{"href":"https:\/\/insektenliebe.com\/it\/wp-json\/wp\/v2\/product\/188319","targetHints":{"allow":["GET"]}}],"collection":[{"href":"https:\/\/insektenliebe.com\/it\/wp-json\/wp\/v2\/product"}],"about":[{"href":"https:\/\/insektenliebe.com\/it\/wp-json\/wp\/v2\/types\/product"}],"wp:featuredmedia":[{"embeddable":true,"href":"https:\/\/insektenliebe.com\/it\/wp-json\/wp\/v2\/media\/188321"}],"wp:attachment":[{"href":"https:\/\/insektenliebe.com\/it\/wp-json\/wp\/v2\/media?parent=188319"}],"wp:term":[{"taxonomy":"product-supplier","embeddable":true,"href":"https:\/\/insektenliebe.com\/it\/wp-json\/wp\/v2\/product-supplier?post=188319"},{"taxonomy":"product_brand","embeddable":true,"href":"https:\/\/insektenliebe.com\/it\/wp-json\/wp\/v2\/product_brand?post=188319"},{"taxonomy":"product_cat","embeddable":true,"href":"https:\/\/insektenliebe.com\/it\/wp-json\/wp\/v2\/product_cat?post=188319"},{"taxonomy":"product_tag","embeddable":true,"href":"https:\/\/insektenliebe.com\/it\/wp-json\/wp\/v2\/product_tag?post=188319"},{"taxonomy":"lce-checkout-addons","embeddable":true,"href":"https:\/\/insektenliebe.com\/it\/wp-json\/wp\/v2\/lce-checkout-addons?post=188319"}],"curies":[{"name":"wp","href":"https:\/\/api.w.org\/{rel}","templated":true}]}}