{"id":188302,"date":"2026-01-30T06:48:31","date_gmt":"2026-01-30T05:48:31","guid":{"rendered":"https:\/\/insektenliebe.com\/shop\/produkt\/foglie-di-caffe\/"},"modified":"2026-01-30T06:48:31","modified_gmt":"2026-01-30T05:48:31","slug":"foglie-di-caffe","status":"publish","type":"product","link":"https:\/\/insektenliebe.com\/it\/shop\/prodotto\/foglie-di-caffe\/","title":{"rendered":"Foglie di caff\u00e8"},"content":{"rendered":"<h3><span class=\"s1\" style=\"color: #99cc33\">Foglie di caff\u00e8 - lettiera naturale per micro-ecosistemi funzionanti<\/span><\/h3>\n<p class=\"p1\"><span class=\"s1\">Le <strong>foglie di caff\u00e8<\/strong> sono ideali come lettiera fogliare strutturante e come fonte di cibo a lungo termine per gli animali detritivori del terrario. Negli habitat naturali, le foglie cadute costituiscono la base di complesse catene alimentari. \u00c8 proprio questo principio che pu\u00f2 essere riprodotto nel terrario utilizzando le <strong>foglie di caff\u00e8<\/strong>. Non solo fungono da fonte di cibo diretta per isopodi, millepiedi e code a molla, ma favoriscono anche lo sviluppo di una microfauna stabile.   <\/span><\/p>\n<p class=\"p1\"><span class=\"s1\">Le foglie contengono cellulosa vegetale, lignina e sostanze vegetali secondarie. Questi componenti vengono prima colonizzati e scomposti da batteri e funghi. Solo allora sono disponibili in modo ottimale come cibo per i detritivori. Ne consegue un processo di decomposizione naturale che rilascia continuamente sostanze nutritive per un lungo periodo di tempo. Le <strong>foglie di caff\u00e8<\/strong> non sono quindi un alimento a breve termine, ma una fonte di energia sostenibile.   <\/span><\/p>\n<p class=\"p1\"><span class=\"s1\">Grazie alla loro struttura fogliare un po&#8217; pi\u00f9 solida, le <strong>foglie di caff\u00e8<\/strong> si decompongono pi\u00f9 lentamente rispetto a molte specie di fogliame autoctono. Questo \u00e8 un grande vantaggio per i terrari bioattivi. Le foglie rimangono intatte pi\u00f9 a lungo e formano microhabitat stabili. Le code di primavera, gli acari e i giovani isopodi si radunano sotto di esse e vi trovano riparo, umidit\u00e0 e cibo. Questi microrganismi contribuiscono a loro volta alla decomposizione dei residui organici e stabilizzano l&#8217;intero sistema del suolo.    <\/span><\/p>\n<p class=\"p1\"><span class=\"s1\">Le <strong>foglie di caff\u00e8<\/strong> favoriscono anche la regolazione dell&#8217;umidit\u00e0 nel substrato. Assorbono l&#8217;acqua e la rilasciano lentamente. In questo modo si creano zone umide e secche negli spazi pi\u00f9 piccoli, cosa essenziale per molti abitanti del suolo. Allo stesso tempo, le foglie allentano il terreno e ne impediscono la compattazione.   <\/span><\/p>\n<p class=\"p1\"><span class=\"s1\">In combinazione con altri tipi di fogliame, come le foglie di quercia o di faggio, le <strong>foglie di caff\u00e8<\/strong> forniscono una base nutritiva diversificata. Questa diversit\u00e0 favorisce la crescita di diversi microrganismi e aumenta la vitalit\u00e0 degli abitanti del terrario a lungo termine. Se vuoi creare un terrario stabile e biologicamente attivo, le <strong>foglie di caff\u00e8<\/strong> sono un componente prezioso e naturale.  <\/span><\/p>\n","protected":false},"excerpt":{"rendered":"<p>Foglie di caff\u00e8 - lettiera naturale per micro-ecosistemi funzionanti Le foglie di caff\u00e8 sono ideali come lettiera fogliare strutturante e come fonte di cibo a lungo termine per gli animali detritivori del terrario. Negli habitat naturali, le foglie cadute costituiscono la base di complesse catene alimentari. \u00c8 proprio questo principio che pu\u00f2 essere riprodotto nel [&hellip;]<\/p>\n","protected":false},"featured_media":188303,"template":"","meta":{"_acf_changed":false},"product-supplier":[2688],"product_brand":[],"product_cat":[2740,2815],"product_tag":[],"lce-checkout-addons":[],"class_list":{"0":"post-188302","1":"product","2":"type-product","3":"status-publish","4":"has-post-thumbnail","6":"product_cat-arredamento-e-decorazione","7":"product_cat-cibo-e-calcio","8":"product_shipping_class-equipment-shipping","10":"first","11":"instock","12":"taxable","13":"shipping-taxable","14":"purchasable","15":"product-type-variable"},"acf":[],"yoast_head":"<!-- This site is optimized with the Yoast SEO plugin v27.3 - https:\/\/yoast.com\/product\/yoast-seo-wordpress\/ -->\n<title>Foglie di caff\u00e8 - Insektenliebe<\/title>\n<meta name=\"description\" content=\"Foglie di caff\u00e8 - lettiera naturale per isopodi, millepiedi e terrari bioattivi. Favorisce la decomposizione, la microfauna e un clima stabile nel terreno.\" \/>\n<meta name=\"robots\" content=\"index, follow, max-snippet:-1, max-image-preview:large, max-video-preview:-1\" \/>\n<link rel=\"canonical\" href=\"https:\/\/insektenliebe.com\/it\/shop\/prodotto\/foglie-di-caffe\/\" \/>\n<meta property=\"og:locale\" content=\"it_IT\" \/>\n<meta property=\"og:type\" content=\"article\" \/>\n<meta property=\"og:title\" content=\"Foglie di caff\u00e8 - Insektenliebe\" \/>\n<meta property=\"og:description\" content=\"Foglie di caff\u00e8 - lettiera naturale per isopodi, millepiedi e terrari bioattivi. Favorisce la decomposizione, la microfauna e un clima stabile nel terreno.\" \/>\n<meta property=\"og:url\" content=\"https:\/\/insektenliebe.com\/it\/shop\/prodotto\/foglie-di-caffe\/\" \/>\n<meta property=\"og:site_name\" content=\"Insektenliebe\" \/>\n<meta property=\"og:image\" content=\"https:\/\/insektenliebe.com\/wp-content\/uploads\/2026\/01\/Kaffeeblaetter.jpg\" \/>\n\t<meta property=\"og:image:width\" content=\"820\" \/>\n\t<meta property=\"og:image:height\" content=\"820\" \/>\n\t<meta property=\"og:image:type\" content=\"image\/jpeg\" \/>\n<meta name=\"twitter:card\" content=\"summary_large_image\" \/>\n<meta name=\"twitter:label1\" content=\"Tempo di lettura stimato\" \/>\n\t<meta name=\"twitter:data1\" content=\"2 minuto\" \/>\n<script type=\"application\/ld+json\" class=\"yoast-schema-graph\">{\"@context\":\"https:\\\/\\\/schema.org\",\"@graph\":[{\"@type\":\"WebPage\",\"@id\":\"https:\\\/\\\/insektenliebe.com\\\/it\\\/shop\\\/prodotto\\\/foglie-di-caffe\\\/\",\"url\":\"https:\\\/\\\/insektenliebe.com\\\/it\\\/shop\\\/prodotto\\\/foglie-di-caffe\\\/\",\"name\":\"Foglie di caff\u00e8 - Insektenliebe\",\"isPartOf\":{\"@id\":\"https:\\\/\\\/insektenliebe.com\\\/it\\\/#website\"},\"primaryImageOfPage\":{\"@id\":\"https:\\\/\\\/insektenliebe.com\\\/it\\\/shop\\\/prodotto\\\/foglie-di-caffe\\\/#primaryimage\"},\"image\":{\"@id\":\"https:\\\/\\\/insektenliebe.com\\\/it\\\/shop\\\/prodotto\\\/foglie-di-caffe\\\/#primaryimage\"},\"thumbnailUrl\":\"https:\\\/\\\/insektenliebe.com\\\/wp-content\\\/uploads\\\/2026\\\/01\\\/Kaffeeblaetter.jpg\",\"datePublished\":\"2026-01-30T05:48:31+00:00\",\"description\":\"Foglie di caff\u00e8 - lettiera naturale per isopodi, millepiedi e terrari bioattivi. Favorisce la decomposizione, la microfauna e un clima stabile nel terreno.\",\"breadcrumb\":{\"@id\":\"https:\\\/\\\/insektenliebe.com\\\/it\\\/shop\\\/prodotto\\\/foglie-di-caffe\\\/#breadcrumb\"},\"inLanguage\":\"it-IT\",\"potentialAction\":[{\"@type\":\"ReadAction\",\"target\":[\"https:\\\/\\\/insektenliebe.com\\\/it\\\/shop\\\/prodotto\\\/foglie-di-caffe\\\/\"]}]},{\"@type\":\"ImageObject\",\"inLanguage\":\"it-IT\",\"@id\":\"https:\\\/\\\/insektenliebe.com\\\/it\\\/shop\\\/prodotto\\\/foglie-di-caffe\\\/#primaryimage\",\"url\":\"https:\\\/\\\/insektenliebe.com\\\/wp-content\\\/uploads\\\/2026\\\/01\\\/Kaffeeblaetter.jpg\",\"contentUrl\":\"https:\\\/\\\/insektenliebe.com\\\/wp-content\\\/uploads\\\/2026\\\/01\\\/Kaffeeblaetter.jpg\",\"width\":820,\"height\":820,\"caption\":\"Foglie di caff\u00e8\"},{\"@type\":\"BreadcrumbList\",\"@id\":\"https:\\\/\\\/insektenliebe.com\\\/it\\\/shop\\\/prodotto\\\/foglie-di-caffe\\\/#breadcrumb\",\"itemListElement\":[{\"@type\":\"ListItem\",\"position\":1,\"name\":\"Startseite\",\"item\":\"https:\\\/\\\/insektenliebe.com\\\/it\\\/\"},{\"@type\":\"ListItem\",\"position\":2,\"name\":\"Negozio\",\"item\":\"https:\\\/\\\/insektenliebe.com\\\/it\\\/negozio\\\/\"},{\"@type\":\"ListItem\",\"position\":3,\"name\":\"Foglie di caff\u00e8\"}]},{\"@type\":\"WebSite\",\"@id\":\"https:\\\/\\\/insektenliebe.com\\\/it\\\/#website\",\"url\":\"https:\\\/\\\/insektenliebe.com\\\/it\\\/\",\"name\":\"Insektenliebe\",\"description\":\"Dein Zuhause f\u00fcr die kleinen Lebewesen\",\"publisher\":{\"@id\":\"https:\\\/\\\/insektenliebe.com\\\/it\\\/#organization\"},\"potentialAction\":[{\"@type\":\"SearchAction\",\"target\":{\"@type\":\"EntryPoint\",\"urlTemplate\":\"https:\\\/\\\/insektenliebe.com\\\/it\\\/?s={search_term_string}\"},\"query-input\":{\"@type\":\"PropertyValueSpecification\",\"valueRequired\":true,\"valueName\":\"search_term_string\"}}],\"inLanguage\":\"it-IT\"},{\"@type\":\"Organization\",\"@id\":\"https:\\\/\\\/insektenliebe.com\\\/it\\\/#organization\",\"name\":\"Insektenliebe\",\"url\":\"https:\\\/\\\/insektenliebe.com\\\/it\\\/\",\"logo\":{\"@type\":\"ImageObject\",\"inLanguage\":\"it-IT\",\"@id\":\"https:\\\/\\\/insektenliebe.com\\\/it\\\/#\\\/schema\\\/logo\\\/image\\\/\",\"url\":\"https:\\\/\\\/insektenliebe.com\\\/wp-content\\\/uploads\\\/2025\\\/03\\\/logo-white.png\",\"contentUrl\":\"https:\\\/\\\/insektenliebe.com\\\/wp-content\\\/uploads\\\/2025\\\/03\\\/logo-white.png\",\"width\":288,\"height\":188,\"caption\":\"Insektenliebe\"},\"image\":{\"@id\":\"https:\\\/\\\/insektenliebe.com\\\/it\\\/#\\\/schema\\\/logo\\\/image\\\/\"}}]}<\/script>\n<!-- \/ Yoast SEO plugin. -->","yoast_head_json":{"title":"Foglie di caff\u00e8 - Insektenliebe","description":"Foglie di caff\u00e8 - lettiera naturale per isopodi, millepiedi e terrari bioattivi. Favorisce la decomposizione, la microfauna e un clima stabile nel terreno.","robots":{"index":"index","follow":"follow","max-snippet":"max-snippet:-1","max-image-preview":"max-image-preview:large","max-video-preview":"max-video-preview:-1"},"canonical":"https:\/\/insektenliebe.com\/it\/shop\/prodotto\/foglie-di-caffe\/","og_locale":"it_IT","og_type":"article","og_title":"Foglie di caff\u00e8 - Insektenliebe","og_description":"Foglie di caff\u00e8 - lettiera naturale per isopodi, millepiedi e terrari bioattivi. Favorisce la decomposizione, la microfauna e un clima stabile nel terreno.","og_url":"https:\/\/insektenliebe.com\/it\/shop\/prodotto\/foglie-di-caffe\/","og_site_name":"Insektenliebe","og_image":[{"width":820,"height":820,"url":"https:\/\/insektenliebe.com\/wp-content\/uploads\/2026\/01\/Kaffeeblaetter.jpg","type":"image\/jpeg"}],"twitter_card":"summary_large_image","twitter_misc":{"Tempo di lettura stimato":"2 minuto"},"schema":{"@context":"https:\/\/schema.org","@graph":[{"@type":"WebPage","@id":"https:\/\/insektenliebe.com\/it\/shop\/prodotto\/foglie-di-caffe\/","url":"https:\/\/insektenliebe.com\/it\/shop\/prodotto\/foglie-di-caffe\/","name":"Foglie di caff\u00e8 - Insektenliebe","isPartOf":{"@id":"https:\/\/insektenliebe.com\/it\/#website"},"primaryImageOfPage":{"@id":"https:\/\/insektenliebe.com\/it\/shop\/prodotto\/foglie-di-caffe\/#primaryimage"},"image":{"@id":"https:\/\/insektenliebe.com\/it\/shop\/prodotto\/foglie-di-caffe\/#primaryimage"},"thumbnailUrl":"https:\/\/insektenliebe.com\/wp-content\/uploads\/2026\/01\/Kaffeeblaetter.jpg","datePublished":"2026-01-30T05:48:31+00:00","description":"Foglie di caff\u00e8 - lettiera naturale per isopodi, millepiedi e terrari bioattivi. Favorisce la decomposizione, la microfauna e un clima stabile nel terreno.","breadcrumb":{"@id":"https:\/\/insektenliebe.com\/it\/shop\/prodotto\/foglie-di-caffe\/#breadcrumb"},"inLanguage":"it-IT","potentialAction":[{"@type":"ReadAction","target":["https:\/\/insektenliebe.com\/it\/shop\/prodotto\/foglie-di-caffe\/"]}]},{"@type":"ImageObject","inLanguage":"it-IT","@id":"https:\/\/insektenliebe.com\/it\/shop\/prodotto\/foglie-di-caffe\/#primaryimage","url":"https:\/\/insektenliebe.com\/wp-content\/uploads\/2026\/01\/Kaffeeblaetter.jpg","contentUrl":"https:\/\/insektenliebe.com\/wp-content\/uploads\/2026\/01\/Kaffeeblaetter.jpg","width":820,"height":820,"caption":"Foglie di caff\u00e8"},{"@type":"BreadcrumbList","@id":"https:\/\/insektenliebe.com\/it\/shop\/prodotto\/foglie-di-caffe\/#breadcrumb","itemListElement":[{"@type":"ListItem","position":1,"name":"Startseite","item":"https:\/\/insektenliebe.com\/it\/"},{"@type":"ListItem","position":2,"name":"Negozio","item":"https:\/\/insektenliebe.com\/it\/negozio\/"},{"@type":"ListItem","position":3,"name":"Foglie di caff\u00e8"}]},{"@type":"WebSite","@id":"https:\/\/insektenliebe.com\/it\/#website","url":"https:\/\/insektenliebe.com\/it\/","name":"Insektenliebe","description":"Dein Zuhause f\u00fcr die kleinen Lebewesen","publisher":{"@id":"https:\/\/insektenliebe.com\/it\/#organization"},"potentialAction":[{"@type":"SearchAction","target":{"@type":"EntryPoint","urlTemplate":"https:\/\/insektenliebe.com\/it\/?s={search_term_string}"},"query-input":{"@type":"PropertyValueSpecification","valueRequired":true,"valueName":"search_term_string"}}],"inLanguage":"it-IT"},{"@type":"Organization","@id":"https:\/\/insektenliebe.com\/it\/#organization","name":"Insektenliebe","url":"https:\/\/insektenliebe.com\/it\/","logo":{"@type":"ImageObject","inLanguage":"it-IT","@id":"https:\/\/insektenliebe.com\/it\/#\/schema\/logo\/image\/","url":"https:\/\/insektenliebe.com\/wp-content\/uploads\/2025\/03\/logo-white.png","contentUrl":"https:\/\/insektenliebe.com\/wp-content\/uploads\/2025\/03\/logo-white.png","width":288,"height":188,"caption":"Insektenliebe"},"image":{"@id":"https:\/\/insektenliebe.com\/it\/#\/schema\/logo\/image\/"}}]}},"_links":{"self":[{"href":"https:\/\/insektenliebe.com\/it\/wp-json\/wp\/v2\/product\/188302","targetHints":{"allow":["GET"]}}],"collection":[{"href":"https:\/\/insektenliebe.com\/it\/wp-json\/wp\/v2\/product"}],"about":[{"href":"https:\/\/insektenliebe.com\/it\/wp-json\/wp\/v2\/types\/product"}],"wp:featuredmedia":[{"embeddable":true,"href":"https:\/\/insektenliebe.com\/it\/wp-json\/wp\/v2\/media\/188303"}],"wp:attachment":[{"href":"https:\/\/insektenliebe.com\/it\/wp-json\/wp\/v2\/media?parent=188302"}],"wp:term":[{"taxonomy":"product-supplier","embeddable":true,"href":"https:\/\/insektenliebe.com\/it\/wp-json\/wp\/v2\/product-supplier?post=188302"},{"taxonomy":"product_brand","embeddable":true,"href":"https:\/\/insektenliebe.com\/it\/wp-json\/wp\/v2\/product_brand?post=188302"},{"taxonomy":"product_cat","embeddable":true,"href":"https:\/\/insektenliebe.com\/it\/wp-json\/wp\/v2\/product_cat?post=188302"},{"taxonomy":"product_tag","embeddable":true,"href":"https:\/\/insektenliebe.com\/it\/wp-json\/wp\/v2\/product_tag?post=188302"},{"taxonomy":"lce-checkout-addons","embeddable":true,"href":"https:\/\/insektenliebe.com\/it\/wp-json\/wp\/v2\/lce-checkout-addons?post=188302"}],"curies":[{"name":"wp","href":"https:\/\/api.w.org\/{rel}","templated":true}]}}