{"id":188297,"date":"2026-02-13T18:31:55","date_gmt":"2026-02-13T17:31:55","guid":{"rendered":"https:\/\/insektenliebe.com\/shop\/produkt\/palo-di-bambu\/"},"modified":"2026-03-10T09:30:41","modified_gmt":"2026-03-10T08:30:41","slug":"palo-di-bambu","status":"publish","type":"product","link":"https:\/\/insektenliebe.com\/it\/shop\/prodotto\/palo-di-bambu\/","title":{"rendered":"Palo di bamb\u00f9"},"content":{"rendered":"<h3 class=\"p1\"><span style=\"color: #99cc33\"><strong><span class=\"s1\">Palo di bamb\u00f9 - Paradiso naturale per l&#8217;arrampicata del tuo terrario<\/span><\/strong><\/span><\/h3>\n<p class=\"p1\"><span class=\"s1\">Il <\/span><strong><span class=\"s2\">palo di bamb\u00f9<\/span><\/strong><span class=\"s1\">  \u00e8 un prodotto naturale classico e collaudato per terrari con allestimenti naturali. D\u00e0 struttura alla vasca,   <\/span><span class=\"s2\">offre supporto<\/span><span class=\"s1\">, <\/span><span class=\"s2\">crea passerelle<\/span><span class=\"s1\">  ed \u00e8 utilizzata attivamente da molti animali. Grazie al suo aspetto semplice, si integra armoniosamente in quasi tutti i biotopi, siano essi secchi, leggermente umidi o tropicali. <\/span><\/p>\n<p class=\"p1\"><span class=\"s1\">Il bamb\u00f9 \u00e8 per natura <\/span><span class=\"s2\">leggero<\/span><span class=\"s1\">, <\/span><span class=\"s2\">stabile<\/span><span class=\"s1\">  e allo stesso tempo molto resistente. Questo rende il <strong><span class=\"s2\">palo di bamb\u00f9<\/span><\/strong> come eccellente ausilio per l&#8217;arrampicata di ragni saltatori, mantidi o tarantole arboree. Allo stesso tempo, insetti, scarafaggi e isopodi amano utilizzare la superficie come passerella o rifugio. Inoltre, fornisce una struttura aggiuntiva per i rettili pi\u00f9 piccoli senza sovraccaricare visivamente la vasca.   <\/span><\/p>\n<p class=\"p1\"><span class=\"s1\">La superficie esterna liscia garantisce una presa sicura, mentre le venature naturali conferiscono al terrario un aspetto autentico. A differenza di molti tipi di legno, il bamb\u00f9 non si scheggia e mantiene la sua forma anche dopo un uso prolungato. Questo rende il <strong>palo di bamb\u00f9<\/strong> adatto sia alle installazioni permanenti che alle conversioni flessibili.  <\/span><\/p>\n<p class=\"p1\"><span class=\"s1\">Puoi posizionare l&#8217;<strong>asta di bamb\u00f9 <\/strong><\/span><span class=\"s2\">in orizzontale<\/span><span class=\"s1\">, <\/span><span class=\"s2\">in verticale<\/span><span class=\"s1\">  o posizionarli con una leggera angolazione. In questo modo si creano nuovi livelli, barriere visive o collegamenti tra il substrato e la parete posteriore. Soprattutto nei terrari pi\u00f9 piccoli, questo permette di avere pi\u00f9 spazio utilizzabile senza perdere superficie.  <\/span><\/p>\n<p class=\"p1\"><span class=\"s1\">Tutti i <strong>pali di bamb\u00f9<\/strong> sono naturali e non trattati. \u00c8 sufficiente un rapido risciacquo con acqua prima dell&#8217;uso. Il bastone pu\u00f2 essere utilizzato immediatamente e con il tempo assumer\u00e0 un aspetto ancora pi\u00f9 naturale.  <\/span><\/p>\n","protected":false},"excerpt":{"rendered":"<p>Palo di bamb\u00f9 - Paradiso naturale per l&#8217;arrampicata del tuo terrario Il palo di bamb\u00f9 \u00e8 un prodotto naturale classico e collaudato per terrari con allestimenti naturali. D\u00e0 struttura alla vasca, offre supporto, crea passerelle ed \u00e8 utilizzata attivamente da molti animali. Grazie al suo aspetto semplice, si integra armoniosamente in quasi tutti i biotopi, [&hellip;]<\/p>\n","protected":false},"featured_media":188300,"template":"","meta":{"_acf_changed":false},"product-supplier":[2555],"product_brand":[],"product_cat":[2740],"product_tag":[],"lce-checkout-addons":[],"class_list":{"0":"post-188297","1":"product","2":"type-product","3":"status-publish","4":"has-post-thumbnail","6":"product_cat-arredamento-e-decorazione","7":"product_shipping_class-equipment-shipping","9":"first","10":"instock","11":"taxable","12":"shipping-taxable","13":"purchasable","14":"product-type-variable"},"acf":[],"yoast_head":"<!-- This site is optimized with the Yoast SEO plugin v27.3 - https:\/\/yoast.com\/product\/yoast-seo-wordpress\/ -->\n<title>Palo di bamb\u00f9 - Insektenliebe<\/title>\n<meta name=\"description\" content=\"Palo in bamb\u00f9 naturale per terrario e allevamento. Robusto, leggero e versatile. Ideale per ragni, insetti e rettili.\" \/>\n<meta name=\"robots\" content=\"index, follow, max-snippet:-1, max-image-preview:large, max-video-preview:-1\" \/>\n<link rel=\"canonical\" href=\"https:\/\/insektenliebe.com\/it\/shop\/prodotto\/palo-di-bambu\/\" \/>\n<meta property=\"og:locale\" content=\"it_IT\" \/>\n<meta property=\"og:type\" content=\"article\" \/>\n<meta property=\"og:title\" content=\"Palo di bamb\u00f9 - Insektenliebe\" \/>\n<meta property=\"og:description\" content=\"Palo in bamb\u00f9 naturale per terrario e allevamento. Robusto, leggero e versatile. Ideale per ragni, insetti e rettili.\" \/>\n<meta property=\"og:url\" content=\"https:\/\/insektenliebe.com\/it\/shop\/prodotto\/palo-di-bambu\/\" \/>\n<meta property=\"og:site_name\" content=\"Insektenliebe\" \/>\n<meta property=\"article:modified_time\" content=\"2026-03-10T08:30:41+00:00\" \/>\n<meta property=\"og:image\" content=\"https:\/\/insektenliebe.com\/wp-content\/uploads\/2026\/02\/Bambusstange.jpg\" \/>\n\t<meta property=\"og:image:width\" content=\"820\" \/>\n\t<meta property=\"og:image:height\" content=\"820\" \/>\n\t<meta property=\"og:image:type\" content=\"image\/jpeg\" \/>\n<meta name=\"twitter:card\" content=\"summary_large_image\" \/>\n<meta name=\"twitter:label1\" content=\"Tempo di lettura stimato\" \/>\n\t<meta name=\"twitter:data1\" content=\"1 minuto\" \/>\n<script type=\"application\/ld+json\" class=\"yoast-schema-graph\">{\"@context\":\"https:\\\/\\\/schema.org\",\"@graph\":[{\"@type\":\"WebPage\",\"@id\":\"https:\\\/\\\/insektenliebe.com\\\/it\\\/shop\\\/prodotto\\\/palo-di-bambu\\\/\",\"url\":\"https:\\\/\\\/insektenliebe.com\\\/it\\\/shop\\\/prodotto\\\/palo-di-bambu\\\/\",\"name\":\"Palo di bamb\u00f9 - Insektenliebe\",\"isPartOf\":{\"@id\":\"https:\\\/\\\/insektenliebe.com\\\/it\\\/#website\"},\"primaryImageOfPage\":{\"@id\":\"https:\\\/\\\/insektenliebe.com\\\/it\\\/shop\\\/prodotto\\\/palo-di-bambu\\\/#primaryimage\"},\"image\":{\"@id\":\"https:\\\/\\\/insektenliebe.com\\\/it\\\/shop\\\/prodotto\\\/palo-di-bambu\\\/#primaryimage\"},\"thumbnailUrl\":\"https:\\\/\\\/insektenliebe.com\\\/wp-content\\\/uploads\\\/2026\\\/02\\\/Bambusstange.jpg\",\"datePublished\":\"2026-02-13T17:31:55+00:00\",\"dateModified\":\"2026-03-10T08:30:41+00:00\",\"description\":\"Palo in bamb\u00f9 naturale per terrario e allevamento. Robusto, leggero e versatile. Ideale per ragni, insetti e rettili.\",\"breadcrumb\":{\"@id\":\"https:\\\/\\\/insektenliebe.com\\\/it\\\/shop\\\/prodotto\\\/palo-di-bambu\\\/#breadcrumb\"},\"inLanguage\":\"it-IT\",\"potentialAction\":[{\"@type\":\"ReadAction\",\"target\":[\"https:\\\/\\\/insektenliebe.com\\\/it\\\/shop\\\/prodotto\\\/palo-di-bambu\\\/\"]}]},{\"@type\":\"ImageObject\",\"inLanguage\":\"it-IT\",\"@id\":\"https:\\\/\\\/insektenliebe.com\\\/it\\\/shop\\\/prodotto\\\/palo-di-bambu\\\/#primaryimage\",\"url\":\"https:\\\/\\\/insektenliebe.com\\\/wp-content\\\/uploads\\\/2026\\\/02\\\/Bambusstange.jpg\",\"contentUrl\":\"https:\\\/\\\/insektenliebe.com\\\/wp-content\\\/uploads\\\/2026\\\/02\\\/Bambusstange.jpg\",\"width\":820,\"height\":820,\"caption\":\"Palo di bamb\u00f9\"},{\"@type\":\"BreadcrumbList\",\"@id\":\"https:\\\/\\\/insektenliebe.com\\\/it\\\/shop\\\/prodotto\\\/palo-di-bambu\\\/#breadcrumb\",\"itemListElement\":[{\"@type\":\"ListItem\",\"position\":1,\"name\":\"Startseite\",\"item\":\"https:\\\/\\\/insektenliebe.com\\\/it\\\/\"},{\"@type\":\"ListItem\",\"position\":2,\"name\":\"Negozio\",\"item\":\"https:\\\/\\\/insektenliebe.com\\\/it\\\/negozio\\\/\"},{\"@type\":\"ListItem\",\"position\":3,\"name\":\"Palo di bamb\u00f9\"}]},{\"@type\":\"WebSite\",\"@id\":\"https:\\\/\\\/insektenliebe.com\\\/it\\\/#website\",\"url\":\"https:\\\/\\\/insektenliebe.com\\\/it\\\/\",\"name\":\"Insektenliebe\",\"description\":\"Dein Zuhause f\u00fcr die kleinen Lebewesen\",\"publisher\":{\"@id\":\"https:\\\/\\\/insektenliebe.com\\\/it\\\/#organization\"},\"potentialAction\":[{\"@type\":\"SearchAction\",\"target\":{\"@type\":\"EntryPoint\",\"urlTemplate\":\"https:\\\/\\\/insektenliebe.com\\\/it\\\/?s={search_term_string}\"},\"query-input\":{\"@type\":\"PropertyValueSpecification\",\"valueRequired\":true,\"valueName\":\"search_term_string\"}}],\"inLanguage\":\"it-IT\"},{\"@type\":\"Organization\",\"@id\":\"https:\\\/\\\/insektenliebe.com\\\/it\\\/#organization\",\"name\":\"Insektenliebe\",\"url\":\"https:\\\/\\\/insektenliebe.com\\\/it\\\/\",\"logo\":{\"@type\":\"ImageObject\",\"inLanguage\":\"it-IT\",\"@id\":\"https:\\\/\\\/insektenliebe.com\\\/it\\\/#\\\/schema\\\/logo\\\/image\\\/\",\"url\":\"https:\\\/\\\/insektenliebe.com\\\/wp-content\\\/uploads\\\/2025\\\/03\\\/logo-white.png\",\"contentUrl\":\"https:\\\/\\\/insektenliebe.com\\\/wp-content\\\/uploads\\\/2025\\\/03\\\/logo-white.png\",\"width\":288,\"height\":188,\"caption\":\"Insektenliebe\"},\"image\":{\"@id\":\"https:\\\/\\\/insektenliebe.com\\\/it\\\/#\\\/schema\\\/logo\\\/image\\\/\"}}]}<\/script>\n<!-- \/ Yoast SEO plugin. -->","yoast_head_json":{"title":"Palo di bamb\u00f9 - Insektenliebe","description":"Palo in bamb\u00f9 naturale per terrario e allevamento. Robusto, leggero e versatile. Ideale per ragni, insetti e rettili.","robots":{"index":"index","follow":"follow","max-snippet":"max-snippet:-1","max-image-preview":"max-image-preview:large","max-video-preview":"max-video-preview:-1"},"canonical":"https:\/\/insektenliebe.com\/it\/shop\/prodotto\/palo-di-bambu\/","og_locale":"it_IT","og_type":"article","og_title":"Palo di bamb\u00f9 - Insektenliebe","og_description":"Palo in bamb\u00f9 naturale per terrario e allevamento. Robusto, leggero e versatile. Ideale per ragni, insetti e rettili.","og_url":"https:\/\/insektenliebe.com\/it\/shop\/prodotto\/palo-di-bambu\/","og_site_name":"Insektenliebe","article_modified_time":"2026-03-10T08:30:41+00:00","og_image":[{"width":820,"height":820,"url":"https:\/\/insektenliebe.com\/wp-content\/uploads\/2026\/02\/Bambusstange.jpg","type":"image\/jpeg"}],"twitter_card":"summary_large_image","twitter_misc":{"Tempo di lettura stimato":"1 minuto"},"schema":{"@context":"https:\/\/schema.org","@graph":[{"@type":"WebPage","@id":"https:\/\/insektenliebe.com\/it\/shop\/prodotto\/palo-di-bambu\/","url":"https:\/\/insektenliebe.com\/it\/shop\/prodotto\/palo-di-bambu\/","name":"Palo di bamb\u00f9 - Insektenliebe","isPartOf":{"@id":"https:\/\/insektenliebe.com\/it\/#website"},"primaryImageOfPage":{"@id":"https:\/\/insektenliebe.com\/it\/shop\/prodotto\/palo-di-bambu\/#primaryimage"},"image":{"@id":"https:\/\/insektenliebe.com\/it\/shop\/prodotto\/palo-di-bambu\/#primaryimage"},"thumbnailUrl":"https:\/\/insektenliebe.com\/wp-content\/uploads\/2026\/02\/Bambusstange.jpg","datePublished":"2026-02-13T17:31:55+00:00","dateModified":"2026-03-10T08:30:41+00:00","description":"Palo in bamb\u00f9 naturale per terrario e allevamento. Robusto, leggero e versatile. Ideale per ragni, insetti e rettili.","breadcrumb":{"@id":"https:\/\/insektenliebe.com\/it\/shop\/prodotto\/palo-di-bambu\/#breadcrumb"},"inLanguage":"it-IT","potentialAction":[{"@type":"ReadAction","target":["https:\/\/insektenliebe.com\/it\/shop\/prodotto\/palo-di-bambu\/"]}]},{"@type":"ImageObject","inLanguage":"it-IT","@id":"https:\/\/insektenliebe.com\/it\/shop\/prodotto\/palo-di-bambu\/#primaryimage","url":"https:\/\/insektenliebe.com\/wp-content\/uploads\/2026\/02\/Bambusstange.jpg","contentUrl":"https:\/\/insektenliebe.com\/wp-content\/uploads\/2026\/02\/Bambusstange.jpg","width":820,"height":820,"caption":"Palo di bamb\u00f9"},{"@type":"BreadcrumbList","@id":"https:\/\/insektenliebe.com\/it\/shop\/prodotto\/palo-di-bambu\/#breadcrumb","itemListElement":[{"@type":"ListItem","position":1,"name":"Startseite","item":"https:\/\/insektenliebe.com\/it\/"},{"@type":"ListItem","position":2,"name":"Negozio","item":"https:\/\/insektenliebe.com\/it\/negozio\/"},{"@type":"ListItem","position":3,"name":"Palo di bamb\u00f9"}]},{"@type":"WebSite","@id":"https:\/\/insektenliebe.com\/it\/#website","url":"https:\/\/insektenliebe.com\/it\/","name":"Insektenliebe","description":"Dein Zuhause f\u00fcr die kleinen Lebewesen","publisher":{"@id":"https:\/\/insektenliebe.com\/it\/#organization"},"potentialAction":[{"@type":"SearchAction","target":{"@type":"EntryPoint","urlTemplate":"https:\/\/insektenliebe.com\/it\/?s={search_term_string}"},"query-input":{"@type":"PropertyValueSpecification","valueRequired":true,"valueName":"search_term_string"}}],"inLanguage":"it-IT"},{"@type":"Organization","@id":"https:\/\/insektenliebe.com\/it\/#organization","name":"Insektenliebe","url":"https:\/\/insektenliebe.com\/it\/","logo":{"@type":"ImageObject","inLanguage":"it-IT","@id":"https:\/\/insektenliebe.com\/it\/#\/schema\/logo\/image\/","url":"https:\/\/insektenliebe.com\/wp-content\/uploads\/2025\/03\/logo-white.png","contentUrl":"https:\/\/insektenliebe.com\/wp-content\/uploads\/2025\/03\/logo-white.png","width":288,"height":188,"caption":"Insektenliebe"},"image":{"@id":"https:\/\/insektenliebe.com\/it\/#\/schema\/logo\/image\/"}}]}},"_links":{"self":[{"href":"https:\/\/insektenliebe.com\/it\/wp-json\/wp\/v2\/product\/188297","targetHints":{"allow":["GET"]}}],"collection":[{"href":"https:\/\/insektenliebe.com\/it\/wp-json\/wp\/v2\/product"}],"about":[{"href":"https:\/\/insektenliebe.com\/it\/wp-json\/wp\/v2\/types\/product"}],"wp:featuredmedia":[{"embeddable":true,"href":"https:\/\/insektenliebe.com\/it\/wp-json\/wp\/v2\/media\/188300"}],"wp:attachment":[{"href":"https:\/\/insektenliebe.com\/it\/wp-json\/wp\/v2\/media?parent=188297"}],"wp:term":[{"taxonomy":"product-supplier","embeddable":true,"href":"https:\/\/insektenliebe.com\/it\/wp-json\/wp\/v2\/product-supplier?post=188297"},{"taxonomy":"product_brand","embeddable":true,"href":"https:\/\/insektenliebe.com\/it\/wp-json\/wp\/v2\/product_brand?post=188297"},{"taxonomy":"product_cat","embeddable":true,"href":"https:\/\/insektenliebe.com\/it\/wp-json\/wp\/v2\/product_cat?post=188297"},{"taxonomy":"product_tag","embeddable":true,"href":"https:\/\/insektenliebe.com\/it\/wp-json\/wp\/v2\/product_tag?post=188297"},{"taxonomy":"lce-checkout-addons","embeddable":true,"href":"https:\/\/insektenliebe.com\/it\/wp-json\/wp\/v2\/lce-checkout-addons?post=188297"}],"curies":[{"name":"wp","href":"https:\/\/api.w.org\/{rel}","templated":true}]}}