{"id":187836,"date":"2024-06-14T08:20:06","date_gmt":"2024-06-14T06:20:06","guid":{"rendered":"https:\/\/insektenliebe.com\/shop\/produkt\/acorus-gramineus-pusillus\/"},"modified":"2026-04-09T09:54:51","modified_gmt":"2026-04-09T07:54:51","slug":"acorus-gramineus-pusillus","status":"publish","type":"product","link":"https:\/\/insektenliebe.com\/it\/shop\/prodotto\/acorus-gramineus-pusillus\/","title":{"rendered":"Acorus gramineus \"Pusillus"},"content":{"rendered":"<h3><span class=\"s1\" style=\"color: #99cc33;\">Iris nano \"Pusillus\" - Perfetto per le piccole installazioni<\/span><\/h3>\n<p class=\"p1\"><strong><span class=\"s1\">L&#8217;Acorus gramineus \"Pusillus\"<\/span><\/strong><span class=\"s2\"> \u00e8 una pianta palustre particolarmente compatta ed elegante <\/span><span class=\"s1\">pianta palustre<\/span><span class=\"s2\">ideale per terrari e paludari. Grazie alle sue dimensioni ridotte, si adatta perfettamente agli allestimenti pi\u00f9 piccoli e pu\u00f2 essere utilizzato in modo mirato. <\/span><\/p>\n<p class=\"p1\"><span class=\"s2\">Le foglie sottili, simili a quelle dell&#8217;erba, sono di un fresco <\/span><span class=\"s1\">verde fresco e vivace<\/span><span class=\"s2\">  e creare immediatamente un aspetto naturale. Allo stesso tempo, la pianta appare leggera e delicata, rendendola ideale per layout dettagliati. <\/span><\/p>\n<p class=\"p1\"><span class=\"s2\">Le seguenti piante si sentono particolarmente a casa <\/span><strong><span class=\"s1\">Acorus gramineus \"Pusillus\"<\/span><\/strong><span class=\"s2\"> in <\/span><span class=\"s1\">aree umide o bagnate<\/span><span class=\"s2\">. Questo lo rende perfetto per i terrari tropicali, le zone acquatiche o i substrati permanentemente umidi. Allo stesso tempo, puoi usarle in modo specifico nelle aree di transizione per collegare zone diverse tra loro. <\/span><\/p>\n<p class=\"p1\"><span class=\"s2\">Grazie alla sua crescita compatta, la pianta offre <\/span><span class=\"s1\">una struttura aggiuntiva in uno spazio ridotto<\/span><span class=\"s2\">. I piccoli abitanti del terrario utilizzano le fitte foglie come nascondiglio e punto di orientamento. In questo modo gli animali si sentono pi\u00f9 sicuri e mostrano un comportamento pi\u00f9 naturale. <\/span><\/p>\n<p class=\"p1\"><span class=\"s2\">La cura \u00e8 volutamente semplice. \u00c8 sufficiente assicurarsi che l&#8217;umidit\u00e0 sia sufficiente. Allo stesso tempo, la pianta cresce lentamente e rimane facile da controllare, rendendola facile da integrare a lungo termine.  <\/span><\/p>\n<p class=\"p1\"><span class=\"s2\">Inoltre, favorisce il <\/span><span class=\"s1\">il microclima del terrario<\/span><span class=\"s2\">. Assorbe l&#8217;umidit\u00e0 e la rilascia nuovamente in modo uniforme. Questo crea condizioni pi\u00f9 stabili che hanno un effetto positivo sull&#8217;intero sistema. <\/span><\/p>\n<p class=\"p1\"><span class=\"s2\">Questo dimostra la sua forza anche nel design. Puoi posizionarle in primo piano, usarle come transizione o creare piccoli accenti. In questo modo il tuo terrario avr\u00e0 un aspetto pi\u00f9 vivace e strutturato allo stesso tempo.  <\/span><\/p>\n<p class=\"p1\"><span class=\"s2\">Con <\/span><strong><span class=\"s1\">Acorus gramineus \"Pusillus\"<\/span><\/strong><span class=\"s2\"> ottieni una pianta compatta, facile da curare e versatile che migliora l&#8217;aspetto del tuo terrario e allo stesso tempo fornisce un supporto funzionale.<\/span><\/p>\n","protected":false},"excerpt":{"rendered":"<p>Iris nano \"Pusillus\" - Perfetto per le piccole installazioni L&#8217;Acorus gramineus \"Pusillus\" \u00e8 una pianta palustre particolarmente compatta ed elegante pianta palustreideale per terrari e paludari. Grazie alle sue dimensioni ridotte, si adatta perfettamente agli allestimenti pi\u00f9 piccoli e pu\u00f2 essere utilizzato in modo mirato. Le foglie sottili, simili a quelle dell&#8217;erba, sono di un [&hellip;]<\/p>\n","protected":false},"featured_media":187838,"template":"","meta":{"_acf_changed":false},"product-supplier":[],"product_brand":[],"product_cat":[3181],"product_tag":[],"lce-checkout-addons":[2746],"class_list":{"0":"post-187836","1":"product","2":"type-product","3":"status-publish","4":"has-post-thumbnail","6":"product_cat-piante-da-terrario","7":"product_shipping_class-equipment-shipping","8":"pa_herkunft-cina","9":"pa_herkunft-corea","10":"pa_herkunft-giappone","11":"lce-checkout-addons-imballaggio-invernale","13":"first","14":"outofstock","15":"taxable","16":"shipping-taxable","17":"purchasable","18":"product-type-simple"},"acf":[],"yoast_head":"<!-- This site is optimized with the Yoast SEO plugin v27.3 - https:\/\/yoast.com\/product\/yoast-seo-wordpress\/ -->\n<title>Acorus gramineus &quot;Pusillus - Insektenliebe<\/title>\n<meta name=\"description\" content=\"Acorus gramineus &quot;Pusillus&quot; - pianta palustre compatta per terrari e paludari. Ideale per allestimenti umidi e habitat di piccole dimensioni.\" \/>\n<meta name=\"robots\" content=\"index, follow, max-snippet:-1, max-image-preview:large, max-video-preview:-1\" \/>\n<link rel=\"canonical\" href=\"https:\/\/insektenliebe.com\/it\/shop\/prodotto\/acorus-gramineus-pusillus\/\" \/>\n<meta property=\"og:locale\" content=\"it_IT\" \/>\n<meta property=\"og:type\" content=\"article\" \/>\n<meta property=\"og:title\" content=\"Acorus gramineus &quot;Pusillus - Insektenliebe\" \/>\n<meta property=\"og:description\" content=\"Acorus gramineus &quot;Pusillus&quot; - pianta palustre compatta per terrari e paludari. Ideale per allestimenti umidi e habitat di piccole dimensioni.\" \/>\n<meta property=\"og:url\" content=\"https:\/\/insektenliebe.com\/it\/shop\/prodotto\/acorus-gramineus-pusillus\/\" \/>\n<meta property=\"og:site_name\" content=\"Insektenliebe\" \/>\n<meta property=\"article:modified_time\" content=\"2026-04-09T07:54:51+00:00\" \/>\n<meta property=\"og:image\" content=\"https:\/\/insektenliebe.com\/wp-content\/uploads\/2025\/05\/Acorus-gramineus-22Pusillus22-2.jpg\" \/>\n\t<meta property=\"og:image:width\" content=\"820\" \/>\n\t<meta property=\"og:image:height\" content=\"820\" \/>\n\t<meta property=\"og:image:type\" content=\"image\/jpeg\" \/>\n<meta name=\"twitter:card\" content=\"summary_large_image\" \/>\n<meta name=\"twitter:label1\" content=\"Tempo di lettura stimato\" \/>\n\t<meta name=\"twitter:data1\" content=\"1 minuto\" \/>\n<script type=\"application\/ld+json\" class=\"yoast-schema-graph\">{\"@context\":\"https:\\\/\\\/schema.org\",\"@graph\":[{\"@type\":\"WebPage\",\"@id\":\"https:\\\/\\\/insektenliebe.com\\\/it\\\/shop\\\/prodotto\\\/acorus-gramineus-pusillus\\\/\",\"url\":\"https:\\\/\\\/insektenliebe.com\\\/it\\\/shop\\\/prodotto\\\/acorus-gramineus-pusillus\\\/\",\"name\":\"Acorus gramineus \\\"Pusillus - Insektenliebe\",\"isPartOf\":{\"@id\":\"https:\\\/\\\/insektenliebe.com\\\/it\\\/#website\"},\"primaryImageOfPage\":{\"@id\":\"https:\\\/\\\/insektenliebe.com\\\/it\\\/shop\\\/prodotto\\\/acorus-gramineus-pusillus\\\/#primaryimage\"},\"image\":{\"@id\":\"https:\\\/\\\/insektenliebe.com\\\/it\\\/shop\\\/prodotto\\\/acorus-gramineus-pusillus\\\/#primaryimage\"},\"thumbnailUrl\":\"https:\\\/\\\/insektenliebe.com\\\/wp-content\\\/uploads\\\/2025\\\/05\\\/Acorus-gramineus-22Pusillus22-2.jpg\",\"datePublished\":\"2024-06-14T06:20:06+00:00\",\"dateModified\":\"2026-04-09T07:54:51+00:00\",\"description\":\"Acorus gramineus \\\"Pusillus\\\" - pianta palustre compatta per terrari e paludari. Ideale per allestimenti umidi e habitat di piccole dimensioni.\",\"breadcrumb\":{\"@id\":\"https:\\\/\\\/insektenliebe.com\\\/it\\\/shop\\\/prodotto\\\/acorus-gramineus-pusillus\\\/#breadcrumb\"},\"inLanguage\":\"it-IT\",\"potentialAction\":[{\"@type\":\"ReadAction\",\"target\":[\"https:\\\/\\\/insektenliebe.com\\\/it\\\/shop\\\/prodotto\\\/acorus-gramineus-pusillus\\\/\"]}]},{\"@type\":\"ImageObject\",\"inLanguage\":\"it-IT\",\"@id\":\"https:\\\/\\\/insektenliebe.com\\\/it\\\/shop\\\/prodotto\\\/acorus-gramineus-pusillus\\\/#primaryimage\",\"url\":\"https:\\\/\\\/insektenliebe.com\\\/wp-content\\\/uploads\\\/2025\\\/05\\\/Acorus-gramineus-22Pusillus22-2.jpg\",\"contentUrl\":\"https:\\\/\\\/insektenliebe.com\\\/wp-content\\\/uploads\\\/2025\\\/05\\\/Acorus-gramineus-22Pusillus22-2.jpg\",\"width\":820,\"height\":820,\"caption\":\"Acorus-gramineus-22Pusillus22-2.jpg\"},{\"@type\":\"BreadcrumbList\",\"@id\":\"https:\\\/\\\/insektenliebe.com\\\/it\\\/shop\\\/prodotto\\\/acorus-gramineus-pusillus\\\/#breadcrumb\",\"itemListElement\":[{\"@type\":\"ListItem\",\"position\":1,\"name\":\"Startseite\",\"item\":\"https:\\\/\\\/insektenliebe.com\\\/it\\\/\"},{\"@type\":\"ListItem\",\"position\":2,\"name\":\"Negozio\",\"item\":\"https:\\\/\\\/insektenliebe.com\\\/it\\\/negozio\\\/\"},{\"@type\":\"ListItem\",\"position\":3,\"name\":\"Acorus gramineus \\\"Pusillus\"}]},{\"@type\":\"WebSite\",\"@id\":\"https:\\\/\\\/insektenliebe.com\\\/it\\\/#website\",\"url\":\"https:\\\/\\\/insektenliebe.com\\\/it\\\/\",\"name\":\"Insektenliebe\",\"description\":\"Dein Zuhause f\u00fcr die kleinen Lebewesen\",\"publisher\":{\"@id\":\"https:\\\/\\\/insektenliebe.com\\\/it\\\/#organization\"},\"potentialAction\":[{\"@type\":\"SearchAction\",\"target\":{\"@type\":\"EntryPoint\",\"urlTemplate\":\"https:\\\/\\\/insektenliebe.com\\\/it\\\/?s={search_term_string}\"},\"query-input\":{\"@type\":\"PropertyValueSpecification\",\"valueRequired\":true,\"valueName\":\"search_term_string\"}}],\"inLanguage\":\"it-IT\"},{\"@type\":\"Organization\",\"@id\":\"https:\\\/\\\/insektenliebe.com\\\/it\\\/#organization\",\"name\":\"Insektenliebe\",\"url\":\"https:\\\/\\\/insektenliebe.com\\\/it\\\/\",\"logo\":{\"@type\":\"ImageObject\",\"inLanguage\":\"it-IT\",\"@id\":\"https:\\\/\\\/insektenliebe.com\\\/it\\\/#\\\/schema\\\/logo\\\/image\\\/\",\"url\":\"https:\\\/\\\/insektenliebe.com\\\/wp-content\\\/uploads\\\/2025\\\/03\\\/logo-white.png\",\"contentUrl\":\"https:\\\/\\\/insektenliebe.com\\\/wp-content\\\/uploads\\\/2025\\\/03\\\/logo-white.png\",\"width\":288,\"height\":188,\"caption\":\"Insektenliebe\"},\"image\":{\"@id\":\"https:\\\/\\\/insektenliebe.com\\\/it\\\/#\\\/schema\\\/logo\\\/image\\\/\"}}]}<\/script>\n<!-- \/ Yoast SEO plugin. -->","yoast_head_json":{"title":"Acorus gramineus \"Pusillus - Insektenliebe","description":"Acorus gramineus \"Pusillus\" - pianta palustre compatta per terrari e paludari. Ideale per allestimenti umidi e habitat di piccole dimensioni.","robots":{"index":"index","follow":"follow","max-snippet":"max-snippet:-1","max-image-preview":"max-image-preview:large","max-video-preview":"max-video-preview:-1"},"canonical":"https:\/\/insektenliebe.com\/it\/shop\/prodotto\/acorus-gramineus-pusillus\/","og_locale":"it_IT","og_type":"article","og_title":"Acorus gramineus \"Pusillus - Insektenliebe","og_description":"Acorus gramineus \"Pusillus\" - pianta palustre compatta per terrari e paludari. Ideale per allestimenti umidi e habitat di piccole dimensioni.","og_url":"https:\/\/insektenliebe.com\/it\/shop\/prodotto\/acorus-gramineus-pusillus\/","og_site_name":"Insektenliebe","article_modified_time":"2026-04-09T07:54:51+00:00","og_image":[{"width":820,"height":820,"url":"https:\/\/insektenliebe.com\/wp-content\/uploads\/2025\/05\/Acorus-gramineus-22Pusillus22-2.jpg","type":"image\/jpeg"}],"twitter_card":"summary_large_image","twitter_misc":{"Tempo di lettura stimato":"1 minuto"},"schema":{"@context":"https:\/\/schema.org","@graph":[{"@type":"WebPage","@id":"https:\/\/insektenliebe.com\/it\/shop\/prodotto\/acorus-gramineus-pusillus\/","url":"https:\/\/insektenliebe.com\/it\/shop\/prodotto\/acorus-gramineus-pusillus\/","name":"Acorus gramineus \"Pusillus - Insektenliebe","isPartOf":{"@id":"https:\/\/insektenliebe.com\/it\/#website"},"primaryImageOfPage":{"@id":"https:\/\/insektenliebe.com\/it\/shop\/prodotto\/acorus-gramineus-pusillus\/#primaryimage"},"image":{"@id":"https:\/\/insektenliebe.com\/it\/shop\/prodotto\/acorus-gramineus-pusillus\/#primaryimage"},"thumbnailUrl":"https:\/\/insektenliebe.com\/wp-content\/uploads\/2025\/05\/Acorus-gramineus-22Pusillus22-2.jpg","datePublished":"2024-06-14T06:20:06+00:00","dateModified":"2026-04-09T07:54:51+00:00","description":"Acorus gramineus \"Pusillus\" - pianta palustre compatta per terrari e paludari. Ideale per allestimenti umidi e habitat di piccole dimensioni.","breadcrumb":{"@id":"https:\/\/insektenliebe.com\/it\/shop\/prodotto\/acorus-gramineus-pusillus\/#breadcrumb"},"inLanguage":"it-IT","potentialAction":[{"@type":"ReadAction","target":["https:\/\/insektenliebe.com\/it\/shop\/prodotto\/acorus-gramineus-pusillus\/"]}]},{"@type":"ImageObject","inLanguage":"it-IT","@id":"https:\/\/insektenliebe.com\/it\/shop\/prodotto\/acorus-gramineus-pusillus\/#primaryimage","url":"https:\/\/insektenliebe.com\/wp-content\/uploads\/2025\/05\/Acorus-gramineus-22Pusillus22-2.jpg","contentUrl":"https:\/\/insektenliebe.com\/wp-content\/uploads\/2025\/05\/Acorus-gramineus-22Pusillus22-2.jpg","width":820,"height":820,"caption":"Acorus-gramineus-22Pusillus22-2.jpg"},{"@type":"BreadcrumbList","@id":"https:\/\/insektenliebe.com\/it\/shop\/prodotto\/acorus-gramineus-pusillus\/#breadcrumb","itemListElement":[{"@type":"ListItem","position":1,"name":"Startseite","item":"https:\/\/insektenliebe.com\/it\/"},{"@type":"ListItem","position":2,"name":"Negozio","item":"https:\/\/insektenliebe.com\/it\/negozio\/"},{"@type":"ListItem","position":3,"name":"Acorus gramineus \"Pusillus"}]},{"@type":"WebSite","@id":"https:\/\/insektenliebe.com\/it\/#website","url":"https:\/\/insektenliebe.com\/it\/","name":"Insektenliebe","description":"Dein Zuhause f\u00fcr die kleinen Lebewesen","publisher":{"@id":"https:\/\/insektenliebe.com\/it\/#organization"},"potentialAction":[{"@type":"SearchAction","target":{"@type":"EntryPoint","urlTemplate":"https:\/\/insektenliebe.com\/it\/?s={search_term_string}"},"query-input":{"@type":"PropertyValueSpecification","valueRequired":true,"valueName":"search_term_string"}}],"inLanguage":"it-IT"},{"@type":"Organization","@id":"https:\/\/insektenliebe.com\/it\/#organization","name":"Insektenliebe","url":"https:\/\/insektenliebe.com\/it\/","logo":{"@type":"ImageObject","inLanguage":"it-IT","@id":"https:\/\/insektenliebe.com\/it\/#\/schema\/logo\/image\/","url":"https:\/\/insektenliebe.com\/wp-content\/uploads\/2025\/03\/logo-white.png","contentUrl":"https:\/\/insektenliebe.com\/wp-content\/uploads\/2025\/03\/logo-white.png","width":288,"height":188,"caption":"Insektenliebe"},"image":{"@id":"https:\/\/insektenliebe.com\/it\/#\/schema\/logo\/image\/"}}]}},"_links":{"self":[{"href":"https:\/\/insektenliebe.com\/it\/wp-json\/wp\/v2\/product\/187836","targetHints":{"allow":["GET"]}}],"collection":[{"href":"https:\/\/insektenliebe.com\/it\/wp-json\/wp\/v2\/product"}],"about":[{"href":"https:\/\/insektenliebe.com\/it\/wp-json\/wp\/v2\/types\/product"}],"wp:featuredmedia":[{"embeddable":true,"href":"https:\/\/insektenliebe.com\/it\/wp-json\/wp\/v2\/media\/187838"}],"wp:attachment":[{"href":"https:\/\/insektenliebe.com\/it\/wp-json\/wp\/v2\/media?parent=187836"}],"wp:term":[{"taxonomy":"product-supplier","embeddable":true,"href":"https:\/\/insektenliebe.com\/it\/wp-json\/wp\/v2\/product-supplier?post=187836"},{"taxonomy":"product_brand","embeddable":true,"href":"https:\/\/insektenliebe.com\/it\/wp-json\/wp\/v2\/product_brand?post=187836"},{"taxonomy":"product_cat","embeddable":true,"href":"https:\/\/insektenliebe.com\/it\/wp-json\/wp\/v2\/product_cat?post=187836"},{"taxonomy":"product_tag","embeddable":true,"href":"https:\/\/insektenliebe.com\/it\/wp-json\/wp\/v2\/product_tag?post=187836"},{"taxonomy":"lce-checkout-addons","embeddable":true,"href":"https:\/\/insektenliebe.com\/it\/wp-json\/wp\/v2\/lce-checkout-addons?post=187836"}],"curies":[{"name":"wp","href":"https:\/\/api.w.org\/{rel}","templated":true}]}}