{"id":187807,"date":"2024-06-13T14:32:00","date_gmt":"2024-06-13T12:32:00","guid":{"rendered":"https:\/\/insektenliebe.com\/shop\/produkt\/chlorophytum-bichetii\/"},"modified":"2026-02-27T11:08:19","modified_gmt":"2026-02-27T10:08:19","slug":"chlorophytum-bichetii","status":"publish","type":"product","link":"https:\/\/insektenliebe.com\/it\/shop\/prodotto\/chlorophytum-bichetii\/","title":{"rendered":"Chlorophytum bichetii"},"content":{"rendered":"<h3><span style=\"color: #99cc33;\">Robusto e bello: Chlorophytum bichetii in terrario<\/span><\/h3>\n<div class=\"group\/conversation-turn relative flex w-full min-w-0 flex-col agent-turn\">\n<div class=\"flex-col gap-1 md:gap-3\">\n<div class=\"flex flex-grow flex-col max-w-full\">\n<div class=\"min-h- text-message flex flex-col items-start whitespace-pre-wrap break-words :mt-5 juice:w-full juice:items-end overflow-x-auto gap-2\" dir=\"auto\" data-message-author-role=\"assistant\" data-message-id=\"622823d4-6ea1-4150-9ef9-019842ccf5a1\">\n<div class=\"flex w-full flex-col gap-1 juice:empty:hidden juice:first:pt-\">\n<div class=\"markdown prose w-full break-words dark:prose-invert light\">\n<p class=\"p1\"><span class=\"s1\">Il <strong>Chlorophytum bichetii<\/strong> \u00e8 una pianta robusta e comprovata per terrari tropicali e subtropicali. Con le sue foglie strette e leggermente sporgenti e le sottili macchie verdi e bianche, dona struttura e freschezza a qualsiasi allestimento. Spezza visivamente le aree piantumate e allo stesso tempo crea rifugi naturali per i piccoli abitanti del terrario.  <\/span><\/p>\n<p class=\"p1\"><span class=\"s1\">Questa pianta \u00e8 originaria delle regioni pi\u00f9 calde dell&#8217;Africa e cresce come una perenne che si adatta al terreno. \u00c8 adattabile e poco impegnativa nel terrario. Sopporta bene l&#8217;umidit\u00e0 elevata e tollera anche substrati leggermente umidi. Allo stesso tempo, reagisce con forza a piccole fluttuazioni di temperatura o umidit\u00e0. Questo rende il <strong>Chlorophytum bichetii<\/strong> particolarmente attraente per i principianti, ma anche per gli allevatori esperti che apprezzano il verde a bassa manutenzione.    <\/span><\/p>\n<p class=\"p1\"><span class=\"s1\">Grazie alla sua fitta crescita di foglie, questa pianta \u00e8 ideale per le piante marginali o come transizione tra elementi del paesaggio come radici e pietre. Piccoli ragni, mantidi e isopodi amano usare le foglie come copertura. La fine struttura fogliare crea zone d&#8217;ombra naturali che hanno un effetto positivo sul microclima dell&#8217;area inferiore.  <\/span><\/p>\n<p class=\"p1\"><span class=\"s1\"><strong>Il Chlorophytum bichetii<\/strong> cresce moderatamente e rimane compatto, per cui pu\u00f2 essere utilizzato anche in terrari pi\u00f9 piccoli. In buone condizioni, con il passare del tempo forma dei corridori che infittiscono la vegetazione. \u00c8 sufficiente un&#8217;annaffiatura regolare ma non eccessiva. Tuttavia, \u00e8 necessario evitare i ristagni d&#8217;acqua.   <\/span><\/p>\n<p class=\"p1\"><span class=\"s1\">Questa pianta combina un aspetto decorativo con benefici funzionali. Migliora l&#8217;aspetto generale del terrario, crea una struttura e favorisce un clima stabile e quasi naturale. <strong>Il Chlorophytum bichetii<\/strong> \u00e8 quindi una scelta versatile e duratura per i terrari piantumati. <\/span><\/p>\n<\/div>\n<\/div>\n<\/div>\n<\/div>\n<\/div>\n<\/div>\n","protected":false},"excerpt":{"rendered":"<p>Robusto e bello: Chlorophytum bichetii in terrario Il Chlorophytum bichetii \u00e8 una pianta robusta e comprovata per terrari tropicali e subtropicali. Con le sue foglie strette e leggermente sporgenti e le sottili macchie verdi e bianche, dona struttura e freschezza a qualsiasi allestimento. Spezza visivamente le aree piantumate e allo stesso tempo crea rifugi naturali [&hellip;]<\/p>\n","protected":false},"featured_media":187821,"template":"","meta":{"_acf_changed":false},"product-supplier":[],"product_brand":[],"product_cat":[3181],"product_tag":[],"lce-checkout-addons":[2746],"class_list":{"0":"post-187807","1":"product","2":"type-product","3":"status-publish","4":"has-post-thumbnail","6":"product_cat-piante-da-terrario","7":"product_shipping_class-equipment-shipping","8":"pa_herkunft-etiopia","9":"pa_herkunft-kenya","10":"lce-checkout-addons-imballaggio-invernale","12":"first","13":"outofstock","14":"taxable","15":"shipping-taxable","16":"purchasable","17":"product-type-simple"},"acf":[],"yoast_head":"<!-- This site is optimized with the Yoast SEO plugin v27.3 - https:\/\/yoast.com\/product\/yoast-seo-wordpress\/ -->\n<title>Chlorophytum bichetii - Insektenliebe<\/title>\n<meta name=\"description\" content=\"Chlorophytum bichetii - robusta pianta da terrario con foglie strette a strisce verdi e bianche. Ideale per allestimenti tropicali e terrari umidi.\" \/>\n<meta name=\"robots\" content=\"index, follow, max-snippet:-1, max-image-preview:large, max-video-preview:-1\" \/>\n<link rel=\"canonical\" href=\"https:\/\/insektenliebe.com\/it\/shop\/prodotto\/chlorophytum-bichetii\/\" \/>\n<meta property=\"og:locale\" content=\"it_IT\" \/>\n<meta property=\"og:type\" content=\"article\" \/>\n<meta property=\"og:title\" content=\"Chlorophytum bichetii - Insektenliebe\" \/>\n<meta property=\"og:description\" content=\"Chlorophytum bichetii - robusta pianta da terrario con foglie strette a strisce verdi e bianche. Ideale per allestimenti tropicali e terrari umidi.\" \/>\n<meta property=\"og:url\" content=\"https:\/\/insektenliebe.com\/it\/shop\/prodotto\/chlorophytum-bichetii\/\" \/>\n<meta property=\"og:site_name\" content=\"Insektenliebe\" \/>\n<meta property=\"article:modified_time\" content=\"2026-02-27T10:08:19+00:00\" \/>\n<meta property=\"og:image\" content=\"https:\/\/insektenliebe.com\/wp-content\/uploads\/2025\/05\/Chlorophytum-bichetii-1-2.jpg\" \/>\n\t<meta property=\"og:image:width\" content=\"820\" \/>\n\t<meta property=\"og:image:height\" content=\"820\" \/>\n\t<meta property=\"og:image:type\" content=\"image\/jpeg\" \/>\n<meta name=\"twitter:card\" content=\"summary_large_image\" \/>\n<meta name=\"twitter:label1\" content=\"Tempo di lettura stimato\" \/>\n\t<meta name=\"twitter:data1\" content=\"1 minuto\" \/>\n<script type=\"application\/ld+json\" class=\"yoast-schema-graph\">{\"@context\":\"https:\\\/\\\/schema.org\",\"@graph\":[{\"@type\":\"WebPage\",\"@id\":\"https:\\\/\\\/insektenliebe.com\\\/it\\\/shop\\\/prodotto\\\/chlorophytum-bichetii\\\/\",\"url\":\"https:\\\/\\\/insektenliebe.com\\\/it\\\/shop\\\/prodotto\\\/chlorophytum-bichetii\\\/\",\"name\":\"Chlorophytum bichetii - Insektenliebe\",\"isPartOf\":{\"@id\":\"https:\\\/\\\/insektenliebe.com\\\/it\\\/#website\"},\"primaryImageOfPage\":{\"@id\":\"https:\\\/\\\/insektenliebe.com\\\/it\\\/shop\\\/prodotto\\\/chlorophytum-bichetii\\\/#primaryimage\"},\"image\":{\"@id\":\"https:\\\/\\\/insektenliebe.com\\\/it\\\/shop\\\/prodotto\\\/chlorophytum-bichetii\\\/#primaryimage\"},\"thumbnailUrl\":\"https:\\\/\\\/insektenliebe.com\\\/wp-content\\\/uploads\\\/2025\\\/05\\\/Chlorophytum-bichetii-1-2.jpg\",\"datePublished\":\"2024-06-13T12:32:00+00:00\",\"dateModified\":\"2026-02-27T10:08:19+00:00\",\"description\":\"Chlorophytum bichetii - robusta pianta da terrario con foglie strette a strisce verdi e bianche. Ideale per allestimenti tropicali e terrari umidi.\",\"breadcrumb\":{\"@id\":\"https:\\\/\\\/insektenliebe.com\\\/it\\\/shop\\\/prodotto\\\/chlorophytum-bichetii\\\/#breadcrumb\"},\"inLanguage\":\"it-IT\",\"potentialAction\":[{\"@type\":\"ReadAction\",\"target\":[\"https:\\\/\\\/insektenliebe.com\\\/it\\\/shop\\\/prodotto\\\/chlorophytum-bichetii\\\/\"]}]},{\"@type\":\"ImageObject\",\"inLanguage\":\"it-IT\",\"@id\":\"https:\\\/\\\/insektenliebe.com\\\/it\\\/shop\\\/prodotto\\\/chlorophytum-bichetii\\\/#primaryimage\",\"url\":\"https:\\\/\\\/insektenliebe.com\\\/wp-content\\\/uploads\\\/2025\\\/05\\\/Chlorophytum-bichetii-1-2.jpg\",\"contentUrl\":\"https:\\\/\\\/insektenliebe.com\\\/wp-content\\\/uploads\\\/2025\\\/05\\\/Chlorophytum-bichetii-1-2.jpg\",\"width\":820,\"height\":820,\"caption\":\"Chlorophytum-bichetii-1-2.jpg\"},{\"@type\":\"BreadcrumbList\",\"@id\":\"https:\\\/\\\/insektenliebe.com\\\/it\\\/shop\\\/prodotto\\\/chlorophytum-bichetii\\\/#breadcrumb\",\"itemListElement\":[{\"@type\":\"ListItem\",\"position\":1,\"name\":\"Startseite\",\"item\":\"https:\\\/\\\/insektenliebe.com\\\/it\\\/\"},{\"@type\":\"ListItem\",\"position\":2,\"name\":\"Negozio\",\"item\":\"https:\\\/\\\/insektenliebe.com\\\/it\\\/negozio\\\/\"},{\"@type\":\"ListItem\",\"position\":3,\"name\":\"Chlorophytum bichetii\"}]},{\"@type\":\"WebSite\",\"@id\":\"https:\\\/\\\/insektenliebe.com\\\/it\\\/#website\",\"url\":\"https:\\\/\\\/insektenliebe.com\\\/it\\\/\",\"name\":\"Insektenliebe\",\"description\":\"Dein Zuhause f\u00fcr die kleinen Lebewesen\",\"publisher\":{\"@id\":\"https:\\\/\\\/insektenliebe.com\\\/it\\\/#organization\"},\"potentialAction\":[{\"@type\":\"SearchAction\",\"target\":{\"@type\":\"EntryPoint\",\"urlTemplate\":\"https:\\\/\\\/insektenliebe.com\\\/it\\\/?s={search_term_string}\"},\"query-input\":{\"@type\":\"PropertyValueSpecification\",\"valueRequired\":true,\"valueName\":\"search_term_string\"}}],\"inLanguage\":\"it-IT\"},{\"@type\":\"Organization\",\"@id\":\"https:\\\/\\\/insektenliebe.com\\\/it\\\/#organization\",\"name\":\"Insektenliebe\",\"url\":\"https:\\\/\\\/insektenliebe.com\\\/it\\\/\",\"logo\":{\"@type\":\"ImageObject\",\"inLanguage\":\"it-IT\",\"@id\":\"https:\\\/\\\/insektenliebe.com\\\/it\\\/#\\\/schema\\\/logo\\\/image\\\/\",\"url\":\"https:\\\/\\\/insektenliebe.com\\\/wp-content\\\/uploads\\\/2025\\\/03\\\/logo-white.png\",\"contentUrl\":\"https:\\\/\\\/insektenliebe.com\\\/wp-content\\\/uploads\\\/2025\\\/03\\\/logo-white.png\",\"width\":288,\"height\":188,\"caption\":\"Insektenliebe\"},\"image\":{\"@id\":\"https:\\\/\\\/insektenliebe.com\\\/it\\\/#\\\/schema\\\/logo\\\/image\\\/\"}}]}<\/script>\n<!-- \/ Yoast SEO plugin. -->","yoast_head_json":{"title":"Chlorophytum bichetii - Insektenliebe","description":"Chlorophytum bichetii - robusta pianta da terrario con foglie strette a strisce verdi e bianche. Ideale per allestimenti tropicali e terrari umidi.","robots":{"index":"index","follow":"follow","max-snippet":"max-snippet:-1","max-image-preview":"max-image-preview:large","max-video-preview":"max-video-preview:-1"},"canonical":"https:\/\/insektenliebe.com\/it\/shop\/prodotto\/chlorophytum-bichetii\/","og_locale":"it_IT","og_type":"article","og_title":"Chlorophytum bichetii - Insektenliebe","og_description":"Chlorophytum bichetii - robusta pianta da terrario con foglie strette a strisce verdi e bianche. Ideale per allestimenti tropicali e terrari umidi.","og_url":"https:\/\/insektenliebe.com\/it\/shop\/prodotto\/chlorophytum-bichetii\/","og_site_name":"Insektenliebe","article_modified_time":"2026-02-27T10:08:19+00:00","og_image":[{"width":820,"height":820,"url":"https:\/\/insektenliebe.com\/wp-content\/uploads\/2025\/05\/Chlorophytum-bichetii-1-2.jpg","type":"image\/jpeg"}],"twitter_card":"summary_large_image","twitter_misc":{"Tempo di lettura stimato":"1 minuto"},"schema":{"@context":"https:\/\/schema.org","@graph":[{"@type":"WebPage","@id":"https:\/\/insektenliebe.com\/it\/shop\/prodotto\/chlorophytum-bichetii\/","url":"https:\/\/insektenliebe.com\/it\/shop\/prodotto\/chlorophytum-bichetii\/","name":"Chlorophytum bichetii - Insektenliebe","isPartOf":{"@id":"https:\/\/insektenliebe.com\/it\/#website"},"primaryImageOfPage":{"@id":"https:\/\/insektenliebe.com\/it\/shop\/prodotto\/chlorophytum-bichetii\/#primaryimage"},"image":{"@id":"https:\/\/insektenliebe.com\/it\/shop\/prodotto\/chlorophytum-bichetii\/#primaryimage"},"thumbnailUrl":"https:\/\/insektenliebe.com\/wp-content\/uploads\/2025\/05\/Chlorophytum-bichetii-1-2.jpg","datePublished":"2024-06-13T12:32:00+00:00","dateModified":"2026-02-27T10:08:19+00:00","description":"Chlorophytum bichetii - robusta pianta da terrario con foglie strette a strisce verdi e bianche. Ideale per allestimenti tropicali e terrari umidi.","breadcrumb":{"@id":"https:\/\/insektenliebe.com\/it\/shop\/prodotto\/chlorophytum-bichetii\/#breadcrumb"},"inLanguage":"it-IT","potentialAction":[{"@type":"ReadAction","target":["https:\/\/insektenliebe.com\/it\/shop\/prodotto\/chlorophytum-bichetii\/"]}]},{"@type":"ImageObject","inLanguage":"it-IT","@id":"https:\/\/insektenliebe.com\/it\/shop\/prodotto\/chlorophytum-bichetii\/#primaryimage","url":"https:\/\/insektenliebe.com\/wp-content\/uploads\/2025\/05\/Chlorophytum-bichetii-1-2.jpg","contentUrl":"https:\/\/insektenliebe.com\/wp-content\/uploads\/2025\/05\/Chlorophytum-bichetii-1-2.jpg","width":820,"height":820,"caption":"Chlorophytum-bichetii-1-2.jpg"},{"@type":"BreadcrumbList","@id":"https:\/\/insektenliebe.com\/it\/shop\/prodotto\/chlorophytum-bichetii\/#breadcrumb","itemListElement":[{"@type":"ListItem","position":1,"name":"Startseite","item":"https:\/\/insektenliebe.com\/it\/"},{"@type":"ListItem","position":2,"name":"Negozio","item":"https:\/\/insektenliebe.com\/it\/negozio\/"},{"@type":"ListItem","position":3,"name":"Chlorophytum bichetii"}]},{"@type":"WebSite","@id":"https:\/\/insektenliebe.com\/it\/#website","url":"https:\/\/insektenliebe.com\/it\/","name":"Insektenliebe","description":"Dein Zuhause f\u00fcr die kleinen Lebewesen","publisher":{"@id":"https:\/\/insektenliebe.com\/it\/#organization"},"potentialAction":[{"@type":"SearchAction","target":{"@type":"EntryPoint","urlTemplate":"https:\/\/insektenliebe.com\/it\/?s={search_term_string}"},"query-input":{"@type":"PropertyValueSpecification","valueRequired":true,"valueName":"search_term_string"}}],"inLanguage":"it-IT"},{"@type":"Organization","@id":"https:\/\/insektenliebe.com\/it\/#organization","name":"Insektenliebe","url":"https:\/\/insektenliebe.com\/it\/","logo":{"@type":"ImageObject","inLanguage":"it-IT","@id":"https:\/\/insektenliebe.com\/it\/#\/schema\/logo\/image\/","url":"https:\/\/insektenliebe.com\/wp-content\/uploads\/2025\/03\/logo-white.png","contentUrl":"https:\/\/insektenliebe.com\/wp-content\/uploads\/2025\/03\/logo-white.png","width":288,"height":188,"caption":"Insektenliebe"},"image":{"@id":"https:\/\/insektenliebe.com\/it\/#\/schema\/logo\/image\/"}}]}},"_links":{"self":[{"href":"https:\/\/insektenliebe.com\/it\/wp-json\/wp\/v2\/product\/187807","targetHints":{"allow":["GET"]}}],"collection":[{"href":"https:\/\/insektenliebe.com\/it\/wp-json\/wp\/v2\/product"}],"about":[{"href":"https:\/\/insektenliebe.com\/it\/wp-json\/wp\/v2\/types\/product"}],"wp:featuredmedia":[{"embeddable":true,"href":"https:\/\/insektenliebe.com\/it\/wp-json\/wp\/v2\/media\/187821"}],"wp:attachment":[{"href":"https:\/\/insektenliebe.com\/it\/wp-json\/wp\/v2\/media?parent=187807"}],"wp:term":[{"taxonomy":"product-supplier","embeddable":true,"href":"https:\/\/insektenliebe.com\/it\/wp-json\/wp\/v2\/product-supplier?post=187807"},{"taxonomy":"product_brand","embeddable":true,"href":"https:\/\/insektenliebe.com\/it\/wp-json\/wp\/v2\/product_brand?post=187807"},{"taxonomy":"product_cat","embeddable":true,"href":"https:\/\/insektenliebe.com\/it\/wp-json\/wp\/v2\/product_cat?post=187807"},{"taxonomy":"product_tag","embeddable":true,"href":"https:\/\/insektenliebe.com\/it\/wp-json\/wp\/v2\/product_tag?post=187807"},{"taxonomy":"lce-checkout-addons","embeddable":true,"href":"https:\/\/insektenliebe.com\/it\/wp-json\/wp\/v2\/lce-checkout-addons?post=187807"}],"curies":[{"name":"wp","href":"https:\/\/api.w.org\/{rel}","templated":true}]}}